{"id":109287,"date":"2026-03-26T21:09:19","date_gmt":"2026-03-26T21:09:19","guid":{"rendered":"https:\/\/monatglobal.com\/es\/?page_id=109287"},"modified":"2026-04-14T14:41:09","modified_gmt":"2026-04-14T13:41:09","slug":"europetogether2026","status":"publish","type":"page","link":"https:\/\/monatglobal.com\/es\/europetogether2026\/","title":{"rendered":"MIL\u00c1N, ITALIA | Teatro Nazionale\u00a0| Domingo, 13 de junio de 2026"},"content":{"rendered":"\n\n\t<style>\n    @import url('https:\/\/fonts.googleapis.com\/css2?family=Jost:ital,wght@0,100..900;1,100..900&display=swap');\n    .jost-500{\n      font-family: \"Jost\", sans-serif !important;\n      font-optical-sizing: auto;\n      font-weight: 500;\n      font-style: normal;\n    }\n    :root{\n        --burgundy: #5A1F2B;\n        --warm-gray: #F4F1EA;\n        --off-white: #F3F2F1;\n    }\n<\/style>\n<section>\n    <img decoding=\"async\" src=\"https:\/\/monatglobal.com\/wp-content\/uploads\/2026\/04\/Capa_1.svg\" alt=\"MONAT EUROPE TOGETHET EVENT MILAN LOGO\"\/>\n<\/section>\n<section id=\"intro_sec\">\n        <h2>MIL\u00c1N, ITALIA  <br \/> Teatro Nazionale <br \/>  S\u00e1bado, 13 de <br \/> junio de 2026<\/h2>\n                <ul>\n                  <li id=\"days\"><\/li>\n                  <li id=\"hours\"><\/li> \n                  <li id=\"minutes\"><\/li> \n                  <li id=\"seconds\"><\/li>\n                <\/ul> \n                <p>D\u00cdAS <\/p>\n                <p>HORAS <\/p>\n                <p>MINUTOS <\/p>\n                <p>SEGUNDOS<\/p>\n        <a href=\"https:\/\/www.eventbrite.co.uk\/e\/monat-europe-together-tickets-1982194063804?aff=oddtdtcreator\" target=\"_blank\">AP\u00daNTATE AHORA<\/a>\n            \n                            <img decoding=\"async\" src=\"https:\/\/monatglobal.com\/wp-content\/uploads\/2026\/03\/we-are-modern-nature-drop-logo-eu-together.svg\" alt=\"MONAT EUROPE TOGETHET EVENT MILAN LOGO\"\/>\n    <source media=\"(max-width: 700px)\" srcset=\"https:\/\/monatglobal.com\/uk\/wp-content\/uploads\/sites\/6\/2026\/04\/elebration-of-inspiration-recognition_mobile.jpg\n\" loading=\"lazy\"\/>\n      <img decoding=\"async\" src=\"https:\/\/monatglobal.com\/uk\/wp-content\/uploads\/sites\/6\/2026\/04\/elebration-of-inspiration-recognition.jpg\" alt=\"Three photos side by side: an ornate theater interior with red velvet seats, a glass-domed shopping gallery ceiling, and a sunlit Italian courtyard with warm-toned buildings.\"\/>\n     \n            <!--<img decoding=\"async\" src=\"https:\/\/monatglobal.com\/uk\/wp-content\/uploads\/sites\/6\/2026\/04\/elebration-of-inspiration-recognition.jpg\" alt=\"Three photos side by side: an ornate theater interior with red velvet seats, a glass-domed shopping gallery ceiling, and a sunlit Italian courtyard with warm-toned buildings.\"\/>-->\n        <p>\u00danete a tu familia MONAT de toda Europa en la hermosa ciudad de Mil\u00e1n para asistir a  MONAT Europe Together, la celebraci\u00f3n de la inspiraci\u00f3n, el reconocimiento y los momentos que impulsan nuestro camino y unen a nuestra&nbsp;comunidad.<\/p>\n        <a href=\"https:\/\/www.eventbrite.co.uk\/e\/monat-europe-together-tickets-1982194063804?aff=oddtdtcreator\" target=\"_blank\">AP\u00daNTATE AHORA<\/a>\n<\/section>\n<section id=\"ticket\">\n    <p>S\u00c1BADO, 13 DE JUNIO DE 2026<\/p>\n            <a>\n                    <img decoding=\"async\" src=\"https:\/\/monatglobal.com\/uk\/wp-content\/uploads\/sites\/6\/2026\/04\/general-admission-ticket-top.svg\" alt=\"Ticket pricing graphic over a grand theater background showing \"General Admission \u20ac59.00\"\"\/>\n                        <p>ENTRADAS DE ADMISI\u00d3N GENERAL  <\/p>\n                        <p>DISPONIBLES <\/p>\n                    <img decoding=\"async\" src=\"https:\/\/monatglobal.com\/uk\/wp-content\/uploads\/sites\/6\/2026\/04\/general-admission-ticket-bottom.svg\" alt=\"Ticket pricing graphic over a grand theater background showing \"PARTY Admission \u20ac49.00\"\"\/>\n                    <p>59.00 \u20ac<\/p>\n            <\/a>\n<a>\n                    <img decoding=\"async\" src=\"https:\/\/monatglobal.com\/uk\/wp-content\/uploads\/sites\/6\/2026\/04\/party-ticket-top.svg\" alt=\"\"\/>\n                        <p>ENTRADAS PARA LA FIESTA<\/p>\n                        <p>DISPONIBLES <\/p>\n                    <img decoding=\"async\" src=\"https:\/\/monatglobal.com\/uk\/wp-content\/uploads\/sites\/6\/2026\/04\/party-ticket-bottom.svg\" alt=\"\"\/>\n                    <p>45.00 \u20ac<\/p>\n            <\/a>\n        Termina:  1 de junio a las 23:59 en Canarias \/<br \/> 2 de junio a las 00:59 a.m. CET\n        <a href=\"https:\/\/www.eventbrite.co.uk\/e\/monat-europe-together-tickets-1982194063804?aff=oddtdtcreator\" target=\"_blank\">AP\u00daNTATE AHORA<\/a> \n    <p>MIL\u00c1N, ITALIA<\/p>\n<\/section>\n<section id=\"welcome_sec\">\n    <p>MIL\u00c1N, ITALIA<\/p>\n        <img decoding=\"async\" src=\"https:\/\/monatglobal.com\/uk\/wp-content\/uploads\/sites\/6\/2026\/04\/welcome-you-to-Casa-MONAT_Milan-1.jpg\" alt=\"picture Milan, including the Duomo cathedral\"\/>  \n        <img decoding=\"async\" src=\"https:\/\/monatglobal.com\/wp-content\/uploads\/2026\/03\/MONAT-EUROPE-TOGETHER-LOGO.svg\" alt=\"MONAT EUROPE TOGETHER LOGO\"\/>\n        <h2>Estamos  deseando   <br \/>darte la bienvenida   <br \/>a Casa  MONAT.<\/h2>\n            <img decoding=\"async\" src=\"https:\/\/monatglobal.com\/uk\/wp-content\/uploads\/sites\/6\/2026\/04\/welcome-you-to-Casa-MONAT_Milan-3.jpg\" alt=\"picture of glass-roofed gallery\"\/>\n            <img decoding=\"async\" src=\"https:\/\/monatglobal.com\/uk\/wp-content\/uploads\/sites\/6\/2026\/04\/welcome-you-to-Casa-MONAT_Milan-2.jpg\" alt=\"street scene with a tram near a historic arch\"\/>\n    <p>S\u00c1BADO, 13 DE JUNIO DE 2026<\/p>\n<\/section>\n<section id=\"\">\n           \n    <source media=\"(max-width: 700px)\" srcset=\"https:\/\/monatglobal.com\/uk\/wp-content\/uploads\/sites\/6\/2026\/04\/in-Lake-Como-MONAT-Europe-Together_mobile.jpg\" loading=\"lazy\"\/>\n     <img decoding=\"async\" src=\"https:\/\/monatglobal.com\/uk\/wp-content\/uploads\/sites\/6\/2026\/04\/in-Lake-Como-MONAT-Europe-Together.jpg\" alt=\"Scenic lakeside town with colorful buildings, a church with a bell tower, and tall cypress trees set against dramatic green mountains under a clear sky.\"\/>\n     \n    <!--<img decoding=\"async\" src=\"https:\/\/monatglobal.com\/uk\/wp-content\/uploads\/sites\/6\/2026\/04\/in-Lake-Como-MONAT-Europe-Together.jpg\" alt=\"Scenic lakeside town with colorful buildings, a church with a bell tower, and tall cypress trees set against dramatic green mountains under a clear sky.\"\/>-->\n            <p>  MIL\u00c1N, ITALIA | TEATRO NAZIONALE | S\u00c1BADO, 13 DE JUNIO DE 2026 |&nbsp;  MIL\u00c1N, ITALIA | TEATRO NAZIONALE | S\u00c1BADO, 13 DE JUNIO DE 2026 |&nbsp;  MIL\u00c1N, ITALIA | TEATRO NAZIONALE | S\u00c1BADO, 13 DE JUNIO DE 2026 |&nbsp;  MIL\u00c1N, ITALIA | TEATRO NAZIONALE | S\u00c1BADO, 13 DE JUNIO DE 2026 |&nbsp;<\/p>\n            <p>  MIL\u00c1N, ITALIA | TEATRO NAZIONALE | S\u00c1BADO, 13 DE JUNIO DE 2026 |&nbsp;  MIL\u00c1N, ITALIA | TEATRO NAZIONALE | S\u00c1BADO, 13 DE JUNIO DE 2026 |&nbsp;  MIL\u00c1N, ITALIA | TEATRO NAZIONALE | S\u00c1BADO, 13 DE JUNIO DE 2026 |&nbsp;  MIL\u00c1N, ITALIA | TEATRO NAZIONALE | S\u00c1BADO, 13 DE JUNIO DE 2026 |&nbsp;<\/p>\n            <p>  MIL\u00c1N, ITALIA | TEATRO NAZIONALE | S\u00c1BADO, 13 DE JUNIO DE 2026 |&nbsp;  MIL\u00c1N, ITALIA | TEATRO NAZIONALE | S\u00c1BADO, 13 DE JUNIO DE 2026 |&nbsp;  MIL\u00c1N, ITALIA | TEATRO NAZIONALE | S\u00c1BADO, 13 DE JUNIO DE 2026 |&nbsp;  MIL\u00c1N, ITALIA | TEATRO NAZIONALE | S\u00c1BADO, 13 DE JUNIO DE 2026 |&nbsp;<\/p>\n<\/section>\n<section>\n            <h2>Tu liderazgo  <br \/> se celebra  <br \/>en Italia <\/h2>\n            <p>Viernes, 12 de<br \/> junio de 2026<\/p>\n        <p>Nos preparamos para nuestro evento MONAT Europe Together y estamos encantados de invitar a los l\u00edderes europeos m\u00e1s constantes y comprometidos de Europa a MONAT Experiencia en Italia.<\/p>\n        <img decoding=\"async\" src=\"https:\/\/monatglobal.com\/uk\/wp-content\/uploads\/sites\/6\/2026\/04\/uniquely-Italian-celebration-of-leadership.jpg\" alt=\"Woman in a light floral dress standing barefoot on a stone edge, looking out over a calm turquoise lake with a historic stone bridge and lush greenery in the background.\"\/>\n            <p>Esta exclusiva experiencia, a la que solo se puede asistir por invitaci\u00f3n, tendr\u00e1 lugar en el Lago de Como y reunir\u00e1 a los l\u00edderes clasificados para disfrutar de una celebraci\u00f3n, con un toque claramente italiano, en la que se rendir\u00e1 homenaje al liderazgo, al impulso y a los negocios que est\u00e1is construyendo con MONAT.<\/p> \n            \n                <img decoding=\"async\" src=\"https:\/\/monatglobal.com\/wp-content\/uploads\/2026\/03\/we-are-modern-nature-drop-logo-eu-together.svg\" alt=\"MONAT EUROPE TOGETHET EVENT MILAN LOGO\"\/>\n            Las personas que consigan reunir los requisitos experimentar\u00e1n algo superior, con estilo y memorable. \n            <h2>Lidera con visi\u00f3n. <br \/>Mantente consistente. <br \/> Experimenta Italia.<\/h2>\n            <a href=\"https:\/\/monatglobal.com\/es\/wp-content\/uploads\/sites\/10\/2026\/04\/SP_Exclusive-Italian-Experience-Incentive-FAQs_032726_v4.pdf\" target=\"_blank\">M\u00c1S INFORMACI\u00d3N<\/a>\n<\/section>\n\n","protected":false},"excerpt":{"rendered":"<p>MIL\u00c1N, ITALIA Teatro Nazionale S\u00e1bado, 13 de junio de 2026 D\u00cdAS HORAS MINUTOS SEGUNDOS AP\u00daNTATE AHORA \u00danete a tu familia MONAT de toda Europa en la hermosa ciudad de Mil\u00e1n para asistir a MONAT Europe Together, la celebraci\u00f3n de la inspiraci\u00f3n, el reconocimiento y los momentos que impulsan nuestro camino y unen a nuestra&nbsp;comunidad. AP\u00daNTATE&hellip;<\/p>\n","protected":false},"author":47,"featured_media":109288,"parent":0,"menu_order":0,"comment_status":"closed","ping_status":"closed","template":"","meta":{"inline_featured_image":false,"om_disable_all_campaigns":false,"_monsterinsights_skip_tracking":false,"_monsterinsights_sitenote_active":false,"_monsterinsights_sitenote_note":"","_monsterinsights_sitenote_category":0,"footnotes":""},"categories":[],"tags":[],"class_list":["post-109287","page","type-page","status-publish","has-post-thumbnail","hentry"],"aioseo_notices":[],"aioseo_head":"\n\t\t<!-- All in One SEO Pro 4.9.6 - aioseo.com -->\n\t<meta name=\"description\" content=\"MIL\u00c1N, ITALIA Teatro Nazionale S\u00e1bado, 13 de junio de 2026 D\u00cdAS HORAS MINUTOS SEGUNDOS AP\u00daNTATE AHORA \u00danete a tu familia MONAT de toda Europa en la hermosa ciudad de Mil\u00e1n para asistir a MONAT Europe Together, la celebraci\u00f3n de la inspiraci\u00f3n, el reconocimiento y los momentos que impulsan nuestro camino y unen a nuestra comunidad. AP\u00daNTATE\" \/>\n\t<meta name=\"robots\" content=\"max-image-preview:large\" \/>\n\t<link rel=\"canonical\" href=\"https:\/\/monatglobal.com\/es\/europetogether2026\/\" \/>\n\t<meta name=\"generator\" content=\"All in One SEO Pro (AIOSEO) 4.9.6\" \/>\n\t\t<meta property=\"og:locale\" content=\"en_US\" \/>\n\t\t<meta property=\"og:site_name\" content=\"MONAT Espa\u00f1a - We Are Modern Nature\u00ae\" \/>\n\t\t<meta property=\"og:type\" content=\"website\" \/>\n\t\t<meta property=\"og:title\" content=\"MIL\u00c1N, ITALIA | Teatro Nazionale | Domingo, 13 de junio de 2026 - MONAT Espa\u00f1a\" \/>\n\t\t<meta property=\"og:description\" content=\"MIL\u00c1N, ITALIA Teatro Nazionale S\u00e1bado, 13 de junio de 2026 D\u00cdAS HORAS MINUTOS SEGUNDOS AP\u00daNTATE AHORA \u00danete a tu familia MONAT de toda Europa en la hermosa ciudad de Mil\u00e1n para asistir a MONAT Europe Together, la celebraci\u00f3n de la inspiraci\u00f3n, el reconocimiento y los momentos que impulsan nuestro camino y unen a nuestra comunidad. AP\u00daNTATE\" \/>\n\t\t<meta property=\"og:url\" content=\"https:\/\/monatglobal.com\/es\/europetogether2026\/\" \/>\n\t\t<meta name=\"twitter:card\" content=\"summary_large_image\" \/>\n\t\t<meta name=\"twitter:title\" content=\"MIL\u00c1N, ITALIA | Teatro Nazionale | Domingo, 13 de junio de 2026 - MONAT Espa\u00f1a\" \/>\n\t\t<meta name=\"twitter:description\" content=\"MIL\u00c1N, ITALIA Teatro Nazionale S\u00e1bado, 13 de junio de 2026 D\u00cdAS HORAS MINUTOS SEGUNDOS AP\u00daNTATE AHORA \u00danete a tu familia MONAT de toda Europa en la hermosa ciudad de Mil\u00e1n para asistir a MONAT Europe Together, la celebraci\u00f3n de la inspiraci\u00f3n, el reconocimiento y los momentos que impulsan nuestro camino y unen a nuestra comunidad. AP\u00daNTATE\" \/>\n\t\t<script type=\"application\/ld+json\" class=\"aioseo-schema\">\n\t\t\t{\"@context\":\"https:\\\/\\\/schema.org\",\"@graph\":[{\"@type\":\"BreadcrumbList\",\"@id\":\"https:\\\/\\\/monatglobal.com\\\/es\\\/europetogether2026\\\/#breadcrumblist\",\"itemListElement\":[{\"@type\":\"ListItem\",\"@id\":\"https:\\\/\\\/monatglobal.com\\\/es#listItem\",\"position\":1,\"name\":\"Home\",\"item\":\"https:\\\/\\\/monatglobal.com\\\/es\",\"nextItem\":{\"@type\":\"ListItem\",\"@id\":\"https:\\\/\\\/monatglobal.com\\\/es\\\/europetogether2026\\\/#listItem\",\"name\":\"MIL\\u00c1N, ITALIA | Teatro Nazionale\\u00a0| Domingo, 13 de junio de 2026\"}},{\"@type\":\"ListItem\",\"@id\":\"https:\\\/\\\/monatglobal.com\\\/es\\\/europetogether2026\\\/#listItem\",\"position\":2,\"name\":\"MIL\\u00c1N, ITALIA | Teatro Nazionale\\u00a0| Domingo, 13 de junio de 2026\",\"previousItem\":{\"@type\":\"ListItem\",\"@id\":\"https:\\\/\\\/monatglobal.com\\\/es#listItem\",\"name\":\"Home\"}}]},{\"@type\":\"Organization\",\"@id\":\"https:\\\/\\\/monatglobal.com\\\/es\\\/#organization\",\"name\":\"MONAT Espa\\u00f1a\",\"description\":\"We Are Modern Nature\\u00ae\",\"url\":\"https:\\\/\\\/monatglobal.com\\\/es\\\/\"},{\"@type\":\"WebPage\",\"@id\":\"https:\\\/\\\/monatglobal.com\\\/es\\\/europetogether2026\\\/#webpage\",\"url\":\"https:\\\/\\\/monatglobal.com\\\/es\\\/europetogether2026\\\/\",\"name\":\"MIL\\u00c1N, ITALIA | Teatro Nazionale | Domingo, 13 de junio de 2026 - MONAT Espa\\u00f1a\",\"description\":\"MIL\\u00c1N, ITALIA Teatro Nazionale S\\u00e1bado, 13 de junio de 2026 D\\u00cdAS HORAS MINUTOS SEGUNDOS AP\\u00daNTATE AHORA \\u00danete a tu familia MONAT de toda Europa en la hermosa ciudad de Mil\\u00e1n para asistir a MONAT Europe Together, la celebraci\\u00f3n de la inspiraci\\u00f3n, el reconocimiento y los momentos que impulsan nuestro camino y unen a nuestra comunidad. AP\\u00daNTATE\",\"inLanguage\":\"en-US\",\"isPartOf\":{\"@id\":\"https:\\\/\\\/monatglobal.com\\\/es\\\/#website\"},\"breadcrumb\":{\"@id\":\"https:\\\/\\\/monatglobal.com\\\/es\\\/europetogether2026\\\/#breadcrumblist\"},\"image\":{\"@type\":\"ImageObject\",\"url\":\"https:\\\/\\\/monatglobal.com\\\/es\\\/wp-content\\\/uploads\\\/sites\\\/10\\\/2026\\\/03\\\/EuropeTogether2026_featured-image-eu.jpg\",\"@id\":\"https:\\\/\\\/monatglobal.com\\\/es\\\/europetogether2026\\\/#mainImage\",\"width\":1200,\"height\":628},\"primaryImageOfPage\":{\"@id\":\"https:\\\/\\\/monatglobal.com\\\/es\\\/europetogether2026\\\/#mainImage\"},\"datePublished\":\"2026-03-26T21:09:19+00:00\",\"dateModified\":\"2026-04-14T14:41:09+01:00\"},{\"@type\":\"WebSite\",\"@id\":\"https:\\\/\\\/monatglobal.com\\\/es\\\/#website\",\"url\":\"https:\\\/\\\/monatglobal.com\\\/es\\\/\",\"name\":\"MONAT Espa\\u00f1a\",\"description\":\"We Are Modern Nature\\u00ae\",\"inLanguage\":\"en-US\",\"publisher\":{\"@id\":\"https:\\\/\\\/monatglobal.com\\\/es\\\/#organization\"}}]}\n\t\t<\/script>\n\t\t<!-- All in One SEO Pro -->\r\n\t\t<title>MIL\u00c1N, ITALIA | Teatro Nazionale | Domingo, 13 de junio de 2026 - MONAT Espa\u00f1a<\/title>\n\n","aioseo_head_json":{"title":"MIL\u00c1N, ITALIA | Teatro Nazionale | Domingo, 13 de junio de 2026 - MONAT Espa\u00f1a","description":"MIL\u00c1N, ITALIA Teatro Nazionale S\u00e1bado, 13 de junio de 2026 D\u00cdAS HORAS MINUTOS SEGUNDOS AP\u00daNTATE AHORA \u00danete a tu familia MONAT de toda Europa en la hermosa ciudad de Mil\u00e1n para asistir a MONAT Europe Together, la celebraci\u00f3n de la inspiraci\u00f3n, el reconocimiento y los momentos que impulsan nuestro camino y unen a nuestra comunidad. AP\u00daNTATE","canonical_url":"https:\/\/monatglobal.com\/es\/europetogether2026\/","robots":"max-image-preview:large","keywords":"","webmasterTools":{"miscellaneous":""},"schema":{"@context":"https:\/\/schema.org","@graph":[{"@type":"BreadcrumbList","@id":"https:\/\/monatglobal.com\/es\/europetogether2026\/#breadcrumblist","itemListElement":[{"@type":"ListItem","@id":"https:\/\/monatglobal.com\/es#listItem","position":1,"name":"Home","item":"https:\/\/monatglobal.com\/es","nextItem":{"@type":"ListItem","@id":"https:\/\/monatglobal.com\/es\/europetogether2026\/#listItem","name":"MIL\u00c1N, ITALIA | Teatro Nazionale\u00a0| Domingo, 13 de junio de 2026"}},{"@type":"ListItem","@id":"https:\/\/monatglobal.com\/es\/europetogether2026\/#listItem","position":2,"name":"MIL\u00c1N, ITALIA | Teatro Nazionale\u00a0| Domingo, 13 de junio de 2026","previousItem":{"@type":"ListItem","@id":"https:\/\/monatglobal.com\/es#listItem","name":"Home"}}]},{"@type":"Organization","@id":"https:\/\/monatglobal.com\/es\/#organization","name":"MONAT Espa\u00f1a","description":"We Are Modern Nature\u00ae","url":"https:\/\/monatglobal.com\/es\/"},{"@type":"WebPage","@id":"https:\/\/monatglobal.com\/es\/europetogether2026\/#webpage","url":"https:\/\/monatglobal.com\/es\/europetogether2026\/","name":"MIL\u00c1N, ITALIA | Teatro Nazionale | Domingo, 13 de junio de 2026 - MONAT Espa\u00f1a","description":"MIL\u00c1N, ITALIA Teatro Nazionale S\u00e1bado, 13 de junio de 2026 D\u00cdAS HORAS MINUTOS SEGUNDOS AP\u00daNTATE AHORA \u00danete a tu familia MONAT de toda Europa en la hermosa ciudad de Mil\u00e1n para asistir a MONAT Europe Together, la celebraci\u00f3n de la inspiraci\u00f3n, el reconocimiento y los momentos que impulsan nuestro camino y unen a nuestra comunidad. AP\u00daNTATE","inLanguage":"en-US","isPartOf":{"@id":"https:\/\/monatglobal.com\/es\/#website"},"breadcrumb":{"@id":"https:\/\/monatglobal.com\/es\/europetogether2026\/#breadcrumblist"},"image":{"@type":"ImageObject","url":"https:\/\/monatglobal.com\/es\/wp-content\/uploads\/sites\/10\/2026\/03\/EuropeTogether2026_featured-image-eu.jpg","@id":"https:\/\/monatglobal.com\/es\/europetogether2026\/#mainImage","width":1200,"height":628},"primaryImageOfPage":{"@id":"https:\/\/monatglobal.com\/es\/europetogether2026\/#mainImage"},"datePublished":"2026-03-26T21:09:19+00:00","dateModified":"2026-04-14T14:41:09+01:00"},{"@type":"WebSite","@id":"https:\/\/monatglobal.com\/es\/#website","url":"https:\/\/monatglobal.com\/es\/","name":"MONAT Espa\u00f1a","description":"We Are Modern Nature\u00ae","inLanguage":"en-US","publisher":{"@id":"https:\/\/monatglobal.com\/es\/#organization"}}]},"og:locale":"en_US","og:site_name":"MONAT Espa\u00f1a - We Are Modern Nature\u00ae","og:type":"website","og:title":"MIL\u00c1N, ITALIA | Teatro Nazionale | Domingo, 13 de junio de 2026 - MONAT Espa\u00f1a","og:description":"MIL\u00c1N, ITALIA Teatro Nazionale S\u00e1bado, 13 de junio de 2026 D\u00cdAS HORAS MINUTOS SEGUNDOS AP\u00daNTATE AHORA \u00danete a tu familia MONAT de toda Europa en la hermosa ciudad de Mil\u00e1n para asistir a MONAT Europe Together, la celebraci\u00f3n de la inspiraci\u00f3n, el reconocimiento y los momentos que impulsan nuestro camino y unen a nuestra comunidad. AP\u00daNTATE","og:url":"https:\/\/monatglobal.com\/es\/europetogether2026\/","twitter:card":"summary_large_image","twitter:title":"MIL\u00c1N, ITALIA | Teatro Nazionale | Domingo, 13 de junio de 2026 - MONAT Espa\u00f1a","twitter:description":"MIL\u00c1N, ITALIA Teatro Nazionale S\u00e1bado, 13 de junio de 2026 D\u00cdAS HORAS MINUTOS SEGUNDOS AP\u00daNTATE AHORA \u00danete a tu familia MONAT de toda Europa en la hermosa ciudad de Mil\u00e1n para asistir a MONAT Europe Together, la celebraci\u00f3n de la inspiraci\u00f3n, el reconocimiento y los momentos que impulsan nuestro camino y unen a nuestra comunidad. AP\u00daNTATE"},"aioseo_meta_data":{"post_id":"109287","title":null,"description":null,"keywords":null,"keyphrases":{"focus":{"keyphrase":"","score":0,"analysis":{"keyphraseInTitle":{"score":0,"maxScore":9,"error":1}}},"additional":[]},"primary_term":null,"canonical_url":null,"og_title":null,"og_description":null,"og_object_type":"website","og_image_type":"default","og_image_url":null,"og_image_width":null,"og_image_height":null,"og_image_custom_url":null,"og_image_custom_fields":null,"og_video":"","og_custom_url":null,"og_article_section":null,"og_article_tags":null,"twitter_use_og":false,"twitter_card":"default","twitter_image_type":"default","twitter_image_url":null,"twitter_image_custom_url":null,"twitter_image_custom_fields":null,"twitter_title":null,"twitter_description":null,"schema":{"blockGraphs":[],"customGraphs":[],"default":{"data":{"Article":[],"Course":[],"Dataset":[],"FAQPage":[],"Movie":[],"Person":[],"Product":[],"ProductReview":[],"Car":[],"Recipe":[],"Service":[],"SoftwareApplication":[],"WebPage":[]},"graphName":"WebPage","isEnabled":true},"graphs":[]},"schema_type":"default","schema_type_options":null,"pillar_content":false,"robots_default":true,"robots_noindex":false,"robots_noarchive":false,"robots_nosnippet":false,"robots_nofollow":false,"robots_noimageindex":false,"robots_noodp":false,"robots_notranslate":false,"robots_max_snippet":"-1","robots_max_videopreview":"-1","robots_max_imagepreview":"large","priority":null,"frequency":"default","local_seo":null,"seo_analyzer_scan_date":"2026-04-14 17:32:04","limit_modified_date":false,"reviewed_by":"0","open_ai":null,"ai":{"faqs":[],"keyPoints":[],"titles":[],"descriptions":[],"socialPosts":{"email":[],"linkedin":[],"twitter":[],"facebook":[],"instagram":[]}},"created":"2026-03-26 20:02:42","updated":"2026-04-14 17:32:04"},"aioseo_breadcrumb":"<div class=\"aioseo-breadcrumbs\"><span class=\"aioseo-breadcrumb\">\n\t<a href=\"https:\/\/monatglobal.com\/es\" title=\"Home\">Home<\/a>\n<\/span><span class=\"aioseo-breadcrumb-separator\">&raquo;<\/span><span class=\"aioseo-breadcrumb\">\n\tMIL\u00c1N, ITALIA | Teatro Nazionale | Domingo, 13 de junio de 2026\n<\/span><\/div>","aioseo_breadcrumb_json":[{"label":"Home","link":"https:\/\/monatglobal.com\/es"},{"label":"MIL\u00c1N, ITALIA | Teatro Nazionale\u00a0| Domingo, 13 de junio de 2026","link":"https:\/\/monatglobal.com\/es\/europetogether2026\/"}],"_links":{"self":[{"href":"https:\/\/monatglobal.com\/es\/wp-json\/wp\/v2\/pages\/109287","targetHints":{"allow":["GET"]}}],"collection":[{"href":"https:\/\/monatglobal.com\/es\/wp-json\/wp\/v2\/pages"}],"about":[{"href":"https:\/\/monatglobal.com\/es\/wp-json\/wp\/v2\/types\/page"}],"author":[{"embeddable":true,"href":"https:\/\/monatglobal.com\/es\/wp-json\/wp\/v2\/users\/47"}],"replies":[{"embeddable":true,"href":"https:\/\/monatglobal.com\/es\/wp-json\/wp\/v2\/comments?post=109287"}],"version-history":[{"count":7,"href":"https:\/\/monatglobal.com\/es\/wp-json\/wp\/v2\/pages\/109287\/revisions"}],"predecessor-version":[{"id":109336,"href":"https:\/\/monatglobal.com\/es\/wp-json\/wp\/v2\/pages\/109287\/revisions\/109336"}],"wp:featuredmedia":[{"embeddable":true,"href":"https:\/\/monatglobal.com\/es\/wp-json\/wp\/v2\/media\/109288"}],"wp:attachment":[{"href":"https:\/\/monatglobal.com\/es\/wp-json\/wp\/v2\/media?parent=109287"}],"wp:term":[{"taxonomy":"category","embeddable":true,"href":"https:\/\/monatglobal.com\/es\/wp-json\/wp\/v2\/categories?post=109287"},{"taxonomy":"post_tag","embeddable":true,"href":"https:\/\/monatglobal.com\/es\/wp-json\/wp\/v2\/tags?post=109287"}],"curies":[{"name":"wp","href":"https:\/\/api.w.org\/{rel}","templated":true}]}}