{"id":108715,"date":"2025-11-19T17:56:15","date_gmt":"2025-11-19T17:56:15","guid":{"rendered":"https:\/\/monatglobal.com\/es\/?page_id=108715"},"modified":"2026-02-23T17:15:51","modified_gmt":"2026-02-23T17:15:51","slug":"barrier-booster-cleanser","status":"publish","type":"page","link":"https:\/\/monatglobal.com\/es\/barrier-booster-cleanser\/","title":{"rendered":"MONAT Barrier Booster\u2122 Limpiador hidratante refrescante &#8211; Hidrata la piel"},"content":{"rendered":"\n<!--page title: MONAT Barrier Booster\u2122 Limpiador hidratante refrescante - Hidrata la piel-->\n<!--meta: Limpia suavemente con MONAT Barrier Booster\u2122  Limpiador hidratante refrescante. Hidrata y fortalece la barrera de tu piel para lograr una apariencia suave y luminosa con efecto cristal.-->\n<link rel=\"stylesheet\" href=\"https:\/\/monatglobal.com\/wp-content\/creative_css\/product_styles_sheet.css\">\n   <!--==================================================== ECOMM SECTION ====================================================-->\n       NUEVO\n      <!--==================================================== Ecomm image ====================================================-->\n                <!--Ecomm Image-->\n              <img decoding=\"async\" alt=\"MONAT Barrier Booster Refresh Cleanser tube \" src=\"https:\/\/monatglobal.com\/wp-content\/uploads\/2025\/10\/MONAT-Barrier-Booster-HYDRA-REFRESH-CLEANSER-ecomm-min.png\" loading=\"lazy\">\n              <!--Ecomm Image-->\n            <!--before and after front-->\n              <img decoding=\"async\" alt=\"woman with radiant skin applying cleanser to her face with both hands\" src=\"https:\/\/monatglobal.com\/wp-content\/uploads\/2025\/10\/MONAT-Barrier-Booster-HYDRA-REFRESH-CLEANSER-thumbnail-model-close-up-min.jpg\" loading=\"lazy\">\n              \n            <!--before and after front-->\n            <!--before and after back-->\n              <img decoding=\"async\" alt=\"MONAT Barrier Booster Hydra Refresh Cleanser tube artistically placed in the middle of a sliced pineapple\" src=\"https:\/\/monatglobal.com\/wp-content\/uploads\/2025\/10\/MONAT-Barrier-Booster-HYDRA-REFRESH-CLEANSER-pinapple-thumbnail-min.jpg\" loading=\"lazy\">\n              \n            <!--before and after back-->\n              <img decoding=\"async\" alt=\"Smiling Asian woman with radiant, glowing skin holding MONAT Barrier Booster Hydra Refresh Cleanser tube, showcasing healthy complexion against soft pink background\" src=\"https:\/\/monatglobal.com\/wp-content\/uploads\/2025\/10\/MONAT-Barrier-Booster-HYDRA-REFRESH-CLEANSER-video-thumbnail-model-close-up-min.jpg\" loading=\"lazy\">\n                      <!--Ecomm Image-->\n                    <img decoding=\"async\" alt=\"MONAT Barrier Booster Refresh Cleanser tube \" src=\"https:\/\/monatglobal.com\/wp-content\/uploads\/2025\/10\/MONAT-Barrier-Booster-HYDRA-REFRESH-CLEANSER-ecomm-min.png\" data-lbxp=\"\" loading=\"lazy\">\n                    <!--Ecomm Image-->\n                  <!--before and after front-->\n                    <img decoding=\"async\" alt=\"woman with radiant skin applying cleanser to her face with both hands\" src=\"https:\/\/monatglobal.com\/wp-content\/uploads\/2025\/10\/MONAT-Barrier-Booster-HYDRA-REFRESH-CLEANSER-thumbnail-model-close-up-min.jpg\" data-lbxp=\"\" loading=\"lazy\">\n                  <!--before and after front-->\n                  <!--before and after back-->\n                    <img decoding=\"async\" alt=\"MONAT Barrier Booster Hydra Refresh Cleanser tube artistically placed in the middle of a sliced pineapple\" src=\"https:\/\/monatglobal.com\/wp-content\/uploads\/2025\/10\/MONAT-Barrier-Booster-HYDRA-REFRESH-CLEANSER-pinapple-thumbnail-min.jpg\" data-lbxp=\"\" loading=\"lazy\">\n                  <!--before and after back-->\n                    <img decoding=\"async\" alt=\"Smiling Asian woman with radiant, glowing skin holding MONAT Barrier Booster Hydra Refresh Cleanser tube, showcasing healthy complexion against soft pink background\" src=\"https:\/\/monatglobal.com\/wp-content\/uploads\/2025\/10\/MONAT-Barrier-Booster-HYDRA-REFRESH-CLEANSER-video-thumbnail-model-close-up-min.jpg\" loading=\"lazy\">\n      <!--==================================================== Ecomm information  ====================================================-->\n         \n         NUEVO\n         <p>MONAT<\/p>\n         <h1>Barrier Booster\u2122 <br> Limpiador hidratante refrescante<\/h1> \n         <p>Limpia suavemente a la vez que proporciona hidrataci\u00f3n de larga duraci\u00f3n* para favorecer una barrera cut\u00e1nea saludable.**<\/p> \n         *Basado en un estudio de consumidores de 28 d\u00edas con 45 participantes, utilizando una rutina (limpiador, t\u00f3nico, s\u00e9rum e hidratante), realizado por un laboratorio externo.<br>\n          **Basado en un estudio de consumidores de 28 d\u00edas con 45 participantes, realizado por un laboratorio externo.\n         <p>150 ml e 5 fl. oz.<\/p> \n      <!--==================================================== pricing box  ====================================================-->   \n               <p>Precio cliente<br>00.00 \u20ac<\/p>\n               <p>Precio cliente VIP<br>00.00 \u20ac<\/p>\n      <!--==================================================== pricing box  ====================================================-->     \n         <p>Para conocer m\u00e1s sobre MONAT Barrier Booster\u2122 Limpiador hidratante refrescante, ponte en contacto con tu Market Partner de&nbsp;MONAT. <\/p>\n          <a href=\"\" target=\"_blank\" role=\"button\" aria-label=\"\" rel=\"noopener\"><\/a>\n   <!--==================================================== \/ECOMM SECTION  ====================================================--> \n   <!--==================================================== Benefits image ====================================================-->\n  \n    <source media=\"(max-width: 700px)\" srcset=\"https:\/\/monatglobal.com\/wp-content\/uploads\/2025\/10\/MONAT-Barrier-Booster-HYDRA-REFRESH-CLEANSER-benefits-mobile-min.jpg\" loading=\"lazy\">\n      <img decoding=\"async\" src=\"https:\/\/monatglobal.com\/wp-content\/uploads\/2025\/10\/MONAT-Barrier-Booster-HYDRA-REFRESH-CLEANSER-benefits-desktop-min.jpg\" alt=\"Asian woman with radiant skin applying cleanser to her face with both hands, smiling with eyes closed against pink background\" loading=\"lazy\">\n    \n   <!--==================================================== Benefits text ====================================================-->\n         <h2>BENEFICIOS<\/h2>\n         <h3>La barrera de la piel es tu escolta. Cuando se debilita por los factores de estr\u00e9s diarios, puede provocar sequedad, poros obstruidos y sensibilidad.<\/h3> \n         <p><strong>MONAT Barrier Booster\u2122 Limpiador hidratante refrescante<\/strong> est\u00e1 formulado para fortalecer, hidratar y apoyar la barrera natural de la piel para que puedas lucir una piel radiante con total confianza. El 100 % de los participantes coincidi\u00f3 en que deja la piel con una sensaci\u00f3n de limpieza y luminosidad.*<\/p>\n         <p>*Basado en un estudio de consumidores de 28 d\u00edas con 45 participantes, realizado por un laboratorio externo.<\/p>\n         <!--==================================================== features image  ====================================================-->\n         <img decoding=\"async\" alt=\"MONAT Barrier Booster cleanser tube next to round pink compact mirror on beige textured surface\" src=\"https:\/\/monatglobal.com\/wp-content\/uploads\/2025\/10\/MONAT-Barrier-Booster-HYDRA-REFRESH-CLEANSER-featured-min.jpg\" loading=\"lazy\">\n      <!--==================================================== features text ====================================================-->\n            <h3>Caracter\u00edsticas<\/h3>  \n               <p>\/ Tiene un 93 % de ingredientes de base natural<\/p>\n               <p>\/ Fortalece la barrera cut\u00e1nea*<\/p>\n               <p>\/ Elimina el exceso de grasa, las impurezas y la suciedad de la piel <\/p>\n               <p>\/ Proporciona hidrataci\u00f3n duradera** para suavizar y alisar la piel*<\/p>\n               <p>\/ Apto para todo tipo de piel, incluso las sensibles<\/p>\n            <p> *Basado en un estudio de consumidores de 28 d\u00edas con 45 participantes, realizado por un laboratorio independiente. <br><br>**Basado en un estudio de consumidores de 28 d\u00edas con 45 participantes que usaron el producto como parte de una rutina (limpiador, t\u00f3nico, suero e hidratante), realizado por un laboratorio  externo.<\/p>\n<br>\n            <p>Fragancia \/ Sin fragancia <\/p>\n            <p> Textura \/ Gel ligero<\/p> \n   <!--==================================================== composition image mobile ====================================================-->\n   <img decoding=\"async\" alt=\"cleanser texture - one on beige surface and one held by hand against pink background\" src=\"https:\/\/monatglobal.com\/wp-content\/uploads\/2025\/10\/MONAT-Barrier-Booster-HYDRA-REFRESH-CLEANSER-standalone-min.jpg\" loading=\"lazy\">\n   <!--==================================================== Why it works text ====================================================-->\n      <h2>Protecci\u00f3n potenciada con p\u00e9ptidos para una piel de apariencia cristalina<\/h2>\n      <h3>Formulado con ingredientes cl\u00ednicamente probados, como los p\u00e9ptidos y las ceramidas, este suave limpiador cuida la piel, fortalece la barrera cut\u00e1nea* y deja la piel m\u00e1s suave y tersa* a la vez que elimina las impurezas diarias.<\/h3>\n      <p> *Basado en un estudio de consumidores de 28 d\u00edas con 45 participantes, realizado por un laboratorio externo.<\/p>\n<!--==================================================== Composition section ====================================================-->\n      <img decoding=\"async\" alt=\"cleanser texture - one on beige surface and one held by hand against pink background\" src=\"https:\/\/monatglobal.com\/wp-content\/uploads\/2025\/10\/MONAT-Barrier-Booster-HYDRA-REFRESH-CLEANSER-standalone-min.jpg\" loading=\"lazy\">\n      <img decoding=\"async\" alt=\"Smiling model with glowing skin holding A MONAT Barrier Booster Refresh Cleanser tube \" src=\"https:\/\/monatglobal.com\/wp-content\/uploads\/2025\/10\/MONAT-Barrier-Booster-HYDRA-REFRESH-CLEANSER-composition-model-min.jpg\" loading=\"lazy\">\n            <!--==================================================== Directions text ====================================================--> \n               <h3>Modo de uso<\/h3>\n                    <p>\/ Aplicar por la ma\u00f1ana y por la noche una peque\u00f1a cantidad a la piel h\u00fameda.<\/p>\n                    <p>\/ Masajear suavemente sobre la cara y aclarar con agua tibia.<\/p>\n                    <p>\/ Seguir con la rutina de cuidado de la piel de MONAT. <\/p>\n            <!--==================================================== Directions video ====================================================-->\n        <p>MONAT Barrier Booster\u2122 <br> Limpiador hidratante refrescante<br><\/p> \n      <a href=\"\" target=\"_blank\" role=\"button\" aria-label=\"\" rel=\"noopener\"><\/a>\n   <!--==================================================== Ingredients section  ====================================================-->\n      <h2>INGREDIENTES CLAVE<\/h2>\n          <img decoding=\"async\" src=\"https:\/\/monatglobal.com\/wp-content\/uploads\/2025\/08\/Pineapple-Fruit-Crown.svg\" alt=\"icon of Zinc Oxide\"> \n      <p>Corona de pi\u00f1a<\/p>\n              <img decoding=\"async\" src=\"https:\/\/monatglobal.com\/wp-content\/uploads\/2025\/08\/Centella-Asiatica-Extract.svg\" alt=\"icon of Centella Asiatica Extract\">\n      <p>Extracto de centella asi\u00e1tica<\/p>\n           <img decoding=\"async\" src=\"https:\/\/monatglobal.com\/wp-content\/uploads\/2025\/08\/Peptide-Blend.svg\" alt=\"icon of Vitamin E\">\n      <p>Mezcla de p\u00e9ptidos<\/p>\n            <img decoding=\"async\" src=\"https:\/\/monatglobal.com\/wp-content\/uploads\/2025\/08\/Rice-Bran-Extract-1.svg\" alt=\"icon of Rice Bran Extract\"> \n      <p>Extracto de salvado de arroz<\/p>\n        <button id=\"myBtn\" type=\"button\">VER LA LISTA DE INGREDIENTES COMPLETA<\/button>\n      <!--==================================================== Modal content  ====================================================-->\n         \u00d7\n         <p>Aqua\/Water\/Eau, Propanediol, Coco-Caprylate\/Caprate, Glycerin, Squalane, Ceramide NP, Ceramide AP, Ceramide EOP, Tripeptide-29, Hexapeptide-11, Lactobacillus Ferment, Sodium Hydroxide, Saccharomyces\/Hydrolyzed Pineapple Fruit Crown Extract Ferment Filtrate, Xanthan Gum, Sorbitan Isostearate, 1,2-Hexanediol, Hydroxyacetophenone, Polyglyceryl-10 Stearate, Triethyl Citrate, Polyglyceryl-6 Behenate, Phytosphingosine, Cholesterol, Behenic Acid, Cetearyl Alcohol, Glyceryl Stearate, Sodium Levulinate, Citric Acid, Acrylates\/C10-30 Alkyl Acrylate Crosspolymer, Hydroxyethyl Acrylate\/Sodium Acryloyldimethyl Taurate Copolymer, Butylene Glycol, Caprylyl Glycol, Pentylene Glycol, Ethylhexylglycerin, Chlorphenesin.<\/p>\n   <!--==================================================== You might also like section ====================================================-->\n      <h2>PUEDE QUE TAMBI\u00c9N TE GUSTE<\/h2>\n      <!--==================================================== Slider YOU MIGHT ALSO LIKE ====================================================-->\n         <!--==================================================== If we need navigation buttons  ====================================================-->\n         <!--==================================================== If we need paginations  ====================================================-->\n    <a href=\"\" aria-label=\"\"><\/a>\n","protected":false},"excerpt":{"rendered":"<p>NUEVO NUEVO MONAT Barrier Booster\u2122 Limpiador hidratante refrescante Limpia suavemente a la vez que proporciona hidrataci\u00f3n de larga duraci\u00f3n* para favorecer una barrera cut\u00e1nea saludable.** *Basado en un estudio de consumidores de 28 d\u00edas con 45 participantes, utilizando una rutina (limpiador, t\u00f3nico, s\u00e9rum e hidratante), realizado por un laboratorio externo. **Basado en un estudio de&hellip;<\/p>\n","protected":false},"author":57,"featured_media":108716,"parent":0,"menu_order":0,"comment_status":"closed","ping_status":"closed","template":"","meta":{"inline_featured_image":false,"om_disable_all_campaigns":false,"_monsterinsights_skip_tracking":false,"_monsterinsights_sitenote_active":false,"_monsterinsights_sitenote_note":"","_monsterinsights_sitenote_category":0,"footnotes":""},"categories":[31],"tags":[],"class_list":["post-108715","page","type-page","status-publish","has-post-thumbnail","hentry","category-product-es"],"aioseo_notices":[],"aioseo_head":"\n\t\t<!-- All in One SEO Pro 4.9.6 - aioseo.com -->\n\t<meta name=\"description\" content=\"Limpia suavemente con MONAT Barrier Booster\u2122 Limpiador hidratante refrescante. Hidrata y fortalece la barrera de tu piel para lograr una apariencia suave y luminosa con efecto cristal.\" \/>\n\t<meta name=\"robots\" content=\"max-image-preview:large\" \/>\n\t<link rel=\"canonical\" href=\"https:\/\/monatglobal.com\/es\/barrier-booster-cleanser\/\" \/>\n\t<meta name=\"generator\" content=\"All in One SEO Pro (AIOSEO) 4.9.6\" \/>\n\t\t<meta property=\"og:locale\" content=\"en_US\" \/>\n\t\t<meta property=\"og:site_name\" content=\"MONAT Espa\u00f1a - We Are Modern Nature\u00ae\" \/>\n\t\t<meta property=\"og:type\" content=\"article\" \/>\n\t\t<meta property=\"og:title\" content=\"MONAT Barrier Booster\u2122 Limpiador hidratante refrescante - Hidrata la piel\" \/>\n\t\t<meta property=\"og:description\" content=\"Limpia suavemente con MONAT Barrier Booster\u2122 Limpiador hidratante refrescante. Hidrata y fortalece la barrera de tu piel para lograr una apariencia suave y luminosa con efecto cristal.\" \/>\n\t\t<meta property=\"og:url\" content=\"https:\/\/monatglobal.com\/es\/barrier-booster-cleanser\/\" \/>\n\t\t<meta property=\"article:published_time\" content=\"2025-11-19T17:56:15+00:00\" \/>\n\t\t<meta property=\"article:modified_time\" content=\"2026-02-23T17:15:51+00:00\" \/>\n\t\t<meta name=\"twitter:card\" content=\"summary_large_image\" \/>\n\t\t<meta name=\"twitter:title\" content=\"MONAT Barrier Booster\u2122 Limpiador hidratante refrescante - Hidrata la piel\" \/>\n\t\t<meta name=\"twitter:description\" content=\"Limpia suavemente con MONAT Barrier Booster\u2122 Limpiador hidratante refrescante. Hidrata y fortalece la barrera de tu piel para lograr una apariencia suave y luminosa con efecto cristal.\" \/>\n\t\t<script type=\"application\/ld+json\" class=\"aioseo-schema\">\n\t\t\t{\"@context\":\"https:\\\/\\\/schema.org\",\"@graph\":[{\"@type\":\"BreadcrumbList\",\"@id\":\"https:\\\/\\\/monatglobal.com\\\/es\\\/barrier-booster-cleanser\\\/#breadcrumblist\",\"itemListElement\":[{\"@type\":\"ListItem\",\"@id\":\"https:\\\/\\\/monatglobal.com\\\/es#listItem\",\"position\":1,\"name\":\"Home\",\"item\":\"https:\\\/\\\/monatglobal.com\\\/es\",\"nextItem\":{\"@type\":\"ListItem\",\"@id\":\"https:\\\/\\\/monatglobal.com\\\/es\\\/barrier-booster-cleanser\\\/#listItem\",\"name\":\"MONAT Barrier Booster\\u2122 Limpiador hidratante refrescante &#8211; Hidrata la piel\"}},{\"@type\":\"ListItem\",\"@id\":\"https:\\\/\\\/monatglobal.com\\\/es\\\/barrier-booster-cleanser\\\/#listItem\",\"position\":2,\"name\":\"MONAT Barrier Booster\\u2122 Limpiador hidratante refrescante &#8211; Hidrata la piel\",\"previousItem\":{\"@type\":\"ListItem\",\"@id\":\"https:\\\/\\\/monatglobal.com\\\/es#listItem\",\"name\":\"Home\"}}]},{\"@type\":\"Organization\",\"@id\":\"https:\\\/\\\/monatglobal.com\\\/es\\\/#organization\",\"name\":\"MONAT Espa\\u00f1a\",\"description\":\"We Are Modern Nature\\u00ae\",\"url\":\"https:\\\/\\\/monatglobal.com\\\/es\\\/\"},{\"@type\":\"WebPage\",\"@id\":\"https:\\\/\\\/monatglobal.com\\\/es\\\/barrier-booster-cleanser\\\/#webpage\",\"url\":\"https:\\\/\\\/monatglobal.com\\\/es\\\/barrier-booster-cleanser\\\/\",\"name\":\"MONAT Barrier Booster\\u2122 Limpiador hidratante refrescante - Hidrata la piel\",\"description\":\"Limpia suavemente con MONAT Barrier Booster\\u2122 Limpiador hidratante refrescante. Hidrata y fortalece la barrera de tu piel para lograr una apariencia suave y luminosa con efecto cristal.\",\"inLanguage\":\"en-US\",\"isPartOf\":{\"@id\":\"https:\\\/\\\/monatglobal.com\\\/es\\\/#website\"},\"breadcrumb\":{\"@id\":\"https:\\\/\\\/monatglobal.com\\\/es\\\/barrier-booster-cleanser\\\/#breadcrumblist\"},\"image\":{\"@type\":\"ImageObject\",\"url\":\"https:\\\/\\\/monatglobal.com\\\/es\\\/wp-content\\\/uploads\\\/sites\\\/10\\\/2025\\\/11\\\/MONAT-Barrier-Booster-HYDRA-REFRESH-CLEANSER-ecomm-min.png\",\"@id\":\"https:\\\/\\\/monatglobal.com\\\/es\\\/barrier-booster-cleanser\\\/#mainImage\",\"width\":641,\"height\":800},\"primaryImageOfPage\":{\"@id\":\"https:\\\/\\\/monatglobal.com\\\/es\\\/barrier-booster-cleanser\\\/#mainImage\"},\"datePublished\":\"2025-11-19T17:56:15+00:00\",\"dateModified\":\"2026-02-23T17:15:51+00:00\"},{\"@type\":\"WebSite\",\"@id\":\"https:\\\/\\\/monatglobal.com\\\/es\\\/#website\",\"url\":\"https:\\\/\\\/monatglobal.com\\\/es\\\/\",\"name\":\"MONAT Espa\\u00f1a\",\"description\":\"We Are Modern Nature\\u00ae\",\"inLanguage\":\"en-US\",\"publisher\":{\"@id\":\"https:\\\/\\\/monatglobal.com\\\/es\\\/#organization\"}}]}\n\t\t<\/script>\n\t\t<!-- All in One SEO Pro -->\r\n\t\t<title>MONAT Barrier Booster\u2122 Limpiador hidratante refrescante - Hidrata la piel<\/title>\n\n","aioseo_head_json":{"title":"MONAT Barrier Booster\u2122 Limpiador hidratante refrescante - Hidrata la piel","description":"Limpia suavemente con MONAT Barrier Booster\u2122 Limpiador hidratante refrescante. Hidrata y fortalece la barrera de tu piel para lograr una apariencia suave y luminosa con efecto cristal.","canonical_url":"https:\/\/monatglobal.com\/es\/barrier-booster-cleanser\/","robots":"max-image-preview:large","keywords":"","webmasterTools":{"miscellaneous":""},"schema":{"@context":"https:\/\/schema.org","@graph":[{"@type":"BreadcrumbList","@id":"https:\/\/monatglobal.com\/es\/barrier-booster-cleanser\/#breadcrumblist","itemListElement":[{"@type":"ListItem","@id":"https:\/\/monatglobal.com\/es#listItem","position":1,"name":"Home","item":"https:\/\/monatglobal.com\/es","nextItem":{"@type":"ListItem","@id":"https:\/\/monatglobal.com\/es\/barrier-booster-cleanser\/#listItem","name":"MONAT Barrier Booster\u2122 Limpiador hidratante refrescante &#8211; Hidrata la piel"}},{"@type":"ListItem","@id":"https:\/\/monatglobal.com\/es\/barrier-booster-cleanser\/#listItem","position":2,"name":"MONAT Barrier Booster\u2122 Limpiador hidratante refrescante &#8211; Hidrata la piel","previousItem":{"@type":"ListItem","@id":"https:\/\/monatglobal.com\/es#listItem","name":"Home"}}]},{"@type":"Organization","@id":"https:\/\/monatglobal.com\/es\/#organization","name":"MONAT Espa\u00f1a","description":"We Are Modern Nature\u00ae","url":"https:\/\/monatglobal.com\/es\/"},{"@type":"WebPage","@id":"https:\/\/monatglobal.com\/es\/barrier-booster-cleanser\/#webpage","url":"https:\/\/monatglobal.com\/es\/barrier-booster-cleanser\/","name":"MONAT Barrier Booster\u2122 Limpiador hidratante refrescante - Hidrata la piel","description":"Limpia suavemente con MONAT Barrier Booster\u2122 Limpiador hidratante refrescante. Hidrata y fortalece la barrera de tu piel para lograr una apariencia suave y luminosa con efecto cristal.","inLanguage":"en-US","isPartOf":{"@id":"https:\/\/monatglobal.com\/es\/#website"},"breadcrumb":{"@id":"https:\/\/monatglobal.com\/es\/barrier-booster-cleanser\/#breadcrumblist"},"image":{"@type":"ImageObject","url":"https:\/\/monatglobal.com\/es\/wp-content\/uploads\/sites\/10\/2025\/11\/MONAT-Barrier-Booster-HYDRA-REFRESH-CLEANSER-ecomm-min.png","@id":"https:\/\/monatglobal.com\/es\/barrier-booster-cleanser\/#mainImage","width":641,"height":800},"primaryImageOfPage":{"@id":"https:\/\/monatglobal.com\/es\/barrier-booster-cleanser\/#mainImage"},"datePublished":"2025-11-19T17:56:15+00:00","dateModified":"2026-02-23T17:15:51+00:00"},{"@type":"WebSite","@id":"https:\/\/monatglobal.com\/es\/#website","url":"https:\/\/monatglobal.com\/es\/","name":"MONAT Espa\u00f1a","description":"We Are Modern Nature\u00ae","inLanguage":"en-US","publisher":{"@id":"https:\/\/monatglobal.com\/es\/#organization"}}]},"og:locale":"en_US","og:site_name":"MONAT Espa\u00f1a - We Are Modern Nature\u00ae","og:type":"article","og:title":"MONAT Barrier Booster\u2122 Limpiador hidratante refrescante - Hidrata la piel","og:description":"Limpia suavemente con MONAT Barrier Booster\u2122 Limpiador hidratante refrescante. Hidrata y fortalece la barrera de tu piel para lograr una apariencia suave y luminosa con efecto cristal.","og:url":"https:\/\/monatglobal.com\/es\/barrier-booster-cleanser\/","article:published_time":"2025-11-19T17:56:15+00:00","article:modified_time":"2026-02-23T17:15:51+00:00","twitter:card":"summary_large_image","twitter:title":"MONAT Barrier Booster\u2122 Limpiador hidratante refrescante - Hidrata la piel","twitter:description":"Limpia suavemente con MONAT Barrier Booster\u2122 Limpiador hidratante refrescante. Hidrata y fortalece la barrera de tu piel para lograr una apariencia suave y luminosa con efecto cristal."},"aioseo_meta_data":{"post_id":"108715","title":"MONAT Barrier Booster\u2122 Limpiador hidratante refrescante - Hidrata la piel","description":"Limpia suavemente con MONAT Barrier Booster\u2122 Limpiador hidratante refrescante. Hidrata y fortalece la barrera de tu piel para lograr una apariencia suave y luminosa con efecto cristal.","keywords":null,"keyphrases":{"focus":{"keyphrase":"","score":0,"analysis":{"keyphraseInTitle":{"score":0,"maxScore":9,"error":1}}},"additional":[]},"primary_term":null,"canonical_url":null,"og_title":null,"og_description":null,"og_object_type":"default","og_image_type":"default","og_image_url":null,"og_image_width":null,"og_image_height":null,"og_image_custom_url":null,"og_image_custom_fields":null,"og_video":"","og_custom_url":null,"og_article_section":null,"og_article_tags":null,"twitter_use_og":false,"twitter_card":"default","twitter_image_type":"default","twitter_image_url":null,"twitter_image_custom_url":null,"twitter_image_custom_fields":null,"twitter_title":null,"twitter_description":null,"schema":{"blockGraphs":[],"customGraphs":[],"default":{"data":{"Article":[],"Course":[],"Dataset":[],"FAQPage":[],"Movie":[],"Person":[],"Product":[],"ProductReview":[],"Car":[],"Recipe":[],"Service":[],"SoftwareApplication":[],"WebPage":[]},"graphName":"WebPage","isEnabled":true},"graphs":[]},"schema_type":"default","schema_type_options":null,"pillar_content":false,"robots_default":true,"robots_noindex":false,"robots_noarchive":false,"robots_nosnippet":false,"robots_nofollow":false,"robots_noimageindex":false,"robots_noodp":false,"robots_notranslate":false,"robots_max_snippet":"-1","robots_max_videopreview":"-1","robots_max_imagepreview":"large","priority":null,"frequency":"default","local_seo":null,"seo_analyzer_scan_date":"2026-02-23 17:16:39","limit_modified_date":false,"reviewed_by":"0","open_ai":null,"ai":{"faqs":[],"keyPoints":[],"titles":[],"descriptions":[],"socialPosts":{"email":[],"linkedin":[],"twitter":[],"facebook":[],"instagram":[]}},"created":"2026-02-09 22:31:38","updated":"2026-02-23 17:17:30"},"aioseo_breadcrumb":"<div class=\"aioseo-breadcrumbs\"><span class=\"aioseo-breadcrumb\">\n\t<a href=\"https:\/\/monatglobal.com\/es\" title=\"Home\">Home<\/a>\n<\/span><span class=\"aioseo-breadcrumb-separator\">&raquo;<\/span><span class=\"aioseo-breadcrumb\">\n\tMONAT Barrier Booster\u2122 Limpiador hidratante refrescante \u2013 Hidrata la piel\n<\/span><\/div>","aioseo_breadcrumb_json":[{"label":"Home","link":"https:\/\/monatglobal.com\/es"},{"label":"MONAT Barrier Booster\u2122 Limpiador hidratante refrescante &#8211; Hidrata la piel","link":"https:\/\/monatglobal.com\/es\/barrier-booster-cleanser\/"}],"_links":{"self":[{"href":"https:\/\/monatglobal.com\/es\/wp-json\/wp\/v2\/pages\/108715","targetHints":{"allow":["GET"]}}],"collection":[{"href":"https:\/\/monatglobal.com\/es\/wp-json\/wp\/v2\/pages"}],"about":[{"href":"https:\/\/monatglobal.com\/es\/wp-json\/wp\/v2\/types\/page"}],"author":[{"embeddable":true,"href":"https:\/\/monatglobal.com\/es\/wp-json\/wp\/v2\/users\/57"}],"replies":[{"embeddable":true,"href":"https:\/\/monatglobal.com\/es\/wp-json\/wp\/v2\/comments?post=108715"}],"version-history":[{"count":18,"href":"https:\/\/monatglobal.com\/es\/wp-json\/wp\/v2\/pages\/108715\/revisions"}],"predecessor-version":[{"id":109144,"href":"https:\/\/monatglobal.com\/es\/wp-json\/wp\/v2\/pages\/108715\/revisions\/109144"}],"wp:featuredmedia":[{"embeddable":true,"href":"https:\/\/monatglobal.com\/es\/wp-json\/wp\/v2\/media\/108716"}],"wp:attachment":[{"href":"https:\/\/monatglobal.com\/es\/wp-json\/wp\/v2\/media?parent=108715"}],"wp:term":[{"taxonomy":"category","embeddable":true,"href":"https:\/\/monatglobal.com\/es\/wp-json\/wp\/v2\/categories?post=108715"},{"taxonomy":"post_tag","embeddable":true,"href":"https:\/\/monatglobal.com\/es\/wp-json\/wp\/v2\/tags?post=108715"}],"curies":[{"name":"wp","href":"https:\/\/api.w.org\/{rel}","templated":true}]}}