{"id":108609,"date":"2025-10-17T22:38:14","date_gmt":"2025-10-17T21:38:14","guid":{"rendered":"https:\/\/monatglobal.com\/es\/?page_id=108609"},"modified":"2025-11-11T13:45:22","modified_gmt":"2025-11-11T13:45:22","slug":"h-es","status":"publish","type":"page","link":"https:\/\/monatglobal.com\/es\/h-es\/","title":{"rendered":"H-ES"},"content":{"rendered":"\n\n\t<section id=\"bannerSec\">\n    <img id=\"logoBanner\" decoding=\"async\" src=\"https:\/\/monatglobal.com\/wp-content\/uploads\/2025\/10\/monat-golden-logo.svg\" alt=\"MONAT GLOBAL\"\/>\n   <h1>R\uf004GALOS <br \/> \uf004SPECT\uf000CULAR\uf004S<\/h1>\n<\/section>\n<!---->\n<!---->\n        <h2>Bolsas festivas y detalles navide\u00f1os<\/h2>\n        Peque\u00f1os regalos. Gran impacto. <br \/>\n        Conoce nuestra imagen m\u00e1s festiva y nuestros detalles navide\u00f1os: ser\u00e1n el complemento ideal para a\u00f1adir un toque de lujo y felicidad a cada&nbsp;regalo.\n        <p>Disponibles desde el 22 de octubre hasta el 1 de noviembre. Hasta agotar&nbsp;existencias.<\/p> \n    <!--<p>Empieza: el mi\u00e9rcoles 22 de octubre a las 10:00 (las 09:00 en Canarias) | Termina: el s\u00e1bado 1 de noviembre a las 06:00 (las 05:00 en Canarias) o hasta agotar existencias. Esta oferta est\u00e1 disponible para todos los Market Partners y Clientes VIP en Reino Unido, Irlanda, Polonia, Alemania, Espa\u00f1a, Francia, B\u00e9lgica y Lituania. Las ofertas pueden variar seg\u00fan el mercado.<\/p>-->\n\n","protected":false},"excerpt":{"rendered":"<p>R\uf004GALOS \uf004SPECT\uf000CULAR\uf004S Bolsas festivas y detalles navide\u00f1os Peque\u00f1os regalos. Gran impacto. Conoce nuestra imagen m\u00e1s festiva y nuestros detalles navide\u00f1os: ser\u00e1n el complemento ideal para a\u00f1adir un toque de lujo y felicidad a cada&nbsp;regalo. Disponibles desde el 22 de octubre hasta el 1 de noviembre. Hasta agotar&nbsp;existencias.<\/p>\n","protected":false},"author":57,"featured_media":0,"parent":0,"menu_order":0,"comment_status":"closed","ping_status":"closed","template":"","meta":{"inline_featured_image":false,"om_disable_all_campaigns":false,"_monsterinsights_skip_tracking":false,"_monsterinsights_sitenote_active":false,"_monsterinsights_sitenote_note":"","_monsterinsights_sitenote_category":0,"footnotes":""},"categories":[],"tags":[],"class_list":["post-108609","page","type-page","status-publish","hentry"],"aioseo_notices":[],"aioseo_head":"\n\t\t<!-- All in One SEO Pro 4.9.6 - aioseo.com -->\n\t<meta name=\"description\" content=\"R\uf004GALOS \uf004SPECT\uf000CULAR\uf004S Bolsas festivas y detalles navide\u00f1os Peque\u00f1os regalos. Gran impacto. Conoce nuestra imagen m\u00e1s festiva y nuestros detalles navide\u00f1os: ser\u00e1n el complemento ideal para a\u00f1adir un toque de lujo y felicidad a cada regalo. Disponibles desde el 22 de octubre hasta el 1 de noviembre. Hasta agotar existencias.\" \/>\n\t<meta name=\"robots\" content=\"max-image-preview:large\" \/>\n\t<link rel=\"canonical\" href=\"https:\/\/monatglobal.com\/es\/h-es\/\" \/>\n\t<meta name=\"generator\" content=\"All in One SEO Pro (AIOSEO) 4.9.6\" \/>\n\t\t<meta property=\"og:locale\" content=\"en_US\" \/>\n\t\t<meta property=\"og:site_name\" content=\"MONAT Espa\u00f1a - We Are Modern Nature\u00ae\" \/>\n\t\t<meta property=\"og:type\" content=\"article\" \/>\n\t\t<meta property=\"og:title\" content=\"H-ES - MONAT Espa\u00f1a\" \/>\n\t\t<meta property=\"og:description\" content=\"R\uf004GALOS \uf004SPECT\uf000CULAR\uf004S Bolsas festivas y detalles navide\u00f1os Peque\u00f1os regalos. Gran impacto. Conoce nuestra imagen m\u00e1s festiva y nuestros detalles navide\u00f1os: ser\u00e1n el complemento ideal para a\u00f1adir un toque de lujo y felicidad a cada regalo. Disponibles desde el 22 de octubre hasta el 1 de noviembre. Hasta agotar existencias.\" \/>\n\t\t<meta property=\"og:url\" content=\"https:\/\/monatglobal.com\/es\/h-es\/\" \/>\n\t\t<meta property=\"article:published_time\" content=\"2025-10-17T21:38:14+00:00\" \/>\n\t\t<meta property=\"article:modified_time\" content=\"2025-11-11T13:45:22+00:00\" \/>\n\t\t<meta name=\"twitter:card\" content=\"summary_large_image\" \/>\n\t\t<meta name=\"twitter:title\" content=\"H-ES - MONAT Espa\u00f1a\" \/>\n\t\t<meta name=\"twitter:description\" content=\"R\uf004GALOS \uf004SPECT\uf000CULAR\uf004S Bolsas festivas y detalles navide\u00f1os Peque\u00f1os regalos. Gran impacto. Conoce nuestra imagen m\u00e1s festiva y nuestros detalles navide\u00f1os: ser\u00e1n el complemento ideal para a\u00f1adir un toque de lujo y felicidad a cada regalo. Disponibles desde el 22 de octubre hasta el 1 de noviembre. Hasta agotar existencias.\" \/>\n\t\t<script type=\"application\/ld+json\" class=\"aioseo-schema\">\n\t\t\t{\"@context\":\"https:\\\/\\\/schema.org\",\"@graph\":[{\"@type\":\"BreadcrumbList\",\"@id\":\"https:\\\/\\\/monatglobal.com\\\/es\\\/h-es\\\/#breadcrumblist\",\"itemListElement\":[{\"@type\":\"ListItem\",\"@id\":\"https:\\\/\\\/monatglobal.com\\\/es#listItem\",\"position\":1,\"name\":\"Home\",\"item\":\"https:\\\/\\\/monatglobal.com\\\/es\",\"nextItem\":{\"@type\":\"ListItem\",\"@id\":\"https:\\\/\\\/monatglobal.com\\\/es\\\/h-es\\\/#listItem\",\"name\":\"H-ES\"}},{\"@type\":\"ListItem\",\"@id\":\"https:\\\/\\\/monatglobal.com\\\/es\\\/h-es\\\/#listItem\",\"position\":2,\"name\":\"H-ES\",\"previousItem\":{\"@type\":\"ListItem\",\"@id\":\"https:\\\/\\\/monatglobal.com\\\/es#listItem\",\"name\":\"Home\"}}]},{\"@type\":\"Organization\",\"@id\":\"https:\\\/\\\/monatglobal.com\\\/es\\\/#organization\",\"name\":\"MONAT Espa\\u00f1a\",\"description\":\"We Are Modern Nature\\u00ae\",\"url\":\"https:\\\/\\\/monatglobal.com\\\/es\\\/\"},{\"@type\":\"WebPage\",\"@id\":\"https:\\\/\\\/monatglobal.com\\\/es\\\/h-es\\\/#webpage\",\"url\":\"https:\\\/\\\/monatglobal.com\\\/es\\\/h-es\\\/\",\"name\":\"H-ES - MONAT Espa\\u00f1a\",\"description\":\"R\\uf004GALOS \\uf004SPECT\\uf000CULAR\\uf004S Bolsas festivas y detalles navide\\u00f1os Peque\\u00f1os regalos. Gran impacto. Conoce nuestra imagen m\\u00e1s festiva y nuestros detalles navide\\u00f1os: ser\\u00e1n el complemento ideal para a\\u00f1adir un toque de lujo y felicidad a cada regalo. Disponibles desde el 22 de octubre hasta el 1 de noviembre. Hasta agotar existencias.\",\"inLanguage\":\"en-US\",\"isPartOf\":{\"@id\":\"https:\\\/\\\/monatglobal.com\\\/es\\\/#website\"},\"breadcrumb\":{\"@id\":\"https:\\\/\\\/monatglobal.com\\\/es\\\/h-es\\\/#breadcrumblist\"},\"datePublished\":\"2025-10-17T22:38:14+01:00\",\"dateModified\":\"2025-11-11T13:45:22+00:00\"},{\"@type\":\"WebSite\",\"@id\":\"https:\\\/\\\/monatglobal.com\\\/es\\\/#website\",\"url\":\"https:\\\/\\\/monatglobal.com\\\/es\\\/\",\"name\":\"MONAT Espa\\u00f1a\",\"description\":\"We Are Modern Nature\\u00ae\",\"inLanguage\":\"en-US\",\"publisher\":{\"@id\":\"https:\\\/\\\/monatglobal.com\\\/es\\\/#organization\"}}]}\n\t\t<\/script>\n\t\t<!-- All in One SEO Pro -->\r\n\t\t<title>H-ES - MONAT Espa\u00f1a<\/title>\n\n","aioseo_head_json":{"title":"H-ES - MONAT Espa\u00f1a","description":"R\uf004GALOS \uf004SPECT\uf000CULAR\uf004S Bolsas festivas y detalles navide\u00f1os Peque\u00f1os regalos. Gran impacto. Conoce nuestra imagen m\u00e1s festiva y nuestros detalles navide\u00f1os: ser\u00e1n el complemento ideal para a\u00f1adir un toque de lujo y felicidad a cada regalo. Disponibles desde el 22 de octubre hasta el 1 de noviembre. Hasta agotar existencias.","canonical_url":"https:\/\/monatglobal.com\/es\/h-es\/","robots":"max-image-preview:large","keywords":"","webmasterTools":{"miscellaneous":""},"schema":{"@context":"https:\/\/schema.org","@graph":[{"@type":"BreadcrumbList","@id":"https:\/\/monatglobal.com\/es\/h-es\/#breadcrumblist","itemListElement":[{"@type":"ListItem","@id":"https:\/\/monatglobal.com\/es#listItem","position":1,"name":"Home","item":"https:\/\/monatglobal.com\/es","nextItem":{"@type":"ListItem","@id":"https:\/\/monatglobal.com\/es\/h-es\/#listItem","name":"H-ES"}},{"@type":"ListItem","@id":"https:\/\/monatglobal.com\/es\/h-es\/#listItem","position":2,"name":"H-ES","previousItem":{"@type":"ListItem","@id":"https:\/\/monatglobal.com\/es#listItem","name":"Home"}}]},{"@type":"Organization","@id":"https:\/\/monatglobal.com\/es\/#organization","name":"MONAT Espa\u00f1a","description":"We Are Modern Nature\u00ae","url":"https:\/\/monatglobal.com\/es\/"},{"@type":"WebPage","@id":"https:\/\/monatglobal.com\/es\/h-es\/#webpage","url":"https:\/\/monatglobal.com\/es\/h-es\/","name":"H-ES - MONAT Espa\u00f1a","description":"R\uf004GALOS \uf004SPECT\uf000CULAR\uf004S Bolsas festivas y detalles navide\u00f1os Peque\u00f1os regalos. Gran impacto. Conoce nuestra imagen m\u00e1s festiva y nuestros detalles navide\u00f1os: ser\u00e1n el complemento ideal para a\u00f1adir un toque de lujo y felicidad a cada regalo. Disponibles desde el 22 de octubre hasta el 1 de noviembre. Hasta agotar existencias.","inLanguage":"en-US","isPartOf":{"@id":"https:\/\/monatglobal.com\/es\/#website"},"breadcrumb":{"@id":"https:\/\/monatglobal.com\/es\/h-es\/#breadcrumblist"},"datePublished":"2025-10-17T22:38:14+01:00","dateModified":"2025-11-11T13:45:22+00:00"},{"@type":"WebSite","@id":"https:\/\/monatglobal.com\/es\/#website","url":"https:\/\/monatglobal.com\/es\/","name":"MONAT Espa\u00f1a","description":"We Are Modern Nature\u00ae","inLanguage":"en-US","publisher":{"@id":"https:\/\/monatglobal.com\/es\/#organization"}}]},"og:locale":"en_US","og:site_name":"MONAT Espa\u00f1a - We Are Modern Nature\u00ae","og:type":"article","og:title":"H-ES - MONAT Espa\u00f1a","og:description":"R\uf004GALOS \uf004SPECT\uf000CULAR\uf004S Bolsas festivas y detalles navide\u00f1os Peque\u00f1os regalos. Gran impacto. Conoce nuestra imagen m\u00e1s festiva y nuestros detalles navide\u00f1os: ser\u00e1n el complemento ideal para a\u00f1adir un toque de lujo y felicidad a cada regalo. Disponibles desde el 22 de octubre hasta el 1 de noviembre. Hasta agotar existencias.","og:url":"https:\/\/monatglobal.com\/es\/h-es\/","article:published_time":"2025-10-17T21:38:14+00:00","article:modified_time":"2025-11-11T13:45:22+00:00","twitter:card":"summary_large_image","twitter:title":"H-ES - MONAT Espa\u00f1a","twitter:description":"R\uf004GALOS \uf004SPECT\uf000CULAR\uf004S Bolsas festivas y detalles navide\u00f1os Peque\u00f1os regalos. Gran impacto. Conoce nuestra imagen m\u00e1s festiva y nuestros detalles navide\u00f1os: ser\u00e1n el complemento ideal para a\u00f1adir un toque de lujo y felicidad a cada regalo. Disponibles desde el 22 de octubre hasta el 1 de noviembre. Hasta agotar existencias."},"aioseo_meta_data":{"post_id":"108609","title":null,"description":null,"keywords":null,"keyphrases":null,"primary_term":null,"canonical_url":null,"og_title":null,"og_description":null,"og_object_type":"default","og_image_type":"default","og_image_url":null,"og_image_width":null,"og_image_height":null,"og_image_custom_url":null,"og_image_custom_fields":null,"og_video":null,"og_custom_url":null,"og_article_section":null,"og_article_tags":null,"twitter_use_og":false,"twitter_card":"default","twitter_image_type":"default","twitter_image_url":null,"twitter_image_custom_url":null,"twitter_image_custom_fields":null,"twitter_title":null,"twitter_description":null,"schema":{"blockGraphs":[],"customGraphs":[],"default":{"data":{"Article":[],"Course":[],"Dataset":[],"FAQPage":[],"Movie":[],"Person":[],"Product":[],"ProductReview":[],"Car":[],"Recipe":[],"Service":[],"SoftwareApplication":[],"WebPage":[]},"graphName":"","isEnabled":true},"graphs":[]},"schema_type":"default","schema_type_options":null,"pillar_content":false,"robots_default":true,"robots_noindex":false,"robots_noarchive":false,"robots_nosnippet":false,"robots_nofollow":false,"robots_noimageindex":false,"robots_noodp":false,"robots_notranslate":false,"robots_max_snippet":null,"robots_max_videopreview":null,"robots_max_imagepreview":"large","priority":null,"frequency":null,"local_seo":null,"seo_analyzer_scan_date":"2026-02-09 22:31:36","limit_modified_date":false,"reviewed_by":null,"open_ai":null,"ai":null,"created":"2026-02-09 22:31:36","updated":"2026-02-10 05:51:30"},"aioseo_breadcrumb":"<div class=\"aioseo-breadcrumbs\"><span class=\"aioseo-breadcrumb\">\n\t<a href=\"https:\/\/monatglobal.com\/es\" title=\"Home\">Home<\/a>\n<\/span><span class=\"aioseo-breadcrumb-separator\">&raquo;<\/span><span class=\"aioseo-breadcrumb\">\n\tH-ES\n<\/span><\/div>","aioseo_breadcrumb_json":[{"label":"Home","link":"https:\/\/monatglobal.com\/es"},{"label":"H-ES","link":"https:\/\/monatglobal.com\/es\/h-es\/"}],"_links":{"self":[{"href":"https:\/\/monatglobal.com\/es\/wp-json\/wp\/v2\/pages\/108609","targetHints":{"allow":["GET"]}}],"collection":[{"href":"https:\/\/monatglobal.com\/es\/wp-json\/wp\/v2\/pages"}],"about":[{"href":"https:\/\/monatglobal.com\/es\/wp-json\/wp\/v2\/types\/page"}],"author":[{"embeddable":true,"href":"https:\/\/monatglobal.com\/es\/wp-json\/wp\/v2\/users\/57"}],"replies":[{"embeddable":true,"href":"https:\/\/monatglobal.com\/es\/wp-json\/wp\/v2\/comments?post=108609"}],"version-history":[{"count":23,"href":"https:\/\/monatglobal.com\/es\/wp-json\/wp\/v2\/pages\/108609\/revisions"}],"predecessor-version":[{"id":108696,"href":"https:\/\/monatglobal.com\/es\/wp-json\/wp\/v2\/pages\/108609\/revisions\/108696"}],"wp:attachment":[{"href":"https:\/\/monatglobal.com\/es\/wp-json\/wp\/v2\/media?parent=108609"}],"wp:term":[{"taxonomy":"category","embeddable":true,"href":"https:\/\/monatglobal.com\/es\/wp-json\/wp\/v2\/categories?post=108609"},{"taxonomy":"post_tag","embeddable":true,"href":"https:\/\/monatglobal.com\/es\/wp-json\/wp\/v2\/tags?post=108609"}],"curies":[{"name":"wp","href":"https:\/\/api.w.org\/{rel}","templated":true}]}}