{"id":108518,"date":"2025-10-01T15:55:49","date_gmt":"2025-10-01T14:55:49","guid":{"rendered":"https:\/\/monatglobal.com\/es\/?page_id=108518"},"modified":"2025-10-11T16:59:05","modified_gmt":"2025-10-11T15:59:05","slug":"monat-stylist-program","status":"publish","type":"page","link":"https:\/\/monatglobal.com\/es\/monat-stylist-program\/","title":{"rendered":"Programa para Estilista de MONAT | Mejora tu talento y crece m\u00e1s all\u00e1 de la silla"},"content":{"rendered":"\n<!--SEO Title:-->\n<!--Programa para Estilista de MONAT | Mejora tu talento y crece m\u00e1s all\u00e1 de la silla-->\n<!--Meta Description:-->\n<!--Descubre el Programa para Estilista de MONAT creado para profesionales de la belleza con licencia. Accede a productos en tama\u00f1o sal\u00f3n, aumenta tus ingresos y construye un negocio que va m\u00e1s all\u00e1 de la silla. \u00a1\u00danete hoy!-->\n<style>\n    :root {\n        --primary-color: #F8F4EE;\n    }\n<\/style> \n    <!--<img decoding=\"async\" src=\"https:\/\/monatglobal.com\/wp-content\/uploads\/2025\/09\/main-banner-stylist-program-min.jpg\"\/> -->\n    <!--<br \/>-->\n    <!--<br \/>-->\n    <!--<br \/>-->\n    <!--<br \/>-->\n    <section> \n        <img decoding=\"async\" src=\"https:\/\/monatglobal.com\/wp-content\/uploads\/2025\/09\/stylist-program-banner-moble-2025-min.png\" alt=\"Smiling blonde woman with long hair touching her face with one hand, overlaid with text 'Introducing the Stylist Program\">\n        <img decoding=\"async\" src=\"https:\/\/monatglobal.com\/wp-content\/uploads\/2025\/09\/stylist-program-banner-deskop-2025-colse-up-min.png\" alt=\"Smiling blonde woman with long hair touching her face with one hand, overlaid with text 'Introducing the Stylist Program\">\n               <p>PRESENTAMOS EL <\/p>\n               <img decoding=\"async\" src=\"https:\/\/monatglobal.com\/es\/wp-content\/uploads\/sites\/10\/2025\/10\/stylist-programme-SPA-LOGO.svg\" alt=\"MONAT logo\">\n    <\/section>\n    <section id=\"post_banner\">\n        <p>Es una revoluci\u00f3n. Este innovador programa empodera a los profesionales acreditados en est\u00e9tica y belleza con los productos m\u00e1s vendidos en tama\u00f1o sal\u00f3n y tambi\u00e9n les ofrece la oportunidad de mejorar su talento, aumentar sus ingresos, y \u00a1construir un negocio que se extienda mucho m\u00e1s all\u00e1 de la silla! <\/p>\n        <a href=\"https:\/\/mymonat.com\/pyr_core\/v2_enrollments\/select_market?sponsor_id=&amp;enroll_params=profile_form_type%3Dexpress&amp;market=es&amp;lang_code=es\" target=\"_blank\" rel=\"noopener\">\u00daNETE<\/a> \n            <img decoding=\"async\" src=\"https:\/\/monatglobal.com\/wp-content\/uploads\/2025\/09\/Group-of-saloon-pictures-min.png\" alt=\"Three black and white photos showing different women: one with long wavy hair, another in a light-colored top smiling and touching her hair, and a third in dark clothing with her hand holding a pair of scissors\">\n    <\/section>\n    <section id=\"youCan_sec\">\n        <h2>Con el Programa para <br> Estilista de MONAT,<br> podr\u00e1s:<\/h2> \n                1\n                <p>Ampliar tu negocio  ofreciendo a los clientes soluciones de calidad profesional para uso en el hogar.<\/p>\n                2\n                <p>Aprovechar un modelo de negocio  que te permite generar ingresos pasivos y darte mayor libertad de tiempo.<\/p>\n                3\n                <p>Construir un legado*  que vaya m\u00e1s all\u00e1 de la silla, impactando tu futuro, el de tu familia y el de tu comunidad.<\/p>\n        <a href=\"https:\/\/mymonat.com\/pyr_core\/v2_enrollments\/select_market?sponsor_id=&amp;enroll_params=profile_form_type%3Dexpress&amp;market=es&amp;lang_code=es\" target=\"_blank\" rel=\"noopener\">\u00daNETE<\/a>\n            <img decoding=\"async\" src=\"https:\/\/monatglobal.com\/wp-content\/uploads\/2025\/09\/saloon-size_stylist-program_2025-min.png\" alt=\"Row of MONAT hair care products saloon size including shampoos, conditioners in dark blue and purple bottles arranged in a line\">\n    <\/section>\n    <section id=\"backed_sec\">\n         <h2>Respaldado por la ciencia <br>y el lujo<\/h2>\n             <img decoding=\"async\" src=\"https:\/\/monatglobal.com\/wp-content\/uploads\/2025\/03\/BIOTECH-DERIVED-FORMULATIONS-min.jpg\" alt=\"Oil with bubbles in a petri dish and dropper.\">\n                 <p>Mejora cada servicio con las f\u00f3rmulas de calidad de sal\u00f3n y cl\u00ednicamente probadas de MONAT que fortalecen, hidratan y transforman el cabello desde el interior. <\/p>\n                              <!--<img decoding=\"async\" src=\"https:\/\/monatglobal.com\/wp-content\/uploads\/2025\/03\/BIOTECH-DERIVED-FORMULATIONS-min.jpg\" alt=\"Oil with bubbles in a petri dish and dropper.\"\/>-->\n                     <p>Una vez que te registres y verifiquen tu licencia, tendr\u00e1s acceso exclusivo a productos en tama\u00f1o sal\u00f3n y a nuestro Kit de Estilista:<\/p>\n                     <img decoding=\"async\" src=\"https:\/\/monatglobal.com\/wp-content\/uploads\/2025\/09\/stylist-kit-picure-2025-min.png\" alt=\"MONAT Stylist Kit\">\n         <a href=\"https:\/\/mymonat.com\/pyr_core\/v2_enrollments\/select_market?sponsor_id=&amp;enroll_params=profile_form_type%3Dexpress&amp;market=es&amp;lang_code=es\" target=\"_blank\" rel=\"noopener\">\u00daNETE<\/a> \n    <\/section>\n    <section id=\"movement_sec\">\n        <h2>\u00danete al movimiento que <br>est\u00e1 redefiniendo los l\u00edmites <br>para los profesionales de la belleza.<\/h2>\n            <p>Ser\u00e1s parte de una comunidad \u00fanica de estilistas innovadores que est\u00e1n transformando el \u00e9xito en el mundo de la belleza, donde confluyen la colaboraci\u00f3n, la innovaci\u00f3n y los ingresos m\u00e1s all\u00e1 de la experiencia del cliente en la silla.<\/p>\n            <img decoding=\"async\" src=\"https:\/\/monatglobal.com\/wp-content\/uploads\/2025\/09\/beauty-profesionals-min.jpg\" loading=\"Black and white photo of a smiling woman with shoulder-length hair in what appears to be a salon or professional setting\">\n    <\/section>\n    <section id=\"pre-footer\">\n        <h2>\u00bfLista para comenzar?<\/h2>\n        <a href=\"https:\/\/mymonat.com\/pyr_core\/v2_enrollments\/select_market?sponsor_id=&amp;enroll_params=profile_form_type%3Dexpress&amp;market=es&amp;lang_code=es\" target=\"_blank\" rel=\"noopener\">\u00daNETE<\/a> \n        <a href=\"https:\/\/mymonat.com\/uploads\/global\/Stylist%20Program%20EU\/SP_MONAT%20Stylist%20Program%20FAQs_092525_v2.pdf\" target=\"_blank\" rel=\"noopener\">PREGUNTAS FRECUENTES<\/a>\n        <!-- <a href=\"https:\/\/monatglobal.com\/es\/policies-procedures\/\">See Income Disclosure Statement for details.<\/a>-->\n        <p>*Las ganancias no est\u00e1n garantizadas para todos. Los resultados pueden variar seg\u00fan el esfuerzo, la dedicaci\u00f3n y otros factores. No hay resultados garantizados, pero las recompensas potenciales pueden ser incre\u00edbles para aquellos que trabajan duro y siguen comprometidos. Para m\u00e1s informaci\u00f3n visita la Declaraci\u00f3n de Divulgaci\u00f3n de Ingresos de MONAT aqu\u00ed: (<a href=\"https:\/\/monatglobal.com\/es\/policies-procedures\/\">https:\/\/monatglobal.com\/es\/policies-procedures\/<\/a>)<\/p>\n    <\/section>\n","protected":false},"excerpt":{"rendered":"<p>PRESENTAMOS EL Es una revoluci\u00f3n. Este innovador programa empodera a los profesionales acreditados en est\u00e9tica y belleza con los productos m\u00e1s vendidos en tama\u00f1o sal\u00f3n y tambi\u00e9n les ofrece la oportunidad de mejorar su talento, aumentar sus ingresos, y \u00a1construir un negocio que se extienda mucho m\u00e1s all\u00e1 de la silla! \u00daNETE Con el Programa&hellip;<\/p>\n","protected":false},"author":47,"featured_media":108569,"parent":0,"menu_order":0,"comment_status":"closed","ping_status":"closed","template":"","meta":{"inline_featured_image":false,"om_disable_all_campaigns":false,"_monsterinsights_skip_tracking":false,"_monsterinsights_sitenote_active":false,"_monsterinsights_sitenote_note":"","_monsterinsights_sitenote_category":0,"footnotes":""},"categories":[],"tags":[],"class_list":["post-108518","page","type-page","status-publish","has-post-thumbnail","hentry"],"aioseo_notices":[],"aioseo_head":"\n\t\t<!-- All in One SEO Pro 4.9.5.2 - aioseo.com -->\n\t<meta name=\"description\" content=\"--&gt; Una vez que te registres y verifiquen tu licencia, tendr\u00e1s acceso exclusivo a productos en tama\u00f1o sal\u00f3n y a nuestro Kit de Estilista: \u00daNETE \u00danete al movimiento que est\u00e1 redefiniendo los l\u00edmites para los profesionales de la belleza. Ser\u00e1s parte de una comunidad \u00fanica de estilistas innovadores que est\u00e1n transformando el \u00e9xito en el\" \/>\n\t<meta name=\"robots\" content=\"max-image-preview:large\" \/>\n\t<link rel=\"canonical\" href=\"https:\/\/monatglobal.com\/es\/monat-stylist-program\/\" \/>\n\t<meta name=\"generator\" content=\"All in One SEO Pro (AIOSEO) 4.9.5.2\" \/>\n\t\t<meta property=\"og:locale\" content=\"en_US\" \/>\n\t\t<meta property=\"og:site_name\" content=\"MONAT Espa\u00f1a - We Are Modern Nature\u00ae\" \/>\n\t\t<meta property=\"og:type\" content=\"article\" \/>\n\t\t<meta property=\"og:title\" content=\"Programa para Estilista de MONAT | Mejora tu talento y crece m\u00e1s all\u00e1 de la silla - MONAT Espa\u00f1a\" \/>\n\t\t<meta property=\"og:description\" content=\"--&gt; Una vez que te registres y verifiquen tu licencia, tendr\u00e1s acceso exclusivo a productos en tama\u00f1o sal\u00f3n y a nuestro Kit de Estilista: \u00daNETE \u00danete al movimiento que est\u00e1 redefiniendo los l\u00edmites para los profesionales de la belleza. Ser\u00e1s parte de una comunidad \u00fanica de estilistas innovadores que est\u00e1n transformando el \u00e9xito en el\" \/>\n\t\t<meta property=\"og:url\" content=\"https:\/\/monatglobal.com\/es\/monat-stylist-program\/\" \/>\n\t\t<meta property=\"article:published_time\" content=\"2025-10-01T14:55:49+00:00\" \/>\n\t\t<meta property=\"article:modified_time\" content=\"2025-10-11T15:59:05+00:00\" \/>\n\t\t<meta name=\"twitter:card\" content=\"summary_large_image\" \/>\n\t\t<meta name=\"twitter:title\" content=\"Programa para Estilista de MONAT | Mejora tu talento y crece m\u00e1s all\u00e1 de la silla - MONAT Espa\u00f1a\" \/>\n\t\t<meta name=\"twitter:description\" content=\"--&gt; Una vez que te registres y verifiquen tu licencia, tendr\u00e1s acceso exclusivo a productos en tama\u00f1o sal\u00f3n y a nuestro Kit de Estilista: \u00daNETE \u00danete al movimiento que est\u00e1 redefiniendo los l\u00edmites para los profesionales de la belleza. Ser\u00e1s parte de una comunidad \u00fanica de estilistas innovadores que est\u00e1n transformando el \u00e9xito en el\" \/>\n\t\t<script type=\"application\/ld+json\" class=\"aioseo-schema\">\n\t\t\t{\"@context\":\"https:\\\/\\\/schema.org\",\"@graph\":[{\"@type\":\"BreadcrumbList\",\"@id\":\"https:\\\/\\\/monatglobal.com\\\/es\\\/monat-stylist-program\\\/#breadcrumblist\",\"itemListElement\":[{\"@type\":\"ListItem\",\"@id\":\"https:\\\/\\\/monatglobal.com\\\/es#listItem\",\"position\":1,\"name\":\"Home\",\"item\":\"https:\\\/\\\/monatglobal.com\\\/es\",\"nextItem\":{\"@type\":\"ListItem\",\"@id\":\"https:\\\/\\\/monatglobal.com\\\/es\\\/monat-stylist-program\\\/#listItem\",\"name\":\"Programa para Estilista de MONAT | Mejora tu talento y crece m\\u00e1s all\\u00e1 de la silla\"}},{\"@type\":\"ListItem\",\"@id\":\"https:\\\/\\\/monatglobal.com\\\/es\\\/monat-stylist-program\\\/#listItem\",\"position\":2,\"name\":\"Programa para Estilista de MONAT | Mejora tu talento y crece m\\u00e1s all\\u00e1 de la silla\",\"previousItem\":{\"@type\":\"ListItem\",\"@id\":\"https:\\\/\\\/monatglobal.com\\\/es#listItem\",\"name\":\"Home\"}}]},{\"@type\":\"Organization\",\"@id\":\"https:\\\/\\\/monatglobal.com\\\/es\\\/#organization\",\"name\":\"MONAT Espa\\u00f1a\",\"description\":\"We Are Modern Nature\\u00ae\",\"url\":\"https:\\\/\\\/monatglobal.com\\\/es\\\/\"},{\"@type\":\"WebPage\",\"@id\":\"https:\\\/\\\/monatglobal.com\\\/es\\\/monat-stylist-program\\\/#webpage\",\"url\":\"https:\\\/\\\/monatglobal.com\\\/es\\\/monat-stylist-program\\\/\",\"name\":\"Programa para Estilista de MONAT | Mejora tu talento y crece m\\u00e1s all\\u00e1 de la silla - MONAT Espa\\u00f1a\",\"description\":\"--> Una vez que te registres y verifiquen tu licencia, tendr\\u00e1s acceso exclusivo a productos en tama\\u00f1o sal\\u00f3n y a nuestro Kit de Estilista: \\u00daNETE \\u00danete al movimiento que est\\u00e1 redefiniendo los l\\u00edmites para los profesionales de la belleza. Ser\\u00e1s parte de una comunidad \\u00fanica de estilistas innovadores que est\\u00e1n transformando el \\u00e9xito en el\",\"inLanguage\":\"en-US\",\"isPartOf\":{\"@id\":\"https:\\\/\\\/monatglobal.com\\\/es\\\/#website\"},\"breadcrumb\":{\"@id\":\"https:\\\/\\\/monatglobal.com\\\/es\\\/monat-stylist-program\\\/#breadcrumblist\"},\"image\":{\"@type\":\"ImageObject\",\"url\":\"https:\\\/\\\/monatglobal.com\\\/es\\\/wp-content\\\/uploads\\\/sites\\\/10\\\/2025\\\/10\\\/stylist-program-FT-IMG.jpg\",\"@id\":\"https:\\\/\\\/monatglobal.com\\\/es\\\/monat-stylist-program\\\/#mainImage\",\"width\":1200,\"height\":628},\"primaryImageOfPage\":{\"@id\":\"https:\\\/\\\/monatglobal.com\\\/es\\\/monat-stylist-program\\\/#mainImage\"},\"datePublished\":\"2025-10-01T15:55:49+01:00\",\"dateModified\":\"2025-10-11T16:59:05+01:00\"},{\"@type\":\"WebSite\",\"@id\":\"https:\\\/\\\/monatglobal.com\\\/es\\\/#website\",\"url\":\"https:\\\/\\\/monatglobal.com\\\/es\\\/\",\"name\":\"MONAT Espa\\u00f1a\",\"description\":\"We Are Modern Nature\\u00ae\",\"inLanguage\":\"en-US\",\"publisher\":{\"@id\":\"https:\\\/\\\/monatglobal.com\\\/es\\\/#organization\"}}]}\n\t\t<\/script>\n\t\t<!-- All in One SEO Pro -->\r\n\t\t<title>Programa para Estilista de MONAT | Mejora tu talento y crece m\u00e1s all\u00e1 de la silla - MONAT Espa\u00f1a<\/title>\n\n","aioseo_head_json":{"title":"Programa para Estilista de MONAT | Mejora tu talento y crece m\u00e1s all\u00e1 de la silla - MONAT Espa\u00f1a","description":"--> Una vez que te registres y verifiquen tu licencia, tendr\u00e1s acceso exclusivo a productos en tama\u00f1o sal\u00f3n y a nuestro Kit de Estilista: \u00daNETE \u00danete al movimiento que est\u00e1 redefiniendo los l\u00edmites para los profesionales de la belleza. Ser\u00e1s parte de una comunidad \u00fanica de estilistas innovadores que est\u00e1n transformando el \u00e9xito en el","canonical_url":"https:\/\/monatglobal.com\/es\/monat-stylist-program\/","robots":"max-image-preview:large","keywords":"","webmasterTools":{"miscellaneous":""},"schema":{"@context":"https:\/\/schema.org","@graph":[{"@type":"BreadcrumbList","@id":"https:\/\/monatglobal.com\/es\/monat-stylist-program\/#breadcrumblist","itemListElement":[{"@type":"ListItem","@id":"https:\/\/monatglobal.com\/es#listItem","position":1,"name":"Home","item":"https:\/\/monatglobal.com\/es","nextItem":{"@type":"ListItem","@id":"https:\/\/monatglobal.com\/es\/monat-stylist-program\/#listItem","name":"Programa para Estilista de MONAT | Mejora tu talento y crece m\u00e1s all\u00e1 de la silla"}},{"@type":"ListItem","@id":"https:\/\/monatglobal.com\/es\/monat-stylist-program\/#listItem","position":2,"name":"Programa para Estilista de MONAT | Mejora tu talento y crece m\u00e1s all\u00e1 de la silla","previousItem":{"@type":"ListItem","@id":"https:\/\/monatglobal.com\/es#listItem","name":"Home"}}]},{"@type":"Organization","@id":"https:\/\/monatglobal.com\/es\/#organization","name":"MONAT Espa\u00f1a","description":"We Are Modern Nature\u00ae","url":"https:\/\/monatglobal.com\/es\/"},{"@type":"WebPage","@id":"https:\/\/monatglobal.com\/es\/monat-stylist-program\/#webpage","url":"https:\/\/monatglobal.com\/es\/monat-stylist-program\/","name":"Programa para Estilista de MONAT | Mejora tu talento y crece m\u00e1s all\u00e1 de la silla - MONAT Espa\u00f1a","description":"--> Una vez que te registres y verifiquen tu licencia, tendr\u00e1s acceso exclusivo a productos en tama\u00f1o sal\u00f3n y a nuestro Kit de Estilista: \u00daNETE \u00danete al movimiento que est\u00e1 redefiniendo los l\u00edmites para los profesionales de la belleza. Ser\u00e1s parte de una comunidad \u00fanica de estilistas innovadores que est\u00e1n transformando el \u00e9xito en el","inLanguage":"en-US","isPartOf":{"@id":"https:\/\/monatglobal.com\/es\/#website"},"breadcrumb":{"@id":"https:\/\/monatglobal.com\/es\/monat-stylist-program\/#breadcrumblist"},"image":{"@type":"ImageObject","url":"https:\/\/monatglobal.com\/es\/wp-content\/uploads\/sites\/10\/2025\/10\/stylist-program-FT-IMG.jpg","@id":"https:\/\/monatglobal.com\/es\/monat-stylist-program\/#mainImage","width":1200,"height":628},"primaryImageOfPage":{"@id":"https:\/\/monatglobal.com\/es\/monat-stylist-program\/#mainImage"},"datePublished":"2025-10-01T15:55:49+01:00","dateModified":"2025-10-11T16:59:05+01:00"},{"@type":"WebSite","@id":"https:\/\/monatglobal.com\/es\/#website","url":"https:\/\/monatglobal.com\/es\/","name":"MONAT Espa\u00f1a","description":"We Are Modern Nature\u00ae","inLanguage":"en-US","publisher":{"@id":"https:\/\/monatglobal.com\/es\/#organization"}}]},"og:locale":"en_US","og:site_name":"MONAT Espa\u00f1a - We Are Modern Nature\u00ae","og:type":"article","og:title":"Programa para Estilista de MONAT | Mejora tu talento y crece m\u00e1s all\u00e1 de la silla - MONAT Espa\u00f1a","og:description":"--&gt; Una vez que te registres y verifiquen tu licencia, tendr\u00e1s acceso exclusivo a productos en tama\u00f1o sal\u00f3n y a nuestro Kit de Estilista: \u00daNETE \u00danete al movimiento que est\u00e1 redefiniendo los l\u00edmites para los profesionales de la belleza. Ser\u00e1s parte de una comunidad \u00fanica de estilistas innovadores que est\u00e1n transformando el \u00e9xito en el","og:url":"https:\/\/monatglobal.com\/es\/monat-stylist-program\/","article:published_time":"2025-10-01T14:55:49+00:00","article:modified_time":"2025-10-11T15:59:05+00:00","twitter:card":"summary_large_image","twitter:title":"Programa para Estilista de MONAT | Mejora tu talento y crece m\u00e1s all\u00e1 de la silla - MONAT Espa\u00f1a","twitter:description":"--&gt; Una vez que te registres y verifiquen tu licencia, tendr\u00e1s acceso exclusivo a productos en tama\u00f1o sal\u00f3n y a nuestro Kit de Estilista: \u00daNETE \u00danete al movimiento que est\u00e1 redefiniendo los l\u00edmites para los profesionales de la belleza. Ser\u00e1s parte de una comunidad \u00fanica de estilistas innovadores que est\u00e1n transformando el \u00e9xito en el"},"aioseo_meta_data":{"post_id":"108518","title":null,"description":null,"keywords":null,"keyphrases":null,"primary_term":null,"canonical_url":null,"og_title":null,"og_description":null,"og_object_type":"default","og_image_type":"default","og_image_url":null,"og_image_width":null,"og_image_height":null,"og_image_custom_url":null,"og_image_custom_fields":null,"og_video":null,"og_custom_url":null,"og_article_section":null,"og_article_tags":null,"twitter_use_og":false,"twitter_card":"default","twitter_image_type":"default","twitter_image_url":null,"twitter_image_custom_url":null,"twitter_image_custom_fields":null,"twitter_title":null,"twitter_description":null,"schema":{"blockGraphs":[],"customGraphs":[],"default":{"data":{"Article":[],"Course":[],"Dataset":[],"FAQPage":[],"Movie":[],"Person":[],"Product":[],"ProductReview":[],"Car":[],"Recipe":[],"Service":[],"SoftwareApplication":[],"WebPage":[]},"graphName":"","isEnabled":true},"graphs":[]},"schema_type":"default","schema_type_options":null,"pillar_content":false,"robots_default":true,"robots_noindex":false,"robots_noarchive":false,"robots_nosnippet":false,"robots_nofollow":false,"robots_noimageindex":false,"robots_noodp":false,"robots_notranslate":false,"robots_max_snippet":null,"robots_max_videopreview":null,"robots_max_imagepreview":"large","priority":null,"frequency":null,"local_seo":null,"seo_analyzer_scan_date":"2026-02-09 22:31:35","limit_modified_date":false,"reviewed_by":null,"open_ai":null,"ai":null,"created":"2026-02-09 22:31:35","updated":"2026-02-10 05:51:28"},"aioseo_breadcrumb":"<div class=\"aioseo-breadcrumbs\"><span class=\"aioseo-breadcrumb\">\n\t<a href=\"https:\/\/monatglobal.com\/es\" title=\"Home\">Home<\/a>\n<\/span><span class=\"aioseo-breadcrumb-separator\">&raquo;<\/span><span class=\"aioseo-breadcrumb\">\n\tPrograma para Estilista de MONAT | Mejora tu talento y crece m\u00e1s all\u00e1 de la silla\n<\/span><\/div>","aioseo_breadcrumb_json":[{"label":"Home","link":"https:\/\/monatglobal.com\/es"},{"label":"Programa para Estilista de MONAT | Mejora tu talento y crece m\u00e1s all\u00e1 de la silla","link":"https:\/\/monatglobal.com\/es\/monat-stylist-program\/"}],"_links":{"self":[{"href":"https:\/\/monatglobal.com\/es\/wp-json\/wp\/v2\/pages\/108518","targetHints":{"allow":["GET"]}}],"collection":[{"href":"https:\/\/monatglobal.com\/es\/wp-json\/wp\/v2\/pages"}],"about":[{"href":"https:\/\/monatglobal.com\/es\/wp-json\/wp\/v2\/types\/page"}],"author":[{"embeddable":true,"href":"https:\/\/monatglobal.com\/es\/wp-json\/wp\/v2\/users\/47"}],"replies":[{"embeddable":true,"href":"https:\/\/monatglobal.com\/es\/wp-json\/wp\/v2\/comments?post=108518"}],"version-history":[{"count":8,"href":"https:\/\/monatglobal.com\/es\/wp-json\/wp\/v2\/pages\/108518\/revisions"}],"predecessor-version":[{"id":108571,"href":"https:\/\/monatglobal.com\/es\/wp-json\/wp\/v2\/pages\/108518\/revisions\/108571"}],"wp:featuredmedia":[{"embeddable":true,"href":"https:\/\/monatglobal.com\/es\/wp-json\/wp\/v2\/media\/108569"}],"wp:attachment":[{"href":"https:\/\/monatglobal.com\/es\/wp-json\/wp\/v2\/media?parent=108518"}],"wp:term":[{"taxonomy":"category","embeddable":true,"href":"https:\/\/monatglobal.com\/es\/wp-json\/wp\/v2\/categories?post=108518"},{"taxonomy":"post_tag","embeddable":true,"href":"https:\/\/monatglobal.com\/es\/wp-json\/wp\/v2\/tags?post=108518"}],"curies":[{"name":"wp","href":"https:\/\/api.w.org\/{rel}","templated":true}]}}