{"id":108447,"date":"2025-08-22T01:14:50","date_gmt":"2025-08-22T00:14:50","guid":{"rendered":"https:\/\/monatglobal.com\/it\/?page_id=108447"},"modified":"2026-02-23T17:54:20","modified_gmt":"2026-02-23T17:54:20","slug":"barrier-booster-serum","status":"publish","type":"page","link":"https:\/\/monatglobal.com\/es\/barrier-booster-serum\/","title":{"rendered":"MONAT Barrier Booster\u2122 S\u00e9rum iluminador con niacinamida | Refina Poros"},"content":{"rendered":"\n<!--Title: MONAT Barrier Booster\u2122 S\u00e9rum iluminador con niacinamida | Refina Poros-->\n<!--Meta: Fortalece la barrera cut\u00e1nea con MONAT Barrier Booster\u2122 S\u00e9rum iluminador con niacinamida. Hidrata, reduce el enrojecimiento y los poros para lograr un brillo radiante y luminoso.-->\n<link rel=\"stylesheet\" href=\"https:\/\/monatglobal.com\/wp-content\/creative_css\/product_styles_sheet.css\">\n   <!--==================================================== ECOMM SECTION ====================================================-->\n       NEW\n      <!--==================================================== Ecomm image ====================================================-->\n                <!--Ecomm Image-->\n              <img decoding=\"async\" alt=\"Tube MONAT Barrier Booster\u2122 Niacinamide Glow Serum\" src=\"https:\/\/monatglobal.com\/wp-content\/uploads\/2025\/08\/10-NIACINAMIDE-GLOW-ECOMM-2025-min.png\" loading=\"lazy\">\n              <!--Ecomm Image-->\n            <!--before and after front-->\n              <img decoding=\"async\" alt=\"Smiling woman with curly hair holding MONAT Barrier Booster\u2122 Niacinamide Glow Serum dropper bottle near her face.\" src=\"https:\/\/monatglobal.com\/wp-content\/uploads\/2025\/08\/MONAT-Barrier-Booster-Niacinamide-Glow-Serum-model-ecomm-close-up-min-1.jpg\" loading=\"lazy\">\n              \n            <!--before and after front-->\n            <!--before and after back-->\n              <img decoding=\"async\" alt=\"Close-up of MONAT Barrier Booster\u2122 Niacinamide Glow Serum bottle on a light pink surface.\" src=\"https:\/\/monatglobal.com\/wp-content\/uploads\/2025\/08\/MONAT-Barrier-Booster-Barrier-Niacinamide-Glow-Serum-ecomm-prodcut-close-up-min.jpg\" loading=\"lazy\">\n              \n            <!--before and after back-->\n              <img decoding=\"async\" alt=\"Smiling woman with curly hair applying MONAT Barrier Booster\u2122 Niacinamide Glow Serum with a dropper.\" src=\"https:\/\/monatglobal.com\/wp-content\/uploads\/2025\/08\/MONAT-Barrier-Booster\u2122-Niacinamide-Glow-Serum-ecomm-model-close-up-2-min.jpg\" loading=\"lazy\">\n                      <!--Ecomm Image-->\n                    <img decoding=\"async\" alt=\"Tube MONAT Barrier Booster\u2122 Niacinamide Glow Serum\" src=\"https:\/\/monatglobal.com\/wp-content\/uploads\/2025\/08\/10-NIACINAMIDE-GLOW-ECOMM-2025-min.png\" data-lbxp=\"\" loading=\"lazy\">\n                    <!--Ecomm Image-->\n                  <!--before and after front-->\n                    <img decoding=\"async\" alt=\"Smiling woman with curly hair holding MONAT Barrier Booster\u2122 Niacinamide Glow Serum dropper bottle near her face.\" src=\"https:\/\/monatglobal.com\/wp-content\/uploads\/2025\/08\/MONAT-Barrier-Booster-Niacinamide-Glow-Serum-model-ecomm-close-up-min-1.jpg\" data-lbxp=\"\" loading=\"lazy\">\n                  <!--before and after front-->\n                  <!--before and after back-->\n                    <img decoding=\"async\" alt=\"Close-up of MONAT Barrier Booster\u2122 Niacinamide Glow Serum bottle on a light pink surface.\" src=\"https:\/\/monatglobal.com\/wp-content\/uploads\/2025\/08\/MONAT-Barrier-Booster-Barrier-Niacinamide-Glow-Serum-ecomm-prodcut-close-up-min.jpg\" data-lbxp=\"\" loading=\"lazy\">\n                  <!--before and after back-->\n                    <img decoding=\"async\" alt=\"Smiling woman with curly hair applying MONAT Barrier Booster\u2122 Niacinamide Glow Serum with a dropper.\" src=\"https:\/\/monatglobal.com\/wp-content\/uploads\/2025\/08\/MONAT-Barrier-Booster\u2122-Niacinamide-Glow-Serum-ecomm-model-close-up-2-min.jpg\" loading=\"lazy\">\n      <!--==================================================== Ecomm information  ====================================================-->\n         \n         NUEVO \n         <p>MONAT<\/p>\n         <h1> Barrier Booster\u2122 <br> S\u00e9rum iluminador con niacinamida<\/h1>\n         <p>Ayuda a minimizar la apariencia de los poros y el enrojecimiento, a la vez que hidrata la piel para lograr un cutis con efecto cristal.<\/p> \n         <p>30 ml e 1 fl. oz.<\/p> \n      <!--==================================================== pricing box  ====================================================-->   \n               <p>Precio cliente<br>00.00 \u20ac<\/p>\n               <p>Precio cliente VIP<br>00.00 \u20ac<\/p>\n      <!--==================================================== pricing box  ====================================================-->     \n         <p>Para conocer m\u00e1s sobre MONAT Barrier Booster\u2122 S\u00e9rum Iluminador con Niacinamida, ponte en contacto con tu Market Partner&nbsp;de MONAT.<\/p>\n          <a href=\"\" target=\"_blank\" role=\"button\" aria-label=\"\" rel=\"noopener\"><\/a>\n   <!--==================================================== \/ECOMM SECTION  ====================================================--> \n   <!--==================================================== Benefits image ====================================================-->\n      \n    <source media=\"(max-width: 700px)\" srcset=\"https:\/\/monatglobal.com\/wp-content\/uploads\/2025\/08\/MONAT-Barrier-Booster-Niacinamide-Glow-Serum-benefits-mobile-min.jpg\" loading=\"lazy\">\n      <img decoding=\"async\" src=\"https:\/\/monatglobal.com\/wp-content\/uploads\/2025\/08\/MONAT-Barrier-Booster-Niacinamide-Glow-Serum-benefits-desktop-min.jpg\" alt=\"Smiling woman with curly hair holding MONAT Barrier Booster\u2122 Niacinamide Glow Serum dropper bottle near her face.\" loading=\"lazy\">\n    \n   <!--==================================================== Benefits text ====================================================-->\n         <h2>BENEFICIOS<\/h2>\n         <h3>Tu barrera cut\u00e1nea es tu defensa personal.  Cuando se debilita por los factores de estr\u00e9s diarios, puede provocar sequedad, poros obstruidos y sensibilidad.<\/h3> \n         <p> <strong> MONAT Barrier Booster\u2122 S\u00e9rum Iluminador con Niacinamida<\/strong>  est\u00e1 formulado para fortalecer, hidratar y apoyar la barrera natural de la piel, para que puedas brillar con confianza.<\/p> \n         *Based on a 28-day consumer study with 48 participants, performed by a third-party laboratory.\n\n         <!--==================================================== features image  ====================================================-->\n         <img decoding=\"async\" alt=\"features alt\" src=\"https:\/\/monatglobal.com\/wp-content\/uploads\/2025\/08\/MONAT-Barrier-Booster-Niacinamide-Glow-Serum-features-min.jpg\" loading=\"lazy\">\n      <!--==================================================== features text ====================================================-->\n            <h3>Caracter\u00edsticas<\/h3>  \n               <p>\/ Con un 87% de ingredientes de origen natural<\/p>\n               <p>\/ Fortalece la barrera de la piel<\/p>\n               <p>\/ Ayuda a minimizar el enrojecimiento y la apariencia de los poros<\/p>\n               <p>\/ Hidrata y calma la piel <\/p>\n               <p>\/ Apto para todo tipo de piel, incluida la piel sensible<\/p>\n            \n            *Based on a 24-hour instrumental test with 22 participants measuring skin moisturization after product application. Performed by a third-party laboratory.  \n\n<br>\n            <p>Fragancia \/ Sin fragancia <\/p>\n            <p> Textura \/ S\u00e9rum ligero<\/p> \n   <!--==================================================== composition image mobile ====================================================-->\n   <img decoding=\"async\" alt=\"MONAT Barrier Booster\u2122 Niacinamide Glow Serum bottles lying side by side on a pastel pink surface.\" src=\"https:\/\/monatglobal.com\/wp-content\/uploads\/2025\/08\/MONAT-Barrier-Booster-Niacinamide-Glow-Serum-composition-min.jpg\" loading=\"lazy\">\n   <!--==================================================== Why it works text ====================================================-->\n      <h2>Defiende tu brillo<\/h2>\n      <h3>Este s\u00e9rum multifuncional que refuerza la barrera cut\u00e1nea est\u00e1 formulado con 10 % de niacinamida para potenciar la salud de la barrera de la piel y mejorar la apariencia de los poros, logrando una tez equilibrada, suave y radiante. <\/h3>\n<!--==================================================== Composition section ====================================================-->\n      <img decoding=\"async\" alt=\"MONAT Barrier Booster\u2122 Niacinamide Glow Serum bottles lying side by side on a pastel pink surface.\" src=\"https:\/\/monatglobal.com\/wp-content\/uploads\/2025\/08\/MONAT-Barrier-Booster-Niacinamide-Glow-Serum-composition-min.jpg\" loading=\"lazy\">\n      <img decoding=\"async\" alt=\"Smiling woman with curly hair applying MONAT Barrier Booster\u2122 Niacinamide Glow Serum with a dropper.\" src=\"https:\/\/monatglobal.com\/wp-content\/uploads\/2025\/08\/MONAT-Barrier-Booster-Niacinamide-Glow-Serum-composition-2-min.jpg\" loading=\"lazy\">\n            <!--==================================================== Directions text ====================================================--> \n               <h3>Instrucciones de uso<\/h3>\n                    <p>\/ Aplicar de 3 a 4 gotas en el rostro, cuello y escote por la ma\u00f1ana y por la noche.<\/p>\n                    <p>\/ Continuar con el protector solar por la ma\u00f1ana. <\/p>\n            <!--==================================================== Directions video ====================================================-->\n        <p>MONAT Barrier Booster\u2122 <br>S\u00e9rum Iluminador con Niacinamida<br>0:38<\/p>\n      <a href=\"\" target=\"_blank\" role=\"button\" aria-label=\"\" rel=\"noopener\"><\/a>\n   <!--==================================================== Ingredients section  ====================================================-->\n      <h2>INGREDIENTES CLAVE<\/h2>\n          <img decoding=\"async\" src=\"https:\/\/monatglobal.com\/wp-content\/uploads\/2025\/08\/Niacinamide.svg\" alt=\"icon of Niacinamide\"> \n      <p>Niacinamida <\/p>\n              <img decoding=\"async\" src=\"https:\/\/monatglobal.com\/wp-content\/uploads\/2025\/07\/Glycerin.svg\" alt=\"icon of Glycerin\">\n      <p>Glicerina<\/p>\n           <img decoding=\"async\" src=\"https:\/\/monatglobal.com\/uk\/wp-content\/uploads\/sites\/6\/2025\/07\/Propanediol.svg\" alt=\"icon of Propanediol\">\n      <p>Propanediol<\/p>\n            <img decoding=\"async\" src=\"https:\/\/monatglobal.com\/wp-content\/uploads\/2022\/11\/Plant-derived-squalane.svg\" alt=\"icon of Squalane\"> \n      <p>Green Tea Leaf Extract<\/p>\n        <button id=\"myBtn\" type=\"button\">LISTA DE INGREDIENTES<\/button>\n      <!--==================================================== Modal content  ====================================================-->\n         \u00d7\n         Aqua\/Water\/Eau, Niacinamide, Coconut Alkanes, Propanediol, Isopropyl\nMyristate, Glycerin, Polyglyceryl-10 Oleate, Hydroxyethyl Acrylate\/Sodium\nAcryloyldimethyl Taurate Copolymer, Coco-Caprylate\/Caprate, Xanthan\nGum, Polysorbate 60, Sorbitan Isostearate, Tocopherol, Cetearyl Alcohol,\nBenzyl Alcohol, Ethylhexylglycerin, Citric Acid.\n   <!--==================================================== You might also like section ====================================================-->\n      <h2>PUEDE QUE TAMBI\u00c9N TE GUSTE<\/h2>\n      <!--==================================================== Slider YOU MIGHT ALSO LIKE ====================================================-->\n         <!--==================================================== If we need navigation buttons  ====================================================-->\n         <!--==================================================== If we need paginations  ====================================================-->\n    <a href=\"\" aria-label=\"\"><\/a>\n","protected":false},"excerpt":{"rendered":"<p>NEW NUEVO MONAT Barrier Booster\u2122 S\u00e9rum iluminador con niacinamida Ayuda a minimizar la apariencia de los poros y el enrojecimiento, a la vez que hidrata la piel para lograr un cutis con efecto cristal. 30 ml e 1 fl. oz. Precio cliente00.00 \u20ac Precio cliente VIP00.00 \u20ac Para conocer m\u00e1s sobre MONAT Barrier Booster\u2122 S\u00e9rum&hellip;<\/p>\n","protected":false},"author":57,"featured_media":108575,"parent":0,"menu_order":0,"comment_status":"closed","ping_status":"closed","template":"","meta":{"inline_featured_image":false,"om_disable_all_campaigns":false,"_monsterinsights_skip_tracking":false,"_monsterinsights_sitenote_active":false,"_monsterinsights_sitenote_note":"","_monsterinsights_sitenote_category":0,"footnotes":""},"categories":[31],"tags":[],"class_list":["post-108447","page","type-page","status-publish","has-post-thumbnail","hentry","category-product-es"],"aioseo_notices":[],"aioseo_head":"\n\t\t<!-- All in One SEO Pro 4.9.5.2 - aioseo.com -->\n\t<meta name=\"description\" content=\"Fortalece la barrera cut\u00e1nea con MONAT Barrier Booster\u2122 S\u00e9rum iluminador con niacinamida. Hidrata, reduce el enrojecimiento y los poros para lograr un brillo radiante y luminoso.\" \/>\n\t<meta name=\"robots\" content=\"max-image-preview:large\" \/>\n\t<link rel=\"canonical\" href=\"https:\/\/monatglobal.com\/es\/barrier-booster-serum\/\" \/>\n\t<meta name=\"generator\" content=\"All in One SEO Pro (AIOSEO) 4.9.5.2\" \/>\n\t\t<meta property=\"og:locale\" content=\"en_US\" \/>\n\t\t<meta property=\"og:site_name\" content=\"MONAT Espa\u00f1a - We Are Modern Nature\u00ae\" \/>\n\t\t<meta property=\"og:type\" content=\"article\" \/>\n\t\t<meta property=\"og:title\" content=\"MONAT Barrier Booster\u2122 S\u00e9rum iluminador con niacinamida | Refina Poros\" \/>\n\t\t<meta property=\"og:description\" content=\"Fortalece la barrera cut\u00e1nea con MONAT Barrier Booster\u2122 S\u00e9rum iluminador con niacinamida. Hidrata, reduce el enrojecimiento y los poros para lograr un brillo radiante y luminoso.\" \/>\n\t\t<meta property=\"og:url\" content=\"https:\/\/monatglobal.com\/es\/barrier-booster-serum\/\" \/>\n\t\t<meta property=\"article:published_time\" content=\"2025-08-22T00:14:50+00:00\" \/>\n\t\t<meta property=\"article:modified_time\" content=\"2026-02-23T17:54:20+00:00\" \/>\n\t\t<meta name=\"twitter:card\" content=\"summary_large_image\" \/>\n\t\t<meta name=\"twitter:title\" content=\"MONAT Barrier Booster\u2122 S\u00e9rum iluminador con niacinamida | Refina Poros\" \/>\n\t\t<meta name=\"twitter:description\" content=\"Fortalece la barrera cut\u00e1nea con MONAT Barrier Booster\u2122 S\u00e9rum iluminador con niacinamida. Hidrata, reduce el enrojecimiento y los poros para lograr un brillo radiante y luminoso.\" \/>\n\t\t<script type=\"application\/ld+json\" class=\"aioseo-schema\">\n\t\t\t{\"@context\":\"https:\\\/\\\/schema.org\",\"@graph\":[{\"@type\":\"BreadcrumbList\",\"@id\":\"https:\\\/\\\/monatglobal.com\\\/es\\\/barrier-booster-serum\\\/#breadcrumblist\",\"itemListElement\":[{\"@type\":\"ListItem\",\"@id\":\"https:\\\/\\\/monatglobal.com\\\/es#listItem\",\"position\":1,\"name\":\"Home\",\"item\":\"https:\\\/\\\/monatglobal.com\\\/es\",\"nextItem\":{\"@type\":\"ListItem\",\"@id\":\"https:\\\/\\\/monatglobal.com\\\/es\\\/barrier-booster-serum\\\/#listItem\",\"name\":\"MONAT Barrier Booster\\u2122 S\\u00e9rum iluminador con niacinamida | Refina Poros\"}},{\"@type\":\"ListItem\",\"@id\":\"https:\\\/\\\/monatglobal.com\\\/es\\\/barrier-booster-serum\\\/#listItem\",\"position\":2,\"name\":\"MONAT Barrier Booster\\u2122 S\\u00e9rum iluminador con niacinamida | Refina Poros\",\"previousItem\":{\"@type\":\"ListItem\",\"@id\":\"https:\\\/\\\/monatglobal.com\\\/es#listItem\",\"name\":\"Home\"}}]},{\"@type\":\"Organization\",\"@id\":\"https:\\\/\\\/monatglobal.com\\\/es\\\/#organization\",\"name\":\"MONAT Espa\\u00f1a\",\"description\":\"We Are Modern Nature\\u00ae\",\"url\":\"https:\\\/\\\/monatglobal.com\\\/es\\\/\"},{\"@type\":\"WebPage\",\"@id\":\"https:\\\/\\\/monatglobal.com\\\/es\\\/barrier-booster-serum\\\/#webpage\",\"url\":\"https:\\\/\\\/monatglobal.com\\\/es\\\/barrier-booster-serum\\\/\",\"name\":\"MONAT Barrier Booster\\u2122 S\\u00e9rum iluminador con niacinamida | Refina Poros\",\"description\":\"Fortalece la barrera cut\\u00e1nea con MONAT Barrier Booster\\u2122 S\\u00e9rum iluminador con niacinamida. Hidrata, reduce el enrojecimiento y los poros para lograr un brillo radiante y luminoso.\",\"inLanguage\":\"en-US\",\"isPartOf\":{\"@id\":\"https:\\\/\\\/monatglobal.com\\\/es\\\/#website\"},\"breadcrumb\":{\"@id\":\"https:\\\/\\\/monatglobal.com\\\/es\\\/barrier-booster-serum\\\/#breadcrumblist\"},\"image\":{\"@type\":\"ImageObject\",\"url\":\"https:\\\/\\\/monatglobal.com\\\/es\\\/wp-content\\\/uploads\\\/sites\\\/10\\\/2025\\\/10\\\/10-NIACINAMIDE-GLOW-ECOMM-2025-min.png\",\"@id\":\"https:\\\/\\\/monatglobal.com\\\/es\\\/barrier-booster-serum\\\/#mainImage\",\"width\":641,\"height\":800},\"primaryImageOfPage\":{\"@id\":\"https:\\\/\\\/monatglobal.com\\\/es\\\/barrier-booster-serum\\\/#mainImage\"},\"datePublished\":\"2025-08-22T01:14:50+01:00\",\"dateModified\":\"2026-02-23T17:54:20+00:00\"},{\"@type\":\"WebSite\",\"@id\":\"https:\\\/\\\/monatglobal.com\\\/es\\\/#website\",\"url\":\"https:\\\/\\\/monatglobal.com\\\/es\\\/\",\"name\":\"MONAT Espa\\u00f1a\",\"description\":\"We Are Modern Nature\\u00ae\",\"inLanguage\":\"en-US\",\"publisher\":{\"@id\":\"https:\\\/\\\/monatglobal.com\\\/es\\\/#organization\"}}]}\n\t\t<\/script>\n\t\t<!-- All in One SEO Pro -->\r\n\t\t<title>MONAT Barrier Booster\u2122 S\u00e9rum iluminador con niacinamida | Refina Poros<\/title>\n\n","aioseo_head_json":{"title":"MONAT Barrier Booster\u2122 S\u00e9rum iluminador con niacinamida | Refina Poros","description":"Fortalece la barrera cut\u00e1nea con MONAT Barrier Booster\u2122 S\u00e9rum iluminador con niacinamida. Hidrata, reduce el enrojecimiento y los poros para lograr un brillo radiante y luminoso.","canonical_url":"https:\/\/monatglobal.com\/es\/barrier-booster-serum\/","robots":"max-image-preview:large","keywords":"","webmasterTools":{"miscellaneous":""},"schema":{"@context":"https:\/\/schema.org","@graph":[{"@type":"BreadcrumbList","@id":"https:\/\/monatglobal.com\/es\/barrier-booster-serum\/#breadcrumblist","itemListElement":[{"@type":"ListItem","@id":"https:\/\/monatglobal.com\/es#listItem","position":1,"name":"Home","item":"https:\/\/monatglobal.com\/es","nextItem":{"@type":"ListItem","@id":"https:\/\/monatglobal.com\/es\/barrier-booster-serum\/#listItem","name":"MONAT Barrier Booster\u2122 S\u00e9rum iluminador con niacinamida | Refina Poros"}},{"@type":"ListItem","@id":"https:\/\/monatglobal.com\/es\/barrier-booster-serum\/#listItem","position":2,"name":"MONAT Barrier Booster\u2122 S\u00e9rum iluminador con niacinamida | Refina Poros","previousItem":{"@type":"ListItem","@id":"https:\/\/monatglobal.com\/es#listItem","name":"Home"}}]},{"@type":"Organization","@id":"https:\/\/monatglobal.com\/es\/#organization","name":"MONAT Espa\u00f1a","description":"We Are Modern Nature\u00ae","url":"https:\/\/monatglobal.com\/es\/"},{"@type":"WebPage","@id":"https:\/\/monatglobal.com\/es\/barrier-booster-serum\/#webpage","url":"https:\/\/monatglobal.com\/es\/barrier-booster-serum\/","name":"MONAT Barrier Booster\u2122 S\u00e9rum iluminador con niacinamida | Refina Poros","description":"Fortalece la barrera cut\u00e1nea con MONAT Barrier Booster\u2122 S\u00e9rum iluminador con niacinamida. Hidrata, reduce el enrojecimiento y los poros para lograr un brillo radiante y luminoso.","inLanguage":"en-US","isPartOf":{"@id":"https:\/\/monatglobal.com\/es\/#website"},"breadcrumb":{"@id":"https:\/\/monatglobal.com\/es\/barrier-booster-serum\/#breadcrumblist"},"image":{"@type":"ImageObject","url":"https:\/\/monatglobal.com\/es\/wp-content\/uploads\/sites\/10\/2025\/10\/10-NIACINAMIDE-GLOW-ECOMM-2025-min.png","@id":"https:\/\/monatglobal.com\/es\/barrier-booster-serum\/#mainImage","width":641,"height":800},"primaryImageOfPage":{"@id":"https:\/\/monatglobal.com\/es\/barrier-booster-serum\/#mainImage"},"datePublished":"2025-08-22T01:14:50+01:00","dateModified":"2026-02-23T17:54:20+00:00"},{"@type":"WebSite","@id":"https:\/\/monatglobal.com\/es\/#website","url":"https:\/\/monatglobal.com\/es\/","name":"MONAT Espa\u00f1a","description":"We Are Modern Nature\u00ae","inLanguage":"en-US","publisher":{"@id":"https:\/\/monatglobal.com\/es\/#organization"}}]},"og:locale":"en_US","og:site_name":"MONAT Espa\u00f1a - We Are Modern Nature\u00ae","og:type":"article","og:title":"MONAT Barrier Booster\u2122 S\u00e9rum iluminador con niacinamida | Refina Poros","og:description":"Fortalece la barrera cut\u00e1nea con MONAT Barrier Booster\u2122 S\u00e9rum iluminador con niacinamida. Hidrata, reduce el enrojecimiento y los poros para lograr un brillo radiante y luminoso.","og:url":"https:\/\/monatglobal.com\/es\/barrier-booster-serum\/","article:published_time":"2025-08-22T00:14:50+00:00","article:modified_time":"2026-02-23T17:54:20+00:00","twitter:card":"summary_large_image","twitter:title":"MONAT Barrier Booster\u2122 S\u00e9rum iluminador con niacinamida | Refina Poros","twitter:description":"Fortalece la barrera cut\u00e1nea con MONAT Barrier Booster\u2122 S\u00e9rum iluminador con niacinamida. Hidrata, reduce el enrojecimiento y los poros para lograr un brillo radiante y luminoso."},"aioseo_meta_data":{"post_id":"108447","title":"MONAT Barrier Booster\u2122 S\u00e9rum iluminador con niacinamida | Refina Poros","description":"Fortalece la barrera cut\u00e1nea con MONAT Barrier Booster\u2122 S\u00e9rum iluminador con niacinamida. Hidrata, reduce el enrojecimiento y los poros para lograr un brillo radiante y luminoso.","keywords":null,"keyphrases":{"focus":{"keyphrase":"","score":0,"analysis":{"keyphraseInTitle":{"score":0,"maxScore":9,"error":1}}},"additional":[]},"primary_term":null,"canonical_url":null,"og_title":null,"og_description":null,"og_object_type":"default","og_image_type":"default","og_image_url":null,"og_image_width":null,"og_image_height":null,"og_image_custom_url":null,"og_image_custom_fields":null,"og_video":"","og_custom_url":null,"og_article_section":null,"og_article_tags":null,"twitter_use_og":false,"twitter_card":"default","twitter_image_type":"default","twitter_image_url":null,"twitter_image_custom_url":null,"twitter_image_custom_fields":null,"twitter_title":null,"twitter_description":null,"schema":{"blockGraphs":[],"customGraphs":[],"default":{"data":{"Article":[],"Course":[],"Dataset":[],"FAQPage":[],"Movie":[],"Person":[],"Product":[],"ProductReview":[],"Car":[],"Recipe":[],"Service":[],"SoftwareApplication":[],"WebPage":[]},"graphName":"WebPage","isEnabled":true},"graphs":[]},"schema_type":"default","schema_type_options":null,"pillar_content":false,"robots_default":true,"robots_noindex":false,"robots_noarchive":false,"robots_nosnippet":false,"robots_nofollow":false,"robots_noimageindex":false,"robots_noodp":false,"robots_notranslate":false,"robots_max_snippet":"-1","robots_max_videopreview":"-1","robots_max_imagepreview":"large","priority":null,"frequency":"default","local_seo":null,"seo_analyzer_scan_date":"2026-02-23 18:08:04","limit_modified_date":false,"reviewed_by":"0","open_ai":null,"ai":{"faqs":[],"keyPoints":[],"titles":[],"descriptions":[],"socialPosts":{"email":[],"linkedin":[],"twitter":[],"facebook":[],"instagram":[]}},"created":"2025-09-09 21:46:06","updated":"2026-02-23 18:08:04"},"aioseo_breadcrumb":"<div class=\"aioseo-breadcrumbs\"><span class=\"aioseo-breadcrumb\">\n\t<a href=\"https:\/\/monatglobal.com\/es\" title=\"Home\">Home<\/a>\n<\/span><span class=\"aioseo-breadcrumb-separator\">&raquo;<\/span><span class=\"aioseo-breadcrumb\">\n\tMONAT Barrier Booster\u2122 S\u00e9rum iluminador con niacinamida | Refina Poros\n<\/span><\/div>","aioseo_breadcrumb_json":[{"label":"Home","link":"https:\/\/monatglobal.com\/es"},{"label":"MONAT Barrier Booster\u2122 S\u00e9rum iluminador con niacinamida | Refina Poros","link":"https:\/\/monatglobal.com\/es\/barrier-booster-serum\/"}],"_links":{"self":[{"href":"https:\/\/monatglobal.com\/es\/wp-json\/wp\/v2\/pages\/108447","targetHints":{"allow":["GET"]}}],"collection":[{"href":"https:\/\/monatglobal.com\/es\/wp-json\/wp\/v2\/pages"}],"about":[{"href":"https:\/\/monatglobal.com\/es\/wp-json\/wp\/v2\/types\/page"}],"author":[{"embeddable":true,"href":"https:\/\/monatglobal.com\/es\/wp-json\/wp\/v2\/users\/57"}],"replies":[{"embeddable":true,"href":"https:\/\/monatglobal.com\/es\/wp-json\/wp\/v2\/comments?post=108447"}],"version-history":[{"count":20,"href":"https:\/\/monatglobal.com\/es\/wp-json\/wp\/v2\/pages\/108447\/revisions"}],"predecessor-version":[{"id":109156,"href":"https:\/\/monatglobal.com\/es\/wp-json\/wp\/v2\/pages\/108447\/revisions\/109156"}],"wp:featuredmedia":[{"embeddable":true,"href":"https:\/\/monatglobal.com\/es\/wp-json\/wp\/v2\/media\/108575"}],"wp:attachment":[{"href":"https:\/\/monatglobal.com\/es\/wp-json\/wp\/v2\/media?parent=108447"}],"wp:term":[{"taxonomy":"category","embeddable":true,"href":"https:\/\/monatglobal.com\/es\/wp-json\/wp\/v2\/categories?post=108447"},{"taxonomy":"post_tag","embeddable":true,"href":"https:\/\/monatglobal.com\/es\/wp-json\/wp\/v2\/tags?post=108447"}],"curies":[{"name":"wp","href":"https:\/\/api.w.org\/{rel}","templated":true}]}}