{"id":108429,"date":"2025-08-22T00:56:14","date_gmt":"2025-08-21T23:56:14","guid":{"rendered":"https:\/\/monatglobal.com\/it\/?page_id=108429"},"modified":"2026-02-23T17:25:15","modified_gmt":"2026-02-23T17:25:15","slug":"bond-iq-shampoo","status":"publish","type":"page","link":"https:\/\/monatglobal.com\/es\/bond-iq-shampoo\/","title":{"rendered":"MONAT BOND IQ\u2122 Champ\u00fa fortificante | Repara el cabello da\u00f1ado"},"content":{"rendered":"\n<!--Title: MONAT BOND IQ\u2122 Champ\u00fa fortificante |  Repara el cabello da\u00f1ado-->\n<!--Meta: Fortalece, suaviza y repara el cabello da\u00f1ado desde el primer lavado con MONAT BOND IQ\u2122 Champ\u00fa fortificante. Reduce la rotura y el encrespamiento para conseguir un cabello de aspecto sano.-->\n<link rel=\"stylesheet\" href=\"https:\/\/monatglobal.com\/wp-content\/creative_css\/product_styles_sheet.css\">\n   <!--==================================================== ECOMM SECTION ====================================================-->\n    NEW   \n      <!--==================================================== Ecomm image ====================================================-->  \n                <!--Ecomm Image-->\n              <img decoding=\"async\" alt=\"BOND IQ\u2122 Fortifying Shampoo\" src=\"https:\/\/monatglobal.com\/wp-content\/uploads\/2025\/08\/MONAT-BOND-IQ-Fortifying-Shampoo_ecomm-min.png\" loading=\"lazy\">\n              <!--Ecomm Image-->\n            <!--before and after front-->\n              <img decoding=\"async\" alt=\"back view of a woman massaging shampoo into her hair\" src=\"https:\/\/monatglobal.com\/wp-content\/uploads\/2025\/08\/MONAT-BOND-IQ-Fortifying-Shampoo-model-close-up-min.jpg\" loading=\"lazy\">\n              \n            <!--before and after front-->\n            <!--before and after back-->\n              <img decoding=\"async\" alt=\"Tall white bottle of MONAT BOND IQ\u2122 Fortifying Shampoo displayed upright\" src=\"https:\/\/monatglobal.com\/wp-content\/uploads\/2025\/08\/MONAT-BOND-IQ-Fortifying-Shampoo-product-close-up-min.jpg\" loading=\"lazy\">\n              \n            <!--before and after back-->\n              <img decoding=\"async\" alt=\"Close-up of a woman in the shower holding a bottle of MONAT Bond IQ\u2122 Fortifying Shampoo near her shoulder, with water droplets on her skin and the bottle\" src=\"https:\/\/monatglobal.com\/wp-content\/uploads\/2025\/08\/MONAT-BOND-IQ-Fortifying-Shampoo-model-video-thumbnail-min.jpg\" loading=\"lazy\">\n                      <!--Ecomm Image-->\n                    <img decoding=\"async\" alt=\"BOND IQ\u2122 Fortifying Shampoo\" src=\"https:\/\/monatglobal.com\/wp-content\/uploads\/2025\/08\/MONAT-BOND-IQ-Fortifying-Shampoo_ecomm-min.png\" data-lbxp=\"\" loading=\"lazy\">\n                    <!--Ecomm Image-->\n                  <!--before and after front-->\n                    <img decoding=\"async\" alt=\"back view of a woman massaging shampoo into her hair\" src=\"https:\/\/monatglobal.com\/wp-content\/uploads\/2025\/08\/MONAT-BOND-IQ-Fortifying-Shampoo-model-close-up-min.jpg\" data-lbxp=\"\" loading=\"lazy\">\n                  <!--before and after front-->\n                  <!--before and after back-->\n                    <img decoding=\"async\" alt=\"Tall white bottle of MONAT BOND IQ\u2122 Fortifying Shampoo displayed upright\" src=\"https:\/\/monatglobal.com\/wp-content\/uploads\/2025\/08\/MONAT-BOND-IQ-Fortifying-Shampoo-product-close-up-min.jpg\" data-lbxp=\"\" loading=\"lazy\">\n                  <!--before and after back-->\n                    <img decoding=\"async\" alt=\"Close-up of a woman in the shower holding a bottle of MONAT Bond IQ\u2122 Fortifying Shampoo near her shoulder, with water droplets on her skin and the bottle\" src=\"https:\/\/monatglobal.com\/wp-content\/uploads\/2025\/08\/MONAT-BOND-IQ-Fortifying-Shampoo-model-video-thumbnail-min.jpg\" loading=\"lazy\">\n      <!--==================================================== Ecomm information  ====================================================-->\n         \n         NUEVO\n         <p>MONAT<\/p>\n         <h1>BOND IQ\u2122 <br>Champ\u00fa fortificante<\/h1>  \n          <p>Fortalecimiento y reparaci\u00f3n<\/p>   \n         <p>Frizz-Reducing Moisturizing Leave-In Styler<\/p>   \n         <p>El cabello parece m\u00e1s fuerte, suave y manejable desde el primer lavado. <\/p> \n         <p>237 ml e 8 fl. oz.<\/p>\n      <!--==================================================== pricing box  ====================================================-->   \n               <p>Precio de venta Cliente<br>66.00 \u20ac<\/p>\n               <p>Precio Cliente VIP<br>56.00 \u20ac<\/p>\n      <!--==================================================== pricing box  ====================================================-->     \n         <p>Para conocer m\u00e1s sobre MONAT BOND IQ\u2122 Champ\u00fa fortificante, ponte en contacto con tu Market Partner de&nbsp;MONAT.<\/p>  \n          <a href=\"\" target=\"_blank\" role=\"button\" aria-label=\"\" rel=\"noopener\"><\/a>\n   <!--==================================================== \/ECOMM SECTION  ====================================================--> \n   <!--==================================================== Benefits image ====================================================-->\n  \n    <source media=\"(max-width: 700px)\" srcset=\"https:\/\/monatglobal.com\/wp-content\/uploads\/2025\/08\/MONAT-BOND-IQ-Fortifying-Shampoo-benefits-Mobile-min.jpg\" loading=\"lazy\">\n      <img decoding=\"async\" src=\"https:\/\/monatglobal.com\/wp-content\/uploads\/2025\/08\/MONAT-BOND-IQ-Fortifying-Shampoo-benefits-desktop-min.jpg\" alt=\"Close-up of a woman with healthy, voluminous hair, smiling while holding a MONAT BOND IQ\u2122 Fortifying Shampoo bottle\" loading=\"lazy\">\n    \n   <!--==================================================== Benefits text ====================================================--> \n         <h2>BENEFICIOS<\/h2> \n         <h3>Tu cabello merece una segunda oportunidad, y este champ\u00fa se la&nbsp;brinda.<\/h3>  \n         <p> <strong> MONAT BOND IQ\u2122 Champ\u00fa fortificante <\/strong> trabaja donde empieza el da\u00f1o: en el centro de la fibra capilar. Su f\u00f3rmula fortalecedora ayuda a reducir la rotura, aumentar el brillo, manejar el encrespamiento y restaurar la suavidad*. Deja el cabello con una sensaci\u00f3n m\u00e1s fuerte, suave y manejable desde el primer lavado.<\/p>\n         <p>*Resultados basados en un estudio de consumidores de 28 d\u00edas con 45 participantes, realizado por un laboratorio externo.<\/p>\n         <!--==================================================== features image  ====================================================-->\n         <img decoding=\"async\" alt=\"MONAT BOND IQ\u2122 Fortifying Shampoo bottle held upright in front of a light beige marble surface\" src=\"https:\/\/monatglobal.com\/wp-content\/uploads\/2025\/08\/MONAT-BOND-IQ-Fortifying-Shampoo-features-min.jpg\" loading=\"lazy\">\n      <!--==================================================== features text ====================================================-->\n            <h3>Caracter\u00edsticas<\/h3>  \n               <p>\/ Con 84 % de ingredientes de origen natural<\/p> \n               <p>\/ El cabello se ve y se siente m\u00e1s suave despu\u00e9s de un lavado* <\/p>\n               <p>\/ Hace que el cabello se sienta m\u00e1s fuerte*<\/p>\n               <p>\/ Ayuda a controlar el encrespamiento y mejora la capacidad de manejo del cabello* <\/p>\n               <p>\/ Aumenta el brillo y restaura la suavidad* <br> <\/p>\n            <p> *Basado en un estudio de consumidores de 28 d\u00edas con 45 participantes, realizado por un laboratorio externo.<\/p> \n<br>\n            <p>Fragancia \/ Fragancia fresca de c\u00edtricos verdes, rosa suave y \u00e1mbar amaderado.<\/p> \n            <p> Textura \/ Cremosa<\/p> \n   <!--==================================================== composition image mobile ====================================================-->\n   <img decoding=\"async\" alt=\"MONAT Bond IQ\u2122 Fortifying Shampoo bottle standing upright on a clear acrylic stand against a textured white, ridged background\" src=\"https:\/\/monatglobal.com\/wp-content\/uploads\/2025\/08\/MONAT-BOND-IQ-Fortifying-Shampoo-composition-1-min.jpg\" loading=\"lazy\">\n   <!--==================================================== Why it works text ====================================================-->\n      <h2>Cuidado m\u00e1s inteligente. Cabello m\u00e1s fuerte.<\/h2>\n      <h3>Potenciada con tecnolog\u00eda de p\u00e9ptidos biomim\u00e9ticos, esta f\u00f3rmula fortalecedora limpia en profundidad a la vez que mantiene el equilibrio de la humedad en el cuero cabelludo. La prote\u00edna de lupino ayuda a reconstruir los enlaces rotos y el extracto de baobab, la vitamina E y el aceite de coco nutren para conseguir resultados radiantes.<\/h3>\n<!--==================================================== Composition section ====================================================-->\n      <img decoding=\"async\" alt=\"MONAT Bond IQ\u2122 Fortifying Shampoo bottle standing upright on a clear acrylic stand against a textured white, ridged background\" src=\"https:\/\/monatglobal.com\/wp-content\/uploads\/2025\/08\/MONAT-BOND-IQ-Fortifying-Shampoo-composition-1-min.jpg\" loading=\"lazy\">\n      <img decoding=\"async\" alt=\"Close-up of a woman with healthy, voluminous hair, smiling while holding the shampoo bottle\" src=\"https:\/\/monatglobal.com\/wp-content\/uploads\/2025\/08\/MONAT-BOND-IQ-Fortifying-Shampoo-composition-2-min.jpg\" loading=\"lazy\">\n            <!--==================================================== Directions text ====================================================--> \n               <h3>Instrucciones de uso<\/h3>\n                    <p>\/ Emulsionar en las manos y aplicar en el cabello h\u00famedo. Hacer espuma durante 1-2 minutos. <\/p>\n                    <p>\/ Aclarar y repetir. <\/p>\n                    <p>\/ Para obtener resultados \u00f3ptimos, continuar con MONAT BOND IQ\u2122 Acondicionador fortificante. <\/p>\n            <!--==================================================== Directions video ====================================================-->\n        <p>MONAT BOND IQ\u2122<br> Champ\u00fa fortificante <br>0:48<\/p>\n      <a href=\"\" target=\"_blank\" role=\"button\" aria-label=\"\" rel=\"noopener\"><\/a>\n   <!--==================================================== Ingredients section  ====================================================-->\n      <h2>INGREDIENTES CLAVE<\/h2>\n          <img decoding=\"async\" src=\"https:\/\/monatglobal.com\/wp-content\/uploads\/2025\/08\/Lupin-Protein-icon.svg\" alt=\"icon of Prote\u00edna de lupino\"> \n      <p>Prote\u00edna de lupino <\/p>\n              <img decoding=\"async\" src=\"https:\/\/monatglobal.com\/wp-content\/uploads\/2025\/08\/Baobab-Oil-2.svg\" alt=\"icon of Extracto de baobab\">\n      <p>Extracto de baobab<\/p>\n           <img decoding=\"async\" src=\"https:\/\/monatglobal.com\/wp-content\/uploads\/2025\/08\/Peptide.svg\" alt=\"icon of P\u00e9ptidos\">\n      <p>P\u00e9ptidos<\/p>\n            <img decoding=\"async\" src=\"https:\/\/monatglobal.com\/wp-content\/uploads\/2025\/08\/rejuveniqe-icon-2.svg\" alt=\"icon of REJUVENIQE\u00ae\"> \n      <p>REJUVENIQE<sup>\u00ae<\/sup><\/p>\n        <button id=\"myBtn\" type=\"button\">LISTA DE INGREDIENTES<\/button>\n      <!--==================================================== Modal content  ====================================================-->\n         \u00d7\n         <br>\n         Aqua\/Water\/Eau, Sodium Lauroyl Methyl Isethionate, Sodium Cocoyl Isethionate, Glycerin, Lauramidopropyl Betaine, Decyl Glucoside, Fragrance\/Parfum, Hydrolyzed Lupine Protein, Biotinoyl Tripeptide-1, Tocopheryl Acetate, Brassica Napus Extract, Linum Usitatissimum\n(Linseed) Seed Extract, Salvia Hispanica Seed Extract, Hydrolyzed Adansonia Digitata Seed Extract, Arginine, Cocos Nucifera (Coconut) Oil, Limnanthes Alba (Meadowfoam) Seed Oil, Balanites Roxburghii Seed Oil, Pantothenic Acid, Crambe Abyssinica Seed Oil, Camellia Oleifera Seed Oil, Solanum Lycopersicum (Tomato) Seed Oil, Daucus Carota Sativa (Carrot) Seed Oil,\nCitrus Limon (Lemon) Peel Oil, Citrus Aurantifolia (Lime) Oil, Citrus Aurantium Bergamia (Bergamot) Fruit Oil, Moringa Oleifera Seed Oil, Tocopherol, Adansonia Digitata Oil, Mauritia Flexuosa Fruit Oil, Gardenia Taitensis Flower Extract, Caryocar Brasiliense Fruit Oil, Helianthus Annuus (Sunflower) Seed Oil, Polycaprolactone, Coconut Acid, Apigenin, Itaconic Acid, Sorbitan\nLaurate, Panthenol, Propanediol, Polyglyceryl-10 Dioleate, Sodium PCA, Glycine, Alanine, Serine, Valine, Proline, Threonine, Isoleucine, Glyceryl Undecylenate, Histidine, Phenylalanine, Behenyl Alcohol, Cetearyl Alcohol, Polyquaternium-7, Sodium Chloride, Polyquaternium-10, Hydroxyethyl Cetearamidopropyldimonium Chloride, Sorbeth-230 Tetraoleate, Sodium\nIsethionate, Trisodium Ethylenediamine Disuccinate, Acrylates Copolymer, Sodium Phytate, Glycol Distearate, Abyssinian\/Meadowfoamamidopropyl Hydroxysultaine, Lauramidopropyl Dimethylamine, Cocamidopropyl Hydroxysultaine, Sodium Hydroxide, Brassicamidopropyl Dimethylamine, Polyglyceryl-10 Laurate, Sodium Lactate, 1,2-Hexanediol, Caprylyl Glycol,\nPolyquaternium-37, Aspartic Acid, Pyrrolidone Carboxylic Acid (PCA), Xylitol, Caprylic Acid, Triisodecyl Phosphite, Glyceryl Caprylate, Polyglyceryl-10 Dipalmitate, Benzoic Acid, Ethylhexylglycerin, Alcohol, Benzyl Alcohol, Sodium Benzoate, Citronellol, Limonene, Hydroxycitronellal, Linalool, Hexamethylindanopyran, Linalyl Acetate, Trimethylcyclopentenyl\nMethylisopentenol, Tetramethyl Acetyloctahydronaphthalenes, Geranyl Acetate, Pinene.\n   <!--==================================================== You might also like section ====================================================-->\n      <h2>PUEDE QUE TAMBI\u00c9N TE GUSTE<\/h2>\n      <!--==================================================== Slider YOU MIGHT ALSO LIKE ====================================================-->\n         <!--==================================================== If we need navigation buttons  ====================================================-->\n         <!--==================================================== If we need paginations  ====================================================-->\n    <a href=\"\" aria-label=\"\"><\/a>\n","protected":false},"excerpt":{"rendered":"<p>NEW NUEVO MONAT BOND IQ\u2122 Champ\u00fa fortificante Fortalecimiento y reparaci\u00f3n Frizz-Reducing Moisturizing Leave-In Styler El cabello parece m\u00e1s fuerte, suave y manejable desde el primer lavado. 237 ml e 8 fl. oz. Precio de venta Cliente66.00 \u20ac Precio Cliente VIP56.00 \u20ac Para conocer m\u00e1s sobre MONAT BOND IQ\u2122 Champ\u00fa fortificante, ponte en contacto con tu&hellip;<\/p>\n","protected":false},"author":57,"featured_media":108588,"parent":0,"menu_order":0,"comment_status":"closed","ping_status":"closed","template":"","meta":{"inline_featured_image":false,"om_disable_all_campaigns":false,"_monsterinsights_skip_tracking":false,"_monsterinsights_sitenote_active":false,"_monsterinsights_sitenote_note":"","_monsterinsights_sitenote_category":0,"footnotes":""},"categories":[31],"tags":[],"class_list":["post-108429","page","type-page","status-publish","has-post-thumbnail","hentry","category-product-es"],"aioseo_notices":[],"aioseo_head":"\n\t\t<!-- All in One SEO Pro 4.9.5.2 - aioseo.com -->\n\t<meta name=\"description\" content=\"Fortalece, suaviza y repara el cabello da\u00f1ado desde el primer lavado con MONAT BOND IQ\u2122 Champ\u00fa fortificante. Reduce la rotura y el encrespamiento para conseguir un cabello de aspecto sano.\" \/>\n\t<meta name=\"robots\" content=\"max-image-preview:large\" \/>\n\t<link rel=\"canonical\" href=\"https:\/\/monatglobal.com\/es\/bond-iq-shampoo\/\" \/>\n\t<meta name=\"generator\" content=\"All in One SEO Pro (AIOSEO) 4.9.5.2\" \/>\n\t\t<meta property=\"og:locale\" content=\"en_US\" \/>\n\t\t<meta property=\"og:site_name\" content=\"MONAT Espa\u00f1a - We Are Modern Nature\u00ae\" \/>\n\t\t<meta property=\"og:type\" content=\"article\" \/>\n\t\t<meta property=\"og:title\" content=\"MONAT BOND IQ\u2122 Champ\u00fa fortificante | Repara el cabello da\u00f1ado\" \/>\n\t\t<meta property=\"og:description\" content=\"Fortalece, suaviza y repara el cabello da\u00f1ado desde el primer lavado con MONAT BOND IQ\u2122 Champ\u00fa fortificante. Reduce la rotura y el encrespamiento para conseguir un cabello de aspecto sano.\" \/>\n\t\t<meta property=\"og:url\" content=\"https:\/\/monatglobal.com\/es\/bond-iq-shampoo\/\" \/>\n\t\t<meta property=\"article:published_time\" content=\"2025-08-21T23:56:14+00:00\" \/>\n\t\t<meta property=\"article:modified_time\" content=\"2026-02-23T17:25:15+00:00\" \/>\n\t\t<meta name=\"twitter:card\" content=\"summary_large_image\" \/>\n\t\t<meta name=\"twitter:title\" content=\"MONAT BOND IQ\u2122 Champ\u00fa fortificante | Repara el cabello da\u00f1ado\" \/>\n\t\t<meta name=\"twitter:description\" content=\"Fortalece, suaviza y repara el cabello da\u00f1ado desde el primer lavado con MONAT BOND IQ\u2122 Champ\u00fa fortificante. Reduce la rotura y el encrespamiento para conseguir un cabello de aspecto sano.\" \/>\n\t\t<script type=\"application\/ld+json\" class=\"aioseo-schema\">\n\t\t\t{\"@context\":\"https:\\\/\\\/schema.org\",\"@graph\":[{\"@type\":\"BreadcrumbList\",\"@id\":\"https:\\\/\\\/monatglobal.com\\\/es\\\/bond-iq-shampoo\\\/#breadcrumblist\",\"itemListElement\":[{\"@type\":\"ListItem\",\"@id\":\"https:\\\/\\\/monatglobal.com\\\/es#listItem\",\"position\":1,\"name\":\"Home\",\"item\":\"https:\\\/\\\/monatglobal.com\\\/es\",\"nextItem\":{\"@type\":\"ListItem\",\"@id\":\"https:\\\/\\\/monatglobal.com\\\/es\\\/bond-iq-shampoo\\\/#listItem\",\"name\":\"MONAT BOND IQ\\u2122 Champ\\u00fa fortificante | Repara el cabello da\\u00f1ado\"}},{\"@type\":\"ListItem\",\"@id\":\"https:\\\/\\\/monatglobal.com\\\/es\\\/bond-iq-shampoo\\\/#listItem\",\"position\":2,\"name\":\"MONAT BOND IQ\\u2122 Champ\\u00fa fortificante | Repara el cabello da\\u00f1ado\",\"previousItem\":{\"@type\":\"ListItem\",\"@id\":\"https:\\\/\\\/monatglobal.com\\\/es#listItem\",\"name\":\"Home\"}}]},{\"@type\":\"Organization\",\"@id\":\"https:\\\/\\\/monatglobal.com\\\/es\\\/#organization\",\"name\":\"MONAT Espa\\u00f1a\",\"description\":\"We Are Modern Nature\\u00ae\",\"url\":\"https:\\\/\\\/monatglobal.com\\\/es\\\/\"},{\"@type\":\"WebPage\",\"@id\":\"https:\\\/\\\/monatglobal.com\\\/es\\\/bond-iq-shampoo\\\/#webpage\",\"url\":\"https:\\\/\\\/monatglobal.com\\\/es\\\/bond-iq-shampoo\\\/\",\"name\":\"MONAT BOND IQ\\u2122 Champ\\u00fa fortificante | Repara el cabello da\\u00f1ado\",\"description\":\"Fortalece, suaviza y repara el cabello da\\u00f1ado desde el primer lavado con MONAT BOND IQ\\u2122 Champ\\u00fa fortificante. Reduce la rotura y el encrespamiento para conseguir un cabello de aspecto sano.\",\"inLanguage\":\"en-US\",\"isPartOf\":{\"@id\":\"https:\\\/\\\/monatglobal.com\\\/es\\\/#website\"},\"breadcrumb\":{\"@id\":\"https:\\\/\\\/monatglobal.com\\\/es\\\/bond-iq-shampoo\\\/#breadcrumblist\"},\"image\":{\"@type\":\"ImageObject\",\"url\":\"https:\\\/\\\/monatglobal.com\\\/es\\\/wp-content\\\/uploads\\\/sites\\\/10\\\/2025\\\/10\\\/MONAT-BOND-IQ-Fortifying-Shampoo_ecomm-min.png\",\"@id\":\"https:\\\/\\\/monatglobal.com\\\/es\\\/bond-iq-shampoo\\\/#mainImage\",\"width\":641,\"height\":800},\"primaryImageOfPage\":{\"@id\":\"https:\\\/\\\/monatglobal.com\\\/es\\\/bond-iq-shampoo\\\/#mainImage\"},\"datePublished\":\"2025-08-22T00:56:14+01:00\",\"dateModified\":\"2026-02-23T17:25:15+00:00\"},{\"@type\":\"WebSite\",\"@id\":\"https:\\\/\\\/monatglobal.com\\\/es\\\/#website\",\"url\":\"https:\\\/\\\/monatglobal.com\\\/es\\\/\",\"name\":\"MONAT Espa\\u00f1a\",\"description\":\"We Are Modern Nature\\u00ae\",\"inLanguage\":\"en-US\",\"publisher\":{\"@id\":\"https:\\\/\\\/monatglobal.com\\\/es\\\/#organization\"}}]}\n\t\t<\/script>\n\t\t<!-- All in One SEO Pro -->\r\n\t\t<title>MONAT BOND IQ\u2122 Champ\u00fa fortificante | Repara el cabello da\u00f1ado<\/title>\n\n","aioseo_head_json":{"title":"MONAT BOND IQ\u2122 Champ\u00fa fortificante | Repara el cabello da\u00f1ado","description":"Fortalece, suaviza y repara el cabello da\u00f1ado desde el primer lavado con MONAT BOND IQ\u2122 Champ\u00fa fortificante. Reduce la rotura y el encrespamiento para conseguir un cabello de aspecto sano.","canonical_url":"https:\/\/monatglobal.com\/es\/bond-iq-shampoo\/","robots":"max-image-preview:large","keywords":"","webmasterTools":{"miscellaneous":""},"schema":{"@context":"https:\/\/schema.org","@graph":[{"@type":"BreadcrumbList","@id":"https:\/\/monatglobal.com\/es\/bond-iq-shampoo\/#breadcrumblist","itemListElement":[{"@type":"ListItem","@id":"https:\/\/monatglobal.com\/es#listItem","position":1,"name":"Home","item":"https:\/\/monatglobal.com\/es","nextItem":{"@type":"ListItem","@id":"https:\/\/monatglobal.com\/es\/bond-iq-shampoo\/#listItem","name":"MONAT BOND IQ\u2122 Champ\u00fa fortificante | Repara el cabello da\u00f1ado"}},{"@type":"ListItem","@id":"https:\/\/monatglobal.com\/es\/bond-iq-shampoo\/#listItem","position":2,"name":"MONAT BOND IQ\u2122 Champ\u00fa fortificante | Repara el cabello da\u00f1ado","previousItem":{"@type":"ListItem","@id":"https:\/\/monatglobal.com\/es#listItem","name":"Home"}}]},{"@type":"Organization","@id":"https:\/\/monatglobal.com\/es\/#organization","name":"MONAT Espa\u00f1a","description":"We Are Modern Nature\u00ae","url":"https:\/\/monatglobal.com\/es\/"},{"@type":"WebPage","@id":"https:\/\/monatglobal.com\/es\/bond-iq-shampoo\/#webpage","url":"https:\/\/monatglobal.com\/es\/bond-iq-shampoo\/","name":"MONAT BOND IQ\u2122 Champ\u00fa fortificante | Repara el cabello da\u00f1ado","description":"Fortalece, suaviza y repara el cabello da\u00f1ado desde el primer lavado con MONAT BOND IQ\u2122 Champ\u00fa fortificante. Reduce la rotura y el encrespamiento para conseguir un cabello de aspecto sano.","inLanguage":"en-US","isPartOf":{"@id":"https:\/\/monatglobal.com\/es\/#website"},"breadcrumb":{"@id":"https:\/\/monatglobal.com\/es\/bond-iq-shampoo\/#breadcrumblist"},"image":{"@type":"ImageObject","url":"https:\/\/monatglobal.com\/es\/wp-content\/uploads\/sites\/10\/2025\/10\/MONAT-BOND-IQ-Fortifying-Shampoo_ecomm-min.png","@id":"https:\/\/monatglobal.com\/es\/bond-iq-shampoo\/#mainImage","width":641,"height":800},"primaryImageOfPage":{"@id":"https:\/\/monatglobal.com\/es\/bond-iq-shampoo\/#mainImage"},"datePublished":"2025-08-22T00:56:14+01:00","dateModified":"2026-02-23T17:25:15+00:00"},{"@type":"WebSite","@id":"https:\/\/monatglobal.com\/es\/#website","url":"https:\/\/monatglobal.com\/es\/","name":"MONAT Espa\u00f1a","description":"We Are Modern Nature\u00ae","inLanguage":"en-US","publisher":{"@id":"https:\/\/monatglobal.com\/es\/#organization"}}]},"og:locale":"en_US","og:site_name":"MONAT Espa\u00f1a - We Are Modern Nature\u00ae","og:type":"article","og:title":"MONAT BOND IQ\u2122 Champ\u00fa fortificante | Repara el cabello da\u00f1ado","og:description":"Fortalece, suaviza y repara el cabello da\u00f1ado desde el primer lavado con MONAT BOND IQ\u2122 Champ\u00fa fortificante. Reduce la rotura y el encrespamiento para conseguir un cabello de aspecto sano.","og:url":"https:\/\/monatglobal.com\/es\/bond-iq-shampoo\/","article:published_time":"2025-08-21T23:56:14+00:00","article:modified_time":"2026-02-23T17:25:15+00:00","twitter:card":"summary_large_image","twitter:title":"MONAT BOND IQ\u2122 Champ\u00fa fortificante | Repara el cabello da\u00f1ado","twitter:description":"Fortalece, suaviza y repara el cabello da\u00f1ado desde el primer lavado con MONAT BOND IQ\u2122 Champ\u00fa fortificante. Reduce la rotura y el encrespamiento para conseguir un cabello de aspecto sano."},"aioseo_meta_data":{"post_id":"108429","title":"MONAT BOND IQ\u2122 Champ\u00fa fortificante | Repara el cabello da\u00f1ado","description":"Fortalece, suaviza y repara el cabello da\u00f1ado desde el primer lavado con MONAT BOND IQ\u2122 Champ\u00fa fortificante. Reduce la rotura y el encrespamiento para conseguir un cabello de aspecto sano.","keywords":null,"keyphrases":{"focus":{"keyphrase":"","score":0,"analysis":{"keyphraseInTitle":{"score":0,"maxScore":9,"error":1}}},"additional":[]},"primary_term":null,"canonical_url":null,"og_title":null,"og_description":null,"og_object_type":"default","og_image_type":"default","og_image_url":null,"og_image_width":null,"og_image_height":null,"og_image_custom_url":null,"og_image_custom_fields":null,"og_video":"","og_custom_url":null,"og_article_section":null,"og_article_tags":null,"twitter_use_og":false,"twitter_card":"default","twitter_image_type":"default","twitter_image_url":null,"twitter_image_custom_url":null,"twitter_image_custom_fields":null,"twitter_title":null,"twitter_description":null,"schema":{"blockGraphs":[],"customGraphs":[],"default":{"data":{"Article":[],"Course":[],"Dataset":[],"FAQPage":[],"Movie":[],"Person":[],"Product":[],"ProductReview":[],"Car":[],"Recipe":[],"Service":[],"SoftwareApplication":[],"WebPage":[]},"graphName":"WebPage","isEnabled":true},"graphs":[]},"schema_type":"default","schema_type_options":null,"pillar_content":false,"robots_default":true,"robots_noindex":false,"robots_noarchive":false,"robots_nosnippet":false,"robots_nofollow":false,"robots_noimageindex":false,"robots_noodp":false,"robots_notranslate":false,"robots_max_snippet":"-1","robots_max_videopreview":"-1","robots_max_imagepreview":"large","priority":null,"frequency":"default","local_seo":null,"seo_analyzer_scan_date":"2026-02-23 17:32:53","limit_modified_date":false,"reviewed_by":"0","open_ai":null,"ai":{"faqs":[],"keyPoints":[],"titles":[],"descriptions":[],"socialPosts":{"email":[],"linkedin":[],"twitter":[],"facebook":[],"instagram":[]}},"created":"2025-09-09 21:46:06","updated":"2026-02-23 17:32:53"},"aioseo_breadcrumb":"<div class=\"aioseo-breadcrumbs\"><span class=\"aioseo-breadcrumb\">\n\t<a href=\"https:\/\/monatglobal.com\/es\" title=\"Home\">Home<\/a>\n<\/span><span class=\"aioseo-breadcrumb-separator\">&raquo;<\/span><span class=\"aioseo-breadcrumb\">\n\tMONAT BOND IQ\u2122 Champ\u00fa fortificante | Repara el cabello da\u00f1ado\n<\/span><\/div>","aioseo_breadcrumb_json":[{"label":"Home","link":"https:\/\/monatglobal.com\/es"},{"label":"MONAT BOND IQ\u2122 Champ\u00fa fortificante | Repara el cabello da\u00f1ado","link":"https:\/\/monatglobal.com\/es\/bond-iq-shampoo\/"}],"_links":{"self":[{"href":"https:\/\/monatglobal.com\/es\/wp-json\/wp\/v2\/pages\/108429","targetHints":{"allow":["GET"]}}],"collection":[{"href":"https:\/\/monatglobal.com\/es\/wp-json\/wp\/v2\/pages"}],"about":[{"href":"https:\/\/monatglobal.com\/es\/wp-json\/wp\/v2\/types\/page"}],"author":[{"embeddable":true,"href":"https:\/\/monatglobal.com\/es\/wp-json\/wp\/v2\/users\/57"}],"replies":[{"embeddable":true,"href":"https:\/\/monatglobal.com\/es\/wp-json\/wp\/v2\/comments?post=108429"}],"version-history":[{"count":20,"href":"https:\/\/monatglobal.com\/es\/wp-json\/wp\/v2\/pages\/108429\/revisions"}],"predecessor-version":[{"id":109146,"href":"https:\/\/monatglobal.com\/es\/wp-json\/wp\/v2\/pages\/108429\/revisions\/109146"}],"wp:featuredmedia":[{"embeddable":true,"href":"https:\/\/monatglobal.com\/es\/wp-json\/wp\/v2\/media\/108588"}],"wp:attachment":[{"href":"https:\/\/monatglobal.com\/es\/wp-json\/wp\/v2\/media?parent=108429"}],"wp:term":[{"taxonomy":"category","embeddable":true,"href":"https:\/\/monatglobal.com\/es\/wp-json\/wp\/v2\/categories?post=108429"},{"taxonomy":"post_tag","embeddable":true,"href":"https:\/\/monatglobal.com\/es\/wp-json\/wp\/v2\/tags?post=108429"}],"curies":[{"name":"wp","href":"https:\/\/api.w.org\/{rel}","templated":true}]}}