{"id":13,"date":"2025-07-30T16:32:12","date_gmt":"2025-07-30T15:32:12","guid":{"rendered":"https:\/\/monatglobal.com\/mx\/?page_id=2"},"modified":"2026-04-14T15:41:33","modified_gmt":"2026-04-14T14:41:33","slug":"sample-page-2","status":"publish","type":"page","link":"https:\/\/monatglobal.com\/do\/","title":{"rendered":"Productos premium para el cuidado del cabello | MONAT Global"},"content":{"rendered":"\n\n\t<!-- \/Banner -->\n           <!-- \/welcome Costa Rica -->\n   <a href=\"https:\/\/monatglobal.com\/do\/the-monat-opportunity\/\"  aria-label=\"Goes to opportunity page by MONAT\">\n    \n            <source media=\"(max-width: 700px)\" srcset=\"https:\/\/monatglobal.com\/de\/wp-content\/uploads\/sites\/22\/2025\/01\/welcome-to-MONAT-GERMANY-MOBILE-min.jpg\" loading=\"lazy\"\/>\n            <img decoding=\"async\" src=\"https:\/\/monatglobal.com\/de\/wp-content\/uploads\/sites\/22\/2025\/01\/wlcome-desktop-banner-GER-min.jpg\" alt=\"Group of three women laguhging and looking forward\" loading=\"lazy\"\/>\n        \n            <img width=\"50\" decoding=\"async\" src=\"https:\/\/monatglobal.com\/mx\/wp-content\/uploads\/sites\/30\/2025\/12\/Flag_of_the_Dominican_Republic.svg.png\" alt=\"Republica Dominicana Flag\" loading=\"lazy\"\/>\n            <h2>Bienvenido <br \/>a MONAT <br \/>Global<\/h2>\n            <p>Somos Modern Nature<sup>\u2122<\/sup><\/p>\n            <p>M\u00c1S INFORMACI\u00d3N<\/p>\n    <\/a>\n    <!-- \/Rejuveniqe\u00ae by MONAT -->\n    <a  href=\"https:\/\/monatglobal.com\/do\/products\/?search=rejuveniqe%C2%AE\" aria-label=\"Goes to Rejuveniqe\u00ae by MONAT\">\n        \n            <source media=\"(max-width: 700px)\" srcset=\"https:\/\/monatglobal.com\/de\/wp-content\/uploads\/sites\/22\/2025\/01\/rejuveniqe-banner-GER-mobile-min.jpg\" loading=\"lazy\"\/>\n            <img decoding=\"async\" src=\"https:\/\/monatglobal.com\/de\/wp-content\/uploads\/sites\/22\/2025\/01\/rejuveniqe-desktop-banner-GER-min.jpg\" alt=\"Picture of a Rejuveniqe bottle placed on top of green leafs\" loading=\"lazy\"\/>\n        \n            <h2>Rejuveniqe<sup style=\"font-size: 0.5em;\n    position: relative;\">\u00ae<\/sup><br \/> Aceite Intensivo de MONAT<\/h2>\n             \nRealza tu belleza con nuestra exclusiva f\u00f3rmula de m\u00e1s de 13 aceites revitalizantes\n            <p>M\u00c1S INFORMACI\u00d3N<\/p>\n    <\/a>\n    <!-- \/BOND IQ Banner -->\n      <!--<a href=\"https:\/\/corp.mymonat.com\/shop\/products\/bond-iq-peptide-therapy-leave-in-creme-6000006566\/?globallanguage=es&globalmarket=mx\"  aria-label=\"Goes to MONAT Bond IQ\u2122\">   -->\n      <!-- -->\n      <!--      <source media=\"(max-width: 700px)\" srcset=\"https:\/\/monatglobal.com\/mx\/wp-content\/uploads\/sites\/30\/2025\/10\/Bond-IQ-Leave-In-banner-mobile-min.jpg\" loading=\"lazy\"\/>-->\n      <!--      <img decoding=\"async\" src=\"https:\/\/monatglobal.com\/mx\/wp-content\/uploads\/sites\/30\/2025\/10\/Bond-IQ-Leave-In-banner-desktop.jpg\" alt=\"Picture of a Rejuveniqe bottle placed on top of green leafs\" loading=\"lazy\"\/>-->\n      <!--  -->\n      <!--   -->\n      <!--      NUEVO-->\n      <!--      <h2>MONAT <br \/> Bond IQ\u2122<\/h2>-->\n      <!--      Cuidado m\u00e1s inteligente. <br \/> Cabello m\u00e1s fuerte.-->\n      <!--      <p>\u00a1Ahora disponible!<\/p> -->\n      <!--   -->\n      <!--<\/a>-->\n    <!-- BOND IQ Banner\/ --> \n   <!--Progressbar -->\n<!-- Banner\/ -->\n<!-- \/Newest slider -->\n    <h2>Novedades<\/h2>\n<!-- Newest slider\/ -->\n<!-- \/holiday slider -->\n<!---->\n<!--    <h2>Holiday<\/h2>-->\n<!--    -->\n<!--        -->\n<!--        -->\n<!--        -->\n<!--    -->\n<!--     -->\n<!--    -->\n<!---->\n<!-- holiday slider\/ -->\n<!-- \/Links to product lines -->\n<!-- hair -->\n        <a href=\"https:\/\/monatglobal.com\/do\/products\/\">\n        <p>CUIDADO DEL CABELLO<\/p>\n        <img decoding=\"async\" src=\"https:\/\/monatglobal.com\/mx\/wp-content\/uploads\/sites\/30\/2025\/10\/haircare-moantions_home_feature-min-1-min-scaled.jpg\" alt=\"A woman with long, glossy brown hair smiles while holding a white bottle of MONAT Bond IQ Fortifying Shampoo.\" loading=\"lazy\"\/>\n        <img decoding=\"async\" src=\"https:\/\/monatglobal.com\/wp-content\/uploads\/2023\/08\/fw-arrow.svg\" alt=\"Arrow\"\/>\n    <\/a>\n<!-- skin -->    \n    <!--<a href=\"https:\/\/monatglobal.com\/products\/?lang=es&line=cuidado-de-la-piel\">-->\n    <!--    <p>CUIDADO DE LA PIEL<\/p>-->\n    <!--    <img decoding=\"async\" src=\"https:\/\/monatglobal.com\/wp-content\/uploads\/2025\/08\/skincare-monations_home_feature-min.jpg\" alt=\"A woman with natural curly hair smiles warmly while holding a small bottle of MONAT barrier booster serum\" loading=\"lazy\"\/>-->\n    <!--    <img decoding=\"async\" src=\"https:\/\/monatglobal.com\/wp-content\/uploads\/2023\/08\/fw-arrow.svg\" alt=\"Arrow\"\/>-->\n    <!--<\/a>-->\n<!-- wellness --> \n    <!--    <a href=\"https:\/\/monatglobal.com\/products\/?lang=es&line=bienestar\">-->\n    <!--    <p>BIENESTAR<\/p>-->\n    <!--    <img decoding=\"async\" src=\"https:\/\/monatglobal.com\/wp-content\/uploads\/2025\/08\/wellness-monations_home_feature-min-1.jpg\" alt=\"A man with dark hair and facial stubble laughs joyfully with his eyes closed, holding his hand a pill of MONAT IR supllement\" loading=\"lazy\"\/>-->\n    <!--    <img decoding=\"async\" src=\"https:\/\/monatglobal.com\/wp-content\/uploads\/2023\/08\/fw-arrow.svg\" alt=\"Arrow\"\/>-->\n    <!--<\/a>-->\n<!-- Links to product lines\/ -->\n<!-- \/Best sellers slider -->\n  <h2>Los m\u00e1s vendidos<\/h2>\n<!-- Best sellers slider\/ -->\n<!-- \/Discover Monat -->\n<section id=\"joinSec\">\n    <h2>Descubre<br \/> MONAT<\/h2>\n                <a href=\"https:\/\/mymonat.com\/pyr_core\/v2_enrollments\/select_market?sponsor_id=&#038;enroll_params=profile_form_type%3Dexpress&#038;market=do&#038;lang_code=es\" target=\"_blank\">\n                    <img decoding=\"async\" src=\"https:\/\/monatglobal.com\/wp-content\/uploads\/2025\/02\/maket-partner-min.jpg\"\/>\n                        <h3>\u00a1Obtener ganancias con mi rutina de belleza! <br \/> Crear una empresa peque\u00f1a  <br \/> + Armar un equipo <\/h3>\n                            <p>\u00daNETE COMO<\/p>\n                            <button>Market Partner de MONAT<\/button> \n                <\/a>\n                <p>Para m\u00e1s informaci\u00f3n, visita  <br \/> <a href=\"https:\/\/monatglobal.com\/do\/the-monat-opportunity\/\">https:\/\/monatglobal.com\/do\/the-monat-opportunity\/<\/a><\/p>\n              <a href=\"https:\/\/corp.mymonat.com\/pyr_core\/v2_enrollments\/select_market?enroll_params=profile_form_type%3Dvip_for_life&#038;lang_code=es&#038;market=DO\">\n                    <img decoding=\"async\" src=\"https:\/\/monatglobal.com\/wp-content\/uploads\/2025\/02\/join-as-a-VIP-min.jpg\"\/>\n                        <h3>Comprar productos premium <br \/>+ Obtener recompensas que te ahorran dinero<\/h3>\n                            <p>\u00daNETE COMO<\/p>\n                            <button>VIP DE MONAT<\/button>\n                <\/a>\n                <p>Disfruta de beneficios VIP adicionales cuando te inscribes con una orden inicial de $70 USD. <br \/> Para m\u00e1s informaci\u00f3n visita: <br \/> <a href=\"https:\/\/monatglobal.com\/do\/vip\/\">https:\/\/monatglobal.com\/do\/vip\/<\/a><\/p>\n                 <a href=\"https:\/\/corp.mymonat.com\/pyr_core\/v2_enrollments\/select_market?sponsor_id=&#038;enroll_params=profile_form_type%3Dcustomer&#038;market=do&#038;lang_code=es\">\n                    <img decoding=\"async\" src=\"https:\/\/monatglobal.com\/wp-content\/uploads\/2025\/02\/shop-retail-price-min.jpg\"\/>\n                        <h3>\u00bfA\u00fan no est\u00e1s segura(o)? <br \/>\n                        Compra como un cliente general.<\/h3>\n                            <button>COMPRAR AHORA<\/button>\n                <\/a>\n                <p>Explora todos los productos MONAT: <br \/> <a href=\"https:\/\/monatglobal.com\/do\/products\/\">https:\/\/monatglobal.com\/do\/products\/<\/a><\/p>\n        <!---->\n        <!---->\n        <!---->\n<\/section>\n<!-- Discover Monat\/ -->\n<!-- \/Monat awards slider -->\n   <h2>Como aparece en<\/h2>\n   <!-- TrustBox widget - Mini -->\n  <a href=\"https:\/\/es.trustpilot.com\/review\/monatglobal.com\" target=\"_blank\" rel=\"noopener\">Trustpilot<\/a>\n<!-- End TrustBox widget -->\n   <!-- TrustBox widget - Slider -->\n  <a href=\"https:\/\/es.trustpilot.com\/review\/monatglobal.com\" target=\"_blank\" rel=\"noopener\">Trustpilot<\/a>\n<!-- End TrustBox widget -->\n            <img decoding=\"async\" src=\"https:\/\/monatglobal.com\/au\/wp-content\/uploads\/sites\/12\/2021\/09\/Think_Global_Awards_Logo.jpg\" loading=\"lazy\"\/>\n            <p>Think Global&nbsp;Awards<\/p>\n            <p>&#8211; Premio Marca del A\u00f1o<\/p>\n            <img decoding=\"async\" src=\"https:\/\/monatglobal.com\/au\/wp-content\/uploads\/sites\/12\/2021\/09\/G100_GlobeLogo_OneHundred-1.jpg\" loading=\"lazy\"\/>\n            <p>Direct Selling News Global 100&nbsp;list<\/p>\n            <p>&#8211; Lugar #24<\/p>\n            <img decoding=\"async\" src=\"https:\/\/monatglobal.com\/au\/wp-content\/uploads\/sites\/12\/2021\/09\/business-journal.jpg\" loading=\"lazy\"\/>\n            <p>South Florida Business Journal list of Power Leaders&nbsp;2020<\/p>\n            <p>&#8211; Ray Urdaneta<\/p>\n            <img decoding=\"async\" src=\"https:\/\/monatglobal.com\/au\/wp-content\/uploads\/sites\/12\/2021\/09\/inc5000-blog_award.jpg\" loading=\"lazy\"\/>\n            <p>Inc. 5000 List of America&#8217;s Fastest-Growing Private&nbsp;Companies<\/p>\n            <p>&#8211; Lugar #653<\/p>\n            <img decoding=\"async\" src=\"https:\/\/monatglobal.com\/au\/wp-content\/uploads\/sites\/12\/2021\/09\/stevie-gold.jpg\" loading=\"lazy\"\/>\n            <p>MONAT Global: Premio Stevie de Oro<\/p>\n            <p>Categor\u00eda: <br \/>Empresa del a\u00f1o &#8211; Minorista&nbsp;&#8211;&nbsp;Grande<\/p>\n            <img decoding=\"async\" src=\"https:\/\/monatglobal.com\/au\/wp-content\/uploads\/sites\/12\/2021\/09\/stevie-bronze.jpg\" loading=\"lazy\"\/>\n            <p>MONAT Global: Premio Stevie de Bronce<\/p>\n            <p>Categor\u00eda: <br \/>\u00c9xito en expansi\u00f3n&nbsp;internacional<\/p>\n      <!-- If we need paginations -->\n<!-- Monat awards slider\/ --> \n\n","protected":false},"excerpt":{"rendered":"<p>Bienvenido a MONAT Global Somos Modern Nature\u2122 M\u00c1S INFORMACI\u00d3N Rejuveniqe\u00ae Aceite Intensivo de MONAT Realza tu belleza con nuestra exclusiva f\u00f3rmula de m\u00e1s de 13 aceites revitalizantes M\u00c1S INFORMACI\u00d3N Novedades CUIDADO DEL CABELLO Los m\u00e1s vendidos Descubre MONAT \u00a1Obtener ganancias con mi rutina de belleza! Crear una empresa peque\u00f1a + Armar un equipo \u00daNETE COMO&hellip;<\/p>\n","protected":false},"author":45,"featured_media":109108,"parent":0,"menu_order":0,"comment_status":"closed","ping_status":"open","template":"","meta":{"inline_featured_image":false,"footnotes":""},"categories":[],"tags":[],"class_list":["post-13","page","type-page","status-publish","has-post-thumbnail","hentry"],"aioseo_notices":[],"_links":{"self":[{"href":"https:\/\/monatglobal.com\/do\/wp-json\/wp\/v2\/pages\/13","targetHints":{"allow":["GET"]}}],"collection":[{"href":"https:\/\/monatglobal.com\/do\/wp-json\/wp\/v2\/pages"}],"about":[{"href":"https:\/\/monatglobal.com\/do\/wp-json\/wp\/v2\/types\/page"}],"author":[{"embeddable":true,"href":"https:\/\/monatglobal.com\/do\/wp-json\/wp\/v2\/users\/45"}],"replies":[{"embeddable":true,"href":"https:\/\/monatglobal.com\/do\/wp-json\/wp\/v2\/comments?post=13"}],"version-history":[{"count":10,"href":"https:\/\/monatglobal.com\/do\/wp-json\/wp\/v2\/pages\/13\/revisions"}],"predecessor-version":[{"id":109213,"href":"https:\/\/monatglobal.com\/do\/wp-json\/wp\/v2\/pages\/13\/revisions\/109213"}],"wp:featuredmedia":[{"embeddable":true,"href":"https:\/\/monatglobal.com\/do\/wp-json\/wp\/v2\/media\/109108"}],"wp:attachment":[{"href":"https:\/\/monatglobal.com\/do\/wp-json\/wp\/v2\/media?parent=13"}],"wp:term":[{"taxonomy":"category","embeddable":true,"href":"https:\/\/monatglobal.com\/do\/wp-json\/wp\/v2\/categories?post=13"},{"taxonomy":"post_tag","embeddable":true,"href":"https:\/\/monatglobal.com\/do\/wp-json\/wp\/v2\/tags?post=13"}],"curies":[{"name":"wp","href":"https:\/\/api.w.org\/{rel}","templated":true}]}}