{"id":109060,"date":"2026-01-16T21:24:07","date_gmt":"2026-01-16T21:24:07","guid":{"rendered":"https:\/\/monatglobal.com\/do\/?page_id=109060"},"modified":"2026-02-13T02:41:28","modified_gmt":"2026-02-13T02:41:28","slug":"contact","status":"publish","type":"page","link":"https:\/\/monatglobal.com\/do\/contact\/","title":{"rendered":"Contacto"},"content":{"rendered":"\n\n            <p>Nota importante:  Para tu protecci\u00f3n, nunca env\u00edes informaci\u00f3n confidencial o sobre tarjetas de cr\u00e9dito por correo electr\u00f3nico o por el chat.<\/p>\n    <h1>Cont\u00e1ctanos<\/h1>\n    <h2>Por correo electr\u00f3nico<\/h2>\n            <a href=\"mailto:servicioalclienteDO@monatglobal.com\">servicioalclienteDO@monatglobal.com \u2197<\/a>\n            <p>Preguntas sobre cuentas, devoluciones y apoyo en general<\/p>\n            <a href=\"mailto:gratitude@monatglobal.com\">gratitude@monatglobal.com\u2197<\/a>\n            <p>Preguntas sobre nuestra Fundaci\u00f3n MONAT Gratitude<\/p>\n            <a href=\"mailto:recognition@monatglobal.com\">recognition@monatglobal.com \u2197<\/a>\n            <p>Preguntas sobre nuestro programa de Reconocimiento<\/p>\n    <h2>Por tel\u00e9fono<\/h2>\n                <a href=\"tel:+1-809-200-1713\"><p>1-809-200-1713<\/p><\/a>\n                <p>Atenci\u00f3n a clientes y Market Partners<\/p>\n                <p>Horarios de atenci\u00f3n:<\/p>\n                <p>Lunes a viernes:  10:00 a.m. ET &#8211; 7:00 p.m. ET <br \/>(8:00 a.m. CT &#8211; 5:00 p.m. CT)<\/p>\n                S\u00e1bado y domingo: Puedes comunicarte a trav\u00e9s del correo electr\u00f3nico <a href=\"mailto:servicioalclienteDO@monatglobal.com\">servicioalclienteDO@monatglobal.com \u2197<\/a>\n            \n    <h2>Por correo postal<\/h2>\n    <p> 10000 Northwest 15th Terrace, Doral, FL 33172 <\/p>\n\n","protected":false},"excerpt":{"rendered":"<p>Nota importante: Para tu protecci\u00f3n, nunca env\u00edes informaci\u00f3n confidencial o sobre tarjetas de cr\u00e9dito por correo electr\u00f3nico o por el chat. Cont\u00e1ctanos Por correo electr\u00f3nico servicioalclienteDO@monatglobal.com \u2197 Preguntas sobre cuentas, devoluciones y apoyo en general gratitude@monatglobal.com\u2197 Preguntas sobre nuestra Fundaci\u00f3n MONAT Gratitude recognition@monatglobal.com \u2197 Preguntas sobre nuestro programa de Reconocimiento Por tel\u00e9fono 1-809-200-1713 Atenci\u00f3n a&hellip;<\/p>\n","protected":false},"author":33,"featured_media":108729,"parent":0,"menu_order":0,"comment_status":"closed","ping_status":"closed","template":"","meta":{"inline_featured_image":false,"footnotes":""},"categories":[],"tags":[],"class_list":["post-109060","page","type-page","status-publish","has-post-thumbnail","hentry"],"aioseo_notices":[],"_links":{"self":[{"href":"https:\/\/monatglobal.com\/do\/wp-json\/wp\/v2\/pages\/109060","targetHints":{"allow":["GET"]}}],"collection":[{"href":"https:\/\/monatglobal.com\/do\/wp-json\/wp\/v2\/pages"}],"about":[{"href":"https:\/\/monatglobal.com\/do\/wp-json\/wp\/v2\/types\/page"}],"author":[{"embeddable":true,"href":"https:\/\/monatglobal.com\/do\/wp-json\/wp\/v2\/users\/33"}],"replies":[{"embeddable":true,"href":"https:\/\/monatglobal.com\/do\/wp-json\/wp\/v2\/comments?post=109060"}],"version-history":[{"count":4,"href":"https:\/\/monatglobal.com\/do\/wp-json\/wp\/v2\/pages\/109060\/revisions"}],"predecessor-version":[{"id":109081,"href":"https:\/\/monatglobal.com\/do\/wp-json\/wp\/v2\/pages\/109060\/revisions\/109081"}],"wp:featuredmedia":[{"embeddable":true,"href":"https:\/\/monatglobal.com\/do\/wp-json\/"}],"wp:attachment":[{"href":"https:\/\/monatglobal.com\/do\/wp-json\/wp\/v2\/media?parent=109060"}],"wp:term":[{"taxonomy":"category","embeddable":true,"href":"https:\/\/monatglobal.com\/do\/wp-json\/wp\/v2\/categories?post=109060"},{"taxonomy":"post_tag","embeddable":true,"href":"https:\/\/monatglobal.com\/do\/wp-json\/wp\/v2\/tags?post=109060"}],"curies":[{"name":"wp","href":"https:\/\/api.w.org\/{rel}","templated":true}]}}