{"id":108775,"date":"2025-10-06T17:02:14","date_gmt":"2025-10-06T16:02:14","guid":{"rendered":"https:\/\/monatglobal.com\/mx\/?page_id=108775"},"modified":"2025-10-06T17:02:14","modified_gmt":"2025-10-06T16:02:14","slug":"leadership-circle","status":"publish","type":"page","link":"https:\/\/monatglobal.com\/do\/leadership-circle\/","title":{"rendered":"MONAT Leadership Circle 2026 &#8211; MONAT GLOBAL MX"},"content":{"rendered":"\n\n   @import url(&#8216;https:\/\/fonts.cdnfonts.com\/css\/dm-serif-display&#8217;); \n   :root {\n        &#8211;primaryColor: #5F6DB3;\n        &#8211;secondaryColor: #AABBCC ;\n        &#8211;gold: #9c807d;\n        &#8211;primarySerif: \u00abDM Serif Display\u00bb;    \n   }\n\n<section id=\"bannerSec\">\n       <img decoding=\"async\" id=\"dc_icon\" src=\"https:\/\/monatglobal.com\/wp-content\/uploads\/2025\/08\/leadership-circle-logo-2026-ocre.svg\" alt=\"\"> \n    <h1 id=\"banner_h1\">Forjando<br> <em>el Ma\u00f1ana, Juntos.  <\/em><\/h1>\n<\/section>\n<section id=\"sec1\">\n      <img decoding=\"async\" src=\"https:\/\/monatglobal.com\/wp-content\/uploads\/2025\/08\/leadership-circle-badge-2026.svg\" alt=\"\">\n      <h2>W South Beach <br> Miami, Florida <br> Marzo 12 al 15<\/h2>   \n         <p>Fechas de Calificaci\u00f3n <\/p> \n         <p>1 de octubre de 2025 al 31 de enero de 2026<\/p>\n               <img decoding=\"async\" id=\"seashell_bkgnd_img\" src=\"https:\/\/monatglobal.com\/wp-content\/uploads\/2025\/08\/yellow-shell.svg\"> \n               <h2>Liderazgo <br>en Acci\u00f3n<\/h2>\n            <p>Participa en capacitaciones exclusivas con l\u00edderes destacados y ejecutivos de MONAT. <br>Obt\u00e9n informaci\u00f3n valiosa para alinear tus objetivos y maximizar todo el potencial de tu negocio MONAT.<\/p>\n            <p>El Leadership Circle 2026 es un evento solo por invitaci\u00f3n para rangos de carrera MMM y niveles de Director.<\/p>\n<\/section>\n<section id=\"SED_sec\">\n   <img decoding=\"async\" src=\"https:\/\/monatglobal.com\/wp-content\/uploads\/2025\/08\/beach-seats-and-umbrella-min-1.jpg\" alt=\"\">\n         <h2>Redefinir lo posible<\/h2>\n         <p>Profundiza en \u00e1reas clave durante nuestras mesas redondas.  <\/p>\n         <p>Mejora tus conocimientos durante sesiones espec\u00edficas por tema.<\/p>\n<\/section>\n<section id=\"sec3\">\n    <img decoding=\"async\" id=\"seashell\" src=\"https:\/\/monatglobal.com\/wp-content\/uploads\/2025\/08\/sea-snail-1.svg\" alt=\"\">\n    <img decoding=\"async\" id=\"jellyfish\" src=\"https:\/\/monatglobal.com\/wp-content\/uploads\/2025\/08\/jellyfish.svg\" alt=\"\">\n         <img decoding=\"async\" id=\"qualification_icon\" src=\"https:\/\/monatglobal.com\/wp-content\/uploads\/2025\/08\/sea-star.svg\" alt=\"\">\n         <h2 id=\"qualification_title\">PERIODO DE CALIFICACI\u00d3N1 de octubre de 2025 <br>al 31 de enero de 2026 <\/h2>\n         <p>\u00bfQui\u00e9n Puede Participar?<\/p>\n         <p>Todos los Market Partners de M\u00e9xico* que alcancen el rango MM o superior antes del 31 de enero de&nbsp;2026 <br> podr\u00e1n optar a la calificaci\u00f3n.<\/p>\n         <p>**En caso de que un Market Partner realice un cambio de pa\u00eds a M\u00e9xico durante el periodo de calificaci\u00f3n, seguir\u00e1 cumpliendo los criterios de calificaci\u00f3n basados en el pa\u00eds en el que estaba registrado el 1 de agosto de 2025. <\/p> \n       <img decoding=\"async\" id=\"qualification_icon\" src=\"https:\/\/monatglobal.com\/wp-content\/uploads\/2025\/09\/recognition-leadership-graphic.svg\" alt=\"recognition leadership graphic\">\n         <h2 id=\"qualification_title\">CRITERIOS DE RECONOCIMIENTO<\/h2>\n         <p>\u00a1C\u00d3MO GANARTE TU MOMENTO DE FAMA! <\/p>\n         <p>\u2022\tPatrocinador Principal  <br> \u2022\tLa Mayor\u00eda de VIPs Inscritos   <br> \u2022\tConsistencia (pagado como per\u00edodo completo de calificaci\u00f3n)<\/p>\n         <p>El per\u00edodo de calificaci\u00f3n para el reconocimiento es tambi\u00e9n del 1 de octubre de 2025 al 31 de enero de&nbsp;2026.<\/p>\n         <h2>CRITERIOS DE CALIFICACI\u00d3N<\/h2>\n            <p>NIVEL 1<\/p>\n            <p>Incluye 3 noches de alojamiento en hotel+ vuelo de ida y regreso<\/p>\n            <hr>\n            <p>Nuevos MMs, MMMs y Nuevos Directores al 31 de enero de 2026 <\/p>\n            <ul>\n                <li>Debe ser un MM, MMM o Director nuevo por primera vez durante el per\u00edodo de calificaci\u00f3n<\/li>\n                <li>Patrocina al menos 2 Market Partners (MPs) calificados y 8&nbsp;Clientes VIP calificados durante el per\u00edodo de calificaci\u00f3n<\/li>\n                <li>Ser pagado como AMM o superior en el \u00faltimo mes de calificaci\u00f3n <\/li>\n            <\/ul>\n         &lt;!&#8211;   <hr \/>&#8211;&gt;\n         &lt;!&#8211;   <p>Los MMMs con rango de carrera a partir del 1 de agosto de 2025<\/p>&#8211;&gt;\n         &lt;!&#8211;   <ul>&#8211;&gt;\n         &lt;!&#8211;       <li>Tener el rango pagado de MMM o superior en 1 de los 6 meses durante el periodo de calificaci\u00f3n<\/li>&#8211;&gt;\n         &lt;!&#8211;       <li>Patrocinar al menos a 2 Market Partners (MPs) calificados y a 8&nbsp;Clientes VIP calificados durante el per\u00edodo de calificaci\u00f3n<\/li>&#8211;&gt;\n         &lt;!&#8211;       <li>Tener el rango pagado como AMM o superior en el \u00faltimo mes del per\u00edodo de calificaci\u00f3n<\/li>&#8211;&gt;\n         &lt;!&#8211;   <\/ul>&#8211;&gt;\n         &lt;!&#8211;   <hr \/>&#8211;&gt;\n         &lt;!&#8211;   <p>Directores con rango de carrera a partir del 1 de agosto de 2025<\/p>&#8211;&gt;\n         &lt;!&#8211;   <ul>&#8211;&gt;\n         &lt;!&#8211;       <li>Tener el rango pagado de AED o superior en 1 de los 6 meses durante el periodo de calificaci\u00f3n<\/li>&#8211;&gt;\n         &lt;!&#8211;       <li>Patrocinar al menos a 2 Market Partners (MPs) calificados y a 8&nbsp;Clientes VIP calificados durante el per\u00edodo de calificaci\u00f3n<\/li>&#8211;&gt;\n         &lt;!&#8211;       <li>Tener el rango pagado como MM o superior en el \u00faltimo mes del per\u00edodo de calificaci\u00f3n<\/li>&#8211;&gt;\n         &lt;!&#8211;   <\/ul>&#8211;&gt;\n         \n         \n         &lt;!&#8211;   <p>NIVEL 2<\/p>&#8211;&gt;\n         &lt;!&#8211;   <p>(Incluye 3 noches de hotel + vuelo de ida y&nbsp;vuelta)<\/p>&#8211;&gt;\n         &lt;!&#8211;   <hr \/>&#8211;&gt;\n         &lt;!&#8211;   <p>Los MMs con rango de carrera a partir del 1 de agosto de 2025 y los Market Partners que anteriormente ten\u00edan el rango de carrera de MM <\/p>&#8211;&gt;\n         &lt;!&#8211;   <ul>&#8211;&gt;\n         &lt;!&#8211;       <li>Tener el rango pagado de MM o superior en 1 de los 6 meses durante el periodo de calificaci\u00f3n<\/li>&#8211;&gt;\n         &lt;!&#8211;       <li>Patrocinar al menos a 2 Market Partners (MPs) calificados y a 8&nbsp;Clientes VIP calificados durante el per\u00edodo de calificaci\u00f3n<\/li>&#8211;&gt;\n         &lt;!&#8211;       <li>Avanzar de rango a 1 nuevo MMB que hayas patrocinado personalmente<\/li>&#8211;&gt;\n         &lt;!&#8211;       <li>Tener el rango pagado como AMM o superior en el \u00faltimo mes del per\u00edodo de calificaci\u00f3n<\/li>&#8211;&gt;\n         &lt;!&#8211;   <\/ul>&#8211;&gt;\n         &lt;!&#8211;   <hr \/>&#8211;&gt;\n         &lt;!&#8211;   <p>Los MMMs con rango de carrera a partir del 1 de agosto de 2025<\/p>&#8211;&gt;\n         &lt;!&#8211;   <ul>&#8211;&gt;\n         &lt;!&#8211;       <li>Tener el rango pagado de MMM o superior en 1 de los 6 meses durante el periodo de calificaci\u00f3n <\/li>&#8211;&gt;\n         &lt;!&#8211;       <li>Patrocinar al menos a 2 Market Partners (MPs) calificados y a 8&nbsp;Clientes VIP calificados durante el per\u00edodo de calificaci\u00f3n<\/li>&#8211;&gt;\n         &lt;!&#8211;       <li>Avanzar de rango a 2 NUEVOS MMBs que hayas patrocinado personalmente<\/li>&#8211;&gt;\n         &lt;!&#8211;       <li>Tener el rango pagado como AMM o superior en el \u00faltimo mes del per\u00edodo de calificaci\u00f3n<\/li>&#8211;&gt;\n         &lt;!&#8211;   <\/ul>&#8211;&gt;\n         &lt;!&#8211;   <hr \/>&#8211;&gt;\n         &lt;!&#8211;   <p>Directores con rango de carrera a partir del 1 de agosto de 2025<\/p>&#8211;&gt;\n         &lt;!&#8211;   <ul>&#8211;&gt;\n         &lt;!&#8211;       <li>Tener el rango pagado de AED o superior en 1 de los 6 meses durante el periodo de calificaci\u00f3n<\/li>&#8211;&gt;\n         &lt;!&#8211;       <li>Patrocinar al menos a 2 Market Partners (MPs) calificados y a 8&nbsp;Clientes VIP calificados durante el per\u00edodo de calificaci\u00f3n<\/li>&#8211;&gt;\n         &lt;!&#8211;       <li>Avanzar de rango a 2 NUEVOS MMBs que hayas patrocinado personalmente<\/li>&#8211;&gt;\n         &lt;!&#8211;       <li>Tener el rango pagado como MM o superior en el \u00faltimo mes del per\u00edodo de calificaci\u00f3n<\/li>&#8211;&gt;\n         &lt;!&#8211;   <\/ul>&#8211;&gt;\n         &lt;!&#8211;   <hr \/>&#8211;&gt;\n         &lt;!&#8211;   <p>Nuevos directores y nuevos MMs y MMMs antes del 31 de enero de 2026<\/p>&#8211;&gt;\n         &lt;!&#8211;   <ul>&#8211;&gt;\n         &lt;!&#8211;       <li>Ser un nuevo MMM o un nuevo Director por primera vez durante el periodo de calificaci\u00f3n<\/li>&#8211;&gt;\n         &lt;!&#8211;       <li>Patrocinar al menos a 2 Market Partners (MPs) calificados y a 8&nbsp;Clientes VIP calificados durante el per\u00edodo de calificaci\u00f3n<\/li>&#8211;&gt;\n         &lt;!&#8211;       <li>Tener el rango pagado como AMM o superior en el \u00faltimo mes del per\u00edodo de calificaci\u00f3n<\/li>&#8211;&gt;\n         &lt;!&#8211;   <\/ul>&#8211;&gt;\n         \n            \n            &lt;!&#8211;    <p>* VIPs enrolled as part of your Block must have an active Flexship through the 15th of the month following their enrollment month. <\/p>&#8211;&gt;\n            &lt;!&#8211;    <p>* Market Partners enrolled as part of your Block must enroll with a Product Pack or if they are enrolled under the Canada Zero Enrollment Option, they must achieve 200 PV within 30 days of their enrollment and within the Director Circle qualification&nbsp;timeframe.<\/p>&#8211;&gt;\n            \n      <img decoding=\"async\" src=\"https:\/\/monatglobal.com\/wp-content\/uploads\/2025\/08\/fish.svg\" alt=\"\">\n      <h2>\u00bfQu\u00e9 est\u00e1 incluido en la calificaci\u00f3n de  <br> leadership circle monat 2026?<\/h2>\n            <p>NIVEL 1<\/p>\n            <ul>\n               <li>Networking con lo mejor del liderazgo de MONAT<\/li>\n               <li>Premios especiales y evento de reconocimiento<\/li>\n               <li>Vista previa exclusiva de los planes de 2026<\/li>\n               <li>3 noches de alojamiento de hotel  <\/li>\n               <li>Pasaje a\u00e9reo de ida y vuelta al Aeropuerto Internacional de Miami<\/li>\n               <li>Opci\u00f3n de traer a tu c\u00f3nyuge (se aplican costos y condiciones)<\/li>\n            <\/ul>\n         \n         &lt;!&#8211;   <p>NIVEL 2<\/p>&#8211;&gt;\n         &lt;!&#8211;   <ul>&#8211;&gt;\n         &lt;!&#8211;      <li>Tiempo para hacer contactos con lo mejor en Liderazgo de MONAT<\/li>&#8211;&gt;\n         &lt;!&#8211;      <li>Premios especiales y evento de reconocimiento<\/li>&#8211;&gt;\n         &lt;!&#8211;      <li>Anticipos exclusivos de los planes 2026<\/li>&#8211;&gt;\n         &lt;!&#8211;      <li>3 noches de hotel <\/li>&#8211;&gt;\n         &lt;!&#8211;      <li>Vuelo de ida y vuelta al Aeropuerto Internacional de Miami<\/li>&#8211;&gt;\n         &lt;!&#8211;      <li>Opci\u00f3n de traer a tu c\u00f3nyuge (se aplican tarifas y condiciones)<\/li>&#8211;&gt;\n         &lt;!&#8211;   <\/ul>&#8211;&gt;\n         <!-- -->\n         <a id=\"faq_btn\" href=\"https:\/\/monatglobal.com\/mx\/wp-content\/uploads\/sites\/30\/2025\/10\/MX_LEADERSHIP-CIRCLE-2026-FAQ-290925_V3.pdf\" target=\"_blank\" rel=\"noopener\">PREGUNTAS FREQUENTES<\/a>\n         <a id=\"termsAndC\" href=\"https:\/\/monatglobal.com\/mx\/wp-content\/uploads\/sites\/30\/2025\/10\/Mexico-Updated-Leadership-Circle-2026-TC-061025_vAB.pdf\" target=\"_blank\" rel=\"noopener\">\n            <p> T\u00c9RMINOS Y CONDICIONES <\/p>\n         <\/a>\n      <h2 id=\"hashtag_text\">#Leadershipcircle<\/h2>\n<\/section>\n","protected":false},"excerpt":{"rendered":"<p>@import url(&#8216;https:\/\/fonts.cdnfonts.com\/css\/dm-serif-display&#8217;); :root { &#8211;primaryColor: #5F6DB3; &#8211;secondaryColor: #AABBCC ; &#8211;gold: #9c807d; &#8211;primarySerif: \u00abDM Serif Display\u00bb; } Forjando el Ma\u00f1ana, Juntos. W South Beach Miami, Florida Marzo 12 al 15 Fechas de Calificaci\u00f3n 1 de octubre de 2025 al 31 de enero de 2026 Liderazgo en Acci\u00f3n Participa en capacitaciones exclusivas con l\u00edderes destacados y ejecutivos&hellip;<\/p>\n","protected":false},"author":45,"featured_media":108804,"parent":0,"menu_order":0,"comment_status":"closed","ping_status":"closed","template":"","meta":{"inline_featured_image":false,"footnotes":""},"categories":[],"tags":[],"class_list":["post-108775","page","type-page","status-publish","has-post-thumbnail","hentry"],"aioseo_notices":[],"_links":{"self":[{"href":"https:\/\/monatglobal.com\/do\/wp-json\/wp\/v2\/pages\/108775","targetHints":{"allow":["GET"]}}],"collection":[{"href":"https:\/\/monatglobal.com\/do\/wp-json\/wp\/v2\/pages"}],"about":[{"href":"https:\/\/monatglobal.com\/do\/wp-json\/wp\/v2\/types\/page"}],"author":[{"embeddable":true,"href":"https:\/\/monatglobal.com\/do\/wp-json\/wp\/v2\/users\/45"}],"replies":[{"embeddable":true,"href":"https:\/\/monatglobal.com\/do\/wp-json\/wp\/v2\/comments?post=108775"}],"version-history":[{"count":0,"href":"https:\/\/monatglobal.com\/do\/wp-json\/wp\/v2\/pages\/108775\/revisions"}],"wp:featuredmedia":[{"embeddable":true,"href":"https:\/\/monatglobal.com\/do\/wp-json\/"}],"wp:attachment":[{"href":"https:\/\/monatglobal.com\/do\/wp-json\/wp\/v2\/media?parent=108775"}],"wp:term":[{"taxonomy":"category","embeddable":true,"href":"https:\/\/monatglobal.com\/do\/wp-json\/wp\/v2\/categories?post=108775"},{"taxonomy":"post_tag","embeddable":true,"href":"https:\/\/monatglobal.com\/do\/wp-json\/wp\/v2\/tags?post=108775"}],"curies":[{"name":"wp","href":"https:\/\/api.w.org\/{rel}","templated":true}]}}