{"id":108445,"date":"2025-07-31T15:02:32","date_gmt":"2025-07-31T14:02:32","guid":{"rendered":"https:\/\/monatglobal.com\/mx\/?page_id=108445"},"modified":"2025-07-31T15:02:32","modified_gmt":"2025-07-31T14:02:32","slug":"culture","status":"publish","type":"page","link":"https:\/\/monatglobal.com\/do\/culture\/","title":{"rendered":"Cultura MONAT: Nuestros Valores y Filosof\u00eda Corporativa | Entorno de Trabajo"},"content":{"rendered":"\n\n\t\n<section id=\"welcomeSec\"> \n            <p>\u00a1Bienvenido\/a <\/p>\n            <img decoding=\"async\" src=\"https:\/\/monatglobal.com\/wp-content\/uploads\/2022\/10\/Rectangle-15Imagen1-1.png\" loading=\"lazy\" \/>\n            <img decoding=\"async\" src=\"https:\/\/monatglobal.com\/wp-content\/uploads\/2022\/10\/193168168a50b2ff3e7a2b160179a2b9-min.gif\" loading=\"lazy\" \/>\n            <p>a la familia<\/p>\n            <p>MONAT!<\/p>\n            <img decoding=\"async\" src=\"https:\/\/monatglobal.com\/wp-content\/uploads\/2022\/10\/Rectangle-16Imagen3-1.png\" loading=\"lazy\" \/>\n        <h1>LA CULTURA MONAT<\/h1> \n<\/section> \n<section id=\"aboutSec\">\n        <img decoding=\"async\" src=\"https:\/\/monatglobal.com\/wp-content\/uploads\/2022\/10\/Group-151circulo.png\" loading=\"lazy\" \/>\n            <h2>En MONAT, nos enorgullecemos de los productos de base natural que creamos, \u00a1pero somos mucho m\u00e1s que cabellos hermosos y pieles&nbsp;radiantes!<\/h2>\n            <p>Nuestro mayor orgullo reside en las vidas que cambiamos a trav\u00e9s de la incre\u00edble oportunidad que ofrecemos, porque cambiar vidas es un negocio con verdadero&nbsp;prop\u00f3sito.<\/p>\n<\/section> \n<section id=\"largeSec\">\n                <h2>Nuestra misi\u00f3n es ayudar a que m\u00e1s y m\u00e1s personas disfruten de vidas hermosas, saludables y plenas a trav\u00e9s de productos naturales excepcionales, una divertida y gratificante oportunidad de negocios y una cultura de familia, servicio y&nbsp;gratitud.<\/h2>\n                            <img decoding=\"async\" src=\"https:\/\/monatglobal.com\/wp-content\/uploads\/2022\/10\/slider3.jpg\" alt=\"\" loading=\"lazy\" \/>\n                            <img decoding=\"async\" src=\"https:\/\/monatglobal.com\/wp-content\/uploads\/2022\/10\/slider1.jpg\" alt=\"\" loading=\"lazy\" \/>\n                            <img decoding=\"async\" src=\"https:\/\/monatglobal.com\/wp-content\/uploads\/2022\/10\/slider2.jpg\" alt=\"\" loading=\"lazy\" \/>\n                <img decoding=\"async\" src=\"https:\/\/monatglobal.com\/wp-content\/uploads\/2022\/10\/hover1.jpg\" loading=\"lazy\" \/>\n                    <h2>PRODUCTOS DE BASE NATURAL<\/h2>\n                <img decoding=\"async\" src=\"https:\/\/monatglobal.com\/wp-content\/uploads\/2022\/10\/hover2.jpg\" loading=\"lazy\" \/>\n                    <h2>OPORTUNIDAD DIVERTIDA Y GRATIFICANTE<\/h2>\n                <img decoding=\"async\" src=\"https:\/\/monatglobal.com\/wp-content\/uploads\/2022\/10\/hover3-1.jpg\" loading=\"lazy\" \/>\n                    <h2>CULTURA DE FAMILIA, SERVICIO Y&nbsp;GRATITUD<\/h2>\n            <h2>Nos comprometemos con los valores fundamentales que forman parte de cada decisi\u00f3n que&nbsp;tomamos. <\/h2>\n            <img decoding=\"async\" src=\"https:\/\/monatglobal.com\/wp-content\/uploads\/2022\/10\/Rectangle-230familia-con-perrito.jpg\" loading=\"lazy\" \/> \n                <h2>Nos comprometemos con los valores fundamentales que forman parte de cada decisi\u00f3n que tomamos. <\/h2>\n                <p>Trabajamos para garantizar que estamos cambiando vidas de manera positiva y significativa. Lo m\u00e1s importante, creemos que la familia siempre es lo primero -y que nuestros Market Partners y sus clientes siempre deben ser tratados como&nbsp;familia.<\/p>\n<\/section>\n<section id=\"philosophySec\">\n        <img decoding=\"async\" src=\"https:\/\/monatglobal.com\/wp-content\/uploads\/2022\/10\/EJR09178-1Philosofy2.jpg\" loading=\"lazy\" \/>\n                <h2>Nuestra filosof\u00eda es muy simple<\/h2>\n                <h3>Tenemos \u00e9xito cuando ayudamos a otros a tener \u00e9xito. Somos felices cuando ayudamos a otros a encontrar alegr\u00eda.<\/h3>\n                <p>En MONAT, ayudamos a otros a disfrutar de vidas hermosas, de dentro hacia fuera. \u00a1Esto tambi\u00e9n significa sentir Gratitud por todas nuestras bendiciones y dar a las comunidades en las que vivimos y&nbsp;prosperamos!<\/p>\n        <img decoding=\"async\" src=\"https:\/\/monatglobal.com\/wp-content\/uploads\/2022\/10\/Component-7Pholosophy.jpg\" loading=\"lazy\" \/>\n        <img decoding=\"async\" src=\"https:\/\/monatglobal.com\/wp-content\/uploads\/2022\/10\/EJR09178-1Philosofy2.jpg\" loading=\"lazy\" \/>\n<\/section>\n\n","protected":false},"excerpt":{"rendered":"<p>\u00a1Bienvenido\/a a la familia MONAT! LA CULTURA MONAT En MONAT, nos enorgullecemos de los productos de base natural que creamos, \u00a1pero somos mucho m\u00e1s que cabellos hermosos y pieles&nbsp;radiantes! Nuestro mayor orgullo reside en las vidas que cambiamos a trav\u00e9s de la incre\u00edble oportunidad que ofrecemos, porque cambiar vidas es un negocio con verdadero&nbsp;prop\u00f3sito. Nuestra&hellip;<\/p>\n","protected":false},"author":45,"featured_media":108588,"parent":0,"menu_order":0,"comment_status":"closed","ping_status":"closed","template":"","meta":{"inline_featured_image":false,"footnotes":""},"categories":[],"tags":[],"class_list":["post-108445","page","type-page","status-publish","has-post-thumbnail","hentry"],"aioseo_notices":[],"_links":{"self":[{"href":"https:\/\/monatglobal.com\/do\/wp-json\/wp\/v2\/pages\/108445","targetHints":{"allow":["GET"]}}],"collection":[{"href":"https:\/\/monatglobal.com\/do\/wp-json\/wp\/v2\/pages"}],"about":[{"href":"https:\/\/monatglobal.com\/do\/wp-json\/wp\/v2\/types\/page"}],"author":[{"embeddable":true,"href":"https:\/\/monatglobal.com\/do\/wp-json\/wp\/v2\/users\/45"}],"replies":[{"embeddable":true,"href":"https:\/\/monatglobal.com\/do\/wp-json\/wp\/v2\/comments?post=108445"}],"version-history":[{"count":1,"href":"https:\/\/monatglobal.com\/do\/wp-json\/wp\/v2\/pages\/108445\/revisions"}],"predecessor-version":[{"id":109112,"href":"https:\/\/monatglobal.com\/do\/wp-json\/wp\/v2\/pages\/108445\/revisions\/109112"}],"wp:featuredmedia":[{"embeddable":true,"href":"https:\/\/monatglobal.com\/do\/wp-json\/"}],"wp:attachment":[{"href":"https:\/\/monatglobal.com\/do\/wp-json\/wp\/v2\/media?parent=108445"}],"wp:term":[{"taxonomy":"category","embeddable":true,"href":"https:\/\/monatglobal.com\/do\/wp-json\/wp\/v2\/categories?post=108445"},{"taxonomy":"post_tag","embeddable":true,"href":"https:\/\/monatglobal.com\/do\/wp-json\/wp\/v2\/tags?post=108445"}],"curies":[{"name":"wp","href":"https:\/\/api.w.org\/{rel}","templated":true}]}}