{"id":108435,"date":"2025-07-30T23:47:11","date_gmt":"2025-07-30T22:47:11","guid":{"rendered":"https:\/\/monatglobal.com\/mx\/?page_id=108435"},"modified":"2026-02-26T16:36:03","modified_gmt":"2026-02-26T16:36:03","slug":"biotechbeauty","status":"publish","type":"page","link":"https:\/\/monatglobal.com\/do\/biotechbeauty\/","title":{"rendered":"Belleza biotecnol\u00f3gica MONAT: Productos innovadores para el cuidado de la piel y el cabello"},"content":{"rendered":"\n\n   :root {\n        &#8211;mediumSizeP: clamp(1.8rem, 1.6vw, 2.3rem); \n        &#8211;smallSizeP: clamp(1.4rem, 1.4vw, 1.8rem);\n        &#8211;gray: #fbfbfb\n   } \n \n<section id=\"bannerSec\">\n        <img decoding=\"async\" id=\"monat_banner_logo\" src=\"https:\/\/monatglobal.com\/wp-content\/uploads\/2024\/11\/monat_logo_2024.svg\" alt=\"MONAT GLOBAL\">\n        <h1>Los pioneros <br>de la belleza<br> biotecnol\u00f3gica<\/h1>\n            <p>Belleza biotecnol\u00f3gica <em>(sustantivo)<\/em>:  categor\u00eda de productos cosm\u00e9ticos y para el cuidado de la piel que utiliza la biotecnolog\u00eda para desarrollar ingredientes cultivados en laboratorio o mediante bioingenier\u00eda, lo que mejora la eficacia, la sostenibilidad y el abastecimiento \u00e9tico, mientras reduce la dependencia de recursos naturales o&nbsp;sint\u00e9ticos.<\/p>\n<\/section>\n<section id=\"sec1\">\n    <p>Belleza biotecnol\u00f3gica <em>(sustantivo)<\/em>:  categor\u00eda de productos cosm\u00e9ticos y para el cuidado de la piel que utiliza la biotecnolog\u00eda para desarrollar ingredientes cultivados en laboratorio o mediante bioingenier\u00eda, lo que mejora la eficacia, la sostenibilidad y el abastecimiento \u00e9tico, mientras reduce la dependencia de recursos naturales o&nbsp;sint\u00e9ticos.<\/p>\n        <p>En MONAT, la innovaci\u00f3n no es s\u00f3lo <br> una tendencia: es nuestro legado.<\/p>\n        <img decoding=\"async\" src=\"https:\/\/monatglobal.com\/wp-content\/uploads\/2025\/03\/BIOTECH-DERIVED-FORMULATIONS-min.jpg\" alt=\"Oil with bubbles in a petri dish and dropper.\">\n        <p>Llevamos a\u00f1os a la vanguardia de la biotecnolog\u00eda, fusionando la ciencia m\u00e1s innovadora con los mejores ingredientes de la naturaleza para redefinir la belleza y el&nbsp;bienestar. <\/p>\n            <p>Nuestra incesante b\u00fasqueda de la excelencia nos ha convertido en un l\u00edder de la industria, ayud\u00e1ndote a lucir y sentirte mejor que&nbsp;nunca.<\/p> \n            <br>\n            <br>\n            <br>\n            <h2>FORMULACIONES<br> DERIVADAS<br> DE LA <br>BIOTECNOLOG\u00cdA<\/h2>\n            <p>La ciencia de la belleza es la base de nuestros galardonados&nbsp;productos.<\/p>\n                        <img decoding=\"async\" alt=\"essential oil drops picture\" src=\"https:\/\/monatglobal.com\/wp-content\/uploads\/2023\/05\/essential-oil-drops-picture-min.png\">\n                        <img decoding=\"async\" alt=\"ceramides picture\" src=\"https:\/\/monatglobal.com\/wp-content\/uploads\/2025\/03\/ceramides-min.png\">\n                        <img decoding=\"async\" alt=\"hyaluronic acid picture\" src=\"https:\/\/monatglobal.com\/wp-content\/uploads\/2025\/03\/hyaluronic-acid-min.png\">\n                        <img decoding=\"async\" alt=\"oil texture formulations picture\" src=\"https:\/\/monatglobal.com\/wp-content\/uploads\/2025\/03\/oil-texture-formulations-min.png\">\n                        <img decoding=\"async\" alt=\"texture formulation picture\" src=\"https:\/\/monatglobal.com\/wp-content\/uploads\/2025\/03\/texture-formulation-2-min.png\">\n                        <img decoding=\"async\" alt=\"texture formulation picture\" src=\"https:\/\/monatglobal.com\/wp-content\/uploads\/2025\/03\/texture-formulations-min.png\">\n                <p>Los ingredientes biotecnol\u00f3gicos naturales de nuestras f\u00f3rmulas patentadas incluyen p\u00e9ptidos, materias primas de origen biol\u00f3gico, \u00e1cido hialur\u00f3nico, pol\u00edmeros de origen natural, ingredientes derivados de la fermentaci\u00f3n, ceramidas y c\u00e9lulas madre&nbsp;vegetales.<\/p>\n            <img decoding=\"async\" src=\"https:\/\/monatglobal.com\/wp-content\/uploads\/2025\/03\/bio-based-raw-materials-min.jpg\" alt=\"Lab professional handling pink liquid\">    \n            <p>Desde el cuidado del cabello hasta el de la piel, los ingredientes de origen natural son la esencia de nuestros productos&nbsp;innovadores. <\/p> \n    <img decoding=\"async\" src=\"https:\/\/monatglobal.com\/wp-content\/uploads\/2025\/03\/plant-stem-cells-min.jpg\" alt=\"close up picture of plant cell\">\n<\/section>\n<section id=\"sec2\">\n            <h2>VEGANO <br> Y PURO<\/h2>\n            <p>Como marca certificada por <em>leaping bunny,<\/em> no utilizamos ning\u00fan ingrediente de origen&nbsp;animal.<\/p>\n        <img decoding=\"async\" src=\"https:\/\/monatglobal.com\/wp-content\/uploads\/2025\/03\/vegan-clean-model-mobile-min.jpg\" alt=\"A woman lifts a MONAT scalp care product playfully, emphasizing clean beauty.\">\n                    <img decoding=\"async\" alt=\"picture of a cup of apple vinegar \" src=\"https:\/\/monatglobal.com\/wp-content\/uploads\/2025\/03\/apple-vinegar-min.png\">\n                    <img decoding=\"async\" alt=\"leaping bunny logo\" src=\"https:\/\/monatglobal.com\/wp-content\/uploads\/2025\/03\/leaping-bunny-logo-min.png\">\n                    <img decoding=\"async\" alt=\"Heap of chia-seeds picture\" src=\"https:\/\/monatglobal.com\/wp-content\/uploads\/2025\/03\/Heap-of-chia-seeds-min.png\">\n                    <img decoding=\"async\" alt=\"open Pomegranate picture\" src=\"https:\/\/monatglobal.com\/wp-content\/uploads\/2023\/05\/open-Pomegranate-picture-min.png\">\n                    <img decoding=\"async\" alt=\"Group-aloe-vera-slice-picture\" src=\"https:\/\/monatglobal.com\/wp-content\/uploads\/2025\/03\/Group-aloe-vera-slice-picture-min.png\">\n                    <img decoding=\"async\" alt=\"open coconut picture\" src=\"https:\/\/monatglobal.com\/wp-content\/uploads\/2025\/03\/coconut-min.png\">\n            <p>MONAT no utiliza ingredientes de origen animal, parabenos, aceites minerales, ftalatos, petrolato ni otros ingredientes sint\u00e9ticos nocivos en sus&nbsp;productos.<\/p>\n        <img decoding=\"async\" src=\"https:\/\/monatglobal.com\/wp-content\/uploads\/2025\/03\/vegan-and-clean-model-min-1.png\" alt=\"A woman lifts a MONAT scalp care product playfully, emphasizing clean beauty.\">\n    <img decoding=\"async\" src=\"https:\/\/monatglobal.com\/wp-content\/uploads\/2025\/03\/free-of-animal-derived-ingredients-min.png\" alt=\"Close-up of skincare ingredients, showcasing a fine powder\">\n<\/section>\n<section id=\"sec3\">\n            <h2>SOSTENIBILIDAD<\/h2>\n            <p>MONAT est\u00e1 comprometida con la sostenibilidad a trav\u00e9s de un abastecimiento responsable, envases reciclables e iniciativas de conservaci\u00f3n del&nbsp;agua.<\/p>\n        <img decoding=\"async\" src=\"https:\/\/monatglobal.com\/wp-content\/uploads\/2025\/03\/responsible-sourcing-min.png\" alt=\"Hands holding a Monat IR Clinical Hair Thinning Defense serum bottle with a dropper releasing a drop of product.\">\n                    <img decoding=\"async\" alt=\"multiple monat bottles picture\" src=\"https:\/\/monatglobal.com\/wp-content\/uploads\/2025\/03\/recycle-byproducts-min.png\">\n                    <img decoding=\"async\" alt=\"cold press process picture\" src=\"https:\/\/monatglobal.com\/wp-content\/uploads\/2025\/03\/cold-processed-min.png\">\n                    <img decoding=\"async\" alt=\"picture of water ripples\" src=\"https:\/\/monatglobal.com\/wp-content\/uploads\/2025\/03\/product-performance-min.png\">\n                    &lt;!&#8211;<img decoding=\"async\" alt=\"open Pomegranate picture\" src=\"https:\/\/monatglobal.com\/wp-content\/uploads\/2023\/05\/open-Pomegranate-picture-min.png\" \/>&#8211;&gt;\n                    &lt;!&#8211;<img decoding=\"async\" alt=\"Group-aloe-vera-slice-picture\" src=\"https:\/\/monatglobal.com\/wp-content\/uploads\/2023\/05\/Group-aloe-vera-slice-picture-min.png\" \/>&#8211;&gt;\n                    &lt;!&#8211;<img decoding=\"async\" alt=\"group of almonds picture\" src=\"https:\/\/monatglobal.com\/wp-content\/uploads\/2023\/05\/istockphoto-1390257052-612x612_1-removebg-preview-min.png\" \/>&#8211;&gt;\n            <p>Reciclamos los subproductos de nuestra fabricaci\u00f3n para ayudar al medio ambiente y muchas de nuestras f\u00f3rmulas se procesan en fr\u00edo para optimizar la eficacia de los ingredientes y el rendimiento del&nbsp;producto.<\/p>\n<\/section>\n<section id=\"sec4\"> \n            <h2>AROMA<\/h2>\n            <p>MONAT elabora fragancias exclusivas con los ingredientes m\u00e1s seguros, aprovechando el poder de los aceites esenciales y los extractos bot\u00e1nicos para ofrecer una experiencia sensorial&nbsp;sofisticada.<\/p>\n                    <img decoding=\"async\" alt=\"lemon picture\" src=\"https:\/\/monatglobal.com\/wp-content\/uploads\/2025\/03\/lemon-aroma-min.png\">\n                    <img decoding=\"async\" alt=\"lavander picture\" src=\"https:\/\/monatglobal.com\/wp-content\/uploads\/2025\/03\/lavander-aroma-min.png\">\n                    <img decoding=\"async\" alt=\"cloves picture\" src=\"https:\/\/monatglobal.com\/wp-content\/uploads\/2025\/03\/cloves-aroma-min.png\">\n                    <img decoding=\"async\" alt=\"jasmin picture\" src=\"https:\/\/monatglobal.com\/wp-content\/uploads\/2025\/03\/jasmin-aroma-min.png\">\n                    <img decoding=\"async\" alt=\"yellow-flower picture\" src=\"https:\/\/monatglobal.com\/wp-content\/uploads\/2025\/03\/yellow-flower-aroma-min.png\">\n                    <img decoding=\"async\" alt=\"vanilla picture\" src=\"https:\/\/monatglobal.com\/wp-content\/uploads\/2025\/03\/vanilla-aroma-min.png\">\n            <p>Aprovechamos las pr\u00e1cticas sostenibles con un impacto medioambiental m\u00ednimo, reciclando las materias primas para crear aromas de alto&nbsp;rendimiento.<\/p>\n            <img decoding=\"async\" src=\"https:\/\/monatglobal.com\/wp-content\/uploads\/2025\/03\/Blending-science-and-creativity-min.jpg\" alt=\" A purple flower petal resting on a smear of lavender-colored gel with a small droplet beside it.\">    \n            <p>Combinando ciencia y creatividad, ofrecemos fragancias exclusivas, elaboradas con componentes seguros y&nbsp;ecol\u00f3gicos.<\/p> \n    <img decoding=\"async\" src=\"https:\/\/monatglobal.com\/wp-content\/uploads\/2025\/03\/aroma-flower-min.png\" alt=\"Close-up of a vibrant tulip.\">\n<\/section>\n<section id=\"sec5\">\n        <img decoding=\"async\" src=\"https:\/\/monatglobal.com\/wp-content\/uploads\/2025\/03\/safe-and-eco-conscious-min.jpg\" alt=\"Glass jars with liquids - Skincare formulations in small jars\">\n            <img decoding=\"async\" src=\"https:\/\/monatglobal.com\/wp-content\/uploads\/2025\/03\/Studio-One_Volume-Lift-Spray_Product_Lifestyle_1103-1-min.jpg\" alt=\"Studio-One Volume-Lift-Spray_Producte with watermelon\">\n                            <img decoding=\"async\" alt=\"Rambutan picture\" src=\"https:\/\/monatglobal.com\/wp-content\/uploads\/2025\/03\/Rambutan-min.png\">\n                            <img decoding=\"async\" alt=\"naturally derived ingredients picture\" src=\"https:\/\/monatglobal.com\/wp-content\/uploads\/2025\/03\/naturally-derived-ingredients-min.png\">\n                            <img decoding=\"async\" alt=\"shea butter picture\" src=\"https:\/\/monatglobal.com\/wp-content\/uploads\/2025\/03\/shea-butter-min.png\">\n                             <img decoding=\"async\" alt=\"Serum gel swatch picture\" src=\"https:\/\/monatglobal.com\/wp-content\/uploads\/2025\/03\/Serum-gel-swatch-picture-min.png\">\n                            <img decoding=\"async\" alt=\"coffee-beans picture\" src=\"https:\/\/monatglobal.com\/wp-content\/uploads\/2025\/03\/coffee-beans-min.png\">\n                            <img decoding=\"async\" alt=\"cutting-edge-technology e-picture\" src=\"https:\/\/monatglobal.com\/wp-content\/uploads\/2025\/03\/cutting-edge-technology-min.png\">\n                    <p>Nos comprometemos a seguir utilizando ingredientes de origen natural y tecnolog\u00eda de punta para ofrecer una belleza segura, sostenible y orientada a resultados&nbsp;excepcionales.<\/p>\n                <p>Esta es nuestra promesa: pureza, eficacia y siempre a la&nbsp;vanguardia.<\/p>\n        <img decoding=\"async\" src=\"https:\/\/monatglobal.com\/wp-content\/uploads\/2025\/03\/science-and-creativity-min.jpg\" alt=\"A purple flower petal resting on a smear of lavender-colored gel with a small droplet beside it.\">\n                <h2>NUESTRO <br>COMPROMISO<br> CONTIGO<\/h2>\n                <p>En MONAT, hemos sido pioneros en biotecnolog\u00eda desde el principio, superando los l\u00edmites de la ciencia y la naturaleza para crear productos innovadores y de alto&nbsp;rendimiento.<\/p>\n        \n            \n            <img decoding=\"async\" src=\"https:\/\/monatglobal.com\/wp-content\/uploads\/2025\/03\/our-commitment-min-1.jpg\" alt=\"Sleek-haired woman exuding beauty. \" loading=\"lazy\">\n        \n<\/section>\n","protected":false},"excerpt":{"rendered":"<p>:root { &#8211;mediumSizeP: clamp(1.8rem, 1.6vw, 2.3rem); &#8211;smallSizeP: clamp(1.4rem, 1.4vw, 1.8rem); &#8211;gray: #fbfbfb } Los pioneros de la belleza biotecnol\u00f3gica Belleza biotecnol\u00f3gica (sustantivo): categor\u00eda de productos cosm\u00e9ticos y para el cuidado de la piel que utiliza la biotecnolog\u00eda para desarrollar ingredientes cultivados en laboratorio o mediante bioingenier\u00eda, lo que mejora la eficacia, la sostenibilidad y el&hellip;<\/p>\n","protected":false},"author":45,"featured_media":109120,"parent":0,"menu_order":0,"comment_status":"closed","ping_status":"closed","template":"","meta":{"inline_featured_image":false,"footnotes":""},"categories":[],"tags":[],"class_list":["post-108435","page","type-page","status-publish","has-post-thumbnail","hentry"],"aioseo_notices":[],"_links":{"self":[{"href":"https:\/\/monatglobal.com\/do\/wp-json\/wp\/v2\/pages\/108435","targetHints":{"allow":["GET"]}}],"collection":[{"href":"https:\/\/monatglobal.com\/do\/wp-json\/wp\/v2\/pages"}],"about":[{"href":"https:\/\/monatglobal.com\/do\/wp-json\/wp\/v2\/types\/page"}],"author":[{"embeddable":true,"href":"https:\/\/monatglobal.com\/do\/wp-json\/wp\/v2\/users\/45"}],"replies":[{"embeddable":true,"href":"https:\/\/monatglobal.com\/do\/wp-json\/wp\/v2\/comments?post=108435"}],"version-history":[{"count":1,"href":"https:\/\/monatglobal.com\/do\/wp-json\/wp\/v2\/pages\/108435\/revisions"}],"predecessor-version":[{"id":109122,"href":"https:\/\/monatglobal.com\/do\/wp-json\/wp\/v2\/pages\/108435\/revisions\/109122"}],"wp:featuredmedia":[{"embeddable":true,"href":"https:\/\/monatglobal.com\/do\/wp-json\/wp\/v2\/media\/109120"}],"wp:attachment":[{"href":"https:\/\/monatglobal.com\/do\/wp-json\/wp\/v2\/media?parent=108435"}],"wp:term":[{"taxonomy":"category","embeddable":true,"href":"https:\/\/monatglobal.com\/do\/wp-json\/wp\/v2\/categories?post=108435"},{"taxonomy":"post_tag","embeddable":true,"href":"https:\/\/monatglobal.com\/do\/wp-json\/wp\/v2\/tags?post=108435"}],"curies":[{"name":"wp","href":"https:\/\/api.w.org\/{rel}","templated":true}]}}