{"id":882,"date":"2025-06-04T15:07:50","date_gmt":"2025-06-04T15:07:50","guid":{"rendered":"https:\/\/monatglobal.com\/de\/?page_id=882"},"modified":"2025-06-18T14:10:28","modified_gmt":"2025-06-18T14:10:28","slug":"monathero","status":"publish","type":"page","link":"https:\/\/monatglobal.com\/de\/monathero\/","title":{"rendered":"Der Chairman\u2019s Award 2025"},"content":{"rendered":"\n\n\t<!--<a id=\"scrollBtn\">Nominate Your Hero Now<\/a>-->\n<!--<a id=\"scrollBtn\">-->\n<!--    -->\n<!--        <input id=\"language-toggle\" type=\"checkbox\"\/>-->\n<!--        <label for=\"language-toggle\"><\/label>-->\n<!--        Nominate Your Hero Now-->\n<!--    -->\n<!---->\n            <p>MONAT GRATITUDE Pr\u00e4sentiert<\/p>\n            <h1>DEN CHAIRMAN&#8217;S<br \/> AWARD 2025<\/h1>\n            <img decoding=\"async\" width=\"150\" src=\"https:\/\/monatglobal.com\/wp-content\/uploads\/2023\/06\/drop-logo-lines.svg\"\/> \n      Unsere bedeutendste Auszeichnung des Jahres<br \/> verliehen bei der MONATions UnitedNominierungen offen vom <br \/>18. Juni bis 3. Juli\n            <h2>Was macht einen MONAT Helden aus?<\/h2>\n            <h3>Ein MONAT Leader mit Herz und Hingabe, der aktiv dazu beitr\u00e4gt, seine Gemeinschaft positiv zu&nbsp;ver\u00e4ndern.<\/h3>\n         <img decoding=\"async\" src=\"https:\/\/monatglobal.com\/wp-content\/uploads\/2025\/05\/chairman-award_2025-min-1.png\" loading=\"lazy\"\/> \n               Ein MONAT Hero zeichnet sich aus&nbsp;durch:<br \/>\n               \n            <ul>\n               <li>Ein Leben voller Hingabe. \n               <\/li>\n               <li> \n                 Ein Herz, das zur\u00fcckgibt. \n               <\/li>\n               <li> \n                 Eine Inspiration f\u00fcr uns alle.\n               <\/li>\n            <\/ul>\n      <br \/>\n      Der Chairman&#8217;s Award ist unsere h\u00f6chste Auszeichnung und wird jedes Jahr an eine Person vergeben, die von anderen Market Partnern ausgew\u00e4hlt wurde.  \n      <p> Am 23. August, live auf der B\u00fchne w\u00e4hrend der Dream Bigger Celebration bei MONATions United 2025, ehren wir feierlich den diesj\u00e4hrigen MONAT Helden &#8211; die Auszeichnung wird pers\u00f6nlich von MONAT Chairman Luis Urdaneta&nbsp;\u00fcberreicht.<\/p>\n   <img decoding=\"async\" src=\"https:\/\/monatglobal.com\/wp-content\/uploads\/2025\/05\/chairman-award_2025-min-1.png\" loading=\"lazy\"\/> \n      <\/a><a target=\"_blank\" href=\"https:\/\/form.jotform.com\/251325880627157\" aria-label=\"Go to nomination form\" rel=\"noopener\">Nominiere Deinen MONAT Helden<\/a>\n         <img decoding=\"async\" src=\"https:\/\/monatglobal.com\/wp-content\/uploads\/2025\/05\/chairman-awards-NOMINATIONS-OPEN_2025-min.jpg\" loading=\"lazy\"\/>\n            Vom 18. Juni bis 3. Juli hast du die Chance, einen MONAT Leader zu nominieren, der f\u00fcr dich diese exklusive Auszeichnung verdient &#8211; und ihn auf besondere Weise&nbsp;anzuerkennen.\n            <br \/>\n            <img decoding=\"async\" src=\"https:\/\/monatglobal.com\/wp-content\/uploads\/2025\/05\/monathero-stage-2024-min.jpg\" loading=\"lazy\"\/>\n         <img decoding=\"async\" src=\"https:\/\/monatglobal.com\/wp-content\/uploads\/2025\/05\/chairman-award-2025-min.jpg\" loading=\"lazy\"\/> \n            <h2>Wer kann nominiert werden?<\/h2>\n            <p>Du kannst jeden aktiven Market Partner in gutem Ansehen nominieren, der den Karriererang Market Mentor oder h\u00f6her erreicht&nbsp;hat.<\/p>\n            <a target=\"_blank\" href=\"https:\/\/form.jotform.com\/251325880627157\" aria-label=\"Go to nomination form\" rel=\"noopener\">Nominiere Deinen MONAT Helden<\/a>\n   <h2>Was macht einen <br \/>MONAT Helden aus?<\/h2>\n         <p>Ein MONAT Held ist viel mehr als nur ein erfolgreicher Market Partner &#8211; die Person macht in der Gemeinschaft einen echten Unterschied.  <br \/>Sie investiert Zeit, Talent und Ressourcen, um positive Ver\u00e4nderungen zu bewirken und etwas zur\u00fcckzugeben. Er oder sie f\u00fchrt nicht nur ein Team, sondern tut dies mit Dankbarkeit.<\/p>\n         <p>Ein MONAT Hero verk\u00f6rpert:<\/p>\n         <ul>\n            <li>Hingabe<\/li>\n            <li>Engagement in der Gemeinschaft<\/li>\n            <li>Freiwilligenarbeit<\/li>\n            <li>Wohlt\u00e4tigkeit<\/li>\n            <li>Dankbarkeit<\/li>\n            <li>F\u00fchrungskraft<\/li>\n            <li>Demut<\/li>\n            <li>Freundlichkeit<\/li>\n         <\/ul>\n   <h2>Nominiere noch heute <br \/>Deinen MONAT Helden.<\/h2>\n   <p>F\u00fclle das Formular aus, indem Du unten klickst. Beschreibe m\u00f6glichst ausf\u00fchrlich, wie Dein Kandidat mit Dankbarkeit f\u00fchrt und in seiner Gemeinschaft positive Ver\u00e4nderungen bewirkt. Selbstnominierungen sind ebenfalls willkommen.<\/p>\n      <a target=\"_blank\" href=\"https:\/\/form.jotform.com\/251325880627157\" aria-label=\"Go to nomination form\" rel=\"noopener\">Nominiere Deinen MONAT Helden<\/a>\n   <img decoding=\"async\" src=\"https:\/\/monatglobal.com\/wp-content\/uploads\/2024\/05\/Brittany-Sauer-Chairmans-Award-USA_2023.jpg\" loading=\"lazy\"\/>\n      <h2><a target=\"_blank\" href=\"https:\/\/monatgratitude.com\/pages\/chairmans-award\" rel=\"noopener\">Mehr erfahren<\/a> <br \/> \u00fcber fr\u00fchere Preistr\u00e4ger <br \/>des Chairman&#8217;s Award!<\/h2>\n\n","protected":false},"excerpt":{"rendered":"<p>MONAT GRATITUDE Pr\u00e4sentiert DEN CHAIRMAN&#8217;S AWARD 2025 Unsere bedeutendste Auszeichnung des Jahres verliehen bei der MONATions UnitedNominierungen offen vom 18. Juni bis 3. Juli Was macht einen MONAT Helden aus? Ein MONAT Leader mit Herz und Hingabe, der aktiv dazu beitr\u00e4gt, seine Gemeinschaft positiv zu&nbsp;ver\u00e4ndern. Ein MONAT Hero zeichnet sich aus&nbsp;durch: Ein Leben voller Hingabe.&hellip;<\/p>\n","protected":false},"author":57,"featured_media":898,"parent":0,"menu_order":0,"comment_status":"closed","ping_status":"closed","template":"","meta":{"inline_featured_image":false,"om_disable_all_campaigns":false,"footnotes":""},"categories":[],"tags":[],"class_list":["post-882","page","type-page","status-publish","has-post-thumbnail","hentry"],"aioseo_notices":[],"aioseo_head":"\n\t\t<!-- All in One SEO Pro 4.9.5.2 - aioseo.com -->\n\t<meta name=\"description\" content=\"Nominiere einen MONAT Market Partner f\u00fcr den Chairman\u2019s Award 2025! Reiche Deinen Vorschlag vom 18. Juni bis 3. Juli ein. Lasst uns gemeinsam feiern\" \/>\n\t<meta name=\"robots\" content=\"max-image-preview:large\" \/>\n\t<link rel=\"canonical\" href=\"https:\/\/monatglobal.com\/de\/monathero\/\" \/>\n\t<meta name=\"generator\" content=\"All in One SEO Pro (AIOSEO) 4.9.5.2\" \/>\n\t\t<meta property=\"og:locale\" content=\"de_DE\" \/>\n\t\t<meta property=\"og:site_name\" content=\"MONAT Germany - We Are Modern Nature\u2122\" \/>\n\t\t<meta property=\"og:type\" content=\"article\" \/>\n\t\t<meta property=\"og:title\" content=\"MONAT Hero | Der Chairman\u2019s Award 2025 | MONATions\" \/>\n\t\t<meta property=\"og:description\" content=\"Nominiere einen MONAT Market Partner f\u00fcr den Chairman\u2019s Award 2025! Reiche Deinen Vorschlag vom 18. Juni bis 3. Juli ein. Lasst uns gemeinsam feiern\" \/>\n\t\t<meta property=\"og:url\" content=\"https:\/\/monatglobal.com\/de\/monathero\/\" \/>\n\t\t<meta property=\"article:published_time\" content=\"2025-06-04T15:07:50+00:00\" \/>\n\t\t<meta property=\"article:modified_time\" content=\"2025-06-18T14:10:28+00:00\" \/>\n\t\t<meta name=\"twitter:card\" content=\"summary_large_image\" \/>\n\t\t<meta name=\"twitter:title\" content=\"MONAT Hero | Der Chairman\u2019s Award 2025 | MONATions\" \/>\n\t\t<meta name=\"twitter:description\" content=\"Nominiere einen MONAT Market Partner f\u00fcr den Chairman\u2019s Award 2025! Reiche Deinen Vorschlag vom 18. Juni bis 3. Juli ein. Lasst uns gemeinsam feiern\" \/>\n\t\t<script type=\"application\/ld+json\" class=\"aioseo-schema\">\n\t\t\t{\"@context\":\"https:\\\/\\\/schema.org\",\"@graph\":[{\"@type\":\"BreadcrumbList\",\"@id\":\"https:\\\/\\\/monatglobal.com\\\/de\\\/monathero\\\/#breadcrumblist\",\"itemListElement\":[{\"@type\":\"ListItem\",\"@id\":\"https:\\\/\\\/monatglobal.com\\\/de#listItem\",\"position\":1,\"name\":\"Home\",\"item\":\"https:\\\/\\\/monatglobal.com\\\/de\",\"nextItem\":{\"@type\":\"ListItem\",\"@id\":\"https:\\\/\\\/monatglobal.com\\\/de\\\/monathero\\\/#listItem\",\"name\":\"Der Chairman\\u2019s Award 2025\"}},{\"@type\":\"ListItem\",\"@id\":\"https:\\\/\\\/monatglobal.com\\\/de\\\/monathero\\\/#listItem\",\"position\":2,\"name\":\"Der Chairman\\u2019s Award 2025\",\"previousItem\":{\"@type\":\"ListItem\",\"@id\":\"https:\\\/\\\/monatglobal.com\\\/de#listItem\",\"name\":\"Home\"}}]},{\"@type\":\"Organization\",\"@id\":\"https:\\\/\\\/monatglobal.com\\\/de\\\/#organization\",\"name\":\"MONAT Germany\",\"description\":\"We Are Modern Nature\\u2122\",\"url\":\"https:\\\/\\\/monatglobal.com\\\/de\\\/\"},{\"@type\":\"WebPage\",\"@id\":\"https:\\\/\\\/monatglobal.com\\\/de\\\/monathero\\\/#webpage\",\"url\":\"https:\\\/\\\/monatglobal.com\\\/de\\\/monathero\\\/\",\"name\":\"MONAT Hero | Der Chairman\\u2019s Award 2025 | MONATions\",\"description\":\"Nominiere einen MONAT Market Partner f\\u00fcr den Chairman\\u2019s Award 2025! Reiche Deinen Vorschlag vom 18. Juni bis 3. Juli ein. Lasst uns gemeinsam feiern\",\"inLanguage\":\"de-DE\",\"isPartOf\":{\"@id\":\"https:\\\/\\\/monatglobal.com\\\/de\\\/#website\"},\"breadcrumb\":{\"@id\":\"https:\\\/\\\/monatglobal.com\\\/de\\\/monathero\\\/#breadcrumblist\"},\"image\":{\"@type\":\"ImageObject\",\"url\":\"https:\\\/\\\/monatglobal.com\\\/de\\\/wp-content\\\/uploads\\\/sites\\\/22\\\/2025\\\/06\\\/monathero-2025-ft-img-de-min.jpg\",\"@id\":\"https:\\\/\\\/monatglobal.com\\\/de\\\/monathero\\\/#mainImage\",\"width\":1200,\"height\":628},\"primaryImageOfPage\":{\"@id\":\"https:\\\/\\\/monatglobal.com\\\/de\\\/monathero\\\/#mainImage\"},\"datePublished\":\"2025-06-04T15:07:50+00:00\",\"dateModified\":\"2025-06-18T14:10:28+00:00\"},{\"@type\":\"WebSite\",\"@id\":\"https:\\\/\\\/monatglobal.com\\\/de\\\/#website\",\"url\":\"https:\\\/\\\/monatglobal.com\\\/de\\\/\",\"name\":\"MONAT Germany\",\"description\":\"We Are Modern Nature\\u2122\",\"inLanguage\":\"de-DE\",\"publisher\":{\"@id\":\"https:\\\/\\\/monatglobal.com\\\/de\\\/#organization\"}}]}\n\t\t<\/script>\n\t\t<!-- All in One SEO Pro -->\r\n\t\t<title>MONAT Hero | Der Chairman\u2019s Award 2025 | MONATions<\/title>\n\n","aioseo_head_json":{"title":"MONAT Hero | Der Chairman\u2019s Award 2025 | MONATions","description":"Nominiere einen MONAT Market Partner f\u00fcr den Chairman\u2019s Award 2025! Reiche Deinen Vorschlag vom 18. Juni bis 3. Juli ein. Lasst uns gemeinsam feiern","canonical_url":"https:\/\/monatglobal.com\/de\/monathero\/","robots":"max-image-preview:large","keywords":"","webmasterTools":{"miscellaneous":""},"schema":{"@context":"https:\/\/schema.org","@graph":[{"@type":"BreadcrumbList","@id":"https:\/\/monatglobal.com\/de\/monathero\/#breadcrumblist","itemListElement":[{"@type":"ListItem","@id":"https:\/\/monatglobal.com\/de#listItem","position":1,"name":"Home","item":"https:\/\/monatglobal.com\/de","nextItem":{"@type":"ListItem","@id":"https:\/\/monatglobal.com\/de\/monathero\/#listItem","name":"Der Chairman\u2019s Award 2025"}},{"@type":"ListItem","@id":"https:\/\/monatglobal.com\/de\/monathero\/#listItem","position":2,"name":"Der Chairman\u2019s Award 2025","previousItem":{"@type":"ListItem","@id":"https:\/\/monatglobal.com\/de#listItem","name":"Home"}}]},{"@type":"Organization","@id":"https:\/\/monatglobal.com\/de\/#organization","name":"MONAT Germany","description":"We Are Modern Nature\u2122","url":"https:\/\/monatglobal.com\/de\/"},{"@type":"WebPage","@id":"https:\/\/monatglobal.com\/de\/monathero\/#webpage","url":"https:\/\/monatglobal.com\/de\/monathero\/","name":"MONAT Hero | Der Chairman\u2019s Award 2025 | MONATions","description":"Nominiere einen MONAT Market Partner f\u00fcr den Chairman\u2019s Award 2025! Reiche Deinen Vorschlag vom 18. Juni bis 3. Juli ein. Lasst uns gemeinsam feiern","inLanguage":"de-DE","isPartOf":{"@id":"https:\/\/monatglobal.com\/de\/#website"},"breadcrumb":{"@id":"https:\/\/monatglobal.com\/de\/monathero\/#breadcrumblist"},"image":{"@type":"ImageObject","url":"https:\/\/monatglobal.com\/de\/wp-content\/uploads\/sites\/22\/2025\/06\/monathero-2025-ft-img-de-min.jpg","@id":"https:\/\/monatglobal.com\/de\/monathero\/#mainImage","width":1200,"height":628},"primaryImageOfPage":{"@id":"https:\/\/monatglobal.com\/de\/monathero\/#mainImage"},"datePublished":"2025-06-04T15:07:50+00:00","dateModified":"2025-06-18T14:10:28+00:00"},{"@type":"WebSite","@id":"https:\/\/monatglobal.com\/de\/#website","url":"https:\/\/monatglobal.com\/de\/","name":"MONAT Germany","description":"We Are Modern Nature\u2122","inLanguage":"de-DE","publisher":{"@id":"https:\/\/monatglobal.com\/de\/#organization"}}]},"og:locale":"de_DE","og:site_name":"MONAT Germany - We Are Modern Nature\u2122","og:type":"article","og:title":"MONAT Hero | Der Chairman\u2019s Award 2025 | MONATions","og:description":"Nominiere einen MONAT Market Partner f\u00fcr den Chairman\u2019s Award 2025! Reiche Deinen Vorschlag vom 18. Juni bis 3. Juli ein. Lasst uns gemeinsam feiern","og:url":"https:\/\/monatglobal.com\/de\/monathero\/","article:published_time":"2025-06-04T15:07:50+00:00","article:modified_time":"2025-06-18T14:10:28+00:00","twitter:card":"summary_large_image","twitter:title":"MONAT Hero | Der Chairman\u2019s Award 2025 | MONATions","twitter:description":"Nominiere einen MONAT Market Partner f\u00fcr den Chairman\u2019s Award 2025! Reiche Deinen Vorschlag vom 18. Juni bis 3. Juli ein. Lasst uns gemeinsam feiern"},"aioseo_meta_data":{"post_id":"882","title":"MONAT Hero | Der Chairman\u2019s Award 2025 | MONATions","description":"Nominiere einen MONAT Market Partner f\u00fcr den Chairman\u2019s Award 2025! Reiche Deinen Vorschlag vom 18. Juni bis 3. Juli ein. Lasst uns gemeinsam feiern","keywords":null,"keyphrases":{"focus":{"keyphrase":"","score":0,"analysis":{"keyphraseInTitle":{"score":0,"maxScore":9,"error":1}}},"additional":[]},"primary_term":null,"canonical_url":null,"og_title":null,"og_description":null,"og_object_type":"default","og_image_type":"default","og_image_url":null,"og_image_width":null,"og_image_height":null,"og_image_custom_url":null,"og_image_custom_fields":null,"og_video":"","og_custom_url":null,"og_article_section":null,"og_article_tags":null,"twitter_use_og":false,"twitter_card":"default","twitter_image_type":"default","twitter_image_url":null,"twitter_image_custom_url":null,"twitter_image_custom_fields":null,"twitter_title":null,"twitter_description":null,"schema":{"blockGraphs":[],"customGraphs":[],"default":{"data":{"Article":[],"Course":[],"Dataset":[],"FAQPage":[],"Movie":[],"Person":[],"Product":[],"ProductReview":[],"Car":[],"Recipe":[],"Service":[],"SoftwareApplication":[],"WebPage":[]},"graphName":"WebPage","isEnabled":true},"graphs":[]},"schema_type":"default","schema_type_options":null,"pillar_content":false,"robots_default":true,"robots_noindex":false,"robots_noarchive":false,"robots_nosnippet":false,"robots_nofollow":false,"robots_noimageindex":false,"robots_noodp":false,"robots_notranslate":false,"robots_max_snippet":"-1","robots_max_videopreview":"-1","robots_max_imagepreview":"large","priority":null,"frequency":"default","local_seo":null,"seo_analyzer_scan_date":null,"limit_modified_date":false,"reviewed_by":null,"ai":null,"created":"2025-06-04 15:07:53","updated":"2026-02-10 05:13:43"},"aioseo_breadcrumb":"<div class=\"aioseo-breadcrumbs\"><span class=\"aioseo-breadcrumb\">\n\t<a href=\"https:\/\/monatglobal.com\/de\" title=\"Home\">Home<\/a>\n<\/span><span class=\"aioseo-breadcrumb-separator\">\u00bb<\/span><span class=\"aioseo-breadcrumb\">\n\tDer Chairman\u2019s Award 2025\n<\/span><\/div>","aioseo_breadcrumb_json":[{"label":"Home","link":"https:\/\/monatglobal.com\/de"},{"label":"Der Chairman\u2019s Award 2025","link":"https:\/\/monatglobal.com\/de\/monathero\/"}],"_links":{"self":[{"href":"https:\/\/monatglobal.com\/de\/wp-json\/wp\/v2\/pages\/882","targetHints":{"allow":["GET"]}}],"collection":[{"href":"https:\/\/monatglobal.com\/de\/wp-json\/wp\/v2\/pages"}],"about":[{"href":"https:\/\/monatglobal.com\/de\/wp-json\/wp\/v2\/types\/page"}],"author":[{"embeddable":true,"href":"https:\/\/monatglobal.com\/de\/wp-json\/wp\/v2\/users\/57"}],"replies":[{"embeddable":true,"href":"https:\/\/monatglobal.com\/de\/wp-json\/wp\/v2\/comments?post=882"}],"version-history":[{"count":9,"href":"https:\/\/monatglobal.com\/de\/wp-json\/wp\/v2\/pages\/882\/revisions"}],"predecessor-version":[{"id":900,"href":"https:\/\/monatglobal.com\/de\/wp-json\/wp\/v2\/pages\/882\/revisions\/900"}],"wp:featuredmedia":[{"embeddable":true,"href":"https:\/\/monatglobal.com\/de\/wp-json\/wp\/v2\/media\/898"}],"wp:attachment":[{"href":"https:\/\/monatglobal.com\/de\/wp-json\/wp\/v2\/media?parent=882"}],"wp:term":[{"taxonomy":"category","embeddable":true,"href":"https:\/\/monatglobal.com\/de\/wp-json\/wp\/v2\/categories?post=882"},{"taxonomy":"post_tag","embeddable":true,"href":"https:\/\/monatglobal.com\/de\/wp-json\/wp\/v2\/tags?post=882"}],"curies":[{"name":"wp","href":"https:\/\/api.w.org\/{rel}","templated":true}]}}