{"id":702,"date":"2025-02-26T17:50:32","date_gmt":"2025-02-26T17:50:32","guid":{"rendered":"https:\/\/monatglobal.com\/de\/?page_id=702"},"modified":"2025-03-01T14:53:16","modified_gmt":"2025-03-01T14:53:16","slug":"meet-monat","status":"publish","type":"page","link":"https:\/\/monatglobal.com\/de\/meet-monat\/","title":{"rendered":"Meet MONAT"},"content":{"rendered":"\n\n\t<section> \n            <img decoding=\"async\" src=\"https:\/\/monatglobal.com\/de\/wp-content\/uploads\/sites\/22\/2025\/02\/oil-drop-logo-w.png\" alt=\"Monat Logo\"\/>\n            <h1>Nimm an unseren Meet MONAT Opportunity Calls teil und erfahre&nbsp;mehr<\/h1>\n            <a href=\"\/de?page_id=702#zoom-calls\">MEET MONAT<\/a>    \n        <img decoding=\"async\" src=\"https:\/\/monatglobal.com\/de\/wp-content\/uploads\/sites\/22\/2025\/02\/meet-monat-banner-desktop-de-min.png\"\/> \n        <p>Sei dabei und erlebe einen spannenden Call, in dem du direkt von unserem Team h\u00f6rst, exklusive Einblicke in MONAT erh\u00e4ltst und die unglaublichen M\u00f6glichkeiten entdeckst, die auf dich warten! <\/p>\n        <p>Egal, ob du dich f\u00fcr das Gesch\u00e4ft, die Produkte oder die Community interessierst &#8211; dies ist deine Chance, zu erfahren, wie MONAT deine Zukunft ver\u00e4ndern kann. <\/p>\n<\/section>\n<section id=\"zoom-calls\">\n        <!--<a href=\"https:\/\/monatglobal.zoom.us\/j\/95758111876\" target=\"_blank\" rel=\"noopener\">-->\n        <!--    <img decoding=\"async\" src=\"https:\/\/monatglobal.com\/wp-content\/uploads\/2025\/02\/zoom-logo-E60A52864C-seeklogo.com-1.svg\" alt=\"\"\/>-->\n        <!--    -->\n        <!--        <p>lundi 24 f\u00e9vrier \u00e0&nbsp;20H<\/p>-->\n        <!--        <p>Rejoindre la r\u00e9union sur&nbsp;zoom:<\/p>-->\n        <!--        -->\n        <!--            <button>Zoom-Link beitreten<\/button>-->\n        <!--            <p>ID: 957 5811 1876<\/p>-->\n        <!--        -->\n        <!--    -->\n        <!--<\/a>-->\n        <!--<a href=\"https:\/\/monatglobal.zoom.us\/webinar\/register\/WN_suyV_IkQTTaLCiWcpBUeWQ\" target=\"_blank\" rel=\"noopener\">-->\n        <!--    <img decoding=\"async\" src=\"https:\/\/monatglobal.com\/wp-content\/uploads\/2025\/02\/zoom-logo-E60A52864C-seeklogo.com-1.svg\" alt=\"\"\/>-->\n        <!--    -->\n        <!--        <p>Mittwoch, 26. Februar - 18:30<\/p>-->\n                <!--<p>Rejoindre la r\u00e9union sur&nbsp;zoom:<\/p>-->\n        <!--        -->\n        <!--            <button>Zoom-Link beitreten<\/button>-->\n                    <!--<p>ID: 962 9804 7693<\/p>-->\n        <!--        -->\n        <!--    -->\n        <!--<\/a>-->\n        <a href=\"https:\/\/monatglobal.zoom.us\/j\/98009628084\" target=\"_blank\" rel=\"noopener\">\n            <img decoding=\"async\" src=\"https:\/\/monatglobal.com\/wp-content\/uploads\/2025\/02\/zoom-logo-E60A52864C-seeklogo.com-1.svg\" alt=\"\"\/>\n                <p>Donnerstag, 6. M\u00e4rz &#8211; 18:30<\/p>\n                <!--<p>Rejoindre la r\u00e9union sur&nbsp;zoom:<\/p>-->\n                    <button>Zoom-Link beitreten<\/button>\n                    <p>ID: 980 0962 8084<\/p>\n        <\/a>\n        <a href=\"https:\/\/monatglobal.zoom.us\/j\/91048488833\" target=\"_blank\" rel=\"noopener\">\n            <img decoding=\"async\" src=\"https:\/\/monatglobal.com\/wp-content\/uploads\/2025\/02\/zoom-logo-E60A52864C-seeklogo.com-1.svg\" alt=\"\"\/>\n                <p>Donnerstag, 13. M\u00e4rz &#8211; 18:30<\/p>\n                <!--<p>Rejoindre la r\u00e9union sur&nbsp;zoom:<\/p>-->\n                    <button>Zoom-Link beitreten<\/button>\n                    <p>ID: 910 4848 8833<\/p>\n        <\/a>\n        <a href=\"https:\/\/monatglobal.zoom.us\/j\/92449430409\" target=\"_blank\" rel=\"noopener\">\n            <img decoding=\"async\" src=\"https:\/\/monatglobal.com\/wp-content\/uploads\/2025\/02\/zoom-logo-E60A52864C-seeklogo.com-1.svg\" alt=\"\"\/>\n                <p>Donnerstag, 20. M\u00e4rz &#8211; 18:30<\/p>\n                <!--<p>Rejoindre la r\u00e9union sur&nbsp;zoom:<\/p>-->\n                    <button>Zoom-Link beitreten<\/button>\n                    <p>ID: 924 4943 0409<\/p>\n        <\/a>\n                <a href=\"https:\/\/monatglobal.zoom.us\/j\/95670175410\" target=\"_blank\" rel=\"noopener\">\n            <img decoding=\"async\" src=\"https:\/\/monatglobal.com\/wp-content\/uploads\/2025\/02\/zoom-logo-E60A52864C-seeklogo.com-1.svg\" alt=\"\"\/>\n                <p>Donnerstag, 27. M\u00e4rz &#8211; 18:30<\/p>\n                <!--<p>Rejoindre la r\u00e9union sur&nbsp;zoom:<\/p>-->\n                    <button>Zoom-Link beitreten<\/button>\n                    <p>ID: 956 7017 5410<\/p>\n        <\/a>\n                        <a href=\"https:\/\/www.eventbrite.es\/e\/meet-monat-stuttgart-tickets-1261245773059?aff=oddtdtcreator\" target=\"_blank\" rel=\"noopener\">\n            <img decoding=\"async\" src=\"https:\/\/monatglobal.com\/de\/wp-content\/uploads\/sites\/22\/2025\/02\/in-person-events-banner_ger.jpg\" alt=\"\"\/>\n                <p>Stuttgart<br \/> Samstag, 12. April<\/p>\n                <p>Ank\u00fcndigung folgt<\/p>\n                    <button>Meet MONAT<\/button>\n        <\/a>\n                                <a href=\"https:\/\/www.eventbrite.es\/e\/meet-monat-frankfurt-tickets-1261323545679?aff=oddtdtcreator\" target=\"_blank\" rel=\"noopener\">\n            <img decoding=\"async\" src=\"https:\/\/monatglobal.com\/de\/wp-content\/uploads\/sites\/22\/2025\/02\/in-person-events-banner_ger.jpg\" alt=\"\"\/>\n                <p>Frankfurt<br \/> Samstag, 26. April<\/p>\n                <p>Ank\u00fcndigung folgt<\/p>\n                    <button>Meet MONAT<\/button>\n        <\/a>\n                                <a href=\"https:\/\/www.eventbrite.es\/e\/meet-monat-dusseldorf-tickets-1261333375079?aff=oddtdtcreator\" target=\"_blank\" rel=\"noopener\">\n            <img decoding=\"async\" src=\"https:\/\/monatglobal.com\/de\/wp-content\/uploads\/sites\/22\/2025\/02\/in-person-events-banner_ger.jpg\" alt=\"\"\/>\n                <p>D\u00fcsseldorf<br \/> Sonntag, 27. April<\/p>\n                <p>Ank\u00fcndigung folgt<\/p>\n                    <button>Meet MONAT<\/button>\n        <\/a>\n<\/section>\n<section id=\"bottomSec\">\n        <h2>Verpasse es nicht &#8211; <br \/>schalte ein und lass <br \/>dich inspirieren!<\/h2>\n<\/section>\n\n","protected":false},"excerpt":{"rendered":"<p>Nimm an unseren Meet MONAT Opportunity Calls teil und erfahre&nbsp;mehr MEET MONAT Sei dabei und erlebe einen spannenden Call, in dem du direkt von unserem Team h\u00f6rst, exklusive Einblicke in MONAT erh\u00e4ltst und die unglaublichen M\u00f6glichkeiten entdeckst, die auf dich warten! Egal, ob du dich f\u00fcr das Gesch\u00e4ft, die Produkte oder die Community interessierst &#8211;&hellip;<\/p>\n","protected":false},"author":31,"featured_media":703,"parent":0,"menu_order":0,"comment_status":"closed","ping_status":"closed","template":"","meta":{"inline_featured_image":false,"om_disable_all_campaigns":false,"footnotes":""},"categories":[],"tags":[],"class_list":["post-702","page","type-page","status-publish","has-post-thumbnail","hentry"],"aioseo_notices":[],"aioseo_head":"\n\t\t<!-- All in One SEO Pro 4.9.5.2 - aioseo.com -->\n\t<meta name=\"description\" content=\"Nimm an unseren Meet MONAT Opportunity Calls teil und erfahre mehr\" \/>\n\t<meta name=\"robots\" content=\"max-image-preview:large\" \/>\n\t<link rel=\"canonical\" href=\"https:\/\/monatglobal.com\/de\/meet-monat\/\" \/>\n\t<meta name=\"generator\" content=\"All in One SEO Pro (AIOSEO) 4.9.5.2\" \/>\n\t\t<meta property=\"og:locale\" content=\"de_DE\" \/>\n\t\t<meta property=\"og:site_name\" content=\"MONAT Germany - We Are Modern Nature\u2122\" \/>\n\t\t<meta property=\"og:type\" content=\"article\" \/>\n\t\t<meta property=\"og:title\" content=\"Meet MONAT - MONAT Germany\" \/>\n\t\t<meta property=\"og:description\" content=\"Nimm an unseren Meet MONAT Opportunity Calls teil und erfahre mehr\" \/>\n\t\t<meta property=\"og:url\" content=\"https:\/\/monatglobal.com\/de\/meet-monat\/\" \/>\n\t\t<meta property=\"article:published_time\" content=\"2025-02-26T17:50:32+00:00\" \/>\n\t\t<meta property=\"article:modified_time\" content=\"2025-03-01T14:53:16+00:00\" \/>\n\t\t<meta name=\"twitter:card\" content=\"summary_large_image\" \/>\n\t\t<meta name=\"twitter:title\" content=\"Meet MONAT - MONAT Germany\" \/>\n\t\t<meta name=\"twitter:description\" content=\"Nimm an unseren Meet MONAT Opportunity Calls teil und erfahre mehr\" \/>\n\t\t<script type=\"application\/ld+json\" class=\"aioseo-schema\">\n\t\t\t{\"@context\":\"https:\\\/\\\/schema.org\",\"@graph\":[{\"@type\":\"BreadcrumbList\",\"@id\":\"https:\\\/\\\/monatglobal.com\\\/de\\\/meet-monat\\\/#breadcrumblist\",\"itemListElement\":[{\"@type\":\"ListItem\",\"@id\":\"https:\\\/\\\/monatglobal.com\\\/de#listItem\",\"position\":1,\"name\":\"Home\",\"item\":\"https:\\\/\\\/monatglobal.com\\\/de\",\"nextItem\":{\"@type\":\"ListItem\",\"@id\":\"https:\\\/\\\/monatglobal.com\\\/de\\\/meet-monat\\\/#listItem\",\"name\":\"Meet MONAT\"}},{\"@type\":\"ListItem\",\"@id\":\"https:\\\/\\\/monatglobal.com\\\/de\\\/meet-monat\\\/#listItem\",\"position\":2,\"name\":\"Meet MONAT\",\"previousItem\":{\"@type\":\"ListItem\",\"@id\":\"https:\\\/\\\/monatglobal.com\\\/de#listItem\",\"name\":\"Home\"}}]},{\"@type\":\"Organization\",\"@id\":\"https:\\\/\\\/monatglobal.com\\\/de\\\/#organization\",\"name\":\"MONAT Germany\",\"description\":\"We Are Modern Nature\\u2122\",\"url\":\"https:\\\/\\\/monatglobal.com\\\/de\\\/\"},{\"@type\":\"WebPage\",\"@id\":\"https:\\\/\\\/monatglobal.com\\\/de\\\/meet-monat\\\/#webpage\",\"url\":\"https:\\\/\\\/monatglobal.com\\\/de\\\/meet-monat\\\/\",\"name\":\"Meet MONAT - MONAT Germany\",\"description\":\"Nimm an unseren Meet MONAT Opportunity Calls teil und erfahre mehr\",\"inLanguage\":\"de-DE\",\"isPartOf\":{\"@id\":\"https:\\\/\\\/monatglobal.com\\\/de\\\/#website\"},\"breadcrumb\":{\"@id\":\"https:\\\/\\\/monatglobal.com\\\/de\\\/meet-monat\\\/#breadcrumblist\"},\"image\":{\"@type\":\"ImageObject\",\"url\":\"https:\\\/\\\/monatglobal.com\\\/de\\\/wp-content\\\/uploads\\\/sites\\\/22\\\/2025\\\/02\\\/Meet-MONAT-Belgium-1024x536-1.jpg\",\"@id\":\"https:\\\/\\\/monatglobal.com\\\/de\\\/meet-monat\\\/#mainImage\",\"width\":1024,\"height\":536},\"primaryImageOfPage\":{\"@id\":\"https:\\\/\\\/monatglobal.com\\\/de\\\/meet-monat\\\/#mainImage\"},\"datePublished\":\"2025-02-26T17:50:32+00:00\",\"dateModified\":\"2025-03-01T14:53:16+00:00\"},{\"@type\":\"WebSite\",\"@id\":\"https:\\\/\\\/monatglobal.com\\\/de\\\/#website\",\"url\":\"https:\\\/\\\/monatglobal.com\\\/de\\\/\",\"name\":\"MONAT Germany\",\"description\":\"We Are Modern Nature\\u2122\",\"inLanguage\":\"de-DE\",\"publisher\":{\"@id\":\"https:\\\/\\\/monatglobal.com\\\/de\\\/#organization\"}}]}\n\t\t<\/script>\n\t\t<!-- All in One SEO Pro -->\r\n\t\t<title>Meet MONAT - MONAT Germany<\/title>\n\n","aioseo_head_json":{"title":"Meet MONAT - MONAT Germany","description":"Nimm an unseren Meet MONAT Opportunity Calls teil und erfahre mehr","canonical_url":"https:\/\/monatglobal.com\/de\/meet-monat\/","robots":"max-image-preview:large","keywords":"","webmasterTools":{"miscellaneous":""},"schema":{"@context":"https:\/\/schema.org","@graph":[{"@type":"BreadcrumbList","@id":"https:\/\/monatglobal.com\/de\/meet-monat\/#breadcrumblist","itemListElement":[{"@type":"ListItem","@id":"https:\/\/monatglobal.com\/de#listItem","position":1,"name":"Home","item":"https:\/\/monatglobal.com\/de","nextItem":{"@type":"ListItem","@id":"https:\/\/monatglobal.com\/de\/meet-monat\/#listItem","name":"Meet MONAT"}},{"@type":"ListItem","@id":"https:\/\/monatglobal.com\/de\/meet-monat\/#listItem","position":2,"name":"Meet MONAT","previousItem":{"@type":"ListItem","@id":"https:\/\/monatglobal.com\/de#listItem","name":"Home"}}]},{"@type":"Organization","@id":"https:\/\/monatglobal.com\/de\/#organization","name":"MONAT Germany","description":"We Are Modern Nature\u2122","url":"https:\/\/monatglobal.com\/de\/"},{"@type":"WebPage","@id":"https:\/\/monatglobal.com\/de\/meet-monat\/#webpage","url":"https:\/\/monatglobal.com\/de\/meet-monat\/","name":"Meet MONAT - MONAT Germany","description":"Nimm an unseren Meet MONAT Opportunity Calls teil und erfahre mehr","inLanguage":"de-DE","isPartOf":{"@id":"https:\/\/monatglobal.com\/de\/#website"},"breadcrumb":{"@id":"https:\/\/monatglobal.com\/de\/meet-monat\/#breadcrumblist"},"image":{"@type":"ImageObject","url":"https:\/\/monatglobal.com\/de\/wp-content\/uploads\/sites\/22\/2025\/02\/Meet-MONAT-Belgium-1024x536-1.jpg","@id":"https:\/\/monatglobal.com\/de\/meet-monat\/#mainImage","width":1024,"height":536},"primaryImageOfPage":{"@id":"https:\/\/monatglobal.com\/de\/meet-monat\/#mainImage"},"datePublished":"2025-02-26T17:50:32+00:00","dateModified":"2025-03-01T14:53:16+00:00"},{"@type":"WebSite","@id":"https:\/\/monatglobal.com\/de\/#website","url":"https:\/\/monatglobal.com\/de\/","name":"MONAT Germany","description":"We Are Modern Nature\u2122","inLanguage":"de-DE","publisher":{"@id":"https:\/\/monatglobal.com\/de\/#organization"}}]},"og:locale":"de_DE","og:site_name":"MONAT Germany - We Are Modern Nature\u2122","og:type":"article","og:title":"Meet MONAT - MONAT Germany","og:description":"Nimm an unseren Meet MONAT Opportunity Calls teil und erfahre mehr","og:url":"https:\/\/monatglobal.com\/de\/meet-monat\/","article:published_time":"2025-02-26T17:50:32+00:00","article:modified_time":"2025-03-01T14:53:16+00:00","twitter:card":"summary_large_image","twitter:title":"Meet MONAT - MONAT Germany","twitter:description":"Nimm an unseren Meet MONAT Opportunity Calls teil und erfahre mehr"},"aioseo_meta_data":{"post_id":"702","title":null,"description":"Nimm an unseren Meet MONAT Opportunity Calls teil und erfahre mehr","keywords":null,"keyphrases":{"focus":{"keyphrase":"","score":0,"analysis":{"keyphraseInTitle":{"score":0,"maxScore":9,"error":1}}},"additional":[]},"primary_term":null,"canonical_url":null,"og_title":null,"og_description":null,"og_object_type":"default","og_image_type":"default","og_image_url":null,"og_image_width":null,"og_image_height":null,"og_image_custom_url":null,"og_image_custom_fields":null,"og_video":"","og_custom_url":null,"og_article_section":null,"og_article_tags":null,"twitter_use_og":false,"twitter_card":"default","twitter_image_type":"default","twitter_image_url":null,"twitter_image_custom_url":null,"twitter_image_custom_fields":null,"twitter_title":null,"twitter_description":null,"schema":{"blockGraphs":[],"customGraphs":[],"default":{"data":{"Article":[],"Course":[],"Dataset":[],"FAQPage":[],"Movie":[],"Person":[],"Product":[],"ProductReview":[],"Car":[],"Recipe":[],"Service":[],"SoftwareApplication":[],"WebPage":[]},"graphName":"WebPage","isEnabled":true},"graphs":[]},"schema_type":"default","schema_type_options":null,"pillar_content":false,"robots_default":true,"robots_noindex":false,"robots_noarchive":false,"robots_nosnippet":false,"robots_nofollow":false,"robots_noimageindex":false,"robots_noodp":false,"robots_notranslate":false,"robots_max_snippet":"-1","robots_max_videopreview":"-1","robots_max_imagepreview":"large","priority":null,"frequency":"default","local_seo":null,"seo_analyzer_scan_date":null,"limit_modified_date":false,"reviewed_by":null,"ai":null,"created":"2025-02-26 17:50:34","updated":"2026-02-10 05:13:42"},"aioseo_breadcrumb":"<div class=\"aioseo-breadcrumbs\"><span class=\"aioseo-breadcrumb\">\n\t<a href=\"https:\/\/monatglobal.com\/de\" title=\"Home\">Home<\/a>\n<\/span><span class=\"aioseo-breadcrumb-separator\">\u00bb<\/span><span class=\"aioseo-breadcrumb\">\n\tMeet MONAT\n<\/span><\/div>","aioseo_breadcrumb_json":[{"label":"Home","link":"https:\/\/monatglobal.com\/de"},{"label":"Meet MONAT","link":"https:\/\/monatglobal.com\/de\/meet-monat\/"}],"_links":{"self":[{"href":"https:\/\/monatglobal.com\/de\/wp-json\/wp\/v2\/pages\/702","targetHints":{"allow":["GET"]}}],"collection":[{"href":"https:\/\/monatglobal.com\/de\/wp-json\/wp\/v2\/pages"}],"about":[{"href":"https:\/\/monatglobal.com\/de\/wp-json\/wp\/v2\/types\/page"}],"author":[{"embeddable":true,"href":"https:\/\/monatglobal.com\/de\/wp-json\/wp\/v2\/users\/31"}],"replies":[{"embeddable":true,"href":"https:\/\/monatglobal.com\/de\/wp-json\/wp\/v2\/comments?post=702"}],"version-history":[{"count":10,"href":"https:\/\/monatglobal.com\/de\/wp-json\/wp\/v2\/pages\/702\/revisions"}],"predecessor-version":[{"id":738,"href":"https:\/\/monatglobal.com\/de\/wp-json\/wp\/v2\/pages\/702\/revisions\/738"}],"wp:featuredmedia":[{"embeddable":true,"href":"https:\/\/monatglobal.com\/de\/wp-json\/wp\/v2\/media\/703"}],"wp:attachment":[{"href":"https:\/\/monatglobal.com\/de\/wp-json\/wp\/v2\/media?parent=702"}],"wp:term":[{"taxonomy":"category","embeddable":true,"href":"https:\/\/monatglobal.com\/de\/wp-json\/wp\/v2\/categories?post=702"},{"taxonomy":"post_tag","embeddable":true,"href":"https:\/\/monatglobal.com\/de\/wp-json\/wp\/v2\/tags?post=702"}],"curies":[{"name":"wp","href":"https:\/\/api.w.org\/{rel}","templated":true}]}}