{"id":675,"date":"2025-02-25T19:45:47","date_gmt":"2025-02-25T19:45:47","guid":{"rendered":"https:\/\/monatglobal.com\/de\/?page_id=675"},"modified":"2026-03-19T20:31:10","modified_gmt":"2026-03-19T20:31:10","slug":"join","status":"publish","type":"page","link":"https:\/\/monatglobal.com\/de\/join\/","title":{"rendered":"Jetzt MONAT beitreten | Entdecke MONAT"},"content":{"rendered":"\n\n\t<section id=\"joinSec\">\n        <img decoding=\"async\" src=\"https:\/\/monatglobal.com\/de\/wp-content\/uploads\/sites\/22\/2025\/01\/oil-drop-MONAT-logo-black-.png\" alt=\"MONAT oild drop logo\" loading=\"lazy\"\/>\n        <p>WILLKOMMEN BEI MONAT<\/p>  \n        <h1>WAS M\u00d6CHTEST <br \/>DU HEUTE TUN?<\/h1> \n                <a href=\"https:\/\/corp.mymonat.com\/pyr_core\/v2_enrollments\/select_market?sponsor_id=&#038;enroll_params=profile_form_type%3Dexpress&#038;market=DE&#038;lang_code=de\" target=\"_blank\">\n                    <img decoding=\"async\" src=\"https:\/\/monatglobal.com\/wp-content\/uploads\/2025\/02\/maket-partner-min.jpg\" loading=\"lazy\"\/>\n                        <p>Monetarisiere deine <br \/>Beauty&nbsp;&#8211;&nbsp;Routine! <br \/> Ein Kleinunternehmen gr\u00fcnden <br \/> + Ein Team aufbauen <\/p>\n                            <p>ALS<\/p>\n                            <button>MONAT MARKET PARTNER Beitreten <\/button>   \n                <\/a>\n                <p>Weitere Informationen findest du unter <br \/> <a href=\"https:\/\/monatglobal.com\/de\/the-monat-opportunity\/\">https:\/\/monatglobal.com\/de\/the-monat-opportunity\/<\/a><\/p>\n                <a href=\"https:\/\/corp.mymonat.com\/pyr_core\/v2_enrollments\/select_market?enroll_params=profile_form_type%3Dvip_for_life&#038;lang_code=de&#038;market=DE\">\n                    <img decoding=\"async\" src=\"https:\/\/monatglobal.com\/wp-content\/uploads\/2025\/02\/join-as-a-VIP-min.jpg\" loading=\"lazy\"\/>\n                        <p>Kaufe Premium-Produkte mit 15&nbsp;%&nbsp;Rabatt <br \/>+ Verdiene geldsparende&nbsp;Pr\u00e4mien<\/p>\n                            <p>ALS<\/p>\n                            <button>MONAT VIP BEITRETEN <\/button>\n                <\/a>\n                <p>Weitere Informationen findest du unter <br \/> <a href=\"https:\/\/monatglobal.com\/de\/vip\/\">https:\/\/monatglobal.com\/de\/vip\/<\/a><\/p>\n                <a href=\"https:\/\/corp.mymonat.com\/pyr_core\/v2_enrollments\/select_market?sponsor_id=&#038;enroll_params=profile_form_type%3Dcustomer&#038;market=de&#038;lang_code=de\">\n                    <img decoding=\"async\" src=\"https:\/\/monatglobal.com\/wp-content\/uploads\/2025\/02\/shop-retail-price-min.jpg\" loading=\"lazy\"\/>\n                        <p>Produkte zum Einzelhandelspreis kaufen <\/p>\n                            <button>JETZT EINKAUFEN<\/button>\n                <\/a>\n                <p>Weitere Informationen findest du unter <br \/> <a href=\"https:\/\/monatglobal.com\/de\/products\/\">https:\/\/monatglobal.com\/de\/products\/<\/a><\/p>\n            <!-- TrustBox widget - Mini -->\n  <a href=\"https:\/\/de.trustpilot.com\/review\/monatglobal.com\" target=\"_blank\" rel=\"noopener\">Trustpilot<\/a>\n<!-- End TrustBox widget -->\n        <!---->\n        <!---->\n        <!---->\n<\/section>\n\n","protected":false},"excerpt":{"rendered":"<p>WILLKOMMEN BEI MONAT WAS M\u00d6CHTEST DU HEUTE TUN? Monetarisiere deine Beauty&nbsp;&#8211;&nbsp;Routine! Ein Kleinunternehmen gr\u00fcnden + Ein Team aufbauen ALS MONAT MARKET PARTNER Beitreten Weitere Informationen findest du unter https:\/\/monatglobal.com\/de\/the-monat-opportunity\/ Kaufe Premium-Produkte mit 15&nbsp;%&nbsp;Rabatt + Verdiene geldsparende&nbsp;Pr\u00e4mien ALS MONAT VIP BEITRETEN Weitere Informationen findest du unter https:\/\/monatglobal.com\/de\/vip\/ Produkte zum Einzelhandelspreis kaufen JETZT EINKAUFEN Weitere Informationen findest&hellip;<\/p>\n","protected":false},"author":57,"featured_media":673,"parent":0,"menu_order":0,"comment_status":"closed","ping_status":"closed","template":"","meta":{"inline_featured_image":false,"om_disable_all_campaigns":false,"footnotes":""},"categories":[],"tags":[],"class_list":["post-675","page","type-page","status-publish","has-post-thumbnail","hentry"],"aioseo_notices":[],"aioseo_head":"\n\t\t<!-- All in One SEO Pro 4.9.5.2 - aioseo.com -->\n\t<meta name=\"description\" content=\"Entdecke MONAT und starte noch heute deine Reise! Egal, ob du deine Sch\u00f6nheitsroutine als Market Partner monetarisieren, exklusive Belohnungen als VIP genie\u00dfen oder als Einzelhandelskunde einkaufen m\u00f6chtest, der Einstieg ist ganz einfach.\" \/>\n\t<meta name=\"robots\" content=\"max-image-preview:large\" \/>\n\t<link rel=\"canonical\" href=\"https:\/\/monatglobal.com\/de\/join\/\" \/>\n\t<meta name=\"generator\" content=\"All in One SEO Pro (AIOSEO) 4.9.5.2\" \/>\n\t\t<meta property=\"og:locale\" content=\"de_DE\" \/>\n\t\t<meta property=\"og:site_name\" content=\"MONAT Germany - We Are Modern Nature\u2122\" \/>\n\t\t<meta property=\"og:type\" content=\"article\" \/>\n\t\t<meta property=\"og:title\" content=\"Jetzt MONAT beitreten | Entdecke MONAT\" \/>\n\t\t<meta property=\"og:description\" content=\"Entdecke MONAT und starte noch heute deine Reise! Egal, ob du deine Sch\u00f6nheitsroutine als Market Partner monetarisieren, exklusive Belohnungen als VIP genie\u00dfen oder als Einzelhandelskunde einkaufen m\u00f6chtest, der Einstieg ist ganz einfach.\" \/>\n\t\t<meta property=\"og:url\" content=\"https:\/\/monatglobal.com\/de\/join\/\" \/>\n\t\t<meta property=\"article:published_time\" content=\"2025-02-25T19:45:47+00:00\" \/>\n\t\t<meta property=\"article:modified_time\" content=\"2026-03-19T20:31:10+00:00\" \/>\n\t\t<meta name=\"twitter:card\" content=\"summary_large_image\" \/>\n\t\t<meta name=\"twitter:title\" content=\"Jetzt MONAT beitreten | Entdecke MONAT\" \/>\n\t\t<meta name=\"twitter:description\" content=\"Entdecke MONAT und starte noch heute deine Reise! Egal, ob du deine Sch\u00f6nheitsroutine als Market Partner monetarisieren, exklusive Belohnungen als VIP genie\u00dfen oder als Einzelhandelskunde einkaufen m\u00f6chtest, der Einstieg ist ganz einfach.\" \/>\n\t\t<script type=\"application\/ld+json\" class=\"aioseo-schema\">\n\t\t\t{\"@context\":\"https:\\\/\\\/schema.org\",\"@graph\":[{\"@type\":\"BreadcrumbList\",\"@id\":\"https:\\\/\\\/monatglobal.com\\\/de\\\/join\\\/#breadcrumblist\",\"itemListElement\":[{\"@type\":\"ListItem\",\"@id\":\"https:\\\/\\\/monatglobal.com\\\/de#listItem\",\"position\":1,\"name\":\"Home\",\"item\":\"https:\\\/\\\/monatglobal.com\\\/de\",\"nextItem\":{\"@type\":\"ListItem\",\"@id\":\"https:\\\/\\\/monatglobal.com\\\/de\\\/join\\\/#listItem\",\"name\":\"Jetzt MONAT beitreten | Entdecke MONAT\"}},{\"@type\":\"ListItem\",\"@id\":\"https:\\\/\\\/monatglobal.com\\\/de\\\/join\\\/#listItem\",\"position\":2,\"name\":\"Jetzt MONAT beitreten | Entdecke MONAT\",\"previousItem\":{\"@type\":\"ListItem\",\"@id\":\"https:\\\/\\\/monatglobal.com\\\/de#listItem\",\"name\":\"Home\"}}]},{\"@type\":\"Organization\",\"@id\":\"https:\\\/\\\/monatglobal.com\\\/de\\\/#organization\",\"name\":\"MONAT Germany\",\"description\":\"We Are Modern Nature\\u2122\",\"url\":\"https:\\\/\\\/monatglobal.com\\\/de\\\/\"},{\"@type\":\"WebPage\",\"@id\":\"https:\\\/\\\/monatglobal.com\\\/de\\\/join\\\/#webpage\",\"url\":\"https:\\\/\\\/monatglobal.com\\\/de\\\/join\\\/\",\"name\":\"Jetzt MONAT beitreten | Entdecke MONAT\",\"description\":\"Entdecke MONAT und starte noch heute deine Reise! Egal, ob du deine Sch\\u00f6nheitsroutine als Market Partner monetarisieren, exklusive Belohnungen als VIP genie\\u00dfen oder als Einzelhandelskunde einkaufen m\\u00f6chtest, der Einstieg ist ganz einfach.\",\"inLanguage\":\"de-DE\",\"isPartOf\":{\"@id\":\"https:\\\/\\\/monatglobal.com\\\/de\\\/#website\"},\"breadcrumb\":{\"@id\":\"https:\\\/\\\/monatglobal.com\\\/de\\\/join\\\/#breadcrumblist\"},\"image\":{\"@type\":\"ImageObject\",\"url\":\"https:\\\/\\\/monatglobal.com\\\/de\\\/wp-content\\\/uploads\\\/sites\\\/22\\\/2025\\\/02\\\/DE_FT_IMG-min.jpg\",\"@id\":\"https:\\\/\\\/monatglobal.com\\\/de\\\/join\\\/#mainImage\",\"width\":1200,\"height\":628},\"primaryImageOfPage\":{\"@id\":\"https:\\\/\\\/monatglobal.com\\\/de\\\/join\\\/#mainImage\"},\"datePublished\":\"2025-02-25T19:45:47+00:00\",\"dateModified\":\"2026-03-19T20:31:10+00:00\"},{\"@type\":\"WebSite\",\"@id\":\"https:\\\/\\\/monatglobal.com\\\/de\\\/#website\",\"url\":\"https:\\\/\\\/monatglobal.com\\\/de\\\/\",\"name\":\"MONAT Germany\",\"description\":\"We Are Modern Nature\\u2122\",\"inLanguage\":\"de-DE\",\"publisher\":{\"@id\":\"https:\\\/\\\/monatglobal.com\\\/de\\\/#organization\"}}]}\n\t\t<\/script>\n\t\t<!-- All in One SEO Pro -->\r\n\t\t<title>Jetzt MONAT beitreten | Entdecke MONAT<\/title>\n\n","aioseo_head_json":{"title":"Jetzt MONAT beitreten | Entdecke MONAT","description":"Entdecke MONAT und starte noch heute deine Reise! Egal, ob du deine Sch\u00f6nheitsroutine als Market Partner monetarisieren, exklusive Belohnungen als VIP genie\u00dfen oder als Einzelhandelskunde einkaufen m\u00f6chtest, der Einstieg ist ganz einfach.","canonical_url":"https:\/\/monatglobal.com\/de\/join\/","robots":"max-image-preview:large","keywords":"","webmasterTools":{"miscellaneous":""},"schema":{"@context":"https:\/\/schema.org","@graph":[{"@type":"BreadcrumbList","@id":"https:\/\/monatglobal.com\/de\/join\/#breadcrumblist","itemListElement":[{"@type":"ListItem","@id":"https:\/\/monatglobal.com\/de#listItem","position":1,"name":"Home","item":"https:\/\/monatglobal.com\/de","nextItem":{"@type":"ListItem","@id":"https:\/\/monatglobal.com\/de\/join\/#listItem","name":"Jetzt MONAT beitreten | Entdecke MONAT"}},{"@type":"ListItem","@id":"https:\/\/monatglobal.com\/de\/join\/#listItem","position":2,"name":"Jetzt MONAT beitreten | Entdecke MONAT","previousItem":{"@type":"ListItem","@id":"https:\/\/monatglobal.com\/de#listItem","name":"Home"}}]},{"@type":"Organization","@id":"https:\/\/monatglobal.com\/de\/#organization","name":"MONAT Germany","description":"We Are Modern Nature\u2122","url":"https:\/\/monatglobal.com\/de\/"},{"@type":"WebPage","@id":"https:\/\/monatglobal.com\/de\/join\/#webpage","url":"https:\/\/monatglobal.com\/de\/join\/","name":"Jetzt MONAT beitreten | Entdecke MONAT","description":"Entdecke MONAT und starte noch heute deine Reise! Egal, ob du deine Sch\u00f6nheitsroutine als Market Partner monetarisieren, exklusive Belohnungen als VIP genie\u00dfen oder als Einzelhandelskunde einkaufen m\u00f6chtest, der Einstieg ist ganz einfach.","inLanguage":"de-DE","isPartOf":{"@id":"https:\/\/monatglobal.com\/de\/#website"},"breadcrumb":{"@id":"https:\/\/monatglobal.com\/de\/join\/#breadcrumblist"},"image":{"@type":"ImageObject","url":"https:\/\/monatglobal.com\/de\/wp-content\/uploads\/sites\/22\/2025\/02\/DE_FT_IMG-min.jpg","@id":"https:\/\/monatglobal.com\/de\/join\/#mainImage","width":1200,"height":628},"primaryImageOfPage":{"@id":"https:\/\/monatglobal.com\/de\/join\/#mainImage"},"datePublished":"2025-02-25T19:45:47+00:00","dateModified":"2026-03-19T20:31:10+00:00"},{"@type":"WebSite","@id":"https:\/\/monatglobal.com\/de\/#website","url":"https:\/\/monatglobal.com\/de\/","name":"MONAT Germany","description":"We Are Modern Nature\u2122","inLanguage":"de-DE","publisher":{"@id":"https:\/\/monatglobal.com\/de\/#organization"}}]},"og:locale":"de_DE","og:site_name":"MONAT Germany - We Are Modern Nature\u2122","og:type":"article","og:title":"Jetzt MONAT beitreten | Entdecke MONAT","og:description":"Entdecke MONAT und starte noch heute deine Reise! Egal, ob du deine Sch\u00f6nheitsroutine als Market Partner monetarisieren, exklusive Belohnungen als VIP genie\u00dfen oder als Einzelhandelskunde einkaufen m\u00f6chtest, der Einstieg ist ganz einfach.","og:url":"https:\/\/monatglobal.com\/de\/join\/","article:published_time":"2025-02-25T19:45:47+00:00","article:modified_time":"2026-03-19T20:31:10+00:00","twitter:card":"summary_large_image","twitter:title":"Jetzt MONAT beitreten | Entdecke MONAT","twitter:description":"Entdecke MONAT und starte noch heute deine Reise! Egal, ob du deine Sch\u00f6nheitsroutine als Market Partner monetarisieren, exklusive Belohnungen als VIP genie\u00dfen oder als Einzelhandelskunde einkaufen m\u00f6chtest, der Einstieg ist ganz einfach."},"aioseo_meta_data":{"post_id":"675","title":"Jetzt MONAT beitreten | Entdecke MONAT","description":"Entdecke MONAT und starte noch heute deine Reise! Egal, ob du deine Sch\u00f6nheitsroutine als Market Partner monetarisieren, exklusive Belohnungen als VIP genie\u00dfen oder als Einzelhandelskunde einkaufen m\u00f6chtest, der Einstieg ist ganz einfach.","keywords":null,"keyphrases":{"focus":{"keyphrase":"","score":0,"analysis":{"keyphraseInTitle":{"score":0,"maxScore":9,"error":1}}},"additional":[]},"primary_term":null,"canonical_url":null,"og_title":null,"og_description":null,"og_object_type":"default","og_image_type":"default","og_image_url":null,"og_image_width":null,"og_image_height":null,"og_image_custom_url":null,"og_image_custom_fields":null,"og_video":"","og_custom_url":null,"og_article_section":null,"og_article_tags":null,"twitter_use_og":false,"twitter_card":"default","twitter_image_type":"default","twitter_image_url":null,"twitter_image_custom_url":null,"twitter_image_custom_fields":null,"twitter_title":null,"twitter_description":null,"schema":{"blockGraphs":[],"customGraphs":[],"default":{"data":{"Article":[],"Course":[],"Dataset":[],"FAQPage":[],"Movie":[],"Person":[],"Product":[],"ProductReview":[],"Car":[],"Recipe":[],"Service":[],"SoftwareApplication":[],"WebPage":[]},"graphName":"WebPage","isEnabled":true},"graphs":[]},"schema_type":"default","schema_type_options":null,"pillar_content":false,"robots_default":true,"robots_noindex":false,"robots_noarchive":false,"robots_nosnippet":false,"robots_nofollow":false,"robots_noimageindex":false,"robots_noodp":false,"robots_notranslate":false,"robots_max_snippet":"-1","robots_max_videopreview":"-1","robots_max_imagepreview":"large","priority":null,"frequency":"default","local_seo":null,"seo_analyzer_scan_date":null,"limit_modified_date":false,"reviewed_by":null,"ai":null,"created":"2025-02-25 19:45:50","updated":"2026-03-20 19:34:53"},"aioseo_breadcrumb":"<div class=\"aioseo-breadcrumbs\"><span class=\"aioseo-breadcrumb\">\n\t<a href=\"https:\/\/monatglobal.com\/de\" title=\"Home\">Home<\/a>\n<\/span><span class=\"aioseo-breadcrumb-separator\">\u00bb<\/span><span class=\"aioseo-breadcrumb\">\n\tJetzt MONAT beitreten | Entdecke MONAT\n<\/span><\/div>","aioseo_breadcrumb_json":[{"label":"Home","link":"https:\/\/monatglobal.com\/de"},{"label":"Jetzt MONAT beitreten | Entdecke MONAT","link":"https:\/\/monatglobal.com\/de\/join\/"}],"_links":{"self":[{"href":"https:\/\/monatglobal.com\/de\/wp-json\/wp\/v2\/pages\/675","targetHints":{"allow":["GET"]}}],"collection":[{"href":"https:\/\/monatglobal.com\/de\/wp-json\/wp\/v2\/pages"}],"about":[{"href":"https:\/\/monatglobal.com\/de\/wp-json\/wp\/v2\/types\/page"}],"author":[{"embeddable":true,"href":"https:\/\/monatglobal.com\/de\/wp-json\/wp\/v2\/users\/57"}],"replies":[{"embeddable":true,"href":"https:\/\/monatglobal.com\/de\/wp-json\/wp\/v2\/comments?post=675"}],"version-history":[{"count":14,"href":"https:\/\/monatglobal.com\/de\/wp-json\/wp\/v2\/pages\/675\/revisions"}],"predecessor-version":[{"id":109440,"href":"https:\/\/monatglobal.com\/de\/wp-json\/wp\/v2\/pages\/675\/revisions\/109440"}],"wp:featuredmedia":[{"embeddable":true,"href":"https:\/\/monatglobal.com\/de\/wp-json\/wp\/v2\/media\/673"}],"wp:attachment":[{"href":"https:\/\/monatglobal.com\/de\/wp-json\/wp\/v2\/media?parent=675"}],"wp:term":[{"taxonomy":"category","embeddable":true,"href":"https:\/\/monatglobal.com\/de\/wp-json\/wp\/v2\/categories?post=675"},{"taxonomy":"post_tag","embeddable":true,"href":"https:\/\/monatglobal.com\/de\/wp-json\/wp\/v2\/tags?post=675"}],"curies":[{"name":"wp","href":"https:\/\/api.w.org\/{rel}","templated":true}]}}