{"id":44462,"date":"2019-08-18T21:00:22","date_gmt":"2019-08-18T21:00:22","guid":{"rendered":"https:\/\/monatglobal.com\/?page_id=44462"},"modified":"2026-03-02T15:15:58","modified_gmt":"2026-03-02T15:15:58","slug":"eye-smooth","status":"publish","type":"page","link":"https:\/\/monatglobal.com\/de\/eye-smooth\/","title":{"rendered":"Eye Smooth\u2122 Pflegende Augencreme"},"content":{"rendered":"\n<!--Title: Eye Smooth\u2122 Pflegende Augencreme-->\n<!--Meta: Diese verj\u00fcngende Augencreme strafft und unterst\u00fctzt die Elastizit\u00e4t der Haut, w\u00e4hrend sie das Erscheinungsbild von Falten, feinen Linien, Schwellungen und Augenringen reduziert.-->\n<link rel=\"stylesheet\" href=\"https:\/\/unpkg.com\/swiper\/swiper-bundle.min.css\">\n<link rel=\"stylesheet\" href=\"https:\/\/monatglobal.com\/wp-content\/creative_css\/product_styles_sheet.css\">\n   <!--==================================================== ECOMM SECTION ====================================================-->\n   <p>BESTSELLER<\/p>\n      <!--==================================================== Ecomm image ====================================================-->\n       \n      <source media=\"(max-width: 700px)\" srcset=\"https:\/\/monatglobal.com\/au\/wp-content\/uploads\/sites\/12\/2021\/12\/Eye-smooth-ecomm-2022_mobile.png\" loading=\"lazy\">\n      <img decoding=\"async\" src=\"https:\/\/monatglobal.com\/au\/wp-content\/uploads\/sites\/12\/2021\/12\/Eye-smooth-ecomm-2022.png\" alt=\"Berry Refined Scrub\u2122\" loading=\"lazy\">\n         \n      <!--==================================================== Ecomm information  ====================================================-->\n         \n         NEU\n         <p>BESTSELLER<\/p>\n         <h1>EYE SMOOTH\u2122 <br> Pflegende Augencreme<\/h1>\n         \n         <p>Verj\u00fcngend &amp; Feuchtigkeitsspendend <br>Transformierende pflanzliche Stammzellen und Squalan<\/p>\n         <p>5 ml \u212e 0.5 fl. oz.<\/p>\n     <!--==================================================== pricing box  ====================================================-->    \n               <p>Einzelhandelspreis<br>00.00 \u20ac<\/p>\n               <p>Preis f\u00fcr VIP-Kunden<br>00.00 \u20ac<\/p>\n     <!--==================================================== pricing box  ====================================================-->\n         <p>Um mehr \u00fcber  Eye Smooth\u2122 Pflegende Augencreme zu erfahren, wende Dich bitte an Deinen MONAT Markenpartner.<\/p>\n          <a href=\"\" target=\"_blank\" role=\"button\" aria-label=\"\" rel=\"noopener\"><\/a>\n   <!--==================================================== \/ECOMM SECTION  ====================================================-->\n   <!--==================================================== Benefits image ====================================================-->\n  \n    <source media=\"(max-width: 700px)\" srcset=\"https:\/\/monatglobal.com\/au\/wp-content\/uploads\/sites\/12\/2021\/12\/eye-smooth-benefits-close-up_mobile.jpg\" loading=\"lazy\">\n      <img decoding=\"async\" src=\"https:\/\/monatglobal.com\/au\/wp-content\/uploads\/sites\/12\/2021\/12\/eye-smooth-benefits-close-up.jpg\" alt=\"\" loading=\"lazy\">\n    \n   <!--==================================================== Benefits text ====================================================-->\n         <h2>VORTEILE<\/h2>\n         <h3>Eine luxuri\u00f6se Augencreme, die die empfindliche Haut der Augenpartie strafft und das Erscheinungsbild von Augenringen, feinen Linien, Falten und Schwellungen reduziert &#8211; f\u00fcr einen strahlenden, jugendlichen Blick.*<\/h3>\n         <!--==================================================== features image  ====================================================-->\n         <img decoding=\"async\" alt=\"\" src=\"https:\/\/monatglobal.com\/au\/wp-content\/uploads\/sites\/12\/2021\/12\/eye-smooth-features.jpg\" loading=\"lazy\">\n      <!--==================================================== features text ====================================================-->\n            <h3>Eigenschaften<\/h3>\n               <p>\/ Reduziert gezielt Schwellungen, Augenringe, feine Linien, Falten und Kr\u00e4henf\u00fc\u00dfe*<\/p>\n               <p>\/ Die Haut wirkt j\u00fcnger, strahlender und ebenm\u00e4\u00dfiger*<\/p>\n               <p>\/ Die Haut f\u00fchlt sich straffer, weicher, glatter und revitalisiert an*<\/p>\n               <p>\/ Die Haut wirkt frisch und verj\u00fcngt*<\/p>\n               <p>\/ Spendet langanhaltende Feuchtigkeit**<\/p>\n            <!--<p>Fragrance \/ Unwind and enjoy a coconut-forward, citrusy aroma with notes of blood orange, coconut husk, cashew nut and&nbsp;sandalwood. <\/p>-->\n            <!--<p> Texture \/ Cream <\/p>-->\n   <!--==================================================== composition image mobile ====================================================-->\n   <img decoding=\"async\" alt=\"\" src=\"https:\/\/monatglobal.com\/au\/wp-content\/uploads\/sites\/12\/2021\/12\/smooth-composition-1.jpg\" loading=\"lazy\">\n   <!--==================================================== Why it works text ====================================================-->\n      <h2>VERJ\u00dcNGEND &amp; TIEFENFEUCHTIGKEITSSPENDEND<\/h2>\n      <h3>Eine samtige Creme, die der Augenpartie ein sichtbar strahlendes, glattes und jugendliches Erscheinungsbild verleiht. Die verj\u00fcngende Formel strafft die Haut, unterst\u00fctzt ihre Elastizit\u00e4t und mildert das Erscheinungsbild von Falten, feinen Linien, Schwellungen und Augenringen.*<\/h3>\n      <p>Der perfekt abgestimmte Augenroller in Ros\u00e9gold sorgt f\u00fcr einen zus\u00e4tzlich k\u00fchlenden Effekt.<\/p>\n*Basierend auf einer 56-t\u00e4gigen Verbraucherstudie mit 55 Teilnehmenden, durchgef\u00fchrt von einem unabh\u00e4ngigen Labor.<br>\n**Basierend auf einem 24-st\u00fcndigen Instrumentaltest mit 31 Teilnehmenden zur Messung der Hautfeuchtigkeit nach der Anwendung. Durchgef\u00fchrt von einem unabh\u00e4ngigen Labor.\n<!--==================================================== Composition section ====================================================-->\n      <img decoding=\"async\" alt=\"\" src=\"https:\/\/monatglobal.com\/au\/wp-content\/uploads\/sites\/12\/2021\/12\/smooth-composition-1.jpg\" loading=\"lazy\">\n      <img decoding=\"async\" alt=\"\" src=\"https:\/\/monatglobal.com\/au\/wp-content\/uploads\/sites\/12\/2021\/12\/Eye-Smooth-composition-3.jpg\" loading=\"lazy\">\n            <!--==================================================== Directions text ====================================================--> \n               <h3>Anwendung<\/h3>\n                    <p>\/ T\u00e4glich morgens und abends anwenden.<\/p>\n                    <p>\/ Der beiliegende Applikator ist zweiseitig &#8211; eine Seite dient als Spatel, die andere als Augenroller.<\/p>\n                    <p>\/ Mit dem Spatel eine kleine Menge aus dem Tiegel entnehmen.<\/p>\n                    <p>\/ Das Produkt gleichm\u00e4\u00dfig auf die Ringfinger verteilen.<\/p>\n                    <p>\/ Mit den Ringfingern sanft von innen nach au\u00dfen um die Augenpartie einarbeiten, um die empfindliche Haut nicht zu beanspruchen.<\/p>\n                    <p>\/ Den Augenroller in aufw\u00e4rts- und ausw\u00e4rtsgerichteten Bewegungen um die Augen gleiten lassen, bis das Produkt vollst\u00e4ndig eingezogen ist.<\/p>\n                    <p>\/ Anschlie\u00dfend eine MONAT Feuchtigkeitscreme auftragen.<\/p>\n            <!--==================================================== Directions video ====================================================-->\n              <p>Eye Smooth\u2122 <br> Pflegende Augencreme<br>0:32<\/p>\n         <!--==================================================== features image  ====================================================-->\n         <img decoding=\"async\" alt=\"\" src=\"https:\/\/monatglobal.com\/au\/wp-content\/uploads\/sites\/12\/2021\/12\/sunscreen-suggestion.jpg\" loading=\"lazy\">\n      <!--==================================================== features text ====================================================-->\n            <h3>Tipps<\/h3>\n               <p>\/ Sonnenschutz 15 Minuten vor dem Aufenthalt im Freien auftragen.<\/p>\n               <p>\/ F\u00fcr einen zus\u00e4tzlichen K\u00fchlungseffekt den Applikator im K\u00fchlschrank aufbewahren.<\/p> \n      <a href=\"\" target=\"_blank\" role=\"button\" aria-label=\"\" rel=\"noopener\"><\/a>\n   <!--==================================================== Ingredients section  ====================================================-->\n      <h2>Wichtige Inhaltsstoffe<\/h2>\n      <p>REJUVENIQE S\u2122<br>Spendet Feuchtigkeit, pflegt und n\u00e4hrt<\/p>\n      <p>Peptid<br>Strafft und verleiht F\u00fclle<\/p>\n      <p>Pflanzliche Stammzellen <br>St\u00e4rken und sch\u00fctzen<\/p>\n      <p>Pflanzliches Squalan <br>Spendet Feuchtigkeit und pflegt<\/p>\n      <p>Koffein<br>Lindert Schwellungen und erhellt<\/p>\n        <button id=\"myBtn\" type=\"button\">Alle Inhaltsstoffe ansehen<\/button>\n      <!--==================================================== Modal content  ====================================================-->\n         \u00d7\n         <p>Aqua\/Water\/Eau, Glyceryl Stearate SE, Glycerin, Cetyl Alcohol, Isoamyl Laurate, Butyrospermum Parkii (Shea) Butter, Elaeis Guineensis (Palm) Butter, Isomalt, Cetearyl Olivate, Caffeine, Sorbitan Olivate, Squalane, Fructooligosaccharides, Beta Vulgaris (Beet) Root Extract, Tripeptide-2, Limnanthes Alba (Meadowfoam) Seed Oil, Crambe Abyssinica Seed Oil, Camellia Oleifera Seed Oil, Solanum Lycopersicum (Tomato) Seed Oil, Daucus Carota Sativa (Carrot) Seed Oil, Citrus Limon (Lemon) Peel Oil, Citrus Aurantifolia (Lime) Oil, Citrus Aurantium Bergamia (Bergamot) Fruit Oil, Adansonia Digitata Oil, Mauritia Flexuosa Fruit Oil, Cocos Nucifera (Coconut) Oil, Gardenia Taitensis Flower Extract, Moringa Oleifera Seed Oil, Caryocar Brasiliense Fruit Oil, Helianthus Annuus (Sunflower) Seed Oil, Olea Europaea (Olive) Fruit Oil, Simmondsia Chinensis (Jojoba) Seed Extract, Phytol, Tocopherol, Potassium Lactate, Lactic Acid, Ethylhexylglycerin, Benzyl Alcohol, Caramel.<\/p>\n   <!--==================================================== You might also like section ====================================================-->\n      <h2>DAS K\u00d6NNTE DIR AUCH GEFALLEN<\/h2>\n      <!--==================================================== Slider YOU MIGHT ALSO LIKE ====================================================-->\n         <!--==================================================== If we need navigation buttons  ====================================================-->\n         <!--==================================================== If we need paginations  ====================================================-->\n    <a href=\"\" aria-label=\"\"><\/a>\n<!--==================================================== this link has to go last for it to work   ====================================================-->\n","protected":false},"excerpt":{"rendered":"<p>BESTSELLER NEU BESTSELLER EYE SMOOTH\u2122 Pflegende Augencreme Verj\u00fcngend &amp; Feuchtigkeitsspendend Transformierende pflanzliche Stammzellen und Squalan 5 ml \u212e 0.5 fl. oz. Einzelhandelspreis00.00 \u20ac Preis f\u00fcr VIP-Kunden00.00 \u20ac Um mehr \u00fcber Eye Smooth\u2122 Pflegende Augencreme zu erfahren, wende Dich bitte an Deinen MONAT Markenpartner. VORTEILE Eine luxuri\u00f6se Augencreme, die die empfindliche Haut der Augenpartie strafft und&hellip;<\/p>\n","protected":false},"author":31,"featured_media":109191,"parent":0,"menu_order":0,"comment_status":"closed","ping_status":"closed","template":"","meta":{"inline_featured_image":false,"om_disable_all_campaigns":false,"footnotes":""},"categories":[17],"tags":[],"class_list":["post-44462","page","type-page","status-publish","has-post-thumbnail","hentry","category-product-de"],"aioseo_notices":[],"aioseo_head":"\n\t\t<!-- All in One SEO Pro 4.9.5.2 - aioseo.com -->\n\t<meta name=\"description\" content=\"Diese verj\u00fcngende Augencreme strafft und unterst\u00fctzt die Elastizit\u00e4t der Haut, w\u00e4hrend sie das Erscheinungsbild von Falten, feinen Linien, Schwellungen und Augenringen reduziert.\" \/>\n\t<meta name=\"robots\" content=\"max-image-preview:large\" \/>\n\t<link rel=\"canonical\" href=\"https:\/\/monatglobal.com\/de\/eye-smooth\/\" \/>\n\t<meta name=\"generator\" content=\"All in One SEO Pro (AIOSEO) 4.9.5.2\" \/>\n\t\t<meta property=\"og:locale\" content=\"de_DE\" \/>\n\t\t<meta property=\"og:site_name\" content=\"MONAT Germany - We Are Modern Nature\u2122\" \/>\n\t\t<meta property=\"og:type\" content=\"article\" \/>\n\t\t<meta property=\"og:title\" content=\"Eye Smooth\u2122 Pflegende Augencreme\" \/>\n\t\t<meta property=\"og:description\" content=\"Diese verj\u00fcngende Augencreme strafft und unterst\u00fctzt die Elastizit\u00e4t der Haut, w\u00e4hrend sie das Erscheinungsbild von Falten, feinen Linien, Schwellungen und Augenringen reduziert.\" \/>\n\t\t<meta property=\"og:url\" content=\"https:\/\/monatglobal.com\/de\/eye-smooth\/\" \/>\n\t\t<meta property=\"article:published_time\" content=\"2019-08-18T21:00:22+00:00\" \/>\n\t\t<meta property=\"article:modified_time\" content=\"2026-03-02T15:15:58+00:00\" \/>\n\t\t<meta name=\"twitter:card\" content=\"summary_large_image\" \/>\n\t\t<meta name=\"twitter:title\" content=\"Eye Smooth\u2122 Pflegende Augencreme\" \/>\n\t\t<meta name=\"twitter:description\" content=\"Diese verj\u00fcngende Augencreme strafft und unterst\u00fctzt die Elastizit\u00e4t der Haut, w\u00e4hrend sie das Erscheinungsbild von Falten, feinen Linien, Schwellungen und Augenringen reduziert.\" \/>\n\t\t<script type=\"application\/ld+json\" class=\"aioseo-schema\">\n\t\t\t{\"@context\":\"https:\\\/\\\/schema.org\",\"@graph\":[{\"@type\":\"BreadcrumbList\",\"@id\":\"https:\\\/\\\/monatglobal.com\\\/de\\\/eye-smooth\\\/#breadcrumblist\",\"itemListElement\":[{\"@type\":\"ListItem\",\"@id\":\"https:\\\/\\\/monatglobal.com\\\/de#listItem\",\"position\":1,\"name\":\"Home\",\"item\":\"https:\\\/\\\/monatglobal.com\\\/de\",\"nextItem\":{\"@type\":\"ListItem\",\"@id\":\"https:\\\/\\\/monatglobal.com\\\/de\\\/eye-smooth\\\/#listItem\",\"name\":\"Eye Smooth\\u2122 Pflegende Augencreme\"}},{\"@type\":\"ListItem\",\"@id\":\"https:\\\/\\\/monatglobal.com\\\/de\\\/eye-smooth\\\/#listItem\",\"position\":2,\"name\":\"Eye Smooth\\u2122 Pflegende Augencreme\",\"previousItem\":{\"@type\":\"ListItem\",\"@id\":\"https:\\\/\\\/monatglobal.com\\\/de#listItem\",\"name\":\"Home\"}}]},{\"@type\":\"Organization\",\"@id\":\"https:\\\/\\\/monatglobal.com\\\/de\\\/#organization\",\"name\":\"MONAT Germany\",\"description\":\"We Are Modern Nature\\u2122\",\"url\":\"https:\\\/\\\/monatglobal.com\\\/de\\\/\"},{\"@type\":\"WebPage\",\"@id\":\"https:\\\/\\\/monatglobal.com\\\/de\\\/eye-smooth\\\/#webpage\",\"url\":\"https:\\\/\\\/monatglobal.com\\\/de\\\/eye-smooth\\\/\",\"name\":\"Eye Smooth\\u2122 Pflegende Augencreme\",\"description\":\"Diese verj\\u00fcngende Augencreme strafft und unterst\\u00fctzt die Elastizit\\u00e4t der Haut, w\\u00e4hrend sie das Erscheinungsbild von Falten, feinen Linien, Schwellungen und Augenringen reduziert.\",\"inLanguage\":\"de-DE\",\"isPartOf\":{\"@id\":\"https:\\\/\\\/monatglobal.com\\\/de\\\/#website\"},\"breadcrumb\":{\"@id\":\"https:\\\/\\\/monatglobal.com\\\/de\\\/eye-smooth\\\/#breadcrumblist\"},\"image\":{\"@type\":\"ImageObject\",\"url\":\"https:\\\/\\\/monatglobal.com\\\/de\\\/wp-content\\\/uploads\\\/sites\\\/22\\\/2026\\\/01\\\/eye-smooth-500x438-150x150-1.png\",\"@id\":\"https:\\\/\\\/monatglobal.com\\\/de\\\/eye-smooth\\\/#mainImage\",\"width\":150,\"height\":150},\"primaryImageOfPage\":{\"@id\":\"https:\\\/\\\/monatglobal.com\\\/de\\\/eye-smooth\\\/#mainImage\"},\"datePublished\":\"2019-08-18T21:00:22+00:00\",\"dateModified\":\"2026-03-02T15:15:58+00:00\"},{\"@type\":\"WebSite\",\"@id\":\"https:\\\/\\\/monatglobal.com\\\/de\\\/#website\",\"url\":\"https:\\\/\\\/monatglobal.com\\\/de\\\/\",\"name\":\"MONAT Germany\",\"description\":\"We Are Modern Nature\\u2122\",\"inLanguage\":\"de-DE\",\"publisher\":{\"@id\":\"https:\\\/\\\/monatglobal.com\\\/de\\\/#organization\"}}]}\n\t\t<\/script>\n\t\t<!-- All in One SEO Pro -->\r\n\t\t<title>Eye Smooth\u2122 Pflegende Augencreme<\/title>\n\n","aioseo_head_json":{"title":"Eye Smooth\u2122 Pflegende Augencreme","description":"Diese verj\u00fcngende Augencreme strafft und unterst\u00fctzt die Elastizit\u00e4t der Haut, w\u00e4hrend sie das Erscheinungsbild von Falten, feinen Linien, Schwellungen und Augenringen reduziert.","canonical_url":"https:\/\/monatglobal.com\/de\/eye-smooth\/","robots":"max-image-preview:large","keywords":"","webmasterTools":{"miscellaneous":""},"schema":{"@context":"https:\/\/schema.org","@graph":[{"@type":"BreadcrumbList","@id":"https:\/\/monatglobal.com\/de\/eye-smooth\/#breadcrumblist","itemListElement":[{"@type":"ListItem","@id":"https:\/\/monatglobal.com\/de#listItem","position":1,"name":"Home","item":"https:\/\/monatglobal.com\/de","nextItem":{"@type":"ListItem","@id":"https:\/\/monatglobal.com\/de\/eye-smooth\/#listItem","name":"Eye Smooth\u2122 Pflegende Augencreme"}},{"@type":"ListItem","@id":"https:\/\/monatglobal.com\/de\/eye-smooth\/#listItem","position":2,"name":"Eye Smooth\u2122 Pflegende Augencreme","previousItem":{"@type":"ListItem","@id":"https:\/\/monatglobal.com\/de#listItem","name":"Home"}}]},{"@type":"Organization","@id":"https:\/\/monatglobal.com\/de\/#organization","name":"MONAT Germany","description":"We Are Modern Nature\u2122","url":"https:\/\/monatglobal.com\/de\/"},{"@type":"WebPage","@id":"https:\/\/monatglobal.com\/de\/eye-smooth\/#webpage","url":"https:\/\/monatglobal.com\/de\/eye-smooth\/","name":"Eye Smooth\u2122 Pflegende Augencreme","description":"Diese verj\u00fcngende Augencreme strafft und unterst\u00fctzt die Elastizit\u00e4t der Haut, w\u00e4hrend sie das Erscheinungsbild von Falten, feinen Linien, Schwellungen und Augenringen reduziert.","inLanguage":"de-DE","isPartOf":{"@id":"https:\/\/monatglobal.com\/de\/#website"},"breadcrumb":{"@id":"https:\/\/monatglobal.com\/de\/eye-smooth\/#breadcrumblist"},"image":{"@type":"ImageObject","url":"https:\/\/monatglobal.com\/de\/wp-content\/uploads\/sites\/22\/2026\/01\/eye-smooth-500x438-150x150-1.png","@id":"https:\/\/monatglobal.com\/de\/eye-smooth\/#mainImage","width":150,"height":150},"primaryImageOfPage":{"@id":"https:\/\/monatglobal.com\/de\/eye-smooth\/#mainImage"},"datePublished":"2019-08-18T21:00:22+00:00","dateModified":"2026-03-02T15:15:58+00:00"},{"@type":"WebSite","@id":"https:\/\/monatglobal.com\/de\/#website","url":"https:\/\/monatglobal.com\/de\/","name":"MONAT Germany","description":"We Are Modern Nature\u2122","inLanguage":"de-DE","publisher":{"@id":"https:\/\/monatglobal.com\/de\/#organization"}}]},"og:locale":"de_DE","og:site_name":"MONAT Germany - We Are Modern Nature\u2122","og:type":"article","og:title":"Eye Smooth\u2122 Pflegende Augencreme","og:description":"Diese verj\u00fcngende Augencreme strafft und unterst\u00fctzt die Elastizit\u00e4t der Haut, w\u00e4hrend sie das Erscheinungsbild von Falten, feinen Linien, Schwellungen und Augenringen reduziert.","og:url":"https:\/\/monatglobal.com\/de\/eye-smooth\/","article:published_time":"2019-08-18T21:00:22+00:00","article:modified_time":"2026-03-02T15:15:58+00:00","twitter:card":"summary_large_image","twitter:title":"Eye Smooth\u2122 Pflegende Augencreme","twitter:description":"Diese verj\u00fcngende Augencreme strafft und unterst\u00fctzt die Elastizit\u00e4t der Haut, w\u00e4hrend sie das Erscheinungsbild von Falten, feinen Linien, Schwellungen und Augenringen reduziert."},"aioseo_meta_data":{"post_id":"44462","title":"Eye Smooth\u2122 Pflegende Augencreme","description":"Diese verj\u00fcngende Augencreme strafft und unterst\u00fctzt die Elastizit\u00e4t der Haut, w\u00e4hrend sie das Erscheinungsbild von Falten, feinen Linien, Schwellungen und Augenringen reduziert.","keywords":null,"keyphrases":{"focus":{"keyphrase":"","score":0,"analysis":{"keyphraseInTitle":{"score":0,"maxScore":9,"error":1}}},"additional":[]},"primary_term":null,"canonical_url":null,"og_title":null,"og_description":null,"og_object_type":"default","og_image_type":"default","og_image_url":null,"og_image_width":null,"og_image_height":null,"og_image_custom_url":null,"og_image_custom_fields":null,"og_video":"","og_custom_url":null,"og_article_section":null,"og_article_tags":null,"twitter_use_og":false,"twitter_card":"default","twitter_image_type":"default","twitter_image_url":null,"twitter_image_custom_url":null,"twitter_image_custom_fields":null,"twitter_title":null,"twitter_description":null,"schema":{"blockGraphs":[],"customGraphs":[],"default":{"data":{"Article":[],"Course":[],"Dataset":[],"FAQPage":[],"Movie":[],"Person":[],"Product":[],"ProductReview":[],"Car":[],"Recipe":[],"Service":[],"SoftwareApplication":[],"WebPage":[]},"graphName":"WebPage","isEnabled":true},"graphs":[]},"schema_type":"default","schema_type_options":null,"pillar_content":false,"robots_default":true,"robots_noindex":false,"robots_noarchive":false,"robots_nosnippet":false,"robots_nofollow":false,"robots_noimageindex":false,"robots_noodp":false,"robots_notranslate":false,"robots_max_snippet":"-1","robots_max_videopreview":"-1","robots_max_imagepreview":"large","priority":null,"frequency":"default","local_seo":null,"seo_analyzer_scan_date":null,"limit_modified_date":false,"reviewed_by":"0","ai":{"faqs":[],"keyPoints":[],"titles":[],"descriptions":[],"socialPosts":{"email":[],"linkedin":[],"twitter":[],"facebook":[],"instagram":[]}},"created":"2026-02-09 20:22:07","updated":"2026-03-02 15:17:28"},"aioseo_breadcrumb":"<div class=\"aioseo-breadcrumbs\"><span class=\"aioseo-breadcrumb\">\n\t<a href=\"https:\/\/monatglobal.com\/de\" title=\"Home\">Home<\/a>\n<\/span><span class=\"aioseo-breadcrumb-separator\">\u00bb<\/span><span class=\"aioseo-breadcrumb\">\n\tEye Smooth\u2122 Pflegende Augencreme\n<\/span><\/div>","aioseo_breadcrumb_json":[{"label":"Home","link":"https:\/\/monatglobal.com\/de"},{"label":"Eye Smooth\u2122 Pflegende Augencreme","link":"https:\/\/monatglobal.com\/de\/eye-smooth\/"}],"_links":{"self":[{"href":"https:\/\/monatglobal.com\/de\/wp-json\/wp\/v2\/pages\/44462","targetHints":{"allow":["GET"]}}],"collection":[{"href":"https:\/\/monatglobal.com\/de\/wp-json\/wp\/v2\/pages"}],"about":[{"href":"https:\/\/monatglobal.com\/de\/wp-json\/wp\/v2\/types\/page"}],"author":[{"embeddable":true,"href":"https:\/\/monatglobal.com\/de\/wp-json\/wp\/v2\/users\/31"}],"replies":[{"embeddable":true,"href":"https:\/\/monatglobal.com\/de\/wp-json\/wp\/v2\/comments?post=44462"}],"version-history":[{"count":23,"href":"https:\/\/monatglobal.com\/de\/wp-json\/wp\/v2\/pages\/44462\/revisions"}],"predecessor-version":[{"id":109359,"href":"https:\/\/monatglobal.com\/de\/wp-json\/wp\/v2\/pages\/44462\/revisions\/109359"}],"wp:featuredmedia":[{"embeddable":true,"href":"https:\/\/monatglobal.com\/de\/wp-json\/wp\/v2\/media\/109191"}],"wp:attachment":[{"href":"https:\/\/monatglobal.com\/de\/wp-json\/wp\/v2\/media?parent=44462"}],"wp:term":[{"taxonomy":"category","embeddable":true,"href":"https:\/\/monatglobal.com\/de\/wp-json\/wp\/v2\/categories?post=44462"},{"taxonomy":"post_tag","embeddable":true,"href":"https:\/\/monatglobal.com\/de\/wp-json\/wp\/v2\/tags?post=44462"}],"curies":[{"name":"wp","href":"https:\/\/api.w.org\/{rel}","templated":true}]}}