{"id":44453,"date":"2019-08-18T19:44:59","date_gmt":"2019-08-18T19:44:59","guid":{"rendered":"https:\/\/monatglobal.com\/?page_id=44453"},"modified":"2026-03-02T14:32:39","modified_gmt":"2026-03-02T14:32:39","slug":"lightweight-moisturizer","status":"publish","type":"page","link":"https:\/\/monatglobal.com\/de\/lightweight-moisturizer\/","title":{"rendered":"Be Balanced\u2122 Leichte Feuchtigkeitscreme"},"content":{"rendered":"\n<link rel=\"stylesheet\" href=\"https:\/\/unpkg.com\/swiper\/swiper-bundle.min.css\">\n<link rel=\"stylesheet\" href=\"https:\/\/monatglobal.com\/wp-content\/creative_css\/product_styles_sheet.css\">\n<!--Page title: Gesichtscreme | MONAT Skincare | BE BALANCED\u2122 Leichte Feuchtigkeitscreme-->\n<!--Meta: Diese leichte, t\u00e4glich anwendbare Feuchtigkeitscreme mit pflanzlichen Wirkstoffen versorgt die Haut 24 Stunden mit Feuchtigkeit. Sie zieht m\u00fchelos ein und hinterl\u00e4sst ein weicheres, glatteres und ges\u00fcnderes Hautbild.-->\n   <!--==================================================== ECOMM SECTION ====================================================-->\n      <!--==================================================== Ecomm image ====================================================-->\n             \n      <source media=\"(max-width: 700px)\" srcset=\"https:\/\/monatglobal.com\/au\/wp-content\/uploads\/sites\/12\/2021\/12\/BE-BALANCED-Lightweight-Moisturizer_ecomm_mobile.png\" loading=\"lazy\">\n      <img decoding=\"async\" src=\"https:\/\/monatglobal.com\/au\/wp-content\/uploads\/sites\/12\/2021\/12\/BE-BALANCED-Lightweight-Moisturizer_ecomm.png\" alt=\"BE-BALANCED-Lightweight-Moisturizer\" loading=\"lazy\">\n         \n      <!--==================================================== Ecomm information  ====================================================-->\n          NEU\n         <p>BE BALANCED\u2122<\/p>\n         <h1>Leichte <br> Feuchtigkeitscreme<\/h1>\n         \n         <p>Regenerierend &amp; Gl\u00e4ttend <br> Mit revitalisierenden Pflanzenstammzellen und Ceramiden<\/p>\n         <p>45 ml \u212e 1.52 fl. oz.<\/p>\n       <!--==================================================== pricing box  ====================================================-->    \n               <p>Einzelhandelspreis<br>00.00 \u20ac<\/p>\n               <p>Preis f\u00fcr VIP-Kunden<br>00.00 \u20ac<\/p>\n      <!--==================================================== pricing box  ====================================================--> \n         <p>Um mehr \u00fcber BE BALANCED\u2122 Leichte Feuchtigkeitscreme zu erfahren, wende Dich bitte an Deinen MONAT Markenpartner.<\/p>\n          <a href=\"\" target=\"_blank\" role=\"button\" aria-label=\"\" rel=\"noopener\"><\/a>\n   <!--==================================================== \/ECOMM SECTION  ====================================================-->\n   <!--==================================================== Benefits image ====================================================-->\n  \n    <source media=\"(max-width: 700px)\" srcset=\"https:\/\/monatglobal.com\/au\/wp-content\/uploads\/sites\/12\/2021\/12\/BE-BALANCED-Lightweight-Moisturizer-benefits-close-up_mobile.jpg\" loading=\"lazy\">\n      <img decoding=\"async\" src=\"https:\/\/monatglobal.com\/au\/wp-content\/uploads\/sites\/12\/2021\/12\/BE-BALANCED-Lightweight-Moisturizer-benefits-close-up.jpg\" alt=\"\" loading=\"lazy\">\n    \n   <!--==================================================== Benefits text ====================================================-->\n         <h2>VORTEILE<\/h2>\n         <h3>Eine leichte Feuchtigkeitscreme, die m\u00fchelos einzieht und ein weicheres, glatteres und ges\u00fcnderes Hautbild hinterl\u00e4sst.<\/h3>\n         <!--==================================================== features image  ====================================================-->\n         <img decoding=\"async\" alt=\"\" src=\"https:\/\/monatglobal.com\/au\/wp-content\/uploads\/sites\/12\/2021\/12\/BE-BALANCED-Lightweight-Moisturizer-features.jpg\" loading=\"lazy\">\n      <!--==================================================== features text ====================================================-->\n            <h3>Eigenschaften<\/h3>\n               <p>\/ Reduktion von vorzeitiger Hautalterung.*<\/p>\n               <p>\/ Spendet langanhaltende Feuchtigkeit.*<\/p>\n               <p>\/ Reduziert Falten, feine Linien und nachlassende Elastizit\u00e4t.*<\/p>\n               <p>\/ Beruhigt die Haut und sorgt f\u00fcr ein glattes, geschmeidiges Hautgef\u00fchl.*<\/p>\n               <p>\/ Verleiht dem Teint ein erfrischtes und strahlendes Aussehen.*<\/p>\n               <p>\/ Ideal f\u00fcr normale bis Mischhaut.<\/p>\n               <br>\n            <p>Fragrance \/ Unwind and enjoy a coconut-forward, citrusy aroma with notes of blood orange, coconut husk, cashew nut and&nbsp;sandalwood. <\/p>\n            <p> Texture \/ Cream <\/p>\n   <!--==================================================== composition image mobile ====================================================-->\n   <img decoding=\"async\" alt=\"\" src=\"https:\/\/monatglobal.com\/au\/wp-content\/uploads\/sites\/12\/2021\/12\/BE-BALANCED-Lightweight-Moisturizer-comp1.jpg\" loading=\"lazy\">\n   <!--==================================================== Why it works text ====================================================-->\n      <h2>REGENERIEREND &amp; GL\u00c4TTEND <\/h2>\n      <h3>Diese leichte, t\u00e4glich anwendbare Wasser-Creme versorgt die Haut mit konzentrierten N\u00e4hrstoffen und Feuchtigkeit &#8211; ohne ein schweres Gef\u00fchl zu hinterlassen. Die optimale Kombination aus erneuernden Pflanzenwirkstoffen sorgt f\u00fcr ausgewogene Feuchtigkeit.<\/h3>\n      <p>Die Haut wirkt prall und strahlend.<\/p>\n      <!--<p>*Based on a 56-day consumer study with 49 participants, performed by a third-party laboratory.<\/p>-->\n<!--==================================================== Composition section ====================================================-->\n      <img decoding=\"async\" alt=\"\" src=\"https:\/\/monatglobal.com\/au\/wp-content\/uploads\/sites\/12\/2021\/12\/BE-BALANCED-Lightweight-Moisturizer-comp1.jpg\" loading=\"lazy\">\n      <img decoding=\"async\" alt=\"\" src=\"https:\/\/monatglobal.com\/au\/wp-content\/uploads\/sites\/12\/2021\/12\/BE-BALANCED-Lightweight-Moisturizer-composition-3.jpg\" loading=\"lazy\">\n            <!--==================================================== Directions text ====================================================--> \n               <h3>Anwendung<\/h3>\n                    <p>\/ T\u00e4glich morgens und abends anwenden.<\/p>\n                    <p>\/ Mit dem beiliegenden Spatel eine kleine Menge entnehmen. <\/p>\n                    <p>\/ Gleichm\u00e4\u00dfig auf die Fingerspitzen verteilen. <\/p>\n                    <p>\/ Mit sanften, aufw\u00e4rts gerichteten Bewegungen auf Gesicht, Hals und Dekollet\u00e9 einmassieren, um die Haut zu beleben. <\/p>\n                    <p>\/ Vor dem Auftragen von LSF oder Make-up einziehen lassen.<\/p>\n            <!--==================================================== Directions video ====================================================-->\n      <p>BE BALANCED\u2122 <br> Leichte Feuchtigkeitscreme <br>0:35<\/p>\n         <!--==================================================== suggestions image  ====================================================-->\n         <img decoding=\"async\" alt=\"\" src=\"https:\/\/monatglobal.com\/au\/wp-content\/uploads\/sites\/12\/2021\/12\/REJUVENIQE-light-suggestions.jpg\" loading=\"lazy\">\n      <!--==================================================== suggestions text ====================================================-->\n            <h3>Tipps<\/h3>\n               <p>\/ F\u00fchlt sich die Haut besonders trocken an? Einfach 1-2 Tropfen REJUVENIQE light by MONAT\u2122 in den H\u00e4nden mit der Creme vermischen.<\/p>\n      <a href=\"\" target=\"_blank\" role=\"button\" aria-label=\"\" rel=\"noopener\"><\/a>\n   <!--==================================================== Ingredients section  ====================================================-->\n      <h2>Wichtige Inhaltsstoffe<\/h2>\n      <p>REJUVENIQE S\u2122<br>Spendet Feuchtigkeit, pflegt und n\u00e4hrt<\/p>\n      <p>Pflanzliche Stammzellen<br>St\u00e4rken und sch\u00fctzen<\/p>\n      <p>Hyalurons\u00e4ure<br> Wirkt wie ein Feuchtigkeitsmagnet<\/p>\n      <p>Peptid<br> Strafft und verleiht F\u00fclle<\/p>\n      <p>Ceramide<br> St\u00e4rken die Hautbarriere und spenden Feuchtigkeit<\/p>\n        <button id=\"myBtn\" type=\"button\">Alle Inhaltsstoffe ansehen<\/button>\n      <!--==================================================== Modal content  ====================================================-->\n         \u00d7\n         <p>Aqua\/Water\/Eau, Cetearyl Alcohol, Glyceryl Stearate SE, Caprylic\/Capric Triglyceride, Glycerin, Isopropyl Myristate, Isomalt, Cetearyl Glucoside, Sodium Hyaluronate, Tripeptide-2, Ceramide NP, Ceramide AP, Ceramide EOP, Bisabolol, Zingiber Officinale (Ginger) Root Extract, Limnanthes Alba (Meadowfoam) Seed Oil, Crambe Abyssinica Seed Oil, Camellia Oleifera Seed Oil, Solanum Lycopersicum (Tomato) Seed Oil, Daucus Carota Sativa (Carrot) Seed Oil, Citrus Limon (Lemon) Peel Oil, Citrus Aurantifolia (Lime) Oil, Citrus Aurantium Bergamia (Bergamot) Fruit Oil, Adansonia Digitata Oil, Mauritia Flexuosa Fruit Oil, Cocos Nucifera (Coconut) Oil, Gardenia Taitensis Flower Extract, Moringa Oleifera Seed Oil, Caryocar Brasiliense Fruit Oil, Helianthus Annuus (Sunflower) Seed Oil, Olea Europaea (Olive) Fruit Oil, Simmondsia Chinensis (Jojoba) Seed Extract, Tocopherol, Phytol, Phytosphingosine, Cholesterol, Sodium Lauroyl Lactylate, Carbomer, Xanthan Gum, Fragrance\/Parfum, Ethylhexylglycerin, Benzyl Alcohol, Hexamethylindanopyran, Linalyl Acetate, Tetramethyl Acetyloctahydronaphthalenes.<\/p>\n   <!--==================================================== You might also like section ====================================================-->\n      <h2>DAS K\u00d6NNTE DIR AUCH GEFALLEN<\/h2>\n      <!--==================================================== Slider YOU MIGHT ALSO LIKE ====================================================-->\n         <!--==================================================== If we need navigation buttons  ====================================================-->\n         <!--==================================================== If we need paginations  ====================================================-->\n    <a href=\"\" aria-label=\"\"><\/a>\n<!--==================================================== this link has to go last for it to work   ====================================================-->\n\t<link rel=\"stylesheet\" href=\"https:\/\/unpkg.com\/swiper\/swiper-bundle.min.css\">\n<link rel=\"stylesheet\" href=\"https:\/\/monatglobal.com\/wp-content\/creative_css\/product_styles_sheet.css\">\n   <!--==================================================== You might also like section ====================================================-->\n      <h2>YOU MIGHT ALSO LIKE<\/h2>\n      <!--==================================================== Slider YOU MIGHT ALSO LIKE ====================================================-->\n            <!--==================================================== Slides products ====================================================-->\n               <a href=\"\/holidays-2021-minis-mirror\" aria-label=\"Go to Magic Minis &amp; Mirror page\">\n                  <img decoding=\"async\" src=\"https:\/\/monatglobal.com\/wp-content\/uploads\/2021\/10\/magic-mini-mirror-300x300-1.jpg\" alt=\"Magic Minis &amp; Mirror\">\n                  <p>Magic Minis &amp; Mirror<\/p>\n               <\/a>\n               <a href=\"\/holidays-2021-happiness\/\" aria-label=\"Go to Handful of Happiness page\">\n                  <img decoding=\"async\" src=\"https:\/\/monatglobal.com\/wp-content\/uploads\/2021\/10\/handful-happiness-300x300-1.jpg\" alt=\"Handful of Happiness\">\n                  <p>Handful of Happiness<\/p>\n               <\/a>\n               <a href=\"\/foamy-cleanser\/\" aria-label=\"Go to BE BALANCED\u2122 FOAMY CLEANSER page\">\n                  <img decoding=\"async\" src=\"https:\/\/monatglobal.com\/wp-content\/uploads\/2020\/10\/foamy-cleanser-500x438.png\" alt=\"BE BALANCED\u2122 FOAMY CLEANSER\">\n                  <p>BE BALANCED\u2122 <br>FOAMY CLEANSER<\/p>\n               <\/a>\n         <!--==================================================== If we need navigation buttons  ====================================================-->\n         <!--==================================================== If we need paginations  ====================================================-->\n<!--==================================================== this link has to go last for it to work   ====================================================-->\n","protected":false},"excerpt":{"rendered":"<p>NEU BE BALANCED\u2122 Leichte Feuchtigkeitscreme Regenerierend &amp; Gl\u00e4ttend Mit revitalisierenden Pflanzenstammzellen und Ceramiden 45 ml \u212e 1.52 fl. oz. Einzelhandelspreis00.00 \u20ac Preis f\u00fcr VIP-Kunden00.00 \u20ac Um mehr \u00fcber BE BALANCED\u2122 Leichte Feuchtigkeitscreme zu erfahren, wende Dich bitte an Deinen MONAT Markenpartner. VORTEILE Eine leichte Feuchtigkeitscreme, die m\u00fchelos einzieht und ein weicheres, glatteres und ges\u00fcnderes Hautbild&hellip;<\/p>\n","protected":false},"author":31,"featured_media":109185,"parent":0,"menu_order":0,"comment_status":"closed","ping_status":"closed","template":"","meta":{"inline_featured_image":false,"om_disable_all_campaigns":false,"footnotes":""},"categories":[17],"tags":[],"class_list":["post-44453","page","type-page","status-publish","has-post-thumbnail","hentry","category-product-de"],"aioseo_notices":[],"aioseo_head":"\n\t\t<!-- All in One SEO Pro 4.9.5.2 - aioseo.com -->\n\t<meta name=\"description\" content=\"Diese leichte, t\u00e4glich anwendbare Feuchtigkeitscreme mit pflanzlichen Wirkstoffen versorgt die Haut 24 Stunden mit Feuchtigkeit. Sie zieht m\u00fchelos ein und hinterl\u00e4sst ein weicheres, glatteres und ges\u00fcnderes Hautbild.\" \/>\n\t<meta name=\"robots\" content=\"max-image-preview:large\" \/>\n\t<link rel=\"canonical\" href=\"https:\/\/monatglobal.com\/de\/lightweight-moisturizer\/\" \/>\n\t<meta name=\"generator\" content=\"All in One SEO Pro (AIOSEO) 4.9.5.2\" \/>\n\t\t<meta property=\"og:locale\" content=\"de_DE\" \/>\n\t\t<meta property=\"og:site_name\" content=\"MONAT Germany - We Are Modern Nature\u2122\" \/>\n\t\t<meta property=\"og:type\" content=\"article\" \/>\n\t\t<meta property=\"og:title\" content=\"Gesichtscreme | MONAT Skincare | BE BALANCED\u2122 Leichte Feuchtigkeitscreme\" \/>\n\t\t<meta property=\"og:description\" content=\"Diese leichte, t\u00e4glich anwendbare Feuchtigkeitscreme mit pflanzlichen Wirkstoffen versorgt die Haut 24 Stunden mit Feuchtigkeit. Sie zieht m\u00fchelos ein und hinterl\u00e4sst ein weicheres, glatteres und ges\u00fcnderes Hautbild.\" \/>\n\t\t<meta property=\"og:url\" content=\"https:\/\/monatglobal.com\/de\/lightweight-moisturizer\/\" \/>\n\t\t<meta property=\"article:published_time\" content=\"2019-08-18T19:44:59+00:00\" \/>\n\t\t<meta property=\"article:modified_time\" content=\"2026-03-02T14:32:39+00:00\" \/>\n\t\t<meta name=\"twitter:card\" content=\"summary_large_image\" \/>\n\t\t<meta name=\"twitter:title\" content=\"Gesichtscreme | MONAT Skincare | BE BALANCED\u2122 Leichte Feuchtigkeitscreme\" \/>\n\t\t<meta name=\"twitter:description\" content=\"Diese leichte, t\u00e4glich anwendbare Feuchtigkeitscreme mit pflanzlichen Wirkstoffen versorgt die Haut 24 Stunden mit Feuchtigkeit. Sie zieht m\u00fchelos ein und hinterl\u00e4sst ein weicheres, glatteres und ges\u00fcnderes Hautbild.\" \/>\n\t\t<script type=\"application\/ld+json\" class=\"aioseo-schema\">\n\t\t\t{\"@context\":\"https:\\\/\\\/schema.org\",\"@graph\":[{\"@type\":\"BreadcrumbList\",\"@id\":\"https:\\\/\\\/monatglobal.com\\\/de\\\/lightweight-moisturizer\\\/#breadcrumblist\",\"itemListElement\":[{\"@type\":\"ListItem\",\"@id\":\"https:\\\/\\\/monatglobal.com\\\/de#listItem\",\"position\":1,\"name\":\"Home\",\"item\":\"https:\\\/\\\/monatglobal.com\\\/de\",\"nextItem\":{\"@type\":\"ListItem\",\"@id\":\"https:\\\/\\\/monatglobal.com\\\/de\\\/lightweight-moisturizer\\\/#listItem\",\"name\":\"Be Balanced\\u2122 Leichte Feuchtigkeitscreme\"}},{\"@type\":\"ListItem\",\"@id\":\"https:\\\/\\\/monatglobal.com\\\/de\\\/lightweight-moisturizer\\\/#listItem\",\"position\":2,\"name\":\"Be Balanced\\u2122 Leichte Feuchtigkeitscreme\",\"previousItem\":{\"@type\":\"ListItem\",\"@id\":\"https:\\\/\\\/monatglobal.com\\\/de#listItem\",\"name\":\"Home\"}}]},{\"@type\":\"Organization\",\"@id\":\"https:\\\/\\\/monatglobal.com\\\/de\\\/#organization\",\"name\":\"MONAT Germany\",\"description\":\"We Are Modern Nature\\u2122\",\"url\":\"https:\\\/\\\/monatglobal.com\\\/de\\\/\"},{\"@type\":\"WebPage\",\"@id\":\"https:\\\/\\\/monatglobal.com\\\/de\\\/lightweight-moisturizer\\\/#webpage\",\"url\":\"https:\\\/\\\/monatglobal.com\\\/de\\\/lightweight-moisturizer\\\/\",\"name\":\"Gesichtscreme | MONAT Skincare | BE BALANCED\\u2122 Leichte Feuchtigkeitscreme\",\"description\":\"Diese leichte, t\\u00e4glich anwendbare Feuchtigkeitscreme mit pflanzlichen Wirkstoffen versorgt die Haut 24 Stunden mit Feuchtigkeit. Sie zieht m\\u00fchelos ein und hinterl\\u00e4sst ein weicheres, glatteres und ges\\u00fcnderes Hautbild.\",\"inLanguage\":\"de-DE\",\"isPartOf\":{\"@id\":\"https:\\\/\\\/monatglobal.com\\\/de\\\/#website\"},\"breadcrumb\":{\"@id\":\"https:\\\/\\\/monatglobal.com\\\/de\\\/lightweight-moisturizer\\\/#breadcrumblist\"},\"image\":{\"@type\":\"ImageObject\",\"url\":\"https:\\\/\\\/monatglobal.com\\\/de\\\/wp-content\\\/uploads\\\/sites\\\/22\\\/2026\\\/01\\\/lightweight-moisturizer-500x438-150x150-1.png\",\"@id\":\"https:\\\/\\\/monatglobal.com\\\/de\\\/lightweight-moisturizer\\\/#mainImage\",\"width\":150,\"height\":150},\"primaryImageOfPage\":{\"@id\":\"https:\\\/\\\/monatglobal.com\\\/de\\\/lightweight-moisturizer\\\/#mainImage\"},\"datePublished\":\"2019-08-18T19:44:59+00:00\",\"dateModified\":\"2026-03-02T14:32:39+00:00\"},{\"@type\":\"WebSite\",\"@id\":\"https:\\\/\\\/monatglobal.com\\\/de\\\/#website\",\"url\":\"https:\\\/\\\/monatglobal.com\\\/de\\\/\",\"name\":\"MONAT Germany\",\"description\":\"We Are Modern Nature\\u2122\",\"inLanguage\":\"de-DE\",\"publisher\":{\"@id\":\"https:\\\/\\\/monatglobal.com\\\/de\\\/#organization\"}}]}\n\t\t<\/script>\n\t\t<!-- All in One SEO Pro -->\r\n\t\t<title>Gesichtscreme | MONAT Skincare | BE BALANCED\u2122 Leichte Feuchtigkeitscreme<\/title>\n\n","aioseo_head_json":{"title":"Gesichtscreme | MONAT Skincare | BE BALANCED\u2122 Leichte Feuchtigkeitscreme","description":"Diese leichte, t\u00e4glich anwendbare Feuchtigkeitscreme mit pflanzlichen Wirkstoffen versorgt die Haut 24 Stunden mit Feuchtigkeit. Sie zieht m\u00fchelos ein und hinterl\u00e4sst ein weicheres, glatteres und ges\u00fcnderes Hautbild.","canonical_url":"https:\/\/monatglobal.com\/de\/lightweight-moisturizer\/","robots":"max-image-preview:large","keywords":"","webmasterTools":{"miscellaneous":""},"schema":{"@context":"https:\/\/schema.org","@graph":[{"@type":"BreadcrumbList","@id":"https:\/\/monatglobal.com\/de\/lightweight-moisturizer\/#breadcrumblist","itemListElement":[{"@type":"ListItem","@id":"https:\/\/monatglobal.com\/de#listItem","position":1,"name":"Home","item":"https:\/\/monatglobal.com\/de","nextItem":{"@type":"ListItem","@id":"https:\/\/monatglobal.com\/de\/lightweight-moisturizer\/#listItem","name":"Be Balanced\u2122 Leichte Feuchtigkeitscreme"}},{"@type":"ListItem","@id":"https:\/\/monatglobal.com\/de\/lightweight-moisturizer\/#listItem","position":2,"name":"Be Balanced\u2122 Leichte Feuchtigkeitscreme","previousItem":{"@type":"ListItem","@id":"https:\/\/monatglobal.com\/de#listItem","name":"Home"}}]},{"@type":"Organization","@id":"https:\/\/monatglobal.com\/de\/#organization","name":"MONAT Germany","description":"We Are Modern Nature\u2122","url":"https:\/\/monatglobal.com\/de\/"},{"@type":"WebPage","@id":"https:\/\/monatglobal.com\/de\/lightweight-moisturizer\/#webpage","url":"https:\/\/monatglobal.com\/de\/lightweight-moisturizer\/","name":"Gesichtscreme | MONAT Skincare | BE BALANCED\u2122 Leichte Feuchtigkeitscreme","description":"Diese leichte, t\u00e4glich anwendbare Feuchtigkeitscreme mit pflanzlichen Wirkstoffen versorgt die Haut 24 Stunden mit Feuchtigkeit. Sie zieht m\u00fchelos ein und hinterl\u00e4sst ein weicheres, glatteres und ges\u00fcnderes Hautbild.","inLanguage":"de-DE","isPartOf":{"@id":"https:\/\/monatglobal.com\/de\/#website"},"breadcrumb":{"@id":"https:\/\/monatglobal.com\/de\/lightweight-moisturizer\/#breadcrumblist"},"image":{"@type":"ImageObject","url":"https:\/\/monatglobal.com\/de\/wp-content\/uploads\/sites\/22\/2026\/01\/lightweight-moisturizer-500x438-150x150-1.png","@id":"https:\/\/monatglobal.com\/de\/lightweight-moisturizer\/#mainImage","width":150,"height":150},"primaryImageOfPage":{"@id":"https:\/\/monatglobal.com\/de\/lightweight-moisturizer\/#mainImage"},"datePublished":"2019-08-18T19:44:59+00:00","dateModified":"2026-03-02T14:32:39+00:00"},{"@type":"WebSite","@id":"https:\/\/monatglobal.com\/de\/#website","url":"https:\/\/monatglobal.com\/de\/","name":"MONAT Germany","description":"We Are Modern Nature\u2122","inLanguage":"de-DE","publisher":{"@id":"https:\/\/monatglobal.com\/de\/#organization"}}]},"og:locale":"de_DE","og:site_name":"MONAT Germany - We Are Modern Nature\u2122","og:type":"article","og:title":"Gesichtscreme | MONAT Skincare | BE BALANCED\u2122 Leichte Feuchtigkeitscreme","og:description":"Diese leichte, t\u00e4glich anwendbare Feuchtigkeitscreme mit pflanzlichen Wirkstoffen versorgt die Haut 24 Stunden mit Feuchtigkeit. Sie zieht m\u00fchelos ein und hinterl\u00e4sst ein weicheres, glatteres und ges\u00fcnderes Hautbild.","og:url":"https:\/\/monatglobal.com\/de\/lightweight-moisturizer\/","article:published_time":"2019-08-18T19:44:59+00:00","article:modified_time":"2026-03-02T14:32:39+00:00","twitter:card":"summary_large_image","twitter:title":"Gesichtscreme | MONAT Skincare | BE BALANCED\u2122 Leichte Feuchtigkeitscreme","twitter:description":"Diese leichte, t\u00e4glich anwendbare Feuchtigkeitscreme mit pflanzlichen Wirkstoffen versorgt die Haut 24 Stunden mit Feuchtigkeit. Sie zieht m\u00fchelos ein und hinterl\u00e4sst ein weicheres, glatteres und ges\u00fcnderes Hautbild."},"aioseo_meta_data":{"post_id":"44453","title":"Gesichtscreme | MONAT Skincare | BE BALANCED\u2122 Leichte Feuchtigkeitscreme","description":"Diese leichte, t\u00e4glich anwendbare Feuchtigkeitscreme mit pflanzlichen Wirkstoffen versorgt die Haut 24 Stunden mit Feuchtigkeit. Sie zieht m\u00fchelos ein und hinterl\u00e4sst ein weicheres, glatteres und ges\u00fcnderes Hautbild.","keywords":null,"keyphrases":{"focus":{"keyphrase":"","score":0,"analysis":{"keyphraseInTitle":{"score":0,"maxScore":9,"error":1}}},"additional":[]},"primary_term":null,"canonical_url":null,"og_title":null,"og_description":null,"og_object_type":"default","og_image_type":"default","og_image_url":null,"og_image_width":null,"og_image_height":null,"og_image_custom_url":null,"og_image_custom_fields":null,"og_video":"","og_custom_url":null,"og_article_section":null,"og_article_tags":null,"twitter_use_og":false,"twitter_card":"default","twitter_image_type":"default","twitter_image_url":null,"twitter_image_custom_url":null,"twitter_image_custom_fields":null,"twitter_title":null,"twitter_description":null,"schema":{"blockGraphs":[],"customGraphs":[],"default":{"data":{"Article":[],"Course":[],"Dataset":[],"FAQPage":[],"Movie":[],"Person":[],"Product":[],"ProductReview":[],"Car":[],"Recipe":[],"Service":[],"SoftwareApplication":[],"WebPage":[]},"graphName":"WebPage","isEnabled":true},"graphs":[]},"schema_type":"default","schema_type_options":null,"pillar_content":false,"robots_default":true,"robots_noindex":false,"robots_noarchive":false,"robots_nosnippet":false,"robots_nofollow":false,"robots_noimageindex":false,"robots_noodp":false,"robots_notranslate":false,"robots_max_snippet":"-1","robots_max_videopreview":"-1","robots_max_imagepreview":"large","priority":null,"frequency":"default","local_seo":null,"seo_analyzer_scan_date":null,"limit_modified_date":false,"reviewed_by":"0","ai":{"faqs":[],"keyPoints":[],"titles":[],"descriptions":[],"socialPosts":{"email":[],"linkedin":[],"twitter":[],"facebook":[],"instagram":[]}},"created":"2026-02-09 20:22:07","updated":"2026-03-02 15:17:28"},"aioseo_breadcrumb":"<div class=\"aioseo-breadcrumbs\"><span class=\"aioseo-breadcrumb\">\n\t<a href=\"https:\/\/monatglobal.com\/de\" title=\"Home\">Home<\/a>\n<\/span><span class=\"aioseo-breadcrumb-separator\">\u00bb<\/span><span class=\"aioseo-breadcrumb\">\n\tBe Balanced\u2122 Leichte Feuchtigkeitscreme\n<\/span><\/div>","aioseo_breadcrumb_json":[{"label":"Home","link":"https:\/\/monatglobal.com\/de"},{"label":"Be Balanced\u2122 Leichte Feuchtigkeitscreme","link":"https:\/\/monatglobal.com\/de\/lightweight-moisturizer\/"}],"_links":{"self":[{"href":"https:\/\/monatglobal.com\/de\/wp-json\/wp\/v2\/pages\/44453","targetHints":{"allow":["GET"]}}],"collection":[{"href":"https:\/\/monatglobal.com\/de\/wp-json\/wp\/v2\/pages"}],"about":[{"href":"https:\/\/monatglobal.com\/de\/wp-json\/wp\/v2\/types\/page"}],"author":[{"embeddable":true,"href":"https:\/\/monatglobal.com\/de\/wp-json\/wp\/v2\/users\/31"}],"replies":[{"embeddable":true,"href":"https:\/\/monatglobal.com\/de\/wp-json\/wp\/v2\/comments?post=44453"}],"version-history":[{"count":26,"href":"https:\/\/monatglobal.com\/de\/wp-json\/wp\/v2\/pages\/44453\/revisions"}],"predecessor-version":[{"id":109351,"href":"https:\/\/monatglobal.com\/de\/wp-json\/wp\/v2\/pages\/44453\/revisions\/109351"}],"wp:featuredmedia":[{"embeddable":true,"href":"https:\/\/monatglobal.com\/de\/wp-json\/wp\/v2\/media\/109185"}],"wp:attachment":[{"href":"https:\/\/monatglobal.com\/de\/wp-json\/wp\/v2\/media?parent=44453"}],"wp:term":[{"taxonomy":"category","embeddable":true,"href":"https:\/\/monatglobal.com\/de\/wp-json\/wp\/v2\/categories?post=44453"},{"taxonomy":"post_tag","embeddable":true,"href":"https:\/\/monatglobal.com\/de\/wp-json\/wp\/v2\/tags?post=44453"}],"curies":[{"name":"wp","href":"https:\/\/api.w.org\/{rel}","templated":true}]}}