{"id":44437,"date":"2019-08-17T18:02:11","date_gmt":"2019-08-17T18:02:11","guid":{"rendered":"https:\/\/monatglobal.com\/?page_id=44437"},"modified":"2026-03-02T15:20:31","modified_gmt":"2026-03-02T15:20:31","slug":"age-control-nectar","status":"publish","type":"page","link":"https:\/\/monatglobal.com\/de\/age-control-nectar\/","title":{"rendered":"REWIND\u2122 Anti-Aging-Nektar"},"content":{"rendered":"\n<!--title: Gesichtsreiniger I MONAT Gesichtspflege I Rewind\u2122 Anti-Aging-Nektar-->\n<!--Meta: Ein wirkungsvolles, schnell einziehendes Serum, das die Hauterneuerung unterst\u00fctzt und sichtbaren Zeichen der Hautalterung entgegenwirkt - f\u00fcr ein glattes, weiches und strahlendes Hautbild.-->\n<link rel=\"stylesheet\" href=\"https:\/\/unpkg.com\/swiper\/swiper-bundle.min.css\">\n<link rel=\"stylesheet\" href=\"https:\/\/monatglobal.com\/wp-content\/creative_css\/product_styles_sheet.css\">\n   <!--==================================================== ECOMM SECTION ====================================================-->\n   <p>BESTSELLER<\/p>\n      <!--==================================================== Ecomm image ====================================================-->\n      <img decoding=\"async\" src=\"https:\/\/monatglobal.com\/es\/wp-content\/uploads\/sites\/10\/2021\/12\/Rewind-Age-Control-Nectar-ecomm.png\" alt=\"N\u00e9ctar Anti-edad Rewind\u2122\" loading=\"lazy\">\n      <!--==================================================== Ecomm information  ====================================================-->\n         \n         NEU\n         <p>BESTSELLER<\/p>\n         <h1>Rewind\u2122<br> Anti-Aging-Nektar<\/h1>\n         Korrigierend &amp; Transformierend<br>\n         Hautperfektionierende nat\u00fcrliche Superfrucht-AHAs und Hyalurons\u00e4ure\n         <p>30 ml \u212e 1 fl. oz.<\/p>\n      <!--==================================================== pricing box  ====================================================-->   \n               <p>Einzelhandelspreis<br>00.00 \u20ac<\/p>\n               <p>Preis f\u00fcr VIP-Kunden<br>00.00 \u20ac<\/p>\n       <!--==================================================== pricing box  ====================================================-->  \n         <p>Um mehr \u00fcber Rewind\u2122 Anti-Aging-Nektar zu erfahren, wende Dich bitte an Deinen MONAT Markenpartner.<\/p>\n          <a href=\"\" target=\"_blank\" role=\"button\" aria-label=\"\" rel=\"noopener\"><\/a>\n   <!--==================================================== \/ECOMM SECTION  ====================================================-->\n   <!--==================================================== Benefits image ====================================================-->\n  \n    <source media=\"(max-width: 700px)\" srcset=\"https:\/\/monatglobal.com\/es\/wp-content\/uploads\/sites\/10\/2021\/12\/Rewind-Age-Control-Nectar-benefits-close-up_mobile.jpg\" loading=\"lazy\">\n      <img decoding=\"async\" src=\"https:\/\/monatglobal.com\/es\/wp-content\/uploads\/sites\/10\/2021\/12\/Rewind-Age-Control-Nectar-benefits-close-up.jpg\" alt=\"\" loading=\"lazy\">\n    \n   <!--==================================================== Benefits text ====================================================-->\n         <h2>VORTEILE<\/h2>\n         <h3>Ein wirkungsvolles, schnell einziehendes Serum, das die Hauterneuerung unterst\u00fctzt und sichtbaren Zeichen der Hautalterung entgegenwirkt &#8211; f\u00fcr ein glattes, weiches und strahlendes Hautbild.<\/h3>\n         <!--==================================================== features image  ====================================================-->\n         <img decoding=\"async\" alt=\"\" src=\"https:\/\/monatglobal.com\/es\/wp-content\/uploads\/sites\/10\/2021\/12\/Rewind-Age-Control-Nectar-features.jpg\" loading=\"lazy\">\n      <!--==================================================== features text ====================================================-->\n            <h3>Eigenschaften<\/h3>\n               <p>\/ Wirkt gezielt gegen feine Linien, Falten und unebene Hautstruktur.<\/p>\n               <p>\/ L\u00e4sst die Haut jugendlicher, strahlender und ebenm\u00e4\u00dfiger aussehen.<\/p>\n               <p>\/ Die Haut ist sofort mit Feuchtigkeit versorgt, glatter und strahlender.<\/p>\n               <p>\/ Verbessert die Elastizit\u00e4t.<\/p>\n               <br>\n            <!--<p>Fragrance \/ Unwind and enjoy a coconut-forward, citrusy aroma with notes of blood orange, coconut husk, cashew nut and&nbsp;sandalwood. <\/p>-->\n            <!--<p> Texture \/ Cream <\/p>-->\n   <!--==================================================== composition image mobile ====================================================-->\n   <img decoding=\"async\" alt=\"\" src=\"https:\/\/monatglobal.com\/es\/wp-content\/uploads\/sites\/10\/2021\/12\/Rewind-Age-Control-Nectar-comp1.jpg\" loading=\"lazy\">\n   <!--==================================================== Why it works text ====================================================-->\n      <h2>Korrigierend &amp; Transformierend <\/h2>\n      <h3>Dieses wirksame Serum versorgt die Haut intensiv mit erneuernden Aktivstoffen und hilft, einen ungleichm\u00e4\u00dfigen Hautton, Pigmentflecken, nachlassende Spannkraft, feine Linien, F\u00e4ltchen und einen fahlen Teint zu verbessern &#8211; f\u00fcr eine sichtbar glattere und jugendliche Haut.<\/h3>\n      <p>Fortschrittliche Anti-Aging-Pflege mit Kakadu-Pflaume, MONATs exklusivem Peptid, nat\u00fcrlichen Fruchts\u00e4uren (AHAs), Hyalurons\u00e4ure und unserem exklusiven REJUVENIQE S\u2122 &#8211; die kraftvollste Kombination aktiver Wirkstoffe f\u00fcr einen modernen Weg zu zeitlos sch\u00f6ner Haut.<\/p>\n      <!--<p>*Based on a 56-day consumer study with 44 participants, performed by a third-party laboratory.<\/p> -->\n<!--==================================================== Composition section ====================================================-->\n      <img decoding=\"async\" alt=\"\" src=\"https:\/\/monatglobal.com\/es\/wp-content\/uploads\/sites\/10\/2021\/12\/Rewind-Age-Control-Nectar-comp1.jpg\" loading=\"lazy\">\n      <img decoding=\"async\" alt=\"\" src=\"https:\/\/monatglobal.com\/es\/wp-content\/uploads\/sites\/10\/2021\/12\/rewind-age-control-nectar-composition-3-.jpg\" loading=\"lazy\">\n            <!--==================================================== Directions text ====================================================--> \n               <h3>Anwendung<\/h3>\n                    <p>\/ T\u00e4glich abends nach dem Vorbereitungs-Schritt anwenden.<\/p>\n                    <p>\/ Auf die Fingerspitzen geben und verteilen.<\/p>\n                    <p>\/ Gleichm\u00e4\u00dfig auf Stirn, Wangen, Kinn und Hals auftupfen und verteilen.<\/p>\n                    <p>\/ F\u00fcr optimale Ergebnisse von der Gesichtsmitte nach au\u00dfen und am Hals nach oben verteilen.<\/p>\n                    <p>\/ Vollst\u00e4ndig einziehen lassen, bevor die MONAT Feuchtigkeitspflege aufgetragen wird.<\/p>\n            <!--==================================================== Directions video ====================================================-->\n      <p>Rewind\u2122 Anti-Aging-Nektar<br>0:29<\/p>\n         <!--==================================================== Suggestions image  ====================================================-->\n         <img decoding=\"async\" alt=\"\" src=\"https:\/\/monatglobal.com\/es\/wp-content\/uploads\/sites\/10\/2021\/12\/sunscreen-suggestion.jpg\" loading=\"lazy\">\n      <!--==================================================== Suggestions text ====================================================-->\n            <h3>Tipps<\/h3>\n               <p>\/ Tipp f\u00fcr gesunde Haut:  Verwende tags\u00fcber Sonnenschutz, wenn Du dieses Produkt anwendest.<\/p>\n      <a href=\"\" target=\"_blank\" role=\"button\" aria-label=\"\" rel=\"noopener\"><\/a>\n   <!--==================================================== Ingredients section  ====================================================-->\n      <h2>Wichtige Inhaltsstoffe<\/h2>\n      <p>REJUVENIQE S\u2122<br>Spendet Feuchtigkeit, pflegt und n\u00e4hrt<\/p>\n      <p>Nat\u00fcrliche Fruchts\u00e4uren (AHAs)<br>Gl\u00e4tten und erhellen<\/p>\n      <p>Peptid<br>Strafft und verleiht F\u00fclle<\/p>\n      <p>Kakadu-Pflaume<br>Erhellt, beruhigt und sch\u00fctzt<\/p>\n      <p>Hyalurons\u00e4ure<br>Feuchtigkeitsmagent<\/p>\n        <button id=\"myBtn\" type=\"button\">Alle Inhaltsstoffe ansehen<\/button>\n      <!--==================================================== Modal content  ====================================================-->\n         \u00d7\n         <p>Aqua\/Water\/Eau, Propanediol, Glycerin, Mangifera Indica (Mango) Pulp Extract, Pentylene Glycol, Musa Sapientum (Banana) Pulp Extract, Tripeptide-2, Glycolic Acid, Sodium Hyaluronate, Saccharum Officinarum (Sugarcane) Extract, Terminalia Ferdinandiana Fruit Extract, Limnanthes Alba (Meadowfoam) Seed Oil, Crambe Abyssinica Seed Oil, Camellia Oleifera Seed Oil, Solanum Lycopersicum (Tomato) Seed Oil, Daucus Carota Sativa (Carrot) Seed Oil, Citrus Limon (Lemon) Peel Oil, Citrus Aurantifolia (Lime) Oil, Citrus Aurantium Bergamia (Bergamot) Fruit Oil, Adansonia Digitata Oil, Mauritia Flexuosa Fruit Oil, Cocos Nucifera (Coconut) Oil, Gardenia Taitensis Flower Extract, Moringa Oleifera Seed Oil, Caryocar Brasiliense Fruit Oil, Helianthus Annuus (Sunflower) Seed Oil, Olea Europaea (Olive) Fruit Oil, Simmondsia Chinensis (Jojoba) Seed Extract, Sodium Phytate, Xanthan Gum, Lecithin, Sclerotium Gum, Pullulan, Citric Acid, Fragrance\/Parfum, Sodium Benzoate, Potassium Sorbate, Silica, Benzyl Alcohol, Hexamethylindanopyran, Linalyl Acetate, Tetramethyl Acetyloctahydronaphthalenes.<\/p>\n   <!--==================================================== You might also like section ====================================================-->\n      <h2>DAS K\u00d6NNTE DIR AUCH GEFALLEN<\/h2>\n      <!--==================================================== Slider YOU MIGHT ALSO LIKE ====================================================-->\n         <!--==================================================== If we need navigation buttons  ====================================================-->\n         <!--==================================================== If we need paginations  ====================================================-->\n    <a href=\"\" aria-label=\"\"><\/a>\n<!--==================================================== this link has to go last for it to work   ====================================================-->\n\t<link rel=\"stylesheet\" href=\"https:\/\/unpkg.com\/swiper\/swiper-bundle.min.css\">\n<link rel=\"stylesheet\" href=\"https:\/\/monatglobal.com\/wp-content\/creative_css\/product_styles_sheet.css\">\n   <!--==================================================== You might also like section ====================================================-->\n      <h2>YOU MIGHT ALSO LIKE<\/h2>\n      <!--==================================================== Slider YOU MIGHT ALSO LIKE ====================================================-->\n            <!--==================================================== Slides products ====================================================-->\n               <a href=\"\/holidays-2021-minis-mirror\" aria-label=\"Go to Magic Minis &amp; Mirror page\">\n                  <img decoding=\"async\" src=\"https:\/\/monatglobal.com\/wp-content\/uploads\/2021\/10\/magic-mini-mirror-300x300-1.jpg\" alt=\"Magic Minis &amp; Mirror\">\n                  <p>Magic Minis &amp; Mirror<\/p>\n               <\/a>\n               <a href=\"\/creamy-cleanser\/\" aria-label=\"Go to BE GENTLE\u2122 Creamy Cleanser page\">\n                  <img decoding=\"async\" src=\"https:\/\/monatglobal.com\/wp-content\/uploads\/2020\/10\/creamy-cleanser-500x438.png\" alt=\"BE GENTLE\u2122 Creamy Cleanser\">\n                  <p>BE GENTLE\u2122 <br>Creamy Cleanser<\/p>\n               <\/a>\n               <a href=\"\/nourishing-moisturizer\/\" aria-label=\"Go to BE GENTLE\u2122 Nourishing Moisturizer page\">\n                  <img decoding=\"async\" src=\"https:\/\/monatglobal.com\/wp-content\/uploads\/2019\/09\/be-gentle-nurishing-moisturizer-1-1.png\" alt=\"BE GENTLE\u2122 Nourishing Moisturizer\">\n                  <p>BE GENTLE\u2122 <br>Nourishing Moisturizer<\/p>\n               <\/a>\n         <!--==================================================== If we need navigation buttons  ====================================================-->\n         <!--==================================================== If we need paginations  ====================================================-->\n<!--==================================================== this link has to go last for it to work   ====================================================-->\n","protected":false},"excerpt":{"rendered":"<p>BESTSELLER NEU BESTSELLER Rewind\u2122 Anti-Aging-Nektar Korrigierend &amp; Transformierend Hautperfektionierende nat\u00fcrliche Superfrucht-AHAs und Hyalurons\u00e4ure 30 ml \u212e 1 fl. oz. Einzelhandelspreis00.00 \u20ac Preis f\u00fcr VIP-Kunden00.00 \u20ac Um mehr \u00fcber Rewind\u2122 Anti-Aging-Nektar zu erfahren, wende Dich bitte an Deinen MONAT Markenpartner. VORTEILE Ein wirkungsvolles, schnell einziehendes Serum, das die Hauterneuerung unterst\u00fctzt und sichtbaren Zeichen der Hautalterung entgegenwirkt&hellip;<\/p>\n","protected":false},"author":31,"featured_media":109193,"parent":0,"menu_order":0,"comment_status":"closed","ping_status":"closed","template":"","meta":{"inline_featured_image":false,"om_disable_all_campaigns":false,"footnotes":""},"categories":[17],"tags":[],"class_list":["post-44437","page","type-page","status-publish","has-post-thumbnail","hentry","category-product-de"],"aioseo_notices":[],"aioseo_head":"\n\t\t<!-- All in One SEO Pro 4.9.5.2 - aioseo.com -->\n\t<meta name=\"description\" content=\"Ein wirkungsvolles, schnell einziehendes Serum, das die Hauterneuerung unterst\u00fctzt und sichtbaren Zeichen der Hautalterung entgegenwirkt \u2013 f\u00fcr ein glattes, weiches und strahlendes Hautbild.\" \/>\n\t<meta name=\"robots\" content=\"max-image-preview:large\" \/>\n\t<link rel=\"canonical\" href=\"https:\/\/monatglobal.com\/de\/age-control-nectar\/\" \/>\n\t<meta name=\"generator\" content=\"All in One SEO Pro (AIOSEO) 4.9.5.2\" \/>\n\t\t<meta property=\"og:locale\" content=\"de_DE\" \/>\n\t\t<meta property=\"og:site_name\" content=\"MONAT Germany - We Are Modern Nature\u2122\" \/>\n\t\t<meta property=\"og:type\" content=\"article\" \/>\n\t\t<meta property=\"og:title\" content=\"Gesichtsreiniger I MONAT Gesichtspflege I Rewind\u2122 Anti-Aging-Nektar\" \/>\n\t\t<meta property=\"og:description\" content=\"Ein wirkungsvolles, schnell einziehendes Serum, das die Hauterneuerung unterst\u00fctzt und sichtbaren Zeichen der Hautalterung entgegenwirkt \u2013 f\u00fcr ein glattes, weiches und strahlendes Hautbild.\" \/>\n\t\t<meta property=\"og:url\" content=\"https:\/\/monatglobal.com\/de\/age-control-nectar\/\" \/>\n\t\t<meta property=\"article:published_time\" content=\"2019-08-17T18:02:11+00:00\" \/>\n\t\t<meta property=\"article:modified_time\" content=\"2026-03-02T15:20:31+00:00\" \/>\n\t\t<meta name=\"twitter:card\" content=\"summary_large_image\" \/>\n\t\t<meta name=\"twitter:title\" content=\"Gesichtsreiniger I MONAT Gesichtspflege I Rewind\u2122 Anti-Aging-Nektar\" \/>\n\t\t<meta name=\"twitter:description\" content=\"Ein wirkungsvolles, schnell einziehendes Serum, das die Hauterneuerung unterst\u00fctzt und sichtbaren Zeichen der Hautalterung entgegenwirkt \u2013 f\u00fcr ein glattes, weiches und strahlendes Hautbild.\" \/>\n\t\t<script type=\"application\/ld+json\" class=\"aioseo-schema\">\n\t\t\t{\"@context\":\"https:\\\/\\\/schema.org\",\"@graph\":[{\"@type\":\"BreadcrumbList\",\"@id\":\"https:\\\/\\\/monatglobal.com\\\/de\\\/age-control-nectar\\\/#breadcrumblist\",\"itemListElement\":[{\"@type\":\"ListItem\",\"@id\":\"https:\\\/\\\/monatglobal.com\\\/de#listItem\",\"position\":1,\"name\":\"Home\",\"item\":\"https:\\\/\\\/monatglobal.com\\\/de\",\"nextItem\":{\"@type\":\"ListItem\",\"@id\":\"https:\\\/\\\/monatglobal.com\\\/de\\\/age-control-nectar\\\/#listItem\",\"name\":\"REWIND\\u2122 Anti-Aging-Nektar\"}},{\"@type\":\"ListItem\",\"@id\":\"https:\\\/\\\/monatglobal.com\\\/de\\\/age-control-nectar\\\/#listItem\",\"position\":2,\"name\":\"REWIND\\u2122 Anti-Aging-Nektar\",\"previousItem\":{\"@type\":\"ListItem\",\"@id\":\"https:\\\/\\\/monatglobal.com\\\/de#listItem\",\"name\":\"Home\"}}]},{\"@type\":\"Organization\",\"@id\":\"https:\\\/\\\/monatglobal.com\\\/de\\\/#organization\",\"name\":\"MONAT Germany\",\"description\":\"We Are Modern Nature\\u2122\",\"url\":\"https:\\\/\\\/monatglobal.com\\\/de\\\/\"},{\"@type\":\"WebPage\",\"@id\":\"https:\\\/\\\/monatglobal.com\\\/de\\\/age-control-nectar\\\/#webpage\",\"url\":\"https:\\\/\\\/monatglobal.com\\\/de\\\/age-control-nectar\\\/\",\"name\":\"Gesichtsreiniger I MONAT Gesichtspflege I Rewind\\u2122 Anti-Aging-Nektar\",\"description\":\"Ein wirkungsvolles, schnell einziehendes Serum, das die Hauterneuerung unterst\\u00fctzt und sichtbaren Zeichen der Hautalterung entgegenwirkt \\u2013 f\\u00fcr ein glattes, weiches und strahlendes Hautbild.\",\"inLanguage\":\"de-DE\",\"isPartOf\":{\"@id\":\"https:\\\/\\\/monatglobal.com\\\/de\\\/#website\"},\"breadcrumb\":{\"@id\":\"https:\\\/\\\/monatglobal.com\\\/de\\\/age-control-nectar\\\/#breadcrumblist\"},\"image\":{\"@type\":\"ImageObject\",\"url\":\"https:\\\/\\\/monatglobal.com\\\/de\\\/wp-content\\\/uploads\\\/sites\\\/22\\\/2026\\\/01\\\/rewind-nectar-500x438-150x150-1.png\",\"@id\":\"https:\\\/\\\/monatglobal.com\\\/de\\\/age-control-nectar\\\/#mainImage\",\"width\":150,\"height\":150},\"primaryImageOfPage\":{\"@id\":\"https:\\\/\\\/monatglobal.com\\\/de\\\/age-control-nectar\\\/#mainImage\"},\"datePublished\":\"2019-08-17T18:02:11+00:00\",\"dateModified\":\"2026-03-02T15:20:31+00:00\"},{\"@type\":\"WebSite\",\"@id\":\"https:\\\/\\\/monatglobal.com\\\/de\\\/#website\",\"url\":\"https:\\\/\\\/monatglobal.com\\\/de\\\/\",\"name\":\"MONAT Germany\",\"description\":\"We Are Modern Nature\\u2122\",\"inLanguage\":\"de-DE\",\"publisher\":{\"@id\":\"https:\\\/\\\/monatglobal.com\\\/de\\\/#organization\"}}]}\n\t\t<\/script>\n\t\t<!-- All in One SEO Pro -->\r\n\t\t<title>Gesichtsreiniger I MONAT Gesichtspflege I Rewind\u2122 Anti-Aging-Nektar<\/title>\n\n","aioseo_head_json":{"title":"Gesichtsreiniger I MONAT Gesichtspflege I Rewind\u2122 Anti-Aging-Nektar","description":"Ein wirkungsvolles, schnell einziehendes Serum, das die Hauterneuerung unterst\u00fctzt und sichtbaren Zeichen der Hautalterung entgegenwirkt \u2013 f\u00fcr ein glattes, weiches und strahlendes Hautbild.","canonical_url":"https:\/\/monatglobal.com\/de\/age-control-nectar\/","robots":"max-image-preview:large","keywords":"","webmasterTools":{"miscellaneous":""},"schema":{"@context":"https:\/\/schema.org","@graph":[{"@type":"BreadcrumbList","@id":"https:\/\/monatglobal.com\/de\/age-control-nectar\/#breadcrumblist","itemListElement":[{"@type":"ListItem","@id":"https:\/\/monatglobal.com\/de#listItem","position":1,"name":"Home","item":"https:\/\/monatglobal.com\/de","nextItem":{"@type":"ListItem","@id":"https:\/\/monatglobal.com\/de\/age-control-nectar\/#listItem","name":"REWIND\u2122 Anti-Aging-Nektar"}},{"@type":"ListItem","@id":"https:\/\/monatglobal.com\/de\/age-control-nectar\/#listItem","position":2,"name":"REWIND\u2122 Anti-Aging-Nektar","previousItem":{"@type":"ListItem","@id":"https:\/\/monatglobal.com\/de#listItem","name":"Home"}}]},{"@type":"Organization","@id":"https:\/\/monatglobal.com\/de\/#organization","name":"MONAT Germany","description":"We Are Modern Nature\u2122","url":"https:\/\/monatglobal.com\/de\/"},{"@type":"WebPage","@id":"https:\/\/monatglobal.com\/de\/age-control-nectar\/#webpage","url":"https:\/\/monatglobal.com\/de\/age-control-nectar\/","name":"Gesichtsreiniger I MONAT Gesichtspflege I Rewind\u2122 Anti-Aging-Nektar","description":"Ein wirkungsvolles, schnell einziehendes Serum, das die Hauterneuerung unterst\u00fctzt und sichtbaren Zeichen der Hautalterung entgegenwirkt \u2013 f\u00fcr ein glattes, weiches und strahlendes Hautbild.","inLanguage":"de-DE","isPartOf":{"@id":"https:\/\/monatglobal.com\/de\/#website"},"breadcrumb":{"@id":"https:\/\/monatglobal.com\/de\/age-control-nectar\/#breadcrumblist"},"image":{"@type":"ImageObject","url":"https:\/\/monatglobal.com\/de\/wp-content\/uploads\/sites\/22\/2026\/01\/rewind-nectar-500x438-150x150-1.png","@id":"https:\/\/monatglobal.com\/de\/age-control-nectar\/#mainImage","width":150,"height":150},"primaryImageOfPage":{"@id":"https:\/\/monatglobal.com\/de\/age-control-nectar\/#mainImage"},"datePublished":"2019-08-17T18:02:11+00:00","dateModified":"2026-03-02T15:20:31+00:00"},{"@type":"WebSite","@id":"https:\/\/monatglobal.com\/de\/#website","url":"https:\/\/monatglobal.com\/de\/","name":"MONAT Germany","description":"We Are Modern Nature\u2122","inLanguage":"de-DE","publisher":{"@id":"https:\/\/monatglobal.com\/de\/#organization"}}]},"og:locale":"de_DE","og:site_name":"MONAT Germany - We Are Modern Nature\u2122","og:type":"article","og:title":"Gesichtsreiniger I MONAT Gesichtspflege I Rewind\u2122 Anti-Aging-Nektar","og:description":"Ein wirkungsvolles, schnell einziehendes Serum, das die Hauterneuerung unterst\u00fctzt und sichtbaren Zeichen der Hautalterung entgegenwirkt \u2013 f\u00fcr ein glattes, weiches und strahlendes Hautbild.","og:url":"https:\/\/monatglobal.com\/de\/age-control-nectar\/","article:published_time":"2019-08-17T18:02:11+00:00","article:modified_time":"2026-03-02T15:20:31+00:00","twitter:card":"summary_large_image","twitter:title":"Gesichtsreiniger I MONAT Gesichtspflege I Rewind\u2122 Anti-Aging-Nektar","twitter:description":"Ein wirkungsvolles, schnell einziehendes Serum, das die Hauterneuerung unterst\u00fctzt und sichtbaren Zeichen der Hautalterung entgegenwirkt \u2013 f\u00fcr ein glattes, weiches und strahlendes Hautbild."},"aioseo_meta_data":{"post_id":"44437","title":"Gesichtsreiniger I MONAT Gesichtspflege I Rewind\u2122 Anti-Aging-Nektar","description":"Ein wirkungsvolles, schnell einziehendes Serum, das die Hauterneuerung unterst\u00fctzt und sichtbaren Zeichen der Hautalterung entgegenwirkt \u2013 f\u00fcr ein glattes, weiches und strahlendes Hautbild.","keywords":null,"keyphrases":{"focus":{"keyphrase":"","score":0,"analysis":{"keyphraseInTitle":{"score":0,"maxScore":9,"error":1}}},"additional":[]},"primary_term":null,"canonical_url":null,"og_title":null,"og_description":null,"og_object_type":"default","og_image_type":"default","og_image_url":null,"og_image_width":null,"og_image_height":null,"og_image_custom_url":null,"og_image_custom_fields":null,"og_video":"","og_custom_url":null,"og_article_section":null,"og_article_tags":null,"twitter_use_og":false,"twitter_card":"default","twitter_image_type":"default","twitter_image_url":null,"twitter_image_custom_url":null,"twitter_image_custom_fields":null,"twitter_title":null,"twitter_description":null,"schema":{"blockGraphs":[],"customGraphs":[],"default":{"data":{"Article":[],"Course":[],"Dataset":[],"FAQPage":[],"Movie":[],"Person":[],"Product":[],"ProductReview":[],"Car":[],"Recipe":[],"Service":[],"SoftwareApplication":[],"WebPage":[]},"graphName":"WebPage","isEnabled":true},"graphs":[]},"schema_type":"default","schema_type_options":null,"pillar_content":false,"robots_default":true,"robots_noindex":false,"robots_noarchive":false,"robots_nosnippet":false,"robots_nofollow":false,"robots_noimageindex":false,"robots_noodp":false,"robots_notranslate":false,"robots_max_snippet":"-1","robots_max_videopreview":"-1","robots_max_imagepreview":"large","priority":null,"frequency":"default","local_seo":null,"seo_analyzer_scan_date":null,"limit_modified_date":false,"reviewed_by":"0","ai":{"faqs":[],"keyPoints":[],"titles":[],"descriptions":[],"socialPosts":{"email":[],"linkedin":[],"twitter":[],"facebook":[],"instagram":[]}},"created":"2026-02-09 20:22:07","updated":"2026-03-02 16:18:57"},"aioseo_breadcrumb":"<div class=\"aioseo-breadcrumbs\"><span class=\"aioseo-breadcrumb\">\n\t<a href=\"https:\/\/monatglobal.com\/de\" title=\"Home\">Home<\/a>\n<\/span><span class=\"aioseo-breadcrumb-separator\">\u00bb<\/span><span class=\"aioseo-breadcrumb\">\n\tREWIND\u2122 Anti-Aging-Nektar\n<\/span><\/div>","aioseo_breadcrumb_json":[{"label":"Home","link":"https:\/\/monatglobal.com\/de"},{"label":"REWIND\u2122 Anti-Aging-Nektar","link":"https:\/\/monatglobal.com\/de\/age-control-nectar\/"}],"_links":{"self":[{"href":"https:\/\/monatglobal.com\/de\/wp-json\/wp\/v2\/pages\/44437","targetHints":{"allow":["GET"]}}],"collection":[{"href":"https:\/\/monatglobal.com\/de\/wp-json\/wp\/v2\/pages"}],"about":[{"href":"https:\/\/monatglobal.com\/de\/wp-json\/wp\/v2\/types\/page"}],"author":[{"embeddable":true,"href":"https:\/\/monatglobal.com\/de\/wp-json\/wp\/v2\/users\/31"}],"replies":[{"embeddable":true,"href":"https:\/\/monatglobal.com\/de\/wp-json\/wp\/v2\/comments?post=44437"}],"version-history":[{"count":20,"href":"https:\/\/monatglobal.com\/de\/wp-json\/wp\/v2\/pages\/44437\/revisions"}],"predecessor-version":[{"id":109361,"href":"https:\/\/monatglobal.com\/de\/wp-json\/wp\/v2\/pages\/44437\/revisions\/109361"}],"wp:featuredmedia":[{"embeddable":true,"href":"https:\/\/monatglobal.com\/de\/wp-json\/wp\/v2\/media\/109193"}],"wp:attachment":[{"href":"https:\/\/monatglobal.com\/de\/wp-json\/wp\/v2\/media?parent=44437"}],"wp:term":[{"taxonomy":"category","embeddable":true,"href":"https:\/\/monatglobal.com\/de\/wp-json\/wp\/v2\/categories?post=44437"},{"taxonomy":"post_tag","embeddable":true,"href":"https:\/\/monatglobal.com\/de\/wp-json\/wp\/v2\/tags?post=44437"}],"curies":[{"name":"wp","href":"https:\/\/api.w.org\/{rel}","templated":true}]}}