{"id":302,"date":"2025-01-08T16:49:42","date_gmt":"2025-01-08T16:49:42","guid":{"rendered":"https:\/\/monatglobal.com\/de\/?page_id=302"},"modified":"2026-02-06T15:53:46","modified_gmt":"2026-02-06T15:53:46","slug":"the-science-of-monat","status":"publish","type":"page","link":"https:\/\/monatglobal.com\/de\/the-science-of-monat\/","title":{"rendered":"Die Wissenschaft des Monats | MONAT Ingredients | MONAT GLOBAL"},"content":{"rendered":"\n\n        <h1>Die Wissenschaft<br \/> hinter MONAT<\/h1>\n        <h2>Die Inhaltsstoffe von MONAT sind nat\u00fcrlichen Ursprungs, sicher und rein. Doch inzwischen setzen auch andere Marken auf die Kraft botanischer \u00d6le &#8211; was unterschiedet MONAT&nbsp;also?<\/h2>\n        <p>Die Antwort liegt in unseren hochwertigen Formulierungen. Unsere Inhaltsstoffe nat\u00fcrlichen Ursprungs wirken gezielt zusammen, erg\u00e4nzen sich gegenseitig und k\u00f6nnen so ihre Eigenschaften noch besser entfalten. So hebt MONAT die nat\u00fcrliche Wirkung dieser Inhaltsstoffe auf ein neues Level. Hier erf\u00e4hrst Du mehr \u00fcber die Wissenschaft hinter&nbsp;MONAT.<\/p>\n              <p>REJUVENIQE S\u2122 \u00f6lintensiv<\/p>\n              <p>Eine Mischung aus 13+ nat\u00fcrlichen Pflanzen- und \u00e4therischen \u00d6len, reich an Omega-Fetts\u00e4uren, Antioxidantien und N\u00e4hrstoffen, die sehr gut mit Haut und Haar vertr\u00e4glich sind.<\/p>\n              <p>CAPIXYL\u2122<\/p>\n              <p>Ein einzigartiger aktiver Komplex, der hilft, das Haar zu st\u00e4rken und zu verdicken und gleichzeitig das nat\u00fcrliche Wachstum zu unterst\u00fctzen.<\/p>\n              <p>PROCATALINE\u2122<\/p>\n              <p>Diese Hightech-Mischung mit Erbsenextrakt unterst\u00fctzt das Erscheinungsbild gesunder, j\u00fcnger aussehender Haare, indem sie deine Haare vor Umwelteinfl\u00fcssen sch\u00fctzt.<\/p>\n              <p>CRODASORB\u2122<\/p>\n              <p>Ein starker Inhaltsstoff, der dazu beitr\u00e4gt, die nat\u00fcrliche Pigmentierung des Haares zu erhalten und die Str\u00e4hnen zu sch\u00fctzen und stark zu halten.<\/p>\n            <p>WIR SIND MONAT<\/p>\n            <h2>Der Qualit\u00e4t und Sicherheit verpflichtet<\/h2>\n            <p>Bei MONAT verwenden wir nur sichere und wirksame Inhaltsstoffe und Materialien, die das Beste aus Wissenschaft und Natur vereinen. Unsere Inhaltsstoffe auf nat\u00fcrlicher Basis sind f\u00fcr deine Sicherheit getestet und formuliert.<\/p>\n            <p>Ja! Wir verwenden nur sichere, klinisch getestete Inhaltsstoffe.<\/p>\n            <p>Alle MONAT-FORMULIERUNGEN werden von unabh\u00e4ngigen Labors klinisch auf ihre Sicherheit getestet, um sicherzustellen, dass sie keine Reizungen f\u00f6rdern. Wir formulieren unsere Produkte so, dass sie den h\u00f6chsten Standards in den USA, Kanada und Europa entsprechen.<\/p>\n            <p>Wenn es um die Sicherheit unserer Produkte geht, verpflichten wir uns unersch\u00fctterlich, nur Inhaltsstoffe zu verwenden, die von glaubw\u00fcrdigen Dritten wie dem Cosmetic Ingredient Review Expert Panel (CIR) in den USA und dem Scientific Committee of Consumer Safety (SCCS) in Europa als sicher f\u00fcr ihren Verwendungszweck eingestuft wurden.<\/p>\n            <p>Dar\u00fcber hinaus verwenden alle MONAT Formulierungen Inhaltsstoffe, die die FDA, Health Canada und die strengere Europ\u00e4ische Kommission als &#8222;sicher f\u00fcr ihren beabsichtigten kosmetischen Zweck&#8220; betrachten.<\/p>\n            <p>Ja!Wir verwenden sichere Farbstoffe.<\/p>\n            <p>Wir verwenden sichere Farbstoffe, die von der FDA, Health Canada und der Europ\u00e4ischen Kommission in der Europ\u00e4ischen Union zugelassen sind.<\/p>\n            <p>Ja! Wir verwenden sichere D\u00fcfte.<\/p>\n            <p>Wir verwenden nur D\u00fcfte mit Inhaltsstoffen, die vom Research Institute for Fragrance Materials (RIFM) und der International Fragrance Association (IFRA) als sicher eingestuft wurden.<\/p>\n            <p>Das RIFM und die IFRA sind die wissenschaftlichen Instanzen f\u00fcr die sichere Verwendung von Duftstoffen und Duftmaterialien in K\u00f6rperpflegeprodukten weltweit.<\/p>\n            <p>Ja! Wir sind vegan und tierfreundlich.<\/p>\n            <p>Wir verwenden keine Inhaltsstoffe, die von Tieren oder tierischen Nebenprodukten stammen. Wir f\u00fchren niemals Tierversuche durch.<\/p>\n            <p>Ja! Wir sind:<\/p>\n            <img decoding=\"async\" id=\"icon_promise\" src=\"https:\/\/monatglobal.com\/de\/wp-content\/uploads\/sites\/22\/2025\/01\/the-monat-promise.svg\" alt=\" vegan leaping bunny and gluten free icons\" loading=\"lazy\"\/>\n    <h2>Ja! <br \/>We Are Modern Nature\u2122<\/h2>\n\n","protected":false},"excerpt":{"rendered":"<p>Die Wissenschaft hinter MONAT Die Inhaltsstoffe von MONAT sind nat\u00fcrlichen Ursprungs, sicher und rein. Doch inzwischen setzen auch andere Marken auf die Kraft botanischer \u00d6le &#8211; was unterschiedet MONAT&nbsp;also? Die Antwort liegt in unseren hochwertigen Formulierungen. Unsere Inhaltsstoffe nat\u00fcrlichen Ursprungs wirken gezielt zusammen, erg\u00e4nzen sich gegenseitig und k\u00f6nnen so ihre Eigenschaften noch besser entfalten. So&hellip;<\/p>\n","protected":false},"author":33,"featured_media":600,"parent":0,"menu_order":0,"comment_status":"closed","ping_status":"closed","template":"","meta":{"inline_featured_image":false,"om_disable_all_campaigns":false,"footnotes":""},"categories":[],"tags":[],"class_list":["post-302","page","type-page","status-publish","has-post-thumbnail","hentry"],"aioseo_notices":[],"aioseo_head":"\n\t\t<!-- All in One SEO Pro 4.9.5.2 - aioseo.com -->\n\t<meta name=\"description\" content=\"Entdecken Sie die Wissenschaft hinter MONAT. Erfahren Sie mehr \u00fcber unsere Forschung, klinische Tests und innovativen Formeln f\u00fcr ges\u00fcnderes, sch\u00f6neres Haar.\" \/>\n\t<meta name=\"robots\" content=\"max-image-preview:large\" \/>\n\t<link rel=\"canonical\" href=\"https:\/\/monatglobal.com\/de\/the-science-of-monat\/\" \/>\n\t<meta name=\"generator\" content=\"All in One SEO Pro (AIOSEO) 4.9.5.2\" \/>\n\t\t<meta property=\"og:locale\" content=\"de_DE\" \/>\n\t\t<meta property=\"og:site_name\" content=\"MONAT Germany - We Are Modern Nature\u2122\" \/>\n\t\t<meta property=\"og:type\" content=\"article\" \/>\n\t\t<meta property=\"og:title\" content=\"Die Wissenschaft des Monats | MONAT Ingredients | MONAT GLOBAL\" \/>\n\t\t<meta property=\"og:description\" content=\"Entdecken Sie die Wissenschaft hinter MONAT. Erfahren Sie mehr \u00fcber unsere Forschung, klinische Tests und innovativen Formeln f\u00fcr ges\u00fcnderes, sch\u00f6neres Haar.\" \/>\n\t\t<meta property=\"og:url\" content=\"https:\/\/monatglobal.com\/de\/the-science-of-monat\/\" \/>\n\t\t<meta property=\"article:published_time\" content=\"2025-01-08T16:49:42+00:00\" \/>\n\t\t<meta property=\"article:modified_time\" content=\"2026-02-06T15:53:46+00:00\" \/>\n\t\t<meta name=\"twitter:card\" content=\"summary_large_image\" \/>\n\t\t<meta name=\"twitter:title\" content=\"Die Wissenschaft des Monats | MONAT Ingredients | MONAT GLOBAL\" \/>\n\t\t<meta name=\"twitter:description\" content=\"Entdecken Sie die Wissenschaft hinter MONAT. Erfahren Sie mehr \u00fcber unsere Forschung, klinische Tests und innovativen Formeln f\u00fcr ges\u00fcnderes, sch\u00f6neres Haar.\" \/>\n\t\t<script type=\"application\/ld+json\" class=\"aioseo-schema\">\n\t\t\t{\"@context\":\"https:\\\/\\\/schema.org\",\"@graph\":[{\"@type\":\"BreadcrumbList\",\"@id\":\"https:\\\/\\\/monatglobal.com\\\/de\\\/the-science-of-monat\\\/#breadcrumblist\",\"itemListElement\":[{\"@type\":\"ListItem\",\"@id\":\"https:\\\/\\\/monatglobal.com\\\/de#listItem\",\"position\":1,\"name\":\"Home\",\"item\":\"https:\\\/\\\/monatglobal.com\\\/de\",\"nextItem\":{\"@type\":\"ListItem\",\"@id\":\"https:\\\/\\\/monatglobal.com\\\/de\\\/the-science-of-monat\\\/#listItem\",\"name\":\"Die Wissenschaft des Monats | MONAT Ingredients | MONAT GLOBAL\"}},{\"@type\":\"ListItem\",\"@id\":\"https:\\\/\\\/monatglobal.com\\\/de\\\/the-science-of-monat\\\/#listItem\",\"position\":2,\"name\":\"Die Wissenschaft des Monats | MONAT Ingredients | MONAT GLOBAL\",\"previousItem\":{\"@type\":\"ListItem\",\"@id\":\"https:\\\/\\\/monatglobal.com\\\/de#listItem\",\"name\":\"Home\"}}]},{\"@type\":\"Organization\",\"@id\":\"https:\\\/\\\/monatglobal.com\\\/de\\\/#organization\",\"name\":\"MONAT Germany\",\"description\":\"We Are Modern Nature\\u2122\",\"url\":\"https:\\\/\\\/monatglobal.com\\\/de\\\/\"},{\"@type\":\"WebPage\",\"@id\":\"https:\\\/\\\/monatglobal.com\\\/de\\\/the-science-of-monat\\\/#webpage\",\"url\":\"https:\\\/\\\/monatglobal.com\\\/de\\\/the-science-of-monat\\\/\",\"name\":\"Die Wissenschaft des Monats | MONAT Ingredients | MONAT GLOBAL\",\"description\":\"Entdecken Sie die Wissenschaft hinter MONAT. Erfahren Sie mehr \\u00fcber unsere Forschung, klinische Tests und innovativen Formeln f\\u00fcr ges\\u00fcnderes, sch\\u00f6neres Haar.\",\"inLanguage\":\"de-DE\",\"isPartOf\":{\"@id\":\"https:\\\/\\\/monatglobal.com\\\/de\\\/#website\"},\"breadcrumb\":{\"@id\":\"https:\\\/\\\/monatglobal.com\\\/de\\\/the-science-of-monat\\\/#breadcrumblist\"},\"image\":{\"@type\":\"ImageObject\",\"url\":\"https:\\\/\\\/monatglobal.com\\\/de\\\/wp-content\\\/uploads\\\/sites\\\/22\\\/2025\\\/02\\\/science-of-monat-de.jpg\",\"@id\":\"https:\\\/\\\/monatglobal.com\\\/de\\\/the-science-of-monat\\\/#mainImage\",\"width\":1200,\"height\":628},\"primaryImageOfPage\":{\"@id\":\"https:\\\/\\\/monatglobal.com\\\/de\\\/the-science-of-monat\\\/#mainImage\"},\"datePublished\":\"2025-01-08T16:49:42+00:00\",\"dateModified\":\"2026-02-06T15:53:46+00:00\"},{\"@type\":\"WebSite\",\"@id\":\"https:\\\/\\\/monatglobal.com\\\/de\\\/#website\",\"url\":\"https:\\\/\\\/monatglobal.com\\\/de\\\/\",\"name\":\"MONAT Germany\",\"description\":\"We Are Modern Nature\\u2122\",\"inLanguage\":\"de-DE\",\"publisher\":{\"@id\":\"https:\\\/\\\/monatglobal.com\\\/de\\\/#organization\"}}]}\n\t\t<\/script>\n\t\t<!-- All in One SEO Pro -->\r\n\t\t<title>Die Wissenschaft des Monats | MONAT Ingredients | MONAT GLOBAL<\/title>\n\n","aioseo_head_json":{"title":"Die Wissenschaft des Monats | MONAT Ingredients | MONAT GLOBAL","description":"Entdecken Sie die Wissenschaft hinter MONAT. Erfahren Sie mehr \u00fcber unsere Forschung, klinische Tests und innovativen Formeln f\u00fcr ges\u00fcnderes, sch\u00f6neres Haar.","canonical_url":"https:\/\/monatglobal.com\/de\/the-science-of-monat\/","robots":"max-image-preview:large","keywords":"","webmasterTools":{"miscellaneous":""},"schema":{"@context":"https:\/\/schema.org","@graph":[{"@type":"BreadcrumbList","@id":"https:\/\/monatglobal.com\/de\/the-science-of-monat\/#breadcrumblist","itemListElement":[{"@type":"ListItem","@id":"https:\/\/monatglobal.com\/de#listItem","position":1,"name":"Home","item":"https:\/\/monatglobal.com\/de","nextItem":{"@type":"ListItem","@id":"https:\/\/monatglobal.com\/de\/the-science-of-monat\/#listItem","name":"Die Wissenschaft des Monats | MONAT Ingredients | MONAT GLOBAL"}},{"@type":"ListItem","@id":"https:\/\/monatglobal.com\/de\/the-science-of-monat\/#listItem","position":2,"name":"Die Wissenschaft des Monats | MONAT Ingredients | MONAT GLOBAL","previousItem":{"@type":"ListItem","@id":"https:\/\/monatglobal.com\/de#listItem","name":"Home"}}]},{"@type":"Organization","@id":"https:\/\/monatglobal.com\/de\/#organization","name":"MONAT Germany","description":"We Are Modern Nature\u2122","url":"https:\/\/monatglobal.com\/de\/"},{"@type":"WebPage","@id":"https:\/\/monatglobal.com\/de\/the-science-of-monat\/#webpage","url":"https:\/\/monatglobal.com\/de\/the-science-of-monat\/","name":"Die Wissenschaft des Monats | MONAT Ingredients | MONAT GLOBAL","description":"Entdecken Sie die Wissenschaft hinter MONAT. Erfahren Sie mehr \u00fcber unsere Forschung, klinische Tests und innovativen Formeln f\u00fcr ges\u00fcnderes, sch\u00f6neres Haar.","inLanguage":"de-DE","isPartOf":{"@id":"https:\/\/monatglobal.com\/de\/#website"},"breadcrumb":{"@id":"https:\/\/monatglobal.com\/de\/the-science-of-monat\/#breadcrumblist"},"image":{"@type":"ImageObject","url":"https:\/\/monatglobal.com\/de\/wp-content\/uploads\/sites\/22\/2025\/02\/science-of-monat-de.jpg","@id":"https:\/\/monatglobal.com\/de\/the-science-of-monat\/#mainImage","width":1200,"height":628},"primaryImageOfPage":{"@id":"https:\/\/monatglobal.com\/de\/the-science-of-monat\/#mainImage"},"datePublished":"2025-01-08T16:49:42+00:00","dateModified":"2026-02-06T15:53:46+00:00"},{"@type":"WebSite","@id":"https:\/\/monatglobal.com\/de\/#website","url":"https:\/\/monatglobal.com\/de\/","name":"MONAT Germany","description":"We Are Modern Nature\u2122","inLanguage":"de-DE","publisher":{"@id":"https:\/\/monatglobal.com\/de\/#organization"}}]},"og:locale":"de_DE","og:site_name":"MONAT Germany - We Are Modern Nature\u2122","og:type":"article","og:title":"Die Wissenschaft des Monats | MONAT Ingredients | MONAT GLOBAL","og:description":"Entdecken Sie die Wissenschaft hinter MONAT. Erfahren Sie mehr \u00fcber unsere Forschung, klinische Tests und innovativen Formeln f\u00fcr ges\u00fcnderes, sch\u00f6neres Haar.","og:url":"https:\/\/monatglobal.com\/de\/the-science-of-monat\/","article:published_time":"2025-01-08T16:49:42+00:00","article:modified_time":"2026-02-06T15:53:46+00:00","twitter:card":"summary_large_image","twitter:title":"Die Wissenschaft des Monats | MONAT Ingredients | MONAT GLOBAL","twitter:description":"Entdecken Sie die Wissenschaft hinter MONAT. Erfahren Sie mehr \u00fcber unsere Forschung, klinische Tests und innovativen Formeln f\u00fcr ges\u00fcnderes, sch\u00f6neres Haar."},"aioseo_meta_data":{"post_id":"302","title":"Die Wissenschaft des Monats | MONAT Ingredients | MONAT GLOBAL","description":"Entdecken Sie die Wissenschaft hinter MONAT. Erfahren Sie mehr \u00fcber unsere Forschung, klinische Tests und innovativen Formeln f\u00fcr ges\u00fcnderes, sch\u00f6neres Haar.","keywords":null,"keyphrases":{"focus":{"keyphrase":"","score":0,"analysis":{"keyphraseInTitle":{"score":0,"maxScore":9,"error":1}}},"additional":[]},"primary_term":null,"canonical_url":null,"og_title":null,"og_description":null,"og_object_type":"default","og_image_type":"default","og_image_url":null,"og_image_width":null,"og_image_height":null,"og_image_custom_url":null,"og_image_custom_fields":null,"og_video":"","og_custom_url":null,"og_article_section":null,"og_article_tags":null,"twitter_use_og":false,"twitter_card":"default","twitter_image_type":"default","twitter_image_url":null,"twitter_image_custom_url":null,"twitter_image_custom_fields":null,"twitter_title":null,"twitter_description":null,"schema":{"blockGraphs":[],"customGraphs":[],"default":{"data":{"Article":[],"Course":[],"Dataset":[],"FAQPage":[],"Movie":[],"Person":[],"Product":[],"ProductReview":[],"Car":[],"Recipe":[],"Service":[],"SoftwareApplication":[],"WebPage":[]},"graphName":"WebPage","isEnabled":true},"graphs":[]},"schema_type":"default","schema_type_options":null,"pillar_content":false,"robots_default":true,"robots_noindex":false,"robots_noarchive":false,"robots_nosnippet":false,"robots_nofollow":false,"robots_noimageindex":false,"robots_noodp":false,"robots_notranslate":false,"robots_max_snippet":"-1","robots_max_videopreview":"-1","robots_max_imagepreview":"large","priority":null,"frequency":"default","local_seo":null,"seo_analyzer_scan_date":null,"limit_modified_date":false,"reviewed_by":"0","ai":{"faqs":[],"keyPoints":[],"titles":[],"descriptions":[],"socialPosts":{"email":[],"linkedin":[],"twitter":[],"facebook":[],"instagram":[]}},"created":"2025-01-08 16:49:44","updated":"2026-02-10 05:11:19"},"aioseo_breadcrumb":"<div class=\"aioseo-breadcrumbs\"><span class=\"aioseo-breadcrumb\">\n\t<a href=\"https:\/\/monatglobal.com\/de\" title=\"Home\">Home<\/a>\n<\/span><span class=\"aioseo-breadcrumb-separator\">\u00bb<\/span><span class=\"aioseo-breadcrumb\">\n\tDie Wissenschaft des Monats | MONAT Ingredients | MONAT GLOBAL\n<\/span><\/div>","aioseo_breadcrumb_json":[{"label":"Home","link":"https:\/\/monatglobal.com\/de"},{"label":"Die Wissenschaft des Monats | MONAT Ingredients | MONAT GLOBAL","link":"https:\/\/monatglobal.com\/de\/the-science-of-monat\/"}],"_links":{"self":[{"href":"https:\/\/monatglobal.com\/de\/wp-json\/wp\/v2\/pages\/302","targetHints":{"allow":["GET"]}}],"collection":[{"href":"https:\/\/monatglobal.com\/de\/wp-json\/wp\/v2\/pages"}],"about":[{"href":"https:\/\/monatglobal.com\/de\/wp-json\/wp\/v2\/types\/page"}],"author":[{"embeddable":true,"href":"https:\/\/monatglobal.com\/de\/wp-json\/wp\/v2\/users\/33"}],"replies":[{"embeddable":true,"href":"https:\/\/monatglobal.com\/de\/wp-json\/wp\/v2\/comments?post=302"}],"version-history":[{"count":13,"href":"https:\/\/monatglobal.com\/de\/wp-json\/wp\/v2\/pages\/302\/revisions"}],"predecessor-version":[{"id":109250,"href":"https:\/\/monatglobal.com\/de\/wp-json\/wp\/v2\/pages\/302\/revisions\/109250"}],"wp:featuredmedia":[{"embeddable":true,"href":"https:\/\/monatglobal.com\/de\/wp-json\/wp\/v2\/media\/600"}],"wp:attachment":[{"href":"https:\/\/monatglobal.com\/de\/wp-json\/wp\/v2\/media?parent=302"}],"wp:term":[{"taxonomy":"category","embeddable":true,"href":"https:\/\/monatglobal.com\/de\/wp-json\/wp\/v2\/categories?post=302"},{"taxonomy":"post_tag","embeddable":true,"href":"https:\/\/monatglobal.com\/de\/wp-json\/wp\/v2\/tags?post=302"}],"curies":[{"name":"wp","href":"https:\/\/api.w.org\/{rel}","templated":true}]}}