{"id":174,"date":"2024-12-27T20:32:01","date_gmt":"2024-12-27T20:32:01","guid":{"rendered":"https:\/\/monatglobal.com\/de\/?page_id=174"},"modified":"2025-01-27T15:49:22","modified_gmt":"2025-01-27T15:49:22","slug":"cookies-policy","status":"publish","type":"page","link":"https:\/\/monatglobal.com\/de\/cookies-policy\/","title":{"rendered":"<a href=\"https:\/\/monatglobal.com\/de\/cookies-policy\/\">Cookie-Richtlinie<\/a>"},"content":{"rendered":"\n<img loading=\"lazy\" decoding=\"async\" src=\"https:\/\/monatglobal.com\/de\/wp-content\/uploads\/sites\/22\/2024\/12\/MONAT-Logos-grey.png\" alt=\"MONAT-Logos-grey\" itemprop=\"image\" height=\"231\" width=\"287\" title=\"MONAT-Logos-grey\" onerror=\"this.style.display='none'\">\n\t<p>Cookie-Richtlinie von MONAT Global&nbsp;Germany<\/p>\n<br>\n<p>Bitte beachten Sie, dass diese Cookie-Richtlinie nur f\u00fcr die Website von MONAT Global Germany oder die mobilen Apps von MONAT (\u201eWebsites&#8220;) gilt, die einen Link zu dieser Richtlinie&nbsp;enthalten.<\/p>\n<br>\n<br>\n<p>INHALTSVERZEICHNIS<\/p>\n\n    1. <a href=\"\/de?page_id=174#1\">WAS SIND COOKIES?<\/a><br>\n    2. <a href=\"\/de?page_id=174#2\">WIE WERDEN COOKIES AUF DIESER WEBSITE VERWENDET UND WELCHE INFORMATIONEN WERDEN GESAMMELT?<\/a><br>\n    3. <a href=\"\/de?page_id=174#3\">WIE DEAKTIVIERE UND AKTIVIERE ICH COOKIES?<\/a><br>\n\n<br>\n<br>\n<p>H\u00e4ufig gestellte Fragen (FAQ)<\/p>\nWAS SIND COOKIES?\nEin Cookie ist eine reine Textzeichenfolge von Informationen, die eine Website in die Cookie-Datei des Browsers auf der Festplatte Ihres Computers \u00fcbertr\u00e4gt, damit sich die Website daran erinnern kann, wer Sie sind. Cookies k\u00f6nnen einer Website helfen, Inhalte schneller an Ihre bevorzugten Interessen anzupassen. Einige Cookies k\u00f6nnen es uns erm\u00f6glichen, Benutzersitzungen auf unseren Websites neu zu erstellen und wiederzugeben. Die meisten gro\u00dfen Websites verwenden&nbsp;Cookies.\n<br>\n<br>\nEin Cookie enth\u00e4lt in der Regel den Namen der Domain, von der das Cookie stammt; die &#8222;Lebensdauer&#8220; des Cookies; und einen Wert, in der Regel eine zuf\u00e4llig generierte eindeutige&nbsp;Nummer.\n<br>\n<br>\nEinige Cookies sind f\u00fcr Ihre Nutzung der Websites oder f\u00fcr die Erbringung von Dienstleistungen, die Sie abonniert haben oder die Ihnen von uns in Anwendung der von Ihnen abonnierten Vertr\u00e4ge zur Verf\u00fcgung gestellt werden, unerl\u00e4sslich. In diesem Fall werden sie systematisch auf Ihrem Endger\u00e4t&nbsp;gespeichert.\n<br>\n<br>\nAndere Cookies werden verwendet, um Ihnen ein gutes Erlebnis zu bieten, wenn Sie unsere Website besuchen, und helfen uns auch, die Website zu verbessern, beispielsweise um den Inhalt oder die verf\u00fcgbaren Funktionen, die auf den Websites angezeigt werden, zu optimieren und zu&nbsp;personalisieren.\n<br>\n<br>\nMONAT verwendet auf unseren Websites zwei Kategorien von&nbsp;Cookies: \n<ul>\n    <li>Session-Cookies, bei denen es sich um tempor\u00e4re Cookies handelt, die in der Cookie-Datei Ihres Browsers verbleiben, bis Sie die Website verlassen. Diese werden f\u00fcr folgende Zwecke&nbsp;verwendet:<\/li>\n        <\/ul><ul>\n            <li>um es Ihnen zu erm\u00f6glichen, Informationen \u00fcber Seiten unserer Website hinweg zu \u00fcbertragen und zu vermeiden, dass Sie Informationen erneut eingeben m\u00fcssen;&nbsp;und<\/li>\n            <li>innerhalb der Registrierung, damit Sie auf gespeicherte Informationen zugreifen k\u00f6nnen;<\/li>\n        <\/ul>\n\n    <p>und<\/p>\n<ul>\n    <li>Persistente Cookies, die viel l\u00e4nger in der Cookie-Datei Ihres Browsers verbleiben (wobei die Dauer von der Lebensdauer des jeweiligen Cookies abh\u00e4ngt). Diese werden f\u00fcr folgende Zwecke&nbsp;verwendet:<\/li>\n        <\/ul><ul>\n            <li>um uns zu helfen, Sie als eindeutigen Besucher (unter Verwendung einer Nummer) zu erkennen, wenn Sie auf unsere Website&nbsp;zur\u00fcckkehren;<\/li>\n            <li>um es uns zu erm\u00f6glichen, Inhalte oder Anzeigen auf Ihre bevorzugten Interessen abzustimmen oder um zu vermeiden, dass Ihnen wiederholt dieselben Anzeigen gezeigt&nbsp;werden;<\/li>\n            <li>um aggregierte Statistiken zu erstellen, die es uns erm\u00f6glichen zu verstehen, wie Nutzer unsere Website nutzen, und uns helfen, die Struktur unserer Website zu&nbsp;verbessern;<\/li>\n            <li>um Probleme mit der Benutzererfahrung zu identifizieren und zu l\u00f6sen und den Betrieb der Website zu verbessern; und um Anfragen von Mitgliedern zu kl\u00e4ren und die Einhaltung unserer Mitgliedsregeln zu&nbsp;gew\u00e4hrleisten.<\/li>\n        <\/ul>\n\n<br>\nWIE WERDEN COOKIES AUF DIESER WEBSITE VERWENDET UND WELCHE INFORMATIONEN WERDEN&nbsp;GESAMMELT?\n<p>Wir verwenden die folgenden Arten von Cookies<\/p>\n<br>\n<p>Unbedingt notwendige Cookies<\/p>\n<p>Dies sind Cookies, die f\u00fcr den Betrieb der Website von MONAT und zu deren Bedingungen erforderlich sind. Dazu geh\u00f6ren beispielsweise Cookies, die es den Nutzern erm\u00f6glichen, sich (zuk\u00fcnftig) in sichere Bereiche der Website einzuloggen, einen Warenkorb zu nutzen, ggf. Suchanfragen f\u00fcr kurze Zeit zu speichern oder E-Rechnungsdienste in Anspruch zu&nbsp;nehmen.<\/p>\n<br>\n<p>Analytische\/Performance-Cookies<\/p>\n<p>Diese Cookies erm\u00f6glichen es MONAT, die Anzahl der Besucher zu erkennen und zu z\u00e4hlen und zu sehen, wie sich die Besucher auf ihrer Website bewegen, wenn sie sie nutzen. Sie k\u00f6nnen MONAT auch dabei helfen, die Websites zu&nbsp;verbessern.<\/p> \n<br>\n<p>Funktionalit\u00e4ts-Cookies<\/p> \n<p>Diese k\u00f6nnen verwendet werden, um Benutzer zu erkennen, die auf die Website zur\u00fcckkehren. Dies w\u00fcrde es MONAT erm\u00f6glichen (abh\u00e4ngig von den Entscheidungen und Pr\u00e4ferenzen der Benutzer), seine Inhalte zu personalisieren, Benutzer mit Namen zu begr\u00fc\u00dfen und sich an ihre Pr\u00e4ferenzen zu erinnern (z. B. die Wahl der Sprache oder Region durch die&nbsp;Benutzer).<\/p>\n<br>\n<p>Targeting-\/Werbe-Cookies<\/p> \n<p>Diese Cookies zeichnen die Besuche der Nutzer auf der Plattform, die von ihnen besuchten Seiten und die Links auf, denen sie folgen. MONAT kann diese Informationen (vorbehaltlich der Entscheidungen und Pr\u00e4ferenzen der Benutzer) verwenden, um seine Plattform f\u00fcr Benutzer relevanter zu machen und m\u00f6glicherweise Daten mit Drittpartnern zu&nbsp;teilen.<\/p>\n<br>\n<br>\nWIE DEAKTIVIERE UND AKTIVIERE ICH COOKIES?\nSie haben die M\u00f6glichkeit, Cookies zu akzeptieren oder abzulehnen, indem Sie die Einstellungen in Ihrem Browser \u00e4ndern. M\u00f6glicherweise k\u00f6nnen Sie jedoch nicht alle interaktiven Funktionen unserer Websites nutzen, wenn Cookies deaktiviert sind.\n<br><br>\nWenn Sie benachrichtigt werden m\u00f6chten, bevor ein Cookie auf Ihrer Festplatte akzeptiert wird, wird in Ihrem Browser das folgende Bild angezeigt. Bitte klicken Sie auf dieses Bild, um die Cookie-Einstellungen zu verwalten, sobald sie akzeptiert oder abgelehnt wurden. Sobald das Bild angeklickt wurde, wird das Popup-Fenster unten angezeigt, das es einem Benutzer erm\u00f6glicht, Cookies zu&nbsp;verwalten.\n<br><br>\n<img decoding=\"async\" src=\"https:\/\/monatglobal.com\/wp-content\/uploads\/2024\/12\/cookies-image-ger.png\">\n<br><br>\n<ul>\n    <li> <a href=\"https:\/\/support.microsoft.com\/en-us\/windows\/delete-and-manage-cookies-168dab11-0753-043d-7c16-ede5947fc64d\" target=\"_blank\" rel=\"noopener\">Cookie-Einstellungen im Internet Explorer<\/a><\/li>     \n    <li> <a href=\"https:\/\/support.mozilla.org\/en-US\/products\/firefox\/protect-your-privacy\/cookies\" target=\"_blank\" rel=\"noopener\">Cookie-Einstellungen in Firefox<\/a><\/li>     \n    <li> <a href=\"https:\/\/support.google.com\/chrome\/answer\/95647?hl=en&amp;co=GENIE.Platform%3DAndroid\" target=\"_blank\" rel=\"noopener\">Cookie-Einstellungen in Chrome<\/a><\/li>   \n    <li>\n        Cookie-Einstellungen in Safari f\u00fcr Mac und IOS:  \n        <ul>\n           <li><a href=\"https:\/\/support.apple.com\/guide\/safari\/manage-cookies-sfri11471\/mac\" target=\"_blank\" rel=\"noopener\">Mac<\/a><\/li>\n           <li><a href=\"https:\/\/support.apple.com\/en-us\/HT201265\" target=\"_blank\" rel=\"noopener\">IOS<\/a><\/li>\n        <\/ul>\n    <\/li>\n<\/ul>\n<br> \nCookies l\u00f6schen \n<p>Sie k\u00f6nnen alle Cookies, die im Cookie-Ordner Ihres Browsers installiert wurden, einfach l\u00f6schen. Wenn Sie beispielsweise den Microsoft Windows Explorer verwenden:<\/p>\n<ul>\n    <li>\u00d6ffnen Sie &#8218;Windows Explorer&#8216;<\/li>\n    <li>Klicken Sie in der Symbolleiste auf die Schaltfl\u00e4che \u201eSuchen&#8220;<\/li>\n    <li>Geben Sie &#8222;Cookies&#8220; in das Suchfeld f\u00fcr &#8222;Ordner und Dateien&#8220; ein<\/li>\n    <li>W\u00e4hlen Sie &#8222;Arbeitsplatz&#8220; im Feld &#8222;Look In&#8220;<\/li>\n    <li>Klicke auf \u201eJetzt suchen&#8220;<\/li>\n    <li>Doppelklicken Sie auf die gefundenen Ordner<\/li>\n    <li>&#8218;W\u00e4hlen&#8216; Sie eine beliebige Cookie-Datei aus<\/li>\n    <li>Dr\u00fccken Sie die Schaltfl\u00e4che \u201eL\u00f6schen&#8220; auf Ihrer Tastatur<\/li> \n<\/ul>\n<br>\n<p>Wenn Sie den Microsoft Windows Explorer nicht verwenden, sollten Sie in der &#8222;Hilfe&#8220; -Funktion &#8222;Cookies&#8220; ausw\u00e4hlen, um Informationen dar\u00fcber zu erhalten, wo Sie Ihren Cookie-Ordner&nbsp;finden.<\/p>\n<br>\nKann MONAT diese Richtlinie \u00e4ndern?\n<p>Datenschutzgesetze, Richtlinien und Rechtsprechung \u00e4ndern sich st\u00e4ndig. MONAT beh\u00e4lt sich daher das Recht vor, diese Richtlinie von Zeit zu Zeit zu \u00e4ndern. Wir empfehlen Ihnen, unsere Website regelm\u00e4\u00dfig zu besuchen, um sich \u00fcber die neueste Version unserer Richtlinie zu&nbsp;informieren.<\/p>\n<p>Letzte Aktualisierung: 08. November 2024<\/p>\n","protected":false},"excerpt":{"rendered":"<p>Cookie-Richtlinie von MONAT Global&nbsp;Germany Bitte beachten Sie, dass diese Cookie-Richtlinie nur f\u00fcr die Website von MONAT Global Germany oder die mobilen Apps von MONAT (\u201eWebsites&#8220;) gilt, die einen Link zu dieser Richtlinie&nbsp;enthalten. INHALTSVERZEICHNIS 1. WAS SIND COOKIES? 2. WIE WERDEN COOKIES AUF DIESER WEBSITE VERWENDET UND WELCHE INFORMATIONEN WERDEN GESAMMELT? 3. WIE DEAKTIVIERE UND AKTIVIERE&hellip;<\/p>\n","protected":false},"author":33,"featured_media":114,"parent":0,"menu_order":0,"comment_status":"closed","ping_status":"closed","template":"","meta":{"inline_featured_image":false,"om_disable_all_campaigns":false,"footnotes":""},"categories":[],"tags":[],"class_list":["post-174","page","type-page","status-publish","has-post-thumbnail","hentry"],"aioseo_notices":[],"aioseo_head":"\n\t\t<!-- All in One SEO Pro 4.9.5.2 - aioseo.com -->\n\t<meta name=\"description\" content=\"Cookie-Richtlinie von MONAT Global Germany Bitte beachten Sie, dass diese Cookie-Richtlinie nur f\u00fcr die Website von MONAT Global Germany oder die mobilen Apps von MONAT (\u201eWebsites&quot;) gilt, die einen Link zu dieser Richtlinie enthalten. INHALTSVERZEICHNIS 1. WAS SIND COOKIES? 2. WIE WERDEN COOKIES AUF DIESER WEBSITE VERWENDET UND WELCHE INFORMATIONEN WERDEN GESAMMELT? 3. WIE DEAKTIVIERE UND AKTIVIERE\" \/>\n\t<meta name=\"robots\" content=\"max-image-preview:large\" \/>\n\t<link rel=\"canonical\" href=\"https:\/\/monatglobal.com\/de\/cookies-policy\/\" \/>\n\t<meta name=\"generator\" content=\"All in One SEO Pro (AIOSEO) 4.9.5.2\" \/>\n\t\t<meta property=\"og:locale\" content=\"de_DE\" \/>\n\t\t<meta property=\"og:site_name\" content=\"MONAT Germany - We Are Modern Nature\u2122\" \/>\n\t\t<meta property=\"og:type\" content=\"article\" \/>\n\t\t<meta property=\"og:title\" content=\"Cookie-Richtlinie - MONAT Germany\" \/>\n\t\t<meta property=\"og:description\" content=\"Cookie-Richtlinie von MONAT Global Germany Bitte beachten Sie, dass diese Cookie-Richtlinie nur f\u00fcr die Website von MONAT Global Germany oder die mobilen Apps von MONAT (\u201eWebsites&quot;) gilt, die einen Link zu dieser Richtlinie enthalten. INHALTSVERZEICHNIS 1. WAS SIND COOKIES? 2. WIE WERDEN COOKIES AUF DIESER WEBSITE VERWENDET UND WELCHE INFORMATIONEN WERDEN GESAMMELT? 3. WIE DEAKTIVIERE UND AKTIVIERE\" \/>\n\t\t<meta property=\"og:url\" content=\"https:\/\/monatglobal.com\/de\/cookies-policy\/\" \/>\n\t\t<meta property=\"article:published_time\" content=\"2024-12-27T20:32:01+00:00\" \/>\n\t\t<meta property=\"article:modified_time\" content=\"2025-01-27T15:49:22+00:00\" \/>\n\t\t<meta name=\"twitter:card\" content=\"summary_large_image\" \/>\n\t\t<meta name=\"twitter:title\" content=\"Cookie-Richtlinie - MONAT Germany\" \/>\n\t\t<meta name=\"twitter:description\" content=\"Cookie-Richtlinie von MONAT Global Germany Bitte beachten Sie, dass diese Cookie-Richtlinie nur f\u00fcr die Website von MONAT Global Germany oder die mobilen Apps von MONAT (\u201eWebsites&quot;) gilt, die einen Link zu dieser Richtlinie enthalten. INHALTSVERZEICHNIS 1. WAS SIND COOKIES? 2. WIE WERDEN COOKIES AUF DIESER WEBSITE VERWENDET UND WELCHE INFORMATIONEN WERDEN GESAMMELT? 3. WIE DEAKTIVIERE UND AKTIVIERE\" \/>\n\t\t<script type=\"application\/ld+json\" class=\"aioseo-schema\">\n\t\t\t{\"@context\":\"https:\\\/\\\/schema.org\",\"@graph\":[{\"@type\":\"BreadcrumbList\",\"@id\":\"https:\\\/\\\/monatglobal.com\\\/de\\\/cookies-policy\\\/#breadcrumblist\",\"itemListElement\":[{\"@type\":\"ListItem\",\"@id\":\"https:\\\/\\\/monatglobal.com\\\/de#listItem\",\"position\":1,\"name\":\"Home\",\"item\":\"https:\\\/\\\/monatglobal.com\\\/de\",\"nextItem\":{\"@type\":\"ListItem\",\"@id\":\"https:\\\/\\\/monatglobal.com\\\/de\\\/cookies-policy\\\/#listItem\",\"name\":\"Cookie-Richtlinie\"}},{\"@type\":\"ListItem\",\"@id\":\"https:\\\/\\\/monatglobal.com\\\/de\\\/cookies-policy\\\/#listItem\",\"position\":2,\"name\":\"Cookie-Richtlinie\",\"previousItem\":{\"@type\":\"ListItem\",\"@id\":\"https:\\\/\\\/monatglobal.com\\\/de#listItem\",\"name\":\"Home\"}}]},{\"@type\":\"Organization\",\"@id\":\"https:\\\/\\\/monatglobal.com\\\/de\\\/#organization\",\"name\":\"MONAT Germany\",\"description\":\"We Are Modern Nature\\u2122\",\"url\":\"https:\\\/\\\/monatglobal.com\\\/de\\\/\"},{\"@type\":\"WebPage\",\"@id\":\"https:\\\/\\\/monatglobal.com\\\/de\\\/cookies-policy\\\/#webpage\",\"url\":\"https:\\\/\\\/monatglobal.com\\\/de\\\/cookies-policy\\\/\",\"name\":\"Cookie-Richtlinie - MONAT Germany\",\"description\":\"Cookie-Richtlinie von MONAT Global Germany Bitte beachten Sie, dass diese Cookie-Richtlinie nur f\\u00fcr die Website von MONAT Global Germany oder die mobilen Apps von MONAT (\\u201eWebsites\\\") gilt, die einen Link zu dieser Richtlinie enthalten. INHALTSVERZEICHNIS 1. WAS SIND COOKIES? 2. WIE WERDEN COOKIES AUF DIESER WEBSITE VERWENDET UND WELCHE INFORMATIONEN WERDEN GESAMMELT? 3. WIE DEAKTIVIERE UND AKTIVIERE\",\"inLanguage\":\"de-DE\",\"isPartOf\":{\"@id\":\"https:\\\/\\\/monatglobal.com\\\/de\\\/#website\"},\"breadcrumb\":{\"@id\":\"https:\\\/\\\/monatglobal.com\\\/de\\\/cookies-policy\\\/#breadcrumblist\"},\"image\":{\"@type\":\"ImageObject\",\"url\":\"https:\\\/\\\/monatglobal.com\\\/de\\\/wp-content\\\/uploads\\\/sites\\\/22\\\/2024\\\/12\\\/MONAT-Logos-grey.png\",\"@id\":\"https:\\\/\\\/monatglobal.com\\\/de\\\/cookies-policy\\\/#mainImage\",\"width\":287,\"height\":231},\"primaryImageOfPage\":{\"@id\":\"https:\\\/\\\/monatglobal.com\\\/de\\\/cookies-policy\\\/#mainImage\"},\"datePublished\":\"2024-12-27T20:32:01+00:00\",\"dateModified\":\"2025-01-27T15:49:22+00:00\"},{\"@type\":\"WebSite\",\"@id\":\"https:\\\/\\\/monatglobal.com\\\/de\\\/#website\",\"url\":\"https:\\\/\\\/monatglobal.com\\\/de\\\/\",\"name\":\"MONAT Germany\",\"description\":\"We Are Modern Nature\\u2122\",\"inLanguage\":\"de-DE\",\"publisher\":{\"@id\":\"https:\\\/\\\/monatglobal.com\\\/de\\\/#organization\"}}]}\n\t\t<\/script>\n\t\t<!-- All in One SEO Pro -->\r\n\t\t<title>Cookie-Richtlinie - MONAT Germany<\/title>\n\n","aioseo_head_json":{"title":"Cookie-Richtlinie - MONAT Germany","description":"Cookie-Richtlinie von MONAT Global Germany Bitte beachten Sie, dass diese Cookie-Richtlinie nur f\u00fcr die Website von MONAT Global Germany oder die mobilen Apps von MONAT (\u201eWebsites\") gilt, die einen Link zu dieser Richtlinie enthalten. INHALTSVERZEICHNIS 1. WAS SIND COOKIES? 2. WIE WERDEN COOKIES AUF DIESER WEBSITE VERWENDET UND WELCHE INFORMATIONEN WERDEN GESAMMELT? 3. WIE DEAKTIVIERE UND AKTIVIERE","canonical_url":"https:\/\/monatglobal.com\/de\/cookies-policy\/","robots":"max-image-preview:large","keywords":"","webmasterTools":{"miscellaneous":""},"schema":{"@context":"https:\/\/schema.org","@graph":[{"@type":"BreadcrumbList","@id":"https:\/\/monatglobal.com\/de\/cookies-policy\/#breadcrumblist","itemListElement":[{"@type":"ListItem","@id":"https:\/\/monatglobal.com\/de#listItem","position":1,"name":"Home","item":"https:\/\/monatglobal.com\/de","nextItem":{"@type":"ListItem","@id":"https:\/\/monatglobal.com\/de\/cookies-policy\/#listItem","name":"Cookie-Richtlinie"}},{"@type":"ListItem","@id":"https:\/\/monatglobal.com\/de\/cookies-policy\/#listItem","position":2,"name":"Cookie-Richtlinie","previousItem":{"@type":"ListItem","@id":"https:\/\/monatglobal.com\/de#listItem","name":"Home"}}]},{"@type":"Organization","@id":"https:\/\/monatglobal.com\/de\/#organization","name":"MONAT Germany","description":"We Are Modern Nature\u2122","url":"https:\/\/monatglobal.com\/de\/"},{"@type":"WebPage","@id":"https:\/\/monatglobal.com\/de\/cookies-policy\/#webpage","url":"https:\/\/monatglobal.com\/de\/cookies-policy\/","name":"Cookie-Richtlinie - MONAT Germany","description":"Cookie-Richtlinie von MONAT Global Germany Bitte beachten Sie, dass diese Cookie-Richtlinie nur f\u00fcr die Website von MONAT Global Germany oder die mobilen Apps von MONAT (\u201eWebsites\") gilt, die einen Link zu dieser Richtlinie enthalten. INHALTSVERZEICHNIS 1. WAS SIND COOKIES? 2. WIE WERDEN COOKIES AUF DIESER WEBSITE VERWENDET UND WELCHE INFORMATIONEN WERDEN GESAMMELT? 3. WIE DEAKTIVIERE UND AKTIVIERE","inLanguage":"de-DE","isPartOf":{"@id":"https:\/\/monatglobal.com\/de\/#website"},"breadcrumb":{"@id":"https:\/\/monatglobal.com\/de\/cookies-policy\/#breadcrumblist"},"image":{"@type":"ImageObject","url":"https:\/\/monatglobal.com\/de\/wp-content\/uploads\/sites\/22\/2024\/12\/MONAT-Logos-grey.png","@id":"https:\/\/monatglobal.com\/de\/cookies-policy\/#mainImage","width":287,"height":231},"primaryImageOfPage":{"@id":"https:\/\/monatglobal.com\/de\/cookies-policy\/#mainImage"},"datePublished":"2024-12-27T20:32:01+00:00","dateModified":"2025-01-27T15:49:22+00:00"},{"@type":"WebSite","@id":"https:\/\/monatglobal.com\/de\/#website","url":"https:\/\/monatglobal.com\/de\/","name":"MONAT Germany","description":"We Are Modern Nature\u2122","inLanguage":"de-DE","publisher":{"@id":"https:\/\/monatglobal.com\/de\/#organization"}}]},"og:locale":"de_DE","og:site_name":"MONAT Germany - We Are Modern Nature\u2122","og:type":"article","og:title":"Cookie-Richtlinie - MONAT Germany","og:description":"Cookie-Richtlinie von MONAT Global Germany Bitte beachten Sie, dass diese Cookie-Richtlinie nur f\u00fcr die Website von MONAT Global Germany oder die mobilen Apps von MONAT (\u201eWebsites&quot;) gilt, die einen Link zu dieser Richtlinie enthalten. INHALTSVERZEICHNIS 1. WAS SIND COOKIES? 2. WIE WERDEN COOKIES AUF DIESER WEBSITE VERWENDET UND WELCHE INFORMATIONEN WERDEN GESAMMELT? 3. WIE DEAKTIVIERE UND AKTIVIERE","og:url":"https:\/\/monatglobal.com\/de\/cookies-policy\/","article:published_time":"2024-12-27T20:32:01+00:00","article:modified_time":"2025-01-27T15:49:22+00:00","twitter:card":"summary_large_image","twitter:title":"Cookie-Richtlinie - MONAT Germany","twitter:description":"Cookie-Richtlinie von MONAT Global Germany Bitte beachten Sie, dass diese Cookie-Richtlinie nur f\u00fcr die Website von MONAT Global Germany oder die mobilen Apps von MONAT (\u201eWebsites&quot;) gilt, die einen Link zu dieser Richtlinie enthalten. INHALTSVERZEICHNIS 1. WAS SIND COOKIES? 2. WIE WERDEN COOKIES AUF DIESER WEBSITE VERWENDET UND WELCHE INFORMATIONEN WERDEN GESAMMELT? 3. WIE DEAKTIVIERE UND AKTIVIERE"},"aioseo_meta_data":{"post_id":"174","title":null,"description":null,"keywords":null,"keyphrases":{"focus":{"keyphrase":"","score":0,"analysis":{"keyphraseInTitle":{"score":0,"maxScore":9,"error":1}}},"additional":[]},"primary_term":null,"canonical_url":null,"og_title":null,"og_description":null,"og_object_type":"default","og_image_type":"default","og_image_url":null,"og_image_width":null,"og_image_height":null,"og_image_custom_url":null,"og_image_custom_fields":null,"og_video":"","og_custom_url":null,"og_article_section":null,"og_article_tags":null,"twitter_use_og":false,"twitter_card":"default","twitter_image_type":"default","twitter_image_url":null,"twitter_image_custom_url":null,"twitter_image_custom_fields":null,"twitter_title":null,"twitter_description":null,"schema":{"blockGraphs":[],"customGraphs":[],"default":{"data":{"Article":[],"Course":[],"Dataset":[],"FAQPage":[],"Movie":[],"Person":[],"Product":[],"ProductReview":[],"Car":[],"Recipe":[],"Service":[],"SoftwareApplication":[],"WebPage":[]},"graphName":"WebPage","isEnabled":true},"graphs":[]},"schema_type":"default","schema_type_options":null,"pillar_content":false,"robots_default":true,"robots_noindex":false,"robots_noarchive":false,"robots_nosnippet":false,"robots_nofollow":false,"robots_noimageindex":false,"robots_noodp":false,"robots_notranslate":false,"robots_max_snippet":"-1","robots_max_videopreview":"-1","robots_max_imagepreview":"large","priority":null,"frequency":"default","local_seo":null,"seo_analyzer_scan_date":null,"limit_modified_date":false,"reviewed_by":null,"ai":null,"created":"2024-12-27 20:32:04","updated":"2026-02-10 05:11:19"},"aioseo_breadcrumb":"<div class=\"aioseo-breadcrumbs\"><span class=\"aioseo-breadcrumb\">\n\t<a href=\"https:\/\/monatglobal.com\/de\" title=\"Home\">Home<\/a>\n<\/span><span class=\"aioseo-breadcrumb-separator\">\u00bb<\/span><span class=\"aioseo-breadcrumb\">\n\tCookie-Richtlinie\"&gt;Cookie-Richtlinie\n<\/span><\/div>","aioseo_breadcrumb_json":[{"label":"Home","link":"https:\/\/monatglobal.com\/de"},{"label":"<a href=\"https:\/\/monatglobal.com\/de\/cookies-policy\/\">Cookie-Richtlinie<\/a>","link":"https:\/\/monatglobal.com\/de\/cookies-policy\/"}],"_links":{"self":[{"href":"https:\/\/monatglobal.com\/de\/wp-json\/wp\/v2\/pages\/174","targetHints":{"allow":["GET"]}}],"collection":[{"href":"https:\/\/monatglobal.com\/de\/wp-json\/wp\/v2\/pages"}],"about":[{"href":"https:\/\/monatglobal.com\/de\/wp-json\/wp\/v2\/types\/page"}],"author":[{"embeddable":true,"href":"https:\/\/monatglobal.com\/de\/wp-json\/wp\/v2\/users\/33"}],"replies":[{"embeddable":true,"href":"https:\/\/monatglobal.com\/de\/wp-json\/wp\/v2\/comments?post=174"}],"version-history":[{"count":5,"href":"https:\/\/monatglobal.com\/de\/wp-json\/wp\/v2\/pages\/174\/revisions"}],"predecessor-version":[{"id":564,"href":"https:\/\/monatglobal.com\/de\/wp-json\/wp\/v2\/pages\/174\/revisions\/564"}],"wp:featuredmedia":[{"embeddable":true,"href":"https:\/\/monatglobal.com\/de\/wp-json\/wp\/v2\/media\/114"}],"wp:attachment":[{"href":"https:\/\/monatglobal.com\/de\/wp-json\/wp\/v2\/media?parent=174"}],"wp:term":[{"taxonomy":"category","embeddable":true,"href":"https:\/\/monatglobal.com\/de\/wp-json\/wp\/v2\/categories?post=174"},{"taxonomy":"post_tag","embeddable":true,"href":"https:\/\/monatglobal.com\/de\/wp-json\/wp\/v2\/tags?post=174"}],"curies":[{"name":"wp","href":"https:\/\/api.w.org\/{rel}","templated":true}]}}