{"id":166,"date":"2024-12-27T16:50:54","date_gmt":"2024-12-27T16:50:54","guid":{"rendered":"https:\/\/monatglobal.com\/de\/?page_id=166"},"modified":"2026-04-01T11:33:12","modified_gmt":"2026-04-01T11:33:12","slug":"the-monat-opportunity","status":"publish","type":"page","link":"https:\/\/monatglobal.com\/de\/the-monat-opportunity\/","title":{"rendered":"Dein Glow-up startet jetzt!"},"content":{"rendered":"\n\n\t<style>\n   :root {\n        --mediumSizeP: clamp(1.8rem, 1.6vw, 2.3rem);\n        --smallSizeP: clamp(1.4rem, 1.4vw, 1.8rem);\n        --bigGap: clamp(7rem, 9vw, 12rem);\n        --mediumGap: clamp(5.5rem, 8vw, 10rem);\n        --smallGap: clamp(4rem, 6vw, 6rem); \n   }  \n<\/style>\n    <a href=\"https:\/\/mymonat.com\/pyr_core\/v2_enrollments\/select_market?sponsor_id=&#038;enroll_params=profile_form_type%3Dexpress&#038;market=DE&#038;lang_code=de\" target=\"_blank\">JETZT BEITRETEN<\/a>\n    <section id=\"bannerSec\">\n            <h1>Dein<br \/> Glow-up <br \/>startet jetzt!<\/h1> \n            VIDEO ABSPIELEN \n        <!--<video src=\"https:\/\/monatglobal.com\/wp-content\/uploads\/2024\/11\/opp_video-video-converter.com_.mp4\" loop muted autoplay><\/video>-->\n    <\/section>\n    <section id=\"introSec\">\n        <p>Stell dir vor: Du baust ein Business auf, das sich deinem Leben anpasst &#8211; und das, w\u00e4hrend du deine t\u00e4gliche Sch\u00f6nheitsroutine teilst, mit hochwertigen, hautfreundlichen Produkten, die tats\u00e4chlich wirken.<\/p>\n                 <video src=\"https:\/\/monatglobal.com\/wp-content\/uploads\/2024\/11\/opp_video-video-converter.com_.mp4\" loop muted autoplay><\/video>\n                 <img decoding=\"async\" src=\" https:\/\/monatglobal.com\/wp-content\/uploads\/2024\/11\/products-that-actually-work_img-web-min.jpg\" loading=\"lazy\"\/>\n                 <img decoding=\"async\" src=\"https:\/\/monatglobal.com\/wp-content\/uploads\/2019\/11\/play-btn-shadow.png\" loading=\"lazy\"\/>VIDEO ABSPIELEN \n            <img decoding=\"async\" src=\"https:\/\/monatglobal.com\/wp-content\/uploads\/2024\/11\/low-tox-products_img-web-min.jpg\" loading=\"lazy\"\/>\n    <\/section>\n    <section id=\"slideSec\">\n                <h2>Warum<br \/> MONAT?<\/h2>\n                <p>Wir folgen nicht den Trends, wir setzen sie.<\/p>\n                <img decoding=\"async\" src=\"https:\/\/monatglobal.com\/wp-content\/uploads\/2024\/11\/trends-we-set-them_slide1-min-2.jpg\" loading=\"lazy\"\/>\n                <img decoding=\"async\" src=\"https:\/\/monatglobal.com\/de\/wp-content\/uploads\/sites\/22\/2025\/01\/trends-we-set-them_slide2-au-min.jpg\" loading=\"lazy\"\/>\n                         <img decoding=\"async\" src=\"https:\/\/monatglobal.com\/wp-content\/uploads\/2024\/11\/trends-we-set-them_slide3-min.jpg\" loading=\"lazy\"\/>\n               <img decoding=\"async\" src=\"https:\/\/monatglobal.com\/wp-content\/uploads\/2024\/11\/trends-we-set-them_slide4-2024-min.jpg\" loading=\"lazy\"\/>\n                <img decoding=\"async\" src=\"https:\/\/monatglobal.com\/wp-content\/uploads\/2024\/11\/Why-MONAT-slide_img-5-2024-min.jpg\" loading=\"lazy\"\/>\n                   <img decoding=\"async\" src=\"https:\/\/monatglobal.com\/au\/wp-content\/uploads\/sites\/12\/2024\/11\/products-that-actually-work-web-au-min.jpg\" loading=\"lazy\"\/>\n            <!---->\n            <p>Wir sind keine gew\u00f6hnliche Beauty-Marke &#8211; wir sind die am schnellsten wachsende Kraft in der Haarpflege und der weltweit f\u00fchrende Anbieter von Premium-Haarpflegeprodukten.<\/p>\n    <\/section>\n        <hr \/>\n        <section>\n                01\n                <h2>Premium-Produkte,<br \/> echte Ergebnisse<\/h2>\n                <p>Seit 2014 ist MONAT ein Vorreiter in der Kopfhautpflege &#8211; lange bevor es zum Trend wurde. <br \/><br \/> Unsere innovativen Formeln mit nat\u00fcrlichen, toxinfarmen Inhaltsstoffen heben dein Haar, deine Haut und dein Selbstvertrauen auf ein neues Niveau, das du sehen und sp\u00fcren kannst.<\/p>\n                <img decoding=\"async\" src=\"https:\/\/monatglobal.com\/wp-content\/uploads\/2024\/11\/Premium-Products_img-web-min.jpg\" loading=\"lazy\"\/>\n                <img decoding=\"async\" src=\"https:\/\/monatglobal.com\/wp-content\/uploads\/2018\/03\/leaping-bunny-logo-600-540_400x600-e1520273768164.png\" loading=\"lazy\"\/>\n                <p>Wir sind zudem Leaping Bunny zertifiziert, ein Beweis f\u00fcr unser ernsthaftes Engagement f\u00fcr tierversuchsfreie Produkte.<\/p>\n                <img decoding=\"async\" src=\"https:\/\/monatglobal.com\/au\/wp-content\/uploads\/sites\/12\/2024\/11\/Premium-Products_img-web-au-min.jpg\" loading=\"lazy\"\/>\n                <p>Du m\u00f6chtest Beweise? Sieh dir einfach unsere beeindruckenden Vorher-Nachher-Bilder und \u00fcber 80 Produktpreise an. Mit MONAT kommen deine Kunden immer wieder zur\u00fcck, weil die Ergebnisse einfach so gut sind.<\/p>\n        <\/section>\n        <hr \/>\n        <section> \n                02\n                <h2>Monetisiere<br \/> deine<br \/> Sch\u00f6nheitsroutine<\/h2>\n                <p>MONAT in Zahlen: <\/p>\n                    Wir haben mehr als 3,4 Milliarden Dollar Umsatz erzielt<br \/><br \/>\n                    Wir haben mehr als 1,5 Milliarden Dollar an Provisionen ausgezahlt<br \/><br \/>\n                    Wir haben mehr als 100 Menschen geholfen, den Million Dollar Club zu erreichen<br \/><br \/>\n                    Und das alles in nur 10 Jahren!<br \/><br \/>\n                    \n                <img decoding=\"async\" src=\"https:\/\/monatglobal.com\/wp-content\/uploads\/2024\/11\/Monetize-Your-Beauty-Routine_img-web-min.jpg\" loading=\"lazy\"\/>\n            <p>Hier bei MONAT hast du die Flexibilit\u00e4t, Unterst\u00fctzung und Werkzeuge, um deine Ziele zu erreichen. Du willst nicht warten? Kein Problem &#8211; bei MONAT kannst du bis zu 5 Mal im Monat bezahlt werden, wenn du anderen MONAT n\u00e4herbringst.<\/p>\n        <\/section>\n        <hr \/>\n        <section> \n                03\n                <h2>Unvergleichliche<br \/> Gemeinschafts-Vibes<\/h2>\n                <p>Pers\u00f6nliches Wachstum? Check. Berufliche Erfolge? Auf jeden Fall.<\/p>\n                <p>Wir bauen nicht nur Unternehmen auf &#8211; wir bauen Gemeinschaften. Wir bieten dir alle Unterst\u00fctzung, die du dir w\u00fcnschen kannst; du bist auf dieser Reise nie allein. Unsere Gemeinschaft ist unser gr\u00f6\u00dfter Vorteil.<\/p>\n                <img decoding=\"async\" src=\"https:\/\/monatglobal.com\/wp-content\/uploads\/2024\/11\/community-vibes_img-web-min.jpg\" loading=\"lazy\"\/>\n            <p>Hier ist das Level-Up ein Lebensstil, und wenn du die beste Version von dir selbst wirst, zeigst du anderen den Weg, es dir gleichzutun. Das macht uns unaufhaltsam.<\/p>\n        <\/section>\n        <hr \/>\n        <section> \n                04\n                <h2>Etwas<br \/> bewirken<\/h2>\n                <p>Geben ist Teil unserer DNA bei MONAT. <\/p>\n                <img decoding=\"async\" src=\"https:\/\/monatglobal.com\/wp-content\/uploads\/2024\/11\/Make-a-Difference_img-web-min.jpg\" loading=\"lazy\"\/>\n                <p>Durch die MONAT Gratitude Foundation\u2122 haben wir bereits 8 Millionen Dollar gespendet, um Familien, Veteranen und die Bildung von Kindern zu unterst\u00fctzen. Aber das ist nur der Anfang &#8211; auch du kannst Teil dieser Bewegung werden! <\/p>\n            <p>Als Markenpartner hast du die M\u00f6glichkeit, auf gro\u00dfe und kleine Weisen etwas zu bewirken, sowohl in deiner lokalen Gemeinschaft als auch weltweit. Gemeinsam ver\u00e4ndern wir Leben und schaffen einen bleibenden Eindruck.<\/p>\n        <\/section>\n        <hr \/>\n        <section> \n                05\n                <h2>Auf Stabilit\u00e4t<br \/> und Erfolg<br \/> gebaut<\/h2>\n                <p>Unsere Produkte werden in den USA hergestellt und erf\u00fcllen die strengen europ\u00e4ischen Standards &#8211; sie z\u00e4hlen zu den vertrauensw\u00fcrdigsten in der Beauty-Branche.<\/p>\n                <p>MONAT ist ein familiengef\u00fchrtes Unternehmen mit vollst\u00e4ndiger Kontrolle \u00fcber unsere eigene Fertigung und Forschung und Entwicklung, und arbeitet mit weltweit anerkannten Experten der Beauty-Industrie zusammen. Das erm\u00f6glicht uns schnelle und innovative Entwicklungen sowie konstante Qualit\u00e4t unserer Premium-Produkte.<\/p>\n                <img decoding=\"async\" src=\"https:\/\/monatglobal.com\/wp-content\/uploads\/2024\/10\/Built-for-Stability-Success_img_web-min.jpg\" loading=\"lazy\"\/>\n            <p>MONAT wurde von der Familie Urdaneta gegr\u00fcndet, die \u00fcber Jahrzehnten an Erfahrung und Erfolg in der Branche verf\u00fcgt. Sie werden von einem erfahrenen und preisgekr\u00f6nten Corporate-Team unterst\u00fctzt, das stolz auf die enge Partnerschaft mit ihren Markenpartnern ist.<\/p>\n        <\/section>\n        <hr \/>\n        <section> \n                06\n                <h2>Ein Business<br \/> ohne Grenzen<\/h2> \n                <p>Da die Haarpflegeindustrie bis 2030 voraussichtlich 35,49 Milliarden Dollar erreichen wird, ist eine Partnerschaft mit einem Marktf\u00fchrer wie MONAT eine kluge Entscheidung.<\/p>\n                <img decoding=\"async\" src=\"https:\/\/monatglobal.com\/wp-content\/uploads\/2026\/03\/A-Business-Without-Borders_img-web-2026-countries-april-1.jpg\" loading=\"lazy\"\/>\n                <p>Von Nordamerika, bis Lateinamerika, \u00fcber Europa bis nach Asien-Pazifik sind wir in 17 L\u00e4ndern vertreten und expandieren weiter.<\/p>\n            <p>MONAT setzt auf eine strategische Herangehensweise bei der globalen Expansion. Wir erforschen und pr\u00fcfen, bevor wir unsere Gesch\u00e4fte in neue L\u00e4nder ausweiten, und stellen sicher, dass wir unsere Markenpartner auf Erfolg und ein lukratives Gesch\u00e4ft vorbereiten.<\/p>\n            <!-- US ONLY -->\n                <p>Es ist deine Zukunft, besitze sie &#8211; mit der M\u00f6glichkeit, ein European Founder in Deutschland und Belgien zu werden, kannst du an den viertelj\u00e4hrlichen Erfolgen von MONAT Europa teilhaben und eine Auszahlung ZUS\u00c4TZLICH zu deinem Einkommen erhalten!<\/p>\n                <img decoding=\"async\" src=\"https:\/\/monatglobal.com\/wp-content\/uploads\/2024\/11\/Visionary-Founder-in-North-America_img-web-min.jpg\" loading=\"lazy\"\/>\n            <h2>Willkommen in deinem n\u00e4chsten Kapitel<\/h2>\n            <p>Bereit, JA zu sagen?<\/p>\n            <p>W\u00e4hle dein Produktpaket, verliebe dich und lass den Glow-Up beginnen!<\/p>\n            <br \/>\n            <br \/>\n            <!-- TrustBox widget - Slider -->\n  <a href=\"https:\/\/de.trustpilot.com\/review\/monatglobal.com\" target=\"_blank\" rel=\"noopener\">Trustpilot<\/a>\n<!-- End TrustBox widget -->\n        <\/section>\n<br \/>\n<br \/>\n<br \/>\n<br \/> \n\n","protected":false},"excerpt":{"rendered":"<p>JETZT BEITRETEN Dein Glow-up startet jetzt! VIDEO ABSPIELEN Stell dir vor: Du baust ein Business auf, das sich deinem Leben anpasst &#8211; und das, w\u00e4hrend du deine t\u00e4gliche Sch\u00f6nheitsroutine teilst, mit hochwertigen, hautfreundlichen Produkten, die tats\u00e4chlich wirken. VIDEO ABSPIELEN Warum MONAT? Wir folgen nicht den Trends, wir setzen sie. Wir sind keine gew\u00f6hnliche Beauty-Marke &#8211;&hellip;<\/p>\n","protected":false},"author":33,"featured_media":1022,"parent":0,"menu_order":0,"comment_status":"closed","ping_status":"closed","template":"","meta":{"inline_featured_image":false,"om_disable_all_campaigns":false,"footnotes":""},"categories":[],"tags":[],"class_list":["post-166","page","type-page","status-publish","has-post-thumbnail","hentry"],"aioseo_notices":[],"aioseo_head":"\n\t\t<!-- All in One SEO Pro 4.9.5.2 - aioseo.com -->\n\t<meta name=\"description\" content=\"Stell dir vor: Du baust ein Business auf, das sich deinem Leben anpasst \u2013 und das, w\u00e4hrend du deine t\u00e4gliche Sch\u00f6nheitsroutine teilst, mit hochwertigen, toxinfarmen Produkten, die tats\u00e4chlich wirken.\" \/>\n\t<meta name=\"robots\" content=\"max-image-preview:large\" \/>\n\t<link rel=\"canonical\" href=\"https:\/\/monatglobal.com\/de\/the-monat-opportunity\/\" \/>\n\t<meta name=\"generator\" content=\"All in One SEO Pro (AIOSEO) 4.9.5.2\" \/>\n\t\t<meta property=\"og:locale\" content=\"de_DE\" \/>\n\t\t<meta property=\"og:site_name\" content=\"MONAT Germany - We Are Modern Nature\u2122\" \/>\n\t\t<meta property=\"og:type\" content=\"article\" \/>\n\t\t<meta property=\"og:title\" content=\"Dein Glow-up startet jetzt!\" \/>\n\t\t<meta property=\"og:description\" content=\"Stell dir vor: Du baust ein Business auf, das sich deinem Leben anpasst \u2013 und das, w\u00e4hrend du deine t\u00e4gliche Sch\u00f6nheitsroutine teilst, mit hochwertigen, toxinfarmen Produkten, die tats\u00e4chlich wirken.\" \/>\n\t\t<meta property=\"og:url\" content=\"https:\/\/monatglobal.com\/de\/the-monat-opportunity\/\" \/>\n\t\t<meta property=\"article:published_time\" content=\"2024-12-27T16:50:54+00:00\" \/>\n\t\t<meta property=\"article:modified_time\" content=\"2026-04-01T11:33:12+00:00\" \/>\n\t\t<meta name=\"twitter:card\" content=\"summary_large_image\" \/>\n\t\t<meta name=\"twitter:title\" content=\"Dein Glow-up startet jetzt!\" \/>\n\t\t<meta name=\"twitter:description\" content=\"Stell dir vor: Du baust ein Business auf, das sich deinem Leben anpasst \u2013 und das, w\u00e4hrend du deine t\u00e4gliche Sch\u00f6nheitsroutine teilst, mit hochwertigen, toxinfarmen Produkten, die tats\u00e4chlich wirken.\" \/>\n\t\t<script type=\"application\/ld+json\" class=\"aioseo-schema\">\n\t\t\t{\"@context\":\"https:\\\/\\\/schema.org\",\"@graph\":[{\"@type\":\"BreadcrumbList\",\"@id\":\"https:\\\/\\\/monatglobal.com\\\/de\\\/the-monat-opportunity\\\/#breadcrumblist\",\"itemListElement\":[{\"@type\":\"ListItem\",\"@id\":\"https:\\\/\\\/monatglobal.com\\\/de#listItem\",\"position\":1,\"name\":\"Home\",\"item\":\"https:\\\/\\\/monatglobal.com\\\/de\",\"nextItem\":{\"@type\":\"ListItem\",\"@id\":\"https:\\\/\\\/monatglobal.com\\\/de\\\/the-monat-opportunity\\\/#listItem\",\"name\":\"Dein Glow-up startet jetzt!\"}},{\"@type\":\"ListItem\",\"@id\":\"https:\\\/\\\/monatglobal.com\\\/de\\\/the-monat-opportunity\\\/#listItem\",\"position\":2,\"name\":\"Dein Glow-up startet jetzt!\",\"previousItem\":{\"@type\":\"ListItem\",\"@id\":\"https:\\\/\\\/monatglobal.com\\\/de#listItem\",\"name\":\"Home\"}}]},{\"@type\":\"Organization\",\"@id\":\"https:\\\/\\\/monatglobal.com\\\/de\\\/#organization\",\"name\":\"MONAT Germany\",\"description\":\"We Are Modern Nature\\u2122\",\"url\":\"https:\\\/\\\/monatglobal.com\\\/de\\\/\"},{\"@type\":\"WebPage\",\"@id\":\"https:\\\/\\\/monatglobal.com\\\/de\\\/the-monat-opportunity\\\/#webpage\",\"url\":\"https:\\\/\\\/monatglobal.com\\\/de\\\/the-monat-opportunity\\\/\",\"name\":\"Dein Glow-up startet jetzt!\",\"description\":\"Stell dir vor: Du baust ein Business auf, das sich deinem Leben anpasst \\u2013 und das, w\\u00e4hrend du deine t\\u00e4gliche Sch\\u00f6nheitsroutine teilst, mit hochwertigen, toxinfarmen Produkten, die tats\\u00e4chlich wirken.\",\"inLanguage\":\"de-DE\",\"isPartOf\":{\"@id\":\"https:\\\/\\\/monatglobal.com\\\/de\\\/#website\"},\"breadcrumb\":{\"@id\":\"https:\\\/\\\/monatglobal.com\\\/de\\\/the-monat-opportunity\\\/#breadcrumblist\"},\"image\":{\"@type\":\"ImageObject\",\"url\":\"https:\\\/\\\/monatglobal.com\\\/de\\\/wp-content\\\/uploads\\\/sites\\\/22\\\/2025\\\/08\\\/Opportunity-FT-IMG-2026-min.jpg\",\"@id\":\"https:\\\/\\\/monatglobal.com\\\/de\\\/the-monat-opportunity\\\/#mainImage\",\"width\":1200,\"height\":628},\"primaryImageOfPage\":{\"@id\":\"https:\\\/\\\/monatglobal.com\\\/de\\\/the-monat-opportunity\\\/#mainImage\"},\"datePublished\":\"2024-12-27T16:50:54+00:00\",\"dateModified\":\"2026-04-01T11:33:12+00:00\"},{\"@type\":\"WebSite\",\"@id\":\"https:\\\/\\\/monatglobal.com\\\/de\\\/#website\",\"url\":\"https:\\\/\\\/monatglobal.com\\\/de\\\/\",\"name\":\"MONAT Germany\",\"description\":\"We Are Modern Nature\\u2122\",\"inLanguage\":\"de-DE\",\"publisher\":{\"@id\":\"https:\\\/\\\/monatglobal.com\\\/de\\\/#organization\"}}]}\n\t\t<\/script>\n\t\t<!-- All in One SEO Pro -->\r\n\t\t<title>Dein Glow-up startet jetzt!<\/title>\n\n","aioseo_head_json":{"title":"Dein Glow-up startet jetzt!","description":"Stell dir vor: Du baust ein Business auf, das sich deinem Leben anpasst \u2013 und das, w\u00e4hrend du deine t\u00e4gliche Sch\u00f6nheitsroutine teilst, mit hochwertigen, toxinfarmen Produkten, die tats\u00e4chlich wirken.","canonical_url":"https:\/\/monatglobal.com\/de\/the-monat-opportunity\/","robots":"max-image-preview:large","keywords":"","webmasterTools":{"miscellaneous":""},"schema":{"@context":"https:\/\/schema.org","@graph":[{"@type":"BreadcrumbList","@id":"https:\/\/monatglobal.com\/de\/the-monat-opportunity\/#breadcrumblist","itemListElement":[{"@type":"ListItem","@id":"https:\/\/monatglobal.com\/de#listItem","position":1,"name":"Home","item":"https:\/\/monatglobal.com\/de","nextItem":{"@type":"ListItem","@id":"https:\/\/monatglobal.com\/de\/the-monat-opportunity\/#listItem","name":"Dein Glow-up startet jetzt!"}},{"@type":"ListItem","@id":"https:\/\/monatglobal.com\/de\/the-monat-opportunity\/#listItem","position":2,"name":"Dein Glow-up startet jetzt!","previousItem":{"@type":"ListItem","@id":"https:\/\/monatglobal.com\/de#listItem","name":"Home"}}]},{"@type":"Organization","@id":"https:\/\/monatglobal.com\/de\/#organization","name":"MONAT Germany","description":"We Are Modern Nature\u2122","url":"https:\/\/monatglobal.com\/de\/"},{"@type":"WebPage","@id":"https:\/\/monatglobal.com\/de\/the-monat-opportunity\/#webpage","url":"https:\/\/monatglobal.com\/de\/the-monat-opportunity\/","name":"Dein Glow-up startet jetzt!","description":"Stell dir vor: Du baust ein Business auf, das sich deinem Leben anpasst \u2013 und das, w\u00e4hrend du deine t\u00e4gliche Sch\u00f6nheitsroutine teilst, mit hochwertigen, toxinfarmen Produkten, die tats\u00e4chlich wirken.","inLanguage":"de-DE","isPartOf":{"@id":"https:\/\/monatglobal.com\/de\/#website"},"breadcrumb":{"@id":"https:\/\/monatglobal.com\/de\/the-monat-opportunity\/#breadcrumblist"},"image":{"@type":"ImageObject","url":"https:\/\/monatglobal.com\/de\/wp-content\/uploads\/sites\/22\/2025\/08\/Opportunity-FT-IMG-2026-min.jpg","@id":"https:\/\/monatglobal.com\/de\/the-monat-opportunity\/#mainImage","width":1200,"height":628},"primaryImageOfPage":{"@id":"https:\/\/monatglobal.com\/de\/the-monat-opportunity\/#mainImage"},"datePublished":"2024-12-27T16:50:54+00:00","dateModified":"2026-04-01T11:33:12+00:00"},{"@type":"WebSite","@id":"https:\/\/monatglobal.com\/de\/#website","url":"https:\/\/monatglobal.com\/de\/","name":"MONAT Germany","description":"We Are Modern Nature\u2122","inLanguage":"de-DE","publisher":{"@id":"https:\/\/monatglobal.com\/de\/#organization"}}]},"og:locale":"de_DE","og:site_name":"MONAT Germany - We Are Modern Nature\u2122","og:type":"article","og:title":"Dein Glow-up startet jetzt!","og:description":"Stell dir vor: Du baust ein Business auf, das sich deinem Leben anpasst \u2013 und das, w\u00e4hrend du deine t\u00e4gliche Sch\u00f6nheitsroutine teilst, mit hochwertigen, toxinfarmen Produkten, die tats\u00e4chlich wirken.","og:url":"https:\/\/monatglobal.com\/de\/the-monat-opportunity\/","article:published_time":"2024-12-27T16:50:54+00:00","article:modified_time":"2026-04-01T11:33:12+00:00","twitter:card":"summary_large_image","twitter:title":"Dein Glow-up startet jetzt!","twitter:description":"Stell dir vor: Du baust ein Business auf, das sich deinem Leben anpasst \u2013 und das, w\u00e4hrend du deine t\u00e4gliche Sch\u00f6nheitsroutine teilst, mit hochwertigen, toxinfarmen Produkten, die tats\u00e4chlich wirken."},"aioseo_meta_data":{"post_id":"166","title":"Dein Glow-up startet jetzt!","description":"Stell dir vor: Du baust ein Business auf, das sich deinem Leben anpasst \u2013 und das, w\u00e4hrend du deine t\u00e4gliche Sch\u00f6nheitsroutine teilst, mit hochwertigen, toxinfarmen Produkten, die tats\u00e4chlich wirken.","keywords":null,"keyphrases":{"focus":{"keyphrase":"","score":0,"analysis":{"keyphraseInTitle":{"score":0,"maxScore":9,"error":1}}},"additional":[]},"primary_term":null,"canonical_url":null,"og_title":null,"og_description":null,"og_object_type":"default","og_image_type":"default","og_image_url":null,"og_image_width":null,"og_image_height":null,"og_image_custom_url":null,"og_image_custom_fields":null,"og_video":"","og_custom_url":null,"og_article_section":null,"og_article_tags":null,"twitter_use_og":false,"twitter_card":"default","twitter_image_type":"default","twitter_image_url":null,"twitter_image_custom_url":null,"twitter_image_custom_fields":null,"twitter_title":null,"twitter_description":null,"schema":{"blockGraphs":[],"customGraphs":[],"default":{"data":{"Article":[],"Course":[],"Dataset":[],"FAQPage":[],"Movie":[],"Person":[],"Product":[],"ProductReview":[],"Car":[],"Recipe":[],"Service":[],"SoftwareApplication":[],"WebPage":[]},"graphName":"WebPage","isEnabled":true},"graphs":[]},"schema_type":"default","schema_type_options":null,"pillar_content":false,"robots_default":true,"robots_noindex":false,"robots_noarchive":false,"robots_nosnippet":false,"robots_nofollow":false,"robots_noimageindex":false,"robots_noodp":false,"robots_notranslate":false,"robots_max_snippet":"-1","robots_max_videopreview":"-1","robots_max_imagepreview":"large","priority":null,"frequency":"default","local_seo":null,"seo_analyzer_scan_date":null,"limit_modified_date":false,"reviewed_by":"0","ai":{"faqs":[],"keyPoints":[],"titles":[],"descriptions":[],"socialPosts":{"email":[],"linkedin":[],"twitter":[],"facebook":[],"instagram":[]}},"created":"2024-12-27 16:50:57","updated":"2026-04-01 12:41:42"},"aioseo_breadcrumb":"<div class=\"aioseo-breadcrumbs\"><span class=\"aioseo-breadcrumb\">\n\t<a href=\"https:\/\/monatglobal.com\/de\" title=\"Home\">Home<\/a>\n<\/span><span class=\"aioseo-breadcrumb-separator\">\u00bb<\/span><span class=\"aioseo-breadcrumb\">\n\tDein Glow-up startet jetzt!\n<\/span><\/div>","aioseo_breadcrumb_json":[{"label":"Home","link":"https:\/\/monatglobal.com\/de"},{"label":"Dein Glow-up startet jetzt!","link":"https:\/\/monatglobal.com\/de\/the-monat-opportunity\/"}],"_links":{"self":[{"href":"https:\/\/monatglobal.com\/de\/wp-json\/wp\/v2\/pages\/166","targetHints":{"allow":["GET"]}}],"collection":[{"href":"https:\/\/monatglobal.com\/de\/wp-json\/wp\/v2\/pages"}],"about":[{"href":"https:\/\/monatglobal.com\/de\/wp-json\/wp\/v2\/types\/page"}],"author":[{"embeddable":true,"href":"https:\/\/monatglobal.com\/de\/wp-json\/wp\/v2\/users\/33"}],"replies":[{"embeddable":true,"href":"https:\/\/monatglobal.com\/de\/wp-json\/wp\/v2\/comments?post=166"}],"version-history":[{"count":24,"href":"https:\/\/monatglobal.com\/de\/wp-json\/wp\/v2\/pages\/166\/revisions"}],"predecessor-version":[{"id":109453,"href":"https:\/\/monatglobal.com\/de\/wp-json\/wp\/v2\/pages\/166\/revisions\/109453"}],"wp:featuredmedia":[{"embeddable":true,"href":"https:\/\/monatglobal.com\/de\/wp-json\/wp\/v2\/media\/1022"}],"wp:attachment":[{"href":"https:\/\/monatglobal.com\/de\/wp-json\/wp\/v2\/media?parent=166"}],"wp:term":[{"taxonomy":"category","embeddable":true,"href":"https:\/\/monatglobal.com\/de\/wp-json\/wp\/v2\/categories?post=166"},{"taxonomy":"post_tag","embeddable":true,"href":"https:\/\/monatglobal.com\/de\/wp-json\/wp\/v2\/tags?post=166"}],"curies":[{"name":"wp","href":"https:\/\/api.w.org\/{rel}","templated":true}]}}