{"id":109445,"date":"2026-03-26T21:08:59","date_gmt":"2026-03-26T21:08:59","guid":{"rendered":"https:\/\/monatglobal.com\/de\/?page_id=109445"},"modified":"2026-04-13T20:21:04","modified_gmt":"2026-04-13T20:21:04","slug":"europetogether2026","status":"publish","type":"page","link":"https:\/\/monatglobal.com\/de\/europetogether2026\/","title":{"rendered":"MAILAND, ITALIEN | Teatro Nazionale\u00a0| Samstag, 13. Juni 2026"},"content":{"rendered":"\n\n\t<style>\n    @import url('https:\/\/fonts.googleapis.com\/css2?family=Jost:ital,wght@0,100..900;1,100..900&display=swap');\n    .jost-500{\n      font-family: \"Jost\", sans-serif !important;\n      font-optical-sizing: auto;\n      font-weight: 500;\n      font-style: normal;\n    }\n    :root{\n        --burgundy: #5A1F2B;\n        --warm-gray: #F4F1EA;\n        --off-white: #F3F2F1;\n    }\n<\/style>\n<section>\n    <img decoding=\"async\" src=\"https:\/\/monatglobal.com\/wp-content\/uploads\/2026\/04\/Capa_1.svg\" alt=\"MONAT EUROPE TOGETHET EVENT MILAN LOGO\"\/>\n<\/section>\n<section id=\"intro_sec\">\n        <h2>MAILAND, ITALIEN <br \/> Teatro Nazionale <br \/> Samstag, 13. <br \/> Juni 2026<\/h2>\n                <ul>\n                  <li id=\"days\"><\/li>\n                  <li id=\"hours\"><\/li> \n                  <li id=\"minutes\"><\/li> \n                  <li id=\"seconds\"><\/li>\n                <\/ul> \n                <p>TAGE<\/p>\n                <p>STUNDEN<\/p>\n                <p>MINUTEN<\/p>\n                <p>SEKUNDEN<\/p>\n        <a href=\"https:\/\/www.eventbrite.co.uk\/e\/monat-europe-together-tickets-1982194063804?aff=oddtdtcreator\" target=\"_blank\">JETZT ANMELDEN<\/a>\n            \n                            <img decoding=\"async\" src=\"https:\/\/monatglobal.com\/wp-content\/uploads\/2026\/03\/we-are-modern-nature-drop-logo-eu-together.svg\" alt=\"MONAT EUROPE TOGETHET EVENT MILAN LOGO\"\/>\n    <source media=\"(max-width: 700px)\" srcset=\"https:\/\/monatglobal.com\/uk\/wp-content\/uploads\/sites\/6\/2026\/04\/elebration-of-inspiration-recognition_mobile.jpg\" loading=\"lazy\"\/>\n      <img decoding=\"async\" src=\"https:\/\/monatglobal.com\/uk\/wp-content\/uploads\/sites\/6\/2026\/04\/elebration-of-inspiration-recognition.jpg\" alt=\"Three photos side by side: an ornate theater interior with red velvet seats, a glass-domed shopping gallery ceiling, and a sunlit Italian courtyard with warm-toned buildings.\"\/>\n     \n            <!--<img decoding=\"async\" src=\"https:\/\/monatglobal.com\/uk\/wp-content\/uploads\/sites\/6\/2026\/04\/elebration-of-inspiration-recognition.jpg\" alt=\"Three photos side by side: an ornate theater interior with red velvet seats, a glass-domed shopping gallery ceiling, and a sunlit Italian courtyard with warm-toned buildings.\"\/>-->\n        <p>Triff Deine MONAT Familie aus ganz Europa in der wundersch\u00f6nen Stadt Mailand bei MONAT&nbsp;Europe Together &#8211; ein Event voller Inspiration, Anerkennung und besonderer Momente, die uns verbinden und gemeinsam wachsen lassen.<\/p>\n        <a href=\"https:\/\/www.eventbrite.co.uk\/e\/monat-europe-together-tickets-1982194063804?aff=oddtdtcreator\" target=\"_blank\">JETZT ANMELDEN<\/a>\n<\/section>\n<section id=\"ticket\">\n    <p>Samstag, 13. Juni 2026<\/p>\n            <a>\n                    <img decoding=\"async\" src=\"https:\/\/monatglobal.com\/uk\/wp-content\/uploads\/sites\/6\/2026\/04\/general-admission-ticket-top.svg\" alt=\"Ticket pricing graphic over a grand theater background showing \"General Admission \u20ac59.00\"\"\/>\n                        <p>ALLGEMEINE EINTRITTS-<br \/>KARTEN VERF\u00dcGBAR <\/p>\n                        <p>TICKETS ERH\u00c4LTLICH<\/p>\n                    <img decoding=\"async\" src=\"https:\/\/monatglobal.com\/uk\/wp-content\/uploads\/sites\/6\/2026\/04\/general-admission-ticket-bottom.svg\" alt=\"Ticket pricing graphic over a grand theater background showing \"PARTY Admission \u20ac49.00\"\"\/>\n                    <p>59,00 \u20ac<\/p>\n            <\/a>\n<a>\n                    <img decoding=\"async\" src=\"https:\/\/monatglobal.com\/uk\/wp-content\/uploads\/sites\/6\/2026\/04\/party-ticket-top.svg\" alt=\"\"\/>\n                        <p>PARTYTICKETS VERF\u00dcGBAR<\/p>\n                        <p>TICKETS ERH\u00c4LTLICH<\/p>\n                    <img decoding=\"async\" src=\"https:\/\/monatglobal.com\/uk\/wp-content\/uploads\/sites\/6\/2026\/04\/party-ticket-bottom.svg\" alt=\"\"\/>\n                    <p>45,00 \u20ac<\/p>\n            <\/a>\n        Verkaufsende: 2. Juni um 00:59 Uhr (MESZ)\n        <a href=\"https:\/\/www.eventbrite.co.uk\/e\/monat-europe-together-tickets-1982194063804?aff=oddtdtcreator\" target=\"_blank\">JETZT ANMELDEN<\/a>\n    <p>MAILAND, ITALIEN<\/p>\n<\/section>\n<section id=\"welcome_sec\">\n    <p>MAILAND, ITALIEN<\/p>\n        <img decoding=\"async\" src=\"https:\/\/monatglobal.com\/uk\/wp-content\/uploads\/sites\/6\/2026\/04\/welcome-you-to-Casa-MONAT_Milan-1.jpg\" alt=\"picture Milan, including the Duomo cathedral\"\/>\n        <img decoding=\"async\" src=\"https:\/\/monatglobal.com\/wp-content\/uploads\/2026\/03\/MONAT-EUROPE-TOGETHER-LOGO.svg\" alt=\"MONAT EUROPE TOGETHER LOGO\"\/>\n        <h2>Wir freuen <br \/>uns darauf, <br \/> Dich in der Casa <br \/>MONAT willkommen <br \/> zu hei\u00dfen!<\/h2>\n            <img decoding=\"async\" src=\"https:\/\/monatglobal.com\/uk\/wp-content\/uploads\/sites\/6\/2026\/04\/welcome-you-to-Casa-MONAT_Milan-3.jpg\" alt=\"picture of glass-roofed gallery\"\/>\n            <img decoding=\"async\" src=\"https:\/\/monatglobal.com\/uk\/wp-content\/uploads\/sites\/6\/2026\/04\/welcome-you-to-Casa-MONAT_Milan-2.jpg\" alt=\"street scene with a tram near a historic arch\"\/>\n    <p>Samstag, 13. Juni 2026<\/p>\n<\/section>\n<section id=\"\">\n           \n    <source media=\"(max-width: 700px)\" srcset=\"https:\/\/monatglobal.com\/uk\/wp-content\/uploads\/sites\/6\/2026\/04\/in-Lake-Como-MONAT-Europe-Together_mobile.jpg\" loading=\"lazy\"\/>\n     <img decoding=\"async\" src=\"https:\/\/monatglobal.com\/uk\/wp-content\/uploads\/sites\/6\/2026\/04\/in-Lake-Como-MONAT-Europe-Together.jpg\" alt=\"Scenic lakeside town with colorful buildings, a church with a bell tower, and tall cypress trees set against dramatic green mountains under a clear sky.\"\/>\n     \n    <!--<img decoding=\"async\" src=\"https:\/\/monatglobal.com\/uk\/wp-content\/uploads\/sites\/6\/2026\/04\/in-Lake-Como-MONAT-Europe-Together.jpg\" alt=\"Scenic lakeside town with colorful buildings, a church with a bell tower, and tall cypress trees set against dramatic green mountains under a clear sky.\"\/>-->\n            <p>  TEATRO NAZIONALE SAMSTAG, 13. JUNI 2026 |&nbsp;  TEATRO NAZIONALE SAMSTAG, 13. JUNI 2026 |&nbsp;  TEATRO NAZIONALE SAMSTAG, 13. JUNI 2026 |&nbsp;  TEATRO NAZIONALE SAMSTAG, 13. JUNI 2026 |&nbsp;<\/p>\n            <p>  TEATRO NAZIONALE SAMSTAG, 13. JUNI 2026 |&nbsp;  TEATRO NAZIONALE SAMSTAG, 13. JUNI 2026 |&nbsp;  TEATRO NAZIONALE SAMSTAG, 13. JUNI 2026 |&nbsp;  TEATRO NAZIONALE SAMSTAG, 13. JUNI 2026 |&nbsp;<\/p>\n            <p>  TEATRO NAZIONALE SAMSTAG, 13. JUNI 2026 |&nbsp;  TEATRO NAZIONALE SAMSTAG, 13. JUNI 2026 |&nbsp;  TEATRO NAZIONALE SAMSTAG, 13. JUNI 2026 |&nbsp;  TEATRO NAZIONALE SAMSTAG, 13. JUNI 2026 |&nbsp;<\/p>\n<\/section>\n<section>\n            <h2>Dein <br \/> Leadership &#8211; <br \/> gefeiert in <br \/> Italien.<\/h2>\n            <p>Freitag, 12. Juni 2026<\/p>\n        <p>Auf dem Weg zu MONAT Europe Together in Mailand m\u00f6chten wir Europas engagierteste und best\u00e4ndigste F\u00fchrungskr\u00e4fte mit der MONAT&nbsp;Italia Experience auszeichnen.<\/p>\n        <img decoding=\"async\" src=\"https:\/\/monatglobal.com\/uk\/wp-content\/uploads\/sites\/6\/2026\/04\/uniquely-Italian-celebration-of-leadership.jpg\" alt=\"Woman in a light floral dress standing barefoot on a stone edge, looking out over a calm turquoise lake with a historic stone bridge and lush greenery in the background.\"\/>\n            <p>Diese exklusive Veranstaltung auf Einladung findet am Comer See statt und bringt qualifizierte Leader zu einem ganz besonderen italienischen Erlebnis zusammen &#8211; gepr\u00e4gt von Leadership, Dynamik und dem Wachstum, das Du Dir mit MONAT aufgebaut hast.<\/p>\n            \n                <img decoding=\"async\" src=\"https:\/\/monatglobal.com\/wp-content\/uploads\/2026\/03\/we-are-modern-nature-drop-logo-eu-together.svg\" alt=\"MONAT EUROPE TOGETHET EVENT MILAN LOGO\"\/>\n            Alle Qualifizierten d\u00fcrfen sich auf ein stilvolles, exklusives und unvergessliches Erlebnis freuen. \n            <h2>F\u00fchre mit Vision. <br \/>\n            Bleib konstant. <br \/>\n            Erlebe Italien.<\/h2>\n            <a href=\"https:\/\/monatglobal.com\/de\/wp-content\/uploads\/sites\/22\/2026\/04\/GERAT_Exclusive-Italian-Experience-Incentive-FAQs_032726_v3.pdf\" target=\"_blank\">MEHR ERFAHREN<\/a>\n<\/section>\n\n","protected":false},"excerpt":{"rendered":"<p>MAILAND, ITALIEN Teatro Nazionale Samstag, 13. Juni 2026 TAGE STUNDEN MINUTEN SEKUNDEN JETZT ANMELDEN Triff Deine MONAT Familie aus ganz Europa in der wundersch\u00f6nen Stadt Mailand bei MONAT&nbsp;Europe Together &#8211; ein Event voller Inspiration, Anerkennung und besonderer Momente, die uns verbinden und gemeinsam wachsen lassen. JETZT ANMELDEN Samstag, 13. Juni 2026 ALLGEMEINE EINTRITTS-KARTEN VERF\u00dcGBAR TICKETS&hellip;<\/p>\n","protected":false},"author":47,"featured_media":109446,"parent":0,"menu_order":0,"comment_status":"closed","ping_status":"closed","template":"","meta":{"inline_featured_image":false,"om_disable_all_campaigns":false,"footnotes":""},"categories":[],"tags":[],"class_list":["post-109445","page","type-page","status-publish","has-post-thumbnail","hentry"],"aioseo_notices":[],"aioseo_head":"\n\t\t<!-- All in One SEO Pro 4.9.6 - aioseo.com -->\n\t<meta name=\"description\" content=\"MAILAND, ITALIEN Teatro Nazionale Samstag, 13. Juni 2026 TAGE STUNDEN MINUTEN SEKUNDEN JETZT ANMELDEN Triff Deine MONAT Familie aus ganz Europa in der wundersch\u00f6nen Stadt Mailand bei MONAT Europe Together - ein Event voller Inspiration, Anerkennung und besonderer Momente, die uns verbinden und gemeinsam wachsen lassen. JETZT ANMELDEN Samstag, 13. Juni 2026 ALLGEMEINE EINTRITTS-KARTEN VERF\u00dcGBAR TICKETS\" \/>\n\t<meta name=\"robots\" content=\"max-image-preview:large\" \/>\n\t<link rel=\"canonical\" href=\"https:\/\/monatglobal.com\/de\/europetogether2026\/\" \/>\n\t<meta name=\"generator\" content=\"All in One SEO Pro (AIOSEO) 4.9.6\" \/>\n\t\t<meta property=\"og:locale\" content=\"de_DE\" \/>\n\t\t<meta property=\"og:site_name\" content=\"MONAT Germany - We Are Modern Nature\u2122\" \/>\n\t\t<meta property=\"og:type\" content=\"website\" \/>\n\t\t<meta property=\"og:title\" content=\"MAILAND, ITALIEN | Teatro Nazionale | Samstag, 13. Juni 2026 - MONAT Germany\" \/>\n\t\t<meta property=\"og:description\" content=\"MAILAND, ITALIEN Teatro Nazionale Samstag, 13. Juni 2026 TAGE STUNDEN MINUTEN SEKUNDEN JETZT ANMELDEN Triff Deine MONAT Familie aus ganz Europa in der wundersch\u00f6nen Stadt Mailand bei MONAT Europe Together - ein Event voller Inspiration, Anerkennung und besonderer Momente, die uns verbinden und gemeinsam wachsen lassen. JETZT ANMELDEN Samstag, 13. Juni 2026 ALLGEMEINE EINTRITTS-KARTEN VERF\u00dcGBAR TICKETS\" \/>\n\t\t<meta property=\"og:url\" content=\"https:\/\/monatglobal.com\/de\/europetogether2026\/\" \/>\n\t\t<meta name=\"twitter:card\" content=\"summary_large_image\" \/>\n\t\t<meta name=\"twitter:title\" content=\"MAILAND, ITALIEN | Teatro Nazionale | Samstag, 13. Juni 2026 - MONAT Germany\" \/>\n\t\t<meta name=\"twitter:description\" content=\"MAILAND, ITALIEN Teatro Nazionale Samstag, 13. Juni 2026 TAGE STUNDEN MINUTEN SEKUNDEN JETZT ANMELDEN Triff Deine MONAT Familie aus ganz Europa in der wundersch\u00f6nen Stadt Mailand bei MONAT Europe Together - ein Event voller Inspiration, Anerkennung und besonderer Momente, die uns verbinden und gemeinsam wachsen lassen. JETZT ANMELDEN Samstag, 13. Juni 2026 ALLGEMEINE EINTRITTS-KARTEN VERF\u00dcGBAR TICKETS\" \/>\n\t\t<script type=\"application\/ld+json\" class=\"aioseo-schema\">\n\t\t\t{\"@context\":\"https:\\\/\\\/schema.org\",\"@graph\":[{\"@type\":\"BreadcrumbList\",\"@id\":\"https:\\\/\\\/monatglobal.com\\\/de\\\/europetogether2026\\\/#breadcrumblist\",\"itemListElement\":[{\"@type\":\"ListItem\",\"@id\":\"https:\\\/\\\/monatglobal.com\\\/de#listItem\",\"position\":1,\"name\":\"Home\",\"item\":\"https:\\\/\\\/monatglobal.com\\\/de\",\"nextItem\":{\"@type\":\"ListItem\",\"@id\":\"https:\\\/\\\/monatglobal.com\\\/de\\\/europetogether2026\\\/#listItem\",\"name\":\"MAILAND, ITALIEN | Teatro Nazionale\\u00a0| Samstag, 13. Juni 2026\"}},{\"@type\":\"ListItem\",\"@id\":\"https:\\\/\\\/monatglobal.com\\\/de\\\/europetogether2026\\\/#listItem\",\"position\":2,\"name\":\"MAILAND, ITALIEN | Teatro Nazionale\\u00a0| Samstag, 13. Juni 2026\",\"previousItem\":{\"@type\":\"ListItem\",\"@id\":\"https:\\\/\\\/monatglobal.com\\\/de#listItem\",\"name\":\"Home\"}}]},{\"@type\":\"Organization\",\"@id\":\"https:\\\/\\\/monatglobal.com\\\/de\\\/#organization\",\"name\":\"MONAT Germany\",\"description\":\"We Are Modern Nature\\u2122\",\"url\":\"https:\\\/\\\/monatglobal.com\\\/de\\\/\"},{\"@type\":\"WebPage\",\"@id\":\"https:\\\/\\\/monatglobal.com\\\/de\\\/europetogether2026\\\/#webpage\",\"url\":\"https:\\\/\\\/monatglobal.com\\\/de\\\/europetogether2026\\\/\",\"name\":\"MAILAND, ITALIEN | Teatro Nazionale | Samstag, 13. Juni 2026 - MONAT Germany\",\"description\":\"MAILAND, ITALIEN Teatro Nazionale Samstag, 13. Juni 2026 TAGE STUNDEN MINUTEN SEKUNDEN JETZT ANMELDEN Triff Deine MONAT Familie aus ganz Europa in der wundersch\\u00f6nen Stadt Mailand bei MONAT Europe Together - ein Event voller Inspiration, Anerkennung und besonderer Momente, die uns verbinden und gemeinsam wachsen lassen. JETZT ANMELDEN Samstag, 13. Juni 2026 ALLGEMEINE EINTRITTS-KARTEN VERF\\u00dcGBAR TICKETS\",\"inLanguage\":\"de-DE\",\"isPartOf\":{\"@id\":\"https:\\\/\\\/monatglobal.com\\\/de\\\/#website\"},\"breadcrumb\":{\"@id\":\"https:\\\/\\\/monatglobal.com\\\/de\\\/europetogether2026\\\/#breadcrumblist\"},\"image\":{\"@type\":\"ImageObject\",\"url\":\"https:\\\/\\\/monatglobal.com\\\/de\\\/wp-content\\\/uploads\\\/sites\\\/22\\\/2026\\\/03\\\/EuropeTogether2026_featured-image-eu.jpg\",\"@id\":\"https:\\\/\\\/monatglobal.com\\\/de\\\/europetogether2026\\\/#mainImage\",\"width\":1200,\"height\":628},\"primaryImageOfPage\":{\"@id\":\"https:\\\/\\\/monatglobal.com\\\/de\\\/europetogether2026\\\/#mainImage\"},\"datePublished\":\"2026-03-26T21:08:59+00:00\",\"dateModified\":\"2026-04-13T20:21:04+00:00\"},{\"@type\":\"WebSite\",\"@id\":\"https:\\\/\\\/monatglobal.com\\\/de\\\/#website\",\"url\":\"https:\\\/\\\/monatglobal.com\\\/de\\\/\",\"name\":\"MONAT Germany\",\"description\":\"We Are Modern Nature\\u2122\",\"inLanguage\":\"de-DE\",\"publisher\":{\"@id\":\"https:\\\/\\\/monatglobal.com\\\/de\\\/#organization\"}}]}\n\t\t<\/script>\n\t\t<!-- All in One SEO Pro -->\r\n\t\t<title>MAILAND, ITALIEN | Teatro Nazionale | Samstag, 13. Juni 2026 - MONAT Germany<\/title>\n\n","aioseo_head_json":{"title":"MAILAND, ITALIEN | Teatro Nazionale | Samstag, 13. Juni 2026 - MONAT Germany","description":"MAILAND, ITALIEN Teatro Nazionale Samstag, 13. Juni 2026 TAGE STUNDEN MINUTEN SEKUNDEN JETZT ANMELDEN Triff Deine MONAT Familie aus ganz Europa in der wundersch\u00f6nen Stadt Mailand bei MONAT Europe Together - ein Event voller Inspiration, Anerkennung und besonderer Momente, die uns verbinden und gemeinsam wachsen lassen. JETZT ANMELDEN Samstag, 13. Juni 2026 ALLGEMEINE EINTRITTS-KARTEN VERF\u00dcGBAR TICKETS","canonical_url":"https:\/\/monatglobal.com\/de\/europetogether2026\/","robots":"max-image-preview:large","keywords":"","webmasterTools":{"miscellaneous":""},"schema":{"@context":"https:\/\/schema.org","@graph":[{"@type":"BreadcrumbList","@id":"https:\/\/monatglobal.com\/de\/europetogether2026\/#breadcrumblist","itemListElement":[{"@type":"ListItem","@id":"https:\/\/monatglobal.com\/de#listItem","position":1,"name":"Home","item":"https:\/\/monatglobal.com\/de","nextItem":{"@type":"ListItem","@id":"https:\/\/monatglobal.com\/de\/europetogether2026\/#listItem","name":"MAILAND, ITALIEN | Teatro Nazionale\u00a0| Samstag, 13. Juni 2026"}},{"@type":"ListItem","@id":"https:\/\/monatglobal.com\/de\/europetogether2026\/#listItem","position":2,"name":"MAILAND, ITALIEN | Teatro Nazionale\u00a0| Samstag, 13. Juni 2026","previousItem":{"@type":"ListItem","@id":"https:\/\/monatglobal.com\/de#listItem","name":"Home"}}]},{"@type":"Organization","@id":"https:\/\/monatglobal.com\/de\/#organization","name":"MONAT Germany","description":"We Are Modern Nature\u2122","url":"https:\/\/monatglobal.com\/de\/"},{"@type":"WebPage","@id":"https:\/\/monatglobal.com\/de\/europetogether2026\/#webpage","url":"https:\/\/monatglobal.com\/de\/europetogether2026\/","name":"MAILAND, ITALIEN | Teatro Nazionale | Samstag, 13. Juni 2026 - MONAT Germany","description":"MAILAND, ITALIEN Teatro Nazionale Samstag, 13. Juni 2026 TAGE STUNDEN MINUTEN SEKUNDEN JETZT ANMELDEN Triff Deine MONAT Familie aus ganz Europa in der wundersch\u00f6nen Stadt Mailand bei MONAT Europe Together - ein Event voller Inspiration, Anerkennung und besonderer Momente, die uns verbinden und gemeinsam wachsen lassen. JETZT ANMELDEN Samstag, 13. Juni 2026 ALLGEMEINE EINTRITTS-KARTEN VERF\u00dcGBAR TICKETS","inLanguage":"de-DE","isPartOf":{"@id":"https:\/\/monatglobal.com\/de\/#website"},"breadcrumb":{"@id":"https:\/\/monatglobal.com\/de\/europetogether2026\/#breadcrumblist"},"image":{"@type":"ImageObject","url":"https:\/\/monatglobal.com\/de\/wp-content\/uploads\/sites\/22\/2026\/03\/EuropeTogether2026_featured-image-eu.jpg","@id":"https:\/\/monatglobal.com\/de\/europetogether2026\/#mainImage","width":1200,"height":628},"primaryImageOfPage":{"@id":"https:\/\/monatglobal.com\/de\/europetogether2026\/#mainImage"},"datePublished":"2026-03-26T21:08:59+00:00","dateModified":"2026-04-13T20:21:04+00:00"},{"@type":"WebSite","@id":"https:\/\/monatglobal.com\/de\/#website","url":"https:\/\/monatglobal.com\/de\/","name":"MONAT Germany","description":"We Are Modern Nature\u2122","inLanguage":"de-DE","publisher":{"@id":"https:\/\/monatglobal.com\/de\/#organization"}}]},"og:locale":"de_DE","og:site_name":"MONAT Germany - We Are Modern Nature\u2122","og:type":"website","og:title":"MAILAND, ITALIEN | Teatro Nazionale | Samstag, 13. Juni 2026 - MONAT Germany","og:description":"MAILAND, ITALIEN Teatro Nazionale Samstag, 13. Juni 2026 TAGE STUNDEN MINUTEN SEKUNDEN JETZT ANMELDEN Triff Deine MONAT Familie aus ganz Europa in der wundersch\u00f6nen Stadt Mailand bei MONAT Europe Together - ein Event voller Inspiration, Anerkennung und besonderer Momente, die uns verbinden und gemeinsam wachsen lassen. JETZT ANMELDEN Samstag, 13. Juni 2026 ALLGEMEINE EINTRITTS-KARTEN VERF\u00dcGBAR TICKETS","og:url":"https:\/\/monatglobal.com\/de\/europetogether2026\/","twitter:card":"summary_large_image","twitter:title":"MAILAND, ITALIEN | Teatro Nazionale | Samstag, 13. Juni 2026 - MONAT Germany","twitter:description":"MAILAND, ITALIEN Teatro Nazionale Samstag, 13. Juni 2026 TAGE STUNDEN MINUTEN SEKUNDEN JETZT ANMELDEN Triff Deine MONAT Familie aus ganz Europa in der wundersch\u00f6nen Stadt Mailand bei MONAT Europe Together - ein Event voller Inspiration, Anerkennung und besonderer Momente, die uns verbinden und gemeinsam wachsen lassen. JETZT ANMELDEN Samstag, 13. Juni 2026 ALLGEMEINE EINTRITTS-KARTEN VERF\u00dcGBAR TICKETS"},"aioseo_meta_data":{"post_id":"109445","title":null,"description":null,"keywords":null,"keyphrases":{"focus":{"keyphrase":"","score":0,"analysis":{"keyphraseInTitle":{"score":0,"maxScore":9,"error":1}}},"additional":[]},"primary_term":null,"canonical_url":null,"og_title":null,"og_description":null,"og_object_type":"website","og_image_type":"default","og_image_url":null,"og_image_width":null,"og_image_height":null,"og_image_custom_url":null,"og_image_custom_fields":null,"og_video":"","og_custom_url":null,"og_article_section":null,"og_article_tags":null,"twitter_use_og":false,"twitter_card":"default","twitter_image_type":"default","twitter_image_url":null,"twitter_image_custom_url":null,"twitter_image_custom_fields":null,"twitter_title":null,"twitter_description":null,"schema":{"blockGraphs":[],"customGraphs":[],"default":{"data":{"Article":[],"Course":[],"Dataset":[],"FAQPage":[],"Movie":[],"Person":[],"Product":[],"ProductReview":[],"Car":[],"Recipe":[],"Service":[],"SoftwareApplication":[],"WebPage":[]},"graphName":"WebPage","isEnabled":true},"graphs":[]},"schema_type":"default","schema_type_options":null,"pillar_content":false,"robots_default":true,"robots_noindex":false,"robots_noarchive":false,"robots_nosnippet":false,"robots_nofollow":false,"robots_noimageindex":false,"robots_noodp":false,"robots_notranslate":false,"robots_max_snippet":"-1","robots_max_videopreview":"-1","robots_max_imagepreview":"large","priority":null,"frequency":"default","local_seo":null,"seo_analyzer_scan_date":null,"limit_modified_date":false,"reviewed_by":"0","ai":{"faqs":[],"keyPoints":[],"titles":[],"descriptions":[],"socialPosts":{"email":[],"linkedin":[],"twitter":[],"facebook":[],"instagram":[]}},"created":"2026-03-26 20:02:44","updated":"2026-04-13 21:43:28"},"aioseo_breadcrumb":"<div class=\"aioseo-breadcrumbs\"><span class=\"aioseo-breadcrumb\">\n\t<a href=\"https:\/\/monatglobal.com\/de\" title=\"Home\">Home<\/a>\n<\/span><span class=\"aioseo-breadcrumb-separator\">\u00bb<\/span><span class=\"aioseo-breadcrumb\">\n\tMAILAND, ITALIEN | Teatro Nazionale | Samstag, 13. Juni 2026\n<\/span><\/div>","aioseo_breadcrumb_json":[{"label":"Home","link":"https:\/\/monatglobal.com\/de"},{"label":"MAILAND, ITALIEN | Teatro Nazionale\u00a0| Samstag, 13. Juni 2026","link":"https:\/\/monatglobal.com\/de\/europetogether2026\/"}],"_links":{"self":[{"href":"https:\/\/monatglobal.com\/de\/wp-json\/wp\/v2\/pages\/109445","targetHints":{"allow":["GET"]}}],"collection":[{"href":"https:\/\/monatglobal.com\/de\/wp-json\/wp\/v2\/pages"}],"about":[{"href":"https:\/\/monatglobal.com\/de\/wp-json\/wp\/v2\/types\/page"}],"author":[{"embeddable":true,"href":"https:\/\/monatglobal.com\/de\/wp-json\/wp\/v2\/users\/47"}],"replies":[{"embeddable":true,"href":"https:\/\/monatglobal.com\/de\/wp-json\/wp\/v2\/comments?post=109445"}],"version-history":[{"count":6,"href":"https:\/\/monatglobal.com\/de\/wp-json\/wp\/v2\/pages\/109445\/revisions"}],"predecessor-version":[{"id":109465,"href":"https:\/\/monatglobal.com\/de\/wp-json\/wp\/v2\/pages\/109445\/revisions\/109465"}],"wp:featuredmedia":[{"embeddable":true,"href":"https:\/\/monatglobal.com\/de\/wp-json\/wp\/v2\/media\/109446"}],"wp:attachment":[{"href":"https:\/\/monatglobal.com\/de\/wp-json\/wp\/v2\/media?parent=109445"}],"wp:term":[{"taxonomy":"category","embeddable":true,"href":"https:\/\/monatglobal.com\/de\/wp-json\/wp\/v2\/categories?post=109445"},{"taxonomy":"post_tag","embeddable":true,"href":"https:\/\/monatglobal.com\/de\/wp-json\/wp\/v2\/tags?post=109445"}],"curies":[{"name":"wp","href":"https:\/\/api.w.org\/{rel}","templated":true}]}}