{"id":109402,"date":"2026-03-11T16:19:27","date_gmt":"2026-03-11T16:19:27","guid":{"rendered":"https:\/\/monatglobal.com\/de\/?page_id=109402"},"modified":"2026-03-19T14:20:05","modified_gmt":"2026-03-19T14:20:05","slug":"irt-shampoo","status":"publish","type":"page","link":"https:\/\/monatglobal.com\/de\/irt-shampoo\/","title":{"rendered":"IR Clinical\u2122 Verdickendes Shampoo |\u00a0MONAT\u00a0Haarpflegeprodukte"},"content":{"rendered":"\n\n\t<!--Title: IR Clinical\u2122 Verdickendes Shampoo | MONAT Haarpflegeprodukte-->\n<!--Meta:  Ein Shampoo mit einer Kombination aus haarverdichtenden und st\u00e4rkenden Inhaltsstoffen, das f\u00fcr voller und dichter aussehendes Haar sorgt und gleichzeitig vor Sch\u00e4den durch B\u00fcrsten und K\u00e4mmen sch\u00fctzt.*--> \n<link rel=\"stylesheet\" href=\"https:\/\/unpkg.com\/swiper\/swiper-bundle.min.css\" \/>\n<link rel=\"stylesheet\" href=\"https:\/\/monatglobal.com\/wp-content\/creative_css\/product_styles_sheet.css\" \/>\n\t<!--==================================================== ECOMM SECTION ====================================================-->\n\t<p>BESTSELLER<\/p>\n\t\t<!--==================================================== Ecomm image ====================================================-->\n\t\t<img decoding=\"async\" alt=\"Product shot of IR Clinical\u2122 Thickening Shampoo.\" src=\"https:\/\/monatglobal.com\/wp-content\/uploads\/2022\/08\/IR-CLINICAL-THICKENING-SHAMPOO_ecomm-2022_web-page.png\" loading=\"lazy\"\/> \n\t\t<!--==================================================== Ecomm information  ====================================================-->\n\t\t\t\n\t\t\t<p>BESTSELLER<\/p>\n\t\t\t<p>IR Clinical\u2122<\/p>\n\t\t\t<h1>Verdickendes<br \/>Shampoo <\/h1> \n\t\t\t\n\t\t\t<p>    Bietet ein belebendes Reinigungserlebnis und sorgt f\u00fcr dickeres, voller aussehendes Haar.*<\/p> \n\t\t\t<p>*Basierend auf instrumentellen Tests zur Messung des Haardurchmessers nach der Anwendung.<\/p>\n\t\t\t<p>237 ml \u212e 8 fl. oz.<\/p>   \n\t\t<!--==================================================== pricing box  ====================================================-->\n      <p>Einzelhandelspreis<br \/>00.00 \u20ac<\/p>\n      <p>Preis f\u00fcr VIP-Kunden<br \/>00.00 \u20ac<\/p>\n\t\t<!--==================================================== pricing box  ====================================================-->\n\t\t\t<p>Um mehr \u00fcber IR Clinical\u2122 Verdickendes Shampoo zu erfahren, wende Dich bitte an Deinen MONAT&nbsp;Markenpartner.<\/p>\n\t\t<a href=\"\" target=\"_blank\" role=\"button\" aria-label=\"\"><\/a>\n\t<!--==================================================== \/ECOMM SECTION  ====================================================-->\n\t<!--==================================================== Benefits image ====================================================-->\n\t\n\t\t<source media=\"(max-width: 700px)\" srcset=\"https:\/\/monatglobal.com\/wp-content\/uploads\/2022\/08\/benefits-mobile-Ir-clinical-shampoo.jpg\" loading=\"lazy\"\/>\n\t\t\t<img decoding=\"async\" alt=\"Blonde female infront of a white background.\" src=\"https:\/\/monatglobal.com\/wp-content\/uploads\/2022\/08\/IRC-Shampoo-desktop-benefits.jpg\" loading=\"lazy\"\/>\n\t\t\n\t\t<!--==================================================== Benefits text ====================================================-->\n\t\t\t\t<h2>VORTEILE<\/h2>\n\t\t\t\t<h3>Mach Dich bereit, Haarausfall zu bek\u00e4mpfen und kr\u00e4ftigeres, volleres und strahlenderes Haar zu enth\u00fcllen!*\u00a0Diese klinisch entwickelte Formel befreit das Haar von Talg und Umweltr\u00fcckst\u00e4nden\u00a0und verdickt das Haar bei wiederholter&nbsp;Anwendung.**<\/h3>\n                     *Basierend auf einer Haarbruchstudie durch K\u00e4mmen und B\u00fcrsten.<br \/>\n                      **Basierend auf der Messung des Haardurchmessers nach zwei Anwendungen. \n\t\t\t\t<!--==================================================== features image  ====================================================-->\n\t\t\t\t<img decoding=\"async\" alt=\"Petri dishes with different ingredients sitting on a lavendar surface.\" src=\"https:\/\/monatglobal.com\/wp-content\/uploads\/2022\/08\/IR-Clinical-ingredients-mobile-.jpg\" loading=\"lazy\"\/>\n\t\t\t<!--==================================================== features text ====================================================-->\n\t\t\t\t\t<h3>Eigenschaften<\/h3>  \n\t\t\t\t\t    <p>\/ CAPIXYL\u2122 zur St\u00e4rkung, Verdichtung und F\u00f6rderung der Haardichte<\/p>\n\t\t\t\t\t\t<p>\/ REJUVENIQE<sup>\u00ae<\/sup> mit Omega-Fetts\u00e4uren, Antioxidantien &#038; N\u00e4hrstoffen<\/p>\n\t\t\t\t\t\t<p>\/ Erbsenextrakt f\u00fcr ges\u00fcnder aussehendes Haar<\/p>\n\t\t\t\t\t\t<br \/>\n\t\t\t\t\t<p>Duft \/ Erfrischende Noten von Rosmarin\u00f6l und Minze<\/p>\n\t\t\t\t\t<p> Textur \/ Reichhaltiges, sch\u00e4umendes Shampoo<\/p>\n\t\t<!--==================================================== composition image mobile ====================================================-->\n\t\t<img decoding=\"async\" alt=\"IR Clinical\u2122 Thickening Shampoo on a white surface, infront of test tubes filled with purple liquid.\" src=\"https:\/\/monatglobal.com\/wp-content\/uploads\/2022\/08\/IR-Clinical-Shampo-Comp1.jpg\" loading=\"lazy\"\/>\n\t\t<!--==================================================== Why it works text ====================================================-->\n\t\t\t<h2>Dickeres, voller aussehendes Haar*<\/h2>\n\t\t\t<h3> Dickeres, voller aussehendes Haar* <\/h3>\n             <p>*Basierend auf instrumentellen Tests zur Messung des Haardurchmessers nach der Anwendung.<\/p> \n              <p>Eine einzigartige Mischung aus haarverdichtenden und st\u00e4rkenden Aktivstoffen, Extrakten und REJUVENIQE<sup>\u00ae<\/sup> unterst\u00fctzt das Bed\u00fcrfnis nach vollerem, kr\u00e4ftigerem Haar und sorgt f\u00fcr ein belebendes Shampoo-Erlebnis. <\/p>\n\t<!--==================================================== Composition section ====================================================-->\n\t\t\t<img decoding=\"async\" alt=\"IR Clinical\u2122 Thickening Shampoo on a white surface, infront of test tubes filled with purple liquid.\" src=\"https:\/\/monatglobal.com\/wp-content\/uploads\/2022\/08\/IR-Clinical-Shampo-Comp1.jpg\" loading=\"lazy\"\/>\n\t\t\t<img decoding=\"async\" alt=\"A blonde female washing her hair in the shower, overlaying a photo of bubbles on a purple background.\" src=\"https:\/\/monatglobal.com\/wp-content\/uploads\/2022\/08\/IR-Clinical-Composition-2.jpg\" loading=\"lazy\"\/>\n\t\t\t\t\t<!--==================================================== Directions text ====================================================--> \n\t\t\t\t\t\t<h3>Anwendung<\/h3>\n\t\t\t\t\t\t\t<p>\/ Auf das nasse Haar auftragen.<\/p>\n\t\t\t\t\t\t\t<p>\/ 1-2 Minuten aufsch\u00e4umen lassen, dann aussp\u00fclen und wiederholen.<\/p>\n\t\t\t\t\t\t\t<p>\/ Anschlie\u00dfend IR Clinical\u2122 Verdickende Sp\u00fclung verwenden.<\/p>\n\t\t\t\t\t<!--==================================================== Directions video ====================================================-->\n\t\t<p>IR Clinical\u2122<br \/>Verdickendes Shampoo<br \/><\/p>\n\t<a href=\"\" target=\"_blank\"  role=\"button\" aria-label=\"\"><\/a>\n\t<!--==================================================== Ingredients section  ====================================================-->\n\t\t<h2>Wichtige Inhaltsstoffe<\/h2>\n\t<img decoding=\"async\" src=\"https:\/\/monatglobal.com\/wp-content\/uploads\/2022\/11\/Rosemary-Oil.svg\" alt=\"Rosemary Oil\"\/>\n\t<p>Rosmarin\u00f6l<\/p>\n\t\t<img decoding=\"async\" src=\"https:\/\/monatglobal.com\/wp-content\/uploads\/2022\/11\/Peppermint-Oil.svg\" alt=\"Peppermint Oil\"\/>\n\t<p>Pfefferminz\u00f6l<\/p>\n\t\t\t<img decoding=\"async\" src=\"https:\/\/monatglobal.com\/wp-content\/uploads\/2022\/11\/REJUVENIQE\u2122.svg\" alt=\"REJUVENIQE\u2122\"\/>\n\t\t\t\t<p>REJUVENIQE<sup>\u00ae<\/sup><\/p>\n\t\t<img decoding=\"async\" src=\"https:\/\/monatglobal.com\/wp-content\/uploads\/2022\/11\/capixyl.svg\" alt=\"Capixyl\u2122 Icon\"\/>\n\t\t\t<p>CAPIXYL\u2122 <\/p>\n\t\t<img decoding=\"async\" src=\"https:\/\/monatglobal.com\/wp-content\/uploads\/2022\/11\/Pea-extract.svg\" alt=\"Pea Extract\"\/>\n\t\t<p>Erbsenextrakt<\/p>\n<img decoding=\"async\" src=\"https:\/\/monatglobal.com\/wp-content\/uploads\/2022\/08\/Vegan-uv-protect.svg\"\/>\t\n\t<p>Veganer UV-Schutz<\/p>\n\t<button id=\"myBtn\" type=\"button\">Alle Inhaltsstoffe ansehen<\/button>\n\t<!--==================================================== Modal content  ====================================================-->\n\t\t&times;\n\t\t<p>Aqua\/Water\/Eau, Sodium Lauroyl Methyl Isethionate, Sodium Cocoyl Isethionate, Acrylates Copolymer, Lauramidopropyl Betaine, Glycol Distearate, Glycereth-26, Cetearyl Alcohol, Pisum Sativum (Pea) Extract, Acetyl Tetrapeptide-3, Trifolium Pratense (Clover) Flower Extract, Limnanthes Alba (Meadowfoam) Seed Oil, Crambe Abyssinica Seed Oil, Camellia Oleifera Seed Oil, Solanum Lycopersicum (Tomato) Seed Oil, Daucus Carota Sativa (Carrot) Seed Oil, Citrus Limon (Lemon) Peel Oil, Citrus Aurantifolia (Lime) Oil, Citrus Aurantium Bergamia (Bergamot) Fruit Oil, Adansonia Digitata Oil, Mauritia Flexuosa Fruit Oil, Cocos Nucifera (Coconut) Oil, Gardenia Taitensis Flower Extract, Moringa Oleifera Seed Oil, Caryocar Brasiliense Fruit Oil, Helianthus Annuus (Sunflower) Seed Oil, Mentha Piperita (Peppermint) Oil, Rosmarinus Officinalis (Rosemary) Leaf Oil, Glycerin, Cinnamidopropyltrimonium Chloride, Dextran, Polyquaternium-7, Butylene Glycol, Citric Acid, Vanillyl Butyl Ether, Polyquaternium-10, Disodium EDTA, Sodium Hydroxide, Benzyl Alcohol, Caprylyl Glycol, Benzoic Acid, Sodium Isethionate, Coconut Aid, Trisodium Ethylenediamine Disuccinate, Sodium Benzoate.<\/p>\n<!--==================================================== You might also like section ====================================================-->\n\t<h2>DAS K\u00d6NNTE DIR AUCH GEFALLEN<\/h2>\n\t<!--==================================================== Slider YOU MIGHT ALSO LIKE ====================================================-->\n\t<!---->\n\t<!--\t-->\n\t\t\t<!--==================================================== Slides products ====================================================-->\n\t<!--\t\t-->\n\t<!--\t\t\t<a href=\"\/intense-repair-treatment-conditioner\/\" aria-label=\"Go to IR Clinical\u2122 Thickening Conditioner page\">-->\n\t<!--\t\t\t\t<img decoding=\"async\" src=\"https:\/\/monatglobal.com\/wp-content\/uploads\/2022\/12\/IR-CLINICAL-THICKENING-CONDITIONER_E_comm-min.png\" alt=\"IR Clinical\u2122 Thickening Conditioner\" loading=\"lazy\"\/>-->\n\t<!--\t\t\t\t<p>IR Clinical\u2122 <br \/> Verdickende Sp\u00fclung<\/p>-->\n\t<!--\t\t\t<\/a>-->\n\t<!--\t\t-->\n\t<!--\t\t-->\n\t<!--\t\t\t<a href=\"\/intense-repair-serum\/\" aria-label=\"Go to IR Clinical\u2122 Thinning Defense Scalp Serum  page\">-->\n\t<!--\t\t\t\t<img decoding=\"async\" src=\"https:\/\/monatglobal.com\/wp-content\/uploads\/2022\/12\/IR-CLINICAL-HAIR-THINNING-DEFENSE-SERUM_E_comm-min.png\" alt=\"IR Clinical\u2122 Thinning Defense Scalp Serum\" loading=\"lazy\"\/>-->\n\t<!--\t\t\t\t<p>IR Clinical\u2122  <br \/>Kopfhautserum gegen d\u00fcnner werdendes Haar <\/p>-->\n\t<!--\t\t\t<\/a>-->\n\t<!--\t\t-->\n\t<!--\t\t-->\n\t<!--\t\t\t<a href=\"\/volume-spray\/\" aria-label=\"Go to STUDIO ONE\u2122 Volume and Lift Spray page\">-->\n\t<!--\t\t\t\t<img decoding=\"async\" src=\"https:\/\/monatglobal.com\/wp-content\/uploads\/2022\/12\/STUDIO-ONE-VOLUME-LIFT-SPRAY_-ecomm-min.png\" alt=\"STUDIO ONE\u2122 Volume and Lift Spray\" loading=\"lazy\"\/>-->\n\t<!--\t\t\t\t<p>STUDIO ONE\u2122 <br \/> Volumen-Spray<\/p>-->\n\t<!--\t\t\t<\/a>-->\n\t<!--\t\t-->\n\t<!--\t-->\n\t\t<!--==================================================== If we need navigation buttons  ====================================================-->\n\t\t<!--==================================================== If we need paginations  ====================================================-->\n              <!--If we need navigation buttons -->\n              <!--If we need paginations -->\n    <a href=\"\" aria-label=\"\"><\/a>\n<!--==================================================== this link has to go last for it to work   ====================================================-->\n\n","protected":false},"excerpt":{"rendered":"<p>BESTSELLER BESTSELLER IR Clinical\u2122 VerdickendesShampoo Bietet ein belebendes Reinigungserlebnis und sorgt f\u00fcr dickeres, voller aussehendes Haar.* *Basierend auf instrumentellen Tests zur Messung des Haardurchmessers nach der Anwendung. 237 ml \u212e 8 fl. oz. Einzelhandelspreis00.00 \u20ac Preis f\u00fcr VIP-Kunden00.00 \u20ac Um mehr \u00fcber IR Clinical\u2122 Verdickendes Shampoo zu erfahren, wende Dich bitte an Deinen MONAT&nbsp;Markenpartner. VORTEILE&hellip;<\/p>\n","protected":false},"author":57,"featured_media":109403,"parent":0,"menu_order":0,"comment_status":"closed","ping_status":"closed","template":"","meta":{"inline_featured_image":false,"om_disable_all_campaigns":false,"footnotes":""},"categories":[17],"tags":[],"class_list":["post-109402","page","type-page","status-publish","has-post-thumbnail","hentry","category-product-de"],"aioseo_notices":[],"aioseo_head":"\n\t\t<!-- All in One SEO Pro 4.9.5.2 - aioseo.com -->\n\t<meta name=\"description\" content=\"Ein Shampoo mit einer Kombination aus haarverdichtenden und st\u00e4rkenden Inhaltsstoffen, das f\u00fcr voller und dichter aussehendes Haar sorgt und gleichzeitig vor Sch\u00e4den durch B\u00fcrsten und K\u00e4mmen sch\u00fctzt.*\" \/>\n\t<meta name=\"robots\" content=\"max-image-preview:large\" \/>\n\t<link rel=\"canonical\" href=\"https:\/\/monatglobal.com\/de\/irt-shampoo\/\" \/>\n\t<meta name=\"generator\" content=\"All in One SEO Pro (AIOSEO) 4.9.5.2\" \/>\n\t\t<meta property=\"og:locale\" content=\"de_DE\" \/>\n\t\t<meta property=\"og:site_name\" content=\"MONAT Germany - We Are Modern Nature\u2122\" \/>\n\t\t<meta property=\"og:type\" content=\"article\" \/>\n\t\t<meta property=\"og:title\" content=\"IR Clinical\u2122 Verdickendes Shampoo | MONAT Haarpflegeprodukte\" \/>\n\t\t<meta property=\"og:description\" content=\"Ein Shampoo mit einer Kombination aus haarverdichtenden und st\u00e4rkenden Inhaltsstoffen, das f\u00fcr voller und dichter aussehendes Haar sorgt und gleichzeitig vor Sch\u00e4den durch B\u00fcrsten und K\u00e4mmen sch\u00fctzt.*\" \/>\n\t\t<meta property=\"og:url\" content=\"https:\/\/monatglobal.com\/de\/irt-shampoo\/\" \/>\n\t\t<meta property=\"article:published_time\" content=\"2026-03-11T16:19:27+00:00\" \/>\n\t\t<meta property=\"article:modified_time\" content=\"2026-03-19T14:20:05+00:00\" \/>\n\t\t<meta name=\"twitter:card\" content=\"summary_large_image\" \/>\n\t\t<meta name=\"twitter:title\" content=\"IR Clinical\u2122 Verdickendes Shampoo | MONAT Haarpflegeprodukte\" \/>\n\t\t<meta name=\"twitter:description\" content=\"Ein Shampoo mit einer Kombination aus haarverdichtenden und st\u00e4rkenden Inhaltsstoffen, das f\u00fcr voller und dichter aussehendes Haar sorgt und gleichzeitig vor Sch\u00e4den durch B\u00fcrsten und K\u00e4mmen sch\u00fctzt.*\" \/>\n\t\t<script type=\"application\/ld+json\" class=\"aioseo-schema\">\n\t\t\t{\"@context\":\"https:\\\/\\\/schema.org\",\"@graph\":[{\"@type\":\"BreadcrumbList\",\"@id\":\"https:\\\/\\\/monatglobal.com\\\/de\\\/irt-shampoo\\\/#breadcrumblist\",\"itemListElement\":[{\"@type\":\"ListItem\",\"@id\":\"https:\\\/\\\/monatglobal.com\\\/de#listItem\",\"position\":1,\"name\":\"Home\",\"item\":\"https:\\\/\\\/monatglobal.com\\\/de\",\"nextItem\":{\"@type\":\"ListItem\",\"@id\":\"https:\\\/\\\/monatglobal.com\\\/de\\\/irt-shampoo\\\/#listItem\",\"name\":\"IR Clinical\\u2122 Verdickendes Shampoo |\\u00a0MONAT\\u00a0Haarpflegeprodukte\"}},{\"@type\":\"ListItem\",\"@id\":\"https:\\\/\\\/monatglobal.com\\\/de\\\/irt-shampoo\\\/#listItem\",\"position\":2,\"name\":\"IR Clinical\\u2122 Verdickendes Shampoo |\\u00a0MONAT\\u00a0Haarpflegeprodukte\",\"previousItem\":{\"@type\":\"ListItem\",\"@id\":\"https:\\\/\\\/monatglobal.com\\\/de#listItem\",\"name\":\"Home\"}}]},{\"@type\":\"Organization\",\"@id\":\"https:\\\/\\\/monatglobal.com\\\/de\\\/#organization\",\"name\":\"MONAT Germany\",\"description\":\"We Are Modern Nature\\u2122\",\"url\":\"https:\\\/\\\/monatglobal.com\\\/de\\\/\"},{\"@type\":\"WebPage\",\"@id\":\"https:\\\/\\\/monatglobal.com\\\/de\\\/irt-shampoo\\\/#webpage\",\"url\":\"https:\\\/\\\/monatglobal.com\\\/de\\\/irt-shampoo\\\/\",\"name\":\"IR Clinical\\u2122 Verdickendes Shampoo | MONAT Haarpflegeprodukte\",\"description\":\"Ein Shampoo mit einer Kombination aus haarverdichtenden und st\\u00e4rkenden Inhaltsstoffen, das f\\u00fcr voller und dichter aussehendes Haar sorgt und gleichzeitig vor Sch\\u00e4den durch B\\u00fcrsten und K\\u00e4mmen sch\\u00fctzt.*\",\"inLanguage\":\"de-DE\",\"isPartOf\":{\"@id\":\"https:\\\/\\\/monatglobal.com\\\/de\\\/#website\"},\"breadcrumb\":{\"@id\":\"https:\\\/\\\/monatglobal.com\\\/de\\\/irt-shampoo\\\/#breadcrumblist\"},\"image\":{\"@type\":\"ImageObject\",\"url\":\"https:\\\/\\\/monatglobal.com\\\/de\\\/wp-content\\\/uploads\\\/sites\\\/22\\\/2026\\\/03\\\/IR-CLINICAL-THICKENING-SHAMPOO_ecomm-2022_web-page.png\",\"@id\":\"https:\\\/\\\/monatglobal.com\\\/de\\\/irt-shampoo\\\/#mainImage\",\"width\":641,\"height\":800},\"primaryImageOfPage\":{\"@id\":\"https:\\\/\\\/monatglobal.com\\\/de\\\/irt-shampoo\\\/#mainImage\"},\"datePublished\":\"2026-03-11T16:19:27+00:00\",\"dateModified\":\"2026-03-19T14:20:05+00:00\"},{\"@type\":\"WebSite\",\"@id\":\"https:\\\/\\\/monatglobal.com\\\/de\\\/#website\",\"url\":\"https:\\\/\\\/monatglobal.com\\\/de\\\/\",\"name\":\"MONAT Germany\",\"description\":\"We Are Modern Nature\\u2122\",\"inLanguage\":\"de-DE\",\"publisher\":{\"@id\":\"https:\\\/\\\/monatglobal.com\\\/de\\\/#organization\"}}]}\n\t\t<\/script>\n\t\t<!-- All in One SEO Pro -->\r\n\t\t<title>IR Clinical\u2122 Verdickendes Shampoo | MONAT Haarpflegeprodukte<\/title>\n\n","aioseo_head_json":{"title":"IR Clinical\u2122 Verdickendes Shampoo | MONAT Haarpflegeprodukte","description":"Ein Shampoo mit einer Kombination aus haarverdichtenden und st\u00e4rkenden Inhaltsstoffen, das f\u00fcr voller und dichter aussehendes Haar sorgt und gleichzeitig vor Sch\u00e4den durch B\u00fcrsten und K\u00e4mmen sch\u00fctzt.*","canonical_url":"https:\/\/monatglobal.com\/de\/irt-shampoo\/","robots":"max-image-preview:large","keywords":"","webmasterTools":{"miscellaneous":""},"schema":{"@context":"https:\/\/schema.org","@graph":[{"@type":"BreadcrumbList","@id":"https:\/\/monatglobal.com\/de\/irt-shampoo\/#breadcrumblist","itemListElement":[{"@type":"ListItem","@id":"https:\/\/monatglobal.com\/de#listItem","position":1,"name":"Home","item":"https:\/\/monatglobal.com\/de","nextItem":{"@type":"ListItem","@id":"https:\/\/monatglobal.com\/de\/irt-shampoo\/#listItem","name":"IR Clinical\u2122 Verdickendes Shampoo |\u00a0MONAT\u00a0Haarpflegeprodukte"}},{"@type":"ListItem","@id":"https:\/\/monatglobal.com\/de\/irt-shampoo\/#listItem","position":2,"name":"IR Clinical\u2122 Verdickendes Shampoo |\u00a0MONAT\u00a0Haarpflegeprodukte","previousItem":{"@type":"ListItem","@id":"https:\/\/monatglobal.com\/de#listItem","name":"Home"}}]},{"@type":"Organization","@id":"https:\/\/monatglobal.com\/de\/#organization","name":"MONAT Germany","description":"We Are Modern Nature\u2122","url":"https:\/\/monatglobal.com\/de\/"},{"@type":"WebPage","@id":"https:\/\/monatglobal.com\/de\/irt-shampoo\/#webpage","url":"https:\/\/monatglobal.com\/de\/irt-shampoo\/","name":"IR Clinical\u2122 Verdickendes Shampoo | MONAT Haarpflegeprodukte","description":"Ein Shampoo mit einer Kombination aus haarverdichtenden und st\u00e4rkenden Inhaltsstoffen, das f\u00fcr voller und dichter aussehendes Haar sorgt und gleichzeitig vor Sch\u00e4den durch B\u00fcrsten und K\u00e4mmen sch\u00fctzt.*","inLanguage":"de-DE","isPartOf":{"@id":"https:\/\/monatglobal.com\/de\/#website"},"breadcrumb":{"@id":"https:\/\/monatglobal.com\/de\/irt-shampoo\/#breadcrumblist"},"image":{"@type":"ImageObject","url":"https:\/\/monatglobal.com\/de\/wp-content\/uploads\/sites\/22\/2026\/03\/IR-CLINICAL-THICKENING-SHAMPOO_ecomm-2022_web-page.png","@id":"https:\/\/monatglobal.com\/de\/irt-shampoo\/#mainImage","width":641,"height":800},"primaryImageOfPage":{"@id":"https:\/\/monatglobal.com\/de\/irt-shampoo\/#mainImage"},"datePublished":"2026-03-11T16:19:27+00:00","dateModified":"2026-03-19T14:20:05+00:00"},{"@type":"WebSite","@id":"https:\/\/monatglobal.com\/de\/#website","url":"https:\/\/monatglobal.com\/de\/","name":"MONAT Germany","description":"We Are Modern Nature\u2122","inLanguage":"de-DE","publisher":{"@id":"https:\/\/monatglobal.com\/de\/#organization"}}]},"og:locale":"de_DE","og:site_name":"MONAT Germany - We Are Modern Nature\u2122","og:type":"article","og:title":"IR Clinical\u2122 Verdickendes Shampoo | MONAT Haarpflegeprodukte","og:description":"Ein Shampoo mit einer Kombination aus haarverdichtenden und st\u00e4rkenden Inhaltsstoffen, das f\u00fcr voller und dichter aussehendes Haar sorgt und gleichzeitig vor Sch\u00e4den durch B\u00fcrsten und K\u00e4mmen sch\u00fctzt.*","og:url":"https:\/\/monatglobal.com\/de\/irt-shampoo\/","article:published_time":"2026-03-11T16:19:27+00:00","article:modified_time":"2026-03-19T14:20:05+00:00","twitter:card":"summary_large_image","twitter:title":"IR Clinical\u2122 Verdickendes Shampoo | MONAT Haarpflegeprodukte","twitter:description":"Ein Shampoo mit einer Kombination aus haarverdichtenden und st\u00e4rkenden Inhaltsstoffen, das f\u00fcr voller und dichter aussehendes Haar sorgt und gleichzeitig vor Sch\u00e4den durch B\u00fcrsten und K\u00e4mmen sch\u00fctzt.*"},"aioseo_meta_data":{"post_id":"109402","title":"IR Clinical\u2122 Verdickendes Shampoo | MONAT Haarpflegeprodukte","description":"Ein Shampoo mit einer Kombination aus haarverdichtenden und st\u00e4rkenden Inhaltsstoffen, das f\u00fcr voller und dichter aussehendes Haar sorgt und gleichzeitig vor Sch\u00e4den durch B\u00fcrsten und K\u00e4mmen sch\u00fctzt.*","keywords":null,"keyphrases":{"focus":{"keyphrase":"","score":0,"analysis":{"keyphraseInTitle":{"score":0,"maxScore":9,"error":1}}},"additional":[]},"primary_term":null,"canonical_url":null,"og_title":null,"og_description":null,"og_object_type":"default","og_image_type":"default","og_image_url":null,"og_image_width":null,"og_image_height":null,"og_image_custom_url":null,"og_image_custom_fields":null,"og_video":"","og_custom_url":null,"og_article_section":null,"og_article_tags":null,"twitter_use_og":false,"twitter_card":"default","twitter_image_type":"default","twitter_image_url":null,"twitter_image_custom_url":null,"twitter_image_custom_fields":null,"twitter_title":null,"twitter_description":null,"schema":{"blockGraphs":[],"customGraphs":[],"default":{"data":{"Article":[],"Course":[],"Dataset":[],"FAQPage":[],"Movie":[],"Person":[],"Product":[],"ProductReview":[],"Car":[],"Recipe":[],"Service":[],"SoftwareApplication":[],"WebPage":[]},"graphName":"WebPage","isEnabled":true},"graphs":[]},"schema_type":"default","schema_type_options":null,"pillar_content":false,"robots_default":true,"robots_noindex":false,"robots_noarchive":false,"robots_nosnippet":false,"robots_nofollow":false,"robots_noimageindex":false,"robots_noodp":false,"robots_notranslate":false,"robots_max_snippet":"-1","robots_max_videopreview":"-1","robots_max_imagepreview":"large","priority":null,"frequency":"default","local_seo":null,"seo_analyzer_scan_date":null,"limit_modified_date":false,"reviewed_by":"0","ai":{"faqs":[],"keyPoints":[],"titles":[],"descriptions":[],"socialPosts":{"email":[],"linkedin":[],"twitter":[],"facebook":[],"instagram":[]}},"created":"2026-03-11 16:18:21","updated":"2026-03-19 20:28:16"},"aioseo_breadcrumb":"<div class=\"aioseo-breadcrumbs\"><span class=\"aioseo-breadcrumb\">\n\t<a href=\"https:\/\/monatglobal.com\/de\" title=\"Home\">Home<\/a>\n<\/span><span class=\"aioseo-breadcrumb-separator\">\u00bb<\/span><span class=\"aioseo-breadcrumb\">\n\tIR Clinical\u2122 Verdickendes Shampoo | MONAT Haarpflegeprodukte\n<\/span><\/div>","aioseo_breadcrumb_json":[{"label":"Home","link":"https:\/\/monatglobal.com\/de"},{"label":"IR Clinical\u2122 Verdickendes Shampoo |\u00a0MONAT\u00a0Haarpflegeprodukte","link":"https:\/\/monatglobal.com\/de\/irt-shampoo\/"}],"_links":{"self":[{"href":"https:\/\/monatglobal.com\/de\/wp-json\/wp\/v2\/pages\/109402","targetHints":{"allow":["GET"]}}],"collection":[{"href":"https:\/\/monatglobal.com\/de\/wp-json\/wp\/v2\/pages"}],"about":[{"href":"https:\/\/monatglobal.com\/de\/wp-json\/wp\/v2\/types\/page"}],"author":[{"embeddable":true,"href":"https:\/\/monatglobal.com\/de\/wp-json\/wp\/v2\/users\/57"}],"replies":[{"embeddable":true,"href":"https:\/\/monatglobal.com\/de\/wp-json\/wp\/v2\/comments?post=109402"}],"version-history":[{"count":16,"href":"https:\/\/monatglobal.com\/de\/wp-json\/wp\/v2\/pages\/109402\/revisions"}],"predecessor-version":[{"id":109438,"href":"https:\/\/monatglobal.com\/de\/wp-json\/wp\/v2\/pages\/109402\/revisions\/109438"}],"wp:featuredmedia":[{"embeddable":true,"href":"https:\/\/monatglobal.com\/de\/wp-json\/wp\/v2\/media\/109403"}],"wp:attachment":[{"href":"https:\/\/monatglobal.com\/de\/wp-json\/wp\/v2\/media?parent=109402"}],"wp:term":[{"taxonomy":"category","embeddable":true,"href":"https:\/\/monatglobal.com\/de\/wp-json\/wp\/v2\/categories?post=109402"},{"taxonomy":"post_tag","embeddable":true,"href":"https:\/\/monatglobal.com\/de\/wp-json\/wp\/v2\/tags?post=109402"}],"curies":[{"name":"wp","href":"https:\/\/api.w.org\/{rel}","templated":true}]}}