{"id":109395,"date":"2026-03-10T17:37:33","date_gmt":"2026-03-10T17:37:33","guid":{"rendered":"https:\/\/monatglobal.com\/de\/?page_id=109395"},"modified":"2026-03-19T14:33:30","modified_gmt":"2026-03-19T14:33:30","slug":"volumizing-revive-shampoo","status":"publish","type":"page","link":"https:\/\/monatglobal.com\/de\/volumizing-revive-shampoo\/","title":{"rendered":"Volumenverst\u00e4rkendes Revive\u2122\ufe0f Shampoo I MONAT Haarpflegeprodukte"},"content":{"rendered":"\n\n\t<link rel=\"stylesheet\" href=\"https:\/\/unpkg.com\/swiper\/swiper-bundle.min.css\" \/>\n<link rel=\"stylesheet\" href=\"\/wp-content\/creative_css\/product_styles_sheet.css\" \/> \n    <!--==================================================== ECOMM SECTION ====================================================-->\n    <p>BEST SELLER<\/p>\n        <!--==================================================== Ecomm image ====================================================-->\n        <img decoding=\"async\" src=\"https:\/\/monatglobal.com\/nz\/wp-content\/uploads\/sites\/15\/2022\/10\/volumizing-revive-shampoo-ecomm.jpg\" alt=\"Product shot of Volumizing Revive Shampoo.\" loading=\"lazy\"\/>\n        <!--==================================================== Ecomm information  ====================================================-->\n            \n            <p>BESTSELLER<\/p>\n            <h1>Volumenverst\u00e4rkendes Revive\u2122 Shampoo<\/h1>\n            <p>Angereichert mit REJUVENIQE<sup>\u00ae<\/sup><\/p>\n            <p>Ein schwereloses Shampoo f\u00fcr mehr Volumen bei feinem, plattem Haar.<\/p>\n            <p>237 ml \u212e 8.0 fl. oz.<\/p>\n          <!--==================================================== pricing box  ====================================================-->   \n         <p>Einzelhandelspreis<br \/>00.00 \u20ac<\/p>\n         <p>Preis f\u00fcr VIP-Kunden<br \/>00.00 \u20ac<\/p>\n          <!--==================================================== pricing box  ====================================================-->   \n            <p>Um mehr \u00fcber Volumenverst\u00e4rkendes Revive\u2122 Shampoo zu erfahren, wende Dich bitte an Deinen MONAT Markenpartner.<\/p>\n      <a href=\"\" target=\"_blank\" role=\"button\" aria-label=\"\"><\/a>\n    <!--==================================================== \/ECOMM SECTION  ====================================================-->\n   <!--==================================================== Benefits image ====================================================-->\n   \n      <source media=\"(max-width: 700px)\" srcset=\"https:\/\/monatglobal.com\/nz\/wp-content\/uploads\/sites\/15\/2022\/10\/volumizing-revive-shampoo-benefits-mobile.jpg\" loading=\"lazy\"\/>\n      <img decoding=\"async\" alt=\"Brunette female smiling and holding the Volumizing Revive Shampoo against her face.\" \n      src=\"https:\/\/monatglobal.com\/nz\/wp-content\/uploads\/sites\/15\/2022\/10\/volumizing-revive-shampoo-benefits.jpg\" loading=\"lazy\"\/>\n   \n   <!--==================================================== Benefits text ====================================================-->\n         <h2>VORTEILE<\/h2>\n         <h3>Entfernt Schmutz, \u00d6l und Styling-R\u00fcckst\u00e4nde und verleiht feinem, platt wirkendem Haar luftiges Volumen, Geschmeidigkeit und strahlenden Glanz. <\/h3>\n         <p>Erh\u00e4lt die nat\u00fcrliche Feuchtigkeit des Haares und sch\u00fctzt vor Sch\u00e4den durch B\u00fcrsten oder K\u00e4mmen. Ideal f\u00fcr feines bis mittleres Haar, das nach mehr Volumen und F\u00fclle strebt. <\/p>\n         <!--==================================================== features image  ====================================================-->\n         <img decoding=\"async\" alt=\"Volumizing Revive Shampoo laying on a flat surface, along with ingredients such as emon slices, coconut pieces, tomatoes, carrots and oil.\" \n         src=\"https:\/\/monatglobal.com\/nz\/wp-content\/uploads\/sites\/15\/2022\/10\/volumizing-revive-shampoo-features.jpg\" loading=\"lazy\"\/>\n      <!--==================================================== features text ====================================================-->\n            <h3>Eigenschaften<\/h3>\n               <p>\/ Angereichert mit REJUVENIQE<sup>\u00ae<\/sup><\/p>\n               <p>\/ Volumenspendende Formel mit CAPIXYL\u2122<\/p>\n               <p>*Based on instrumental tests by a third-party&nbsp;laboratory. <\/p>\n               <br \/>\n            <p>Duft  \/ Ein Kr\u00e4uterblumenduft mit Noten von Jasmin, Meyer-Zitrone, Neroli und gr\u00fcnem Tee.<\/p>\n            <p> Textur  \/ Creme<\/p>\n   <!--==================================================== composition image mobile ====================================================-->\n   <img decoding=\"async\" alt=\"Volumizing Revive Shampoo and Volumizing Revitalize Conditioner laying on a flat marble surface.\" src=\"https:\/\/monatglobal.com\/nz\/wp-content\/uploads\/sites\/15\/2022\/10\/Volumizing-Revive-Shampoo-standalone.jpg\" loading=\"lazy\"\/>\n   <!--==================================================== Why it works text ====================================================-->\n      <h2>Verleiht dem Haar Volumen, Geschmeidigkeit und Glanz.<\/h2>\n      <h3>Verwandelt feines, plattes Haar mit einer Mischung aus Inhaltsstoffen wie REJUVENIQE\u00ae, Erbsenextrakt und einem veganen UV-Schutz in sichtbar volleres, volumin\u00f6seres Haar.<\/h3>\n      <!--<p>Designed for medium to thick hair delivers our exclusive REJUVENIQE<sup>\u00ae<\/sup> oil blend, omega-fatty acids, and pea extract for healthier-looking&nbsp;strands. <\/p>-->\n<!--==================================================== Composition section ====================================================-->\n      <img decoding=\"async\" alt=\"Volumizing Revive Shampoo and Volumizing Revitalize Conditioner laying on a flat marble surface.\" src=\"https:\/\/monatglobal.com\/nz\/wp-content\/uploads\/sites\/15\/2022\/10\/Volumizing-Revive-Shampoo-standalone.jpg\" loading=\"lazy\"\/>\n      <img decoding=\"async\" alt=\"Brunette female washing her hair in the shower with Volumizing Revive Shampoo.\" src=\"https:\/\/monatglobal.com\/nz\/wp-content\/uploads\/sites\/15\/2022\/10\/volumizing-revive-shampoo-comp2.jpg\" loading=\"lazy\"\/>\n            <!--==================================================== Directions text ====================================================--> \n               <h3>Anwendung<\/h3>\n               <p>\/ In den H\u00e4nden aufsch\u00e4umen und auf nasses Haar auftragen.<\/p>\n               <p>\/ 2-3 Minuten einwirken lassen.<\/p>\n               <p>\/ Gr\u00fcndlich aussp\u00fclen und bei Bedarf wiederholen.<\/p>\n               <p>\/ F\u00fcr optimale Ergebnisse anschlie\u00dfend die MONAT Volumenverst\u00e4rkende Revitalize\u2122 Sp\u00fclung verwenden.<\/p>\n            <!--==================================================== Directions video ====================================================-->\n      <p>Volumenverst\u00e4rkendes Revive\u2122 <br \/> Shampoo <br \/>1:28<\/p>\n  <a href=\"\" target=\"_blank\"  role=\"button\" aria-label=\"\"><\/a>\n   <!--==================================================== Ingredients section  ====================================================-->\n      <h2>Wichtige Inhaltsstoffe<\/h2>\n               <p>REJUVENIQE<sup>\u00ae<\/sup><\/p>\n               <p>CAPIXYL<sup>\u2122<\/sup><\/p>\n               <p>Erbsenextrakt<\/p>\n               <p>Veganer UV-Schutz<\/p>\n        <button id=\"myBtn\" type=\"button\">Alle Inhaltsstoffe ansehen<\/button>\n      <!--==================================================== Modal content  ====================================================-->\n         &times;\n         <p>&#8222;Aqua\/Water\/Eau, Sodium C14-16 Olefin Sulfonate, Sodium Methyl Cocoyl Taurate, Lauramidopropyl Betaine, Sodium Cocoamphoacetate, Acrylates Copolymer, Cinnamidopropyltrimonium Chloride, Sodium Chloride, Hydrolyzed Rice Protein, Polyquaternium-11, Pisum Sativum (Pea) Extract, Acetyl Tetrapeptide-3, Trifolium Pratense (Clover) Flower Extract, Limnanthes Alba (Meadowfoam) Seed Oil, Crambe Abyssinica Seed Oil, Camellia Oleifera Seed Oil, Solanum Lycopersicum (Tomato) Seed Oil, Daucus Carota Sativa (Carrot) Seed Oil, Citrus Limon (Lemon) Peel Oil, Citrus Aurantifolia (Lime) Oil, Citrus Aurantium Bergamia (Bergamot) Fruit Oil, Adansonia Digitata Oil, Mauritia Flexuosa Fruit Oil, Cocos Nucifera (Coconut) Oil, Gardenia Taitensis Flower Extract, Moringa Oleifera Seed Oil, Caryocar Brasiliense Fruit Oil, Helianthus Annuus (Sunflower) Seed Oil, Glycerin, Guar Hydroxypropyltrimonium Chloride, Dextran, Glycol Distearate, Cocamidopropyl Hydroxysultaine, Sodium  Hydroxypropylphosphate Decylglucoside Crosspolymer, Sodium Hydroxypropylphosphate Laurylglucoside Crosspolymer, Lauramide MIPA, Cocamidopropyl Betaine, Propanediol, Stearyldimoniumhydroxypropyl Laurylglucosides Chloride, Propylene Glycol, Butylene Glycol, Coconut Acid, Benzoic Acid, Dehydroacetic Acid, Sodium Benzoate, Caprylhydroxamic Acid, Ethylhexylglycerin, Fragrance\/Parfum, Benzyl Alcohol, Phenoxyethanol, Glyceryl Caprylate, Citric Acid, Potassium Sorbate, Aminomethyl Propanol,  Citronellol, Limonene, Hexyl Cinnamal, Linalool.<\/p>\n   <!--==================================================== You might also like section ====================================================-->\n      <h2>DAS K\u00d6NNTE DIR AUCH GEFALLEN<\/h2>\n      <!--==================================================== Slider YOU MIGHT ALSO LIKE ====================================================-->\n         <!--==================================================== If we need navigation buttons  ====================================================-->\n         <!--==================================================== If we need paginations  ====================================================-->\n    <a href=\"\" aria-label=\"\"><\/a>\n<!--==================================================== this link has to go last for it to work   ====================================================-->\n\n","protected":false},"excerpt":{"rendered":"<p>BEST SELLER BESTSELLER Volumenverst\u00e4rkendes Revive\u2122 Shampoo Angereichert mit REJUVENIQE\u00ae Ein schwereloses Shampoo f\u00fcr mehr Volumen bei feinem, plattem Haar. 237 ml \u212e 8.0 fl. oz. Einzelhandelspreis00.00 \u20ac Preis f\u00fcr VIP-Kunden00.00 \u20ac Um mehr \u00fcber Volumenverst\u00e4rkendes Revive\u2122 Shampoo zu erfahren, wende Dich bitte an Deinen MONAT Markenpartner. VORTEILE Entfernt Schmutz, \u00d6l und Styling-R\u00fcckst\u00e4nde und verleiht feinem,&hellip;<\/p>\n","protected":false},"author":47,"featured_media":109396,"parent":0,"menu_order":0,"comment_status":"closed","ping_status":"closed","template":"","meta":{"inline_featured_image":false,"om_disable_all_campaigns":false,"footnotes":""},"categories":[17],"tags":[],"class_list":["post-109395","page","type-page","status-publish","has-post-thumbnail","hentry","category-product-de"],"aioseo_notices":[],"aioseo_head":"\n\t\t<!-- All in One SEO Pro 4.9.5.2 - aioseo.com -->\n\t<meta name=\"description\" content=\"Ein Shampoo, das feinem Haar Volumen und F\u00fclle verleiht, die Haardichte, St\u00e4rke und K\u00e4mmbarkeit verbessert und f\u00fcr Geschmeidigkeit und Glanz sorgt. Es entfernt Schmutz und \u00fcbersch\u00fcssiges \u00d6l.\" \/>\n\t<meta name=\"robots\" content=\"max-image-preview:large\" \/>\n\t<link rel=\"canonical\" href=\"https:\/\/monatglobal.com\/de\/volumizing-revive-shampoo\/\" \/>\n\t<meta name=\"generator\" content=\"All in One SEO Pro (AIOSEO) 4.9.5.2\" \/>\n\t\t<meta property=\"og:locale\" content=\"de_DE\" \/>\n\t\t<meta property=\"og:site_name\" content=\"MONAT Germany - We Are Modern Nature\u2122\" \/>\n\t\t<meta property=\"og:type\" content=\"article\" \/>\n\t\t<meta property=\"og:title\" content=\"Volumenverst\u00e4rkendes Revive\u2122\ufe0f Shampoo I MONAT Haarpflegeprodukte\" \/>\n\t\t<meta property=\"og:description\" content=\"Ein Shampoo, das feinem Haar Volumen und F\u00fclle verleiht, die Haardichte, St\u00e4rke und K\u00e4mmbarkeit verbessert und f\u00fcr Geschmeidigkeit und Glanz sorgt. Es entfernt Schmutz und \u00fcbersch\u00fcssiges \u00d6l.\" \/>\n\t\t<meta property=\"og:url\" content=\"https:\/\/monatglobal.com\/de\/volumizing-revive-shampoo\/\" \/>\n\t\t<meta property=\"article:published_time\" content=\"2026-03-10T17:37:33+00:00\" \/>\n\t\t<meta property=\"article:modified_time\" content=\"2026-03-19T14:33:30+00:00\" \/>\n\t\t<meta name=\"twitter:card\" content=\"summary_large_image\" \/>\n\t\t<meta name=\"twitter:title\" content=\"Volumenverst\u00e4rkendes Revive\u2122\ufe0f Shampoo I MONAT Haarpflegeprodukte\" \/>\n\t\t<meta name=\"twitter:description\" content=\"Ein Shampoo, das feinem Haar Volumen und F\u00fclle verleiht, die Haardichte, St\u00e4rke und K\u00e4mmbarkeit verbessert und f\u00fcr Geschmeidigkeit und Glanz sorgt. Es entfernt Schmutz und \u00fcbersch\u00fcssiges \u00d6l.\" \/>\n\t\t<script type=\"application\/ld+json\" class=\"aioseo-schema\">\n\t\t\t{\"@context\":\"https:\\\/\\\/schema.org\",\"@graph\":[{\"@type\":\"BreadcrumbList\",\"@id\":\"https:\\\/\\\/monatglobal.com\\\/de\\\/volumizing-revive-shampoo\\\/#breadcrumblist\",\"itemListElement\":[{\"@type\":\"ListItem\",\"@id\":\"https:\\\/\\\/monatglobal.com\\\/de#listItem\",\"position\":1,\"name\":\"Home\",\"item\":\"https:\\\/\\\/monatglobal.com\\\/de\",\"nextItem\":{\"@type\":\"ListItem\",\"@id\":\"https:\\\/\\\/monatglobal.com\\\/de\\\/volumizing-revive-shampoo\\\/#listItem\",\"name\":\"Volumenverst\\u00e4rkendes Revive\\u2122\\ufe0f Shampoo I MONAT Haarpflegeprodukte\"}},{\"@type\":\"ListItem\",\"@id\":\"https:\\\/\\\/monatglobal.com\\\/de\\\/volumizing-revive-shampoo\\\/#listItem\",\"position\":2,\"name\":\"Volumenverst\\u00e4rkendes Revive\\u2122\\ufe0f Shampoo I MONAT Haarpflegeprodukte\",\"previousItem\":{\"@type\":\"ListItem\",\"@id\":\"https:\\\/\\\/monatglobal.com\\\/de#listItem\",\"name\":\"Home\"}}]},{\"@type\":\"Organization\",\"@id\":\"https:\\\/\\\/monatglobal.com\\\/de\\\/#organization\",\"name\":\"MONAT Germany\",\"description\":\"We Are Modern Nature\\u2122\",\"url\":\"https:\\\/\\\/monatglobal.com\\\/de\\\/\"},{\"@type\":\"WebPage\",\"@id\":\"https:\\\/\\\/monatglobal.com\\\/de\\\/volumizing-revive-shampoo\\\/#webpage\",\"url\":\"https:\\\/\\\/monatglobal.com\\\/de\\\/volumizing-revive-shampoo\\\/\",\"name\":\"Volumenverst\\u00e4rkendes Revive\\u2122\\ufe0f Shampoo I MONAT Haarpflegeprodukte\",\"description\":\"Ein Shampoo, das feinem Haar Volumen und F\\u00fclle verleiht, die Haardichte, St\\u00e4rke und K\\u00e4mmbarkeit verbessert und f\\u00fcr Geschmeidigkeit und Glanz sorgt. Es entfernt Schmutz und \\u00fcbersch\\u00fcssiges \\u00d6l.\",\"inLanguage\":\"de-DE\",\"isPartOf\":{\"@id\":\"https:\\\/\\\/monatglobal.com\\\/de\\\/#website\"},\"breadcrumb\":{\"@id\":\"https:\\\/\\\/monatglobal.com\\\/de\\\/volumizing-revive-shampoo\\\/#breadcrumblist\"},\"image\":{\"@type\":\"ImageObject\",\"url\":\"https:\\\/\\\/monatglobal.com\\\/de\\\/wp-content\\\/uploads\\\/sites\\\/22\\\/2026\\\/03\\\/volumizing-revive-shampoo-ecomm.jpg\",\"@id\":\"https:\\\/\\\/monatglobal.com\\\/de\\\/volumizing-revive-shampoo\\\/#mainImage\",\"width\":641,\"height\":800},\"primaryImageOfPage\":{\"@id\":\"https:\\\/\\\/monatglobal.com\\\/de\\\/volumizing-revive-shampoo\\\/#mainImage\"},\"datePublished\":\"2026-03-10T17:37:33+00:00\",\"dateModified\":\"2026-03-19T14:33:30+00:00\"},{\"@type\":\"WebSite\",\"@id\":\"https:\\\/\\\/monatglobal.com\\\/de\\\/#website\",\"url\":\"https:\\\/\\\/monatglobal.com\\\/de\\\/\",\"name\":\"MONAT Germany\",\"description\":\"We Are Modern Nature\\u2122\",\"inLanguage\":\"de-DE\",\"publisher\":{\"@id\":\"https:\\\/\\\/monatglobal.com\\\/de\\\/#organization\"}}]}\n\t\t<\/script>\n\t\t<!-- All in One SEO Pro -->\r\n\t\t<title>Volumenverst\u00e4rkendes Revive\u2122\ufe0f Shampoo I MONAT Haarpflegeprodukte<\/title>\n\n","aioseo_head_json":{"title":"Volumenverst\u00e4rkendes Revive\u2122\ufe0f Shampoo I MONAT Haarpflegeprodukte","description":"Ein Shampoo, das feinem Haar Volumen und F\u00fclle verleiht, die Haardichte, St\u00e4rke und K\u00e4mmbarkeit verbessert und f\u00fcr Geschmeidigkeit und Glanz sorgt. Es entfernt Schmutz und \u00fcbersch\u00fcssiges \u00d6l.","canonical_url":"https:\/\/monatglobal.com\/de\/volumizing-revive-shampoo\/","robots":"max-image-preview:large","keywords":"","webmasterTools":{"miscellaneous":""},"schema":{"@context":"https:\/\/schema.org","@graph":[{"@type":"BreadcrumbList","@id":"https:\/\/monatglobal.com\/de\/volumizing-revive-shampoo\/#breadcrumblist","itemListElement":[{"@type":"ListItem","@id":"https:\/\/monatglobal.com\/de#listItem","position":1,"name":"Home","item":"https:\/\/monatglobal.com\/de","nextItem":{"@type":"ListItem","@id":"https:\/\/monatglobal.com\/de\/volumizing-revive-shampoo\/#listItem","name":"Volumenverst\u00e4rkendes Revive\u2122\ufe0f Shampoo I MONAT Haarpflegeprodukte"}},{"@type":"ListItem","@id":"https:\/\/monatglobal.com\/de\/volumizing-revive-shampoo\/#listItem","position":2,"name":"Volumenverst\u00e4rkendes Revive\u2122\ufe0f Shampoo I MONAT Haarpflegeprodukte","previousItem":{"@type":"ListItem","@id":"https:\/\/monatglobal.com\/de#listItem","name":"Home"}}]},{"@type":"Organization","@id":"https:\/\/monatglobal.com\/de\/#organization","name":"MONAT Germany","description":"We Are Modern Nature\u2122","url":"https:\/\/monatglobal.com\/de\/"},{"@type":"WebPage","@id":"https:\/\/monatglobal.com\/de\/volumizing-revive-shampoo\/#webpage","url":"https:\/\/monatglobal.com\/de\/volumizing-revive-shampoo\/","name":"Volumenverst\u00e4rkendes Revive\u2122\ufe0f Shampoo I MONAT Haarpflegeprodukte","description":"Ein Shampoo, das feinem Haar Volumen und F\u00fclle verleiht, die Haardichte, St\u00e4rke und K\u00e4mmbarkeit verbessert und f\u00fcr Geschmeidigkeit und Glanz sorgt. Es entfernt Schmutz und \u00fcbersch\u00fcssiges \u00d6l.","inLanguage":"de-DE","isPartOf":{"@id":"https:\/\/monatglobal.com\/de\/#website"},"breadcrumb":{"@id":"https:\/\/monatglobal.com\/de\/volumizing-revive-shampoo\/#breadcrumblist"},"image":{"@type":"ImageObject","url":"https:\/\/monatglobal.com\/de\/wp-content\/uploads\/sites\/22\/2026\/03\/volumizing-revive-shampoo-ecomm.jpg","@id":"https:\/\/monatglobal.com\/de\/volumizing-revive-shampoo\/#mainImage","width":641,"height":800},"primaryImageOfPage":{"@id":"https:\/\/monatglobal.com\/de\/volumizing-revive-shampoo\/#mainImage"},"datePublished":"2026-03-10T17:37:33+00:00","dateModified":"2026-03-19T14:33:30+00:00"},{"@type":"WebSite","@id":"https:\/\/monatglobal.com\/de\/#website","url":"https:\/\/monatglobal.com\/de\/","name":"MONAT Germany","description":"We Are Modern Nature\u2122","inLanguage":"de-DE","publisher":{"@id":"https:\/\/monatglobal.com\/de\/#organization"}}]},"og:locale":"de_DE","og:site_name":"MONAT Germany - We Are Modern Nature\u2122","og:type":"article","og:title":"Volumenverst\u00e4rkendes Revive\u2122\ufe0f Shampoo I MONAT Haarpflegeprodukte","og:description":"Ein Shampoo, das feinem Haar Volumen und F\u00fclle verleiht, die Haardichte, St\u00e4rke und K\u00e4mmbarkeit verbessert und f\u00fcr Geschmeidigkeit und Glanz sorgt. Es entfernt Schmutz und \u00fcbersch\u00fcssiges \u00d6l.","og:url":"https:\/\/monatglobal.com\/de\/volumizing-revive-shampoo\/","article:published_time":"2026-03-10T17:37:33+00:00","article:modified_time":"2026-03-19T14:33:30+00:00","twitter:card":"summary_large_image","twitter:title":"Volumenverst\u00e4rkendes Revive\u2122\ufe0f Shampoo I MONAT Haarpflegeprodukte","twitter:description":"Ein Shampoo, das feinem Haar Volumen und F\u00fclle verleiht, die Haardichte, St\u00e4rke und K\u00e4mmbarkeit verbessert und f\u00fcr Geschmeidigkeit und Glanz sorgt. Es entfernt Schmutz und \u00fcbersch\u00fcssiges \u00d6l."},"aioseo_meta_data":{"post_id":"109395","title":"Volumenverst\u00e4rkendes Revive\u2122\ufe0f Shampoo I MONAT Haarpflegeprodukte","description":"Ein Shampoo, das feinem Haar Volumen und F\u00fclle verleiht, die Haardichte, St\u00e4rke und K\u00e4mmbarkeit verbessert und f\u00fcr Geschmeidigkeit und Glanz sorgt. Es entfernt Schmutz und \u00fcbersch\u00fcssiges \u00d6l.","keywords":null,"keyphrases":{"focus":{"keyphrase":"","score":0,"analysis":{"keyphraseInTitle":{"score":0,"maxScore":9,"error":1}}},"additional":[]},"primary_term":null,"canonical_url":null,"og_title":null,"og_description":null,"og_object_type":"default","og_image_type":"default","og_image_url":null,"og_image_width":null,"og_image_height":null,"og_image_custom_url":null,"og_image_custom_fields":null,"og_video":"","og_custom_url":null,"og_article_section":null,"og_article_tags":null,"twitter_use_og":false,"twitter_card":"default","twitter_image_type":"default","twitter_image_url":null,"twitter_image_custom_url":null,"twitter_image_custom_fields":null,"twitter_title":null,"twitter_description":null,"schema":{"blockGraphs":[],"customGraphs":[],"default":{"data":{"Article":[],"Course":[],"Dataset":[],"FAQPage":[],"Movie":[],"Person":[],"Product":[],"ProductReview":[],"Car":[],"Recipe":[],"Service":[],"SoftwareApplication":[],"WebPage":[]},"graphName":"WebPage","isEnabled":true},"graphs":[]},"schema_type":"default","schema_type_options":null,"pillar_content":false,"robots_default":true,"robots_noindex":false,"robots_noarchive":false,"robots_nosnippet":false,"robots_nofollow":false,"robots_noimageindex":false,"robots_noodp":false,"robots_notranslate":false,"robots_max_snippet":"-1","robots_max_videopreview":"-1","robots_max_imagepreview":"large","priority":null,"frequency":"default","local_seo":null,"seo_analyzer_scan_date":null,"limit_modified_date":false,"reviewed_by":"0","ai":{"faqs":[],"keyPoints":[],"titles":[],"descriptions":[],"socialPosts":{"email":[],"linkedin":[],"twitter":[],"facebook":[],"instagram":[]}},"created":"2026-03-10 17:14:08","updated":"2026-03-19 20:28:16"},"aioseo_breadcrumb":"<div class=\"aioseo-breadcrumbs\"><span class=\"aioseo-breadcrumb\">\n\t<a href=\"https:\/\/monatglobal.com\/de\" title=\"Home\">Home<\/a>\n<\/span><span class=\"aioseo-breadcrumb-separator\">\u00bb<\/span><span class=\"aioseo-breadcrumb\">\n\tVolumenverst\u00e4rkendes Revive\u2122\ufe0f Shampoo I MONAT Haarpflegeprodukte\n<\/span><\/div>","aioseo_breadcrumb_json":[{"label":"Home","link":"https:\/\/monatglobal.com\/de"},{"label":"Volumenverst\u00e4rkendes Revive\u2122\ufe0f Shampoo I MONAT Haarpflegeprodukte","link":"https:\/\/monatglobal.com\/de\/volumizing-revive-shampoo\/"}],"_links":{"self":[{"href":"https:\/\/monatglobal.com\/de\/wp-json\/wp\/v2\/pages\/109395","targetHints":{"allow":["GET"]}}],"collection":[{"href":"https:\/\/monatglobal.com\/de\/wp-json\/wp\/v2\/pages"}],"about":[{"href":"https:\/\/monatglobal.com\/de\/wp-json\/wp\/v2\/types\/page"}],"author":[{"embeddable":true,"href":"https:\/\/monatglobal.com\/de\/wp-json\/wp\/v2\/users\/47"}],"replies":[{"embeddable":true,"href":"https:\/\/monatglobal.com\/de\/wp-json\/wp\/v2\/comments?post=109395"}],"version-history":[{"count":5,"href":"https:\/\/monatglobal.com\/de\/wp-json\/wp\/v2\/pages\/109395\/revisions"}],"predecessor-version":[{"id":109421,"href":"https:\/\/monatglobal.com\/de\/wp-json\/wp\/v2\/pages\/109395\/revisions\/109421"}],"wp:featuredmedia":[{"embeddable":true,"href":"https:\/\/monatglobal.com\/de\/wp-json\/wp\/v2\/media\/109396"}],"wp:attachment":[{"href":"https:\/\/monatglobal.com\/de\/wp-json\/wp\/v2\/media?parent=109395"}],"wp:term":[{"taxonomy":"category","embeddable":true,"href":"https:\/\/monatglobal.com\/de\/wp-json\/wp\/v2\/categories?post=109395"},{"taxonomy":"post_tag","embeddable":true,"href":"https:\/\/monatglobal.com\/de\/wp-json\/wp\/v2\/tags?post=109395"}],"curies":[{"name":"wp","href":"https:\/\/api.w.org\/{rel}","templated":true}]}}