{"id":109389,"date":"2026-03-10T16:14:47","date_gmt":"2026-03-10T16:14:47","guid":{"rendered":"https:\/\/monatglobal.com\/de\/?page_id=109389"},"modified":"2026-03-19T14:33:27","modified_gmt":"2026-03-19T14:33:27","slug":"volumizing-revitalize-conditioner","status":"publish","type":"page","link":"https:\/\/monatglobal.com\/de\/volumizing-revitalize-conditioner\/","title":{"rendered":"Volumenverst\u00e4rkende Revitalize\u2122 Sp\u00fclung I MONAT Haarpflegeprodukte"},"content":{"rendered":"\n\n\t<link rel=\"stylesheet\" href=\"https:\/\/unpkg.com\/swiper\/swiper-bundle.min.css\" \/>\n<link rel=\"stylesheet\" href=\"https:\/\/monatglobal.com\/wp-content\/creative_css\/product_styles_sheet.css\" \/> \n   <!--==================================================== ECOMM SECTION ====================================================-->\n   <p>BEST SELLER<\/p>\n      <!--==================================================== Ecomm image ====================================================-->\n      <img decoding=\"async\" src=\"https:\/\/monatglobal.com\/nz\/wp-content\/uploads\/sites\/15\/2022\/10\/IR-CLINICAL-THICKENING-CONDITIONER_ecomm-2022_web_page-1.jpg\" alt=\"Product shot of Volumizing Revitalize Conditioner.\" loading=\"lazy\"\/>\n      <!--==================================================== Ecomm information  ====================================================-->\n         \n         <p>BESTSELLER<\/p>\n         <h1>Volumenverst\u00e4rkende <br \/> Revitalize\u2122 Sp\u00fclung<\/h1>\n         <p>Angereichert mit REJUVENIQE<sup>\u00ae<\/sup><\/p>\n         <p>Ein leichter, volumenspendender Conditioner f\u00fcr feines Haar.<\/p>\n         <p>178 ml  \u212e 6 fl. oz.<\/p>\n         <!--==================================================== pricing box  ====================================================-->\n      <p>Einzelhandelspreis<br \/>00.00 \u20ac<\/p>\n      <p>Preis f\u00fcr VIP-Kunden<br \/>00.00 \u20ac<\/p>\n         <!--==================================================== pricing box  ====================================================-->\n         <p>Um mehr \u00fcber Volumenverst\u00e4rkende Revitalize\u2122 Sp\u00fclung zu erfahren, wende Dich bitte an Deinen MONAT Markenpartner.<\/p>\n           <a href=\"\" target=\"_blank\" role=\"button\" aria-label=\"\"><\/a>\n   <!--==================================================== \/ECOMM SECTION  ====================================================-->\n   <!--==================================================== Benefits image ====================================================-->\n   \n      <source media=\"(max-width: 700px)\" srcset=\"https:\/\/monatglobal.com\/nz\/wp-content\/uploads\/sites\/15\/2022\/10\/volumizing-revitalize-conditioner-benefints-mobile.jpg\" loading=\"lazy\"\/>\n      <img decoding=\"async\" alt=\"Brunette female holding the Volumizing Revitalize Conditioner in front of her face.\" src=\"https:\/\/monatglobal.com\/nz\/wp-content\/uploads\/sites\/15\/2022\/10\/Volumizing-revitalize-benefits-desk.jpg\" loading=\"lazy\"\/>\n   \n   <!--==================================================== Benefits text ====================================================-->\n         <h2>VORTEILE<\/h2>\n         <h3>Spendet leichte Pflege und verleiht feinem, plattem Haar Volumen, Geschmeidigkeit und strahlenden Glanz. <\/h3>\n         <p>Ideal f\u00fcr feine bis mittlere Haartypen, die mehr F\u00fclle und Volumen w\u00fcnschen.<\/p>\n         <!--==================================================== features image  ====================================================-->\n         <img decoding=\"async\" alt=\"Volumizing Revitalize Conditioner laying on a flat surface, along with ingredients such as lemon slices, coconut pieces, tomatoes, carrots and oil.\" \n         src=\"https:\/\/monatglobal.com\/nz\/wp-content\/uploads\/sites\/15\/2022\/10\/volumizing-rvitalize-conditioner-features.jpg\" loading=\"lazy\"\/>\n      <!--==================================================== features text ====================================================-->\n            <h3>Eigenschaften<\/h3>\n               <p>\/ Sorgt f\u00fcr volleraussehendes Haar<\/p>\n               <p>\/ Verleiht Volumen und F\u00fclle<\/p>\n             <br \/>\n            <p>Duft \/ Ein frischer, blumiger Kr\u00e4uterduft mit Noten von Jasmin, Meyer-Zitrone, Neroli und gr\u00fcnem Tee.<\/p>\n            <p> Textur  \/ Leichte Creme<\/p>\n   <!--==================================================== composition image mobile ====================================================-->\n   <img decoding=\"async\" alt=\"Volumizing Revitalize Conditioner laying on a flat surface, along with ingredients such as lemon slices, coconut pieces, tomatoes, carrots and oil.\n\" src=\"Volumizing Revive Shampoo and Volumizing Revitalize Conditioner laying on a flat beige surface.\"\/>\n   <!--==================================================== Why it works text ====================================================-->\n      <h2>Mehr F\u00fclle f\u00fcr feines Haar &#8211; mit Geschmeidigkeit und Glanz<\/h2>\n      <h3>Verwandelt feines, plattes Haar in eine volumin\u00f6se, geschmeidige und gl\u00e4nzende M\u00e4hne. Eine wirkungsvolle Mischung aus REJUVENIQE\u00ae, Erbsenextrakt und einem veganen UV-Schutz sorgt f\u00fcr F\u00fclle und lebendige Sprungkraft.<\/h3>\n      <!--<p>*Based on a 14-day consumer study with 35 participants, performed by a third-party laboratory.<\/p>-->\n<!--==================================================== Composition section ====================================================-->\n      <img decoding=\"async\" alt=\"Volumizing Revive Shampoo and Volumizing Revitalize Conditioner laying on a flat marble surface.\n\" src=\"https:\/\/monatglobal.com\/nz\/wp-content\/uploads\/sites\/15\/2022\/10\/Volumizing-Revitallize-Conditioner-standalone.jpg\" loading=\"lazy\"\/> \n      <img decoding=\"async\" alt=\"Brunette female washing her hair in the shower, while overlaying a texture shot of  Volumizing Revitalize Conditioner.\" src=\"https:\/\/monatglobal.com\/nz\/wp-content\/uploads\/sites\/15\/2022\/10\/volumizing-revitalize-conditioner-comp3.jpg\" loading=\"lazy\"\/>\n            <!--==================================================== Directions text ====================================================--> \n               <h3>Anwendung<\/h3>\n               <p>\/ Nach der Haarw\u00e4sche mit MONAT Volumenverst\u00e4rkendes Revive\u2122 Shampoo \u00fcbersch\u00fcssiges Wasser sanft aus dem Haar entfernen.<\/p>\n               <p>\/ MONAT Volumenverst\u00e4rkende Revitalize\u2122 Sp\u00fclung auftragen.<\/p>\n               <p>\/ Gr\u00fcndlich aussp\u00fclen.<\/p>\n            <!--==================================================== Directions video ====================================================-->\n      <p>Volumenverst\u00e4rkende <br \/> Revitalize\u2122 Sp\u00fclung <br \/>1:28<\/p>\n   <a href=\"\" target=\"_blank\"  role=\"button\" aria-label=\"\"><\/a>\n   <!--==================================================== Ingredients section  ====================================================-->\n      <h2>Wichtige Inhaltsstoffe<\/h2>\n               <p>REJUVENIQE<sup>\u00ae<\/sup><\/p> \n               <p>CAPIXYL<sup>\u2122<\/sup><\/p>\n               <p>Erbsenextrakt<\/p>\n               <p>Veganer UV-Schutz<\/p>\n        <button id=\"myBtn\" type=\"button\">Alle Inhaltsstoffe ansehen<\/button>\n      <!--==================================================== Modal content  ====================================================-->\n         &times;\n         <p>Aqua\/Water\/Eau, Cetyl Alcohol, Behentrimonium Methosulfate, Cinnamidopropyltrimonium Chloride, Isoamyl Laurate, Hydrolyzed Rice Protein, Pisum Sativum (Pea) Extract, Acetyl Tetrapeptide-3, Trifolium Pratense (Clover) Flower Extract, Limnanthes Alba (Meadowfoam) Seed Oil, Crambe Abyssinica Seed Oil, Camellia Oleifera Seed Oil, Solanum Lycopersicum (Tomato) Seed Oil, Daucus Carota Sativa (Carrot) Seed Oil, Citrus Limon (Lemon) Peel Oil, Citrus Aurantifolia (Lime) Oil, Citrus Aurantium Bergamia (Bergamot) Fruit Oil, Adansonia Digitata Oil, Mauritia Flexuosa Fruit Oil, Cocos Nucifera (Coconut) Oil, Gardenia Taitensis Flower Extract, Moringa Oleifera Seed Oil, Caryocar Brasiliense Fruit Oil, Helianthus Annuus (Sunflower) Seed Oil, Glycerin, Dextran, Polyquaternium-7, Fragrance\/Parfum, Butylene Glycol, Benzyl Alcohol, Dehydroacetic Acid, Sodium Benzoate, Potassium Sorbate, Citronellol, Hexyl Cinnamal, Limonene, Linalool.<\/p>\n   <!--==================================================== You might also like section ====================================================-->\n      <h2>DAS K\u00d6NNTE DIR AUCH GEFALLEN<\/h2>\n      <!--==================================================== Slider YOU MIGHT ALSO LIKE ====================================================-->\n      <!---->\n      <!--   -->\n            <!--==================================================== Slides products ====================================================-->\n      <!--      -->\n      <!--         <a href=\"\/volumizing-revive-shampoo\/\" aria-label=\"Go to Volumizing Revive\u2122 Shampoo page\">-->\n      <!--            <img decoding=\"async\" src=\"https:\/\/monatglobal.com\/wp-content\/uploads\/2022\/12\/Volumizing-revive-shampoo_ecomm-min.png\" alt=\"Volumizing Revive\u2122 Shampoo\" loading=\"lazy\"\/>-->\n      <!--            <p>Volumizing Revive\u2122<br \/>Shampoo<\/p>-->\n      <!--         <\/a>-->\n      <!--      -->\n      <!--      -->\n      <!--         <a href=\"\/volume-spray\/\" aria-label=\"Go to MONAT STUDIO ONE\u2122 Volume & Lift Spray page\">-->\n      <!--            <img decoding=\"async\" src=\"https:\/\/monatglobal.com\/wp-content\/uploads\/2022\/12\/STUDIO-ONE-VOLUME-LIFT-SPRAY_-ecomm-min.png\" alt=\"MONAT STUDIO ONE\u2122 The Champ\u2122 Conditioning Dry Shampoo\" loading=\"lazy\"\/>-->\n      <!--            <p>MONAT STUDIO ONE\u2122 <br \/> Volume & Lift Spray<\/p>-->\n      <!--         <\/a>-->\n      <!--      -->\n      <!--      -->\n      <!--         <a href=\"\/dry-texturizing-spray\/\" aria-label=\"Go to MONAT STUDIO ONE\u2122 Dry Texturizing Spray page\">-->\n      <!--            <img decoding=\"async\" src=\"https:\/\/monatglobal.com\/wp-content\/uploads\/2022\/12\/Dry-texturizing-spray-E_comm-min.png\" loading=\"lazy\"\/>-->\n      <!--            <p>MONAT STUDIO ONE\u2122<br \/>Dry Texturizing Spray<\/p>-->\n      <!--         <\/a>-->\n      <!--      -->\n      <!--   -->\n         <!--==================================================== If we need navigation buttons  ====================================================-->\n      <!--   -->\n      <!--   -->\n         <!--==================================================== If we need paginations  ====================================================-->\n      <!--   -->\n      <!---->\n             <!-- If we need navigation buttons -->\n             <!-- If we need paginations -->\n    <a href=\"\" aria-label=\"\"><\/a>\n<!--==================================================== this link has to go last for it to work   ====================================================-->\n\n","protected":false},"excerpt":{"rendered":"<p>BEST SELLER BESTSELLER Volumenverst\u00e4rkende Revitalize\u2122 Sp\u00fclung Angereichert mit REJUVENIQE\u00ae Ein leichter, volumenspendender Conditioner f\u00fcr feines Haar. 178 ml \u212e 6 fl. oz. Einzelhandelspreis00.00 \u20ac Preis f\u00fcr VIP-Kunden00.00 \u20ac Um mehr \u00fcber Volumenverst\u00e4rkende Revitalize\u2122 Sp\u00fclung zu erfahren, wende Dich bitte an Deinen MONAT Markenpartner. VORTEILE Spendet leichte Pflege und verleiht feinem, plattem Haar Volumen, Geschmeidigkeit und&hellip;<\/p>\n","protected":false},"author":47,"featured_media":109390,"parent":0,"menu_order":0,"comment_status":"closed","ping_status":"closed","template":"","meta":{"inline_featured_image":false,"om_disable_all_campaigns":false,"footnotes":""},"categories":[17],"tags":[],"class_list":["post-109389","page","type-page","status-publish","has-post-thumbnail","hentry","category-product-de"],"aioseo_notices":[],"aioseo_head":"\n\t\t<!-- All in One SEO Pro 4.9.5.2 - aioseo.com -->\n\t<meta name=\"description\" content=\"Die Revitalize Sp\u00fclung sorgt f\u00fcr mehr Volumen, Feuchtigkeit &amp; Glanz, spendet leichte Pflege und Feuchtigkeit und l\u00e4sst das Haar voller und volumin\u00f6ser wirken.\" \/>\n\t<meta name=\"robots\" content=\"max-image-preview:large\" \/>\n\t<link rel=\"canonical\" href=\"https:\/\/monatglobal.com\/de\/volumizing-revitalize-conditioner\/\" \/>\n\t<meta name=\"generator\" content=\"All in One SEO Pro (AIOSEO) 4.9.5.2\" \/>\n\t\t<meta property=\"og:locale\" content=\"de_DE\" \/>\n\t\t<meta property=\"og:site_name\" content=\"MONAT Germany - We Are Modern Nature\u2122\" \/>\n\t\t<meta property=\"og:type\" content=\"article\" \/>\n\t\t<meta property=\"og:title\" content=\"Volumenverst\u00e4rkende Revitalize\u2122 Sp\u00fclung I MONAT Haarpflegeprodukte\" \/>\n\t\t<meta property=\"og:description\" content=\"Die Revitalize Sp\u00fclung sorgt f\u00fcr mehr Volumen, Feuchtigkeit &amp; Glanz, spendet leichte Pflege und Feuchtigkeit und l\u00e4sst das Haar voller und volumin\u00f6ser wirken.\" \/>\n\t\t<meta property=\"og:url\" content=\"https:\/\/monatglobal.com\/de\/volumizing-revitalize-conditioner\/\" \/>\n\t\t<meta property=\"article:published_time\" content=\"2026-03-10T16:14:47+00:00\" \/>\n\t\t<meta property=\"article:modified_time\" content=\"2026-03-19T14:33:27+00:00\" \/>\n\t\t<meta name=\"twitter:card\" content=\"summary_large_image\" \/>\n\t\t<meta name=\"twitter:title\" content=\"Volumenverst\u00e4rkende Revitalize\u2122 Sp\u00fclung I MONAT Haarpflegeprodukte\" \/>\n\t\t<meta name=\"twitter:description\" content=\"Die Revitalize Sp\u00fclung sorgt f\u00fcr mehr Volumen, Feuchtigkeit &amp; Glanz, spendet leichte Pflege und Feuchtigkeit und l\u00e4sst das Haar voller und volumin\u00f6ser wirken.\" \/>\n\t\t<script type=\"application\/ld+json\" class=\"aioseo-schema\">\n\t\t\t{\"@context\":\"https:\\\/\\\/schema.org\",\"@graph\":[{\"@type\":\"BreadcrumbList\",\"@id\":\"https:\\\/\\\/monatglobal.com\\\/de\\\/volumizing-revitalize-conditioner\\\/#breadcrumblist\",\"itemListElement\":[{\"@type\":\"ListItem\",\"@id\":\"https:\\\/\\\/monatglobal.com\\\/de#listItem\",\"position\":1,\"name\":\"Home\",\"item\":\"https:\\\/\\\/monatglobal.com\\\/de\",\"nextItem\":{\"@type\":\"ListItem\",\"@id\":\"https:\\\/\\\/monatglobal.com\\\/de\\\/volumizing-revitalize-conditioner\\\/#listItem\",\"name\":\"Volumenverst\\u00e4rkende Revitalize\\u2122 Sp\\u00fclung I MONAT Haarpflegeprodukte\"}},{\"@type\":\"ListItem\",\"@id\":\"https:\\\/\\\/monatglobal.com\\\/de\\\/volumizing-revitalize-conditioner\\\/#listItem\",\"position\":2,\"name\":\"Volumenverst\\u00e4rkende Revitalize\\u2122 Sp\\u00fclung I MONAT Haarpflegeprodukte\",\"previousItem\":{\"@type\":\"ListItem\",\"@id\":\"https:\\\/\\\/monatglobal.com\\\/de#listItem\",\"name\":\"Home\"}}]},{\"@type\":\"Organization\",\"@id\":\"https:\\\/\\\/monatglobal.com\\\/de\\\/#organization\",\"name\":\"MONAT Germany\",\"description\":\"We Are Modern Nature\\u2122\",\"url\":\"https:\\\/\\\/monatglobal.com\\\/de\\\/\"},{\"@type\":\"WebPage\",\"@id\":\"https:\\\/\\\/monatglobal.com\\\/de\\\/volumizing-revitalize-conditioner\\\/#webpage\",\"url\":\"https:\\\/\\\/monatglobal.com\\\/de\\\/volumizing-revitalize-conditioner\\\/\",\"name\":\"Volumenverst\\u00e4rkende Revitalize\\u2122 Sp\\u00fclung I MONAT Haarpflegeprodukte\",\"description\":\"Die Revitalize Sp\\u00fclung sorgt f\\u00fcr mehr Volumen, Feuchtigkeit & Glanz, spendet leichte Pflege und Feuchtigkeit und l\\u00e4sst das Haar voller und volumin\\u00f6ser wirken.\",\"inLanguage\":\"de-DE\",\"isPartOf\":{\"@id\":\"https:\\\/\\\/monatglobal.com\\\/de\\\/#website\"},\"breadcrumb\":{\"@id\":\"https:\\\/\\\/monatglobal.com\\\/de\\\/volumizing-revitalize-conditioner\\\/#breadcrumblist\"},\"image\":{\"@type\":\"ImageObject\",\"url\":\"https:\\\/\\\/monatglobal.com\\\/de\\\/wp-content\\\/uploads\\\/sites\\\/22\\\/2026\\\/03\\\/IR-CLINICAL-THICKENING-CONDITIONER_ecomm-2022_web_page-1.jpg\",\"@id\":\"https:\\\/\\\/monatglobal.com\\\/de\\\/volumizing-revitalize-conditioner\\\/#mainImage\",\"width\":641,\"height\":800},\"primaryImageOfPage\":{\"@id\":\"https:\\\/\\\/monatglobal.com\\\/de\\\/volumizing-revitalize-conditioner\\\/#mainImage\"},\"datePublished\":\"2026-03-10T16:14:47+00:00\",\"dateModified\":\"2026-03-19T14:33:27+00:00\"},{\"@type\":\"WebSite\",\"@id\":\"https:\\\/\\\/monatglobal.com\\\/de\\\/#website\",\"url\":\"https:\\\/\\\/monatglobal.com\\\/de\\\/\",\"name\":\"MONAT Germany\",\"description\":\"We Are Modern Nature\\u2122\",\"inLanguage\":\"de-DE\",\"publisher\":{\"@id\":\"https:\\\/\\\/monatglobal.com\\\/de\\\/#organization\"}}]}\n\t\t<\/script>\n\t\t<!-- All in One SEO Pro -->\r\n\t\t<title>Volumenverst\u00e4rkende Revitalize\u2122 Sp\u00fclung I MONAT Haarpflegeprodukte<\/title>\n\n","aioseo_head_json":{"title":"Volumenverst\u00e4rkende Revitalize\u2122 Sp\u00fclung I MONAT Haarpflegeprodukte","description":"Die Revitalize Sp\u00fclung sorgt f\u00fcr mehr Volumen, Feuchtigkeit & Glanz, spendet leichte Pflege und Feuchtigkeit und l\u00e4sst das Haar voller und volumin\u00f6ser wirken.","canonical_url":"https:\/\/monatglobal.com\/de\/volumizing-revitalize-conditioner\/","robots":"max-image-preview:large","keywords":"","webmasterTools":{"miscellaneous":""},"schema":{"@context":"https:\/\/schema.org","@graph":[{"@type":"BreadcrumbList","@id":"https:\/\/monatglobal.com\/de\/volumizing-revitalize-conditioner\/#breadcrumblist","itemListElement":[{"@type":"ListItem","@id":"https:\/\/monatglobal.com\/de#listItem","position":1,"name":"Home","item":"https:\/\/monatglobal.com\/de","nextItem":{"@type":"ListItem","@id":"https:\/\/monatglobal.com\/de\/volumizing-revitalize-conditioner\/#listItem","name":"Volumenverst\u00e4rkende Revitalize\u2122 Sp\u00fclung I MONAT Haarpflegeprodukte"}},{"@type":"ListItem","@id":"https:\/\/monatglobal.com\/de\/volumizing-revitalize-conditioner\/#listItem","position":2,"name":"Volumenverst\u00e4rkende Revitalize\u2122 Sp\u00fclung I MONAT Haarpflegeprodukte","previousItem":{"@type":"ListItem","@id":"https:\/\/monatglobal.com\/de#listItem","name":"Home"}}]},{"@type":"Organization","@id":"https:\/\/monatglobal.com\/de\/#organization","name":"MONAT Germany","description":"We Are Modern Nature\u2122","url":"https:\/\/monatglobal.com\/de\/"},{"@type":"WebPage","@id":"https:\/\/monatglobal.com\/de\/volumizing-revitalize-conditioner\/#webpage","url":"https:\/\/monatglobal.com\/de\/volumizing-revitalize-conditioner\/","name":"Volumenverst\u00e4rkende Revitalize\u2122 Sp\u00fclung I MONAT Haarpflegeprodukte","description":"Die Revitalize Sp\u00fclung sorgt f\u00fcr mehr Volumen, Feuchtigkeit & Glanz, spendet leichte Pflege und Feuchtigkeit und l\u00e4sst das Haar voller und volumin\u00f6ser wirken.","inLanguage":"de-DE","isPartOf":{"@id":"https:\/\/monatglobal.com\/de\/#website"},"breadcrumb":{"@id":"https:\/\/monatglobal.com\/de\/volumizing-revitalize-conditioner\/#breadcrumblist"},"image":{"@type":"ImageObject","url":"https:\/\/monatglobal.com\/de\/wp-content\/uploads\/sites\/22\/2026\/03\/IR-CLINICAL-THICKENING-CONDITIONER_ecomm-2022_web_page-1.jpg","@id":"https:\/\/monatglobal.com\/de\/volumizing-revitalize-conditioner\/#mainImage","width":641,"height":800},"primaryImageOfPage":{"@id":"https:\/\/monatglobal.com\/de\/volumizing-revitalize-conditioner\/#mainImage"},"datePublished":"2026-03-10T16:14:47+00:00","dateModified":"2026-03-19T14:33:27+00:00"},{"@type":"WebSite","@id":"https:\/\/monatglobal.com\/de\/#website","url":"https:\/\/monatglobal.com\/de\/","name":"MONAT Germany","description":"We Are Modern Nature\u2122","inLanguage":"de-DE","publisher":{"@id":"https:\/\/monatglobal.com\/de\/#organization"}}]},"og:locale":"de_DE","og:site_name":"MONAT Germany - We Are Modern Nature\u2122","og:type":"article","og:title":"Volumenverst\u00e4rkende Revitalize\u2122 Sp\u00fclung I MONAT Haarpflegeprodukte","og:description":"Die Revitalize Sp\u00fclung sorgt f\u00fcr mehr Volumen, Feuchtigkeit &amp; Glanz, spendet leichte Pflege und Feuchtigkeit und l\u00e4sst das Haar voller und volumin\u00f6ser wirken.","og:url":"https:\/\/monatglobal.com\/de\/volumizing-revitalize-conditioner\/","article:published_time":"2026-03-10T16:14:47+00:00","article:modified_time":"2026-03-19T14:33:27+00:00","twitter:card":"summary_large_image","twitter:title":"Volumenverst\u00e4rkende Revitalize\u2122 Sp\u00fclung I MONAT Haarpflegeprodukte","twitter:description":"Die Revitalize Sp\u00fclung sorgt f\u00fcr mehr Volumen, Feuchtigkeit &amp; Glanz, spendet leichte Pflege und Feuchtigkeit und l\u00e4sst das Haar voller und volumin\u00f6ser wirken."},"aioseo_meta_data":{"post_id":"109389","title":"Volumenverst\u00e4rkende Revitalize\u2122 Sp\u00fclung I MONAT Haarpflegeprodukte","description":"Die Revitalize Sp\u00fclung sorgt f\u00fcr mehr Volumen, Feuchtigkeit &amp; Glanz, spendet leichte Pflege und Feuchtigkeit und l\u00e4sst das Haar voller und volumin\u00f6ser wirken.","keywords":null,"keyphrases":{"focus":{"keyphrase":"","score":0,"analysis":{"keyphraseInTitle":{"score":0,"maxScore":9,"error":1}}},"additional":[]},"primary_term":null,"canonical_url":null,"og_title":null,"og_description":null,"og_object_type":"default","og_image_type":"default","og_image_url":null,"og_image_width":null,"og_image_height":null,"og_image_custom_url":null,"og_image_custom_fields":null,"og_video":"","og_custom_url":null,"og_article_section":null,"og_article_tags":null,"twitter_use_og":false,"twitter_card":"default","twitter_image_type":"default","twitter_image_url":null,"twitter_image_custom_url":null,"twitter_image_custom_fields":null,"twitter_title":null,"twitter_description":null,"schema":{"blockGraphs":[],"customGraphs":[],"default":{"data":{"Article":[],"Course":[],"Dataset":[],"FAQPage":[],"Movie":[],"Person":[],"Product":[],"ProductReview":[],"Car":[],"Recipe":[],"Service":[],"SoftwareApplication":[],"WebPage":[]},"graphName":"WebPage","isEnabled":true},"graphs":[]},"schema_type":"default","schema_type_options":null,"pillar_content":false,"robots_default":true,"robots_noindex":false,"robots_noarchive":false,"robots_nosnippet":false,"robots_nofollow":false,"robots_noimageindex":false,"robots_noodp":false,"robots_notranslate":false,"robots_max_snippet":"-1","robots_max_videopreview":"-1","robots_max_imagepreview":"large","priority":null,"frequency":"default","local_seo":null,"seo_analyzer_scan_date":null,"limit_modified_date":false,"reviewed_by":"0","ai":{"faqs":[],"keyPoints":[],"titles":[],"descriptions":[],"socialPosts":{"email":[],"linkedin":[],"twitter":[],"facebook":[],"instagram":[]}},"created":"2026-03-10 15:47:13","updated":"2026-03-19 20:28:16"},"aioseo_breadcrumb":"<div class=\"aioseo-breadcrumbs\"><span class=\"aioseo-breadcrumb\">\n\t<a href=\"https:\/\/monatglobal.com\/de\" title=\"Home\">Home<\/a>\n<\/span><span class=\"aioseo-breadcrumb-separator\">\u00bb<\/span><span class=\"aioseo-breadcrumb\">\n\tVolumenverst\u00e4rkende Revitalize\u2122 Sp\u00fclung I MONAT Haarpflegeprodukte\n<\/span><\/div>","aioseo_breadcrumb_json":[{"label":"Home","link":"https:\/\/monatglobal.com\/de"},{"label":"Volumenverst\u00e4rkende Revitalize\u2122 Sp\u00fclung I MONAT Haarpflegeprodukte","link":"https:\/\/monatglobal.com\/de\/volumizing-revitalize-conditioner\/"}],"_links":{"self":[{"href":"https:\/\/monatglobal.com\/de\/wp-json\/wp\/v2\/pages\/109389","targetHints":{"allow":["GET"]}}],"collection":[{"href":"https:\/\/monatglobal.com\/de\/wp-json\/wp\/v2\/pages"}],"about":[{"href":"https:\/\/monatglobal.com\/de\/wp-json\/wp\/v2\/types\/page"}],"author":[{"embeddable":true,"href":"https:\/\/monatglobal.com\/de\/wp-json\/wp\/v2\/users\/47"}],"replies":[{"embeddable":true,"href":"https:\/\/monatglobal.com\/de\/wp-json\/wp\/v2\/comments?post=109389"}],"version-history":[{"count":7,"href":"https:\/\/monatglobal.com\/de\/wp-json\/wp\/v2\/pages\/109389\/revisions"}],"predecessor-version":[{"id":109439,"href":"https:\/\/monatglobal.com\/de\/wp-json\/wp\/v2\/pages\/109389\/revisions\/109439"}],"wp:featuredmedia":[{"embeddable":true,"href":"https:\/\/monatglobal.com\/de\/wp-json\/wp\/v2\/media\/109390"}],"wp:attachment":[{"href":"https:\/\/monatglobal.com\/de\/wp-json\/wp\/v2\/media?parent=109389"}],"wp:term":[{"taxonomy":"category","embeddable":true,"href":"https:\/\/monatglobal.com\/de\/wp-json\/wp\/v2\/categories?post=109389"},{"taxonomy":"post_tag","embeddable":true,"href":"https:\/\/monatglobal.com\/de\/wp-json\/wp\/v2\/tags?post=109389"}],"curies":[{"name":"wp","href":"https:\/\/api.w.org\/{rel}","templated":true}]}}