{"id":109267,"date":"2026-02-07T17:39:50","date_gmt":"2026-02-07T17:39:50","guid":{"rendered":"https:\/\/monatglobal.com\/de\/?page_id=109267"},"modified":"2026-03-19T02:51:52","modified_gmt":"2026-03-19T02:51:52","slug":"rejuveniqe-oil","status":"publish","type":"page","link":"https:\/\/monatglobal.com\/de\/rejuveniqe-oil\/","title":{"rendered":"REJUVENIQE\u2122 Oil Intensive | MONAT Haar- und Hautpflegeprodukte"},"content":{"rendered":"\n\n\t<link rel=\"stylesheet\" href=\"https:\/\/unpkg.com\/swiper\/swiper-bundle.min.css\"\/>\n<link rel=\"stylesheet\" href=\"https:\/\/monatglobal.com\/wp-content\/creative_css\/product_styles_sheet.css\"\/>\n  <!--==================================================== ECOMM SECTION ====================================================-->\n  <p>BESTSELLER<\/p>\n    <!--==================================================== Ecomm image ====================================================-->\n    <img decoding=\"async\" src=\"https:\/\/monatglobal.com\/es\/wp-content\/uploads\/sites\/10\/2021\/10\/rejuveniqe_2021-ecomm.png\" alt=\"MONAT REJUVENIQE\u00ae\" loading=\"lazy\"\/>\n      <!--==================================================== Ecomm information  ====================================================-->\n        NUEVO\n        \n        <p>BESTSELLER<\/p>\n        <h1>REJUVENIQE<sup>\u00ae<\/sup><\/h1>\n        \n        <p>Eine exklusive Mischung aus \u00fcber 13 pflanzlichen und \u00e4therischen \u00d6len f\u00fcr Haut und Haar.<\/p>\n        30 ml\u212e\/1,0 fl.oz. \n        \n    <!--==================================================== pricing box  ====================================================-->\n      <p>Einzelhandelspreis<br \/>00.00 \u20ac<\/p>\n      <p>Preis f\u00fcr VIP-Kunden<br \/>00.00 \u20ac<\/p>\n    <!--==================================================== pricing box  ====================================================--> \n        <p>Um mehr \u00fcber REJUVENIQE<sup>\u00ae<\/sup> zu erfahren, wende Dich bitte an Deinen MONAT Markenpartner.<\/p>\n          <a href=\"\" target=\"_blank\" role=\"button\" aria-label=\"\"><\/a>\n    <!--==================================================== \/ECOMM SECTION  ====================================================-->\n    <!--==================================================== Benefits image ====================================================-->\n    \n      <source media=\"(max-width: 700px)\" srcset=\"https:\/\/monatglobal.com\/es\/wp-content\/uploads\/sites\/10\/2021\/10\/rejuveniqe-benefits_mobile.jpg\" loading=\"lazy\"\/>\n        <img decoding=\"async\" src=\"https:\/\/monatglobal.com\/es\/wp-content\/uploads\/sites\/10\/2021\/10\/Rejuvenique-benefits-2021.jpg\" alt=\"TBD-update text\" loading=\"lazy\"\/>\n      \n      <!--==================================================== Benefits text ====================================================-->\n          <h2>VORTEILE<\/h2>\n          <h3>Dieses vielseitige \u00d6l f\u00fcr Haar und Haut st\u00e4rkt das Haar*, verleiht Glanz**, reduziert Frizz** und spendet der Haut Feuchtigkeit**.<\/h3>\n          *Basierend auf einer aussagekr\u00e4ftigen Studie, die die Reduzierung von Haarbruch durch wiederholtes K\u00e4mmen und B\u00fcrsten untersucht hat.<br \/>\n            **Basierend auf instrumentellen Tests eines unabh\u00e4ngigen Labors.\n          <!--==================================================== features image  ====================================================-->\n          <img decoding=\"async\" src=\"https:\/\/monatglobal.com\/es\/wp-content\/uploads\/sites\/10\/2021\/09\/Rejuvenique%C2%AE_2.png\" alt=\"-\" loading=\"lazy\"\/>\n        <!--==================================================== features text ====================================================-->\n            <h3>Eigenschaften<\/h3>\n              <p>\/ Eine exklusive Mischung aus \u00fcber 13 pflanzlichen und \u00e4therischen \u00d6len<\/p>\n              <p>\/ Die Pipette erm\u00f6glicht eine pr\u00e4zise Anwendung auf der Kopfhaut<\/p>\n              <p>\/ Kann auch als Feuchtigkeitspflege f\u00fcr Gesicht oder K\u00f6rper verwendet werden<\/p>\n              <p>\/ Vielseitig: kann ausgesp\u00fclt oder im Haar, Gesicht oder K\u00f6rper belassen werden<\/p>\n              <p>\/ Deiner Maske oder Creme hinzuf\u00fcgen, um zus\u00e4tzliche Feuchtigkeit zu spenden<\/p> \n      <!--==================================================== composition image mobile ====================================================-->\n      <img decoding=\"async\" alt=\"\" src=\"https:\/\/monatglobal.com\/es\/wp-content\/uploads\/sites\/10\/2021\/10\/composition_img_1-Rejuveniqe-2021.jpg\" loading=\"lazy\"\/>\n      <!--==================================================== Why it works text ====================================================-->\n        <h2>DER INBEGRIFF VON ECHTEM LUXUS<\/h2>\n        <h3>MONAT hat weltweit nach den exquisitesten \u00d6len gesucht, die Haar und Haut pflegen, verj\u00fcngen und verw\u00f6hnen.<\/h3>\n        <p> Aufgrund seiner bemerkenswerten verj\u00fcngenden Eigenschaften wurde Abessinisches \u00d6l als erster Inhaltsstoff ausgew\u00e4hlt.<\/p><br \/>\n    <!--==================================================== Composition section ====================================================-->\n        <img decoding=\"async\" src=\"https:\/\/monatglobal.com\/es\/wp-content\/uploads\/sites\/10\/2021\/10\/composition_img_1-Rejuveniqe-2021.jpg\" alt=\"MONAT's Hydration Booster product is set over a solid pink background with serum spilled as additional texture.\" loading=\"lazy\"\/>\n        <img decoding=\"async\" src=\"https:\/\/monatglobal.com\/es\/wp-content\/uploads\/sites\/10\/2021\/09\/small-square.png\" alt=\"An african-american woman looking directly at the camera while applying the serum with the eyedropper. Left hand showcases MONAT's Hydration Booster.\" loading=\"lazy\"\/>\n            <!--==================================================== Directions text ====================================================--> \n              <h3>Anwendung<\/h3>\n              <p><strong>Pre-Shampoo-Behandlung: <\/strong><\/p>\n              <p>\/ Eine gro\u00dfz\u00fcgige Menge auf trockenem oder feuchtem Haar und der Kopfhaut auftragen.<\/p>\n              <p>\/ 15 Minuten einwirken lassen.<\/p>\n              <p>\/ Gr\u00fcndlich aussp\u00fclen, shampoonieren und pflegen.<\/p>\n            <!--==================================================== Directions video ====================================================-->\n        <p><strong>Intensive Feuchtigkeitsbehandlung:<\/strong><\/p>\n        <p>\/ Eine gro\u00dfz\u00fcgige Menge auf feuchtem Haar und der Kopfhaut auftragen.<\/p>\n        <p>\/ Ein warmes, feuchtes Handtuch um den Kopf wickeln und 30 Minuten einwirken lassen.<\/p>\n        <p>\/ Gr\u00fcndlich aussp\u00fclen, shampoonieren und pflegen.<\/p>\n        <br \/>\n        <p><strong>Leave-in-Behandlung:<\/strong><\/p>\n        <p>\/ Nachdem das Haar trocken ist, eine kleine Menge zwischen den Handfl\u00e4chen verreiben und in die Spitzen einarbeiten.<\/p>\n        <br \/>\n        <p><strong>Gesichtspflege:<\/strong><\/p>\n        <p>\/ Morgens und abends vor der Feuchtigkeitscreme auf Gesicht, Hals und Dekollet\u00e9 auftragen. Besonders auf Problemzonen wie feine Linien konzentrieren, um sofortige Feuchtigkeit und Schutz zu bieten.<\/p>\n        <p><strong>K\u00f6rperpflege:<\/strong><\/p>\n        <p>\/ Morgens und abends auf Ellenbogen, Knie, trockene Stellen, raue Haut und Handr\u00fccken auftragen.<\/p>\n        <br \/>\n        <p><strong>WEITERE ANWENDUNGEN: <\/strong><\/p>\n        <p>\/ Mit Deiner Lieblingscreme (Gesicht oder K\u00f6rper) mischen, um zus\u00e4tzliche Feuchtigkeit zu spenden.<\/p>\n        <p>\/ Deiner Sp\u00fclung oder Haarmaske f\u00fcr zus\u00e4tzliche Pflege und Glanz hinzuf\u00fcgen. <\/p>\n        <p>\/ Mit Deiner bevorzugten Foundation mischen, um Deinem Gesicht zus\u00e4tzliche Feuchtigkeit zu spenden, besonders in trockenen Klimazonen.<\/p>\n        <p>\/ Tupfe vor dem Fliegen einige Tropfen auf Dein Gesicht, um Feuchtigkeitsverlust zu verringern.<\/p>\n      <a href=\"\" target=\"_blank\"  role=\"button\" aria-label=\"\"><\/a>\n    <!--==================================================== Ingredients section  ====================================================-->\n      <h2>WICHTIGE INHALTSSTOFFE<\/h2>\n         <img decoding=\"async\" src=\"https:\/\/monatglobal.com\/wp-content\/uploads\/2022\/11\/Abyssinian-Oil.svg\" alt=\"Abyssinian Oil\"\/>\n          <p>Abessinisches \u00d6l<\/p>\n      <img decoding=\"async\" src=\"https:\/\/monatglobal.com\/wp-content\/uploads\/2022\/11\/Meadowfoam-Oil.svg\" alt=\"Meadowfoam Oil\"\/>\n        <p>Wiesenschaumkraut\u00f6l <\/p>\n        <!--  -->\n        <!--    <img decoding=\"async\" src=\"https:\/\/monatglobal.com\/wp-content\/uploads\/2022\/12\/carrotoil.svg\" alt=\"Carrot Seed Oil\"\/>-->\n        <!---->\n        <!---->\n        <!--  <p>Carrot Seed Oil<\/p>-->\n        <!---->\n  <button id=\"myBtn\" type=\"button\">Alle Inhaltsstoffe ansehen<\/button>\n  <!--==================================================== Modal content  ====================================================-->\n    \u00d7\n    <p>Limnanthes Alba (Meadowfoam) Seed Oil, Crambe Abyssinica Seed Oil, Camellia Oleifera Seed Oil, Solanum Lycopersicum (Tomato) Seed Oil, Daucus Carota Sativa (Carrot) Seed Oil, Citrus Limon (Lemon) Peel Oil, Citrus Aurantifolia (Lime) Oil, Citrus Aurantium Bergamia (Bergamot) Fruit Oil, Adansonia Digitata Oil, Mauritia Flexuosa Fruit Oil, Cocos Nucifera (Coconut) Oil, Gardenia Taitensis Flower Extract, Moringa Oleifera Seed Oil, Caryocar Brasiliense Fruit Oil, Helianthus Annuus (Sunflower) Seed Oil, Citral, Limonene, Linalool<\/p>\n<!--==================================================== You might also like section ====================================================-->\n  <h2>DAS K\u00d6NNTE DIR AUCH GEFALLEN<\/h2>\n  <!--==================================================== Slider YOU MIGHT ALSO LIKE ====================================================-->\n  <!---->\n  <!--  -->\n      <!--==================================================== Slides products ====================================================-->\n  <!--    -->\n  <!--      <a href=\"https:\/\/monatglobal.com\/rejuvabeads\/\" aria-label=\"Go to REJUVABEADS page\">-->\n  <!--        <img decoding=\"async\" src=\"https:\/\/monatglobal.com\/wp-content\/uploads\/2022\/12\/Rejevabeads-ecomm.png\" alt=\"REJUVABEADS\" loading=\"lazy\"\/>-->\n  <!--        <p>REJUVABEADS<sup>\u00ae<\/sup><\/p>-->\n  <!--      <\/a>-->\n  <!--    -->\n  <!--    -->\n  <!--      <a href=\"https:\/\/monatglobal.com\/replenish-masque\/\" aria-label=\"Go to Replenish Masque page\">-->\n  <!--        <img decoding=\"async\" src=\"https:\/\/monatglobal.com\/wp-content\/uploads\/2022\/12\/replenish-masque-e-comm-min.png\" alt=\"Replenish Masque\" loading=\"lazy\"\/>-->\n  <!--        <p>Replenish Masque<\/p>-->\n  <!--      <\/a>-->\n  <!--    -->\n  <!--    -->\n  <!--      <a href=\"https:\/\/monatglobal.com\/lightweight-moisturizer\/\" aria-label=\"Go to BE BALANCED\u2122 Lightweight Moisturizer Page\">-->\n  <!--        <img decoding=\"async\" src=\"https:\/\/monatglobal.com\/wp-content\/uploads\/2022\/12\/BE-BALANCED-Lightweight-Moisturizer_ecomm-min.png\" alt=\"BE BALANCED\u2122 Lightweight Moisturizer\" loading=\"lazy\"\/>-->\n  <!--        <p>BE BALANCED\u2122 Lightweight Moisturizer<\/p>-->\n  <!--      <\/a>-->\n  <!--    -->\n  <!--  -->\n    <!--==================================================== If we need navigation buttons  ====================================================-->\n  <!--  -->\n  <!--  -->\n    <!--==================================================== If we need paginations  ====================================================-->\n  <!--  -->\n  <!---->\n             <!-- If we need navigation buttons -->\n             <!-- If we need paginations -->\n    <a href=\"\" aria-label=\"\"><\/a>\n     <!--==================================================== this link has to go last for it to work   ====================================================-->\n\n","protected":false},"excerpt":{"rendered":"<p>BESTSELLER NUEVO BESTSELLER REJUVENIQE\u00ae Eine exklusive Mischung aus \u00fcber 13 pflanzlichen und \u00e4therischen \u00d6len f\u00fcr Haut und Haar. 30 ml\u212e\/1,0 fl.oz. Einzelhandelspreis00.00 \u20ac Preis f\u00fcr VIP-Kunden00.00 \u20ac Um mehr \u00fcber REJUVENIQE\u00ae zu erfahren, wende Dich bitte an Deinen MONAT Markenpartner. VORTEILE Dieses vielseitige \u00d6l f\u00fcr Haar und Haut st\u00e4rkt das Haar*, verleiht Glanz**, reduziert Frizz**&hellip;<\/p>\n","protected":false},"author":31,"featured_media":109289,"parent":0,"menu_order":0,"comment_status":"closed","ping_status":"closed","template":"","meta":{"inline_featured_image":false,"om_disable_all_campaigns":false,"footnotes":""},"categories":[17],"tags":[],"class_list":["post-109267","page","type-page","status-publish","has-post-thumbnail","hentry","category-product-de"],"aioseo_notices":[],"aioseo_head":"\n\t\t<!-- All in One SEO Pro 4.9.5.2 - aioseo.com -->\n\t<meta name=\"description\" content=\"Eine exklusive Mischung aus pflanzlichen und \u00e4therischen \u00d6len f\u00fcr Haar und Haut. Dieses vielseitige \u00d6l st\u00e4rkt das Haar, verleiht Glanz und spendet der Haut Feuchtigkeit.\" \/>\n\t<meta name=\"robots\" content=\"max-image-preview:large\" \/>\n\t<link rel=\"canonical\" href=\"https:\/\/monatglobal.com\/de\/rejuveniqe-oil\/\" \/>\n\t<meta name=\"generator\" content=\"All in One SEO Pro (AIOSEO) 4.9.5.2\" \/>\n\t\t<meta property=\"og:locale\" content=\"de_DE\" \/>\n\t\t<meta property=\"og:site_name\" content=\"MONAT Germany - We Are Modern Nature\u2122\" \/>\n\t\t<meta property=\"og:type\" content=\"article\" \/>\n\t\t<meta property=\"og:title\" content=\"REJUVENIQE\u2122 Oil Intensive | MONAT Haar- und Hautpflegeprodukte\" \/>\n\t\t<meta property=\"og:description\" content=\"Eine exklusive Mischung aus pflanzlichen und \u00e4therischen \u00d6len f\u00fcr Haar und Haut. Dieses vielseitige \u00d6l st\u00e4rkt das Haar, verleiht Glanz und spendet der Haut Feuchtigkeit.\" \/>\n\t\t<meta property=\"og:url\" content=\"https:\/\/monatglobal.com\/de\/rejuveniqe-oil\/\" \/>\n\t\t<meta property=\"article:published_time\" content=\"2026-02-07T17:39:50+00:00\" \/>\n\t\t<meta property=\"article:modified_time\" content=\"2026-03-19T02:51:52+00:00\" \/>\n\t\t<meta name=\"twitter:card\" content=\"summary_large_image\" \/>\n\t\t<meta name=\"twitter:title\" content=\"REJUVENIQE\u2122 Oil Intensive | MONAT Haar- und Hautpflegeprodukte\" \/>\n\t\t<meta name=\"twitter:description\" content=\"Eine exklusive Mischung aus pflanzlichen und \u00e4therischen \u00d6len f\u00fcr Haar und Haut. Dieses vielseitige \u00d6l st\u00e4rkt das Haar, verleiht Glanz und spendet der Haut Feuchtigkeit.\" \/>\n\t\t<script type=\"application\/ld+json\" class=\"aioseo-schema\">\n\t\t\t{\"@context\":\"https:\\\/\\\/schema.org\",\"@graph\":[{\"@type\":\"BreadcrumbList\",\"@id\":\"https:\\\/\\\/monatglobal.com\\\/de\\\/rejuveniqe-oil\\\/#breadcrumblist\",\"itemListElement\":[{\"@type\":\"ListItem\",\"@id\":\"https:\\\/\\\/monatglobal.com\\\/de#listItem\",\"position\":1,\"name\":\"Home\",\"item\":\"https:\\\/\\\/monatglobal.com\\\/de\",\"nextItem\":{\"@type\":\"ListItem\",\"@id\":\"https:\\\/\\\/monatglobal.com\\\/de\\\/rejuveniqe-oil\\\/#listItem\",\"name\":\"REJUVENIQE\\u2122 Oil Intensive | MONAT Haar- und Hautpflegeprodukte\"}},{\"@type\":\"ListItem\",\"@id\":\"https:\\\/\\\/monatglobal.com\\\/de\\\/rejuveniqe-oil\\\/#listItem\",\"position\":2,\"name\":\"REJUVENIQE\\u2122 Oil Intensive | MONAT Haar- und Hautpflegeprodukte\",\"previousItem\":{\"@type\":\"ListItem\",\"@id\":\"https:\\\/\\\/monatglobal.com\\\/de#listItem\",\"name\":\"Home\"}}]},{\"@type\":\"Organization\",\"@id\":\"https:\\\/\\\/monatglobal.com\\\/de\\\/#organization\",\"name\":\"MONAT Germany\",\"description\":\"We Are Modern Nature\\u2122\",\"url\":\"https:\\\/\\\/monatglobal.com\\\/de\\\/\"},{\"@type\":\"WebPage\",\"@id\":\"https:\\\/\\\/monatglobal.com\\\/de\\\/rejuveniqe-oil\\\/#webpage\",\"url\":\"https:\\\/\\\/monatglobal.com\\\/de\\\/rejuveniqe-oil\\\/\",\"name\":\"REJUVENIQE\\u2122 Oil Intensive | MONAT Haar- und Hautpflegeprodukte\",\"description\":\"Eine exklusive Mischung aus pflanzlichen und \\u00e4therischen \\u00d6len f\\u00fcr Haar und Haut. Dieses vielseitige \\u00d6l st\\u00e4rkt das Haar, verleiht Glanz und spendet der Haut Feuchtigkeit.\",\"inLanguage\":\"de-DE\",\"isPartOf\":{\"@id\":\"https:\\\/\\\/monatglobal.com\\\/de\\\/#website\"},\"breadcrumb\":{\"@id\":\"https:\\\/\\\/monatglobal.com\\\/de\\\/rejuveniqe-oil\\\/#breadcrumblist\"},\"image\":{\"@type\":\"ImageObject\",\"url\":\"https:\\\/\\\/monatglobal.com\\\/de\\\/wp-content\\\/uploads\\\/sites\\\/22\\\/2026\\\/02\\\/rejuveniqe_2021-ecomm.png\",\"@id\":\"https:\\\/\\\/monatglobal.com\\\/de\\\/rejuveniqe-oil\\\/#mainImage\",\"width\":641,\"height\":800},\"primaryImageOfPage\":{\"@id\":\"https:\\\/\\\/monatglobal.com\\\/de\\\/rejuveniqe-oil\\\/#mainImage\"},\"datePublished\":\"2026-02-07T17:39:50+00:00\",\"dateModified\":\"2026-03-19T02:51:52+00:00\"},{\"@type\":\"WebSite\",\"@id\":\"https:\\\/\\\/monatglobal.com\\\/de\\\/#website\",\"url\":\"https:\\\/\\\/monatglobal.com\\\/de\\\/\",\"name\":\"MONAT Germany\",\"description\":\"We Are Modern Nature\\u2122\",\"inLanguage\":\"de-DE\",\"publisher\":{\"@id\":\"https:\\\/\\\/monatglobal.com\\\/de\\\/#organization\"}}]}\n\t\t<\/script>\n\t\t<!-- All in One SEO Pro -->\r\n\t\t<title>REJUVENIQE\u2122 Oil Intensive | MONAT Haar- und Hautpflegeprodukte<\/title>\n\n","aioseo_head_json":{"title":"REJUVENIQE\u2122 Oil Intensive | MONAT Haar- und Hautpflegeprodukte","description":"Eine exklusive Mischung aus pflanzlichen und \u00e4therischen \u00d6len f\u00fcr Haar und Haut. Dieses vielseitige \u00d6l st\u00e4rkt das Haar, verleiht Glanz und spendet der Haut Feuchtigkeit.","canonical_url":"https:\/\/monatglobal.com\/de\/rejuveniqe-oil\/","robots":"max-image-preview:large","keywords":"","webmasterTools":{"miscellaneous":""},"schema":{"@context":"https:\/\/schema.org","@graph":[{"@type":"BreadcrumbList","@id":"https:\/\/monatglobal.com\/de\/rejuveniqe-oil\/#breadcrumblist","itemListElement":[{"@type":"ListItem","@id":"https:\/\/monatglobal.com\/de#listItem","position":1,"name":"Home","item":"https:\/\/monatglobal.com\/de","nextItem":{"@type":"ListItem","@id":"https:\/\/monatglobal.com\/de\/rejuveniqe-oil\/#listItem","name":"REJUVENIQE\u2122 Oil Intensive | MONAT Haar- und Hautpflegeprodukte"}},{"@type":"ListItem","@id":"https:\/\/monatglobal.com\/de\/rejuveniqe-oil\/#listItem","position":2,"name":"REJUVENIQE\u2122 Oil Intensive | MONAT Haar- und Hautpflegeprodukte","previousItem":{"@type":"ListItem","@id":"https:\/\/monatglobal.com\/de#listItem","name":"Home"}}]},{"@type":"Organization","@id":"https:\/\/monatglobal.com\/de\/#organization","name":"MONAT Germany","description":"We Are Modern Nature\u2122","url":"https:\/\/monatglobal.com\/de\/"},{"@type":"WebPage","@id":"https:\/\/monatglobal.com\/de\/rejuveniqe-oil\/#webpage","url":"https:\/\/monatglobal.com\/de\/rejuveniqe-oil\/","name":"REJUVENIQE\u2122 Oil Intensive | MONAT Haar- und Hautpflegeprodukte","description":"Eine exklusive Mischung aus pflanzlichen und \u00e4therischen \u00d6len f\u00fcr Haar und Haut. Dieses vielseitige \u00d6l st\u00e4rkt das Haar, verleiht Glanz und spendet der Haut Feuchtigkeit.","inLanguage":"de-DE","isPartOf":{"@id":"https:\/\/monatglobal.com\/de\/#website"},"breadcrumb":{"@id":"https:\/\/monatglobal.com\/de\/rejuveniqe-oil\/#breadcrumblist"},"image":{"@type":"ImageObject","url":"https:\/\/monatglobal.com\/de\/wp-content\/uploads\/sites\/22\/2026\/02\/rejuveniqe_2021-ecomm.png","@id":"https:\/\/monatglobal.com\/de\/rejuveniqe-oil\/#mainImage","width":641,"height":800},"primaryImageOfPage":{"@id":"https:\/\/monatglobal.com\/de\/rejuveniqe-oil\/#mainImage"},"datePublished":"2026-02-07T17:39:50+00:00","dateModified":"2026-03-19T02:51:52+00:00"},{"@type":"WebSite","@id":"https:\/\/monatglobal.com\/de\/#website","url":"https:\/\/monatglobal.com\/de\/","name":"MONAT Germany","description":"We Are Modern Nature\u2122","inLanguage":"de-DE","publisher":{"@id":"https:\/\/monatglobal.com\/de\/#organization"}}]},"og:locale":"de_DE","og:site_name":"MONAT Germany - We Are Modern Nature\u2122","og:type":"article","og:title":"REJUVENIQE\u2122 Oil Intensive | MONAT Haar- und Hautpflegeprodukte","og:description":"Eine exklusive Mischung aus pflanzlichen und \u00e4therischen \u00d6len f\u00fcr Haar und Haut. Dieses vielseitige \u00d6l st\u00e4rkt das Haar, verleiht Glanz und spendet der Haut Feuchtigkeit.","og:url":"https:\/\/monatglobal.com\/de\/rejuveniqe-oil\/","article:published_time":"2026-02-07T17:39:50+00:00","article:modified_time":"2026-03-19T02:51:52+00:00","twitter:card":"summary_large_image","twitter:title":"REJUVENIQE\u2122 Oil Intensive | MONAT Haar- und Hautpflegeprodukte","twitter:description":"Eine exklusive Mischung aus pflanzlichen und \u00e4therischen \u00d6len f\u00fcr Haar und Haut. Dieses vielseitige \u00d6l st\u00e4rkt das Haar, verleiht Glanz und spendet der Haut Feuchtigkeit."},"aioseo_meta_data":{"post_id":"109267","title":"REJUVENIQE\u2122 Oil Intensive | MONAT Haar- und Hautpflegeprodukte","description":"Eine exklusive Mischung aus pflanzlichen und \u00e4therischen \u00d6len f\u00fcr Haar und Haut. Dieses vielseitige \u00d6l st\u00e4rkt das Haar, verleiht Glanz und spendet der Haut Feuchtigkeit.","keywords":null,"keyphrases":{"focus":{"keyphrase":"","score":0,"analysis":{"keyphraseInTitle":{"score":0,"maxScore":9,"error":1}}},"additional":[]},"primary_term":null,"canonical_url":null,"og_title":null,"og_description":null,"og_object_type":"default","og_image_type":"default","og_image_url":null,"og_image_width":null,"og_image_height":null,"og_image_custom_url":null,"og_image_custom_fields":null,"og_video":"","og_custom_url":null,"og_article_section":null,"og_article_tags":null,"twitter_use_og":false,"twitter_card":"default","twitter_image_type":"default","twitter_image_url":null,"twitter_image_custom_url":null,"twitter_image_custom_fields":null,"twitter_title":null,"twitter_description":null,"schema":{"blockGraphs":[],"customGraphs":[],"default":{"data":{"Article":[],"Course":[],"Dataset":[],"FAQPage":[],"Movie":[],"Person":[],"Product":[],"ProductReview":[],"Car":[],"Recipe":[],"Service":[],"SoftwareApplication":[],"WebPage":[]},"graphName":"WebPage","isEnabled":true},"graphs":[]},"schema_type":"default","schema_type_options":null,"pillar_content":false,"robots_default":true,"robots_noindex":false,"robots_noarchive":false,"robots_nosnippet":false,"robots_nofollow":false,"robots_noimageindex":false,"robots_noodp":false,"robots_notranslate":false,"robots_max_snippet":"-1","robots_max_videopreview":"-1","robots_max_imagepreview":"large","priority":null,"frequency":"default","local_seo":null,"seo_analyzer_scan_date":null,"limit_modified_date":false,"reviewed_by":"0","ai":{"faqs":[],"keyPoints":[],"titles":[],"descriptions":[],"socialPosts":{"email":[],"linkedin":[],"twitter":[],"facebook":[],"instagram":[]}},"created":"2026-02-09 20:22:07","updated":"2026-03-19 03:24:23"},"aioseo_breadcrumb":"<div class=\"aioseo-breadcrumbs\"><span class=\"aioseo-breadcrumb\">\n\t<a href=\"https:\/\/monatglobal.com\/de\" title=\"Home\">Home<\/a>\n<\/span><span class=\"aioseo-breadcrumb-separator\">\u00bb<\/span><span class=\"aioseo-breadcrumb\">\n\tREJUVENIQE\u2122 Oil Intensive | MONAT Haar- und Hautpflegeprodukte\n<\/span><\/div>","aioseo_breadcrumb_json":[{"label":"Home","link":"https:\/\/monatglobal.com\/de"},{"label":"REJUVENIQE\u2122 Oil Intensive | MONAT Haar- und Hautpflegeprodukte","link":"https:\/\/monatglobal.com\/de\/rejuveniqe-oil\/"}],"_links":{"self":[{"href":"https:\/\/monatglobal.com\/de\/wp-json\/wp\/v2\/pages\/109267","targetHints":{"allow":["GET"]}}],"collection":[{"href":"https:\/\/monatglobal.com\/de\/wp-json\/wp\/v2\/pages"}],"about":[{"href":"https:\/\/monatglobal.com\/de\/wp-json\/wp\/v2\/types\/page"}],"author":[{"embeddable":true,"href":"https:\/\/monatglobal.com\/de\/wp-json\/wp\/v2\/users\/31"}],"replies":[{"embeddable":true,"href":"https:\/\/monatglobal.com\/de\/wp-json\/wp\/v2\/comments?post=109267"}],"version-history":[{"count":11,"href":"https:\/\/monatglobal.com\/de\/wp-json\/wp\/v2\/pages\/109267\/revisions"}],"predecessor-version":[{"id":109413,"href":"https:\/\/monatglobal.com\/de\/wp-json\/wp\/v2\/pages\/109267\/revisions\/109413"}],"wp:featuredmedia":[{"embeddable":true,"href":"https:\/\/monatglobal.com\/de\/wp-json\/wp\/v2\/media\/109289"}],"wp:attachment":[{"href":"https:\/\/monatglobal.com\/de\/wp-json\/wp\/v2\/media?parent=109267"}],"wp:term":[{"taxonomy":"category","embeddable":true,"href":"https:\/\/monatglobal.com\/de\/wp-json\/wp\/v2\/categories?post=109267"},{"taxonomy":"post_tag","embeddable":true,"href":"https:\/\/monatglobal.com\/de\/wp-json\/wp\/v2\/tags?post=109267"}],"curies":[{"name":"wp","href":"https:\/\/api.w.org\/{rel}","templated":true}]}}