{"id":109072,"date":"2026-01-20T14:41:13","date_gmt":"2026-01-20T14:41:13","guid":{"rendered":"https:\/\/monatglobal.com\/de\/?page_id=109072"},"modified":"2026-02-27T21:11:11","modified_gmt":"2026-02-27T21:11:11","slug":"lip-plumb-gloss","status":"publish","type":"page","link":"https:\/\/monatglobal.com\/de\/lip-plumb-gloss\/","title":{"rendered":"Lip Plumper | Sofortige Feuchtigkeit &amp; Volumen | MONAT Makeup"},"content":{"rendered":"\n\n\t<!--Title: Lip Plumper | Sofortige Feuchtigkeit & Volumen | MONAT Makeup-->\n<!--Unser Lip-Plumping Gloss\u2122 kombiniert nat\u00fcrliche Inhaltsstoffe in einer gl\u00e4nzenden Textur. Er spendet den Lippen sofort Feuchtigkeit, l\u00e4sst sie voller wirken und gleicht feine Lippenlinien aus.-->\n<link rel=\"stylesheet\" href=\"https:\/\/monatglobal.com\/wp-content\/creative_css\/product_styles_sheet.css\"\/>\n    <!--==================================================== ECOMM SECTION ====================================================-->\n        <!--==================================================== Ecomm image ====================================================-->\n            <p>BESTSELLER<\/p>\n            NEU\n                    <img decoding=\"async\" alt=\"\" src=\"\" loading=\"lazy\"\/>\n                    <img decoding=\"async\" alt=\"\" src=\"\" loading=\"lazy\"\/>\n                    <img decoding=\"async\" alt=\"\" src=\"\" loading=\"lazy\"\/>\n                  <img decoding=\"async\" alt=\"A male smiling while holding BE CLARIFIED\u2122 Acne-Clearing Moisturizer.\" src=\"https:\/\/monatglobal.com\/wp-content\/uploads\/2023\/03\/pop-up-ecomm-be-clarified-Acne-Clearing-Moisturizer.jpg\" loading=\"lazy\"\/>\n                        <img decoding=\"async\" alt=\"\" src=\"\" data-lbxp=\"\" loading=\"lazy\"\/>\n                        <img decoding=\"async\" alt=\"\" src=\"\" data-lbxp=\"\" loading=\"lazy\"\/>\n                        <img decoding=\"async\" alt=\"\" src=\"\" data-lbxp=\"\" loading=\"lazy\"\/>\n                      <img decoding=\"async\" alt=\"A male smiling while holding BE CLARIFIED\u2122 Acne-Clearing Moisturizer.\" src=\"https:\/\/monatglobal.com\/wp-content\/uploads\/2023\/03\/pop-up-ecomm-be-clarified-Acne-Clearing-Moisturizer.jpg\" loading=\"lazy\"\/>\n        <!--==================================================== Ecomm information  ====================================================-->\n            <p>BESTSELLER<\/p>\n            NEU\n            <p>MONAT<\/p>\n            <h1>Lip-Plumping  <br \/> Gloss\u2122<\/h1>\n            <!--<p>With Vitamin E and Jojoba Esters<\/p>-->\n            <p>Die antioxidantienreiche Formel pflegt und hydratisiert die Lippen und hinterl\u00e4sst ein volumin\u00f6ses, gl\u00e4nzendes Finish.<\/p>\n            <p>6 ml \u212e 0.2 fl. oz.<\/p>\n            \n                <label><input type=\"radio\" name=\"toneLip\"\/><\/label>\n                <label><input type=\"radio\" name=\"toneLip\"\/><\/label>\n                <label><input type=\"radio\" name=\"toneLip\"\/><\/label>\n                <label><input type=\"radio\" name=\"toneLip\"\/><\/label>\n                <label><input type=\"radio\" name=\"toneLip\"\/><\/label>\n                <label><input type=\"radio\" name=\"toneLip\"\/><\/label>\n           <!--==================================================== pricing box  ====================================================-->    \n                    <p>Einzelhandelspreis<br \/>00.00 \u20ac<\/p>\n                    <p>Preis f\u00fcr VIP-Kunden<br \/>00.00 \u20ac<\/p>\n           <!--==================================================== pricing box  ====================================================-->     \n            <p>Um mehr \u00fcber MONAT Lip-Plumping Gloss\u2122, zu erfahren, wende Dich bitte an Deinen MONAT Markenpartner. <\/p>\n              <a href=\"\" target=\"_blank\" role=\"button\" aria-label=\"\"><\/a>\n    <!--==================================================== \/ECOMM SECTION  ====================================================-->\n    <!--==================================================== Benefits image ====================================================-->\n    \n        <source id=\"benefitsMobImg\" media=\"(max-width: 700px)\" srcset=\"\" loading=\"lazy\"\/>\n        <img decoding=\"async\" id=\"benefitsImg\" src=\"\" alt=\"\" loading=\"lazy\"\/>\n    \n    <!--==================================================== Benefits text ====================================================-->\n            <h2>VORTEILE<\/h2>\n            <h3>Der MONAT Lip-Plumping Gloss\u2122 versorgt die Lippen sofort mit Feuchtigkeit, hinterl\u00e4sst ein angenehm k\u00fchlendes Gef\u00fchl und l\u00e4sst sie voller wirken. <\/h3>\n            <p>Die gl\u00e4nzende Textur ist in vier zeitlosen Nuancen erh\u00e4ltlich und kann allein getragen werden, um die nat\u00fcrliche Lippenfarbe zu unterstreichen, oder \u00fcber dem MONAT Liquid Lipstick\u2122, um Glanz und Volumen zu intensivieren.<\/p>\n            <!--==================================================== features image slide  ====================================================-->\n                    <img decoding=\"async\" src=\"\" alt=\"\" loading=\"lazy\"\/>\n                    <img decoding=\"async\" src=\"\" alt=\"\" loading=\"lazy\"\/>\n                    <img decoding=\"async\" src=\"\" alt=\"\" loading=\"lazy\"\/>\n        <!--==================================================== features text ====================================================-->\n                <h3>Eigenschaften<\/h3>\n                    <p>\/ Sofortige und langanhaltende Feuchtigkeitsversorgung <\/p>\n                    <p>\/ Enth\u00e4lt einen leistungsstarken Wirkstoffkomplex, der die Lippen sofort voller und straffer wirken l\u00e4sst   <\/p>\n                    <p>\/ Erh\u00e4ltlich in 4 universellen Nuancen: 2 mit Schimmer-Finish, 2 mit hochgl\u00e4nzendem Gloss-Finish <\/p>\n                    <p>\/ Mildert feine Lippenlinien* <\/p>\n                    <p>\/ Lippen f\u00fchlen sich hydratisiert und gepflegt an und wirken voller*   <\/p>\n                <p>*Basierend auf einer 14-t\u00e4gigen Verbraucherstudie mit 31 Frauen. Unabh\u00e4ngig getestet.<\/p>\n                <br \/>\n                <p>DUFT \/ Ohne Duftstoffe  <\/p>\n                <p>TEXTUR \/ Fl\u00fcssiger Gloss<\/p>\n    <!--==================================================== composition image mobile ====================================================-->\n    <img decoding=\"async\" src=\"\" alt=\"\" loading=\"lazy\"\/>\n    <!--==================================================== Why it works text ====================================================-->\n        <h2>Mehr Volumen f\u00fcr Deine Lippen<\/h2>\n              <h3>Erhalte volle, unwiderstehliche Lippen und intensive Feuchtigkeit.<\/h3>\n        <p> Die Formulierung mit Granatapfelbl\u00fctenextrakt, REJUVENIQE S\u2122 und pflanzlichen \u00d6len l\u00e4sst Deine Lippen voller wirken und mildert das Erscheinungsbild feiner Lippenf\u00e4ltchen &#8211; f\u00fcr ein makelloses Finish. <\/p>\n<!--==================================================== Composition section ====================================================-->\n        <img decoding=\"async\" src=\"\" alt=\"\" loading=\"lazy\"\/>\n        <img decoding=\"async\" id=\"compImg_2\" src=\"\" alt=\"\" loading=\"lazy\"\/>\n                <!--==================================================== Directions text ====================================================--> \n                    <h3>Anwendung<\/h3><br \/>\n                        <p>\/ Auf saubere, trockene Lippen auftragen.<\/p>\n                <!--==================================================== Directions video ====================================================-->\n                    <!---->\n<!--<p>MONAT Lip-Plumping Gloss\u2122\ufe0f <br \/>7:21<\/p>-->\n        <a href=\"\" target=\"_blank\"  role=\"button\" aria-label=\"\"><\/a>\n    <!--==================================================== Ingredients section  ====================================================-->\n        <h2>Wichtige Inhaltsstoffe<\/h2>\n          <img decoding=\"async\" src=\"https:\/\/monatglobal.com\/wp-content\/uploads\/2024\/08\/MONAT-Lip-Plumping-Complex.svg\" alt=\"icon of MONAT Lip-Plumping Complex\"\/> \n      <p>MONAT Lip-Plumping Komplex  <\/p>\n              <img decoding=\"async\" src=\"https:\/\/monatglobal.com\/wp-content\/uploads\/2024\/08\/Sodium-Hyaluronate.svg\" alt=\"icon of Sodium Hyaluronate\"\/>\n      <p>Natriumhyaluronat<\/p>\n           <img decoding=\"async\" src=\"https:\/\/monatglobal.com\/wp-content\/uploads\/2024\/07\/REJUVENIQE-S-1.svg\" alt=\"icon of REJUVENIQE S\u2122\"\/>\n      <p>REJUVENIQE S\u2122<\/p>\n            <img decoding=\"async\" src=\"https:\/\/monatglobal.com\/wp-content\/uploads\/2024\/08\/Blend-of-Botanical-Oils.svg\" alt=\"icon of Blend of Botanical Oils and Polyglycerides\"\/> \n      <p>Mischung aus pflanzlichen \u00d6len und Polyglyceriden  <\/p>\n        <button id=\"myBtn\" type=\"button\">ALLE INHALTSSTOFFE ANSEHEN<\/button>\n        <!--==================================================== Modal content  ====================================================-->\n            \u00d7\n            Graceful and Confident:<br \/><br \/>\nRicinus Communis (Castor) Seed Oil, Mango Butter Dimer Dilinoleyl Esters\/Dimer Dilinoleate Copolymer, Oleic\/Linoleic\/Linolenic Polyglycerides, Simmondsia Chinensis (Jojoba) Seed Oil, Copernicia Cerifera (Carnauba) Wax\/Cire de Carnauba, Capryloyl Glycerin\/Sebacic Acid Copolymer, Polyhydroxystearic Acid, Menthoxypropanediol, Sodium Hyaluronate,Hydrogenated Rapeseed Oil, Mentha Piperita (Perppermint) Oil, Daucus Carota Sativa (Carrot) Seed Oil, Simmondsia Chinensis (Jojoba) Seed Extract, Solanum Lycopersicum (Tomato) Seed Oil, Punica Granatum Seed Oil, Punica Granatum Flower Extract, Hydrogenated Castor Oil, Gardenia Taitensis Flower Extract, Helianthus Annuus (Sunflower) Seed Oil, Mauritia Flexuosa Fruit Oil, Sorbitan Oleate, Limnanthes Alba (Meadowfoam) Seed Oil, Crambe Abyssinica Seed Oil, Camellia Oleifera Seed Oil, Adansonia Digitata Oil, Caryocar Brasiliense Fruit Oil, Citrus Aurantifolia (Lime) Oil, Citrus Aurantium Bergamia (Bergamot) Fruit Oil, Citrus Limon (Lemon) Peel Oil, Cocos Nucifera (Coconut) Oil, Moringa Oleifera Seed Oil, Olea Europaea (Olive) Fruit Oil, Caprylyl Glycol, Polyglyceryl-3 Diisostearate, Silica, KANN ENTHALTEN (+\/-): Titanium Dioxide (CI 77891), Iron Oxides (CI 77491, CI 77499), Red 7 (CI 15850). \n<br \/><br \/>\nClassy, Effortless, Radiant and Authentic:<br \/><br \/>\nRicinus Communis (Castor) Seed Oil, Mango Butter Dimer Dilinoleyl Esters\/Dimer Dilinoleate Copolymer, Oleic\/Linoleic\/Linolenic Polyglycerides, Simmondsia Chinensis (Jojoba) Seed Oil, Copernicia Cerifera (Carnauba) Wax\/Cire de Carnauba, Capryloyl Glycerin\/Sebacic Acid Copolymer, Polyhydroxystearic Acid, Calcium Sodium Borosilicate, Menthoxypropanediol, Sodium Hyaluronate,Hydrogenated Rapeseed Oil, Mentha Piperita (Perppermint) Oil, Daucus Carota Sativa (Carrot) Seed Oil, Simmondsia Chinensis (Jojoba) Seed Extract, Solanum Lycopersicum (Tomato) Seed Oil, Punica Granatum Seed Oil, Punica Granatum Flower Extract, Hydrogenated Castor Oil, Gardenia Taitensis Flower Extract, Helianthus Annuus (Sunflower) Seed Oil, Mauritia Flexuosa Fruit Oil, Sorbitan Oleate, Limnanthes Alba (Meadowfoam) Seed Oil, Crambe Abyssinica Seed Oil, Camellia Oleifera Seed Oil, Adansonia Digitata Oil, Caryocar Brasiliense Fruit Oil, Citrus Aurantifolia (Lime) Oil, Citrus Aurantium Bergamia (Bergamot) Fruit Oil, Citrus Limon (Lemon) Peel Oil, Cocos Nucifera (Coconut) Oil, Moringa Oleifera Seed Oil, Olea Europaea (Olive) Fruit Oil, Caprylyl Glycol, Polyglyceryl-3 Diisostearate, Silica, Mica, Tin Oxide, Limonene, Menthol, Pinene, KANN ENTHALTEN (+\/-): Titanium Dioxide (CI 77891), Red 6 Lake (CI 15850), Red 7 (CI 15850) Iron Oxides (CI 77491, CI 77492, CI 77499), Yellow 5 Lake (CI 19140), Blue 1 Lake (CI42090).\t\n    <!--==================================================== You might also like section ====================================================-->\n        <h2>DAS K\u00d6NNTE DIR AUCH GEFALLEN<\/h2>\n        <!--==================================================== Slider YOU MIGHT ALSO LIKE ====================================================-->\n<!--            -->\n                <!-- Slides products-->\n<!---->\n<!--                    <a href=\"https:\/\/corp.mymonat.com\/shop\/products\/monat-liquid-highlighter-rose-gold?globallanguage=de&globalmarket=de\" aria-label=\"Liquid Highlighter\u2122  page\">-->\n<!--                        <img decoding=\"async\" src=\"https:\/\/monatglobal.com\/wp-content\/uploads\/2024\/08\/LIQUID-HIGHLIGHTERS-CHAMPAGNE-ECOMM_2024-1.png\" alt=\"MONAT Liquid Highlighter\u2122 \" loading=\"lazy\"\/>-->\n<!--                        <p>MONAT Liquid Highlighter\u2122 <\/p>-->\n<!--                    <\/a>-->\n<!--                -->\n<!--            -->\n<!--                    <a href=\"https:\/\/corp.mymonat.com\/shop\/products\/monat-glam-essentials-palette?globallanguage=de&globalmarket=de\" aria-label=\"Go to MONAT Glam Essentials Palette\u2122 page\">-->\n<!--                        <img decoding=\"async\" src=\"https:\/\/monatglobal.com\/wp-content\/uploads\/2024\/08\/MONAT-Glam-essential-palette-ECOMM_2024.png\" alt=\"MONAT Glam Essentials Palette\u2122\" loading=\"lazy\"\/>-->\n<!--                        <p>MONAT Glam Essentials Palette\u2122<\/p>-->\n<!--                    <\/a>-->\n<!--                -->\n<!--                            -->\n<!--                    <a href=\"https:\/\/corp.mymonat.com\/shop\/products\/monat-lip-liner-goddess-6000005011?globallanguage=de&globalmarket=de\" aria-label=\"Go to MONAT Lip Liner\u2122 page\">-->\n<!--                        <img decoding=\"async\" src=\"https:\/\/monatglobal.com\/wp-content\/uploads\/2024\/11\/lip-liner-goddess-ecomm.png\" alt=\"MONAT Lip Liner\u2122\" loading=\"lazy\"\/>-->\n<!--                        <p>MONAT Lip Liner\u2122<\/p>-->\n<!--                    <\/a>-->\n<!--                -->\n<!--            -->\n            <!-- If we need navigation buttons -->\n            <!-- If we need paginations -->\n    <a href=\"\" aria-label=\"\"><\/a>\n<!--==================================================== this link has to go last for it to work   ====================================================-->\n\n","protected":false},"excerpt":{"rendered":"<p>BESTSELLER NEU BESTSELLER NEU MONAT Lip-Plumping Gloss\u2122 Die antioxidantienreiche Formel pflegt und hydratisiert die Lippen und hinterl\u00e4sst ein volumin\u00f6ses, gl\u00e4nzendes Finish. 6 ml \u212e 0.2 fl. oz. Einzelhandelspreis00.00 \u20ac Preis f\u00fcr VIP-Kunden00.00 \u20ac Um mehr \u00fcber MONAT Lip-Plumping Gloss\u2122, zu erfahren, wende Dich bitte an Deinen MONAT Markenpartner. VORTEILE Der MONAT Lip-Plumping Gloss\u2122 versorgt die&hellip;<\/p>\n","protected":false},"author":31,"featured_media":109262,"parent":0,"menu_order":0,"comment_status":"closed","ping_status":"closed","template":"","meta":{"inline_featured_image":false,"om_disable_all_campaigns":false,"footnotes":""},"categories":[17],"tags":[],"class_list":["post-109072","page","type-page","status-publish","has-post-thumbnail","hentry","category-product-de"],"aioseo_notices":[],"aioseo_head":"\n\t\t<!-- All in One SEO Pro 4.9.5.2 - aioseo.com -->\n\t<meta name=\"description\" content=\"Unser Lip-Plumping Gloss\u2122 kombiniert nat\u00fcrliche Inhaltsstoffe in einer gl\u00e4nzenden Textur. Er spendet den Lippen sofort Feuchtigkeit, l\u00e4sst sie voller wirken und gleicht feine Lippenlinien aus.\" \/>\n\t<meta name=\"robots\" content=\"max-image-preview:large\" \/>\n\t<link rel=\"canonical\" href=\"https:\/\/monatglobal.com\/de\/lip-plumb-gloss\/\" \/>\n\t<meta name=\"generator\" content=\"All in One SEO Pro (AIOSEO) 4.9.5.2\" \/>\n\t\t<meta property=\"og:locale\" content=\"de_DE\" \/>\n\t\t<meta property=\"og:site_name\" content=\"MONAT Germany - We Are Modern Nature\u2122\" \/>\n\t\t<meta property=\"og:type\" content=\"article\" \/>\n\t\t<meta property=\"og:title\" content=\"Lip Plumper | Sofortige Feuchtigkeit &amp; Volumen | MONAT Makeup\" \/>\n\t\t<meta property=\"og:description\" content=\"Unser Lip-Plumping Gloss\u2122 kombiniert nat\u00fcrliche Inhaltsstoffe in einer gl\u00e4nzenden Textur. Er spendet den Lippen sofort Feuchtigkeit, l\u00e4sst sie voller wirken und gleicht feine Lippenlinien aus.\" \/>\n\t\t<meta property=\"og:url\" content=\"https:\/\/monatglobal.com\/de\/lip-plumb-gloss\/\" \/>\n\t\t<meta property=\"article:published_time\" content=\"2026-01-20T14:41:13+00:00\" \/>\n\t\t<meta property=\"article:modified_time\" content=\"2026-02-27T21:11:11+00:00\" \/>\n\t\t<meta name=\"twitter:card\" content=\"summary_large_image\" \/>\n\t\t<meta name=\"twitter:title\" content=\"Lip Plumper | Sofortige Feuchtigkeit &amp; Volumen | MONAT Makeup\" \/>\n\t\t<meta name=\"twitter:description\" content=\"Unser Lip-Plumping Gloss\u2122 kombiniert nat\u00fcrliche Inhaltsstoffe in einer gl\u00e4nzenden Textur. Er spendet den Lippen sofort Feuchtigkeit, l\u00e4sst sie voller wirken und gleicht feine Lippenlinien aus.\" \/>\n\t\t<script type=\"application\/ld+json\" class=\"aioseo-schema\">\n\t\t\t{\"@context\":\"https:\\\/\\\/schema.org\",\"@graph\":[{\"@type\":\"BreadcrumbList\",\"@id\":\"https:\\\/\\\/monatglobal.com\\\/de\\\/lip-plumb-gloss\\\/#breadcrumblist\",\"itemListElement\":[{\"@type\":\"ListItem\",\"@id\":\"https:\\\/\\\/monatglobal.com\\\/de#listItem\",\"position\":1,\"name\":\"Home\",\"item\":\"https:\\\/\\\/monatglobal.com\\\/de\",\"nextItem\":{\"@type\":\"ListItem\",\"@id\":\"https:\\\/\\\/monatglobal.com\\\/de\\\/lip-plumb-gloss\\\/#listItem\",\"name\":\"Lip Plumper | Sofortige Feuchtigkeit &amp; Volumen | MONAT Makeup\"}},{\"@type\":\"ListItem\",\"@id\":\"https:\\\/\\\/monatglobal.com\\\/de\\\/lip-plumb-gloss\\\/#listItem\",\"position\":2,\"name\":\"Lip Plumper | Sofortige Feuchtigkeit &amp; Volumen | MONAT Makeup\",\"previousItem\":{\"@type\":\"ListItem\",\"@id\":\"https:\\\/\\\/monatglobal.com\\\/de#listItem\",\"name\":\"Home\"}}]},{\"@type\":\"Organization\",\"@id\":\"https:\\\/\\\/monatglobal.com\\\/de\\\/#organization\",\"name\":\"MONAT Germany\",\"description\":\"We Are Modern Nature\\u2122\",\"url\":\"https:\\\/\\\/monatglobal.com\\\/de\\\/\"},{\"@type\":\"WebPage\",\"@id\":\"https:\\\/\\\/monatglobal.com\\\/de\\\/lip-plumb-gloss\\\/#webpage\",\"url\":\"https:\\\/\\\/monatglobal.com\\\/de\\\/lip-plumb-gloss\\\/\",\"name\":\"Lip Plumper | Sofortige Feuchtigkeit & Volumen | MONAT Makeup\",\"description\":\"Unser Lip-Plumping Gloss\\u2122 kombiniert nat\\u00fcrliche Inhaltsstoffe in einer gl\\u00e4nzenden Textur. Er spendet den Lippen sofort Feuchtigkeit, l\\u00e4sst sie voller wirken und gleicht feine Lippenlinien aus.\",\"inLanguage\":\"de-DE\",\"isPartOf\":{\"@id\":\"https:\\\/\\\/monatglobal.com\\\/de\\\/#website\"},\"breadcrumb\":{\"@id\":\"https:\\\/\\\/monatglobal.com\\\/de\\\/lip-plumb-gloss\\\/#breadcrumblist\"},\"image\":{\"@type\":\"ImageObject\",\"url\":\"https:\\\/\\\/monatglobal.com\\\/de\\\/wp-content\\\/uploads\\\/sites\\\/22\\\/2026\\\/02\\\/LIP-PLUMPING-GLOSS-CLASSY-ECOMM_2024-min-1-1-150x150-1.png\",\"@id\":\"https:\\\/\\\/monatglobal.com\\\/de\\\/lip-plumb-gloss\\\/#mainImage\",\"width\":150,\"height\":150},\"primaryImageOfPage\":{\"@id\":\"https:\\\/\\\/monatglobal.com\\\/de\\\/lip-plumb-gloss\\\/#mainImage\"},\"datePublished\":\"2026-01-20T14:41:13+00:00\",\"dateModified\":\"2026-02-27T21:11:11+00:00\"},{\"@type\":\"WebSite\",\"@id\":\"https:\\\/\\\/monatglobal.com\\\/de\\\/#website\",\"url\":\"https:\\\/\\\/monatglobal.com\\\/de\\\/\",\"name\":\"MONAT Germany\",\"description\":\"We Are Modern Nature\\u2122\",\"inLanguage\":\"de-DE\",\"publisher\":{\"@id\":\"https:\\\/\\\/monatglobal.com\\\/de\\\/#organization\"}}]}\n\t\t<\/script>\n\t\t<!-- All in One SEO Pro -->\r\n\t\t<title>Lip Plumper | Sofortige Feuchtigkeit &amp; Volumen | MONAT Makeup<\/title>\n\n","aioseo_head_json":{"title":"Lip Plumper | Sofortige Feuchtigkeit & Volumen | MONAT Makeup","description":"Unser Lip-Plumping Gloss\u2122 kombiniert nat\u00fcrliche Inhaltsstoffe in einer gl\u00e4nzenden Textur. Er spendet den Lippen sofort Feuchtigkeit, l\u00e4sst sie voller wirken und gleicht feine Lippenlinien aus.","canonical_url":"https:\/\/monatglobal.com\/de\/lip-plumb-gloss\/","robots":"max-image-preview:large","keywords":"","webmasterTools":{"miscellaneous":""},"schema":{"@context":"https:\/\/schema.org","@graph":[{"@type":"BreadcrumbList","@id":"https:\/\/monatglobal.com\/de\/lip-plumb-gloss\/#breadcrumblist","itemListElement":[{"@type":"ListItem","@id":"https:\/\/monatglobal.com\/de#listItem","position":1,"name":"Home","item":"https:\/\/monatglobal.com\/de","nextItem":{"@type":"ListItem","@id":"https:\/\/monatglobal.com\/de\/lip-plumb-gloss\/#listItem","name":"Lip Plumper | Sofortige Feuchtigkeit &amp; Volumen | MONAT Makeup"}},{"@type":"ListItem","@id":"https:\/\/monatglobal.com\/de\/lip-plumb-gloss\/#listItem","position":2,"name":"Lip Plumper | Sofortige Feuchtigkeit &amp; Volumen | MONAT Makeup","previousItem":{"@type":"ListItem","@id":"https:\/\/monatglobal.com\/de#listItem","name":"Home"}}]},{"@type":"Organization","@id":"https:\/\/monatglobal.com\/de\/#organization","name":"MONAT Germany","description":"We Are Modern Nature\u2122","url":"https:\/\/monatglobal.com\/de\/"},{"@type":"WebPage","@id":"https:\/\/monatglobal.com\/de\/lip-plumb-gloss\/#webpage","url":"https:\/\/monatglobal.com\/de\/lip-plumb-gloss\/","name":"Lip Plumper | Sofortige Feuchtigkeit & Volumen | MONAT Makeup","description":"Unser Lip-Plumping Gloss\u2122 kombiniert nat\u00fcrliche Inhaltsstoffe in einer gl\u00e4nzenden Textur. Er spendet den Lippen sofort Feuchtigkeit, l\u00e4sst sie voller wirken und gleicht feine Lippenlinien aus.","inLanguage":"de-DE","isPartOf":{"@id":"https:\/\/monatglobal.com\/de\/#website"},"breadcrumb":{"@id":"https:\/\/monatglobal.com\/de\/lip-plumb-gloss\/#breadcrumblist"},"image":{"@type":"ImageObject","url":"https:\/\/monatglobal.com\/de\/wp-content\/uploads\/sites\/22\/2026\/02\/LIP-PLUMPING-GLOSS-CLASSY-ECOMM_2024-min-1-1-150x150-1.png","@id":"https:\/\/monatglobal.com\/de\/lip-plumb-gloss\/#mainImage","width":150,"height":150},"primaryImageOfPage":{"@id":"https:\/\/monatglobal.com\/de\/lip-plumb-gloss\/#mainImage"},"datePublished":"2026-01-20T14:41:13+00:00","dateModified":"2026-02-27T21:11:11+00:00"},{"@type":"WebSite","@id":"https:\/\/monatglobal.com\/de\/#website","url":"https:\/\/monatglobal.com\/de\/","name":"MONAT Germany","description":"We Are Modern Nature\u2122","inLanguage":"de-DE","publisher":{"@id":"https:\/\/monatglobal.com\/de\/#organization"}}]},"og:locale":"de_DE","og:site_name":"MONAT Germany - We Are Modern Nature\u2122","og:type":"article","og:title":"Lip Plumper | Sofortige Feuchtigkeit &amp; Volumen | MONAT Makeup","og:description":"Unser Lip-Plumping Gloss\u2122 kombiniert nat\u00fcrliche Inhaltsstoffe in einer gl\u00e4nzenden Textur. Er spendet den Lippen sofort Feuchtigkeit, l\u00e4sst sie voller wirken und gleicht feine Lippenlinien aus.","og:url":"https:\/\/monatglobal.com\/de\/lip-plumb-gloss\/","article:published_time":"2026-01-20T14:41:13+00:00","article:modified_time":"2026-02-27T21:11:11+00:00","twitter:card":"summary_large_image","twitter:title":"Lip Plumper | Sofortige Feuchtigkeit &amp; Volumen | MONAT Makeup","twitter:description":"Unser Lip-Plumping Gloss\u2122 kombiniert nat\u00fcrliche Inhaltsstoffe in einer gl\u00e4nzenden Textur. Er spendet den Lippen sofort Feuchtigkeit, l\u00e4sst sie voller wirken und gleicht feine Lippenlinien aus."},"aioseo_meta_data":{"post_id":"109072","title":"Lip Plumper | Sofortige Feuchtigkeit &amp; Volumen | MONAT Makeup","description":"Unser Lip-Plumping Gloss\u2122 kombiniert nat\u00fcrliche Inhaltsstoffe in einer gl\u00e4nzenden Textur. Er spendet den Lippen sofort Feuchtigkeit, l\u00e4sst sie voller wirken und gleicht feine Lippenlinien aus.","keywords":null,"keyphrases":{"focus":{"keyphrase":"","score":0,"analysis":{"keyphraseInTitle":{"score":0,"maxScore":9,"error":1}}},"additional":[]},"primary_term":null,"canonical_url":null,"og_title":null,"og_description":null,"og_object_type":"default","og_image_type":"default","og_image_url":null,"og_image_width":null,"og_image_height":null,"og_image_custom_url":null,"og_image_custom_fields":null,"og_video":"","og_custom_url":null,"og_article_section":null,"og_article_tags":null,"twitter_use_og":false,"twitter_card":"default","twitter_image_type":"default","twitter_image_url":null,"twitter_image_custom_url":null,"twitter_image_custom_fields":null,"twitter_title":null,"twitter_description":null,"schema":{"blockGraphs":[],"customGraphs":[],"default":{"data":{"Article":[],"Course":[],"Dataset":[],"FAQPage":[],"Movie":[],"Person":[],"Product":[],"ProductReview":[],"Car":[],"Recipe":[],"Service":[],"SoftwareApplication":[],"WebPage":[]},"graphName":"WebPage","isEnabled":true},"graphs":[]},"schema_type":"default","schema_type_options":null,"pillar_content":false,"robots_default":true,"robots_noindex":false,"robots_noarchive":false,"robots_nosnippet":false,"robots_nofollow":false,"robots_noimageindex":false,"robots_noodp":false,"robots_notranslate":false,"robots_max_snippet":"-1","robots_max_videopreview":"-1","robots_max_imagepreview":"large","priority":null,"frequency":"default","local_seo":null,"seo_analyzer_scan_date":null,"limit_modified_date":false,"reviewed_by":"0","ai":{"faqs":[],"keyPoints":[],"titles":[],"descriptions":[],"socialPosts":{"email":[],"linkedin":[],"twitter":[],"facebook":[],"instagram":[]}},"created":"2026-02-09 20:22:20","updated":"2026-02-27 21:17:53"},"aioseo_breadcrumb":"<div class=\"aioseo-breadcrumbs\"><span class=\"aioseo-breadcrumb\">\n\t<a href=\"https:\/\/monatglobal.com\/de\" title=\"Home\">Home<\/a>\n<\/span><span class=\"aioseo-breadcrumb-separator\">\u00bb<\/span><span class=\"aioseo-breadcrumb\">\n\tLip Plumper | Sofortige Feuchtigkeit &amp; Volumen | MONAT Makeup\n<\/span><\/div>","aioseo_breadcrumb_json":[{"label":"Home","link":"https:\/\/monatglobal.com\/de"},{"label":"Lip Plumper | Sofortige Feuchtigkeit &amp; Volumen | MONAT Makeup","link":"https:\/\/monatglobal.com\/de\/lip-plumb-gloss\/"}],"_links":{"self":[{"href":"https:\/\/monatglobal.com\/de\/wp-json\/wp\/v2\/pages\/109072","targetHints":{"allow":["GET"]}}],"collection":[{"href":"https:\/\/monatglobal.com\/de\/wp-json\/wp\/v2\/pages"}],"about":[{"href":"https:\/\/monatglobal.com\/de\/wp-json\/wp\/v2\/types\/page"}],"author":[{"embeddable":true,"href":"https:\/\/monatglobal.com\/de\/wp-json\/wp\/v2\/users\/31"}],"replies":[{"embeddable":true,"href":"https:\/\/monatglobal.com\/de\/wp-json\/wp\/v2\/comments?post=109072"}],"version-history":[{"count":37,"href":"https:\/\/monatglobal.com\/de\/wp-json\/wp\/v2\/pages\/109072\/revisions"}],"predecessor-version":[{"id":109333,"href":"https:\/\/monatglobal.com\/de\/wp-json\/wp\/v2\/pages\/109072\/revisions\/109333"}],"wp:featuredmedia":[{"embeddable":true,"href":"https:\/\/monatglobal.com\/de\/wp-json\/wp\/v2\/media\/109262"}],"wp:attachment":[{"href":"https:\/\/monatglobal.com\/de\/wp-json\/wp\/v2\/media?parent=109072"}],"wp:term":[{"taxonomy":"category","embeddable":true,"href":"https:\/\/monatglobal.com\/de\/wp-json\/wp\/v2\/categories?post=109072"},{"taxonomy":"post_tag","embeddable":true,"href":"https:\/\/monatglobal.com\/de\/wp-json\/wp\/v2\/tags?post=109072"}],"curies":[{"name":"wp","href":"https:\/\/api.w.org\/{rel}","templated":true}]}}