{"id":108969,"date":"2025-12-16T16:50:54","date_gmt":"2025-12-16T16:50:54","guid":{"rendered":"https:\/\/monatglobal.com\/de\/?page_id=108969"},"modified":"2026-02-27T21:51:37","modified_gmt":"2026-02-27T21:51:37","slug":"monat-junior-gentle-shampoo","status":"publish","type":"page","link":"https:\/\/monatglobal.com\/de\/monat-junior-gentle-shampoo\/","title":{"rendered":"MONAT JUNIOR\u2122 SANFTES SHAMPOO"},"content":{"rendered":"\n\n<link rel=\"stylesheet\" href=\"\/wp-content\/creative_css\/product_styles_sheet.css\" \/>\n    <!--==================================================== ECOMM SECTION ====================================================-->\n        NEU   \n        <!--==================================================== Ecomm image ====================================================-->\n        <img decoding=\"async\" src=\"https:\/\/monatglobal.com\/wp-content\/uploads\/2021\/10\/MONAT-JUNIOR-Gentle-Shampoo-ecomm.png\" alt=\"\/>MONAT Junior\u2122 Gentle Shampoo&#8220; loading=&#8220;lazy&#8220;>\n        <!--==================================================== Ecomm information  ====================================================-->\n            NEU\n            <p>MONAT JUNIOR\u2122 <\/p>\n            <h1>SANFTES<br \/>SHAMPOO<\/h1> \n            \n            <p>Mach die Badezeit wieder zu einem spa\u00dfigen Erlebnis!<\/p>\n            <p>237 ml \u212e 8 fl. oz.<\/p>\n          <!--==================================================== pricing box  ====================================================-->\n               <p>Einzelhandelspreis<br \/>00.00 \u20ac<\/p>\n               <p>Preis f\u00fcr VIP-Kunden<br \/>00.00 \u20ac<\/p>\n           <!--==================================================== pricing box  ====================================================-->\n            <p>Um mehr \u00fcber MONAT Junior\u2122 Sanftes Shampoo zu erfahren, wende Dich bitte an Deinen MONAT&nbsp;Markenpartner.<\/p>\n          <a href=\"\" target=\"_blank\" role=\"button\" aria-label=\"\" rel=\"noopener\"><\/a>\n    <!--==================================================== \/ECOMM SECTION  ====================================================-->\n   <!--==================================================== Benefits image ====================================================-->\n   \n      <source media=\"(max-width: 700px)\" srcset=\"https:\/\/monatglobal.com\/wp-content\/uploads\/2021\/10\/MONAT-JUNIOR-Gentle-Shampoo-benefits-mobile.jpg\" loading=\"lazy\"\/>\n      <img decoding=\"async\" alt=\"\" src=\"https:\/\/monatglobal.com\/wp-content\/uploads\/2021\/10\/MONAT-JUNIOR-Gentle-Shampoo-benefits.jpg\" loading=\"lazy\"\/>\n   \n   <!--==================================================== Benefits text ====================================================-->\n         <h2>VORTEILE<\/h2>\n         <h3>Ein mildes Shampoo, das Kinderhaare sanft und gr\u00fcndlich reinigt, ohne sie&nbsp;auszutrocknen.<\/h3>\n         <p>Perfekt f\u00fcr kleine Wirbelwinde, die gerne drau\u00dfen spielen! Das MONAT Junior\u2122 Sanfte Shampoo ist tr\u00e4nenfrei, besonders sanft und wurde speziell f\u00fcr empfindliche Kinderhaut entwickelt. Dermatologisch und augen\u00e4rztlich&nbsp;getestet.<\/p>\n         <!--==================================================== features image  ====================================================-->\n         <img decoding=\"async\" alt=\"\" src=\"https:\/\/monatglobal.com\/wp-content\/uploads\/2021\/10\/MONAT-JUNIOR-Gentle-Shampoo-features.jpg\" loading=\"lazy\"\/>\n      <!--==================================================== features text ====================================================-->\n            <h3>Eigenschaften<\/h3>\n               <p>\/ Sichere und milde Formel, speziell f\u00fcr Kinder&nbsp;entwickelt<\/p>\n               <p>\/ Tr\u00e4nenfrei <\/p>\n               <p>\/ F\u00fcr optimale Ergebnisse anschlie\u00dfend MONAT Junior\u2122 Sanfte Sp\u00fclung&nbsp;verwenden<\/p>\n               <br \/>\n            <p>Duft \/ Peony and Pink Pepper<\/p>\n            <p> Textur \/ Lightweight Gel<\/p>\n   <!--==================================================== composition image mobile ====================================================-->\n   <img decoding=\"async\" alt=\"\" src=\"https:\/\/monatglobal.com\/wp-content\/uploads\/2021\/10\/MONAT-JUNIOR-Gentle-Shampoo-composition1.jpg\" loading=\"lazy\"\/>\n   <!--==================================================== Why it works text ====================================================-->\n      <h2>Der lustige Locken-L\u00f6we sorgt beim Haarewaschen f\u00fcr jede Menge&nbsp;Spa\u00df<\/h2>\n      <h3>Mach die Badezeit wieder zu einem sch\u00f6nen Erlebnis &#8211; mit unserem sanften, milden Shampoo, das die Augen nicht&nbsp;reizt.<\/h3>\n      <p>Perfekt f\u00fcr aktive Kinder, die gerne drau\u00dfen spielen: Es reinigt das Haar gr\u00fcndlich, ohne es auszutrocknen. In Kombination mit MONAT Junior\u2122 Sanfte Sp\u00fclung wird das Haar Deines Kindes wunderbar geschmeidig und&nbsp;gl\u00e4nzend.<\/p>\n<!--==================================================== Composition section ====================================================-->\n      <img decoding=\"async\" alt=\"\" src=\"https:\/\/monatglobal.com\/wp-content\/uploads\/2021\/10\/MONAT-JUNIOR-Gentle-Shampoo-composition1.jpg\" loading=\"lazy\"\/>\n      <img decoding=\"async\" alt=\"\" \n      src=\"https:\/\/monatglobal.com\/wp-content\/uploads\/2021\/10\/MONAT-JUNIOR-Gentle-Shampoo-composition3.jpg\" loading=\"lazy\"\/>\n            <!--==================================================== Directions text ====================================================--> \n               <h3>Anwendung<\/h3>\n               <p>\/ Eine etwa 2-Cent-St\u00fcck gro\u00dfe Menge Shampoo&nbsp;verwenden.<\/p>\n               <p>\/ In den H\u00e4nden aufsch\u00e4umen.<\/p>\n               <p>\/ In das nasse Haar einmassieren &#8211; von der Kopfhaut bis in die Spitzen &#8211; und gr\u00fcndlich&nbsp;aussp\u00fclen.<\/p>\n               <p>\/ Anschlie\u00dfend MONAT Junior\u2122 Sanfte Sp\u00fclung&nbsp;anwenden.<\/p>\n            <!--==================================================== Directions video ====================================================-->\n      <p>>MONAT Junior\u2122 <br \/>Gentle Shampoo<br \/>1:34<\/p>\n      <a href=\"\" target=\"_blank\" role=\"button\" aria-label=\"\" rel=\"noopener\"><\/a>\n   <!--==================================================== Ingredients section  ====================================================-->\n      <h2>Wichtige Inhaltsstoffe<\/h2>\n          <img decoding=\"async\" src=\"https:\/\/monatglobal.com\/wp-content\/uploads\/2025\/10\/Corn-and-coconut-cleanser.svg\" alt=\"icon of Niacinamide\"\/> \n               <p>Reiniger aus Mais und Kokosnuss<\/p>\n        <button id=\"myBtn\" type=\"button\">Alle Inhaltsstoffe ansehen<\/button>\n      <!--==================================================== Modal content  ====================================================-->\n         &times;\n         <p>Aqua\/Water\/Eau, Sodium Laurylglucosides Hydroxypropylsulfonate, Cocamidopropyl Hydroxysultaine, Sodium Chloride, Sodium Methyl Cocoyl Taurate, Sodium Bis-Hydroxyethylglycinate Coco-Glucosides Crosspolymer, Cocamidopropyl PG-Dimonium Chloride Phosphate, Glycerin, Coconut Acid, Cocamidopropyl Dimethylamine, Tetrasodium EDTA, Sodium Stearoyl Lactylate, Fragrance\/Parfum, Sodium Benzoate, Potassium Sorbate, Citric Acid, Amyl Cinnamal, Linalool.<\/p>\n         <!--Water, Sodium Laurylglucosides Hydroxypropylsulfonate, Cocamidopropyl Hydroxysultaine, Sodium Methyl Cocoyl \n         Taurate, Sodium Bis-Hydroxyethylglycinate Coco-Glucosides Crosspolymer, Cocamidopropyl PG-Dimonium Chloride Phosphate, \n         Caprylyl\/Capryl Glucoside, Sodium Stearoyl Lactylate, Sodium Cocoyl Glutamate, Polyglyceryl-5 Oleate, Glyceryl Caprylate, \n         Citric Acid, Fragrance, Sodium Benzoate, Potassium Sorbate.-->\n   <!--==================================================== You might also like section ====================================================-->\n      <h2>DAS K\u00d6NNTE DIR AUCH GEFALLEN<\/h2>\n      <!--==================================================== Slider YOU MIGHT ALSO LIKE ====================================================-->\n         <!--==================================================== If we need navigation buttons  ====================================================-->\n         <!--==================================================== If we need paginations  ====================================================-->\n    <a href=\"\" aria-label=\"\"><\/a>\n<!--==================================================== this link has to go last for it to work   ====================================================-->\n\n","protected":false},"excerpt":{"rendered":"<p>NEU<\/p>\n","protected":false},"author":57,"featured_media":108966,"parent":0,"menu_order":0,"comment_status":"closed","ping_status":"closed","template":"","meta":{"inline_featured_image":false,"om_disable_all_campaigns":false,"footnotes":""},"categories":[17],"tags":[],"class_list":["post-108969","page","type-page","status-publish","has-post-thumbnail","hentry","category-product-de"],"aioseo_notices":[],"aioseo_head":"\n\t\t<!-- All in One SEO Pro 4.9.5.2 - aioseo.com -->\n\t<meta name=\"description\" content=\"NEU MONAT Junior\u2122 Gentle Shampoo&quot; loading=&quot;lazy&quot;&gt; NEU MONAT JUNIOR\u2122 SANFTESSHAMPOO Mach die Badezeit wieder zu einem spa\u00dfigen Erlebnis! 237 ml \u212e 8 fl. oz. Einzelhandelspreis00.00 \u20ac Preis f\u00fcr VIP-Kunden00.00 \u20ac Um mehr \u00fcber MONAT Junior\u2122 Sanftes Shampoo zu erfahren, wende Dich bitte an Deinen MONAT Markenpartner. VORTEILE Ein mildes Shampoo, das Kinderhaare sanft und gr\u00fcndlich reinigt,\" \/>\n\t<meta name=\"robots\" content=\"max-image-preview:large\" \/>\n\t<link rel=\"canonical\" href=\"https:\/\/monatglobal.com\/de\/monat-junior-gentle-shampoo\/\" \/>\n\t<meta name=\"generator\" content=\"All in One SEO Pro (AIOSEO) 4.9.5.2\" \/>\n\t\t<meta property=\"og:locale\" content=\"de_DE\" \/>\n\t\t<meta property=\"og:site_name\" content=\"MONAT Germany - We Are Modern Nature\u2122\" \/>\n\t\t<meta property=\"og:type\" content=\"article\" \/>\n\t\t<meta property=\"og:title\" content=\"MONAT JUNIOR\u2122 SANFTES SHAMPOO\" \/>\n\t\t<meta property=\"og:description\" content=\"NEU MONAT Junior\u2122 Gentle Shampoo&quot; loading=&quot;lazy&quot;&gt; NEU MONAT JUNIOR\u2122 SANFTESSHAMPOO Mach die Badezeit wieder zu einem spa\u00dfigen Erlebnis! 237 ml \u212e 8 fl. oz. Einzelhandelspreis00.00 \u20ac Preis f\u00fcr VIP-Kunden00.00 \u20ac Um mehr \u00fcber MONAT Junior\u2122 Sanftes Shampoo zu erfahren, wende Dich bitte an Deinen MONAT Markenpartner. VORTEILE Ein mildes Shampoo, das Kinderhaare sanft und gr\u00fcndlich reinigt,\" \/>\n\t\t<meta property=\"og:url\" content=\"https:\/\/monatglobal.com\/de\/monat-junior-gentle-shampoo\/\" \/>\n\t\t<meta property=\"article:published_time\" content=\"2025-12-16T16:50:54+00:00\" \/>\n\t\t<meta property=\"article:modified_time\" content=\"2026-02-27T21:51:37+00:00\" \/>\n\t\t<meta name=\"twitter:card\" content=\"summary_large_image\" \/>\n\t\t<meta name=\"twitter:title\" content=\"MONAT JUNIOR\u2122 SANFTES SHAMPOO\" \/>\n\t\t<meta name=\"twitter:description\" content=\"NEU MONAT Junior\u2122 Gentle Shampoo&quot; loading=&quot;lazy&quot;&gt; NEU MONAT JUNIOR\u2122 SANFTESSHAMPOO Mach die Badezeit wieder zu einem spa\u00dfigen Erlebnis! 237 ml \u212e 8 fl. oz. Einzelhandelspreis00.00 \u20ac Preis f\u00fcr VIP-Kunden00.00 \u20ac Um mehr \u00fcber MONAT Junior\u2122 Sanftes Shampoo zu erfahren, wende Dich bitte an Deinen MONAT Markenpartner. VORTEILE Ein mildes Shampoo, das Kinderhaare sanft und gr\u00fcndlich reinigt,\" \/>\n\t\t<script type=\"application\/ld+json\" class=\"aioseo-schema\">\n\t\t\t{\"@context\":\"https:\\\/\\\/schema.org\",\"@graph\":[{\"@type\":\"BreadcrumbList\",\"@id\":\"https:\\\/\\\/monatglobal.com\\\/de\\\/monat-junior-gentle-shampoo\\\/#breadcrumblist\",\"itemListElement\":[{\"@type\":\"ListItem\",\"@id\":\"https:\\\/\\\/monatglobal.com\\\/de#listItem\",\"position\":1,\"name\":\"Home\",\"item\":\"https:\\\/\\\/monatglobal.com\\\/de\",\"nextItem\":{\"@type\":\"ListItem\",\"@id\":\"https:\\\/\\\/monatglobal.com\\\/de\\\/monat-junior-gentle-shampoo\\\/#listItem\",\"name\":\"MONAT JUNIOR\\u2122 SANFTES SHAMPOO\"}},{\"@type\":\"ListItem\",\"@id\":\"https:\\\/\\\/monatglobal.com\\\/de\\\/monat-junior-gentle-shampoo\\\/#listItem\",\"position\":2,\"name\":\"MONAT JUNIOR\\u2122 SANFTES SHAMPOO\",\"previousItem\":{\"@type\":\"ListItem\",\"@id\":\"https:\\\/\\\/monatglobal.com\\\/de#listItem\",\"name\":\"Home\"}}]},{\"@type\":\"Organization\",\"@id\":\"https:\\\/\\\/monatglobal.com\\\/de\\\/#organization\",\"name\":\"MONAT Germany\",\"description\":\"We Are Modern Nature\\u2122\",\"url\":\"https:\\\/\\\/monatglobal.com\\\/de\\\/\"},{\"@type\":\"WebPage\",\"@id\":\"https:\\\/\\\/monatglobal.com\\\/de\\\/monat-junior-gentle-shampoo\\\/#webpage\",\"url\":\"https:\\\/\\\/monatglobal.com\\\/de\\\/monat-junior-gentle-shampoo\\\/\",\"name\":\"MONAT JUNIOR\\u2122 SANFTES SHAMPOO\",\"description\":\"NEU MONAT Junior\\u2122 Gentle Shampoo\\\" loading=\\\"lazy\\\"> NEU MONAT JUNIOR\\u2122 SANFTESSHAMPOO Mach die Badezeit wieder zu einem spa\\u00dfigen Erlebnis! 237 ml \\u212e 8 fl. oz. Einzelhandelspreis00.00 \\u20ac Preis f\\u00fcr VIP-Kunden00.00 \\u20ac Um mehr \\u00fcber MONAT Junior\\u2122 Sanftes Shampoo zu erfahren, wende Dich bitte an Deinen MONAT Markenpartner. VORTEILE Ein mildes Shampoo, das Kinderhaare sanft und gr\\u00fcndlich reinigt,\",\"inLanguage\":\"de-DE\",\"isPartOf\":{\"@id\":\"https:\\\/\\\/monatglobal.com\\\/de\\\/#website\"},\"breadcrumb\":{\"@id\":\"https:\\\/\\\/monatglobal.com\\\/de\\\/monat-junior-gentle-shampoo\\\/#breadcrumblist\"},\"image\":{\"@type\":\"ImageObject\",\"url\":\"https:\\\/\\\/monatglobal.com\\\/de\\\/wp-content\\\/uploads\\\/sites\\\/22\\\/2025\\\/12\\\/MONAT-JUNIOR-Gentle-Shampoo-Ecomm-2025-1.png\",\"@id\":\"https:\\\/\\\/monatglobal.com\\\/de\\\/monat-junior-gentle-shampoo\\\/#mainImage\",\"width\":641,\"height\":800},\"primaryImageOfPage\":{\"@id\":\"https:\\\/\\\/monatglobal.com\\\/de\\\/monat-junior-gentle-shampoo\\\/#mainImage\"},\"datePublished\":\"2025-12-16T16:50:54+00:00\",\"dateModified\":\"2026-02-27T21:51:37+00:00\"},{\"@type\":\"WebSite\",\"@id\":\"https:\\\/\\\/monatglobal.com\\\/de\\\/#website\",\"url\":\"https:\\\/\\\/monatglobal.com\\\/de\\\/\",\"name\":\"MONAT Germany\",\"description\":\"We Are Modern Nature\\u2122\",\"inLanguage\":\"de-DE\",\"publisher\":{\"@id\":\"https:\\\/\\\/monatglobal.com\\\/de\\\/#organization\"}}]}\n\t\t<\/script>\n\t\t<!-- All in One SEO Pro -->\r\n\t\t<title>MONAT JUNIOR\u2122 SANFTES SHAMPOO<\/title>\n\n","aioseo_head_json":{"title":"MONAT JUNIOR\u2122 SANFTES SHAMPOO","description":"NEU MONAT Junior\u2122 Gentle Shampoo\" loading=\"lazy\"> NEU MONAT JUNIOR\u2122 SANFTESSHAMPOO Mach die Badezeit wieder zu einem spa\u00dfigen Erlebnis! 237 ml \u212e 8 fl. oz. Einzelhandelspreis00.00 \u20ac Preis f\u00fcr VIP-Kunden00.00 \u20ac Um mehr \u00fcber MONAT Junior\u2122 Sanftes Shampoo zu erfahren, wende Dich bitte an Deinen MONAT Markenpartner. VORTEILE Ein mildes Shampoo, das Kinderhaare sanft und gr\u00fcndlich reinigt,","canonical_url":"https:\/\/monatglobal.com\/de\/monat-junior-gentle-shampoo\/","robots":"max-image-preview:large","keywords":"","webmasterTools":{"miscellaneous":""},"schema":{"@context":"https:\/\/schema.org","@graph":[{"@type":"BreadcrumbList","@id":"https:\/\/monatglobal.com\/de\/monat-junior-gentle-shampoo\/#breadcrumblist","itemListElement":[{"@type":"ListItem","@id":"https:\/\/monatglobal.com\/de#listItem","position":1,"name":"Home","item":"https:\/\/monatglobal.com\/de","nextItem":{"@type":"ListItem","@id":"https:\/\/monatglobal.com\/de\/monat-junior-gentle-shampoo\/#listItem","name":"MONAT JUNIOR\u2122 SANFTES SHAMPOO"}},{"@type":"ListItem","@id":"https:\/\/monatglobal.com\/de\/monat-junior-gentle-shampoo\/#listItem","position":2,"name":"MONAT JUNIOR\u2122 SANFTES SHAMPOO","previousItem":{"@type":"ListItem","@id":"https:\/\/monatglobal.com\/de#listItem","name":"Home"}}]},{"@type":"Organization","@id":"https:\/\/monatglobal.com\/de\/#organization","name":"MONAT Germany","description":"We Are Modern Nature\u2122","url":"https:\/\/monatglobal.com\/de\/"},{"@type":"WebPage","@id":"https:\/\/monatglobal.com\/de\/monat-junior-gentle-shampoo\/#webpage","url":"https:\/\/monatglobal.com\/de\/monat-junior-gentle-shampoo\/","name":"MONAT JUNIOR\u2122 SANFTES SHAMPOO","description":"NEU MONAT Junior\u2122 Gentle Shampoo\" loading=\"lazy\"> NEU MONAT JUNIOR\u2122 SANFTESSHAMPOO Mach die Badezeit wieder zu einem spa\u00dfigen Erlebnis! 237 ml \u212e 8 fl. oz. Einzelhandelspreis00.00 \u20ac Preis f\u00fcr VIP-Kunden00.00 \u20ac Um mehr \u00fcber MONAT Junior\u2122 Sanftes Shampoo zu erfahren, wende Dich bitte an Deinen MONAT Markenpartner. VORTEILE Ein mildes Shampoo, das Kinderhaare sanft und gr\u00fcndlich reinigt,","inLanguage":"de-DE","isPartOf":{"@id":"https:\/\/monatglobal.com\/de\/#website"},"breadcrumb":{"@id":"https:\/\/monatglobal.com\/de\/monat-junior-gentle-shampoo\/#breadcrumblist"},"image":{"@type":"ImageObject","url":"https:\/\/monatglobal.com\/de\/wp-content\/uploads\/sites\/22\/2025\/12\/MONAT-JUNIOR-Gentle-Shampoo-Ecomm-2025-1.png","@id":"https:\/\/monatglobal.com\/de\/monat-junior-gentle-shampoo\/#mainImage","width":641,"height":800},"primaryImageOfPage":{"@id":"https:\/\/monatglobal.com\/de\/monat-junior-gentle-shampoo\/#mainImage"},"datePublished":"2025-12-16T16:50:54+00:00","dateModified":"2026-02-27T21:51:37+00:00"},{"@type":"WebSite","@id":"https:\/\/monatglobal.com\/de\/#website","url":"https:\/\/monatglobal.com\/de\/","name":"MONAT Germany","description":"We Are Modern Nature\u2122","inLanguage":"de-DE","publisher":{"@id":"https:\/\/monatglobal.com\/de\/#organization"}}]},"og:locale":"de_DE","og:site_name":"MONAT Germany - We Are Modern Nature\u2122","og:type":"article","og:title":"MONAT JUNIOR\u2122 SANFTES SHAMPOO","og:description":"NEU MONAT Junior\u2122 Gentle Shampoo&quot; loading=&quot;lazy&quot;&gt; NEU MONAT JUNIOR\u2122 SANFTESSHAMPOO Mach die Badezeit wieder zu einem spa\u00dfigen Erlebnis! 237 ml \u212e 8 fl. oz. Einzelhandelspreis00.00 \u20ac Preis f\u00fcr VIP-Kunden00.00 \u20ac Um mehr \u00fcber MONAT Junior\u2122 Sanftes Shampoo zu erfahren, wende Dich bitte an Deinen MONAT Markenpartner. VORTEILE Ein mildes Shampoo, das Kinderhaare sanft und gr\u00fcndlich reinigt,","og:url":"https:\/\/monatglobal.com\/de\/monat-junior-gentle-shampoo\/","article:published_time":"2025-12-16T16:50:54+00:00","article:modified_time":"2026-02-27T21:51:37+00:00","twitter:card":"summary_large_image","twitter:title":"MONAT JUNIOR\u2122 SANFTES SHAMPOO","twitter:description":"NEU MONAT Junior\u2122 Gentle Shampoo&quot; loading=&quot;lazy&quot;&gt; NEU MONAT JUNIOR\u2122 SANFTESSHAMPOO Mach die Badezeit wieder zu einem spa\u00dfigen Erlebnis! 237 ml \u212e 8 fl. oz. Einzelhandelspreis00.00 \u20ac Preis f\u00fcr VIP-Kunden00.00 \u20ac Um mehr \u00fcber MONAT Junior\u2122 Sanftes Shampoo zu erfahren, wende Dich bitte an Deinen MONAT Markenpartner. VORTEILE Ein mildes Shampoo, das Kinderhaare sanft und gr\u00fcndlich reinigt,"},"aioseo_meta_data":{"post_id":"108969","title":"MONAT JUNIOR\u2122 SANFTES SHAMPOO","description":null,"keywords":null,"keyphrases":{"focus":{"keyphrase":"","score":0,"analysis":{"keyphraseInTitle":{"score":0,"maxScore":9,"error":1}}},"additional":[]},"primary_term":null,"canonical_url":null,"og_title":null,"og_description":null,"og_object_type":"default","og_image_type":"default","og_image_url":null,"og_image_width":null,"og_image_height":null,"og_image_custom_url":null,"og_image_custom_fields":null,"og_video":"","og_custom_url":null,"og_article_section":null,"og_article_tags":null,"twitter_use_og":false,"twitter_card":"default","twitter_image_type":"default","twitter_image_url":null,"twitter_image_custom_url":null,"twitter_image_custom_fields":null,"twitter_title":null,"twitter_description":null,"schema":{"blockGraphs":[],"customGraphs":[],"default":{"data":{"Article":[],"Course":[],"Dataset":[],"FAQPage":[],"Movie":[],"Person":[],"Product":[],"ProductReview":[],"Car":[],"Recipe":[],"Service":[],"SoftwareApplication":[],"WebPage":[]},"graphName":"WebPage","isEnabled":true},"graphs":[]},"schema_type":"default","schema_type_options":null,"pillar_content":false,"robots_default":true,"robots_noindex":false,"robots_noarchive":false,"robots_nosnippet":false,"robots_nofollow":false,"robots_noimageindex":false,"robots_noodp":false,"robots_notranslate":false,"robots_max_snippet":"-1","robots_max_videopreview":"-1","robots_max_imagepreview":"large","priority":null,"frequency":"default","local_seo":null,"seo_analyzer_scan_date":null,"limit_modified_date":false,"reviewed_by":"0","ai":{"faqs":[],"keyPoints":[],"titles":[],"descriptions":[],"socialPosts":{"email":[],"linkedin":[],"twitter":[],"facebook":[],"instagram":[]}},"created":"2026-02-09 20:22:10","updated":"2026-02-27 22:20:59"},"aioseo_breadcrumb":"<div class=\"aioseo-breadcrumbs\"><span class=\"aioseo-breadcrumb\">\n\t<a href=\"https:\/\/monatglobal.com\/de\" title=\"Home\">Home<\/a>\n<\/span><span class=\"aioseo-breadcrumb-separator\">\u00bb<\/span><span class=\"aioseo-breadcrumb\">\n\tMONAT JUNIOR\u2122 SANFTES SHAMPOO\n<\/span><\/div>","aioseo_breadcrumb_json":[{"label":"Home","link":"https:\/\/monatglobal.com\/de"},{"label":"MONAT JUNIOR\u2122 SANFTES SHAMPOO","link":"https:\/\/monatglobal.com\/de\/monat-junior-gentle-shampoo\/"}],"_links":{"self":[{"href":"https:\/\/monatglobal.com\/de\/wp-json\/wp\/v2\/pages\/108969","targetHints":{"allow":["GET"]}}],"collection":[{"href":"https:\/\/monatglobal.com\/de\/wp-json\/wp\/v2\/pages"}],"about":[{"href":"https:\/\/monatglobal.com\/de\/wp-json\/wp\/v2\/types\/page"}],"author":[{"embeddable":true,"href":"https:\/\/monatglobal.com\/de\/wp-json\/wp\/v2\/users\/57"}],"replies":[{"embeddable":true,"href":"https:\/\/monatglobal.com\/de\/wp-json\/wp\/v2\/comments?post=108969"}],"version-history":[{"count":11,"href":"https:\/\/monatglobal.com\/de\/wp-json\/wp\/v2\/pages\/108969\/revisions"}],"predecessor-version":[{"id":109344,"href":"https:\/\/monatglobal.com\/de\/wp-json\/wp\/v2\/pages\/108969\/revisions\/109344"}],"wp:featuredmedia":[{"embeddable":true,"href":"https:\/\/monatglobal.com\/de\/wp-json\/wp\/v2\/media\/108966"}],"wp:attachment":[{"href":"https:\/\/monatglobal.com\/de\/wp-json\/wp\/v2\/media?parent=108969"}],"wp:term":[{"taxonomy":"category","embeddable":true,"href":"https:\/\/monatglobal.com\/de\/wp-json\/wp\/v2\/categories?post=108969"},{"taxonomy":"post_tag","embeddable":true,"href":"https:\/\/monatglobal.com\/de\/wp-json\/wp\/v2\/tags?post=108969"}],"curies":[{"name":"wp","href":"https:\/\/api.w.org\/{rel}","templated":true}]}}