{"id":108935,"date":"2025-12-03T21:29:04","date_gmt":"2025-12-03T21:29:04","guid":{"rendered":"https:\/\/monatglobal.com\/de\/?page_id=108935"},"modified":"2026-02-27T21:30:43","modified_gmt":"2026-02-27T21:30:43","slug":"barrier-booster-cleanser","status":"publish","type":"page","link":"https:\/\/monatglobal.com\/de\/barrier-booster-cleanser\/","title":{"rendered":"Barrier Booster\u2122<br>Erfrischender Feuchtigkeitsreiniger"},"content":{"rendered":"\n\n\t <!--Title: MONAT Barrier Booster\u2122 Erfrischender Feuchtigkeitsreiniger-->\n<!--meta: Sanfte Reinigung mit MONAT Barrier Booster\u2122 Erfrischender Feuchtigkeitsreiniger. \nSpendet Feuchtigkeit und st\u00e4rkt Deine Hautbarriere f\u00fcr glatte Glass Skin.--> \n<link rel=\"stylesheet\" href=\"https:\/\/monatglobal.com\/wp-content\/creative_css\/product_styles_sheet.css\" \/>\n   <!--==================================================== ECOMM SECTION ====================================================-->\n       NEU\n      <!--==================================================== Ecomm image ====================================================-->\n                <!--Ecomm Image-->\n              <img decoding=\"async\" alt=\"MONAT Barrier Booster Refresh Cleanser tube \" src=\"https:\/\/monatglobal.com\/wp-content\/uploads\/2025\/10\/MONAT-Barrier-Booster-HYDRA-REFRESH-CLEANSER-ecomm-min.png\" loading=\"lazy\"\/>\n              <!--Ecomm Image-->\n            <!--before and after front-->\n              <img decoding=\"async\" alt=\"woman with radiant skin applying cleanser to her face with both hands\" src=\"https:\/\/monatglobal.com\/wp-content\/uploads\/2025\/10\/MONAT-Barrier-Booster-HYDRA-REFRESH-CLEANSER-thumbnail-model-close-up-min.jpg\" loading=\"lazy\"\/>\n              \n            <!--before and after front-->\n            <!--before and after back-->\n              <img decoding=\"async\" alt=\"MONAT Barrier Booster Hydra Refresh Cleanser tube artistically placed in the middle of a sliced pineapple\" src=\"https:\/\/monatglobal.com\/wp-content\/uploads\/2025\/10\/MONAT-Barrier-Booster-HYDRA-REFRESH-CLEANSER-pinapple-thumbnail-min.jpg\" loading=\"lazy\"\/>\n              \n            <!--before and after back-->\n              <img decoding=\"async\" alt=\"Smiling Asian woman with radiant, glowing skin holding MONAT Barrier Booster Hydra Refresh Cleanser tube, showcasing healthy complexion against soft pink background\" src=\"https:\/\/monatglobal.com\/wp-content\/uploads\/2025\/10\/MONAT-Barrier-Booster-HYDRA-REFRESH-CLEANSER-video-thumbnail-model-close-up-min.jpg\" loading=\"lazy\"\/>\n                      <!--Ecomm Image-->\n                    <img decoding=\"async\" alt=\"MONAT Barrier Booster Refresh Cleanser tube \" src=\"https:\/\/monatglobal.com\/wp-content\/uploads\/2025\/10\/MONAT-Barrier-Booster-HYDRA-REFRESH-CLEANSER-ecomm-min.png\" data-lbxp=\"\" loading=\"lazy\"\/>\n                    <!--Ecomm Image-->\n                  <!--before and after front-->\n                    <img decoding=\"async\" alt=\"woman with radiant skin applying cleanser to her face with both hands\" src=\"https:\/\/monatglobal.com\/wp-content\/uploads\/2025\/10\/MONAT-Barrier-Booster-HYDRA-REFRESH-CLEANSER-thumbnail-model-close-up-min.jpg\" data-lbxp=\"\" loading=\"lazy\"\/>\n                  <!--before and after front-->\n                  <!--before and after back-->\n                    <img decoding=\"async\" alt=\"MONAT Barrier Booster Hydra Refresh Cleanser tube artistically placed in the middle of a sliced pineapple\" src=\"https:\/\/monatglobal.com\/wp-content\/uploads\/2025\/10\/MONAT-Barrier-Booster-HYDRA-REFRESH-CLEANSER-pinapple-thumbnail-min.jpg\" data-lbxp=\"\" loading=\"lazy\"\/>\n                  <!--before and after back-->\n                    <img decoding=\"async\" alt=\"Smiling Asian woman with radiant, glowing skin holding MONAT Barrier Booster Hydra Refresh Cleanser tube, showcasing healthy complexion against soft pink background\" src=\"https:\/\/monatglobal.com\/wp-content\/uploads\/2025\/10\/MONAT-Barrier-Booster-HYDRA-REFRESH-CLEANSER-video-thumbnail-model-close-up-min.jpg\" loading=\"lazy\"\/>\n      <!--==================================================== Ecomm information  ====================================================-->\n         \n         NEU\n         <p>MONAT<\/p>\n         <h1>Barrier Booster\u2122 <br \/> Erfrischender Feuchtigkeitsreiniger<\/h1> \n         <p>Reinigt sanft und spendet langanhaltende Feuchtigkeit f\u00fcr eine gesunde Hautbarriere.**  <\/p> \n         <p>**Basierend auf einer 28-t\u00e4gigen Verbraucherstudie mit 45 Teilnehmenden, durchgef\u00fchrt von einem unabh\u00e4ngigen Labor, bei Anwendung als Pflegeroutine (Reiniger, Toner, Serum und Feuchtigkeitscreme). <br \/> **Basierend auf einer 28-t\u00e4gigen Verbraucherstudie mit 45 Teilnehmenden, durchgef\u00fchrt von einem unabh\u00e4ngigen Labor.<\/p>\n         <p>150 ml e 5 fl. oz.<\/p> \n      <!--==================================================== pricing box  ====================================================-->   \n               <p>Einzelhandelspreis<br \/>00.00 \u20ac<\/p>\n               <p>Preis f\u00fcr VIP-Kunden<br \/>00.00 \u20ac<\/p>\n      <!--==================================================== pricing box  ====================================================-->     \n         <p>Um mehr \u00fcber MONAT Barrier Booster\u2122 Erfrischender Feuchtigkeitsreiniger zu erfahren, wende Dich bitte an Deinen MONAT&nbsp;Markenpartner.<\/p> \n          <a href=\"\" target=\"_blank\" role=\"button\" aria-label=\"\" rel=\"noopener\"><\/a>\n   <!--==================================================== \/ECOMM SECTION  ====================================================--> \n   <!--==================================================== Benefits image ====================================================-->\n  \n    <source media=\"(max-width: 700px)\" srcset=\"https:\/\/monatglobal.com\/wp-content\/uploads\/2025\/10\/MONAT-Barrier-Booster-HYDRA-REFRESH-CLEANSER-benefits-mobile-min.jpg\" loading=\"lazy\"\/>\n      <img decoding=\"async\" src=\"https:\/\/monatglobal.com\/wp-content\/uploads\/2025\/10\/MONAT-Barrier-Booster-HYDRA-REFRESH-CLEANSER-benefits-desktop-min.jpg\" \n      alt=\"Asian woman with radiant skin applying cleanser to her face with both hands, smiling with eyes closed against pink background\" loading=\"lazy\"\/>\n    \n   <!--==================================================== Benefits text ====================================================-->\n         <h2>VORTEILE<\/h2>\n         <h3>Deine Hautbarriere ist Dein Schutzschild. Wird sie durch allt\u00e4gliche Belastungen geschw\u00e4cht, kann das zu Trockenheit, verstopften Poren und Empfindlichkeit f\u00fchren.<\/h3> \n         <p><strong>MONAT Barrier Booster\u2122 Erfrischender Feuchtigkeitsreiniger<\/strong>  wurde entwickelt, um die Hautbarriere zu st\u00e4rken, zu hydratisieren und zu unterst\u00fctzen &#8211; f\u00fcr ein strahlendes, selbstbewusstes Hautgef\u00fchl. 100 % stimmen zu: Die Haut f\u00fchlt sich sauber und strahlend an.* <\/p>\n         <p>*Basierend auf einer 28-t\u00e4gigen Verbraucherstudie mit 45 Teilnehmenden, durchgef\u00fchrt von einem unabh\u00e4ngigen Labor.<\/p>\n         <!--==================================================== features image  ====================================================-->\n         <img decoding=\"async\" alt=\"MONAT Barrier Booster cleanser tube next to round pink compact mirror on beige textured surface\" src=\"https:\/\/monatglobal.com\/wp-content\/uploads\/2025\/10\/MONAT-Barrier-Booster-HYDRA-REFRESH-CLEANSER-featured-min.jpg\" loading=\"lazy\"\/>\n      <!--==================================================== features text ====================================================-->\n            <h3>Eigenschaften<\/h3>  \n               <p>\/ 93 % nat\u00fcrliche Inhaltsstoffe<\/p>\n               <p>\/ St\u00e4rkt die Hautbarriere*<\/p>\n               <p>\/ Reinigt die Haut sanft von \u00d6l, Schmutz und Unreinheiten <\/p>\n               <p>\/ Spendet langanhaltende Feuchtigkeit** f\u00fcr glatte und geschmeidige Haut*<\/p>\n               <p>\/ F\u00fcr alle Hauttypen geeignet &#8211; auch bei empfindlicher Haut<\/p>\n            <p> *Basierend auf einer 28-t\u00e4gigen Verbraucherstudie mit 45 Teilnehmenden, durchgef\u00fchrt von einem unabh\u00e4ngigen Labor. <br \/><br \/> **Basierend auf einer 28-t\u00e4gigen Verbraucherstudie mit 45 Teilnehmenden, durchgef\u00fchrt von einem unabh\u00e4ngigen Labor, bei Anwendung als Pflegeroutine (Reiniger, Toner, Serum und Feuchtigkeitscreme).<\/p>\n<br \/>\n            <p>Duft \/ Duftfrei <\/p>\n            <p> Textur \/ Leichtes Gel<\/p> \n   <!--==================================================== composition image mobile ====================================================-->\n   <img decoding=\"async\" alt=\"cleanser texture - one on beige surface and one held by hand against pink background\" src=\"https:\/\/monatglobal.com\/wp-content\/uploads\/2025\/10\/MONAT-Barrier-Booster-HYDRA-REFRESH-CLEANSER-standalone-min.jpg\" loading=\"lazy\"\/>\n   <!--==================================================== Why it works text ====================================================-->\n      <h2>Peptidschutz f\u00fcr Glass Skin.<\/h2>\n      <h3>Mit klinisch erprobten Wirkstoffen wie Peptiden und Ceramiden formuliert, st\u00e4rkt dieser sanfte, hautfreundliche Gesichtsreiniger die Hautbarriere*, gl\u00e4ttet die Haut, macht sie geschmeidig und befreit sie von t\u00e4glichen&nbsp;Verunreinigungen.<\/h3>\n      <p> *Basierend auf einer 28-t\u00e4gigen Verbraucherstudie mit 45 Teilnehmenden, durchgef\u00fchrt von einem unabh\u00e4ngigen Labor.<\/p>\n<!--==================================================== Composition section ====================================================-->\n      <img decoding=\"async\" alt=\"cleanser texture - one on beige surface and one held by hand against pink background\" src=\"https:\/\/monatglobal.com\/wp-content\/uploads\/2025\/10\/MONAT-Barrier-Booster-HYDRA-REFRESH-CLEANSER-standalone-min.jpg\" loading=\"lazy\"\/>\n      <img decoding=\"async\" alt=\"Smiling model with glowing skin holding A MONAT Barrier Booster Refresh Cleanser tube \" \n      src=\"https:\/\/monatglobal.com\/wp-content\/uploads\/2025\/10\/MONAT-Barrier-Booster-HYDRA-REFRESH-CLEANSER-composition-model-min.jpg\" loading=\"lazy\"\/>\n            <!--==================================================== Directions text ====================================================--> \n               <h3>Anwendung<\/h3>\n                    <p>\/ Morgens und abends eine kleine Menge auf die feuchte Haut auftragen.  <\/p>\n                    <p>\/ Sanft einmassieren und mit warmem Wasser absp\u00fclen.  <\/p>\n                    <p>\/ Anschlie\u00dfend Deine MONAT Skincare-Routine anwenden. <\/p>\n            <!--==================================================== Directions video ====================================================-->\n        <p>MONAT Barrier Booster\u2122 <br \/> Erfrischender Feuchtigkeitsreiniger <br \/><\/p>\n      <a href=\"\" target=\"_blank\" role=\"button\" aria-label=\"\" rel=\"noopener\"><\/a>\n   <!--==================================================== Ingredients section  ====================================================-->\n      <h2>Wichtige Inhaltsstoffe<\/h2> \n          <img decoding=\"async\" src=\"https:\/\/monatglobal.com\/wp-content\/uploads\/2025\/08\/Pineapple-Fruit-Crown.svg\" alt=\"icon of Zinc Oxide\"\/> \n      <p>Ananas-Krone<\/p>\n              <img decoding=\"async\" src=\"https:\/\/monatglobal.com\/wp-content\/uploads\/2025\/08\/Centella-Asiatica-Extract.svg\" alt=\"icon of Centella Asiatica Extract\"\/>\n      <p>Centella Asiatica Extrakt<\/p>\n           <img decoding=\"async\" src=\"https:\/\/monatglobal.com\/wp-content\/uploads\/2025\/08\/Peptide-Blend.svg\" alt=\"icon of Vitamin E\"\/>\n      <p>Peptid-Komplex<\/p>\n            <img decoding=\"async\" src=\"https:\/\/monatglobal.com\/wp-content\/uploads\/2025\/08\/Rice-Bran-Extract-1.svg\" alt=\"icon of Rice Bran Extract\"\/> \n      <p>Reiskleie-Extrakt<\/p>\n        <button id=\"myBtn\" type=\"button\">Alle Inhaltsstoffe ansehen<\/button>\n      <!--==================================================== Modal content  ====================================================-->\n         &times;\n         <p>Aqua\/Water\/Eau, Propanediol, Coco-Caprylate\/Caprate, Glycerin, Squalane, Ceramide NP, Ceramide AP, Ceramide EOP, Tripeptide-29, Hexapeptide-11, Lactobacillus Ferment, Sodium Hydroxide, Saccharomyces\/Hydrolyzed Pineapple Fruit Crown Extract Ferment Filtrate, Xanthan Gum, Sorbitan Isostearate, 1,2-Hexanediol, Hydroxyacetophenone, Polyglyceryl-10 Stearate, Triethyl Citrate, Polyglyceryl-6 Behenate, Phytosphingosine, Cholesterol, Behenic Acid, Cetearyl Alcohol, Glyceryl Stearate, Sodium Levulinate, Citric Acid, Acrylates\/C10-30 Alkyl Acrylate Crosspolymer, Hydroxyethyl Acrylate\/Sodium Acryloyldimethyl Taurate Copolymer, Butylene Glycol, Caprylyl Glycol, Pentylene Glycol, Ethylhexylglycerin, Chlorphenesin.<\/p>\n   <!--==================================================== You might also like section ====================================================-->\n      <h2>DAS K\u00d6NNTE DIR AUCH GEFALLEN<\/h2>\n      <!--==================================================== Slider YOU MIGHT ALSO LIKE ====================================================-->\n         <!--==================================================== If we need navigation buttons  ====================================================-->\n         <!--==================================================== If we need paginations  ====================================================-->\n    <a href=\"\" aria-label=\"\"><\/a>\n<!--==================================================== this link has to go last for it to work   ====================================================-->\n\n","protected":false},"excerpt":{"rendered":"<p>NEU NEU MONAT Barrier Booster\u2122 Erfrischender Feuchtigkeitsreiniger Reinigt sanft und spendet langanhaltende Feuchtigkeit f\u00fcr eine gesunde Hautbarriere.** **Basierend auf einer 28-t\u00e4gigen Verbraucherstudie mit 45 Teilnehmenden, durchgef\u00fchrt von einem unabh\u00e4ngigen Labor, bei Anwendung als Pflegeroutine (Reiniger, Toner, Serum und Feuchtigkeitscreme). **Basierend auf einer 28-t\u00e4gigen Verbraucherstudie mit 45 Teilnehmenden, durchgef\u00fchrt von einem unabh\u00e4ngigen Labor. 150 ml e&hellip;<\/p>\n","protected":false},"author":57,"featured_media":108928,"parent":0,"menu_order":0,"comment_status":"closed","ping_status":"closed","template":"","meta":{"inline_featured_image":false,"om_disable_all_campaigns":false,"footnotes":""},"categories":[17],"tags":[],"class_list":["post-108935","page","type-page","status-publish","has-post-thumbnail","hentry","category-product-de"],"aioseo_notices":[],"aioseo_head":"\n\t\t<!-- All in One SEO Pro 4.9.5.2 - aioseo.com -->\n\t<meta name=\"description\" content=\"Sanfte Reinigung mit MONAT Barrier Booster\u2122 Erfrischender Feuchtigkeitsreiniger. Spendet Feuchtigkeit und st\u00e4rkt Deine Hautbarriere f\u00fcr glatte Glass Skin.\" \/>\n\t<meta name=\"robots\" content=\"max-image-preview:large\" \/>\n\t<link rel=\"canonical\" href=\"https:\/\/monatglobal.com\/de\/barrier-booster-cleanser\/\" \/>\n\t<meta name=\"generator\" content=\"All in One SEO Pro (AIOSEO) 4.9.5.2\" \/>\n\t\t<meta property=\"og:locale\" content=\"de_DE\" \/>\n\t\t<meta property=\"og:site_name\" content=\"MONAT Germany - We Are Modern Nature\u2122\" \/>\n\t\t<meta property=\"og:type\" content=\"article\" \/>\n\t\t<meta property=\"og:title\" content=\"MONAT Barrier Booster\u2122 Erfrischender Feuchtigkeitsreiniger\" \/>\n\t\t<meta property=\"og:description\" content=\"Sanfte Reinigung mit MONAT Barrier Booster\u2122 Erfrischender Feuchtigkeitsreiniger. Spendet Feuchtigkeit und st\u00e4rkt Deine Hautbarriere f\u00fcr glatte Glass Skin.\" \/>\n\t\t<meta property=\"og:url\" content=\"https:\/\/monatglobal.com\/de\/barrier-booster-cleanser\/\" \/>\n\t\t<meta property=\"article:published_time\" content=\"2025-12-03T21:29:04+00:00\" \/>\n\t\t<meta property=\"article:modified_time\" content=\"2026-02-27T21:30:43+00:00\" \/>\n\t\t<meta name=\"twitter:card\" content=\"summary_large_image\" \/>\n\t\t<meta name=\"twitter:title\" content=\"MONAT Barrier Booster\u2122 Erfrischender Feuchtigkeitsreiniger\" \/>\n\t\t<meta name=\"twitter:description\" content=\"Sanfte Reinigung mit MONAT Barrier Booster\u2122 Erfrischender Feuchtigkeitsreiniger. Spendet Feuchtigkeit und st\u00e4rkt Deine Hautbarriere f\u00fcr glatte Glass Skin.\" \/>\n\t\t<script type=\"application\/ld+json\" class=\"aioseo-schema\">\n\t\t\t{\"@context\":\"https:\\\/\\\/schema.org\",\"@graph\":[{\"@type\":\"BreadcrumbList\",\"@id\":\"https:\\\/\\\/monatglobal.com\\\/de\\\/barrier-booster-cleanser\\\/#breadcrumblist\",\"itemListElement\":[{\"@type\":\"ListItem\",\"@id\":\"https:\\\/\\\/monatglobal.com\\\/de#listItem\",\"position\":1,\"name\":\"Home\",\"item\":\"https:\\\/\\\/monatglobal.com\\\/de\",\"nextItem\":{\"@type\":\"ListItem\",\"@id\":\"https:\\\/\\\/monatglobal.com\\\/de\\\/barrier-booster-cleanser\\\/#listItem\",\"name\":\"Barrier Booster\\u2122Erfrischender Feuchtigkeitsreiniger\"}},{\"@type\":\"ListItem\",\"@id\":\"https:\\\/\\\/monatglobal.com\\\/de\\\/barrier-booster-cleanser\\\/#listItem\",\"position\":2,\"name\":\"Barrier Booster\\u2122Erfrischender Feuchtigkeitsreiniger\",\"previousItem\":{\"@type\":\"ListItem\",\"@id\":\"https:\\\/\\\/monatglobal.com\\\/de#listItem\",\"name\":\"Home\"}}]},{\"@type\":\"Organization\",\"@id\":\"https:\\\/\\\/monatglobal.com\\\/de\\\/#organization\",\"name\":\"MONAT Germany\",\"description\":\"We Are Modern Nature\\u2122\",\"url\":\"https:\\\/\\\/monatglobal.com\\\/de\\\/\"},{\"@type\":\"WebPage\",\"@id\":\"https:\\\/\\\/monatglobal.com\\\/de\\\/barrier-booster-cleanser\\\/#webpage\",\"url\":\"https:\\\/\\\/monatglobal.com\\\/de\\\/barrier-booster-cleanser\\\/\",\"name\":\"MONAT Barrier Booster\\u2122 Erfrischender Feuchtigkeitsreiniger\",\"description\":\"Sanfte Reinigung mit MONAT Barrier Booster\\u2122 Erfrischender Feuchtigkeitsreiniger. Spendet Feuchtigkeit und st\\u00e4rkt Deine Hautbarriere f\\u00fcr glatte Glass Skin.\",\"inLanguage\":\"de-DE\",\"isPartOf\":{\"@id\":\"https:\\\/\\\/monatglobal.com\\\/de\\\/#website\"},\"breadcrumb\":{\"@id\":\"https:\\\/\\\/monatglobal.com\\\/de\\\/barrier-booster-cleanser\\\/#breadcrumblist\"},\"image\":{\"@type\":\"ImageObject\",\"url\":\"https:\\\/\\\/monatglobal.com\\\/de\\\/wp-content\\\/uploads\\\/sites\\\/22\\\/2025\\\/12\\\/MONAT-Barrier-Booster-HYDRA-REFRESH-CLEANSER-ecomm-min.png\",\"@id\":\"https:\\\/\\\/monatglobal.com\\\/de\\\/barrier-booster-cleanser\\\/#mainImage\",\"width\":641,\"height\":800},\"primaryImageOfPage\":{\"@id\":\"https:\\\/\\\/monatglobal.com\\\/de\\\/barrier-booster-cleanser\\\/#mainImage\"},\"datePublished\":\"2025-12-03T21:29:04+00:00\",\"dateModified\":\"2026-02-27T21:30:43+00:00\"},{\"@type\":\"WebSite\",\"@id\":\"https:\\\/\\\/monatglobal.com\\\/de\\\/#website\",\"url\":\"https:\\\/\\\/monatglobal.com\\\/de\\\/\",\"name\":\"MONAT Germany\",\"description\":\"We Are Modern Nature\\u2122\",\"inLanguage\":\"de-DE\",\"publisher\":{\"@id\":\"https:\\\/\\\/monatglobal.com\\\/de\\\/#organization\"}}]}\n\t\t<\/script>\n\t\t<!-- All in One SEO Pro -->\r\n\t\t<title>MONAT Barrier Booster\u2122 Erfrischender Feuchtigkeitsreiniger<\/title>\n\n","aioseo_head_json":{"title":"MONAT Barrier Booster\u2122 Erfrischender Feuchtigkeitsreiniger","description":"Sanfte Reinigung mit MONAT Barrier Booster\u2122 Erfrischender Feuchtigkeitsreiniger. Spendet Feuchtigkeit und st\u00e4rkt Deine Hautbarriere f\u00fcr glatte Glass Skin.","canonical_url":"https:\/\/monatglobal.com\/de\/barrier-booster-cleanser\/","robots":"max-image-preview:large","keywords":"","webmasterTools":{"miscellaneous":""},"schema":{"@context":"https:\/\/schema.org","@graph":[{"@type":"BreadcrumbList","@id":"https:\/\/monatglobal.com\/de\/barrier-booster-cleanser\/#breadcrumblist","itemListElement":[{"@type":"ListItem","@id":"https:\/\/monatglobal.com\/de#listItem","position":1,"name":"Home","item":"https:\/\/monatglobal.com\/de","nextItem":{"@type":"ListItem","@id":"https:\/\/monatglobal.com\/de\/barrier-booster-cleanser\/#listItem","name":"Barrier Booster\u2122Erfrischender Feuchtigkeitsreiniger"}},{"@type":"ListItem","@id":"https:\/\/monatglobal.com\/de\/barrier-booster-cleanser\/#listItem","position":2,"name":"Barrier Booster\u2122Erfrischender Feuchtigkeitsreiniger","previousItem":{"@type":"ListItem","@id":"https:\/\/monatglobal.com\/de#listItem","name":"Home"}}]},{"@type":"Organization","@id":"https:\/\/monatglobal.com\/de\/#organization","name":"MONAT Germany","description":"We Are Modern Nature\u2122","url":"https:\/\/monatglobal.com\/de\/"},{"@type":"WebPage","@id":"https:\/\/monatglobal.com\/de\/barrier-booster-cleanser\/#webpage","url":"https:\/\/monatglobal.com\/de\/barrier-booster-cleanser\/","name":"MONAT Barrier Booster\u2122 Erfrischender Feuchtigkeitsreiniger","description":"Sanfte Reinigung mit MONAT Barrier Booster\u2122 Erfrischender Feuchtigkeitsreiniger. Spendet Feuchtigkeit und st\u00e4rkt Deine Hautbarriere f\u00fcr glatte Glass Skin.","inLanguage":"de-DE","isPartOf":{"@id":"https:\/\/monatglobal.com\/de\/#website"},"breadcrumb":{"@id":"https:\/\/monatglobal.com\/de\/barrier-booster-cleanser\/#breadcrumblist"},"image":{"@type":"ImageObject","url":"https:\/\/monatglobal.com\/de\/wp-content\/uploads\/sites\/22\/2025\/12\/MONAT-Barrier-Booster-HYDRA-REFRESH-CLEANSER-ecomm-min.png","@id":"https:\/\/monatglobal.com\/de\/barrier-booster-cleanser\/#mainImage","width":641,"height":800},"primaryImageOfPage":{"@id":"https:\/\/monatglobal.com\/de\/barrier-booster-cleanser\/#mainImage"},"datePublished":"2025-12-03T21:29:04+00:00","dateModified":"2026-02-27T21:30:43+00:00"},{"@type":"WebSite","@id":"https:\/\/monatglobal.com\/de\/#website","url":"https:\/\/monatglobal.com\/de\/","name":"MONAT Germany","description":"We Are Modern Nature\u2122","inLanguage":"de-DE","publisher":{"@id":"https:\/\/monatglobal.com\/de\/#organization"}}]},"og:locale":"de_DE","og:site_name":"MONAT Germany - We Are Modern Nature\u2122","og:type":"article","og:title":"MONAT Barrier Booster\u2122 Erfrischender Feuchtigkeitsreiniger","og:description":"Sanfte Reinigung mit MONAT Barrier Booster\u2122 Erfrischender Feuchtigkeitsreiniger. Spendet Feuchtigkeit und st\u00e4rkt Deine Hautbarriere f\u00fcr glatte Glass Skin.","og:url":"https:\/\/monatglobal.com\/de\/barrier-booster-cleanser\/","article:published_time":"2025-12-03T21:29:04+00:00","article:modified_time":"2026-02-27T21:30:43+00:00","twitter:card":"summary_large_image","twitter:title":"MONAT Barrier Booster\u2122 Erfrischender Feuchtigkeitsreiniger","twitter:description":"Sanfte Reinigung mit MONAT Barrier Booster\u2122 Erfrischender Feuchtigkeitsreiniger. Spendet Feuchtigkeit und st\u00e4rkt Deine Hautbarriere f\u00fcr glatte Glass Skin."},"aioseo_meta_data":{"post_id":"108935","title":"MONAT Barrier Booster\u2122 Erfrischender Feuchtigkeitsreiniger","description":"Sanfte Reinigung mit MONAT Barrier Booster\u2122 Erfrischender Feuchtigkeitsreiniger. Spendet Feuchtigkeit und st\u00e4rkt Deine Hautbarriere f\u00fcr glatte Glass Skin.","keywords":null,"keyphrases":{"focus":{"keyphrase":"","score":0,"analysis":{"keyphraseInTitle":{"score":0,"maxScore":9,"error":1}}},"additional":[]},"primary_term":null,"canonical_url":null,"og_title":null,"og_description":null,"og_object_type":"default","og_image_type":"default","og_image_url":null,"og_image_width":null,"og_image_height":null,"og_image_custom_url":null,"og_image_custom_fields":null,"og_video":"","og_custom_url":null,"og_article_section":null,"og_article_tags":null,"twitter_use_og":false,"twitter_card":"default","twitter_image_type":"default","twitter_image_url":null,"twitter_image_custom_url":null,"twitter_image_custom_fields":null,"twitter_title":null,"twitter_description":null,"schema":{"blockGraphs":[],"customGraphs":[],"default":{"data":{"Article":[],"Course":[],"Dataset":[],"FAQPage":[],"Movie":[],"Person":[],"Product":[],"ProductReview":[],"Car":[],"Recipe":[],"Service":[],"SoftwareApplication":[],"WebPage":[]},"graphName":"WebPage","isEnabled":true},"graphs":[]},"schema_type":"default","schema_type_options":null,"pillar_content":false,"robots_default":true,"robots_noindex":false,"robots_noarchive":false,"robots_nosnippet":false,"robots_nofollow":false,"robots_noimageindex":false,"robots_noodp":false,"robots_notranslate":false,"robots_max_snippet":"-1","robots_max_videopreview":"-1","robots_max_imagepreview":"large","priority":null,"frequency":"default","local_seo":null,"seo_analyzer_scan_date":null,"limit_modified_date":false,"reviewed_by":"0","ai":{"faqs":[],"keyPoints":[],"titles":[],"descriptions":[],"socialPosts":{"email":[],"linkedin":[],"twitter":[],"facebook":[],"instagram":[]}},"created":"2026-02-09 20:22:10","updated":"2026-02-27 22:20:59"},"aioseo_breadcrumb":"<div class=\"aioseo-breadcrumbs\"><span class=\"aioseo-breadcrumb\">\n\t<a href=\"https:\/\/monatglobal.com\/de\" title=\"Home\">Home<\/a>\n<\/span><span class=\"aioseo-breadcrumb-separator\">\u00bb<\/span><span class=\"aioseo-breadcrumb\">\n\tBarrier Booster\u2122<br>Erfrischender Feuchtigkeitsreiniger\n<\/span><\/div>","aioseo_breadcrumb_json":[{"label":"Home","link":"https:\/\/monatglobal.com\/de"},{"label":"Barrier Booster\u2122<br>Erfrischender Feuchtigkeitsreiniger","link":"https:\/\/monatglobal.com\/de\/barrier-booster-cleanser\/"}],"_links":{"self":[{"href":"https:\/\/monatglobal.com\/de\/wp-json\/wp\/v2\/pages\/108935","targetHints":{"allow":["GET"]}}],"collection":[{"href":"https:\/\/monatglobal.com\/de\/wp-json\/wp\/v2\/pages"}],"about":[{"href":"https:\/\/monatglobal.com\/de\/wp-json\/wp\/v2\/types\/page"}],"author":[{"embeddable":true,"href":"https:\/\/monatglobal.com\/de\/wp-json\/wp\/v2\/users\/57"}],"replies":[{"embeddable":true,"href":"https:\/\/monatglobal.com\/de\/wp-json\/wp\/v2\/comments?post=108935"}],"version-history":[{"count":19,"href":"https:\/\/monatglobal.com\/de\/wp-json\/wp\/v2\/pages\/108935\/revisions"}],"predecessor-version":[{"id":109337,"href":"https:\/\/monatglobal.com\/de\/wp-json\/wp\/v2\/pages\/108935\/revisions\/109337"}],"wp:featuredmedia":[{"embeddable":true,"href":"https:\/\/monatglobal.com\/de\/wp-json\/wp\/v2\/media\/108928"}],"wp:attachment":[{"href":"https:\/\/monatglobal.com\/de\/wp-json\/wp\/v2\/media?parent=108935"}],"wp:term":[{"taxonomy":"category","embeddable":true,"href":"https:\/\/monatglobal.com\/de\/wp-json\/wp\/v2\/categories?post=108935"},{"taxonomy":"post_tag","embeddable":true,"href":"https:\/\/monatglobal.com\/de\/wp-json\/wp\/v2\/tags?post=108935"}],"curies":[{"name":"wp","href":"https:\/\/api.w.org\/{rel}","templated":true}]}}