{"id":108538,"date":"2025-10-02T21:10:35","date_gmt":"2025-10-02T21:10:35","guid":{"rendered":"https:\/\/monatglobal.com\/de\/?page_id=108538"},"modified":"2025-10-11T15:57:27","modified_gmt":"2025-10-11T15:57:27","slug":"monat-stylist-program","status":"publish","type":"page","link":"https:\/\/monatglobal.com\/de\/monat-stylist-program\/","title":{"rendered":"MONAT Stylisten-Programm"},"content":{"rendered":"\n<!--SEO Title:-->\n<!--MONAT Stylisten-Programm | Erweitere Dein Handwerk & wachse \u00fcber den Salonstuhl hinaus-->\n<!--Meta Description:-->\n<!--Entdecke das MONAT Stylisten-Programm - f\u00fcr lizenzierte Beauty-Profis. Erhalte Original\u00acgr\u00f6\u00dfen, steigere Dein Einkommen und baue ein Business, das \u00fcber den Salon hinaus wirkt. Jetzt beitreten!-->\n<style>\n    :root {\n        --primary-color: #F8F4EE;\n    }\n<\/style> \n    <!--<img decoding=\"async\" src=\"https:\/\/monatglobal.com\/wp-content\/uploads\/2025\/09\/main-banner-stylist-program-min.jpg\"\/> -->\n    <!--<br \/>-->\n    <!--<br \/>-->\n    <!--<br \/>-->\n    <!--<br \/>-->\n    <section> \n        <img decoding=\"async\" src=\"https:\/\/monatglobal.com\/wp-content\/uploads\/2025\/09\/stylist-program-banner-moble-2025-min.png\" alt=\"Smiling blonde woman with long hair touching her face with one hand, overlaid with text 'Introducing the Stylist Program\">\n        <img decoding=\"async\" src=\"https:\/\/monatglobal.com\/wp-content\/uploads\/2025\/09\/stylist-program-banner-deskop-2025-colse-up-min.png\" alt=\"Smiling blonde woman with long hair touching her face with one hand, overlaid with text 'Introducing the Stylist Program\">\n               <p>WIR PR\u00c4SENTIEREN <\/p>\n               <img decoding=\"async\" src=\"https:\/\/monatglobal.com\/de\/wp-content\/uploads\/sites\/22\/2025\/08\/stylist-logo-de.svg\" alt=\"MONAT logo\">\n    <\/section>\n    <section id=\"post_banner\">\n        <p>Ein echter Game-Changer: Dieses Programm bietet lizenzierten Beauty-Profis Zugang zu Originalgr\u00f6\u00dfen unserer Bestseller &#8211; und die M\u00f6glichkeit, ihr Handwerk zu erweitern, ihr Einkommen zu steigern und ein Business aufzubauen, das weit \u00fcber den Salonstuhl hinausgeht!<\/p>\n        <a href=\"https:\/\/mymonat.com\/pyr_core\/v2_enrollments\/select_market?sponsor_id=&amp;enroll_params=profile_form_type%3Dexpress&amp;market=de&amp;lang_code=de\" target=\"_blank\" rel=\"noopener\">JETZT TEILNEHMEN<\/a> \n            <img decoding=\"async\" src=\"https:\/\/monatglobal.com\/wp-content\/uploads\/2025\/09\/Group-of-saloon-pictures-min.png\" alt=\"Three black and white photos showing different women: one with long wavy hair, another in a light-colored top smiling and touching her hair, and a third in dark clothing with her hand holding a pair of scissors\">\n    <\/section>\n    <section id=\"youCan_sec\">\n        <h2>Mit dem MONAT <br>Stylisten-Programm <br>kannst Du:<\/h2>\n                1\n                <p>Dein Business ausbauen, indem Du Deinen Kunden professionelle Produkte f\u00fcr zu Hause anbietest.<\/p>\n                2\n                <p>Ein Gesch\u00e4ftsmodell nutzen, das Dich dabei unterst\u00fctzt, ein Einkommen mit Wachstumspotenzial aufzubauen und mehr zeitliche Freiheit schafft.<\/p>\n                3\n                <p>Ein Verm\u00e4chtnis aufbauen*, das \u00fcber den Salonstuhl hinauswirkt &#8211; und einen positiven Einfluss auf Deine Zukunft, Familie und Community hat.<\/p>\n        <a href=\"https:\/\/mymonat.com\/pyr_core\/v2_enrollments\/select_market?sponsor_id=&amp;enroll_params=profile_form_type%3Dexpress&amp;market=de&amp;lang_code=de\" target=\"_blank\" rel=\"noopener\">JETZT TEILNEHMEN<\/a>\n            <img decoding=\"async\" src=\"https:\/\/monatglobal.com\/wp-content\/uploads\/2025\/09\/saloon-size_stylist-program_2025-min.png\" alt=\"Row of MONAT hair care products saloon size including shampoos, conditioners in dark blue and purple bottles arranged in a line\">\n    <\/section>\n    <section id=\"backed_sec\">\n         <h2>Wissenschaftlich &amp; <br>luxuri\u00f6s fundiert <\/h2>\n             <img decoding=\"async\" src=\"https:\/\/monatglobal.com\/wp-content\/uploads\/2025\/03\/BIOTECH-DERIVED-FORMULATIONS-min.jpg\" alt=\"Oil with bubbles in a petri dish and dropper.\">\n                 <p>Bereichere jede Deiner Behandlungen mit den professionellen, klinisch getesteten MONAT-Formeln, die das Haar von innen st\u00e4rken, intensiv mit Feuchtigkeit versorgen und sichtbar verwandeln.<\/p>\n                              <!--<img decoding=\"async\" src=\"https:\/\/monatglobal.com\/wp-content\/uploads\/2025\/03\/BIOTECH-DERIVED-FORMULATIONS-min.jpg\" alt=\"Oil with bubbles in a petri dish and dropper.\"\/>-->\n                     <p>Nach Deiner Anmeldung und Verifizierung erh\u00e4ltst Du exklusiven Zugang zu Originalgr\u00f6\u00dfen und dem Stylisten-Kit:<\/p>\n                     <img decoding=\"async\" src=\"https:\/\/monatglobal.com\/wp-content\/uploads\/2025\/09\/stylist-kit-picure-2025-min.png\" alt=\"MONAT Stylist Kit\">\n         <a href=\"https:\/\/mymonat.com\/pyr_core\/v2_enrollments\/select_market?sponsor_id=&amp;enroll_params=profile_form_type%3Dexpress&amp;market=de&amp;lang_code=de\" target=\"_blank\" rel=\"noopener\">JETZT TEILNEHMEN<\/a> \n    <\/section>\n    <section id=\"movement_sec\">\n        <h2>Werde Teil einer Bewegung, <br> die die M\u00f6glichkeiten f\u00fcr <br>Beauty-Profis neu definiert<\/h2>\n            <p>Werde Teil dieser exklusiven, einzigartigen Community vision\u00e4rer Stylisten, die Erfolg in der Beauty-Branche neu definieren &#8211; erlebe, wie Zusammenarbeit, Innovation und Einkommen jenseits des Salonstuhls Hand in Hand gehen.<\/p>\n            <img decoding=\"async\" src=\"https:\/\/monatglobal.com\/wp-content\/uploads\/2025\/09\/beauty-profesionals-min.jpg\" loading=\"Black and white photo of a smiling woman with shoulder-length hair in what appears to be a salon or professional setting\">\n    <\/section>\n    <section id=\"pre-footer\">\n        <h2>Bereit durchzustarten?<\/h2>\n        <a href=\"https:\/\/mymonat.com\/pyr_core\/v2_enrollments\/select_market?sponsor_id=&amp;enroll_params=profile_form_type%3Dexpress&amp;market=de&amp;lang_code=de\" target=\"_blank\" rel=\"noopener\">JETZT TEILNEHMEN<\/a> \n        <a href=\"https:\/\/mymonat.com\/uploads\/global\/Stylist%20Program%20EU\/GER_MONAT%20Stylist%20Program%20FAQs_092525_v3.pdf\" target=\"_blank\" rel=\"noopener\">FAQ<\/a>\n        <!-- <a href=\"https:\/\/monatglobal.com\/de\/policies-procedures\/\">See Income Disclosure Statement for details.<\/a>-->\n        <p>*Einnahmen sind nicht garantiert. Die individuellen Ergebnisse k\u00f6nnen je nach Einsatz, Engagement und weiteren Faktoren variieren. Es gibt keine garantierten Ergebnisse, doch die potenziellen Belohnungen k\u00f6nnen f\u00fcr diejenigen, die hart arbeiten und engagiert bleiben, erheblich sein. F\u00fcr weitere Informationen besuche MONATs Einkommensnachweis hier: (<a href=\"https:\/\/monatglobal.com\/de\/policies-procedures\/\">https:\/\/monatglobal.com\/de\/policies-procedures\/<\/a>)<\/p>\n    <\/section>\n","protected":false},"excerpt":{"rendered":"<p>WIR PR\u00c4SENTIEREN Ein echter Game-Changer: Dieses Programm bietet lizenzierten Beauty-Profis Zugang zu Originalgr\u00f6\u00dfen unserer Bestseller &#8211; und die M\u00f6glichkeit, ihr Handwerk zu erweitern, ihr Einkommen zu steigern und ein Business aufzubauen, das weit \u00fcber den Salonstuhl hinausgeht! JETZT TEILNEHMEN Mit dem MONAT Stylisten-Programm kannst Du: 1 Dein Business ausbauen, indem Du Deinen Kunden professionelle Produkte&hellip;<\/p>\n","protected":false},"author":47,"featured_media":108615,"parent":0,"menu_order":0,"comment_status":"closed","ping_status":"closed","template":"","meta":{"inline_featured_image":false,"om_disable_all_campaigns":false,"footnotes":""},"categories":[],"tags":[],"class_list":["post-108538","page","type-page","status-publish","has-post-thumbnail","hentry"],"aioseo_notices":[],"aioseo_head":"\n\t\t<!-- All in One SEO Pro 4.9.5.2 - aioseo.com -->\n\t<meta name=\"description\" content=\"--&gt; Nach Deiner Anmeldung und Verifizierung erh\u00e4ltst Du exklusiven Zugang zu Originalgr\u00f6\u00dfen und dem Stylisten-Kit: JETZT TEILNEHMEN Werde Teil einer Bewegung, die die M\u00f6glichkeiten f\u00fcr Beauty-Profis neu definiert Werde Teil dieser exklusiven, einzigartigen Community vision\u00e4rer Stylisten, die Erfolg in der Beauty-Branche neu definieren - erlebe, wie Zusammenarbeit, Innovation und Einkommen jenseits des Salonstuhls Hand in\" \/>\n\t<meta name=\"robots\" content=\"max-image-preview:large\" \/>\n\t<link rel=\"canonical\" href=\"https:\/\/monatglobal.com\/de\/monat-stylist-program\/\" \/>\n\t<meta name=\"generator\" content=\"All in One SEO Pro (AIOSEO) 4.9.5.2\" \/>\n\t\t<meta property=\"og:locale\" content=\"de_DE\" \/>\n\t\t<meta property=\"og:site_name\" content=\"MONAT Germany - We Are Modern Nature\u2122\" \/>\n\t\t<meta property=\"og:type\" content=\"article\" \/>\n\t\t<meta property=\"og:title\" content=\"MONAT Stylisten-Programm - MONAT Germany\" \/>\n\t\t<meta property=\"og:description\" content=\"--&gt; Nach Deiner Anmeldung und Verifizierung erh\u00e4ltst Du exklusiven Zugang zu Originalgr\u00f6\u00dfen und dem Stylisten-Kit: JETZT TEILNEHMEN Werde Teil einer Bewegung, die die M\u00f6glichkeiten f\u00fcr Beauty-Profis neu definiert Werde Teil dieser exklusiven, einzigartigen Community vision\u00e4rer Stylisten, die Erfolg in der Beauty-Branche neu definieren - erlebe, wie Zusammenarbeit, Innovation und Einkommen jenseits des Salonstuhls Hand in\" \/>\n\t\t<meta property=\"og:url\" content=\"https:\/\/monatglobal.com\/de\/monat-stylist-program\/\" \/>\n\t\t<meta property=\"article:published_time\" content=\"2025-10-02T21:10:35+00:00\" \/>\n\t\t<meta property=\"article:modified_time\" content=\"2025-10-11T15:57:27+00:00\" \/>\n\t\t<meta name=\"twitter:card\" content=\"summary_large_image\" \/>\n\t\t<meta name=\"twitter:title\" content=\"MONAT Stylisten-Programm - MONAT Germany\" \/>\n\t\t<meta name=\"twitter:description\" content=\"--&gt; Nach Deiner Anmeldung und Verifizierung erh\u00e4ltst Du exklusiven Zugang zu Originalgr\u00f6\u00dfen und dem Stylisten-Kit: JETZT TEILNEHMEN Werde Teil einer Bewegung, die die M\u00f6glichkeiten f\u00fcr Beauty-Profis neu definiert Werde Teil dieser exklusiven, einzigartigen Community vision\u00e4rer Stylisten, die Erfolg in der Beauty-Branche neu definieren - erlebe, wie Zusammenarbeit, Innovation und Einkommen jenseits des Salonstuhls Hand in\" \/>\n\t\t<script type=\"application\/ld+json\" class=\"aioseo-schema\">\n\t\t\t{\"@context\":\"https:\\\/\\\/schema.org\",\"@graph\":[{\"@type\":\"BreadcrumbList\",\"@id\":\"https:\\\/\\\/monatglobal.com\\\/de\\\/monat-stylist-program\\\/#breadcrumblist\",\"itemListElement\":[{\"@type\":\"ListItem\",\"@id\":\"https:\\\/\\\/monatglobal.com\\\/de#listItem\",\"position\":1,\"name\":\"Home\",\"item\":\"https:\\\/\\\/monatglobal.com\\\/de\",\"nextItem\":{\"@type\":\"ListItem\",\"@id\":\"https:\\\/\\\/monatglobal.com\\\/de\\\/monat-stylist-program\\\/#listItem\",\"name\":\"MONAT Stylisten-Programm\"}},{\"@type\":\"ListItem\",\"@id\":\"https:\\\/\\\/monatglobal.com\\\/de\\\/monat-stylist-program\\\/#listItem\",\"position\":2,\"name\":\"MONAT Stylisten-Programm\",\"previousItem\":{\"@type\":\"ListItem\",\"@id\":\"https:\\\/\\\/monatglobal.com\\\/de#listItem\",\"name\":\"Home\"}}]},{\"@type\":\"Organization\",\"@id\":\"https:\\\/\\\/monatglobal.com\\\/de\\\/#organization\",\"name\":\"MONAT Germany\",\"description\":\"We Are Modern Nature\\u2122\",\"url\":\"https:\\\/\\\/monatglobal.com\\\/de\\\/\"},{\"@type\":\"WebPage\",\"@id\":\"https:\\\/\\\/monatglobal.com\\\/de\\\/monat-stylist-program\\\/#webpage\",\"url\":\"https:\\\/\\\/monatglobal.com\\\/de\\\/monat-stylist-program\\\/\",\"name\":\"MONAT Stylisten-Programm - MONAT Germany\",\"description\":\"--> Nach Deiner Anmeldung und Verifizierung erh\\u00e4ltst Du exklusiven Zugang zu Originalgr\\u00f6\\u00dfen und dem Stylisten-Kit: JETZT TEILNEHMEN Werde Teil einer Bewegung, die die M\\u00f6glichkeiten f\\u00fcr Beauty-Profis neu definiert Werde Teil dieser exklusiven, einzigartigen Community vision\\u00e4rer Stylisten, die Erfolg in der Beauty-Branche neu definieren - erlebe, wie Zusammenarbeit, Innovation und Einkommen jenseits des Salonstuhls Hand in\",\"inLanguage\":\"de-DE\",\"isPartOf\":{\"@id\":\"https:\\\/\\\/monatglobal.com\\\/de\\\/#website\"},\"breadcrumb\":{\"@id\":\"https:\\\/\\\/monatglobal.com\\\/de\\\/monat-stylist-program\\\/#breadcrumblist\"},\"image\":{\"@type\":\"ImageObject\",\"url\":\"https:\\\/\\\/monatglobal.com\\\/de\\\/wp-content\\\/uploads\\\/sites\\\/22\\\/2025\\\/10\\\/stylist-program-FT-IMG.jpg\",\"@id\":\"https:\\\/\\\/monatglobal.com\\\/de\\\/monat-stylist-program\\\/#mainImage\",\"width\":1200,\"height\":628},\"primaryImageOfPage\":{\"@id\":\"https:\\\/\\\/monatglobal.com\\\/de\\\/monat-stylist-program\\\/#mainImage\"},\"datePublished\":\"2025-10-02T21:10:35+00:00\",\"dateModified\":\"2025-10-11T15:57:27+00:00\"},{\"@type\":\"WebSite\",\"@id\":\"https:\\\/\\\/monatglobal.com\\\/de\\\/#website\",\"url\":\"https:\\\/\\\/monatglobal.com\\\/de\\\/\",\"name\":\"MONAT Germany\",\"description\":\"We Are Modern Nature\\u2122\",\"inLanguage\":\"de-DE\",\"publisher\":{\"@id\":\"https:\\\/\\\/monatglobal.com\\\/de\\\/#organization\"}}]}\n\t\t<\/script>\n\t\t<!-- All in One SEO Pro -->\r\n\t\t<title>MONAT Stylisten-Programm - MONAT Germany<\/title>\n\n","aioseo_head_json":{"title":"MONAT Stylisten-Programm - MONAT Germany","description":"--> Nach Deiner Anmeldung und Verifizierung erh\u00e4ltst Du exklusiven Zugang zu Originalgr\u00f6\u00dfen und dem Stylisten-Kit: JETZT TEILNEHMEN Werde Teil einer Bewegung, die die M\u00f6glichkeiten f\u00fcr Beauty-Profis neu definiert Werde Teil dieser exklusiven, einzigartigen Community vision\u00e4rer Stylisten, die Erfolg in der Beauty-Branche neu definieren - erlebe, wie Zusammenarbeit, Innovation und Einkommen jenseits des Salonstuhls Hand in","canonical_url":"https:\/\/monatglobal.com\/de\/monat-stylist-program\/","robots":"max-image-preview:large","keywords":"","webmasterTools":{"miscellaneous":""},"schema":{"@context":"https:\/\/schema.org","@graph":[{"@type":"BreadcrumbList","@id":"https:\/\/monatglobal.com\/de\/monat-stylist-program\/#breadcrumblist","itemListElement":[{"@type":"ListItem","@id":"https:\/\/monatglobal.com\/de#listItem","position":1,"name":"Home","item":"https:\/\/monatglobal.com\/de","nextItem":{"@type":"ListItem","@id":"https:\/\/monatglobal.com\/de\/monat-stylist-program\/#listItem","name":"MONAT Stylisten-Programm"}},{"@type":"ListItem","@id":"https:\/\/monatglobal.com\/de\/monat-stylist-program\/#listItem","position":2,"name":"MONAT Stylisten-Programm","previousItem":{"@type":"ListItem","@id":"https:\/\/monatglobal.com\/de#listItem","name":"Home"}}]},{"@type":"Organization","@id":"https:\/\/monatglobal.com\/de\/#organization","name":"MONAT Germany","description":"We Are Modern Nature\u2122","url":"https:\/\/monatglobal.com\/de\/"},{"@type":"WebPage","@id":"https:\/\/monatglobal.com\/de\/monat-stylist-program\/#webpage","url":"https:\/\/monatglobal.com\/de\/monat-stylist-program\/","name":"MONAT Stylisten-Programm - MONAT Germany","description":"--> Nach Deiner Anmeldung und Verifizierung erh\u00e4ltst Du exklusiven Zugang zu Originalgr\u00f6\u00dfen und dem Stylisten-Kit: JETZT TEILNEHMEN Werde Teil einer Bewegung, die die M\u00f6glichkeiten f\u00fcr Beauty-Profis neu definiert Werde Teil dieser exklusiven, einzigartigen Community vision\u00e4rer Stylisten, die Erfolg in der Beauty-Branche neu definieren - erlebe, wie Zusammenarbeit, Innovation und Einkommen jenseits des Salonstuhls Hand in","inLanguage":"de-DE","isPartOf":{"@id":"https:\/\/monatglobal.com\/de\/#website"},"breadcrumb":{"@id":"https:\/\/monatglobal.com\/de\/monat-stylist-program\/#breadcrumblist"},"image":{"@type":"ImageObject","url":"https:\/\/monatglobal.com\/de\/wp-content\/uploads\/sites\/22\/2025\/10\/stylist-program-FT-IMG.jpg","@id":"https:\/\/monatglobal.com\/de\/monat-stylist-program\/#mainImage","width":1200,"height":628},"primaryImageOfPage":{"@id":"https:\/\/monatglobal.com\/de\/monat-stylist-program\/#mainImage"},"datePublished":"2025-10-02T21:10:35+00:00","dateModified":"2025-10-11T15:57:27+00:00"},{"@type":"WebSite","@id":"https:\/\/monatglobal.com\/de\/#website","url":"https:\/\/monatglobal.com\/de\/","name":"MONAT Germany","description":"We Are Modern Nature\u2122","inLanguage":"de-DE","publisher":{"@id":"https:\/\/monatglobal.com\/de\/#organization"}}]},"og:locale":"de_DE","og:site_name":"MONAT Germany - We Are Modern Nature\u2122","og:type":"article","og:title":"MONAT Stylisten-Programm - MONAT Germany","og:description":"--&gt; Nach Deiner Anmeldung und Verifizierung erh\u00e4ltst Du exklusiven Zugang zu Originalgr\u00f6\u00dfen und dem Stylisten-Kit: JETZT TEILNEHMEN Werde Teil einer Bewegung, die die M\u00f6glichkeiten f\u00fcr Beauty-Profis neu definiert Werde Teil dieser exklusiven, einzigartigen Community vision\u00e4rer Stylisten, die Erfolg in der Beauty-Branche neu definieren - erlebe, wie Zusammenarbeit, Innovation und Einkommen jenseits des Salonstuhls Hand in","og:url":"https:\/\/monatglobal.com\/de\/monat-stylist-program\/","article:published_time":"2025-10-02T21:10:35+00:00","article:modified_time":"2025-10-11T15:57:27+00:00","twitter:card":"summary_large_image","twitter:title":"MONAT Stylisten-Programm - MONAT Germany","twitter:description":"--&gt; Nach Deiner Anmeldung und Verifizierung erh\u00e4ltst Du exklusiven Zugang zu Originalgr\u00f6\u00dfen und dem Stylisten-Kit: JETZT TEILNEHMEN Werde Teil einer Bewegung, die die M\u00f6glichkeiten f\u00fcr Beauty-Profis neu definiert Werde Teil dieser exklusiven, einzigartigen Community vision\u00e4rer Stylisten, die Erfolg in der Beauty-Branche neu definieren - erlebe, wie Zusammenarbeit, Innovation und Einkommen jenseits des Salonstuhls Hand in"},"aioseo_meta_data":{"post_id":"108538","title":null,"description":null,"keywords":null,"keyphrases":null,"primary_term":null,"canonical_url":null,"og_title":null,"og_description":null,"og_object_type":"default","og_image_type":"default","og_image_url":null,"og_image_width":null,"og_image_height":null,"og_image_custom_url":null,"og_image_custom_fields":null,"og_video":null,"og_custom_url":null,"og_article_section":null,"og_article_tags":null,"twitter_use_og":false,"twitter_card":"default","twitter_image_type":"default","twitter_image_url":null,"twitter_image_custom_url":null,"twitter_image_custom_fields":null,"twitter_title":null,"twitter_description":null,"schema":{"blockGraphs":[],"customGraphs":[],"default":{"data":{"Article":[],"Course":[],"Dataset":[],"FAQPage":[],"Movie":[],"Person":[],"Product":[],"ProductReview":[],"Car":[],"Recipe":[],"Service":[],"SoftwareApplication":[],"WebPage":[]},"graphName":"","isEnabled":true},"graphs":[]},"schema_type":"default","schema_type_options":null,"pillar_content":false,"robots_default":true,"robots_noindex":false,"robots_noarchive":false,"robots_nosnippet":false,"robots_nofollow":false,"robots_noimageindex":false,"robots_noodp":false,"robots_notranslate":false,"robots_max_snippet":null,"robots_max_videopreview":null,"robots_max_imagepreview":"large","priority":null,"frequency":null,"local_seo":null,"seo_analyzer_scan_date":null,"limit_modified_date":false,"reviewed_by":null,"ai":null,"created":"2026-02-09 20:22:10","updated":"2026-02-10 05:17:09"},"aioseo_breadcrumb":"<div class=\"aioseo-breadcrumbs\"><span class=\"aioseo-breadcrumb\">\n\t<a href=\"https:\/\/monatglobal.com\/de\" title=\"Home\">Home<\/a>\n<\/span><span class=\"aioseo-breadcrumb-separator\">\u00bb<\/span><span class=\"aioseo-breadcrumb\">\n\tMONAT Stylisten-Programm\n<\/span><\/div>","aioseo_breadcrumb_json":[{"label":"Home","link":"https:\/\/monatglobal.com\/de"},{"label":"MONAT Stylisten-Programm","link":"https:\/\/monatglobal.com\/de\/monat-stylist-program\/"}],"_links":{"self":[{"href":"https:\/\/monatglobal.com\/de\/wp-json\/wp\/v2\/pages\/108538","targetHints":{"allow":["GET"]}}],"collection":[{"href":"https:\/\/monatglobal.com\/de\/wp-json\/wp\/v2\/pages"}],"about":[{"href":"https:\/\/monatglobal.com\/de\/wp-json\/wp\/v2\/types\/page"}],"author":[{"embeddable":true,"href":"https:\/\/monatglobal.com\/de\/wp-json\/wp\/v2\/users\/47"}],"replies":[{"embeddable":true,"href":"https:\/\/monatglobal.com\/de\/wp-json\/wp\/v2\/comments?post=108538"}],"version-history":[{"count":7,"href":"https:\/\/monatglobal.com\/de\/wp-json\/wp\/v2\/pages\/108538\/revisions"}],"predecessor-version":[{"id":108610,"href":"https:\/\/monatglobal.com\/de\/wp-json\/wp\/v2\/pages\/108538\/revisions\/108610"}],"wp:featuredmedia":[{"embeddable":true,"href":"https:\/\/monatglobal.com\/de\/wp-json\/wp\/v2\/media\/108615"}],"wp:attachment":[{"href":"https:\/\/monatglobal.com\/de\/wp-json\/wp\/v2\/media?parent=108538"}],"wp:term":[{"taxonomy":"category","embeddable":true,"href":"https:\/\/monatglobal.com\/de\/wp-json\/wp\/v2\/categories?post=108538"},{"taxonomy":"post_tag","embeddable":true,"href":"https:\/\/monatglobal.com\/de\/wp-json\/wp\/v2\/tags?post=108538"}],"curies":[{"name":"wp","href":"https:\/\/api.w.org\/{rel}","templated":true}]}}