{"id":108450,"date":"2025-08-22T01:16:19","date_gmt":"2025-08-22T00:16:19","guid":{"rendered":"https:\/\/monatglobal.com\/it\/?page_id=108450"},"modified":"2026-03-02T16:18:33","modified_gmt":"2026-03-02T16:18:33","slug":"barrier-booster-moisturizer","status":"publish","type":"page","link":"https:\/\/monatglobal.com\/de\/barrier-booster-moisturizer\/","title":{"rendered":"MONAT Barrier Booster\u2122 Barriere Feuchtigkeitscreme"},"content":{"rendered":"\n\n\t<!--Title: MONAT Barrier Booster\u2122 Barriere Feuchtigkeitscreme I Feuchtigkeitspflege-->\n<!--Meta: Sch\u00fctze und pflege Deine Haut mit der MONAT Barrier Booster\u2122 Barriere Feuchtigkeitscreme. Sie st\u00e4rkt die Hautbarriere und sorgt so f\u00fcr ein ausgeglichenes, gesundes Hautbild.-->\n<link rel=\"stylesheet\" href=\"https:\/\/monatglobal.com\/wp-content\/creative_css\/product_styles_sheet.css\" \/>\n   <!--==================================================== ECOMM SECTION ====================================================-->\n       NEU\n      <!--==================================================== Ecomm image ====================================================-->\n                <!--Ecomm Image-->\n              <img decoding=\"async\" alt=\"picture of MONAT Barrier Booster\u2122 Barrier Defense Moisturizer\" src=\"https:\/\/monatglobal.com\/wp-content\/uploads\/2025\/08\/BARRIER-DEFENSE-MOISTURIZER-comfort-serum-ECOMM-2025-min.png\" loading=\"lazy\"\/>\n              <!--Ecomm Image-->\n            <!--before and after front-->\n              <img decoding=\"async\" alt=\"Smiling woman with pulled-back hair applying MONAT Barrier Booster\u2122 Barrier Defense Moisturizer to her cheek.\" src=\"https:\/\/monatglobal.com\/wp-content\/uploads\/2025\/08\/MONAT-Barrier-Booster-Niacinamide-Glow-Serum-model-ecomm-close-up-min.jpg\" loading=\"lazy\"\/>\n              \n            <!--before and after front-->\n            <!--before and after back-->\n              <img decoding=\"async\" alt=\"Open jar of MONAT Barrier Booster\u2122 Barrier Defense Moisturizer showing creamy texture, placed on a pastel pink background.\" src=\"https:\/\/monatglobal.com\/wp-content\/uploads\/2025\/08\/MONAT-Barrier-Booster-Niacinamide-Glow-Serum-product-texture-ecomm-close-up-min.jpg\" loading=\"lazy\"\/>\n              \n            <!--before and after back-->\n              <img decoding=\"async\" alt=\"Video thumbnail of woman applying MONAT Barrier Booster\u2122 Barrier Defense Moisturizer to her cheek.\" src=\"https:\/\/monatglobal.com\/wp-content\/uploads\/2025\/08\/MONAT-Barrier-Booster-Niacinamide-Glow-Serum-model-ecomm-close-up-2-min.jpg\" loading=\"lazy\"\/>\n                      <!--Ecomm Image-->\n                    <img decoding=\"async\" alt=\"picture of MONAT Barrier Booster\u2122 Barrier Defense Moisturizer\" src=\"https:\/\/monatglobal.com\/wp-content\/uploads\/2025\/08\/BARRIER-DEFENSE-MOISTURIZER-comfort-serum-ECOMM-2025-min.png\" data-lbxp=\"\" loading=\"lazy\"\/>\n                    <!--Ecomm Image-->\n                  <!--before and after front-->\n                    <img decoding=\"async\" alt=\"Smiling woman with pulled-back hair applying MONAT Barrier Booster\u2122 Barrier Defense Moisturizer to her cheek.\" src=\"https:\/\/monatglobal.com\/wp-content\/uploads\/2025\/08\/MONAT-Barrier-Booster-Niacinamide-Glow-Serum-model-ecomm-close-up-min.jpg\" data-lbxp=\"\" loading=\"lazy\"\/>\n                  <!--before and after front-->\n                  <!--before and after back-->\n                    <img decoding=\"async\" alt=\"Open jar of MONAT Barrier Booster\u2122 Barrier Defense Moisturizer showing creamy texture, placed on a pastel pink background.\" src=\"https:\/\/monatglobal.com\/wp-content\/uploads\/2025\/08\/MONAT-Barrier-Booster-Niacinamide-Glow-Serum-product-texture-ecomm-close-up-min.jpg\" data-lbxp=\"\" loading=\"lazy\"\/>\n                  <!--before and after back-->\n                    <img decoding=\"async\" alt=\"Video thumbnail of woman applying MONAT Barrier Booster\u2122 Barrier Defense Moisturizer to her cheek.\" src=\"https:\/\/monatglobal.com\/wp-content\/uploads\/2025\/08\/MONAT-Barrier-Booster-Niacinamide-Glow-Serum-model-ecomm-close-up-2-min.jpg\" loading=\"lazy\"\/>\n      <!--==================================================== Ecomm information  ====================================================-->\n         \n         NEU\n         <p>MONAT<\/p>\n         <h1> Barrier Booster\u2122 <br \/> Barriere Feuchtigkeitscreme<\/h1> \n         <!--<p>Frizz-Reducing Moisturizing Leave-In Styler<\/p>   -->\n         <p>Pflegt und st\u00e4rkt Deine Hautbarriere f\u00fcr gesunde Haut. <\/p> \n         <p> 50 ml e 1.7 fl. oz.<\/p>\n      <!--==================================================== pricing box  ====================================================-->   \n               <p>Einzelhandelspreis<br \/>00.00 \u20ac<\/p>\n               <p>Preis f\u00fcr VIP-Kunden<br \/>00.00 \u20ac<\/p>\n      <!--==================================================== pricing box  ====================================================-->     \n         <p>Um mehr \u00fcber MONAT Barrier Booster\u2122 Barriere Feuchtigkeitscreme zu erfahren, wende Dich bitte an Deinen MONAT&nbsp;Markenpartner.<\/p>\n          <a href=\"\" target=\"_blank\" role=\"button\" aria-label=\"\" rel=\"noopener\"><\/a>\n   <!--==================================================== \/ECOMM SECTION  ====================================================--> \n   <!--==================================================== Benefits image ====================================================-->\n  \n    <source media=\"(max-width: 700px)\" srcset=\"https:\/\/monatglobal.com\/wp-content\/uploads\/2025\/08\/MONAT-Barrier-Booster-Niacinamide-Glow-Serum-model-benefits-mobile-min.jpg\" loading=\"lazy\"\/>\n      <img decoding=\"async\" src=\"https:\/\/monatglobal.com\/wp-content\/uploads\/2025\/08\/MONAT-Barrier-Booster-Niacinamide-Glow-Serum-model-benefits-desktop-min.jpg\" \n      alt=\"Smiling woman with pulled-back hair applying MONAT Barrier Booster\u2122 Barrier Defense Moisturizer to her cheek.\" loading=\"lazy\"\/>\n    \n   <!--==================================================== Benefits text ====================================================-->\n         <h2>VORTEILE<\/h2>\n         <h3>Deine Hautbarriere ist Dein Schutzschild. Wenn sie durch t\u00e4gliche Stressfaktoren geschw\u00e4cht wird, kann das zu Trockenheit, verstopften Poren und empfindlicher Haut f\u00fchren.<\/h3> \n         <p><strong> MONAT Barrier Booster\u2122 Barriere Feuchtigkeitscreme<\/strong> kommt Deiner Haut zur Hilfe:  <br \/> Sie versorgt Deine Haut mit Feuchtigkeit, st\u00e4rkt ihre nat\u00fcrliche Schutzfunktion und schenkt Dir ein strahlendes Hautbild.<\/p>\n         \n         <!--==================================================== features image  ====================================================-->\n         <img decoding=\"async\" alt=\"Close-up of MONAT Barrier Booster\u2122 Barrier Defense Moisturizer jar on a light pink surface.\" src=\"https:\/\/monatglobal.com\/wp-content\/uploads\/2025\/08\/MONAT-Barrier-Booster-Niacinamide-Glow-Serum-model-features-min.jpg\" loading=\"lazy\"\/>\n      <!--==================================================== features text ====================================================-->\n            <h3>Eigenschaften<\/h3>  \n               <p>\/ 99 % nat\u00fcrliche Inhaltsstoffe <\/p>\n               <p>\/ St\u00e4rkt die Hautbarriere<\/p>\n               <p>\/ Spendet langanhaltende Feuchtigkeit <\/p>\n               <p>\/ Verleiht einen gesunden, frischen Glow <\/p>\n               <p>\/ F\u00fcr alle Hauttypen geeignet &#8211; auch bei empfindlicher Haut<\/p>\n            \n            *Based on a 24-hour instrumental test with 22 participants measuring skin moisturization after product application. Performed by a third-party laboratory.  \n\n<br \/>\n            <p>Duft \/ Duftfrei <\/p>\n            <p> Textur \/ Pflegende Creme<\/p> \n   <!--==================================================== composition image mobile ====================================================-->\n   <img decoding=\"async\" alt=\"MONAT Barrier Booster\u2122 Barrier Defense Moisturizer jar with packaging shown in multiple angles.\" src=\"https:\/\/monatglobal.com\/wp-content\/uploads\/2025\/08\/MONAT-Barrier-Booster-Niacinamide-Glow-Serum-compositon-min.jpg\" loading=\"lazy\"\/>\n   <!--==================================================== Why it works text ====================================================-->\n      <h2>Peptidschutz f\u00fcr Glass-Skin.<\/h2>\n      <h3>Mit klinisch getesteten Wirkstoffen wie Peptiden, Ceramiden und Squalan st\u00e4rkt diese hautfreundliche Creme die Hautbarriere und bindet wertvolle Feuchtigkeit &#8211; f\u00fcr weiche, glatte und strahlende Haut.<\/h3>\n<!--==================================================== Composition section ====================================================-->\n      <img decoding=\"async\" alt=\"MONAT Barrier Booster\u2122 Barrier Defense Moisturizer jar with packaging shown in multiple angles.\" src=\"https:\/\/monatglobal.com\/wp-content\/uploads\/2025\/08\/MONAT-Barrier-Booster-Niacinamide-Glow-Serum-compositon-min.jpg\" loading=\"lazy\"\/>\n      <img decoding=\"async\" alt=\"Smiling woman holding MONAT Barrier Booster\u2122 Barrier Defense Moisturizer jar near her cheek.\" \n      src=\"https:\/\/monatglobal.com\/wp-content\/uploads\/2025\/08\/MONAT-Barrier-Booster-Niacinamide-Glow-Serum-model-composition-min.jpg\" loading=\"lazy\"\/>\n            <!--==================================================== Directions text ====================================================--> \n               <h3>Anwendung<\/h3>\n                    <p>\/ Morgens und abends, nach dem MONAT-Serum, auf Gesicht und Hals auftragen.<\/p>\n            <!--==================================================== Directions video ====================================================-->\n        <p>MONAT Barrier Booster\u2122 <br \/> Barriere Feuchtigkeitscreme <br \/>0:38<\/p>\n      <a href=\"\" target=\"_blank\" role=\"button\" aria-label=\"\" rel=\"noopener\"><\/a>\n   <!--==================================================== Ingredients section  ====================================================-->\n      <h2>Wichtige Inhaltsstoffe<\/h2>\n          <img decoding=\"async\" src=\"https:\/\/monatglobal.com\/wp-content\/uploads\/2025\/08\/Pineapple-Fruit-Crown.svg\" alt=\"icon of Fermentierte Ananas-Krone\"\/> \n      <p>Fermentierte Ananas-Krone <\/p>\n              <img decoding=\"async\" src=\"https:\/\/monatglobal.com\/wp-content\/uploads\/2025\/08\/Ceramides-Complex.svg\" alt=\"icon of Ceramid-Komplex\"\/>\n      <p>Ceramid-Komplex<\/p>\n           <img decoding=\"async\" src=\"https:\/\/monatglobal.com\/wp-content\/uploads\/2025\/08\/Peptide-Blend.svg\" alt=\"icon of Peptid-Komplex\"\/>\n      <p>Peptid-Komplex<\/p>\n            <img decoding=\"async\" src=\"https:\/\/monatglobal.com\/wp-content\/uploads\/2025\/08\/Plant-derived-squalane.svg\" alt=\"icon of Squalan\"\/> \n      <p>Squalan<\/p>\n        <button id=\"myBtn\" type=\"button\">Alle Inhaltsstoffe ansehen<\/button>\n      <!--==================================================== Modal content  ====================================================-->\n         &times;\n         Aqua\/Water\/Eau, Propanediol, Coco-Caprylate\/Caprate, Glycerin, Squalane, Ceramide NP, Ceramide AP, Ceramide EOP, Tripeptide-29, Hexapeptide-11, Lactobacillus Ferment, Sodium Hydroxide, Saccharomyces\/Hydrolyzed Pineapple Fruit Crown Extract Ferment Filtrate, Xanthan Gum, Sorbitan Isostearate, 1,2-Hexanediol, Hydroxyacetophenone, Polyglyceryl-10 Stearate, Triethyl Citrate, Polyglyceryl-6 Behenate, Phytosphingosine, Cholesterol, Behenic Acid, Cetearyl Alcohol, Glyceryl Stearate, Sodium Levulinate, Citric Acid, Acrylates\/C10-30 Alkyl Acrylate Crosspolymer, Hydroxyethyl Acrylate\/Sodium Acryloyldimethyl Taurate Copolymer, Butylene Glycol,\nCaprylyl Glycol, Pentylene Glycol, Ethylhexylglycerin, Chlorphenesin.\n   <!--==================================================== You might also like section ====================================================-->\n      <h2>DAS K\u00d6NNTE DIR AUCH GEFALLEN<\/h2>\n      <!--==================================================== Slider YOU MIGHT ALSO LIKE ====================================================-->\n         <!--==================================================== If we need navigation buttons  ====================================================-->\n         <!--==================================================== If we need paginations  ====================================================-->\n    <a href=\"\" aria-label=\"\"><\/a>\n\n","protected":false},"excerpt":{"rendered":"<p>NEU NEU MONAT Barrier Booster\u2122 Barriere Feuchtigkeitscreme Pflegt und st\u00e4rkt Deine Hautbarriere f\u00fcr gesunde Haut. 50 ml e 1.7 fl. oz. Einzelhandelspreis00.00 \u20ac Preis f\u00fcr VIP-Kunden00.00 \u20ac Um mehr \u00fcber MONAT Barrier Booster\u2122 Barriere Feuchtigkeitscreme zu erfahren, wende Dich bitte an Deinen MONAT&nbsp;Markenpartner. VORTEILE Deine Hautbarriere ist Dein Schutzschild. Wenn sie durch t\u00e4gliche Stressfaktoren geschw\u00e4cht&hellip;<\/p>\n","protected":false},"author":57,"featured_media":108618,"parent":0,"menu_order":0,"comment_status":"closed","ping_status":"closed","template":"","meta":{"inline_featured_image":false,"om_disable_all_campaigns":false,"footnotes":""},"categories":[17],"tags":[],"class_list":["post-108450","page","type-page","status-publish","has-post-thumbnail","hentry","category-product-de"],"aioseo_notices":[],"aioseo_head":"\n\t\t<!-- All in One SEO Pro 4.9.5.2 - aioseo.com -->\n\t<meta name=\"description\" content=\"Sch\u00fctze und pflege Deine Haut mit der MONAT Barrier Booster\u2122 Barriere Feuchtigkeitscreme. Sie st\u00e4rkt die Hautbarriere und sorgt so f\u00fcr ein ausgeglichenes, gesundes Hautbild.\" \/>\n\t<meta name=\"robots\" content=\"max-image-preview:large\" \/>\n\t<link rel=\"canonical\" href=\"https:\/\/monatglobal.com\/de\/barrier-booster-moisturizer\/\" \/>\n\t<meta name=\"generator\" content=\"All in One SEO Pro (AIOSEO) 4.9.5.2\" \/>\n\t\t<meta property=\"og:locale\" content=\"de_DE\" \/>\n\t\t<meta property=\"og:site_name\" content=\"MONAT Germany - We Are Modern Nature\u2122\" \/>\n\t\t<meta property=\"og:type\" content=\"article\" \/>\n\t\t<meta property=\"og:title\" content=\"MONAT Barrier Booster\u2122 Barriere Feuchtigkeitscreme I Feuchtigkeitspflege\" \/>\n\t\t<meta property=\"og:description\" content=\"Sch\u00fctze und pflege Deine Haut mit der MONAT Barrier Booster\u2122 Barriere Feuchtigkeitscreme. Sie st\u00e4rkt die Hautbarriere und sorgt so f\u00fcr ein ausgeglichenes, gesundes Hautbild.\" \/>\n\t\t<meta property=\"og:url\" content=\"https:\/\/monatglobal.com\/de\/barrier-booster-moisturizer\/\" \/>\n\t\t<meta property=\"article:published_time\" content=\"2025-08-22T00:16:19+00:00\" \/>\n\t\t<meta property=\"article:modified_time\" content=\"2026-03-02T16:18:33+00:00\" \/>\n\t\t<meta name=\"twitter:card\" content=\"summary_large_image\" \/>\n\t\t<meta name=\"twitter:title\" content=\"MONAT Barrier Booster\u2122 Barriere Feuchtigkeitscreme I Feuchtigkeitspflege\" \/>\n\t\t<meta name=\"twitter:description\" content=\"Sch\u00fctze und pflege Deine Haut mit der MONAT Barrier Booster\u2122 Barriere Feuchtigkeitscreme. Sie st\u00e4rkt die Hautbarriere und sorgt so f\u00fcr ein ausgeglichenes, gesundes Hautbild.\" \/>\n\t\t<script type=\"application\/ld+json\" class=\"aioseo-schema\">\n\t\t\t{\"@context\":\"https:\\\/\\\/schema.org\",\"@graph\":[{\"@type\":\"BreadcrumbList\",\"@id\":\"https:\\\/\\\/monatglobal.com\\\/de\\\/barrier-booster-moisturizer\\\/#breadcrumblist\",\"itemListElement\":[{\"@type\":\"ListItem\",\"@id\":\"https:\\\/\\\/monatglobal.com\\\/de#listItem\",\"position\":1,\"name\":\"Home\",\"item\":\"https:\\\/\\\/monatglobal.com\\\/de\",\"nextItem\":{\"@type\":\"ListItem\",\"@id\":\"https:\\\/\\\/monatglobal.com\\\/de\\\/barrier-booster-moisturizer\\\/#listItem\",\"name\":\"MONAT Barrier Booster\\u2122 Barriere Feuchtigkeitscreme\"}},{\"@type\":\"ListItem\",\"@id\":\"https:\\\/\\\/monatglobal.com\\\/de\\\/barrier-booster-moisturizer\\\/#listItem\",\"position\":2,\"name\":\"MONAT Barrier Booster\\u2122 Barriere Feuchtigkeitscreme\",\"previousItem\":{\"@type\":\"ListItem\",\"@id\":\"https:\\\/\\\/monatglobal.com\\\/de#listItem\",\"name\":\"Home\"}}]},{\"@type\":\"Organization\",\"@id\":\"https:\\\/\\\/monatglobal.com\\\/de\\\/#organization\",\"name\":\"MONAT Germany\",\"description\":\"We Are Modern Nature\\u2122\",\"url\":\"https:\\\/\\\/monatglobal.com\\\/de\\\/\"},{\"@type\":\"WebPage\",\"@id\":\"https:\\\/\\\/monatglobal.com\\\/de\\\/barrier-booster-moisturizer\\\/#webpage\",\"url\":\"https:\\\/\\\/monatglobal.com\\\/de\\\/barrier-booster-moisturizer\\\/\",\"name\":\"MONAT Barrier Booster\\u2122 Barriere Feuchtigkeitscreme I Feuchtigkeitspflege\",\"description\":\"Sch\\u00fctze und pflege Deine Haut mit der MONAT Barrier Booster\\u2122 Barriere Feuchtigkeitscreme. Sie st\\u00e4rkt die Hautbarriere und sorgt so f\\u00fcr ein ausgeglichenes, gesundes Hautbild.\",\"inLanguage\":\"de-DE\",\"isPartOf\":{\"@id\":\"https:\\\/\\\/monatglobal.com\\\/de\\\/#website\"},\"breadcrumb\":{\"@id\":\"https:\\\/\\\/monatglobal.com\\\/de\\\/barrier-booster-moisturizer\\\/#breadcrumblist\"},\"image\":{\"@type\":\"ImageObject\",\"url\":\"https:\\\/\\\/monatglobal.com\\\/de\\\/wp-content\\\/uploads\\\/sites\\\/22\\\/2025\\\/10\\\/BARRIER-DEFENSE-MOISTURIZER-comfort-serum-ECOMM-2025-min.png\",\"@id\":\"https:\\\/\\\/monatglobal.com\\\/de\\\/barrier-booster-moisturizer\\\/#mainImage\",\"width\":641,\"height\":800},\"primaryImageOfPage\":{\"@id\":\"https:\\\/\\\/monatglobal.com\\\/de\\\/barrier-booster-moisturizer\\\/#mainImage\"},\"datePublished\":\"2025-08-22T01:16:19+00:00\",\"dateModified\":\"2026-03-02T16:18:33+00:00\"},{\"@type\":\"WebSite\",\"@id\":\"https:\\\/\\\/monatglobal.com\\\/de\\\/#website\",\"url\":\"https:\\\/\\\/monatglobal.com\\\/de\\\/\",\"name\":\"MONAT Germany\",\"description\":\"We Are Modern Nature\\u2122\",\"inLanguage\":\"de-DE\",\"publisher\":{\"@id\":\"https:\\\/\\\/monatglobal.com\\\/de\\\/#organization\"}}]}\n\t\t<\/script>\n\t\t<!-- All in One SEO Pro -->\r\n\t\t<title>MONAT Barrier Booster\u2122 Barriere Feuchtigkeitscreme I Feuchtigkeitspflege<\/title>\n\n","aioseo_head_json":{"title":"MONAT Barrier Booster\u2122 Barriere Feuchtigkeitscreme I Feuchtigkeitspflege","description":"Sch\u00fctze und pflege Deine Haut mit der MONAT Barrier Booster\u2122 Barriere Feuchtigkeitscreme. Sie st\u00e4rkt die Hautbarriere und sorgt so f\u00fcr ein ausgeglichenes, gesundes Hautbild.","canonical_url":"https:\/\/monatglobal.com\/de\/barrier-booster-moisturizer\/","robots":"max-image-preview:large","keywords":"","webmasterTools":{"miscellaneous":""},"schema":{"@context":"https:\/\/schema.org","@graph":[{"@type":"BreadcrumbList","@id":"https:\/\/monatglobal.com\/de\/barrier-booster-moisturizer\/#breadcrumblist","itemListElement":[{"@type":"ListItem","@id":"https:\/\/monatglobal.com\/de#listItem","position":1,"name":"Home","item":"https:\/\/monatglobal.com\/de","nextItem":{"@type":"ListItem","@id":"https:\/\/monatglobal.com\/de\/barrier-booster-moisturizer\/#listItem","name":"MONAT Barrier Booster\u2122 Barriere Feuchtigkeitscreme"}},{"@type":"ListItem","@id":"https:\/\/monatglobal.com\/de\/barrier-booster-moisturizer\/#listItem","position":2,"name":"MONAT Barrier Booster\u2122 Barriere Feuchtigkeitscreme","previousItem":{"@type":"ListItem","@id":"https:\/\/monatglobal.com\/de#listItem","name":"Home"}}]},{"@type":"Organization","@id":"https:\/\/monatglobal.com\/de\/#organization","name":"MONAT Germany","description":"We Are Modern Nature\u2122","url":"https:\/\/monatglobal.com\/de\/"},{"@type":"WebPage","@id":"https:\/\/monatglobal.com\/de\/barrier-booster-moisturizer\/#webpage","url":"https:\/\/monatglobal.com\/de\/barrier-booster-moisturizer\/","name":"MONAT Barrier Booster\u2122 Barriere Feuchtigkeitscreme I Feuchtigkeitspflege","description":"Sch\u00fctze und pflege Deine Haut mit der MONAT Barrier Booster\u2122 Barriere Feuchtigkeitscreme. Sie st\u00e4rkt die Hautbarriere und sorgt so f\u00fcr ein ausgeglichenes, gesundes Hautbild.","inLanguage":"de-DE","isPartOf":{"@id":"https:\/\/monatglobal.com\/de\/#website"},"breadcrumb":{"@id":"https:\/\/monatglobal.com\/de\/barrier-booster-moisturizer\/#breadcrumblist"},"image":{"@type":"ImageObject","url":"https:\/\/monatglobal.com\/de\/wp-content\/uploads\/sites\/22\/2025\/10\/BARRIER-DEFENSE-MOISTURIZER-comfort-serum-ECOMM-2025-min.png","@id":"https:\/\/monatglobal.com\/de\/barrier-booster-moisturizer\/#mainImage","width":641,"height":800},"primaryImageOfPage":{"@id":"https:\/\/monatglobal.com\/de\/barrier-booster-moisturizer\/#mainImage"},"datePublished":"2025-08-22T01:16:19+00:00","dateModified":"2026-03-02T16:18:33+00:00"},{"@type":"WebSite","@id":"https:\/\/monatglobal.com\/de\/#website","url":"https:\/\/monatglobal.com\/de\/","name":"MONAT Germany","description":"We Are Modern Nature\u2122","inLanguage":"de-DE","publisher":{"@id":"https:\/\/monatglobal.com\/de\/#organization"}}]},"og:locale":"de_DE","og:site_name":"MONAT Germany - We Are Modern Nature\u2122","og:type":"article","og:title":"MONAT Barrier Booster\u2122 Barriere Feuchtigkeitscreme I Feuchtigkeitspflege","og:description":"Sch\u00fctze und pflege Deine Haut mit der MONAT Barrier Booster\u2122 Barriere Feuchtigkeitscreme. Sie st\u00e4rkt die Hautbarriere und sorgt so f\u00fcr ein ausgeglichenes, gesundes Hautbild.","og:url":"https:\/\/monatglobal.com\/de\/barrier-booster-moisturizer\/","article:published_time":"2025-08-22T00:16:19+00:00","article:modified_time":"2026-03-02T16:18:33+00:00","twitter:card":"summary_large_image","twitter:title":"MONAT Barrier Booster\u2122 Barriere Feuchtigkeitscreme I Feuchtigkeitspflege","twitter:description":"Sch\u00fctze und pflege Deine Haut mit der MONAT Barrier Booster\u2122 Barriere Feuchtigkeitscreme. Sie st\u00e4rkt die Hautbarriere und sorgt so f\u00fcr ein ausgeglichenes, gesundes Hautbild."},"aioseo_meta_data":{"post_id":"108450","title":"MONAT Barrier Booster\u2122 Barriere Feuchtigkeitscreme I Feuchtigkeitspflege","description":"Sch\u00fctze und pflege Deine Haut mit der MONAT Barrier Booster\u2122 Barriere Feuchtigkeitscreme. Sie st\u00e4rkt die Hautbarriere und sorgt so f\u00fcr ein ausgeglichenes, gesundes Hautbild.","keywords":null,"keyphrases":{"focus":{"keyphrase":"","score":0,"analysis":{"keyphraseInTitle":{"score":0,"maxScore":9,"error":1}}},"additional":[]},"primary_term":null,"canonical_url":null,"og_title":null,"og_description":null,"og_object_type":"default","og_image_type":"default","og_image_url":null,"og_image_width":null,"og_image_height":null,"og_image_custom_url":null,"og_image_custom_fields":null,"og_video":"","og_custom_url":null,"og_article_section":null,"og_article_tags":null,"twitter_use_og":false,"twitter_card":"default","twitter_image_type":"default","twitter_image_url":null,"twitter_image_custom_url":null,"twitter_image_custom_fields":null,"twitter_title":null,"twitter_description":null,"schema":{"blockGraphs":[],"customGraphs":[],"default":{"data":{"Article":[],"Course":[],"Dataset":[],"FAQPage":[],"Movie":[],"Person":[],"Product":[],"ProductReview":[],"Car":[],"Recipe":[],"Service":[],"SoftwareApplication":[],"WebPage":[]},"graphName":"WebPage","isEnabled":true},"graphs":[]},"schema_type":"default","schema_type_options":null,"pillar_content":false,"robots_default":true,"robots_noindex":false,"robots_noarchive":false,"robots_nosnippet":false,"robots_nofollow":false,"robots_noimageindex":false,"robots_noodp":false,"robots_notranslate":false,"robots_max_snippet":"-1","robots_max_videopreview":"-1","robots_max_imagepreview":"large","priority":null,"frequency":"default","local_seo":null,"seo_analyzer_scan_date":null,"limit_modified_date":false,"reviewed_by":"0","ai":{"faqs":[],"keyPoints":[],"titles":[],"descriptions":[],"socialPosts":{"email":[],"linkedin":[],"twitter":[],"facebook":[],"instagram":[]}},"created":"2025-09-09 21:56:25","updated":"2026-03-02 16:19:44"},"aioseo_breadcrumb":"<div class=\"aioseo-breadcrumbs\"><span class=\"aioseo-breadcrumb\">\n\t<a href=\"https:\/\/monatglobal.com\/de\" title=\"Home\">Home<\/a>\n<\/span><span class=\"aioseo-breadcrumb-separator\">\u00bb<\/span><span class=\"aioseo-breadcrumb\">\n\tMONAT Barrier Booster\u2122 Barriere Feuchtigkeitscreme\n<\/span><\/div>","aioseo_breadcrumb_json":[{"label":"Home","link":"https:\/\/monatglobal.com\/de"},{"label":"MONAT Barrier Booster\u2122 Barriere Feuchtigkeitscreme","link":"https:\/\/monatglobal.com\/de\/barrier-booster-moisturizer\/"}],"_links":{"self":[{"href":"https:\/\/monatglobal.com\/de\/wp-json\/wp\/v2\/pages\/108450","targetHints":{"allow":["GET"]}}],"collection":[{"href":"https:\/\/monatglobal.com\/de\/wp-json\/wp\/v2\/pages"}],"about":[{"href":"https:\/\/monatglobal.com\/de\/wp-json\/wp\/v2\/types\/page"}],"author":[{"embeddable":true,"href":"https:\/\/monatglobal.com\/de\/wp-json\/wp\/v2\/users\/57"}],"replies":[{"embeddable":true,"href":"https:\/\/monatglobal.com\/de\/wp-json\/wp\/v2\/comments?post=108450"}],"version-history":[{"count":25,"href":"https:\/\/monatglobal.com\/de\/wp-json\/wp\/v2\/pages\/108450\/revisions"}],"predecessor-version":[{"id":109377,"href":"https:\/\/monatglobal.com\/de\/wp-json\/wp\/v2\/pages\/108450\/revisions\/109377"}],"wp:featuredmedia":[{"embeddable":true,"href":"https:\/\/monatglobal.com\/de\/wp-json\/wp\/v2\/media\/108618"}],"wp:attachment":[{"href":"https:\/\/monatglobal.com\/de\/wp-json\/wp\/v2\/media?parent=108450"}],"wp:term":[{"taxonomy":"category","embeddable":true,"href":"https:\/\/monatglobal.com\/de\/wp-json\/wp\/v2\/categories?post=108450"},{"taxonomy":"post_tag","embeddable":true,"href":"https:\/\/monatglobal.com\/de\/wp-json\/wp\/v2\/tags?post=108450"}],"curies":[{"name":"wp","href":"https:\/\/api.w.org\/{rel}","templated":true}]}}