{"id":108447,"date":"2025-08-22T01:14:50","date_gmt":"2025-08-22T00:14:50","guid":{"rendered":"https:\/\/monatglobal.com\/it\/?page_id=108447"},"modified":"2026-03-02T16:24:33","modified_gmt":"2026-03-02T16:24:33","slug":"barrier-booster-serum","status":"publish","type":"page","link":"https:\/\/monatglobal.com\/de\/barrier-booster-serum\/","title":{"rendered":"MONAT Barrier Booster\u2122 Niacinamid Glow-Serum"},"content":{"rendered":"\n<!--Title: MONAT Barrier Booster\u2122 Niacinamid Glow-Serum | Verfeinert Poren-->\n<!--Meta: St\u00e4rke Deine Hautbarriere mit dem MONAT Barrier Booster\u2122 Niacinamid Glow-Serum. Spendet Feuchtigkeit, reduziert R\u00f6tungen und verfeinert Poren f\u00fcr einen strahlenden Teint.-->\n<link rel=\"stylesheet\" href=\"https:\/\/monatglobal.com\/wp-content\/creative_css\/product_styles_sheet.css\">\n   <!--==================================================== ECOMM SECTION ====================================================-->\n       NEU\n      <!--==================================================== Ecomm image ====================================================-->\n                <!--Ecomm Image-->\n              <img decoding=\"async\" alt=\"Tube MONAT Barrier Booster\u2122 Niacinamide Glow Serum\" src=\"https:\/\/monatglobal.com\/wp-content\/uploads\/2025\/08\/10-NIACINAMIDE-GLOW-ECOMM-2025-min.png\" loading=\"lazy\">\n              <!--Ecomm Image-->\n            <!--before and after front-->\n              <img decoding=\"async\" alt=\"Smiling woman with curly hair holding MONAT Barrier Booster\u2122 Niacinamide Glow Serum dropper bottle near her face.\" src=\"https:\/\/monatglobal.com\/wp-content\/uploads\/2025\/08\/MONAT-Barrier-Booster-Niacinamide-Glow-Serum-model-ecomm-close-up-min-1.jpg\" loading=\"lazy\">\n              \n            <!--before and after front-->\n            <!--before and after back-->\n              <img decoding=\"async\" alt=\"Close-up of MONAT Barrier Booster\u2122 Niacinamide Glow Serum bottle on a light pink surface.\" src=\"https:\/\/monatglobal.com\/wp-content\/uploads\/2025\/08\/MONAT-Barrier-Booster-Barrier-Niacinamide-Glow-Serum-ecomm-prodcut-close-up-min.jpg\" loading=\"lazy\">\n              \n            <!--before and after back-->\n              <img decoding=\"async\" alt=\"Smiling woman with curly hair applying MONAT Barrier Booster\u2122 Niacinamide Glow Serum with a dropper.\" src=\"https:\/\/monatglobal.com\/wp-content\/uploads\/2025\/08\/MONAT-Barrier-Booster\u2122-Niacinamide-Glow-Serum-ecomm-model-close-up-2-min.jpg\" loading=\"lazy\">\n                      <!--Ecomm Image-->\n                    <img decoding=\"async\" alt=\"Tube MONAT Barrier Booster\u2122 Niacinamide Glow Serum\" src=\"https:\/\/monatglobal.com\/wp-content\/uploads\/2025\/08\/10-NIACINAMIDE-GLOW-ECOMM-2025-min.png\" data-lbxp=\"\" loading=\"lazy\">\n                    <!--Ecomm Image-->\n                  <!--before and after front-->\n                    <img decoding=\"async\" alt=\"Smiling woman with curly hair holding MONAT Barrier Booster\u2122 Niacinamide Glow Serum dropper bottle near her face.\" src=\"https:\/\/monatglobal.com\/wp-content\/uploads\/2025\/08\/MONAT-Barrier-Booster-Niacinamide-Glow-Serum-model-ecomm-close-up-min-1.jpg\" data-lbxp=\"\" loading=\"lazy\">\n                  <!--before and after front-->\n                  <!--before and after back-->\n                    <img decoding=\"async\" alt=\"Close-up of MONAT Barrier Booster\u2122 Niacinamide Glow Serum bottle on a light pink surface.\" src=\"https:\/\/monatglobal.com\/wp-content\/uploads\/2025\/08\/MONAT-Barrier-Booster-Barrier-Niacinamide-Glow-Serum-ecomm-prodcut-close-up-min.jpg\" data-lbxp=\"\" loading=\"lazy\">\n                  <!--before and after back-->\n                    <img decoding=\"async\" alt=\"Smiling woman with curly hair applying MONAT Barrier Booster\u2122 Niacinamide Glow Serum with a dropper.\" src=\"https:\/\/monatglobal.com\/wp-content\/uploads\/2025\/08\/MONAT-Barrier-Booster\u2122-Niacinamide-Glow-Serum-ecomm-model-close-up-2-min.jpg\" loading=\"lazy\">\n      <!--==================================================== Ecomm information  ====================================================-->\n         \n         NEU\n         <p>MONAT<\/p>\n         <h1> Barrier Booster\u2122 <br> Niacinamid Glow-Serum<\/h1>\n         <p>Hilft, das Erscheinungsbild von Poren und R\u00f6tungen zu minimieren, w\u00e4hrend die Haut mit Feuchtigkeit versorgt wird&nbsp;&#8211; f\u00fcr einen strahlenden Teint.<\/p> \n         <p>30 ml e 1 fl. oz.<\/p> \n      <!--==================================================== pricing box  ====================================================-->   \n               <p>Einzelhandelspreis<br>00.00 \u20ac<\/p>\n               <p>Preis f\u00fcr VIP-Kunden<br>00.00 \u20ac<\/p>\n      <!--==================================================== pricing box  ====================================================-->     \n         <p>Um mehr \u00fcber  MONAT Barrier Booster\u2122 Niacinamid Glow-Serum zu erfahren, wende Dich bitte an Deinen MONAT&nbsp;Markenpartner.<\/p>\n          <a href=\"\" target=\"_blank\" role=\"button\" aria-label=\"\" rel=\"noopener\"><\/a>\n   <!--==================================================== \/ECOMM SECTION  ====================================================--> \n   <!--==================================================== Benefits image ====================================================-->\n      \n    <source media=\"(max-width: 700px)\" srcset=\"https:\/\/monatglobal.com\/wp-content\/uploads\/2025\/08\/MONAT-Barrier-Booster-Niacinamide-Glow-Serum-benefits-mobile-min.jpg\" loading=\"lazy\">\n      <img decoding=\"async\" src=\"https:\/\/monatglobal.com\/wp-content\/uploads\/2025\/08\/MONAT-Barrier-Booster-Niacinamide-Glow-Serum-benefits-desktop-min.jpg\" alt=\"Smiling woman with curly hair holding MONAT Barrier Booster\u2122 Niacinamide Glow Serum dropper bottle near her face.\" loading=\"lazy\">\n    \n   <!--==================================================== Benefits text ====================================================-->\n         <h2>VORTEILE<\/h2>\n         <h3>Deine Hautbarriere ist Dein Schutzschild. Wenn sie durch t\u00e4gliche Stressfaktoren geschw\u00e4cht wird, kann das zu Trockenheit, verstopften Poren und empfindlicher Haut f\u00fchren.<\/h3> \n         <p>Das <strong> MONAT Barrier Booster\u2122 Niacinamid Glow-Serum <\/strong> ist so formuliert, dass es die Hautbarriere st\u00e4rkt, unterst\u00fctzt und mit Feuchtigkeit versorgt &#8211; f\u00fcr einen strahlenden Teint.<\/p> \n         *Based on a 28-day consumer study with 48 participants, performed by a third-party laboratory.\n\n         <!--==================================================== features image  ====================================================-->\n         <img decoding=\"async\" alt=\"features alt\" src=\"https:\/\/monatglobal.com\/wp-content\/uploads\/2025\/08\/MONAT-Barrier-Booster-Niacinamide-Glow-Serum-features-min.jpg\" loading=\"lazy\">\n      <!--==================================================== features text ====================================================-->\n            <h3>Eigenschaften<\/h3>  \n               <p>\/ 87 % nat\u00fcrliche Inhaltsstoffe<\/p>\n               <p>\/ St\u00e4rkt die Hautbarriere<\/p>\n               <p>\/ Hilft, R\u00f6tungen und das Erscheinungsbild von Poren zu reduzieren<\/p>\n               <p>\/ Spendet Feuchtigkeit und beruhigt die Haut<\/p>\n               <p>\/ Geeignet f\u00fcr alle Hauttypen, auch f\u00fcr empfindliche Haut<\/p>\n            \n            *Based on a 24-hour instrumental test with 22 participants measuring skin moisturization after product application. Performed by a third-party laboratory.  \n\n<br>\n            <p>Duft \/ Duftfrei <\/p>\n            <p> Textur \/ Leichtes Serum<\/p> \n   <!--==================================================== composition image mobile ====================================================-->\n   <img decoding=\"async\" alt=\"MONAT Barrier Booster\u2122 Niacinamide Glow Serum bottles lying side by side on a pastel pink surface.\" src=\"https:\/\/monatglobal.com\/wp-content\/uploads\/2025\/08\/MONAT-Barrier-Booster-Niacinamide-Glow-Serum-composition-min.jpg\" loading=\"lazy\">\n   <!--==================================================== Why it works text ====================================================-->\n      <h2>Sch\u00fctze Deinen Glow<\/h2>\n      <h3>Dieses vielseitige Serum zur St\u00e4rkung der Hautbarriere enth\u00e4lt 10 % Niacinamid, um die Hautbarriere zu unterst\u00fctzen und das Erscheinungsbild von Poren zu verbessern &#8211; f\u00fcr einen ausgeglichenen, glatten und strahlenden Teint.<\/h3>\n<!--==================================================== Composition section ====================================================-->\n      <img decoding=\"async\" alt=\"MONAT Barrier Booster\u2122 Niacinamide Glow Serum bottles lying side by side on a pastel pink surface.\" src=\"https:\/\/monatglobal.com\/wp-content\/uploads\/2025\/08\/MONAT-Barrier-Booster-Niacinamide-Glow-Serum-composition-min.jpg\" loading=\"lazy\">\n      <img decoding=\"async\" alt=\"Smiling woman with curly hair applying MONAT Barrier Booster\u2122 Niacinamide Glow Serum with a dropper.\" src=\"https:\/\/monatglobal.com\/wp-content\/uploads\/2025\/08\/MONAT-Barrier-Booster-Niacinamide-Glow-Serum-composition-2-min.jpg\" loading=\"lazy\">\n            <!--==================================================== Directions text ====================================================--> \n               <h3>Anwendung<\/h3>\n                    <p>\/ Trage morgens und abends 3-4 Tropfen auf Gesicht, Hals und Dekollet\u00e9 auf.<\/p>\n                    <p>\/ Morgens anschlie\u00dfend Sonnenschutz auftragen.  <\/p>\n            <!--==================================================== Directions video ====================================================-->\n        <p>MONAT Barrier Booster\u2122 <br> Niacinamid Glow-Serum <br>0:38<\/p>\n      <a href=\"\" target=\"_blank\" role=\"button\" aria-label=\"\" rel=\"noopener\"><\/a>\n   <!--==================================================== Ingredients section  ====================================================-->\n      <h2>Wichtige Inhaltsstoffe<\/h2>\n          <img decoding=\"async\" src=\"https:\/\/monatglobal.com\/wp-content\/uploads\/2025\/08\/Niacinamide.svg\" alt=\"icon of Niacinamid\"> \n      <p>Niacinamid <\/p>\n              <img decoding=\"async\" src=\"https:\/\/monatglobal.com\/wp-content\/uploads\/2025\/07\/Glycerin.svg\" alt=\"icon of Glycerin\">\n      <p>Glycerin<\/p>\n           <img decoding=\"async\" src=\"https:\/\/monatglobal.com\/uk\/wp-content\/uploads\/sites\/6\/2025\/07\/Propanediol.svg\" alt=\"icon of Propanediol\">\n      <p>Propanediol<\/p>\n            <img decoding=\"async\" src=\"https:\/\/monatglobal.com\/wp-content\/uploads\/2022\/11\/Plant-derived-squalane.svg\" alt=\"icon of Squalane\"> \n      <p>Green Tea Leaf Extract<\/p>\n        <button id=\"myBtn\" type=\"button\">Alle Inhaltsstoffe ansehen<\/button>\n      <!--==================================================== Modal content  ====================================================-->\n         \u00d7\n         Aqua\/Water\/Eau, Niacinamide, Coconut Alkanes, Propanediol, Isopropyl\nMyristate, Glycerin, Polyglyceryl-10 Oleate, Hydroxyethyl Acrylate\/Sodium\nAcryloyldimethyl Taurate Copolymer, Coco-Caprylate\/Caprate, Xanthan\nGum, Polysorbate 60, Sorbitan Isostearate, Tocopherol, Cetearyl Alcohol,\nBenzyl Alcohol, Ethylhexylglycerin, Citric Acid\n   <!--==================================================== You might also like section ====================================================-->\n      <h2>DAS K\u00d6NNTE DIR AUCH GEFALLEN<\/h2>\n      <!--==================================================== Slider YOU MIGHT ALSO LIKE ====================================================-->\n         <!--==================================================== If we need navigation buttons  ====================================================-->\n         <!--==================================================== If we need paginations  ====================================================-->\n    <a href=\"\" aria-label=\"\"><\/a>\n","protected":false},"excerpt":{"rendered":"<p>NEU NEU MONAT Barrier Booster\u2122 Niacinamid Glow-Serum Hilft, das Erscheinungsbild von Poren und R\u00f6tungen zu minimieren, w\u00e4hrend die Haut mit Feuchtigkeit versorgt wird&nbsp;&#8211; f\u00fcr einen strahlenden Teint. 30 ml e 1 fl. oz. Einzelhandelspreis00.00 \u20ac Preis f\u00fcr VIP-Kunden00.00 \u20ac Um mehr \u00fcber MONAT Barrier Booster\u2122 Niacinamid Glow-Serum zu erfahren, wende Dich bitte an Deinen MONAT&nbsp;Markenpartner.&hellip;<\/p>\n","protected":false},"author":57,"featured_media":108620,"parent":0,"menu_order":0,"comment_status":"closed","ping_status":"closed","template":"","meta":{"inline_featured_image":false,"om_disable_all_campaigns":false,"footnotes":""},"categories":[17],"tags":[],"class_list":["post-108447","page","type-page","status-publish","has-post-thumbnail","hentry","category-product-de"],"aioseo_notices":[],"aioseo_head":"\n\t\t<!-- All in One SEO Pro 4.9.5.2 - aioseo.com -->\n\t<meta name=\"description\" content=\"St\u00e4rke Deine Hautbarriere mit dem MONAT Barrier Booster\u2122 Niacinamid Glow-Serum. Spendet Feuchtigkeit, reduziert R\u00f6tungen und verfeinert Poren f\u00fcr einen strahlenden Teint.\" \/>\n\t<meta name=\"robots\" content=\"max-image-preview:large\" \/>\n\t<link rel=\"canonical\" href=\"https:\/\/monatglobal.com\/de\/barrier-booster-serum\/\" \/>\n\t<meta name=\"generator\" content=\"All in One SEO Pro (AIOSEO) 4.9.5.2\" \/>\n\t\t<meta property=\"og:locale\" content=\"de_DE\" \/>\n\t\t<meta property=\"og:site_name\" content=\"MONAT Germany - We Are Modern Nature\u2122\" \/>\n\t\t<meta property=\"og:type\" content=\"article\" \/>\n\t\t<meta property=\"og:title\" content=\"MONAT Barrier Booster\u2122 Niacinamid Glow-Serum | Verfeinert Poren\" \/>\n\t\t<meta property=\"og:description\" content=\"St\u00e4rke Deine Hautbarriere mit dem MONAT Barrier Booster\u2122 Niacinamid Glow-Serum. Spendet Feuchtigkeit, reduziert R\u00f6tungen und verfeinert Poren f\u00fcr einen strahlenden Teint.\" \/>\n\t\t<meta property=\"og:url\" content=\"https:\/\/monatglobal.com\/de\/barrier-booster-serum\/\" \/>\n\t\t<meta property=\"article:published_time\" content=\"2025-08-22T00:14:50+00:00\" \/>\n\t\t<meta property=\"article:modified_time\" content=\"2026-03-02T16:24:33+00:00\" \/>\n\t\t<meta name=\"twitter:card\" content=\"summary_large_image\" \/>\n\t\t<meta name=\"twitter:title\" content=\"MONAT Barrier Booster\u2122 Niacinamid Glow-Serum | Verfeinert Poren\" \/>\n\t\t<meta name=\"twitter:description\" content=\"St\u00e4rke Deine Hautbarriere mit dem MONAT Barrier Booster\u2122 Niacinamid Glow-Serum. Spendet Feuchtigkeit, reduziert R\u00f6tungen und verfeinert Poren f\u00fcr einen strahlenden Teint.\" \/>\n\t\t<script type=\"application\/ld+json\" class=\"aioseo-schema\">\n\t\t\t{\"@context\":\"https:\\\/\\\/schema.org\",\"@graph\":[{\"@type\":\"BreadcrumbList\",\"@id\":\"https:\\\/\\\/monatglobal.com\\\/de\\\/barrier-booster-serum\\\/#breadcrumblist\",\"itemListElement\":[{\"@type\":\"ListItem\",\"@id\":\"https:\\\/\\\/monatglobal.com\\\/de#listItem\",\"position\":1,\"name\":\"Home\",\"item\":\"https:\\\/\\\/monatglobal.com\\\/de\",\"nextItem\":{\"@type\":\"ListItem\",\"@id\":\"https:\\\/\\\/monatglobal.com\\\/de\\\/barrier-booster-serum\\\/#listItem\",\"name\":\"MONAT Barrier Booster\\u2122 Niacinamid Glow-Serum\"}},{\"@type\":\"ListItem\",\"@id\":\"https:\\\/\\\/monatglobal.com\\\/de\\\/barrier-booster-serum\\\/#listItem\",\"position\":2,\"name\":\"MONAT Barrier Booster\\u2122 Niacinamid Glow-Serum\",\"previousItem\":{\"@type\":\"ListItem\",\"@id\":\"https:\\\/\\\/monatglobal.com\\\/de#listItem\",\"name\":\"Home\"}}]},{\"@type\":\"Organization\",\"@id\":\"https:\\\/\\\/monatglobal.com\\\/de\\\/#organization\",\"name\":\"MONAT Germany\",\"description\":\"We Are Modern Nature\\u2122\",\"url\":\"https:\\\/\\\/monatglobal.com\\\/de\\\/\"},{\"@type\":\"WebPage\",\"@id\":\"https:\\\/\\\/monatglobal.com\\\/de\\\/barrier-booster-serum\\\/#webpage\",\"url\":\"https:\\\/\\\/monatglobal.com\\\/de\\\/barrier-booster-serum\\\/\",\"name\":\"MONAT Barrier Booster\\u2122 Niacinamid Glow-Serum | Verfeinert Poren\",\"description\":\"St\\u00e4rke Deine Hautbarriere mit dem MONAT Barrier Booster\\u2122 Niacinamid Glow-Serum. Spendet Feuchtigkeit, reduziert R\\u00f6tungen und verfeinert Poren f\\u00fcr einen strahlenden Teint.\",\"inLanguage\":\"de-DE\",\"isPartOf\":{\"@id\":\"https:\\\/\\\/monatglobal.com\\\/de\\\/#website\"},\"breadcrumb\":{\"@id\":\"https:\\\/\\\/monatglobal.com\\\/de\\\/barrier-booster-serum\\\/#breadcrumblist\"},\"image\":{\"@type\":\"ImageObject\",\"url\":\"https:\\\/\\\/monatglobal.com\\\/de\\\/wp-content\\\/uploads\\\/sites\\\/22\\\/2025\\\/10\\\/10-NIACINAMIDE-GLOW-ECOMM-2025-min.png\",\"@id\":\"https:\\\/\\\/monatglobal.com\\\/de\\\/barrier-booster-serum\\\/#mainImage\",\"width\":641,\"height\":800},\"primaryImageOfPage\":{\"@id\":\"https:\\\/\\\/monatglobal.com\\\/de\\\/barrier-booster-serum\\\/#mainImage\"},\"datePublished\":\"2025-08-22T01:14:50+00:00\",\"dateModified\":\"2026-03-02T16:24:33+00:00\"},{\"@type\":\"WebSite\",\"@id\":\"https:\\\/\\\/monatglobal.com\\\/de\\\/#website\",\"url\":\"https:\\\/\\\/monatglobal.com\\\/de\\\/\",\"name\":\"MONAT Germany\",\"description\":\"We Are Modern Nature\\u2122\",\"inLanguage\":\"de-DE\",\"publisher\":{\"@id\":\"https:\\\/\\\/monatglobal.com\\\/de\\\/#organization\"}}]}\n\t\t<\/script>\n\t\t<!-- All in One SEO Pro -->\r\n\t\t<title>MONAT Barrier Booster\u2122 Niacinamid Glow-Serum | Verfeinert Poren<\/title>\n\n","aioseo_head_json":{"title":"MONAT Barrier Booster\u2122 Niacinamid Glow-Serum | Verfeinert Poren","description":"St\u00e4rke Deine Hautbarriere mit dem MONAT Barrier Booster\u2122 Niacinamid Glow-Serum. Spendet Feuchtigkeit, reduziert R\u00f6tungen und verfeinert Poren f\u00fcr einen strahlenden Teint.","canonical_url":"https:\/\/monatglobal.com\/de\/barrier-booster-serum\/","robots":"max-image-preview:large","keywords":"","webmasterTools":{"miscellaneous":""},"schema":{"@context":"https:\/\/schema.org","@graph":[{"@type":"BreadcrumbList","@id":"https:\/\/monatglobal.com\/de\/barrier-booster-serum\/#breadcrumblist","itemListElement":[{"@type":"ListItem","@id":"https:\/\/monatglobal.com\/de#listItem","position":1,"name":"Home","item":"https:\/\/monatglobal.com\/de","nextItem":{"@type":"ListItem","@id":"https:\/\/monatglobal.com\/de\/barrier-booster-serum\/#listItem","name":"MONAT Barrier Booster\u2122 Niacinamid Glow-Serum"}},{"@type":"ListItem","@id":"https:\/\/monatglobal.com\/de\/barrier-booster-serum\/#listItem","position":2,"name":"MONAT Barrier Booster\u2122 Niacinamid Glow-Serum","previousItem":{"@type":"ListItem","@id":"https:\/\/monatglobal.com\/de#listItem","name":"Home"}}]},{"@type":"Organization","@id":"https:\/\/monatglobal.com\/de\/#organization","name":"MONAT Germany","description":"We Are Modern Nature\u2122","url":"https:\/\/monatglobal.com\/de\/"},{"@type":"WebPage","@id":"https:\/\/monatglobal.com\/de\/barrier-booster-serum\/#webpage","url":"https:\/\/monatglobal.com\/de\/barrier-booster-serum\/","name":"MONAT Barrier Booster\u2122 Niacinamid Glow-Serum | Verfeinert Poren","description":"St\u00e4rke Deine Hautbarriere mit dem MONAT Barrier Booster\u2122 Niacinamid Glow-Serum. Spendet Feuchtigkeit, reduziert R\u00f6tungen und verfeinert Poren f\u00fcr einen strahlenden Teint.","inLanguage":"de-DE","isPartOf":{"@id":"https:\/\/monatglobal.com\/de\/#website"},"breadcrumb":{"@id":"https:\/\/monatglobal.com\/de\/barrier-booster-serum\/#breadcrumblist"},"image":{"@type":"ImageObject","url":"https:\/\/monatglobal.com\/de\/wp-content\/uploads\/sites\/22\/2025\/10\/10-NIACINAMIDE-GLOW-ECOMM-2025-min.png","@id":"https:\/\/monatglobal.com\/de\/barrier-booster-serum\/#mainImage","width":641,"height":800},"primaryImageOfPage":{"@id":"https:\/\/monatglobal.com\/de\/barrier-booster-serum\/#mainImage"},"datePublished":"2025-08-22T01:14:50+00:00","dateModified":"2026-03-02T16:24:33+00:00"},{"@type":"WebSite","@id":"https:\/\/monatglobal.com\/de\/#website","url":"https:\/\/monatglobal.com\/de\/","name":"MONAT Germany","description":"We Are Modern Nature\u2122","inLanguage":"de-DE","publisher":{"@id":"https:\/\/monatglobal.com\/de\/#organization"}}]},"og:locale":"de_DE","og:site_name":"MONAT Germany - We Are Modern Nature\u2122","og:type":"article","og:title":"MONAT Barrier Booster\u2122 Niacinamid Glow-Serum | Verfeinert Poren","og:description":"St\u00e4rke Deine Hautbarriere mit dem MONAT Barrier Booster\u2122 Niacinamid Glow-Serum. Spendet Feuchtigkeit, reduziert R\u00f6tungen und verfeinert Poren f\u00fcr einen strahlenden Teint.","og:url":"https:\/\/monatglobal.com\/de\/barrier-booster-serum\/","article:published_time":"2025-08-22T00:14:50+00:00","article:modified_time":"2026-03-02T16:24:33+00:00","twitter:card":"summary_large_image","twitter:title":"MONAT Barrier Booster\u2122 Niacinamid Glow-Serum | Verfeinert Poren","twitter:description":"St\u00e4rke Deine Hautbarriere mit dem MONAT Barrier Booster\u2122 Niacinamid Glow-Serum. Spendet Feuchtigkeit, reduziert R\u00f6tungen und verfeinert Poren f\u00fcr einen strahlenden Teint."},"aioseo_meta_data":{"post_id":"108447","title":"MONAT Barrier Booster\u2122 Niacinamid Glow-Serum | Verfeinert Poren","description":"St\u00e4rke Deine Hautbarriere mit dem MONAT Barrier Booster\u2122 Niacinamid Glow-Serum. Spendet Feuchtigkeit, reduziert R\u00f6tungen und verfeinert Poren f\u00fcr einen strahlenden Teint.","keywords":null,"keyphrases":{"focus":{"keyphrase":"","score":0,"analysis":{"keyphraseInTitle":{"score":0,"maxScore":9,"error":1}}},"additional":[]},"primary_term":null,"canonical_url":null,"og_title":null,"og_description":null,"og_object_type":"default","og_image_type":"default","og_image_url":null,"og_image_width":null,"og_image_height":null,"og_image_custom_url":null,"og_image_custom_fields":null,"og_video":"","og_custom_url":null,"og_article_section":null,"og_article_tags":null,"twitter_use_og":false,"twitter_card":"default","twitter_image_type":"default","twitter_image_url":null,"twitter_image_custom_url":null,"twitter_image_custom_fields":null,"twitter_title":null,"twitter_description":null,"schema":{"blockGraphs":[],"customGraphs":[],"default":{"data":{"Article":[],"Course":[],"Dataset":[],"FAQPage":[],"Movie":[],"Person":[],"Product":[],"ProductReview":[],"Car":[],"Recipe":[],"Service":[],"SoftwareApplication":[],"WebPage":[]},"graphName":"WebPage","isEnabled":true},"graphs":[]},"schema_type":"default","schema_type_options":null,"pillar_content":false,"robots_default":true,"robots_noindex":false,"robots_noarchive":false,"robots_nosnippet":false,"robots_nofollow":false,"robots_noimageindex":false,"robots_noodp":false,"robots_notranslate":false,"robots_max_snippet":"-1","robots_max_videopreview":"-1","robots_max_imagepreview":"large","priority":null,"frequency":"default","local_seo":null,"seo_analyzer_scan_date":null,"limit_modified_date":false,"reviewed_by":"0","ai":{"faqs":[],"keyPoints":[],"titles":[],"descriptions":[],"socialPosts":{"email":[],"linkedin":[],"twitter":[],"facebook":[],"instagram":[]}},"created":"2025-09-09 21:56:25","updated":"2026-03-02 17:22:17"},"aioseo_breadcrumb":"<div class=\"aioseo-breadcrumbs\"><span class=\"aioseo-breadcrumb\">\n\t<a href=\"https:\/\/monatglobal.com\/de\" title=\"Home\">Home<\/a>\n<\/span><span class=\"aioseo-breadcrumb-separator\">\u00bb<\/span><span class=\"aioseo-breadcrumb\">\n\tMONAT Barrier Booster\u2122 Niacinamid Glow-Serum\n<\/span><\/div>","aioseo_breadcrumb_json":[{"label":"Home","link":"https:\/\/monatglobal.com\/de"},{"label":"MONAT Barrier Booster\u2122 Niacinamid Glow-Serum","link":"https:\/\/monatglobal.com\/de\/barrier-booster-serum\/"}],"_links":{"self":[{"href":"https:\/\/monatglobal.com\/de\/wp-json\/wp\/v2\/pages\/108447","targetHints":{"allow":["GET"]}}],"collection":[{"href":"https:\/\/monatglobal.com\/de\/wp-json\/wp\/v2\/pages"}],"about":[{"href":"https:\/\/monatglobal.com\/de\/wp-json\/wp\/v2\/types\/page"}],"author":[{"embeddable":true,"href":"https:\/\/monatglobal.com\/de\/wp-json\/wp\/v2\/users\/57"}],"replies":[{"embeddable":true,"href":"https:\/\/monatglobal.com\/de\/wp-json\/wp\/v2\/comments?post=108447"}],"version-history":[{"count":25,"href":"https:\/\/monatglobal.com\/de\/wp-json\/wp\/v2\/pages\/108447\/revisions"}],"predecessor-version":[{"id":109381,"href":"https:\/\/monatglobal.com\/de\/wp-json\/wp\/v2\/pages\/108447\/revisions\/109381"}],"wp:featuredmedia":[{"embeddable":true,"href":"https:\/\/monatglobal.com\/de\/wp-json\/wp\/v2\/media\/108620"}],"wp:attachment":[{"href":"https:\/\/monatglobal.com\/de\/wp-json\/wp\/v2\/media?parent=108447"}],"wp:term":[{"taxonomy":"category","embeddable":true,"href":"https:\/\/monatglobal.com\/de\/wp-json\/wp\/v2\/categories?post=108447"},{"taxonomy":"post_tag","embeddable":true,"href":"https:\/\/monatglobal.com\/de\/wp-json\/wp\/v2\/tags?post=108447"}],"curies":[{"name":"wp","href":"https:\/\/api.w.org\/{rel}","templated":true}]}}