{"id":108429,"date":"2025-08-22T00:56:14","date_gmt":"2025-08-21T23:56:14","guid":{"rendered":"https:\/\/monatglobal.com\/it\/?page_id=108429"},"modified":"2026-03-02T15:37:04","modified_gmt":"2026-03-02T15:37:04","slug":"bond-iq-shampoo","status":"publish","type":"page","link":"https:\/\/monatglobal.com\/de\/bond-iq-shampoo\/","title":{"rendered":"MONAT BOND IQ\u2122 St\u00e4rkendes Shampoo"},"content":{"rendered":"\n<!--Title: MONAT BOND IQ\u2122 St\u00e4rkendes Shampoo | Repariert gesch\u00e4digtes Haar-->\n<!--Meta: Stark, glatt und gesund aussehendes Haar - ab der ersten Anwendung mit MONAT BOND IQ\u2122 St\u00e4rkendes Shampoo. Es reduziert Haarbruch und Frizz f\u00fcr sichtbar ges\u00fcnderes Haar. -->\n<link rel=\"stylesheet\" href=\"https:\/\/monatglobal.com\/wp-content\/creative_css\/product_styles_sheet.css\">\n   <!--==================================================== ECOMM SECTION ====================================================-->\n    NEW   \n      <!--==================================================== Ecomm image ====================================================-->  \n                <!--Ecomm Image-->\n              <img decoding=\"async\" alt=\"BOND IQ\u2122 Fortifying Shampoo\" src=\"https:\/\/monatglobal.com\/wp-content\/uploads\/2025\/08\/MONAT-BOND-IQ-Fortifying-Shampoo_ecomm-min.png\" loading=\"lazy\">\n              <!--Ecomm Image-->\n            <!--before and after front-->\n              <img decoding=\"async\" alt=\"back view of a woman massaging shampoo into her hair\" src=\"https:\/\/monatglobal.com\/wp-content\/uploads\/2025\/08\/MONAT-BOND-IQ-Fortifying-Shampoo-model-close-up-min.jpg\" loading=\"lazy\">\n              \n            <!--before and after front-->\n            <!--before and after back-->\n              <img decoding=\"async\" alt=\"Tall white bottle of MONAT BOND IQ\u2122 Fortifying Shampoo displayed upright\" src=\"https:\/\/monatglobal.com\/wp-content\/uploads\/2025\/08\/MONAT-BOND-IQ-Fortifying-Shampoo-product-close-up-min.jpg\" loading=\"lazy\">\n              \n            <!--before and after back-->\n              <img decoding=\"async\" alt=\"Close-up of a woman in the shower holding a bottle of MONAT Bond IQ\u2122 Fortifying Shampoo near her shoulder, with water droplets on her skin and the bottle\" src=\"https:\/\/monatglobal.com\/wp-content\/uploads\/2025\/08\/MONAT-BOND-IQ-Fortifying-Shampoo-model-video-thumbnail-min.jpg\" loading=\"lazy\">\n                      <!--Ecomm Image-->\n                    <img decoding=\"async\" alt=\"BOND IQ\u2122 Fortifying Shampoo\" src=\"https:\/\/monatglobal.com\/wp-content\/uploads\/2025\/08\/MONAT-BOND-IQ-Fortifying-Shampoo_ecomm-min.png\" data-lbxp=\"\" loading=\"lazy\">\n                    <!--Ecomm Image-->\n                  <!--before and after front-->\n                    <img decoding=\"async\" alt=\"back view of a woman massaging shampoo into her hair\" src=\"https:\/\/monatglobal.com\/wp-content\/uploads\/2025\/08\/MONAT-BOND-IQ-Fortifying-Shampoo-model-close-up-min.jpg\" data-lbxp=\"\" loading=\"lazy\">\n                  <!--before and after front-->\n                  <!--before and after back-->\n                    <img decoding=\"async\" alt=\"Tall white bottle of MONAT BOND IQ\u2122 Fortifying Shampoo displayed upright\" src=\"https:\/\/monatglobal.com\/wp-content\/uploads\/2025\/08\/MONAT-BOND-IQ-Fortifying-Shampoo-product-close-up-min.jpg\" data-lbxp=\"\" loading=\"lazy\">\n                  <!--before and after back-->\n                    <img decoding=\"async\" alt=\"Close-up of a woman in the shower holding a bottle of MONAT Bond IQ\u2122 Fortifying Shampoo near her shoulder, with water droplets on her skin and the bottle\" src=\"https:\/\/monatglobal.com\/wp-content\/uploads\/2025\/08\/MONAT-BOND-IQ-Fortifying-Shampoo-model-video-thumbnail-min.jpg\" loading=\"lazy\">\n      <!--==================================================== Ecomm information  ====================================================-->\n         \n         NEU\n         <p>MONAT<\/p>\n         <h1>BOND IQ\u2122 <br>St\u00e4rkendes Shampoo<\/h1>  \n          <p>St\u00e4rkend &amp; Reparierend<\/p>   \n         <p>Frizz-Reducing Moisturizing Leave-In Styler<\/p>   \n         <p>F\u00fcr sichtbar kr\u00e4ftigeres, geschmeidigeres und besser kontrollierbares Haar &#8211; schon ab der ersten Anwendung.<\/p> \n         <p>237 ml e 8 fl. oz.<\/p> \n      <!--==================================================== pricing box  ====================================================-->   \n               <p>Einzelhandelspreis<br>00.00 \u20ac<\/p>\n               <p>Preis f\u00fcr VIP-Kunden<br>00.00 \u20ac<\/p>\n      <!--==================================================== pricing box  ====================================================-->     \n<p>Um mehr \u00fcber MONAT BOND IQ\u2122 St\u00e4rkendes Shampoo zu erfahren, wende Dich bitte an Deinen MONAT&nbsp;Markenpartner.<\/p>\n          <a href=\"\" target=\"_blank\" role=\"button\" aria-label=\"\" rel=\"noopener\"><\/a>\n   <!--==================================================== \/ECOMM SECTION  ====================================================--> \n   <!--==================================================== Benefits image ====================================================-->\n  \n    <source media=\"(max-width: 700px)\" srcset=\"https:\/\/monatglobal.com\/wp-content\/uploads\/2025\/08\/MONAT-BOND-IQ-Fortifying-Shampoo-benefits-Mobile-min.jpg\" loading=\"lazy\">\n      <img decoding=\"async\" src=\"https:\/\/monatglobal.com\/wp-content\/uploads\/2025\/08\/MONAT-BOND-IQ-Fortifying-Shampoo-benefits-desktop-min.jpg\" alt=\"Close-up of a woman with healthy, voluminous hair, smiling while holding a MONAT BOND IQ\u2122 Fortifying Shampoo bottle\" loading=\"lazy\">\n    \n   <!--==================================================== Benefits text ====================================================--> \n         <h2>VORTEILE<\/h2> \n         <h3>Dein Haar verdient eine zweite Chance und dieses Shampoo macht&#8217;s m\u00f6glich.&nbsp;<\/h3>  \n         <p> <strong> MONAT BOND IQ\u2122 St\u00e4rkendes Shampoo <\/strong> setzt genau dort an, wo Haarsch\u00e4den entstehen &#8211; im Kern der Haarfaser. Die innovative Pflegeformel st\u00e4rkt das Haar von innen heraus, reduziert Haarbruch, verleiht strahlenden Glanz, b\u00e4ndigt Frizz und schenkt seidige Geschmeidigkeit*. Bereits nach der ersten Anwendung ist das Haar kr\u00e4ftiger, glatter und leichter kontrollierbar.<\/p>\n         <p>*Basierend auf einer 28-t\u00e4gigen Verbraucherstudie mit 45 Teilnehmenden, durchgef\u00fchrt von einem unabh\u00e4ngigen Labor.<\/p>\n         <!--==================================================== features image  ====================================================-->\n         <img decoding=\"async\" alt=\"MONAT BOND IQ\u2122 Fortifying Shampoo bottle held upright in front of a light beige marble surface\" src=\"https:\/\/monatglobal.com\/wp-content\/uploads\/2025\/08\/MONAT-BOND-IQ-Fortifying-Shampoo-features-min.jpg\" loading=\"lazy\">\n      <!--==================================================== features text ====================================================-->\n            <h3>Eigenschaften<\/h3>  \n               <p>\/ 84 % nat\u00fcrliche Inhaltsstoffe <\/p> \n               <p>\/ Sichtbar glatteres Haar schon nach der ersten Anwendung*  <\/p>\n               <p>\/ St\u00e4rkeres Haargef\u00fchl* <\/p>\n               <p>\/ B\u00e4ndigt Frizz und verbessert die K\u00e4mmbarkeit* <\/p>\n               <p>\/ Verleiht Glanz und stellt Geschmeidigkeit wieder her*  <br> <\/p>\n            <p> * Basierend auf einer 28-t\u00e4gigen Verbraucherstudie mit 45 Teilnehmenden, durchgef\u00fchrt von einem unabh\u00e4ngigen Labor.<\/p> \n<br>\n            <p>Duft \/ Frischer Duft aus gr\u00fcner Zitrusfrucht, zarter Rose und warmem Amberholz. <\/p> \n            <p> Textur \/ Creme<\/p> \n   <!--==================================================== composition image mobile ====================================================-->\n   <img decoding=\"async\" alt=\"MONAT Bond IQ\u2122 Fortifying Shampoo bottle standing upright on a clear acrylic stand against a textured white, ridged background\" src=\"https:\/\/monatglobal.com\/wp-content\/uploads\/2025\/08\/MONAT-BOND-IQ-Fortifying-Shampoo-composition-1-min.jpg\" loading=\"lazy\">\n   <!--==================================================== Why it works text ====================================================-->\n      <h2>Smarte Pflege. St\u00e4rkeres Haar.<\/h2>\n      <h3>Mit biomimetischer Peptid-Technologie reinigt die kr\u00e4ftigende Formel das Haar tiefenwirksam und bewahrt gleichzeitig die Feuchtigkeit der Kopfhaut. Lupinenprotein unterst\u00fctzt die Reparatur gesch\u00e4digter Haarverbindungen, w\u00e4hrend Baobab-Extrakt, Vitamin E und Kokos\u00f6l das Haar intensiv pflegen und f\u00fcr einen strahlenden Glanz sorgen.<\/h3>\n<!--==================================================== Composition section ====================================================-->\n      <img decoding=\"async\" alt=\"MONAT Bond IQ\u2122 Fortifying Shampoo bottle standing upright on a clear acrylic stand against a textured white, ridged background\" src=\"https:\/\/monatglobal.com\/wp-content\/uploads\/2025\/08\/MONAT-BOND-IQ-Fortifying-Shampoo-composition-1-min.jpg\" loading=\"lazy\">\n      <img decoding=\"async\" alt=\"Close-up of a woman with healthy, voluminous hair, smiling while holding the shampoo bottle\" src=\"https:\/\/monatglobal.com\/wp-content\/uploads\/2025\/08\/MONAT-BOND-IQ-Fortifying-Shampoo-composition-2-min.jpg\" loading=\"lazy\">\n            <!--==================================================== Directions text ====================================================--> \n               <h3>Anwendung<\/h3>\n                    <p>\/ In den H\u00e4nden verteilen und auf das nasse Haar auftragen. 1-2 Minuten einwirken lassen. <\/p>\n                    <p>\/ Aussp\u00fclen und bei Bedarf wiederholen. <\/p>\n                    <p>\/  F\u00fcr optimale Ergebnisse anschlie\u00dfend die MONAT Bond IQ\u2122 St\u00e4rkende Sp\u00fclung verwenden. <\/p>\n            <!--==================================================== Directions video ====================================================-->\n        <p>MONAT BOND IQ\u2122<br> St\u00e4rkendes Shampoo <br>0:48<\/p>\n      <a href=\"\" target=\"_blank\" role=\"button\" aria-label=\"\" rel=\"noopener\"><\/a>\n   <!--==================================================== Ingredients section  ====================================================-->\n      <h2>Wichtige Inhaltsstoffe<\/h2>\n          <img decoding=\"async\" src=\"https:\/\/monatglobal.com\/wp-content\/uploads\/2025\/08\/Lupin-Protein-icon.svg\" alt=\"icon of Lupin Proteine\"> \n      <p>Lupinenprotein <\/p>\n              <img decoding=\"async\" src=\"https:\/\/monatglobal.com\/wp-content\/uploads\/2025\/08\/Baobab-Oil-2.svg\" alt=\"icon of Baobab Extract\">\n      <p>Baobab-Extrakt<\/p>\n           <img decoding=\"async\" src=\"https:\/\/monatglobal.com\/wp-content\/uploads\/2025\/08\/Peptide.svg\" alt=\"icon of Peptides\">\n      <p>Peptide<\/p>\n            <img decoding=\"async\" src=\"https:\/\/monatglobal.com\/wp-content\/uploads\/2025\/08\/rejuveniqe-icon-2.svg\" alt=\"icon of REJUVENIQE\u00ae\"> \n      <p>REJUVENIQE<sup>\u00ae<\/sup><\/p>\n        <button id=\"myBtn\" type=\"button\">Alle Inhaltsstoffe ansehen<\/button>\n      <!--==================================================== Modal content  ====================================================-->\n         \u00d7\n         <br>\n         Aqua\/Water\/Eau, Sodium Lauroyl Methyl Isethionate, Sodium Cocoyl Isethionate, Glycerin, Lauramidopropyl Betaine, Decyl Glucoside, Fragrance\/Parfum, Hydrolyzed Lupine Protein, Biotinoyl Tripeptide-1, Tocopheryl Acetate, Brassica Napus Extract, Linum Usitatissimum\n(Linseed) Seed Extract, Salvia Hispanica Seed Extract, Hydrolyzed Adansonia Digitata Seed Extract, Arginine, Cocos Nucifera (Coconut) Oil, Limnanthes Alba (Meadowfoam) Seed Oil, Balanites Roxburghii Seed Oil, Pantothenic Acid, Crambe Abyssinica Seed Oil, Camellia Oleifera Seed Oil, Solanum Lycopersicum (Tomato) Seed Oil, Daucus Carota Sativa (Carrot) Seed Oil,\nCitrus Limon (Lemon) Peel Oil, Citrus Aurantifolia (Lime) Oil, Citrus Aurantium Bergamia (Bergamot) Fruit Oil, Moringa Oleifera Seed Oil, Tocopherol, Adansonia Digitata Oil, Mauritia Flexuosa Fruit Oil, Gardenia Taitensis Flower Extract, Caryocar Brasiliense Fruit Oil, Helianthus Annuus (Sunflower) Seed Oil, Polycaprolactone, Coconut Acid, Apigenin, Itaconic Acid, Sorbitan\nLaurate, Panthenol, Propanediol, Polyglyceryl-10 Dioleate, Sodium PCA, Glycine, Alanine, Serine, Valine, Proline, Threonine, Isoleucine, Glyceryl Undecylenate, Histidine, Phenylalanine, Behenyl Alcohol, Cetearyl Alcohol, Polyquaternium-7, Sodium Chloride, Polyquaternium-10, Hydroxyethyl Cetearamidopropyldimonium Chloride, Sorbeth-230 Tetraoleate, Sodium\nIsethionate, Trisodium Ethylenediamine Disuccinate, Acrylates Copolymer, Sodium Phytate, Glycol Distearate, Abyssinian\/Meadowfoamamidopropyl Hydroxysultaine, Lauramidopropyl Dimethylamine, Cocamidopropyl Hydroxysultaine, Sodium Hydroxide, Brassicamidopropyl Dimethylamine, Polyglyceryl-10 Laurate, Sodium Lactate, 1,2-Hexanediol, Caprylyl Glycol,\nPolyquaternium-37, Aspartic Acid, Pyrrolidone Carboxylic Acid (PCA), Xylitol, Caprylic Acid, Triisodecyl Phosphite, Glyceryl Caprylate, Polyglyceryl-10 Dipalmitate, Benzoic Acid, Ethylhexylglycerin, Alcohol, Benzyl Alcohol, Sodium Benzoate, Citronellol, Limonene, Hydroxycitronellal, Linalool, Hexamethylindanopyran, Linalyl Acetate, Trimethylcyclopentenyl\nMethylisopentenol, Tetramethyl Acetyloctahydronaphthalenes, Geranyl Acetate, Pinene.\n   <!--==================================================== You might also like section ====================================================-->\n      <h2>DAS K\u00d6NNTE DIR AUCH GEFALLEN<\/h2>\n      <!--==================================================== Slider YOU MIGHT ALSO LIKE ====================================================-->\n         <!--==================================================== If we need navigation buttons  ====================================================-->\n         <!--==================================================== If we need paginations  ====================================================-->\n    <a href=\"\" aria-label=\"\"><\/a>\n","protected":false},"excerpt":{"rendered":"<p>NEW NEU MONAT BOND IQ\u2122 St\u00e4rkendes Shampoo St\u00e4rkend &amp; Reparierend Frizz-Reducing Moisturizing Leave-In Styler F\u00fcr sichtbar kr\u00e4ftigeres, geschmeidigeres und besser kontrollierbares Haar &#8211; schon ab der ersten Anwendung. 237 ml e 8 fl. oz. Einzelhandelspreis00.00 \u20ac Preis f\u00fcr VIP-Kunden00.00 \u20ac Um mehr \u00fcber MONAT BOND IQ\u2122 St\u00e4rkendes Shampoo zu erfahren, wende Dich bitte an Deinen&hellip;<\/p>\n","protected":false},"author":57,"featured_media":108633,"parent":0,"menu_order":0,"comment_status":"closed","ping_status":"closed","template":"","meta":{"inline_featured_image":false,"om_disable_all_campaigns":false,"footnotes":""},"categories":[17],"tags":[],"class_list":["post-108429","page","type-page","status-publish","has-post-thumbnail","hentry","category-product-de"],"aioseo_notices":[],"aioseo_head":"\n\t\t<!-- All in One SEO Pro 4.9.5.2 - aioseo.com -->\n\t<meta name=\"description\" content=\"Stark, glatt und gesund aussehendes Haar \u2013 ab der ersten Anwendung mit MONAT BOND IQ\u2122 St\u00e4rkendes Shampoo. Es reduziert Haarbruch und Frizz f\u00fcr sichtbar ges\u00fcnderes Haar.\" \/>\n\t<meta name=\"robots\" content=\"max-image-preview:large\" \/>\n\t<link rel=\"canonical\" href=\"https:\/\/monatglobal.com\/de\/bond-iq-shampoo\/\" \/>\n\t<meta name=\"generator\" content=\"All in One SEO Pro (AIOSEO) 4.9.5.2\" \/>\n\t\t<meta property=\"og:locale\" content=\"de_DE\" \/>\n\t\t<meta property=\"og:site_name\" content=\"MONAT Germany - We Are Modern Nature\u2122\" \/>\n\t\t<meta property=\"og:type\" content=\"article\" \/>\n\t\t<meta property=\"og:title\" content=\"MONAT BOND IQ\u2122 St\u00e4rkendes Shampoo | Repariert gesch\u00e4digtes Haar\" \/>\n\t\t<meta property=\"og:description\" content=\"Stark, glatt und gesund aussehendes Haar \u2013 ab der ersten Anwendung mit MONAT BOND IQ\u2122 St\u00e4rkendes Shampoo. Es reduziert Haarbruch und Frizz f\u00fcr sichtbar ges\u00fcnderes Haar.\" \/>\n\t\t<meta property=\"og:url\" content=\"https:\/\/monatglobal.com\/de\/bond-iq-shampoo\/\" \/>\n\t\t<meta property=\"article:published_time\" content=\"2025-08-21T23:56:14+00:00\" \/>\n\t\t<meta property=\"article:modified_time\" content=\"2026-03-02T15:37:04+00:00\" \/>\n\t\t<meta name=\"twitter:card\" content=\"summary_large_image\" \/>\n\t\t<meta name=\"twitter:title\" content=\"MONAT BOND IQ\u2122 St\u00e4rkendes Shampoo | Repariert gesch\u00e4digtes Haar\" \/>\n\t\t<meta name=\"twitter:description\" content=\"Stark, glatt und gesund aussehendes Haar \u2013 ab der ersten Anwendung mit MONAT BOND IQ\u2122 St\u00e4rkendes Shampoo. Es reduziert Haarbruch und Frizz f\u00fcr sichtbar ges\u00fcnderes Haar.\" \/>\n\t\t<script type=\"application\/ld+json\" class=\"aioseo-schema\">\n\t\t\t{\"@context\":\"https:\\\/\\\/schema.org\",\"@graph\":[{\"@type\":\"BreadcrumbList\",\"@id\":\"https:\\\/\\\/monatglobal.com\\\/de\\\/bond-iq-shampoo\\\/#breadcrumblist\",\"itemListElement\":[{\"@type\":\"ListItem\",\"@id\":\"https:\\\/\\\/monatglobal.com\\\/de#listItem\",\"position\":1,\"name\":\"Home\",\"item\":\"https:\\\/\\\/monatglobal.com\\\/de\",\"nextItem\":{\"@type\":\"ListItem\",\"@id\":\"https:\\\/\\\/monatglobal.com\\\/de\\\/bond-iq-shampoo\\\/#listItem\",\"name\":\"MONAT BOND IQ\\u2122 St\\u00e4rkendes Shampoo\"}},{\"@type\":\"ListItem\",\"@id\":\"https:\\\/\\\/monatglobal.com\\\/de\\\/bond-iq-shampoo\\\/#listItem\",\"position\":2,\"name\":\"MONAT BOND IQ\\u2122 St\\u00e4rkendes Shampoo\",\"previousItem\":{\"@type\":\"ListItem\",\"@id\":\"https:\\\/\\\/monatglobal.com\\\/de#listItem\",\"name\":\"Home\"}}]},{\"@type\":\"Organization\",\"@id\":\"https:\\\/\\\/monatglobal.com\\\/de\\\/#organization\",\"name\":\"MONAT Germany\",\"description\":\"We Are Modern Nature\\u2122\",\"url\":\"https:\\\/\\\/monatglobal.com\\\/de\\\/\"},{\"@type\":\"WebPage\",\"@id\":\"https:\\\/\\\/monatglobal.com\\\/de\\\/bond-iq-shampoo\\\/#webpage\",\"url\":\"https:\\\/\\\/monatglobal.com\\\/de\\\/bond-iq-shampoo\\\/\",\"name\":\"MONAT BOND IQ\\u2122 St\\u00e4rkendes Shampoo | Repariert gesch\\u00e4digtes Haar\",\"description\":\"Stark, glatt und gesund aussehendes Haar \\u2013 ab der ersten Anwendung mit MONAT BOND IQ\\u2122 St\\u00e4rkendes Shampoo. Es reduziert Haarbruch und Frizz f\\u00fcr sichtbar ges\\u00fcnderes Haar.\",\"inLanguage\":\"de-DE\",\"isPartOf\":{\"@id\":\"https:\\\/\\\/monatglobal.com\\\/de\\\/#website\"},\"breadcrumb\":{\"@id\":\"https:\\\/\\\/monatglobal.com\\\/de\\\/bond-iq-shampoo\\\/#breadcrumblist\"},\"image\":{\"@type\":\"ImageObject\",\"url\":\"https:\\\/\\\/monatglobal.com\\\/de\\\/wp-content\\\/uploads\\\/sites\\\/22\\\/2025\\\/10\\\/MONAT-BOND-IQ-Fortifying-Shampoo_ecomm-min.png\",\"@id\":\"https:\\\/\\\/monatglobal.com\\\/de\\\/bond-iq-shampoo\\\/#mainImage\",\"width\":641,\"height\":800},\"primaryImageOfPage\":{\"@id\":\"https:\\\/\\\/monatglobal.com\\\/de\\\/bond-iq-shampoo\\\/#mainImage\"},\"datePublished\":\"2025-08-22T00:56:14+00:00\",\"dateModified\":\"2026-03-02T15:37:04+00:00\"},{\"@type\":\"WebSite\",\"@id\":\"https:\\\/\\\/monatglobal.com\\\/de\\\/#website\",\"url\":\"https:\\\/\\\/monatglobal.com\\\/de\\\/\",\"name\":\"MONAT Germany\",\"description\":\"We Are Modern Nature\\u2122\",\"inLanguage\":\"de-DE\",\"publisher\":{\"@id\":\"https:\\\/\\\/monatglobal.com\\\/de\\\/#organization\"}}]}\n\t\t<\/script>\n\t\t<!-- All in One SEO Pro -->\r\n\t\t<title>MONAT BOND IQ\u2122 St\u00e4rkendes Shampoo | Repariert gesch\u00e4digtes Haar<\/title>\n\n","aioseo_head_json":{"title":"MONAT BOND IQ\u2122 St\u00e4rkendes Shampoo | Repariert gesch\u00e4digtes Haar","description":"Stark, glatt und gesund aussehendes Haar \u2013 ab der ersten Anwendung mit MONAT BOND IQ\u2122 St\u00e4rkendes Shampoo. Es reduziert Haarbruch und Frizz f\u00fcr sichtbar ges\u00fcnderes Haar.","canonical_url":"https:\/\/monatglobal.com\/de\/bond-iq-shampoo\/","robots":"max-image-preview:large","keywords":"","webmasterTools":{"miscellaneous":""},"schema":{"@context":"https:\/\/schema.org","@graph":[{"@type":"BreadcrumbList","@id":"https:\/\/monatglobal.com\/de\/bond-iq-shampoo\/#breadcrumblist","itemListElement":[{"@type":"ListItem","@id":"https:\/\/monatglobal.com\/de#listItem","position":1,"name":"Home","item":"https:\/\/monatglobal.com\/de","nextItem":{"@type":"ListItem","@id":"https:\/\/monatglobal.com\/de\/bond-iq-shampoo\/#listItem","name":"MONAT BOND IQ\u2122 St\u00e4rkendes Shampoo"}},{"@type":"ListItem","@id":"https:\/\/monatglobal.com\/de\/bond-iq-shampoo\/#listItem","position":2,"name":"MONAT BOND IQ\u2122 St\u00e4rkendes Shampoo","previousItem":{"@type":"ListItem","@id":"https:\/\/monatglobal.com\/de#listItem","name":"Home"}}]},{"@type":"Organization","@id":"https:\/\/monatglobal.com\/de\/#organization","name":"MONAT Germany","description":"We Are Modern Nature\u2122","url":"https:\/\/monatglobal.com\/de\/"},{"@type":"WebPage","@id":"https:\/\/monatglobal.com\/de\/bond-iq-shampoo\/#webpage","url":"https:\/\/monatglobal.com\/de\/bond-iq-shampoo\/","name":"MONAT BOND IQ\u2122 St\u00e4rkendes Shampoo | Repariert gesch\u00e4digtes Haar","description":"Stark, glatt und gesund aussehendes Haar \u2013 ab der ersten Anwendung mit MONAT BOND IQ\u2122 St\u00e4rkendes Shampoo. Es reduziert Haarbruch und Frizz f\u00fcr sichtbar ges\u00fcnderes Haar.","inLanguage":"de-DE","isPartOf":{"@id":"https:\/\/monatglobal.com\/de\/#website"},"breadcrumb":{"@id":"https:\/\/monatglobal.com\/de\/bond-iq-shampoo\/#breadcrumblist"},"image":{"@type":"ImageObject","url":"https:\/\/monatglobal.com\/de\/wp-content\/uploads\/sites\/22\/2025\/10\/MONAT-BOND-IQ-Fortifying-Shampoo_ecomm-min.png","@id":"https:\/\/monatglobal.com\/de\/bond-iq-shampoo\/#mainImage","width":641,"height":800},"primaryImageOfPage":{"@id":"https:\/\/monatglobal.com\/de\/bond-iq-shampoo\/#mainImage"},"datePublished":"2025-08-22T00:56:14+00:00","dateModified":"2026-03-02T15:37:04+00:00"},{"@type":"WebSite","@id":"https:\/\/monatglobal.com\/de\/#website","url":"https:\/\/monatglobal.com\/de\/","name":"MONAT Germany","description":"We Are Modern Nature\u2122","inLanguage":"de-DE","publisher":{"@id":"https:\/\/monatglobal.com\/de\/#organization"}}]},"og:locale":"de_DE","og:site_name":"MONAT Germany - We Are Modern Nature\u2122","og:type":"article","og:title":"MONAT BOND IQ\u2122 St\u00e4rkendes Shampoo | Repariert gesch\u00e4digtes Haar","og:description":"Stark, glatt und gesund aussehendes Haar \u2013 ab der ersten Anwendung mit MONAT BOND IQ\u2122 St\u00e4rkendes Shampoo. Es reduziert Haarbruch und Frizz f\u00fcr sichtbar ges\u00fcnderes Haar.","og:url":"https:\/\/monatglobal.com\/de\/bond-iq-shampoo\/","article:published_time":"2025-08-21T23:56:14+00:00","article:modified_time":"2026-03-02T15:37:04+00:00","twitter:card":"summary_large_image","twitter:title":"MONAT BOND IQ\u2122 St\u00e4rkendes Shampoo | Repariert gesch\u00e4digtes Haar","twitter:description":"Stark, glatt und gesund aussehendes Haar \u2013 ab der ersten Anwendung mit MONAT BOND IQ\u2122 St\u00e4rkendes Shampoo. Es reduziert Haarbruch und Frizz f\u00fcr sichtbar ges\u00fcnderes Haar."},"aioseo_meta_data":{"post_id":"108429","title":"MONAT BOND IQ\u2122 St\u00e4rkendes Shampoo | Repariert gesch\u00e4digtes Haar","description":"Stark, glatt und gesund aussehendes Haar \u2013 ab der ersten Anwendung mit MONAT BOND IQ\u2122 St\u00e4rkendes Shampoo. Es reduziert Haarbruch und Frizz f\u00fcr sichtbar ges\u00fcnderes Haar.","keywords":null,"keyphrases":{"focus":{"keyphrase":"","score":0,"analysis":{"keyphraseInTitle":{"score":0,"maxScore":9,"error":1}}},"additional":[]},"primary_term":null,"canonical_url":null,"og_title":null,"og_description":null,"og_object_type":"default","og_image_type":"default","og_image_url":null,"og_image_width":null,"og_image_height":null,"og_image_custom_url":null,"og_image_custom_fields":null,"og_video":"","og_custom_url":null,"og_article_section":null,"og_article_tags":null,"twitter_use_og":false,"twitter_card":"default","twitter_image_type":"default","twitter_image_url":null,"twitter_image_custom_url":null,"twitter_image_custom_fields":null,"twitter_title":null,"twitter_description":null,"schema":{"blockGraphs":[],"customGraphs":[],"default":{"data":{"Article":[],"Course":[],"Dataset":[],"FAQPage":[],"Movie":[],"Person":[],"Product":[],"ProductReview":[],"Car":[],"Recipe":[],"Service":[],"SoftwareApplication":[],"WebPage":[]},"graphName":"WebPage","isEnabled":true},"graphs":[]},"schema_type":"default","schema_type_options":null,"pillar_content":false,"robots_default":true,"robots_noindex":false,"robots_noarchive":false,"robots_nosnippet":false,"robots_nofollow":false,"robots_noimageindex":false,"robots_noodp":false,"robots_notranslate":false,"robots_max_snippet":"-1","robots_max_videopreview":"-1","robots_max_imagepreview":"large","priority":null,"frequency":"default","local_seo":null,"seo_analyzer_scan_date":null,"limit_modified_date":false,"reviewed_by":"0","ai":{"faqs":[],"keyPoints":[],"titles":[],"descriptions":[],"socialPosts":{"email":[],"linkedin":[],"twitter":[],"facebook":[],"instagram":[]}},"created":"2025-09-09 21:56:24","updated":"2026-03-02 16:18:57"},"aioseo_breadcrumb":"<div class=\"aioseo-breadcrumbs\"><span class=\"aioseo-breadcrumb\">\n\t<a href=\"https:\/\/monatglobal.com\/de\" title=\"Home\">Home<\/a>\n<\/span><span class=\"aioseo-breadcrumb-separator\">\u00bb<\/span><span class=\"aioseo-breadcrumb\">\n\tMONAT BOND IQ\u2122 St\u00e4rkendes Shampoo\n<\/span><\/div>","aioseo_breadcrumb_json":[{"label":"Home","link":"https:\/\/monatglobal.com\/de"},{"label":"MONAT BOND IQ\u2122 St\u00e4rkendes Shampoo","link":"https:\/\/monatglobal.com\/de\/bond-iq-shampoo\/"}],"_links":{"self":[{"href":"https:\/\/monatglobal.com\/de\/wp-json\/wp\/v2\/pages\/108429","targetHints":{"allow":["GET"]}}],"collection":[{"href":"https:\/\/monatglobal.com\/de\/wp-json\/wp\/v2\/pages"}],"about":[{"href":"https:\/\/monatglobal.com\/de\/wp-json\/wp\/v2\/types\/page"}],"author":[{"embeddable":true,"href":"https:\/\/monatglobal.com\/de\/wp-json\/wp\/v2\/users\/57"}],"replies":[{"embeddable":true,"href":"https:\/\/monatglobal.com\/de\/wp-json\/wp\/v2\/comments?post=108429"}],"version-history":[{"count":24,"href":"https:\/\/monatglobal.com\/de\/wp-json\/wp\/v2\/pages\/108429\/revisions"}],"predecessor-version":[{"id":109369,"href":"https:\/\/monatglobal.com\/de\/wp-json\/wp\/v2\/pages\/108429\/revisions\/109369"}],"wp:featuredmedia":[{"embeddable":true,"href":"https:\/\/monatglobal.com\/de\/wp-json\/wp\/v2\/media\/108633"}],"wp:attachment":[{"href":"https:\/\/monatglobal.com\/de\/wp-json\/wp\/v2\/media?parent=108429"}],"wp:term":[{"taxonomy":"category","embeddable":true,"href":"https:\/\/monatglobal.com\/de\/wp-json\/wp\/v2\/categories?post=108429"},{"taxonomy":"post_tag","embeddable":true,"href":"https:\/\/monatglobal.com\/de\/wp-json\/wp\/v2\/tags?post=108429"}],"curies":[{"name":"wp","href":"https:\/\/api.w.org\/{rel}","templated":true}]}}