{"id":1011,"date":"2025-08-18T18:57:53","date_gmt":"2025-08-18T18:57:53","guid":{"rendered":"https:\/\/monatglobal.com\/de\/?page_id=1011"},"modified":"2026-01-28T17:52:01","modified_gmt":"2026-01-28T17:52:01","slug":"leadership-circle","status":"publish","type":"page","link":"https:\/\/monatglobal.com\/de\/leadership-circle\/","title":{"rendered":"MONAT Leadership Circle 2026 &#8211; MONAT GLOBAL"},"content":{"rendered":"\n\n\t<style>\n   @import url('https:\/\/fonts.cdnfonts.com\/css\/dm-serif-display'); \n   :root {\n        --primaryColor: #5F6DB3;\n        --secondaryColor: #AABBCC ;\n        --gold: #9c807d;\n        --primarySerif: \"DM Serif Display\";\n   }\n<\/style>\n<section id=\"bannerSec\">\n       <img decoding=\"async\" id=\"dc_icon\" src=\"https:\/\/monatglobal.com\/wp-content\/uploads\/2025\/08\/leadership-circle-logo-2026-ocre.svg\" alt=\"\"\/> \n    <h1 id=\"banner_h1\">Gemeinsam<br \/> <em>die Zukunft gestalten.  <\/em><\/h1>\n<\/section>\n<section id=\"sec1\">\n      <img decoding=\"async\" src=\"https:\/\/monatglobal.com\/wp-content\/uploads\/2025\/08\/leadership-circle-badge-2026.svg\" alt=\"\"\/>\n      <h2>W South Beach <br \/> Miami, Florida <br \/> 12.-15. M\u00e4rz<\/h2>   \n         <p>QUALIFIKATIONSZEITRAUM <\/p> \n         <p>1. AUGUST 2025 &#8211; 31. JANUAR 2026<\/p>\n               <img decoding=\"async\" id=\"seashell_bkgnd_img\" src=\"https:\/\/monatglobal.com\/wp-content\/uploads\/2025\/08\/yellow-shell.svg\"\/> \n               <h2>F\u00fchrungskraft <br \/>in Aktion<\/h2>\n            <p>Nimm an exklusiven Schulungen mit MONATs Top-F\u00fchrungskr\u00e4ften teil. <br \/> Erhalte wertvolle Einblicke, um Deine Ziele klar auszurichten und das volle Potenzial Deines MONAT Business auszusch\u00f6pfen.<\/p>\n            <p>Leadership Circle 2026 ist eine exklusive Veranstaltung auf Einladung f\u00fcr Markenpartner mit dem Karriererang MMM oder Director-Level.<\/p>\n<\/section>\n<section id=\"SED_sec\">\n   <img decoding=\"async\" src=\"https:\/\/monatglobal.com\/wp-content\/uploads\/2025\/08\/beach-seats-and-umbrella-min-1.jpg\" alt=\"\"\/>\n         <h2>DEFINIERE NEU, WAS M\u00d6GLICH IST<\/h2>\n         <p>Nutze die Gespr\u00e4chsrunden und tauche tief in zentrale Themen ein. <\/p>\n         <p>Vertiefe Dein Fachwissen in themenspezifischen Sitzungen.<\/p>\n<\/section>\n<section id=\"sec3\">\n    <img decoding=\"async\" id=\"seashell\" src=\"https:\/\/monatglobal.com\/wp-content\/uploads\/2025\/08\/sea-snail-1.svg\" alt=\"\"\/>\n    <img decoding=\"async\" id=\"jellyfish\" src=\"https:\/\/monatglobal.com\/wp-content\/uploads\/2025\/08\/jellyfish.svg\" alt=\"\"\/>\n         <img decoding=\"async\" id=\"qualification_icon\" src=\"https:\/\/monatglobal.com\/wp-content\/uploads\/2025\/08\/sea-star.svg\" alt=\"\"\/>\n         <h2 id=\"qualification_title\">QUALIFIKATIONSZEITRAUM  1. August 2025 &#8211; <br \/>31. Januar 2026<\/h2>\n         <p>Wer kann teilnehmen?  <\/p>\n         <p>Alle Markenpartner mit dem Karriererang MMM, AED, ED oder SED zum 1. August 2025 <br \/> und Markenpartner, die den Rang MMM oder h\u00f6her bis sp\u00e4testens 31. Januar 2026 erreichen, sind zur Teilnahme berechtigt.<\/p>\n       <img decoding=\"async\" id=\"qualification_icon\" src=\"https:\/\/monatglobal.com\/wp-content\/uploads\/2025\/09\/recognition-leadership-graphic.svg\" alt=\"recognition leadership graphic\"\/> \n         <h2 id=\"qualification_title\">AUSZEICHNUNGSKRITERIEN <\/h2>\n         <p>SO SICHERST DU DIR DEINEN AUFTRITT IM RAMPENLICHT:<\/p>\n         \u2022\tTop-Sponsor  <br \/> \u2022\tDie meisten VIP-Anmeldungen <br \/> \t    \u2022 Kontinuit\u00e4t (\u00fcber gesamten Qualifikationszeitraum bezahlt)\n\n         <p>Qualifikationszeitraum: 1. August 2025 &#8211; 31. Januar&nbsp;2026.<\/p>\n         <h2>TEILNAHMEVORAUSSETZUNGEN<\/h2>\n            <p>STUFE 1 <\/p>\n            <p>(3 Hotel\u00fcbernachtungen inbegriffen)<\/p>\n            <hr \/>\n            <p>Karriererang MM zum 1. August 2025 &#038; Markenpartner, die zuvor den Karrieretitel MM erreicht haben<\/p>\n            <ul>\n                <li>Muss w\u00e4hrend des Qualifikationszeitraums in mindestens 1 von 6 Monaten als MM oder h\u00f6her bezahlt werden<\/li>\n                <li>Mindestens 2 qualifizierende Markenpartner (MPs) sowie 8 qualifizierende VIP-Kunden w\u00e4hrend des Qualifikationszeitraums sponsern<\/li>\n                <li>Im letzten Monat der Qualifikation als AMM oder h\u00f6her bezahlt werden<\/li>\n            <\/ul>\n            <hr \/>\n            <p>Karriererang MMM zum 1. August 2025<\/p>\n            <ul>\n                <li>Muss w\u00e4hrend des Qualifikationszeitraums in mindestens 1 von 6 Monaten als MMM oder h\u00f6her bezahlt werden<\/li>\n                <li>Mindestens 2 qualifizierende Markenpartner (MPs) sowie 8 qualifizierende VIP-Kunden w\u00e4hrend des Qualifikationszeitraums sponsern<\/li>\n                <li>Im letzten Monat der Qualifikation als AMM oder h\u00f6her bezahlt werden<\/li>\n            <\/ul>\n            <hr \/>\n            <p>Karriererang Director zum 1. August 2025<\/p>\n            <ul>\n                <li>Muss w\u00e4hrend des Qualifikationszeitraums in mindestens 1 von 6 Monaten als AED oder h\u00f6her bezahlt werden<\/li>\n                <li>Mindestens 2 qualifizierende Markenpartner (MPs) sowie 8 qualifizierende VIP-Kunden w\u00e4hrend des Qualifikationszeitraums sponsern<\/li>\n                <li>Im letzten Monat der Qualifikation als MM oder h\u00f6her bezahlt werden<\/li>\n            <\/ul>\n            <p>STUFE 2<\/p>\n            <p>(3 Hotel\u00fcbernachtungen + Hin- und R\u00fcckflug&nbsp;inbegriffen)<\/p>\n            <hr \/>\n            <p>Karriererang MMs zum 1. August 2025 &#038; Markenpartner, die zuvor den Karrieretitel MM erreicht haben<\/p>\n            <ul>\n                <li>Muss w\u00e4hrend des Qualifikationszeitraums in mindestens 1 von 6 Monaten als MM oder h\u00f6her bezahlt werden<\/li>\n                <li>Mindestens 2 qualifizierende Markenpartner (MPs) sowie 8 qualifizierende VIP-Kunden w\u00e4hrend des Qualifikationszeitraums sponsern<\/li>\n                <li>F\u00f6rdere 1 neuen MMB, den Du pers\u00f6nlich gesponsert hast<\/li>\n                <li>Im letzten Monat der Qualifikation als AMM oder h\u00f6her bezahlt werden<\/li>\n            <\/ul>\n            <hr \/>\n            <p>Karriererang MMMs zum 1. August 2025<\/p>\n            <ul>\n                <li>Muss w\u00e4hrend des Qualifikationszeitraums in mindestens 1 von 6 Monaten als MMM oder h\u00f6her bezahlt werden<\/li>\n                <li>Mindestens 2 qualifizierende Markenpartner (MPs) sowie 8 qualifizierende VIP-Kunden w\u00e4hrend des Qualifikationszeitraums sponsern<\/li>\n                <li>F\u00f6rdere 2 neue MMBs, die Du pers\u00f6nlich gesponsert hast<\/li>\n                <li>        \u25e6 Im letzten Monat der Qualifikation als AMM oder h\u00f6her bezahlt werden<\/li>\n            <\/ul>\n            <hr \/>\n            <p>Karriererang Director zum 1. August 2025<\/p>\n            <ul>\n                <li>Muss w\u00e4hrend des Qualifikationszeitraums in mindestens 1 von 6 Monaten als AED oder h\u00f6her bezahlt werden<\/li>\n                <li>Mindestens 2 qualifizierende Markenpartner (MPs) sowie 8 qualifizierende VIP-Kunden w\u00e4hrend des Qualifikationszeitraums sponsern<\/li>\n                <li>F\u00f6rdere 2 neue MMBs, die Du pers\u00f6nlich gesponsert hast<\/li>\n                <li>Im letzten Monat der Qualifikation als MM oder h\u00f6her bezahlt werden<\/li>\n            <\/ul>\n            <hr \/>\n            <p>Neue MMs, MMMs und Neue Directors zum 31. Januar 2026<\/p>\n            <ul>\n                <li>Muss zum ersten Mal neuer MM, MMM oder neuer Director w\u00e4hrend des Qualifikationszeitraums sein<\/li>\n                <li>Mindestens 2 qualifizierende Markenpartner (MPs) sowie 8 qualifizierende VIP-Kunden w\u00e4hrend des Qualifikationszeitraums sponsern<\/li>\n                <li>Im letzten Monat der Qualifikation als AMM oder h\u00f6her bezahlt werden<\/li>\n            <\/ul>\n            <!---->\n            <!--    <p>* VIPs enrolled as part of your Block must have an active Flexship through the 15th of the month following their enrollment month. <\/p>-->\n            <!--    <p>* Market Partners enrolled as part of your Block must enroll with a Product Pack or if they are enrolled under the Canada Zero Enrollment Option, they must achieve 200 PV within 30 days of their enrollment and within the Director Circle qualification&nbsp;timeframe.<\/p>-->\n            <!---->\n      <img decoding=\"async\" src=\"https:\/\/monatglobal.com\/wp-content\/uploads\/2025\/08\/fish.svg\" alt=\"\"\/>\n      <h2>Was enth\u00e4lt<br \/> die Qualifikation <br \/>f\u00fcr MONAT Leadership Circle 2026?<\/h2>\n            <p>STUFE 1<\/p>\n            <ul>\n               <li>Networking mit den besten F\u00fchrungskr\u00e4ften von MONAT<\/li>\n               <li>Besondere Auszeichnungen und Anerkennungs-Events<\/li>\n               <li>Exklusive Einblicke in die Pl\u00e4ne f\u00fcr 2026<\/li>\n               <li>3 Hotel\u00fcbernachtungen <\/li>\n               <li>M\u00f6glichkeit, eine Begleitperson mitzubringen (Kosten und Bedingungen beachten)<\/li>\n            <\/ul>\n            <p>STUFE 2<\/p>\n            <ul>\n               <li>Networking mit den besten F\u00fchrungskr\u00e4ften von MONAT<\/li>\n               <li>Besondere Auszeichnungen und Anerkennungs-Events<\/li>\n               <li>Exklusive Einblicke in die Pl\u00e4ne f\u00fcr 2026<\/li>\n               <li>3 Hotel\u00fcbernachtungen<\/li>\n               <li>Hin- und R\u00fcckflug zum Miami International Airport<\/li>\n               <li>M\u00f6glichkeit, eine Begleitperson mitzubringen (Kosten und Bedingungen beachten)<\/li>\n            <\/ul>\n         <a id=\"faq_btn\" href=\"https:\/\/monatglobal.com\/de\/wp-content\/uploads\/sites\/22\/2025\/08\/GER_Leadership-Circle-2026-FAQs_080125_v1.pdf\" target=\"_blank\" rel=\"noopener\">FAQ<\/a>\n         <a id=\"termsAndC\" href=\"https:\/\/monatglobal.com\/de\/wp-content\/uploads\/sites\/22\/2025\/08\/GER_Leadership-Circle-2026-Terms-and-Conditions_080425_v1.pdf\" target=\"_blank\" rel=\"noopener\">\n            <p>Allgemeine Gesch\u00e4ftsbedingungen<\/p>\n         <\/a>\n      <h2 id=\"hashtag_text\">#MONATLeadershipCircle<\/h2>\n<\/section>\n\n","protected":false},"excerpt":{"rendered":"<p>Gemeinsam die Zukunft gestalten. W South Beach Miami, Florida 12.-15. M\u00e4rz QUALIFIKATIONSZEITRAUM 1. AUGUST 2025 &#8211; 31. JANUAR 2026 F\u00fchrungskraft in Aktion Nimm an exklusiven Schulungen mit MONATs Top-F\u00fchrungskr\u00e4ften teil. Erhalte wertvolle Einblicke, um Deine Ziele klar auszurichten und das volle Potenzial Deines MONAT Business auszusch\u00f6pfen. Leadership Circle 2026 ist eine exklusive Veranstaltung auf Einladung&hellip;<\/p>\n","protected":false},"author":57,"featured_media":1018,"parent":0,"menu_order":0,"comment_status":"closed","ping_status":"closed","template":"","meta":{"inline_featured_image":false,"om_disable_all_campaigns":false,"footnotes":""},"categories":[],"tags":[],"class_list":["post-1011","page","type-page","status-publish","has-post-thumbnail","hentry"],"aioseo_notices":[],"aioseo_head":"\n\t\t<!-- All in One SEO Pro 4.9.5.2 - aioseo.com -->\n\t<meta name=\"description\" content=\"Nimm an exklusiven MONAT-Trainings mit Top-F\u00fchrungskr\u00e4ften teil. Gewinne wertvolle Einblicke, um Deine Ziele klar auszurichten und Dein Business auf das n\u00e4chste Level zu bringen\" \/>\n\t<meta name=\"robots\" content=\"max-image-preview:large\" \/>\n\t<link rel=\"canonical\" href=\"https:\/\/monatglobal.com\/de\/leadership-circle\/\" \/>\n\t<meta name=\"generator\" content=\"All in One SEO Pro (AIOSEO) 4.9.5.2\" \/>\n\t\t<meta property=\"og:locale\" content=\"de_DE\" \/>\n\t\t<meta property=\"og:site_name\" content=\"MONAT Germany - We Are Modern Nature\u2122\" \/>\n\t\t<meta property=\"og:type\" content=\"article\" \/>\n\t\t<meta property=\"og:title\" content=\"MONAT Leadership Circle 2026 - MONAT GLOBAL\" \/>\n\t\t<meta property=\"og:description\" content=\"Nimm an exklusiven MONAT-Trainings mit Top-F\u00fchrungskr\u00e4ften teil. Gewinne wertvolle Einblicke, um Deine Ziele klar auszurichten und Dein Business auf das n\u00e4chste Level zu bringen\" \/>\n\t\t<meta property=\"og:url\" content=\"https:\/\/monatglobal.com\/de\/leadership-circle\/\" \/>\n\t\t<meta property=\"article:published_time\" content=\"2025-08-18T18:57:53+00:00\" \/>\n\t\t<meta property=\"article:modified_time\" content=\"2026-01-28T17:52:01+00:00\" \/>\n\t\t<meta name=\"twitter:card\" content=\"summary_large_image\" \/>\n\t\t<meta name=\"twitter:title\" content=\"MONAT Leadership Circle 2026 - MONAT GLOBAL\" \/>\n\t\t<meta name=\"twitter:description\" content=\"Nimm an exklusiven MONAT-Trainings mit Top-F\u00fchrungskr\u00e4ften teil. Gewinne wertvolle Einblicke, um Deine Ziele klar auszurichten und Dein Business auf das n\u00e4chste Level zu bringen\" \/>\n\t\t<script type=\"application\/ld+json\" class=\"aioseo-schema\">\n\t\t\t{\"@context\":\"https:\\\/\\\/schema.org\",\"@graph\":[{\"@type\":\"BreadcrumbList\",\"@id\":\"https:\\\/\\\/monatglobal.com\\\/de\\\/leadership-circle\\\/#breadcrumblist\",\"itemListElement\":[{\"@type\":\"ListItem\",\"@id\":\"https:\\\/\\\/monatglobal.com\\\/de#listItem\",\"position\":1,\"name\":\"Home\",\"item\":\"https:\\\/\\\/monatglobal.com\\\/de\",\"nextItem\":{\"@type\":\"ListItem\",\"@id\":\"https:\\\/\\\/monatglobal.com\\\/de\\\/leadership-circle\\\/#listItem\",\"name\":\"MONAT Leadership Circle 2026 &#8211; MONAT GLOBAL\"}},{\"@type\":\"ListItem\",\"@id\":\"https:\\\/\\\/monatglobal.com\\\/de\\\/leadership-circle\\\/#listItem\",\"position\":2,\"name\":\"MONAT Leadership Circle 2026 &#8211; MONAT GLOBAL\",\"previousItem\":{\"@type\":\"ListItem\",\"@id\":\"https:\\\/\\\/monatglobal.com\\\/de#listItem\",\"name\":\"Home\"}}]},{\"@type\":\"Organization\",\"@id\":\"https:\\\/\\\/monatglobal.com\\\/de\\\/#organization\",\"name\":\"MONAT Germany\",\"description\":\"We Are Modern Nature\\u2122\",\"url\":\"https:\\\/\\\/monatglobal.com\\\/de\\\/\"},{\"@type\":\"WebPage\",\"@id\":\"https:\\\/\\\/monatglobal.com\\\/de\\\/leadership-circle\\\/#webpage\",\"url\":\"https:\\\/\\\/monatglobal.com\\\/de\\\/leadership-circle\\\/\",\"name\":\"MONAT Leadership Circle 2026 - MONAT GLOBAL\",\"description\":\"Nimm an exklusiven MONAT-Trainings mit Top-F\\u00fchrungskr\\u00e4ften teil. Gewinne wertvolle Einblicke, um Deine Ziele klar auszurichten und Dein Business auf das n\\u00e4chste Level zu bringen\",\"inLanguage\":\"de-DE\",\"isPartOf\":{\"@id\":\"https:\\\/\\\/monatglobal.com\\\/de\\\/#website\"},\"breadcrumb\":{\"@id\":\"https:\\\/\\\/monatglobal.com\\\/de\\\/leadership-circle\\\/#breadcrumblist\"},\"image\":{\"@type\":\"ImageObject\",\"url\":\"https:\\\/\\\/monatglobal.com\\\/de\\\/wp-content\\\/uploads\\\/sites\\\/22\\\/2025\\\/08\\\/leadership-2026-ft-img-min.jpg\",\"@id\":\"https:\\\/\\\/monatglobal.com\\\/de\\\/leadership-circle\\\/#mainImage\",\"width\":1200,\"height\":628},\"primaryImageOfPage\":{\"@id\":\"https:\\\/\\\/monatglobal.com\\\/de\\\/leadership-circle\\\/#mainImage\"},\"datePublished\":\"2025-08-18T18:57:53+00:00\",\"dateModified\":\"2026-01-28T17:52:01+00:00\"},{\"@type\":\"WebSite\",\"@id\":\"https:\\\/\\\/monatglobal.com\\\/de\\\/#website\",\"url\":\"https:\\\/\\\/monatglobal.com\\\/de\\\/\",\"name\":\"MONAT Germany\",\"description\":\"We Are Modern Nature\\u2122\",\"inLanguage\":\"de-DE\",\"publisher\":{\"@id\":\"https:\\\/\\\/monatglobal.com\\\/de\\\/#organization\"}}]}\n\t\t<\/script>\n\t\t<!-- All in One SEO Pro -->\r\n\t\t<title>MONAT Leadership Circle 2026 - MONAT GLOBAL<\/title>\n\n","aioseo_head_json":{"title":"MONAT Leadership Circle 2026 - MONAT GLOBAL","description":"Nimm an exklusiven MONAT-Trainings mit Top-F\u00fchrungskr\u00e4ften teil. Gewinne wertvolle Einblicke, um Deine Ziele klar auszurichten und Dein Business auf das n\u00e4chste Level zu bringen","canonical_url":"https:\/\/monatglobal.com\/de\/leadership-circle\/","robots":"max-image-preview:large","keywords":"","webmasterTools":{"miscellaneous":""},"schema":{"@context":"https:\/\/schema.org","@graph":[{"@type":"BreadcrumbList","@id":"https:\/\/monatglobal.com\/de\/leadership-circle\/#breadcrumblist","itemListElement":[{"@type":"ListItem","@id":"https:\/\/monatglobal.com\/de#listItem","position":1,"name":"Home","item":"https:\/\/monatglobal.com\/de","nextItem":{"@type":"ListItem","@id":"https:\/\/monatglobal.com\/de\/leadership-circle\/#listItem","name":"MONAT Leadership Circle 2026 &#8211; MONAT GLOBAL"}},{"@type":"ListItem","@id":"https:\/\/monatglobal.com\/de\/leadership-circle\/#listItem","position":2,"name":"MONAT Leadership Circle 2026 &#8211; MONAT GLOBAL","previousItem":{"@type":"ListItem","@id":"https:\/\/monatglobal.com\/de#listItem","name":"Home"}}]},{"@type":"Organization","@id":"https:\/\/monatglobal.com\/de\/#organization","name":"MONAT Germany","description":"We Are Modern Nature\u2122","url":"https:\/\/monatglobal.com\/de\/"},{"@type":"WebPage","@id":"https:\/\/monatglobal.com\/de\/leadership-circle\/#webpage","url":"https:\/\/monatglobal.com\/de\/leadership-circle\/","name":"MONAT Leadership Circle 2026 - MONAT GLOBAL","description":"Nimm an exklusiven MONAT-Trainings mit Top-F\u00fchrungskr\u00e4ften teil. Gewinne wertvolle Einblicke, um Deine Ziele klar auszurichten und Dein Business auf das n\u00e4chste Level zu bringen","inLanguage":"de-DE","isPartOf":{"@id":"https:\/\/monatglobal.com\/de\/#website"},"breadcrumb":{"@id":"https:\/\/monatglobal.com\/de\/leadership-circle\/#breadcrumblist"},"image":{"@type":"ImageObject","url":"https:\/\/monatglobal.com\/de\/wp-content\/uploads\/sites\/22\/2025\/08\/leadership-2026-ft-img-min.jpg","@id":"https:\/\/monatglobal.com\/de\/leadership-circle\/#mainImage","width":1200,"height":628},"primaryImageOfPage":{"@id":"https:\/\/monatglobal.com\/de\/leadership-circle\/#mainImage"},"datePublished":"2025-08-18T18:57:53+00:00","dateModified":"2026-01-28T17:52:01+00:00"},{"@type":"WebSite","@id":"https:\/\/monatglobal.com\/de\/#website","url":"https:\/\/monatglobal.com\/de\/","name":"MONAT Germany","description":"We Are Modern Nature\u2122","inLanguage":"de-DE","publisher":{"@id":"https:\/\/monatglobal.com\/de\/#organization"}}]},"og:locale":"de_DE","og:site_name":"MONAT Germany - We Are Modern Nature\u2122","og:type":"article","og:title":"MONAT Leadership Circle 2026 - MONAT GLOBAL","og:description":"Nimm an exklusiven MONAT-Trainings mit Top-F\u00fchrungskr\u00e4ften teil. Gewinne wertvolle Einblicke, um Deine Ziele klar auszurichten und Dein Business auf das n\u00e4chste Level zu bringen","og:url":"https:\/\/monatglobal.com\/de\/leadership-circle\/","article:published_time":"2025-08-18T18:57:53+00:00","article:modified_time":"2026-01-28T17:52:01+00:00","twitter:card":"summary_large_image","twitter:title":"MONAT Leadership Circle 2026 - MONAT GLOBAL","twitter:description":"Nimm an exklusiven MONAT-Trainings mit Top-F\u00fchrungskr\u00e4ften teil. Gewinne wertvolle Einblicke, um Deine Ziele klar auszurichten und Dein Business auf das n\u00e4chste Level zu bringen"},"aioseo_meta_data":{"post_id":"1011","title":"MONAT Leadership Circle 2026 - MONAT GLOBAL","description":"Nimm an exklusiven MONAT-Trainings mit Top-F\u00fchrungskr\u00e4ften teil. Gewinne wertvolle Einblicke, um Deine Ziele klar auszurichten und Dein Business auf das n\u00e4chste Level zu bringen","keywords":null,"keyphrases":{"focus":{"keyphrase":"","score":0,"analysis":{"keyphraseInTitle":{"score":0,"maxScore":9,"error":1}}},"additional":[]},"primary_term":null,"canonical_url":null,"og_title":null,"og_description":null,"og_object_type":"default","og_image_type":"default","og_image_url":null,"og_image_width":null,"og_image_height":null,"og_image_custom_url":null,"og_image_custom_fields":null,"og_video":"","og_custom_url":null,"og_article_section":null,"og_article_tags":null,"twitter_use_og":false,"twitter_card":"default","twitter_image_type":"default","twitter_image_url":null,"twitter_image_custom_url":null,"twitter_image_custom_fields":null,"twitter_title":null,"twitter_description":null,"schema":{"blockGraphs":[],"customGraphs":[],"default":{"data":{"Article":[],"Course":[],"Dataset":[],"FAQPage":[],"Movie":[],"Person":[],"Product":[],"ProductReview":[],"Car":[],"Recipe":[],"Service":[],"SoftwareApplication":[],"WebPage":[]},"graphName":"WebPage","isEnabled":true},"graphs":[]},"schema_type":"default","schema_type_options":null,"pillar_content":false,"robots_default":true,"robots_noindex":false,"robots_noarchive":false,"robots_nosnippet":false,"robots_nofollow":false,"robots_noimageindex":false,"robots_noodp":false,"robots_notranslate":false,"robots_max_snippet":"-1","robots_max_videopreview":"-1","robots_max_imagepreview":"large","priority":null,"frequency":"default","local_seo":null,"seo_analyzer_scan_date":null,"limit_modified_date":false,"reviewed_by":"0","ai":{"faqs":[],"keyPoints":[],"titles":[],"descriptions":[],"socialPosts":{"email":[],"linkedin":[],"twitter":[],"facebook":[],"instagram":[]}},"created":"2025-08-18 18:53:38","updated":"2026-02-10 05:13:43"},"aioseo_breadcrumb":"<div class=\"aioseo-breadcrumbs\"><span class=\"aioseo-breadcrumb\">\n\t<a href=\"https:\/\/monatglobal.com\/de\" title=\"Home\">Home<\/a>\n<\/span><span class=\"aioseo-breadcrumb-separator\">\u00bb<\/span><span class=\"aioseo-breadcrumb\">\n\tMONAT Leadership Circle 2026 \u2013 MONAT GLOBAL\n<\/span><\/div>","aioseo_breadcrumb_json":[{"label":"Home","link":"https:\/\/monatglobal.com\/de"},{"label":"MONAT Leadership Circle 2026 &#8211; MONAT GLOBAL","link":"https:\/\/monatglobal.com\/de\/leadership-circle\/"}],"_links":{"self":[{"href":"https:\/\/monatglobal.com\/de\/wp-json\/wp\/v2\/pages\/1011","targetHints":{"allow":["GET"]}}],"collection":[{"href":"https:\/\/monatglobal.com\/de\/wp-json\/wp\/v2\/pages"}],"about":[{"href":"https:\/\/monatglobal.com\/de\/wp-json\/wp\/v2\/types\/page"}],"author":[{"embeddable":true,"href":"https:\/\/monatglobal.com\/de\/wp-json\/wp\/v2\/users\/57"}],"replies":[{"embeddable":true,"href":"https:\/\/monatglobal.com\/de\/wp-json\/wp\/v2\/comments?post=1011"}],"version-history":[{"count":9,"href":"https:\/\/monatglobal.com\/de\/wp-json\/wp\/v2\/pages\/1011\/revisions"}],"predecessor-version":[{"id":109180,"href":"https:\/\/monatglobal.com\/de\/wp-json\/wp\/v2\/pages\/1011\/revisions\/109180"}],"wp:featuredmedia":[{"embeddable":true,"href":"https:\/\/monatglobal.com\/de\/wp-json\/wp\/v2\/media\/1018"}],"wp:attachment":[{"href":"https:\/\/monatglobal.com\/de\/wp-json\/wp\/v2\/media?parent=1011"}],"wp:term":[{"taxonomy":"category","embeddable":true,"href":"https:\/\/monatglobal.com\/de\/wp-json\/wp\/v2\/categories?post=1011"},{"taxonomy":"post_tag","embeddable":true,"href":"https:\/\/monatglobal.com\/de\/wp-json\/wp\/v2\/tags?post=1011"}],"curies":[{"name":"wp","href":"https:\/\/api.w.org\/{rel}","templated":true}]}}