{"id":9598,"date":"2016-02-18T02:09:59","date_gmt":"2016-02-18T02:09:59","guid":{"rendered":"https:\/\/monatglobal.com\/ca\/?page_id=9598"},"modified":"2026-01-14T15:57:31","modified_gmt":"2026-01-14T20:57:31","slug":"rejuveniqe-oil","status":"publish","type":"page","link":"https:\/\/monatglobal.com\/ca\/rejuveniqe-oil\/","title":{"rendered":"REJUVENIQE\u00ae Oil Intensive"},"content":{"rendered":"\n\n\t<link rel=\"stylesheet\" href=\"https:\/\/unpkg.com\/swiper\/swiper-bundle.min.css\"\/>\n<link rel=\"stylesheet\" href=\"https:\/\/monatglobal.com\/wp-content\/creative_css\/product_styles_sheet.css\"\/>\n  <!--==================================================== ECOMM SECTION ====================================================-->\n  <p>BEST SELLER<\/p>\n    <!--==================================================== Ecomm image ====================================================-->\n    <img decoding=\"async\" src=\"https:\/\/monatglobal.com\/es\/wp-content\/uploads\/sites\/10\/2021\/10\/rejuveniqe_2021-ecomm.png\" alt=\"MONAT REJUVENIQE\u00ae\" loading=\"lazy\"\/>\n      <!--==================================================== Ecomm information  ====================================================-->\n        NUEVO\n        <p>BEST SELLER<\/p>\n        \n        <h1>REJUVENIQE<sup>\u00ae<\/sup><\/h1>\n        \n        <p>A proprietary blend of 13+ natural plant and essential oils for hair and&nbsp;skin.<\/p>\n        <p>30 ml \uff451.0 fl.oz.<\/p>\n      <!--==================================================== pricing box  ====================================================-->\n   <p>Retail Price<br \/>$00.00 (CAD)<\/p>\n   <p>VIP Customer Price<br \/>$00.00 (CAD)<\/p> \n       <!--==================================================== pricing box  ====================================================-->\n        <p>To learn more about REJUVENIQE<sup>\u00ae<\/sup>, please contact your MONAT Market&nbsp;Partner.<\/p>\n         <a href=\"\" target=\"_blank\" role=\"button\" aria-label=\"\" rel=\"noopener\"><\/a>\n    <!--==================================================== \/ECOMM SECTION  ====================================================-->\n    <!--==================================================== Benefits image ====================================================-->\n    \n      <source media=\"(max-width: 700px)\" srcset=\"https:\/\/monatglobal.com\/es\/wp-content\/uploads\/sites\/10\/2021\/10\/rejuveniqe-benefits_mobile.jpg\" loading=\"lazy\"\/>\n        <img decoding=\"async\" src=\"https:\/\/monatglobal.com\/es\/wp-content\/uploads\/sites\/10\/2021\/10\/Rejuvenique-benefits-2021.jpg\" alt=\"\" loading=\"lazy\"\/>\n      \n      <!--==================================================== Benefits text ====================================================-->\n          <h2>BENEFITS<\/h2>\n          <h3>This multipurpose oil for hair and skin strengthens hair*, improves shine**, reduces frizz** and hydrates&nbsp;skin**.<\/h3>\n          *Based on statistically significant hair breakage study assessing the reduction of broken fibres by repetitive combing and&nbsp;brushing. <br \/>\n          **Based on instrumental tests by a third-party&nbsp;laboratory. \n          <!--==================================================== features image  ====================================================-->\n          <img decoding=\"async\" src=\"https:\/\/monatglobal.com\/es\/wp-content\/uploads\/sites\/10\/2021\/09\/Rejuvenique%C2%AE_2.png\" alt=\"-\" loading=\"lazy\"\/>\n        <!--==================================================== features text ====================================================-->\n            <h3>Features<\/h3>\n              <p>\/ A proprietary blend of 13+ natural plant and essential&nbsp;oils<\/p>\n              <p>\/ Precision dropper allows for targeted application on&nbsp;scalp <\/p>\n              <p>\/ Can also be used as a facial or body&nbsp;moisturizer<\/p>\n              <p>\/ Versatile: rinse off or leave on hair, face, or&nbsp;body<\/p>\n              <p>\/ Add to your masque or cream for a boost of&nbsp;moisturization<\/p>\n      <!--==================================================== composition image mobile ====================================================-->\n      <img decoding=\"async\" alt=\"\" src=\"https:\/\/monatglobal.com\/es\/wp-content\/uploads\/sites\/10\/2021\/10\/composition_img_1-Rejuveniqe-2021.jpg\" loading=\"lazy\"\/>\n      <!--==================================================== Why it works text ====================================================-->\n        <h2>THE CROWN JEWEL OF TRUE OPULENCE<\/h2>\n        <h3>MONAT sourced the world seeking to find the most exquisite oils that would help balance, rejuvenate and benefit hair and&nbsp;skin.<\/h3>\n        <p>Abyssinian oil was the first ingredient selected for its remarkable rejuvenating&nbsp;properties.<\/p><br \/>\n        <p>Wyj\u0105tkowo wydajny &#8211; wystarczy na\u0142o\u017cy\u0107 niewielk\u0105 ilo\u015b\u0107&nbsp;produktu.<\/p>\n    <!--==================================================== Composition section ====================================================-->\n        <img decoding=\"async\" src=\"https:\/\/monatglobal.com\/es\/wp-content\/uploads\/sites\/10\/2021\/10\/composition_img_1-Rejuveniqe-2021.jpg\" alt=\"MONAT's Hydration Booster product is set over a solid pink background with serum spilled as additional texture.\" loading=\"lazy\"\/>\n        <img decoding=\"async\" src=\"https:\/\/monatglobal.com\/es\/wp-content\/uploads\/sites\/10\/2021\/09\/small-square.png\" alt=\"An african-american woman looking directly at the camera while applying the serum with the eyedropper. Left hand \n        showcases MONAT's Hydration Booster.\" loading=\"lazy\"\/>\n            <!--==================================================== Directions text ====================================================--> \n              <h3>Directions<\/h3>\n              <p><strong>Pre-Shampoo Treatment: <\/strong><\/p>\n              <p>\/ Apply a generous amount to dry or damp hair and&nbsp;scalp.<\/p>\n              <p>\/ Leave on for 15&nbsp;minutes.<\/p>\n              <p>\/ Rinse thoroughly, shampoo and&nbsp;condition.<\/p>\n            <!--==================================================== Directions video ====================================================-->\n        <p><strong>Intensive Hydrating Treatment:<\/strong><\/p>\n        <p>\/ Apply a generous amount to damp hair and&nbsp;scalp.<\/p>\n        <p>\/ Place a warm, moist towel around the head and leave on for 30&nbsp;minutes.<\/p>\n        <p>\/ Rinse thoroughly, shampoo and&nbsp;condition.<\/p>\n        <br \/>\n        <p><strong>Leave-in Finishing Treatment:<\/strong><\/p>\n        <p>\/ After hair is dry, rub a small amount between the palms of your hands and apply to&nbsp;ends.<\/p>\n        <br \/>\n        <p><strong>Facial Moisturizer:<\/strong><\/p>\n        <p>\/ Apply morning and evening to face, neck and d\u00e9colletage prior to moisturiser, concentrating on problem areas such as fine lines for instant hydration and&nbsp;protection.<\/p>\n        <p><strong>Body Moisturizer:<\/strong><\/p>\n        <p>\/ Apply morning and evening to elbows, knees, dry spots, flakiness and the top of&nbsp;hands.<\/p>\n        <br \/>\n        <p><strong>ADDITIONAL USES: <\/strong><\/p>\n        <p>\/ Mix with your favourite moisturizer (face or body) for a boost of&nbsp;moisturization.<\/p>\n        <p>\/ Add to conditioner or hair masque for added conditioning and&nbsp;shine.<\/p>\n        <p>\/ Blend in with your favourite liquid foundation to give your face added moisture when in drier&nbsp;climates.<\/p>\n        <p>\/ Pat a few drops on your face before air travel to decrease moisture&nbsp;loss.<\/p>\n      <a href=\"\" target=\"_blank\" role=\"button\" aria-label=\"\" rel=\"noopener\"><\/a>\n    <!--==================================================== Ingredients section  ====================================================-->\n      <h2>KEY INGREDIENTS<\/h2>\n           <img decoding=\"async\" src=\"https:\/\/monatglobal.com\/wp-content\/uploads\/2022\/11\/Abyssinian-Oil.svg\" alt=\"Abyssinian Oil\"\/>\n          <p>Abyssinian Oil<\/p>\n          <img decoding=\"async\" src=\"https:\/\/monatglobal.com\/wp-content\/uploads\/2022\/11\/Meadowfoam-Oil.svg\" alt=\"Meadowfoam Oil\"\/>\n        <p>Meadowfoam Oil <\/p>\n             <img decoding=\"async\" src=\"https:\/\/monatglobal.com\/wp-content\/uploads\/2022\/12\/carrotoil.svg\" alt=\"Carrot Seed Oil\"\/>\n          <p>Carrot Seed Oil<\/p>\n  <button id=\"myBtn\" type=\"button\">SEE FULL INGREDIENTS LIST<\/button>\n  <!--==================================================== Modal content  ====================================================-->\n    \u00d7\n    <p>Limnanthes Alba (Meadowfoam) Seed Oil, Crambe Abyssinica Seed Oil, Camellia Oleifera Seed Oil, Solanum Lycopersicum (Tomato) Seed Oil, Daucus Carota Sativa (Carrot) Seed Oil, Citrus Limon (Lemon) Peel Oil, Citrus Aurantifolia (Lime) Oil, Citrus Aurantium Bergamia (Bergamot) Fruit Oil, Adansonia Digitata Oil, Mauritia Flexuosa Fruit Oil, Cocos Nucifera (Coconut) Oil, Gardenia Taitensis Flower Extract, Moringa Oleifera Seed Oil, Caryocar Brasiliense Fruit Oil, Helianthus Annuus (Sunflower) Seed Oil, Citral, Limonene, Linalool.<\/p>\n<!--==================================================== You might also like section ====================================================-->\n  <h2>YOU MIGHT ALSO LIKE  <\/h2>\n  <!--==================================================== Slider YOU MIGHT ALSO LIKE ====================================================-->\n  <!---->\n  <!--  -->\n      <!--==================================================== Slides products ====================================================-->\n  <!--    -->\n  <!--      <a href=\"\/ca\/rejuvabeads\/\" aria-label=\"Go to REJUVABEADS page\">-->\n  <!--        <img decoding=\"async\" src=\"https:\/\/monatglobal.com\/wp-content\/uploads\/2022\/12\/Rejevabeads-ecomm.png\" alt=\"REJUVABEADS\" loading=\"lazy\"\/>-->\n  <!--        <p>REJUVABEADS<sup>\u00ae<\/sup><\/p>-->\n  <!--      <\/a>-->\n  <!--    -->\n  <!--    -->\n  <!--      <a href=\"\/ca\/replenish-masque\/\" aria-label=\"Go to Replenish Masque page\">-->\n  <!--        <img decoding=\"async\" src=\"https:\/\/monatglobal.com\/wp-content\/uploads\/2022\/12\/replenish-masque-e-comm-min.png\" alt=\"Replenish Masque\" loading=\"lazy\"\/>-->\n  <!--        <p>Replenish Masque<\/p>-->\n  <!--      <\/a>-->\n  <!--    -->\n  <!--    -->\n  <!--      <a href=\"\/ca\/lightweight-moisturizer\/\" aria-label=\"Go to BE BALANCED\u2122 Lightweight Moisturizer Page\">-->\n  <!--        <img decoding=\"async\" src=\"https:\/\/monatglobal.com\/wp-content\/uploads\/2022\/12\/BE-BALANCED-Lightweight-Moisturizer_ecomm-min.png\" alt=\"BE BALANCED\u2122 Lightweight Moisturizer\" loading=\"lazy\"\/>-->\n  <!--        <p>BE BALANCED\u2122 Lightweight Moisturizer <\/p>-->\n  <!--      <\/a>-->\n  <!--    -->\n  <!--  -->\n    <!--==================================================== If we need navigation buttons  ====================================================-->\n  <!--  -->\n  <!--  -->\n    <!--==================================================== If we need paginations  ====================================================-->\n  <!--  -->\n  <!---->\n             <!-- If we need navigation buttons -->\n             <!-- If we need paginations -->\n    <a href=\"\" aria-label=\"\"><\/a>\n     <!--==================================================== this link has to go last for it to work   ====================================================-->\n\n","protected":false},"excerpt":{"rendered":"<p>BEST SELLER NUEVO BEST SELLER REJUVENIQE\u00ae A proprietary blend of 13+ natural plant and essential oils for hair and&nbsp;skin. 30 ml \uff451.0 fl.oz. Retail Price$00.00 (CAD) VIP Customer Price$00.00 (CAD) To learn more about REJUVENIQE\u00ae, please contact your MONAT Market&nbsp;Partner. BENEFITS This multipurpose oil for hair and skin strengthens hair*, improves shine**, reduces frizz** and&hellip;<\/p>\n","protected":false},"author":31,"featured_media":52553,"parent":0,"menu_order":0,"comment_status":"closed","ping_status":"closed","template":"","meta":{"inline_featured_image":false,"om_disable_all_campaigns":false,"_monsterinsights_skip_tracking":false,"_monsterinsights_sitenote_active":false,"_monsterinsights_sitenote_note":"","_monsterinsights_sitenote_category":0,"footnotes":""},"categories":[3628],"tags":[],"class_list":["post-9598","page","type-page","status-publish","has-post-thumbnail","hentry","category-products-ca"],"aioseo_notices":[],"aioseo_head":"\n\t\t<!-- All in One SEO Pro 4.9.5.2 - aioseo.com -->\n\t<meta name=\"description\" content=\"A proprietary blend of natural plant and essential oils for hair and skin. This multipurpose oil helps to strengthen hair, improves shine, and hydrates skin.\" \/>\n\t<meta name=\"robots\" content=\"max-image-preview:large\" \/>\n\t<link rel=\"canonical\" href=\"https:\/\/monatglobal.com\/ca\/rejuveniqe-oil\/\" \/>\n\t<meta name=\"generator\" content=\"All in One SEO Pro (AIOSEO) 4.9.5.2\" \/>\n\t\t<meta property=\"og:locale\" content=\"en_US\" \/>\n\t\t<meta property=\"og:site_name\" content=\"Monat Canada English - We Are Modern Nature\" \/>\n\t\t<meta property=\"og:type\" content=\"article\" \/>\n\t\t<meta property=\"og:title\" content=\"REJUVENIQE\u00ae Oil Intensive | MONAT Hair and Skincare Products\" \/>\n\t\t<meta property=\"og:description\" content=\"A proprietary blend of natural plant and essential oils for hair and skin. This multipurpose oil helps to strengthen hair, improves shine, and hydrates skin.\" \/>\n\t\t<meta property=\"og:url\" content=\"https:\/\/monatglobal.com\/ca\/rejuveniqe-oil\/\" \/>\n\t\t<meta property=\"article:published_time\" content=\"2016-02-18T02:09:59+00:00\" \/>\n\t\t<meta property=\"article:modified_time\" content=\"2026-01-14T20:57:31+00:00\" \/>\n\t\t<meta name=\"twitter:card\" content=\"summary_large_image\" \/>\n\t\t<meta name=\"twitter:title\" content=\"REJUVENIQE\u00ae Oil Intensive | MONAT Hair and Skincare Products\" \/>\n\t\t<meta name=\"twitter:description\" content=\"A proprietary blend of natural plant and essential oils for hair and skin. This multipurpose oil helps to strengthen hair, improves shine, and hydrates skin.\" \/>\n\t\t<script type=\"application\/ld+json\" class=\"aioseo-schema\">\n\t\t\t{\"@context\":\"https:\\\/\\\/schema.org\",\"@graph\":[{\"@type\":\"BreadcrumbList\",\"@id\":\"https:\\\/\\\/monatglobal.com\\\/ca\\\/rejuveniqe-oil\\\/#breadcrumblist\",\"itemListElement\":[{\"@type\":\"ListItem\",\"@id\":\"https:\\\/\\\/monatglobal.com\\\/ca#listItem\",\"position\":1,\"name\":\"Home\",\"item\":\"https:\\\/\\\/monatglobal.com\\\/ca\",\"nextItem\":{\"@type\":\"ListItem\",\"@id\":\"https:\\\/\\\/monatglobal.com\\\/ca\\\/rejuveniqe-oil\\\/#listItem\",\"name\":\"REJUVENIQE\\u00ae Oil Intensive\"}},{\"@type\":\"ListItem\",\"@id\":\"https:\\\/\\\/monatglobal.com\\\/ca\\\/rejuveniqe-oil\\\/#listItem\",\"position\":2,\"name\":\"REJUVENIQE\\u00ae Oil Intensive\",\"previousItem\":{\"@type\":\"ListItem\",\"@id\":\"https:\\\/\\\/monatglobal.com\\\/ca#listItem\",\"name\":\"Home\"}}]},{\"@type\":\"Organization\",\"@id\":\"https:\\\/\\\/monatglobal.com\\\/ca\\\/#organization\",\"name\":\"Monat Canada English\",\"description\":\"We Are Modern Nature\",\"url\":\"https:\\\/\\\/monatglobal.com\\\/ca\\\/\"},{\"@type\":\"WebPage\",\"@id\":\"https:\\\/\\\/monatglobal.com\\\/ca\\\/rejuveniqe-oil\\\/#webpage\",\"url\":\"https:\\\/\\\/monatglobal.com\\\/ca\\\/rejuveniqe-oil\\\/\",\"name\":\"REJUVENIQE\\u00ae Oil Intensive | MONAT Hair and Skincare Products\",\"description\":\"A proprietary blend of natural plant and essential oils for hair and skin. This multipurpose oil helps to strengthen hair, improves shine, and hydrates skin.\",\"inLanguage\":\"en-US\",\"isPartOf\":{\"@id\":\"https:\\\/\\\/monatglobal.com\\\/ca\\\/#website\"},\"breadcrumb\":{\"@id\":\"https:\\\/\\\/monatglobal.com\\\/ca\\\/rejuveniqe-oil\\\/#breadcrumblist\"},\"image\":{\"@type\":\"ImageObject\",\"url\":\"https:\\\/\\\/monatglobal.com\\\/ca\\\/wp-content\\\/uploads\\\/sites\\\/5\\\/2020\\\/07\\\/REJUVENIQE-.png\",\"@id\":\"https:\\\/\\\/monatglobal.com\\\/ca\\\/rejuveniqe-oil\\\/#mainImage\",\"width\":263,\"height\":300},\"primaryImageOfPage\":{\"@id\":\"https:\\\/\\\/monatglobal.com\\\/ca\\\/rejuveniqe-oil\\\/#mainImage\"},\"datePublished\":\"2016-02-18T02:09:59-05:00\",\"dateModified\":\"2026-01-14T15:57:31-05:00\"},{\"@type\":\"WebSite\",\"@id\":\"https:\\\/\\\/monatglobal.com\\\/ca\\\/#website\",\"url\":\"https:\\\/\\\/monatglobal.com\\\/ca\\\/\",\"name\":\"Monat Canada English\",\"description\":\"We Are Modern Nature\",\"inLanguage\":\"en-US\",\"publisher\":{\"@id\":\"https:\\\/\\\/monatglobal.com\\\/ca\\\/#organization\"}}]}\n\t\t<\/script>\n\t\t<!-- All in One SEO Pro -->\r\n\t\t<title>REJUVENIQE\u00ae Oil Intensive | MONAT Hair and Skincare Products<\/title>\n\n","aioseo_head_json":{"title":"REJUVENIQE\u00ae Oil Intensive | MONAT Hair and Skincare Products","description":"A proprietary blend of natural plant and essential oils for hair and skin. This multipurpose oil helps to strengthen hair, improves shine, and hydrates skin.","canonical_url":"https:\/\/monatglobal.com\/ca\/rejuveniqe-oil\/","robots":"max-image-preview:large","keywords":"","webmasterTools":{"miscellaneous":""},"schema":{"@context":"https:\/\/schema.org","@graph":[{"@type":"BreadcrumbList","@id":"https:\/\/monatglobal.com\/ca\/rejuveniqe-oil\/#breadcrumblist","itemListElement":[{"@type":"ListItem","@id":"https:\/\/monatglobal.com\/ca#listItem","position":1,"name":"Home","item":"https:\/\/monatglobal.com\/ca","nextItem":{"@type":"ListItem","@id":"https:\/\/monatglobal.com\/ca\/rejuveniqe-oil\/#listItem","name":"REJUVENIQE\u00ae Oil Intensive"}},{"@type":"ListItem","@id":"https:\/\/monatglobal.com\/ca\/rejuveniqe-oil\/#listItem","position":2,"name":"REJUVENIQE\u00ae Oil Intensive","previousItem":{"@type":"ListItem","@id":"https:\/\/monatglobal.com\/ca#listItem","name":"Home"}}]},{"@type":"Organization","@id":"https:\/\/monatglobal.com\/ca\/#organization","name":"Monat Canada English","description":"We Are Modern Nature","url":"https:\/\/monatglobal.com\/ca\/"},{"@type":"WebPage","@id":"https:\/\/monatglobal.com\/ca\/rejuveniqe-oil\/#webpage","url":"https:\/\/monatglobal.com\/ca\/rejuveniqe-oil\/","name":"REJUVENIQE\u00ae Oil Intensive | MONAT Hair and Skincare Products","description":"A proprietary blend of natural plant and essential oils for hair and skin. This multipurpose oil helps to strengthen hair, improves shine, and hydrates skin.","inLanguage":"en-US","isPartOf":{"@id":"https:\/\/monatglobal.com\/ca\/#website"},"breadcrumb":{"@id":"https:\/\/monatglobal.com\/ca\/rejuveniqe-oil\/#breadcrumblist"},"image":{"@type":"ImageObject","url":"https:\/\/monatglobal.com\/ca\/wp-content\/uploads\/sites\/5\/2020\/07\/REJUVENIQE-.png","@id":"https:\/\/monatglobal.com\/ca\/rejuveniqe-oil\/#mainImage","width":263,"height":300},"primaryImageOfPage":{"@id":"https:\/\/monatglobal.com\/ca\/rejuveniqe-oil\/#mainImage"},"datePublished":"2016-02-18T02:09:59-05:00","dateModified":"2026-01-14T15:57:31-05:00"},{"@type":"WebSite","@id":"https:\/\/monatglobal.com\/ca\/#website","url":"https:\/\/monatglobal.com\/ca\/","name":"Monat Canada English","description":"We Are Modern Nature","inLanguage":"en-US","publisher":{"@id":"https:\/\/monatglobal.com\/ca\/#organization"}}]},"og:locale":"en_US","og:site_name":"Monat Canada English - We Are Modern Nature","og:type":"article","og:title":"REJUVENIQE\u00ae Oil Intensive | MONAT Hair and Skincare Products","og:description":"A proprietary blend of natural plant and essential oils for hair and skin. This multipurpose oil helps to strengthen hair, improves shine, and hydrates skin.","og:url":"https:\/\/monatglobal.com\/ca\/rejuveniqe-oil\/","article:published_time":"2016-02-18T02:09:59+00:00","article:modified_time":"2026-01-14T20:57:31+00:00","twitter:card":"summary_large_image","twitter:title":"REJUVENIQE\u00ae Oil Intensive | MONAT Hair and Skincare Products","twitter:description":"A proprietary blend of natural plant and essential oils for hair and skin. This multipurpose oil helps to strengthen hair, improves shine, and hydrates skin."},"aioseo_meta_data":{"post_id":"9598","title":"REJUVENIQE\u00ae Oil Intensive | MONAT Hair and Skincare Products","description":"A proprietary blend of natural plant and essential oils for hair and skin. This multipurpose oil helps to strengthen hair, improves shine, and hydrates skin.","keywords":null,"keyphrases":{"focus":{"keyphrase":"REJUVENIQE\u00ae Oil Intensive","score":46,"analysis":{"keyphraseInTitle":{"score":9,"maxScore":9,"error":0},"keyphraseInDescription":{"score":3,"maxScore":9,"error":1},"keyphraseLength":{"score":9,"maxScore":9,"error":0,"length":3},"keyphraseInURL":{"score":1,"maxScore":5,"error":1},"keyphraseInIntroduction":{"score":3,"maxScore":9,"error":1},"keyphraseInSubHeadings":{"score":3,"maxScore":9,"error":1},"keyphraseInImageAlt":{"score":3,"maxScore":9,"error":1},"keywordDensity":{"score":0,"type":"low","maxScore":9,"error":1}}},"additional":[]},"primary_term":null,"canonical_url":null,"og_title":null,"og_description":null,"og_object_type":"default","og_image_type":"default","og_image_url":null,"og_image_width":null,"og_image_height":null,"og_image_custom_url":null,"og_image_custom_fields":null,"og_video":"","og_custom_url":null,"og_article_section":null,"og_article_tags":null,"twitter_use_og":false,"twitter_card":"default","twitter_image_type":"default","twitter_image_url":null,"twitter_image_custom_url":null,"twitter_image_custom_fields":null,"twitter_title":null,"twitter_description":null,"schema":{"blockGraphs":[],"customGraphs":[],"default":{"data":{"Article":[],"Course":[],"Dataset":[],"FAQPage":[],"Movie":[],"Person":[],"Product":[],"ProductReview":[],"Car":[],"Recipe":[],"Service":[],"SoftwareApplication":[],"WebPage":[]},"graphName":"WebPage","isEnabled":true},"graphs":[]},"schema_type":"default","schema_type_options":null,"pillar_content":false,"robots_default":true,"robots_noindex":false,"robots_noarchive":false,"robots_nosnippet":false,"robots_nofollow":false,"robots_noimageindex":false,"robots_noodp":false,"robots_notranslate":false,"robots_max_snippet":"-1","robots_max_videopreview":"-1","robots_max_imagepreview":"large","priority":null,"frequency":"default","local_seo":null,"seo_analyzer_scan_date":"2026-02-10 02:58:32","limit_modified_date":false,"reviewed_by":null,"open_ai":"{\"title\":{\"suggestions\":[],\"usage\":0},\"description\":{\"suggestions\":[],\"usage\":0}}","ai":null,"created":"2023-07-26 12:05:26","updated":"2026-02-10 05:13:58"},"aioseo_breadcrumb":"<div class=\"aioseo-breadcrumbs\"><span class=\"aioseo-breadcrumb\">\n\t<a href=\"https:\/\/monatglobal.com\/ca\" title=\"Home\">Home<\/a>\n<\/span><span class=\"aioseo-breadcrumb-separator\">&raquo;<\/span><span class=\"aioseo-breadcrumb\">\n\tREJUVENIQE\u00ae Oil Intensive\n<\/span><\/div>","aioseo_breadcrumb_json":[{"label":"Home","link":"https:\/\/monatglobal.com\/ca"},{"label":"REJUVENIQE\u00ae Oil Intensive","link":"https:\/\/monatglobal.com\/ca\/rejuveniqe-oil\/"}],"_links":{"self":[{"href":"https:\/\/monatglobal.com\/ca\/wp-json\/wp\/v2\/pages\/9598","targetHints":{"allow":["GET"]}}],"collection":[{"href":"https:\/\/monatglobal.com\/ca\/wp-json\/wp\/v2\/pages"}],"about":[{"href":"https:\/\/monatglobal.com\/ca\/wp-json\/wp\/v2\/types\/page"}],"author":[{"embeddable":true,"href":"https:\/\/monatglobal.com\/ca\/wp-json\/wp\/v2\/users\/31"}],"replies":[{"embeddable":true,"href":"https:\/\/monatglobal.com\/ca\/wp-json\/wp\/v2\/comments?post=9598"}],"version-history":[{"count":80,"href":"https:\/\/monatglobal.com\/ca\/wp-json\/wp\/v2\/pages\/9598\/revisions"}],"predecessor-version":[{"id":109964,"href":"https:\/\/monatglobal.com\/ca\/wp-json\/wp\/v2\/pages\/9598\/revisions\/109964"}],"wp:featuredmedia":[{"embeddable":true,"href":"https:\/\/monatglobal.com\/ca\/wp-json\/wp\/v2\/media\/52553"}],"wp:attachment":[{"href":"https:\/\/monatglobal.com\/ca\/wp-json\/wp\/v2\/media?parent=9598"}],"wp:term":[{"taxonomy":"category","embeddable":true,"href":"https:\/\/monatglobal.com\/ca\/wp-json\/wp\/v2\/categories?post=9598"},{"taxonomy":"post_tag","embeddable":true,"href":"https:\/\/monatglobal.com\/ca\/wp-json\/wp\/v2\/tags?post=9598"}],"curies":[{"name":"wp","href":"https:\/\/api.w.org\/{rel}","templated":true}]}}