{"id":91475,"date":"2025-01-09T10:19:21","date_gmt":"2025-01-09T15:19:21","guid":{"rendered":"https:\/\/monatglobal.com\/ca\/?page_id=91475"},"modified":"2026-01-16T11:18:21","modified_gmt":"2026-01-16T16:18:21","slug":"cc-cream","status":"publish","type":"page","link":"https:\/\/monatglobal.com\/ca\/cc-cream\/?lang=fr","title":{"rendered":"Cr\u00e8me CC MONAT STUDIO ONE\u2122\ufe0f| Traitement capillaire sans rin\u00e7age"},"content":{"rendered":"\n\n\t<link rel=\"stylesheet\" href=\"https:\/\/monatglobal.com\/wp-content\/creative_css\/product_styles_sheet.css\" \/>\n   <!--==================================================== ECOMM SECTION ====================================================-->\n      <!--==================================================== Ecomm image ====================================================-->\n      NEW\n              <img decoding=\"async\" alt=\"Product shot of MONAT Studio One CC Cream.\" src=\"https:\/\/monatglobal.com\/wp-content\/uploads\/2025\/01\/cc-cream-ecomm.png\" loading=\"lazy\"\/>\n              <img decoding=\"async\" alt=\"Two tubes of MONAT STUDIO ONE\u2122 CC Cream elegantly displayed on a clean surface.\" src=\"https:\/\/monatglobal.com\/wp-content\/uploads\/2025\/01\/cc-cream-slide-1.jpg\" loading=\"lazy\"\/>\n              <p>BEFORE AFTER<\/p>\n              <img decoding=\"async\" alt=\"A woman with long hair gently brushes her hair with her hands.\" src=\"https:\/\/monatglobal.com\/wp-content\/uploads\/2025\/01\/cc-cream-slide-2.jpg\" loading=\"lazy\"\/>\n              <img decoding=\"async\" alt=\"A MONAT STUDIO ONE\u2122 CC Cream tube displayed on a white background, with a portion of the product beside it\" src=\"https:\/\/monatglobal.com\/wp-content\/uploads\/2025\/01\/cc-cream-slide-3.jpg\" loading=\"lazy\"\/>\n                    <img decoding=\"async\" alt=\"Product shot of MONAT STUDIO ONE\u2122 CC Cream.\" src=\"https:\/\/monatglobal.com\/wp-content\/uploads\/2025\/01\/cc-cream-ecomm.png\" data-lbxp=\"\" loading=\"lazy\"\/>\n                    <img decoding=\"async\" alt=\"Two tubes of MONAT STUDIO ONE\u2122 CC Cream elegantly displayed on a clean surface.\" src=\"https:\/\/monatglobal.com\/wp-content\/uploads\/2025\/01\/cc-cream-slide-1.jpg\" data-lbxp=\"\" loading=\"lazy\"\/>\n                    <img decoding=\"async\" alt=\"A woman with long hair gently brushes her hair with her hands.\" src=\"https:\/\/monatglobal.com\/wp-content\/uploads\/2025\/01\/cc-cream-slide-2.jpg\" data-lbxp=\"\" loading=\"lazy\"\/>\n                    <img decoding=\"async\" alt=\"A MONAT STUDIO ONE\u2122 CC Cream tube displayed on a white background, with a portion of the product beside it\" src=\"https:\/\/monatglobal.com\/wp-content\/uploads\/2025\/01\/cc-cream-slide-3.jpg\" loading=\"lazy\"\/>\n      <!--==================================================== Ecomm information  ====================================================-->\n         \n         NEW\n         <p>Cr\u00e8me CC<\/p>\n         <h1>MONAT STUDIO ONE\u2122<\/h1>\n          \n         <p>Soin sans rin\u00e7age <\/p> \n         <p>Ce l\u00e9ger traitement sans rin\u00e7age offre un soin complet aux cheveux pour les laisser doux et magnifiques.<\/p>\n         <p>148 ml \u212e 5 oz liq.<\/p>\n       <!--==================================================== pricing box  ====================================================-->  \n   <p>Prix de d\u00e9tail<br \/>$00.00 $ CA<\/p>\n   <p>Prix de client VIP<br \/>$00.00 $ CA<\/p> \n      <!--==================================================== pricing box  ====================================================-->   \n         <p>Pour en savoir plus sur la Cr\u00e8me CC MONAT STUDIO ONE\u2122, veuillez contacter votre partenaire de march\u00e9 MONAT.<\/p>\n            <a href=\"\" target=\"_blank\" role=\"button\" aria-label=\"\" rel=\"noopener\"><\/a>\n   <!--==================================================== \/ECOMM SECTION  ====================================================-->\n   <!--==================================================== Benefits image ====================================================-->\n  \n    <source media=\"(max-width: 700px)\" srcset=\"https:\/\/monatglobal.com\/wp-content\/uploads\/2025\/01\/cc-cream-benefits-mobile.jpg\" loading=\"lazy\"\/>\n      <img decoding=\"async\" src=\"https:\/\/monatglobal.com\/wp-content\/uploads\/2025\/01\/cc-cream-benefits-desktop.jpg\" alt=\"Smiling woman with long brown hair smiling at the camera in a well-lit environment.\" loading=\"lazy\"\/>\n    \n   <!--==================================================== Benefits text ====================================================-->\n         <h2>BIENFAITS<\/h2>\n         <h3>Cet hydratant quotidien pour les cheveux prot\u00e8ge et&nbsp;hydrate les cheveux secs, fragiles, endommag\u00e9s et&nbsp;ternes, les laissant doux, souples et brillants.<\/h3>\n         <!--==================================================== features image  ====================================================-->\n         <img decoding=\"async\" alt=\"A bottle of MONAT STUDIO ONE\u2122 CC Cream product displayed alongside small portions of its key ingredients, emphasizing the product's natural composition.\" src=\"https:\/\/monatglobal.com\/wp-content\/uploads\/2025\/01\/cc-cream-features.jpg\" loading=\"lazy\"\/>\n      <!--==================================================== features text ====================================================-->\n            <h3>CARACT\u00c9RISTIQUES<\/h3>  \n               <p>\/ Un traitement multifonction \u00e0 la fois l\u00e9ger et luxueux<\/p>\n               <p>\/ Laisse les cheveux tr\u00e8s doux<\/p>\n               <p>\/ Cette cr\u00e8me unique \u00e0 la texture non grasse s&#8217;absorbe rapidement et facilite le peignage et le brossage en r\u00e9duisant les n\u0153uds et les emm\u00ealements<\/p>\n               <p>\/ Convient \u00e0 tous types de cheveux<\/p>\n            <p> *Based on a perception study after 28 days of use by 52 panelists aged 18-70 under dermatologist supervision. Tested by an independent laboratory. <\/p>\n            <br \/>\n            <p>Fragrance \/ Fragrance-free <\/p>\n            <p>Texture \/ Cr\u00e8me <\/p>\n   <!--==================================================== composition image mobile ====================================================-->\n   <img decoding=\"async\" alt=\"A tube of MONAT Studio One CC Cream hair product reflected in a round mirror on a white surface.\" src=\"https:\/\/monatglobal.com\/wp-content\/uploads\/2025\/01\/cc-cream-comp-1.jpg\" loading=\"lazy\"\/>\n   <!--==================================================== Why it works text ====================================================-->\n      <h2>Sublime les cheveux en une seule \u00e9tape.<\/h2>\n      <h3>Ce revitalisant sans rin\u00e7age luxueux hydrate et prot\u00e8ge les cheveux en leur apportant des vitamines, des min\u00e9raux et des huiles, offrant une tenue l\u00e9g\u00e8re sans alourdir les cheveux.<\/h3>\n      <p> This fresh, modern multitasker sneaks in much-needed me-time in under five minutes to exfoliate and refine your&nbsp;skin.<\/p>\n<!--==================================================== Composition section ====================================================-->\n      <img decoding=\"async\" alt=\"A tube of MONAT Studio One CC Cream hair product reflected in a round mirror on a white surface.\" src=\"https:\/\/monatglobal.com\/wp-content\/uploads\/2025\/01\/cc-cream-comp-1.jpg\" loading=\"lazy\"\/>\n      <img decoding=\"async\" alt=\"Close-up of the texture of the MONAT Studio One CC Cream, white with subtle glitter.\" \n      src=\"https:\/\/monatglobal.com\/wp-content\/uploads\/2025\/01\/cc-cream-comp-2.jpg\" loading=\"lazy\"\/>\n            <!--==================================================== Directions text ====================================================--> \n               <h3>MODE D&#8217;EMPLOI<\/h3>\n                    <p>\/ \u00c9mulsionner et appliquer de fa\u00e7on uniforme sur cheveux propres et essor\u00e9s ou secs.<\/p>\n                    <p>\/ Coiffer comme d\u00e9sir\u00e9.   <\/p>\n            <!--==================================================== Directions video ====================================================-->\n      <p>Cr\u00e8me CC<br \/>  MONAT STUDIO ONE\u2122<br \/>0:00<\/p>\n         <!--==================================================== Suggestions image  ====================================================-->\n         <img decoding=\"async\" alt=\"\" src=\"https:\/\/monatglobal.com\/au\/wp-content\/uploads\/sites\/12\/2021\/12\/berry-refined-scrub-features-SUGGESTIONS.jpg\" loading=\"lazy\"\/>\n     <a href=\"\" target=\"_blank\" role=\"button\" aria-label=\"\" rel=\"noopener\"><\/a>\n   <!--==================================================== Ingredients section  ====================================================-->\n      <h2>INGR\u00c9DIENTS CL\u00c9S<\/h2>\n            <img decoding=\"async\" src=\"https:\/\/monatglobal.com\/wp-content\/uploads\/2022\/11\/Amino-Acid-Complex.svg\" alt=\"icon of Amino Acid Complex\"\/>\n        <p>Complexe d&#8217;acides amin\u00e9s<\/p>\n            <img decoding=\"async\" src=\"https:\/\/monatglobal.com\/wp-content\/uploads\/2022\/11\/Argan-oil.svg\" alt=\"icon of Argan Oil\"\/> \n        <p>Huile d&#8217;argan<\/p>\n            <img decoding=\"async\" src=\"https:\/\/monatglobal.com\/wp-content\/uploads\/2022\/11\/Murumuru-Butter.svg\" alt=\"icon of Murumuru Seed Butter\"\/>\n        <p>Beurre de graines de murumuru<\/p>\n            <img decoding=\"async\" src=\"https:\/\/monatglobal.com\/wp-content\/uploads\/2022\/11\/Panthenol.svg\" alt=\"icon of Panthenol\"\/>\n        <p>Panth\u00e9nol<\/p>\n        <button id=\"myBtn\" type=\"button\">INGR\u00c9DIENTS<\/button>\n      <!--==================================================== Modal content  ====================================================-->\n         &times;\n         <p> Aqua\/Water\/Eau, Cetearyl Alcohol, Behentrimonium Chloride, Cetyl Alcohol, Dicaprylyl Ether, Lauryl Alcohol, Ethylhexyl Palmitate, Isoamyl Laurate, Fragrance\/Parfum, Astrocaryum Murumuru Seed Butter, Argania Spinosa Kernel Oil, Panthenol, Wheat Amino Acids, Soy Amino Acids, Arginine HCl, Serine, Threonine, Tocopherol, Tocopheryl Acetate, Citric Acid, Tetrasodium EDTA, Ethylhexylglycerin, Benzyl Alcohol, Potassium Sorbate, Sodium Benzoate, Amyl Cinnamal, Citronellol, Limonene, Geraniol, Linalool.<\/p>\n   <!--==================================================== You might also like section ====================================================-->\n      <h2>VOUS POURRIEZ AUSSI AIMER<\/h2>\n      <!--==================================================== Slider YOU MIGHT ALSO LIKE ====================================================-->\n          <!---->\n          <!--   -->\n                <!-- Slides products-->\n          <!--      -->\n          <!--         <a href=\"https:\/\/monatglobal.com\/ca\/renew-shampoo\/?lang=fr\" aria-label=\"Go to Renew\u2122 Shampoo page\">-->\n          <!--          <img decoding=\"async\" src=\"https:\/\/monatglobal.com\/wp-content\/uploads\/2022\/12\/renew-shampoo-e-comm-min.png\" alt=\"Renew\u2122 Shampoo\" loading=\"lazy\"\/>-->\n          <!--          <p>SHAMPOOING RENOUVELANT<\/p>-->\n          <!--        <\/a>-->\n          <!--      -->\n          <!--      -->\n          <!--         <a href=\"https:\/\/monatglobal.com\/ca\/replenish-masque\/?lang=fr\" aria-label=\"Go to Replenish\u2122 Masque page\">-->\n          <!--            <img decoding=\"async\" src=\"https:\/\/monatglobal.com\/wp-content\/uploads\/2022\/12\/replenish-masque-e-comm-min.png\" alt=\"Replenish\u2122 Masque\" loading=\"lazy\"\/>-->\n          <!--            <p>Masque Replenish\u2122<\/p>-->\n          <!--         <\/a>-->\n          <!--      -->\n          <!--      -->\n          <!--         <a href=\"https:\/\/monatglobal.com\/ca\/flex-control-hairspray\/?lang=fr\" aria-label=\"Go to MONAT STUDIO ONE\u2122 Flex Control Hairspray page\">-->\n          <!--            <img decoding=\"async\" src=\"https:\/\/monatglobal.com\/wp-content\/uploads\/2022\/01\/flex-control-hairspray-ecomm-2022.png\" alt=\"MONAT STUDIO ONE\u2122 Flex Control Hairspray\" loading=\"lazy\"\/>-->\n          <!--            <p>Laque \u00e0 tenue flexible <br \/> MONAT STUDIO ONE\u2122<\/p>-->\n          <!--         <\/a>-->\n          <!--      -->\n          <!--   -->\n             <!-- If we need navigation buttons -->\n          <!--   -->\n          <!--   -->\n             <!-- If we need paginations -->\n          <!--   -->\n          <!---->\n             <!-- If we need navigation buttons -->\n             <!-- If we need paginations -->\n    <a href=\"\" aria-label=\"\"><\/a>\n<!--==================================================== this link has to go last for it to work   ====================================================-->\n\n","protected":false},"excerpt":{"rendered":"<p>NEW BEFORE AFTER NEW Cr\u00e8me CC MONAT STUDIO ONE\u2122 Soin sans rin\u00e7age Ce l\u00e9ger traitement sans rin\u00e7age offre un soin complet aux cheveux pour les laisser doux et magnifiques. 148 ml \u212e 5 oz liq. Prix de d\u00e9tail$00.00 $ CA Prix de client VIP$00.00 $ CA Pour en savoir plus sur la Cr\u00e8me CC MONAT&hellip;<\/p>\n","protected":false},"author":57,"featured_media":91469,"parent":0,"menu_order":0,"comment_status":"closed","ping_status":"closed","template":"","meta":{"inline_featured_image":false,"om_disable_all_campaigns":false,"_monsterinsights_skip_tracking":false,"_monsterinsights_sitenote_active":false,"_monsterinsights_sitenote_note":"","_monsterinsights_sitenote_category":0,"footnotes":""},"categories":[3629],"tags":[],"class_list":["post-91475","page","type-page","status-publish","has-post-thumbnail","hentry","category-product-fra"],"aioseo_notices":[],"aioseo_head":"\n\t\t<!-- All in One SEO Pro 4.9.5.2 - aioseo.com -->\n\t<meta name=\"description\" content=\"La Cr\u00e8me CC MONAT STUDIO ONE\u2122\ufe0f est un l\u00e9ger soin sans rin\u00e7age qui adoucit, d\u00e9m\u00eale et offre un soin complet \u00e0 tous types de cheveux.\" \/>\n\t<meta name=\"robots\" content=\"max-image-preview:large\" \/>\n\t<link rel=\"canonical\" href=\"https:\/\/monatglobal.com\/ca\/cc-cream\/?lang=fr\" \/>\n\t<meta name=\"generator\" content=\"All in One SEO Pro (AIOSEO) 4.9.5.2\" \/>\n\t\t<meta property=\"og:locale\" content=\"en_US\" \/>\n\t\t<meta property=\"og:site_name\" content=\"Monat Canada English - We Are Modern Nature\" \/>\n\t\t<meta property=\"og:type\" content=\"article\" \/>\n\t\t<meta property=\"og:title\" content=\"Cr\u00e8me CC MONAT STUDIO ONE\u2122\ufe0f| Traitement capillaire sans rin\u00e7age\" \/>\n\t\t<meta property=\"og:description\" content=\"La Cr\u00e8me CC MONAT STUDIO ONE\u2122\ufe0f est un l\u00e9ger soin sans rin\u00e7age qui adoucit, d\u00e9m\u00eale et offre un soin complet \u00e0 tous types de cheveux.\" \/>\n\t\t<meta property=\"og:url\" content=\"https:\/\/monatglobal.com\/ca\/cc-cream\/?lang=fr\" \/>\n\t\t<meta property=\"article:published_time\" content=\"2025-01-09T15:19:21+00:00\" \/>\n\t\t<meta property=\"article:modified_time\" content=\"2026-01-16T16:18:21+00:00\" \/>\n\t\t<meta name=\"twitter:card\" content=\"summary_large_image\" \/>\n\t\t<meta name=\"twitter:title\" content=\"Cr\u00e8me CC MONAT STUDIO ONE\u2122\ufe0f| Traitement capillaire sans rin\u00e7age\" \/>\n\t\t<meta name=\"twitter:description\" content=\"La Cr\u00e8me CC MONAT STUDIO ONE\u2122\ufe0f est un l\u00e9ger soin sans rin\u00e7age qui adoucit, d\u00e9m\u00eale et offre un soin complet \u00e0 tous types de cheveux.\" \/>\n\t\t<script type=\"application\/ld+json\" class=\"aioseo-schema\">\n\t\t\t{\"@context\":\"https:\\\/\\\/schema.org\",\"@graph\":[{\"@type\":\"BreadcrumbList\",\"@id\":\"https:\\\/\\\/monatglobal.com\\\/ca\\\/cc-cream\\\/?lang=fr#breadcrumblist\",\"itemListElement\":[{\"@type\":\"ListItem\",\"@id\":\"https:\\\/\\\/monatglobal.com\\\/ca#listItem\",\"position\":1,\"name\":\"Home\",\"item\":\"https:\\\/\\\/monatglobal.com\\\/ca\",\"nextItem\":{\"@type\":\"ListItem\",\"@id\":\"https:\\\/\\\/monatglobal.com\\\/ca\\\/cc-cream\\\/?lang=fr#listItem\",\"name\":\"Cr\\u00e8me CC MONAT STUDIO ONE\\u2122\\ufe0f| Traitement capillaire sans rin\\u00e7age\"}},{\"@type\":\"ListItem\",\"@id\":\"https:\\\/\\\/monatglobal.com\\\/ca\\\/cc-cream\\\/?lang=fr#listItem\",\"position\":2,\"name\":\"Cr\\u00e8me CC MONAT STUDIO ONE\\u2122\\ufe0f| Traitement capillaire sans rin\\u00e7age\",\"previousItem\":{\"@type\":\"ListItem\",\"@id\":\"https:\\\/\\\/monatglobal.com\\\/ca#listItem\",\"name\":\"Home\"}}]},{\"@type\":\"Organization\",\"@id\":\"https:\\\/\\\/monatglobal.com\\\/ca\\\/#organization\",\"name\":\"Monat Canada English\",\"description\":\"We Are Modern Nature\",\"url\":\"https:\\\/\\\/monatglobal.com\\\/ca\\\/\"},{\"@type\":\"WebPage\",\"@id\":\"https:\\\/\\\/monatglobal.com\\\/ca\\\/cc-cream\\\/?lang=fr#webpage\",\"url\":\"https:\\\/\\\/monatglobal.com\\\/ca\\\/cc-cream\\\/?lang=fr\",\"name\":\"Cr\\u00e8me CC MONAT STUDIO ONE\\u2122\\ufe0f| Traitement capillaire sans rin\\u00e7age\",\"description\":\"La Cr\\u00e8me CC MONAT STUDIO ONE\\u2122\\ufe0f est un l\\u00e9ger soin sans rin\\u00e7age qui adoucit, d\\u00e9m\\u00eale et offre un soin complet \\u00e0 tous types de cheveux.\",\"inLanguage\":\"en-US\",\"isPartOf\":{\"@id\":\"https:\\\/\\\/monatglobal.com\\\/ca\\\/#website\"},\"breadcrumb\":{\"@id\":\"https:\\\/\\\/monatglobal.com\\\/ca\\\/cc-cream\\\/?lang=fr#breadcrumblist\"},\"image\":{\"@type\":\"ImageObject\",\"url\":\"https:\\\/\\\/monatglobal.com\\\/ca\\\/wp-content\\\/uploads\\\/sites\\\/5\\\/2025\\\/01\\\/cc-cream-ecomm.png\",\"@id\":\"https:\\\/\\\/monatglobal.com\\\/ca\\\/cc-cream\\\/?lang=fr\\\/#mainImage\",\"width\":641,\"height\":800},\"primaryImageOfPage\":{\"@id\":\"https:\\\/\\\/monatglobal.com\\\/ca\\\/cc-cream\\\/?lang=fr#mainImage\"},\"datePublished\":\"2025-01-09T10:19:21-05:00\",\"dateModified\":\"2026-01-16T11:18:21-05:00\"},{\"@type\":\"WebSite\",\"@id\":\"https:\\\/\\\/monatglobal.com\\\/ca\\\/#website\",\"url\":\"https:\\\/\\\/monatglobal.com\\\/ca\\\/\",\"name\":\"Monat Canada English\",\"description\":\"We Are Modern Nature\",\"inLanguage\":\"en-US\",\"publisher\":{\"@id\":\"https:\\\/\\\/monatglobal.com\\\/ca\\\/#organization\"}}]}\n\t\t<\/script>\n\t\t<!-- All in One SEO Pro -->\r\n\t\t<title>Cr\u00e8me CC MONAT STUDIO ONE\u2122\ufe0f| Traitement capillaire sans rin\u00e7age<\/title>\n\n","aioseo_head_json":{"title":"Cr\u00e8me CC MONAT STUDIO ONE\u2122\ufe0f| Traitement capillaire sans rin\u00e7age","description":"La Cr\u00e8me CC MONAT STUDIO ONE\u2122\ufe0f est un l\u00e9ger soin sans rin\u00e7age qui adoucit, d\u00e9m\u00eale et offre un soin complet \u00e0 tous types de cheveux.","canonical_url":"https:\/\/monatglobal.com\/ca\/cc-cream\/?lang=fr","robots":"max-image-preview:large","keywords":"","webmasterTools":{"miscellaneous":""},"schema":{"@context":"https:\/\/schema.org","@graph":[{"@type":"BreadcrumbList","@id":"https:\/\/monatglobal.com\/ca\/cc-cream\/?lang=fr#breadcrumblist","itemListElement":[{"@type":"ListItem","@id":"https:\/\/monatglobal.com\/ca#listItem","position":1,"name":"Home","item":"https:\/\/monatglobal.com\/ca","nextItem":{"@type":"ListItem","@id":"https:\/\/monatglobal.com\/ca\/cc-cream\/?lang=fr#listItem","name":"Cr\u00e8me CC MONAT STUDIO ONE\u2122\ufe0f| Traitement capillaire sans rin\u00e7age"}},{"@type":"ListItem","@id":"https:\/\/monatglobal.com\/ca\/cc-cream\/?lang=fr#listItem","position":2,"name":"Cr\u00e8me CC MONAT STUDIO ONE\u2122\ufe0f| Traitement capillaire sans rin\u00e7age","previousItem":{"@type":"ListItem","@id":"https:\/\/monatglobal.com\/ca#listItem","name":"Home"}}]},{"@type":"Organization","@id":"https:\/\/monatglobal.com\/ca\/#organization","name":"Monat Canada English","description":"We Are Modern Nature","url":"https:\/\/monatglobal.com\/ca\/"},{"@type":"WebPage","@id":"https:\/\/monatglobal.com\/ca\/cc-cream\/?lang=fr#webpage","url":"https:\/\/monatglobal.com\/ca\/cc-cream\/?lang=fr","name":"Cr\u00e8me CC MONAT STUDIO ONE\u2122\ufe0f| Traitement capillaire sans rin\u00e7age","description":"La Cr\u00e8me CC MONAT STUDIO ONE\u2122\ufe0f est un l\u00e9ger soin sans rin\u00e7age qui adoucit, d\u00e9m\u00eale et offre un soin complet \u00e0 tous types de cheveux.","inLanguage":"en-US","isPartOf":{"@id":"https:\/\/monatglobal.com\/ca\/#website"},"breadcrumb":{"@id":"https:\/\/monatglobal.com\/ca\/cc-cream\/?lang=fr#breadcrumblist"},"image":{"@type":"ImageObject","url":"https:\/\/monatglobal.com\/ca\/wp-content\/uploads\/sites\/5\/2025\/01\/cc-cream-ecomm.png","@id":"https:\/\/monatglobal.com\/ca\/cc-cream\/?lang=fr\/#mainImage","width":641,"height":800},"primaryImageOfPage":{"@id":"https:\/\/monatglobal.com\/ca\/cc-cream\/?lang=fr#mainImage"},"datePublished":"2025-01-09T10:19:21-05:00","dateModified":"2026-01-16T11:18:21-05:00"},{"@type":"WebSite","@id":"https:\/\/monatglobal.com\/ca\/#website","url":"https:\/\/monatglobal.com\/ca\/","name":"Monat Canada English","description":"We Are Modern Nature","inLanguage":"en-US","publisher":{"@id":"https:\/\/monatglobal.com\/ca\/#organization"}}]},"og:locale":"en_US","og:site_name":"Monat Canada English - We Are Modern Nature","og:type":"article","og:title":"Cr\u00e8me CC MONAT STUDIO ONE\u2122\ufe0f| Traitement capillaire sans rin\u00e7age","og:description":"La Cr\u00e8me CC MONAT STUDIO ONE\u2122\ufe0f est un l\u00e9ger soin sans rin\u00e7age qui adoucit, d\u00e9m\u00eale et offre un soin complet \u00e0 tous types de cheveux.","og:url":"https:\/\/monatglobal.com\/ca\/cc-cream\/?lang=fr","article:published_time":"2025-01-09T15:19:21+00:00","article:modified_time":"2026-01-16T16:18:21+00:00","twitter:card":"summary_large_image","twitter:title":"Cr\u00e8me CC MONAT STUDIO ONE\u2122\ufe0f| Traitement capillaire sans rin\u00e7age","twitter:description":"La Cr\u00e8me CC MONAT STUDIO ONE\u2122\ufe0f est un l\u00e9ger soin sans rin\u00e7age qui adoucit, d\u00e9m\u00eale et offre un soin complet \u00e0 tous types de cheveux."},"aioseo_meta_data":{"post_id":"91475","title":"Cr\u00e8me CC MONAT STUDIO ONE\u2122\ufe0f| Traitement capillaire sans rin\u00e7age","description":"La Cr\u00e8me CC MONAT STUDIO ONE\u2122\ufe0f est un l\u00e9ger soin sans rin\u00e7age qui adoucit, d\u00e9m\u00eale et offre un soin complet \u00e0 tous types de cheveux.","keywords":null,"keyphrases":{"focus":{"keyphrase":"","score":0,"analysis":{"keyphraseInTitle":{"score":0,"maxScore":9,"error":1}}},"additional":[]},"primary_term":null,"canonical_url":null,"og_title":null,"og_description":null,"og_object_type":"default","og_image_type":"default","og_image_url":null,"og_image_width":null,"og_image_height":null,"og_image_custom_url":null,"og_image_custom_fields":null,"og_video":"","og_custom_url":null,"og_article_section":null,"og_article_tags":null,"twitter_use_og":false,"twitter_card":"default","twitter_image_type":"default","twitter_image_url":null,"twitter_image_custom_url":null,"twitter_image_custom_fields":null,"twitter_title":null,"twitter_description":null,"schema":{"blockGraphs":[],"customGraphs":[],"default":{"data":{"Article":[],"Course":[],"Dataset":[],"FAQPage":[],"Movie":[],"Person":[],"Product":[],"ProductReview":[],"Car":[],"Recipe":[],"Service":[],"SoftwareApplication":[],"WebPage":[]},"graphName":"WebPage","isEnabled":true},"graphs":[]},"schema_type":"default","schema_type_options":null,"pillar_content":false,"robots_default":true,"robots_noindex":false,"robots_noarchive":false,"robots_nosnippet":false,"robots_nofollow":false,"robots_noimageindex":false,"robots_noodp":false,"robots_notranslate":false,"robots_max_snippet":"-1","robots_max_videopreview":"-1","robots_max_imagepreview":"large","priority":null,"frequency":"default","local_seo":null,"seo_analyzer_scan_date":"2026-02-10 21:17:42","limit_modified_date":false,"reviewed_by":null,"open_ai":null,"ai":null,"created":"2025-01-09 15:19:24","updated":"2026-02-10 21:17:42"},"aioseo_breadcrumb":"<div class=\"aioseo-breadcrumbs\"><span class=\"aioseo-breadcrumb\">\n\t<a href=\"https:\/\/monatglobal.com\/ca\" title=\"Home\">Home<\/a>\n<\/span><span class=\"aioseo-breadcrumb-separator\">&raquo;<\/span><span class=\"aioseo-breadcrumb\">\n\tCr\u00e8me CC MONAT STUDIO ONE\u2122\ufe0f| Traitement capillaire sans rin\u00e7age\n<\/span><\/div>","aioseo_breadcrumb_json":[{"label":"Home","link":"https:\/\/monatglobal.com\/ca"},{"label":"Cr\u00e8me CC MONAT STUDIO ONE\u2122\ufe0f| Traitement capillaire sans rin\u00e7age","link":"https:\/\/monatglobal.com\/ca\/cc-cream\/?lang=fr"}],"_links":{"self":[{"href":"https:\/\/monatglobal.com\/ca\/wp-json\/wp\/v2\/pages\/91475","targetHints":{"allow":["GET"]}}],"collection":[{"href":"https:\/\/monatglobal.com\/ca\/wp-json\/wp\/v2\/pages"}],"about":[{"href":"https:\/\/monatglobal.com\/ca\/wp-json\/wp\/v2\/types\/page"}],"author":[{"embeddable":true,"href":"https:\/\/monatglobal.com\/ca\/wp-json\/wp\/v2\/users\/57"}],"replies":[{"embeddable":true,"href":"https:\/\/monatglobal.com\/ca\/wp-json\/wp\/v2\/comments?post=91475"}],"version-history":[{"count":20,"href":"https:\/\/monatglobal.com\/ca\/wp-json\/wp\/v2\/pages\/91475\/revisions"}],"predecessor-version":[{"id":110082,"href":"https:\/\/monatglobal.com\/ca\/wp-json\/wp\/v2\/pages\/91475\/revisions\/110082"}],"wp:featuredmedia":[{"embeddable":true,"href":"https:\/\/monatglobal.com\/ca\/wp-json\/wp\/v2\/media\/91469"}],"wp:attachment":[{"href":"https:\/\/monatglobal.com\/ca\/wp-json\/wp\/v2\/media?parent=91475"}],"wp:term":[{"taxonomy":"category","embeddable":true,"href":"https:\/\/monatglobal.com\/ca\/wp-json\/wp\/v2\/categories?post=91475"},{"taxonomy":"post_tag","embeddable":true,"href":"https:\/\/monatglobal.com\/ca\/wp-json\/wp\/v2\/tags?post=91475"}],"curies":[{"name":"wp","href":"https:\/\/api.w.org\/{rel}","templated":true}]}}