{"id":90717,"date":"2024-11-02T01:05:24","date_gmt":"2024-11-02T05:05:24","guid":{"rendered":"https:\/\/monatglobal.com\/ca\/?page_id=90717"},"modified":"2026-01-28T12:48:24","modified_gmt":"2026-01-28T17:48:24","slug":"leadership-circle","status":"publish","type":"page","link":"https:\/\/monatglobal.com\/ca\/leadership-circle\/?lang=fr","title":{"rendered":"Cercle de leadership MONAT 2026 &#8211; MONAT GLOBAL"},"content":{"rendered":"\n\n\t<style>\n   @import url('https:\/\/fonts.cdnfonts.com\/css\/dm-serif-display'); \n   :root {\n        --primaryColor: #5F6DB3;\n        --secondaryColor: #AABBCC ;\n        --gold: #9c807d;\n        --primarySerif: \"DM Serif Display\";\n   }\n<\/style>\n<section id=\"bannerSec\">\n       <img decoding=\"async\" id=\"dc_icon\" src=\"https:\/\/monatglobal.com\/wp-content\/uploads\/2025\/08\/leadership-circle-logo-2026-ocre.svg\" alt=\"\"\/> \n    <h1 id=\"banner_h1\">Nous fa\u00e7onnons <br \/> <em>l&#8217;avenir ensemble.  <\/em><\/h1>\n<\/section>\n<section id=\"sec1\">\n      <img decoding=\"async\" src=\"https:\/\/monatglobal.com\/wp-content\/uploads\/2025\/08\/leadership-circle-badge-2026.svg\" alt=\"\"\/>\n      <h2>W South Beach <br \/> Miami, Floride <br \/> Du 12 au 15 mars<\/h2>    \n         <p>P\u00e9riode de qualification <\/p>  \n         <p>Du 1er ao\u00fbt 2025 au 31 janvier 2026<\/p>\n               <img decoding=\"async\" id=\"seashell_bkgnd_img\" src=\"https:\/\/monatglobal.com\/wp-content\/uploads\/2025\/08\/yellow-shell.svg\"\/>    \n               <h2>Le leadership <br \/>en action<\/h2>\n            <p>Suivez une formation exclusive offerte par des leaders de haut niveau et des cadres. <br \/>Obtenez de pr\u00e9cieux conseils pour aligner vos objectifs et maximiser le potentiel de votre entreprise MONAT.<\/p>\n            <p>Le Cercle de leadership 2026 est un \u00e9v\u00e8nement sur invitation seulement pour les personnes au titre de carri\u00e8re de MMG \u00e0 directeur.<\/p>  \n<\/section>\n<section id=\"SED_sec\"> \n   <img decoding=\"async\" src=\"https:\/\/monatglobal.com\/wp-content\/uploads\/2025\/08\/beach-seats-and-umbrella-min-1.jpg\" alt=\"\"\/> \n         <h2>Red\u00e9finissez ce qui est possible<\/h2>\n         <p>Discutez des principaux sujets en plus de d\u00e9tail pendant nos tables rondes. <\/p>\n         <p>Renforcez votre d\u00e9brouillardise pendant les sessions portant sur des sujets pr\u00e9cis.<\/p>\n<\/section>\n<section id=\"sec3\">\n    <img decoding=\"async\" id=\"seashell\" src=\"https:\/\/monatglobal.com\/wp-content\/uploads\/2025\/08\/sea-snail-1.svg\" alt=\"\"\/>\n    <img decoding=\"async\" id=\"jellyfish\" src=\"https:\/\/monatglobal.com\/wp-content\/uploads\/2025\/08\/jellyfish.svg\" alt=\"\"\/>\n         <img decoding=\"async\" id=\"qualification_icon\" src=\"https:\/\/monatglobal.com\/wp-content\/uploads\/2025\/08\/sea-star.svg\" alt=\"\"\/>  \n         <h2 id=\"qualification_title\">P\u00c9RIODE DE QUALIFICATION  Du 1er ao\u00fbt 2025 <br \/>au 31 janvier 2026<\/h2>\n         <p>Qui peut y participer?  <\/p>\n         <p>Les personnes au titre de carri\u00e8re de MMG, DEA, DE ou DES en date du 1er ao\u00fbt 2025 <br \/> et les partenaires de march\u00e9 qui atteignent le rang de MMG ou plus haut d&#8217;ici le 31 janvier 2026 sont admissibles.<\/p>\n          <img decoding=\"async\" id=\"qualification_icon\" src=\"https:\/\/monatglobal.com\/wp-content\/uploads\/2025\/09\/recognition-leadership-graphic.svg\" alt=\"recognition leadership graphic\"\/>\n         <h2 id=\"qualification_title\">CRIT\u00c8RES POUR LA RECONNAISSANCE<\/h2>\n         <p>COMMENT VOUS M\u00c9RITER VOTRE PLACE SUR SC\u00c8NE! <\/p>\n         <p>\u2022\tLes meilleurs pour le parrainage   <br \/> \u2022\tLes meilleurs pour le nombre de VIP inscrits   <br \/> \u2022\tLa constance (pay\u00e9 \u00e0 votre titre ce carri\u00e8re tout au long de la p\u00e9riode de qualification)<\/p>\n         <p>La p\u00e9riode de qualification pour la reconnaissance s&#8217;\u00e9tend du 1er ao\u00fbt 2025 au 31 janvier 2026.<\/p>\n         <h2>CRIT\u00c8RES DE QUALIFICATION<\/h2>\n            <p>NIVEAU 1 <\/p>\n            <p>(Comprend 3 nuits \u00e0 l&#8217;h\u00f4tel)<\/p>\n            <hr \/>\n            <p>Ceux au titre de carri\u00e8re de MM en date du 1er\u00a0ao\u00fbt\u00a02025 et les partenaires de march\u00e9 qui ont d\u00e9j\u00e0 eu le titre de carri\u00e8re de MM<\/p>\n            <ul>\n                <li>Vous devez \u00eatre pay\u00e9 en tant que MM ou plus haut 1\u00a0mois sur 6 pendant la p\u00e9riode de qualification<\/li>\n                <li>Parrainez au moins 2 partenaires de march\u00e9 (PM) admissibles et 8 clients VIP admissibles pendant la p\u00e9riode de qualification<\/li>\n                <li>Soyez pay\u00e9 en tant que MMA ou plus haut le dernier mois de la p\u00e9riode de qualification<\/li>\n            <\/ul>\n            <hr \/>\n            <p>Ceux au titre de carri\u00e8re de MMG en date du 1er\u00a0ao\u00fbt 2025 <\/p>\n            <ul>\n                <li>Vous devez \u00eatre pay\u00e9 en tant que MMG ou plus haut 1\u00a0mois sur 6 pendant la p\u00e9riode de qualification<\/li>\n                <li>Parrainez au moins 2 partenaires de march\u00e9 (PM) admissibles et 8 clients VIP admissibles pendant la p\u00e9riode de qualification<\/li>\n                <li>Soyez pay\u00e9 en tant que MMA ou plus haut le dernier mois de la p\u00e9riode de qualification<\/li>\n            <\/ul>\n            <hr \/>\n            <p>Ceux au titre de carri\u00e8re de directeur en date du 1er\u00a0ao\u00fbt 2025<\/p>\n            <ul>\n                <li>Vous devez \u00eatre pay\u00e9 en tant que DEA ou plus haut 1\u00a0mois sur 6 pendant la p\u00e9riode de qualification<\/li>\n                <li>Parrainez au moins 2 partenaires de march\u00e9 (PM) admissibles et 8 clients VIP admissibles pendant la p\u00e9riode de qualification<\/li>\n                <li>Soyez pay\u00e9 en tant que MM ou plus haut le dernier mois de la p\u00e9riode de qualification<\/li>\n            <\/ul>\n            <p>NIVEAU 2<\/p>\n            <p>(Comprend 3 nuits \u00e0 l&#8217;h\u00f4tel + billet d&#8217;avion&nbsp;aller-retour)<\/p>\n            <hr \/>\n            <p>Ceux au titre de carri\u00e8re de MM en date du 1er\u00a0ao\u00fbt\u00a02025 et les partenaires de march\u00e9 qui ont d\u00e9j\u00e0 eu le titre de carri\u00e8re de MM<\/p>\n            <ul>\n                <li>Vous devez \u00eatre pay\u00e9 en tant que MM ou plus haut 1\u00a0mois sur 6 pendant la p\u00e9riode de qualification<\/li>\n                <li>Parrainez au moins 2 partenaires de march\u00e9 (PM) admissibles et 8 clients VIP admissibles pendant la p\u00e9riode de qualification<\/li>\n                <li>Aidez 1 personne que vous avez personnellement parrain\u00e9e \u00e0 devenir un NOUVEAU BMG<\/li>\n                <li>Soyez pay\u00e9 en tant que MMA ou plus haut le dernier mois de la p\u00e9riode de qualification<\/li>\n            <\/ul>\n            <hr \/>\n            <p>Ceux au titre de carri\u00e8re de MMG en date du 1er\u00a0ao\u00fbt 2025 <\/p>\n            <ul>\n                <li>Vous devez \u00eatre pay\u00e9 en tant que MMG ou plus haut 1\u00a0mois sur 6 pendant la p\u00e9riode de qualification<\/li>\n                <li>Parrainez au moins 2 partenaires de march\u00e9 (PM) admissibles et 8 clients VIP admissibles pendant la p\u00e9riode de qualification<\/li>\n                <li>Aidez 2 personnes que vous avez personnellement parrain\u00e9es \u00e0 devenir de NOUVEAUX BMG<\/li>\n                <li>Soyez pay\u00e9 en tant que MMA ou plus haut le dernier mois de la p\u00e9riode de qualification<\/li>\n            <\/ul>\n            <hr \/>\n            <p>Ceux au titre de carri\u00e8re de directeur en date du 1er\u00a0ao\u00fbt 2025<\/p>\n            <ul>\n                <li>Vous devez \u00eatre pay\u00e9 en tant que DEA ou plus haut 1\u00a0mois sur 6 pendant la p\u00e9riode de qualification<\/li>\n                <li>Parrainez au moins 2 partenaires de march\u00e9 (PM) admissibles et 8 clients VIP admissibles pendant la p\u00e9riode de qualification<\/li>\n                <li>Aidez 2 personnes que vous avez personnellement parrain\u00e9es \u00e0 devenir de NOUVEAUX BMG<\/li>\n                <li>Soyez pay\u00e9 en tant que MM ou plus haut le dernier mois de la p\u00e9riode de qualification<\/li>\n            <\/ul>\n            <hr \/>\n            <p>Nouveaux MM, MMG et directeurs d&#8217;ici le 31 janvier 2026<\/p>\n            <ul>\n                <li>Vous devez atteindre le rang de MM, MMG ou un rang de directeur pour la premi\u00e8re fois pendant la p\u00e9riode de qualification<\/li>\n                <li>Parrainez au moins 2 partenaires de march\u00e9 (PM) admissibles et 8 clients VIP admissibles pendant la p\u00e9riode de qualification<\/li>\n                <li>Soyez pay\u00e9 en tant que MMA ou plus haut le dernier mois de la p\u00e9riode de qualification<\/li>\n            <\/ul>\n            <!---->\n            <!--    <p>* VIPs enrolled as part of your Block must have an active Flexship through the 15th of the month following their enrollment month. <\/p>-->\n            <!--    <p>* Market Partners enrolled as part of your Block must enroll with a Product Pack or if they are enrolled under the Canada Zero Enrollment Option, they must achieve 200 PV within 30 days of their enrollment and within the Director Circle qualification&nbsp;timeframe.<\/p>-->\n            <!---->\n      <img decoding=\"async\" src=\"https:\/\/monatglobal.com\/wp-content\/uploads\/2025\/08\/fish.svg\" alt=\"\"\/>  \n      <h2>Qu&#8217;est-ce qui est compris<br \/>dans la qualification pour participer<br \/>au Cercle de leadership MONAT 2026 ?<\/h2>\n            <p>NIVEAU 1<\/p> \n            <ul>\n               <li>Du temps de r\u00e9seautage avec les plus grands leaders MONAT<\/li>\n               <li>Des prix sp\u00e9ciaux et un \u00e9v\u00e8nement de reconnaissance<\/li>\n               <li>Un aper\u00e7u exclusif des plans pour 2026<\/li>\n               <li>3 nuits \u00e0 l&#8217;h\u00f4tel<\/li>\n               <li>L&#8217;option d&#8217;amener votre conjoint (des co\u00fbts et des conditions s&#8217;appliquent)<\/li>\n            <\/ul>\n            <p>NIVEAU 2<\/p>\n            <ul>\n               <li>Du temps de r\u00e9seautage avec les plus grands leaders MONAT<\/li>\n               <li>Des prix sp\u00e9ciaux et un \u00e9v\u00e8nement de reconnaissance<\/li>\n               <li>Un aper\u00e7u exclusif des plans pour 2026<\/li>\n               <li>3 nuits \u00e0 l&#8217;h\u00f4tel <\/li>\n               <li>Un billet d&#8217;avion aller-retour \u00e0 l&#8217;a\u00e9roport international de Miami<\/li>\n               <li>L&#8217;option d&#8217;amener votre conjoint (des co\u00fbts et des conditions s&#8217;appliquent)<\/li>\n            <\/ul>\n         <a id=\"faq_btn\" href=\"https:\/\/mymonat.com\/crm\/resource_library\/c\/742\/r\/18353\" target=\"_blank\" rel=\"noopener\">FAQ<\/a>\n         <a id=\"termsAndC\" href=\"https:\/\/mymonat.com\/crm\/resource_library\/c\/742\/r\/18369\" target=\"_blank\" rel=\"noopener\">\n            <p>Conditions G\u00e9n\u00e9rales<\/p>\n         <\/a>\n      <h2 id=\"hashtag_text\">#MONATLeadershipCircle<\/h2>\n<\/section>\n\n","protected":false},"excerpt":{"rendered":"<p>Nous fa\u00e7onnons l&#8217;avenir ensemble. W South Beach Miami, Floride Du 12 au 15 mars P\u00e9riode de qualification Du 1er ao\u00fbt 2025 au 31 janvier 2026 Le leadership en action Suivez une formation exclusive offerte par des leaders de haut niveau et des cadres. Obtenez de pr\u00e9cieux conseils pour aligner vos objectifs et maximiser le potentiel&hellip;<\/p>\n","protected":false},"author":33,"featured_media":93649,"parent":0,"menu_order":0,"comment_status":"closed","ping_status":"closed","template":"","meta":{"inline_featured_image":false,"om_disable_all_campaigns":false,"_monsterinsights_skip_tracking":false,"_monsterinsights_sitenote_active":false,"_monsterinsights_sitenote_note":"","_monsterinsights_sitenote_category":0,"footnotes":""},"categories":[],"tags":[],"class_list":["post-90717","page","type-page","status-publish","has-post-thumbnail","hentry"],"aioseo_notices":[],"aioseo_head":"\n\t\t<!-- All in One SEO Pro 4.9.5.2 - aioseo.com -->\n\t<meta name=\"description\" content=\"Suivez une formation exclusive offerte par des leaders MONAT de haut niveau. Obtenez des conseils pour vous aider \u00e0 aligner vos objectifs et \u00e0 r\u00e9aliser le plein potentiel de votre entreprise.\" \/>\n\t<meta name=\"robots\" content=\"max-image-preview:large\" \/>\n\t<link rel=\"canonical\" href=\"https:\/\/monatglobal.com\/ca\/leadership-circle\/?lang=fr\" \/>\n\t<meta name=\"generator\" content=\"All in One SEO Pro (AIOSEO) 4.9.5.2\" \/>\n\t\t<meta property=\"og:locale\" content=\"en_US\" \/>\n\t\t<meta property=\"og:site_name\" content=\"Monat Canada English - We Are Modern Nature\" \/>\n\t\t<meta property=\"og:type\" content=\"article\" \/>\n\t\t<meta property=\"og:title\" content=\"Cercle de leadership MONAT 2026 - MONAT GLOBAL\" \/>\n\t\t<meta property=\"og:description\" content=\"Suivez une formation exclusive offerte par des leaders MONAT de haut niveau. Obtenez des conseils pour vous aider \u00e0 aligner vos objectifs et \u00e0 r\u00e9aliser le plein potentiel de votre entreprise.\" \/>\n\t\t<meta property=\"og:url\" content=\"https:\/\/monatglobal.com\/ca\/leadership-circle\/?lang=fr\" \/>\n\t\t<meta property=\"article:published_time\" content=\"2024-11-02T05:05:24+00:00\" \/>\n\t\t<meta property=\"article:modified_time\" content=\"2026-01-28T17:48:24+00:00\" \/>\n\t\t<meta name=\"twitter:card\" content=\"summary_large_image\" \/>\n\t\t<meta name=\"twitter:title\" content=\"Cercle de leadership MONAT 2026 - MONAT GLOBAL\" \/>\n\t\t<meta name=\"twitter:description\" content=\"Suivez une formation exclusive offerte par des leaders MONAT de haut niveau. Obtenez des conseils pour vous aider \u00e0 aligner vos objectifs et \u00e0 r\u00e9aliser le plein potentiel de votre entreprise.\" \/>\n\t\t<script type=\"application\/ld+json\" class=\"aioseo-schema\">\n\t\t\t{\"@context\":\"https:\\\/\\\/schema.org\",\"@graph\":[{\"@type\":\"BreadcrumbList\",\"@id\":\"https:\\\/\\\/monatglobal.com\\\/ca\\\/leadership-circle\\\/?lang=fr#breadcrumblist\",\"itemListElement\":[{\"@type\":\"ListItem\",\"@id\":\"https:\\\/\\\/monatglobal.com\\\/ca#listItem\",\"position\":1,\"name\":\"Home\",\"item\":\"https:\\\/\\\/monatglobal.com\\\/ca\",\"nextItem\":{\"@type\":\"ListItem\",\"@id\":\"https:\\\/\\\/monatglobal.com\\\/ca\\\/leadership-circle\\\/?lang=fr#listItem\",\"name\":\"Cercle de leadership MONAT 2026 &#8211; MONAT GLOBAL\"}},{\"@type\":\"ListItem\",\"@id\":\"https:\\\/\\\/monatglobal.com\\\/ca\\\/leadership-circle\\\/?lang=fr#listItem\",\"position\":2,\"name\":\"Cercle de leadership MONAT 2026 &#8211; MONAT GLOBAL\",\"previousItem\":{\"@type\":\"ListItem\",\"@id\":\"https:\\\/\\\/monatglobal.com\\\/ca#listItem\",\"name\":\"Home\"}}]},{\"@type\":\"Organization\",\"@id\":\"https:\\\/\\\/monatglobal.com\\\/ca\\\/#organization\",\"name\":\"Monat Canada English\",\"description\":\"We Are Modern Nature\",\"url\":\"https:\\\/\\\/monatglobal.com\\\/ca\\\/\"},{\"@type\":\"WebPage\",\"@id\":\"https:\\\/\\\/monatglobal.com\\\/ca\\\/leadership-circle\\\/?lang=fr#webpage\",\"url\":\"https:\\\/\\\/monatglobal.com\\\/ca\\\/leadership-circle\\\/?lang=fr\",\"name\":\"Cercle de leadership MONAT 2026 - MONAT GLOBAL\",\"description\":\"Suivez une formation exclusive offerte par des leaders MONAT de haut niveau. Obtenez des conseils pour vous aider \\u00e0 aligner vos objectifs et \\u00e0 r\\u00e9aliser le plein potentiel de votre entreprise.\",\"inLanguage\":\"en-US\",\"isPartOf\":{\"@id\":\"https:\\\/\\\/monatglobal.com\\\/ca\\\/#website\"},\"breadcrumb\":{\"@id\":\"https:\\\/\\\/monatglobal.com\\\/ca\\\/leadership-circle\\\/?lang=fr#breadcrumblist\"},\"image\":{\"@type\":\"ImageObject\",\"url\":\"https:\\\/\\\/monatglobal.com\\\/ca\\\/wp-content\\\/uploads\\\/sites\\\/5\\\/2025\\\/08\\\/leadership-2026-ft-img-FR-min.jpg\",\"@id\":\"https:\\\/\\\/monatglobal.com\\\/ca\\\/leadership-circle\\\/?lang=fr\\\/#mainImage\",\"width\":1200,\"height\":628},\"primaryImageOfPage\":{\"@id\":\"https:\\\/\\\/monatglobal.com\\\/ca\\\/leadership-circle\\\/?lang=fr#mainImage\"},\"datePublished\":\"2024-11-02T01:05:24-04:00\",\"dateModified\":\"2026-01-28T12:48:24-05:00\"},{\"@type\":\"WebSite\",\"@id\":\"https:\\\/\\\/monatglobal.com\\\/ca\\\/#website\",\"url\":\"https:\\\/\\\/monatglobal.com\\\/ca\\\/\",\"name\":\"Monat Canada English\",\"description\":\"We Are Modern Nature\",\"inLanguage\":\"en-US\",\"publisher\":{\"@id\":\"https:\\\/\\\/monatglobal.com\\\/ca\\\/#organization\"}}]}\n\t\t<\/script>\n\t\t<!-- All in One SEO Pro -->\r\n\t\t<title>Cercle de leadership MONAT 2026 - MONAT GLOBAL<\/title>\n\n","aioseo_head_json":{"title":"Cercle de leadership MONAT 2026 - MONAT GLOBAL","description":"Suivez une formation exclusive offerte par des leaders MONAT de haut niveau. Obtenez des conseils pour vous aider \u00e0 aligner vos objectifs et \u00e0 r\u00e9aliser le plein potentiel de votre entreprise.","canonical_url":"https:\/\/monatglobal.com\/ca\/leadership-circle\/?lang=fr","robots":"max-image-preview:large","keywords":"","webmasterTools":{"miscellaneous":""},"schema":{"@context":"https:\/\/schema.org","@graph":[{"@type":"BreadcrumbList","@id":"https:\/\/monatglobal.com\/ca\/leadership-circle\/?lang=fr#breadcrumblist","itemListElement":[{"@type":"ListItem","@id":"https:\/\/monatglobal.com\/ca#listItem","position":1,"name":"Home","item":"https:\/\/monatglobal.com\/ca","nextItem":{"@type":"ListItem","@id":"https:\/\/monatglobal.com\/ca\/leadership-circle\/?lang=fr#listItem","name":"Cercle de leadership MONAT 2026 &#8211; MONAT GLOBAL"}},{"@type":"ListItem","@id":"https:\/\/monatglobal.com\/ca\/leadership-circle\/?lang=fr#listItem","position":2,"name":"Cercle de leadership MONAT 2026 &#8211; MONAT GLOBAL","previousItem":{"@type":"ListItem","@id":"https:\/\/monatglobal.com\/ca#listItem","name":"Home"}}]},{"@type":"Organization","@id":"https:\/\/monatglobal.com\/ca\/#organization","name":"Monat Canada English","description":"We Are Modern Nature","url":"https:\/\/monatglobal.com\/ca\/"},{"@type":"WebPage","@id":"https:\/\/monatglobal.com\/ca\/leadership-circle\/?lang=fr#webpage","url":"https:\/\/monatglobal.com\/ca\/leadership-circle\/?lang=fr","name":"Cercle de leadership MONAT 2026 - MONAT GLOBAL","description":"Suivez une formation exclusive offerte par des leaders MONAT de haut niveau. Obtenez des conseils pour vous aider \u00e0 aligner vos objectifs et \u00e0 r\u00e9aliser le plein potentiel de votre entreprise.","inLanguage":"en-US","isPartOf":{"@id":"https:\/\/monatglobal.com\/ca\/#website"},"breadcrumb":{"@id":"https:\/\/monatglobal.com\/ca\/leadership-circle\/?lang=fr#breadcrumblist"},"image":{"@type":"ImageObject","url":"https:\/\/monatglobal.com\/ca\/wp-content\/uploads\/sites\/5\/2025\/08\/leadership-2026-ft-img-FR-min.jpg","@id":"https:\/\/monatglobal.com\/ca\/leadership-circle\/?lang=fr\/#mainImage","width":1200,"height":628},"primaryImageOfPage":{"@id":"https:\/\/monatglobal.com\/ca\/leadership-circle\/?lang=fr#mainImage"},"datePublished":"2024-11-02T01:05:24-04:00","dateModified":"2026-01-28T12:48:24-05:00"},{"@type":"WebSite","@id":"https:\/\/monatglobal.com\/ca\/#website","url":"https:\/\/monatglobal.com\/ca\/","name":"Monat Canada English","description":"We Are Modern Nature","inLanguage":"en-US","publisher":{"@id":"https:\/\/monatglobal.com\/ca\/#organization"}}]},"og:locale":"en_US","og:site_name":"Monat Canada English - We Are Modern Nature","og:type":"article","og:title":"Cercle de leadership MONAT 2026 - MONAT GLOBAL","og:description":"Suivez une formation exclusive offerte par des leaders MONAT de haut niveau. Obtenez des conseils pour vous aider \u00e0 aligner vos objectifs et \u00e0 r\u00e9aliser le plein potentiel de votre entreprise.","og:url":"https:\/\/monatglobal.com\/ca\/leadership-circle\/?lang=fr","article:published_time":"2024-11-02T05:05:24+00:00","article:modified_time":"2026-01-28T17:48:24+00:00","twitter:card":"summary_large_image","twitter:title":"Cercle de leadership MONAT 2026 - MONAT GLOBAL","twitter:description":"Suivez une formation exclusive offerte par des leaders MONAT de haut niveau. Obtenez des conseils pour vous aider \u00e0 aligner vos objectifs et \u00e0 r\u00e9aliser le plein potentiel de votre entreprise."},"aioseo_meta_data":{"post_id":"90717","title":"Cercle de leadership MONAT 2026 - MONAT GLOBAL","description":"Suivez une formation exclusive offerte par des leaders MONAT de haut niveau. Obtenez des conseils pour vous aider \u00e0 aligner vos objectifs et \u00e0 r\u00e9aliser le plein potentiel de votre entreprise.","keywords":null,"keyphrases":{"focus":{"keyphrase":"","score":0,"analysis":{"keyphraseInTitle":{"score":0,"maxScore":9,"error":1}}},"additional":[]},"primary_term":null,"canonical_url":null,"og_title":null,"og_description":null,"og_object_type":"default","og_image_type":"default","og_image_url":null,"og_image_width":null,"og_image_height":null,"og_image_custom_url":null,"og_image_custom_fields":null,"og_video":"","og_custom_url":null,"og_article_section":null,"og_article_tags":null,"twitter_use_og":false,"twitter_card":"default","twitter_image_type":"default","twitter_image_url":null,"twitter_image_custom_url":null,"twitter_image_custom_fields":null,"twitter_title":null,"twitter_description":null,"schema":{"blockGraphs":[],"customGraphs":[],"default":{"data":{"Article":[],"Course":[],"Dataset":[],"FAQPage":[],"Movie":[],"Person":[],"Product":[],"ProductReview":[],"Car":[],"Recipe":[],"Service":[],"SoftwareApplication":[],"WebPage":[]},"graphName":"WebPage","isEnabled":true},"graphs":[]},"schema_type":"default","schema_type_options":null,"pillar_content":false,"robots_default":true,"robots_noindex":false,"robots_noarchive":false,"robots_nosnippet":false,"robots_nofollow":false,"robots_noimageindex":false,"robots_noodp":false,"robots_notranslate":false,"robots_max_snippet":"-1","robots_max_videopreview":"-1","robots_max_imagepreview":"large","priority":null,"frequency":"default","local_seo":null,"seo_analyzer_scan_date":"2026-02-10 21:16:23","limit_modified_date":false,"reviewed_by":"0","open_ai":"{\"title\":{\"suggestions\":[],\"usage\":0},\"description\":{\"suggestions\":[],\"usage\":0}}","ai":{"faqs":[],"keyPoints":[],"titles":[],"descriptions":[],"socialPosts":{"email":[],"linkedin":[],"twitter":[],"facebook":[],"instagram":[]}},"created":"2024-10-30 16:46:24","updated":"2026-02-10 21:16:23"},"aioseo_breadcrumb":"<div class=\"aioseo-breadcrumbs\"><span class=\"aioseo-breadcrumb\">\n\t<a href=\"https:\/\/monatglobal.com\/ca\" title=\"Home\">Home<\/a>\n<\/span><span class=\"aioseo-breadcrumb-separator\">&raquo;<\/span><span class=\"aioseo-breadcrumb\">\n\tCercle de leadership MONAT 2026 \u2013 MONAT GLOBAL\n<\/span><\/div>","aioseo_breadcrumb_json":[{"label":"Home","link":"https:\/\/monatglobal.com\/ca"},{"label":"Cercle de leadership MONAT 2026 &#8211; MONAT GLOBAL","link":"https:\/\/monatglobal.com\/ca\/leadership-circle\/?lang=fr"}],"_links":{"self":[{"href":"https:\/\/monatglobal.com\/ca\/wp-json\/wp\/v2\/pages\/90717","targetHints":{"allow":["GET"]}}],"collection":[{"href":"https:\/\/monatglobal.com\/ca\/wp-json\/wp\/v2\/pages"}],"about":[{"href":"https:\/\/monatglobal.com\/ca\/wp-json\/wp\/v2\/types\/page"}],"author":[{"embeddable":true,"href":"https:\/\/monatglobal.com\/ca\/wp-json\/wp\/v2\/users\/33"}],"replies":[{"embeddable":true,"href":"https:\/\/monatglobal.com\/ca\/wp-json\/wp\/v2\/comments?post=90717"}],"version-history":[{"count":10,"href":"https:\/\/monatglobal.com\/ca\/wp-json\/wp\/v2\/pages\/90717\/revisions"}],"predecessor-version":[{"id":110195,"href":"https:\/\/monatglobal.com\/ca\/wp-json\/wp\/v2\/pages\/90717\/revisions\/110195"}],"wp:featuredmedia":[{"embeddable":true,"href":"https:\/\/monatglobal.com\/ca\/wp-json\/wp\/v2\/media\/93649"}],"wp:attachment":[{"href":"https:\/\/monatglobal.com\/ca\/wp-json\/wp\/v2\/media?parent=90717"}],"wp:term":[{"taxonomy":"category","embeddable":true,"href":"https:\/\/monatglobal.com\/ca\/wp-json\/wp\/v2\/categories?post=90717"},{"taxonomy":"post_tag","embeddable":true,"href":"https:\/\/monatglobal.com\/ca\/wp-json\/wp\/v2\/tags?post=90717"}],"curies":[{"name":"wp","href":"https:\/\/api.w.org\/{rel}","templated":true}]}}