{"id":90299,"date":"2024-09-16T10:26:34","date_gmt":"2024-09-16T14:26:34","guid":{"rendered":"https:\/\/monatglobal.com\/ca\/?page_id=90299"},"modified":"2024-10-17T09:31:35","modified_gmt":"2024-10-17T13:31:35","slug":"fall-tour","status":"publish","type":"page","link":"https:\/\/monatglobal.com\/ca\/fall-tour\/","title":{"rendered":"MONAT Sales Team Fall Tour"},"content":{"rendered":"\n\n\t<link href=\"https:\/\/fonts.cdnfonts.com\/css\/barcelony\" rel=\"stylesheet\"\/>\n    <img decoding=\"async\" src=\"https:\/\/monatglobal.com\/wp-content\/uploads\/2024\/09\/fall-in-love-main-banner-desk-min.jpg\"\/>\n    <section id=\"introSec\">\n            <img decoding=\"async\" src=\"https:\/\/monatglobal.com\/wp-content\/uploads\/2024\/09\/curve-up.svg\"\/>\n            <img decoding=\"async\" src=\"https:\/\/monatglobal.com\/wp-content\/uploads\/2024\/09\/fall-in-love-with-monations.svg\"\/>\n                <img decoding=\"async\" src=\"https:\/\/monatglobal.com\/wp-content\/uploads\/2024\/09\/filled-heart.svg\"\/>\n                <h1>\n                    The Power <br \/> Of Love\n                <\/h1> \n                <img decoding=\"async\" src=\"https:\/\/monatglobal.com\/wp-content\/uploads\/2024\/09\/outlined-heart.svg\"\/>\n            <h2 id=\"introDate\">SEPTEMBER\u2212OCTOBER 2024<\/h2>\n            <a href=\"\/ca?page_id=90299#tour-dates\">REGISTER NOW<\/a>\n                    <h3>Join the MONAT Sales Team for a Fall in Love Tour event at a location near you!<\/h3>\n                <img decoding=\"async\" src=\"https:\/\/monatglobal.com\/wp-content\/uploads\/2024\/09\/sales-team-min.jpg\"\/>\n            <p>Invite your guests to hop on the MONAT love train and experience awesome hair and skincare demos, product stations, inspiring Market Partner stories, and so much more. <\/p>\n    <\/section>\n    <section> \n            <img decoding=\"async\" src=\"https:\/\/monatglobal.com\/wp-content\/uploads\/2024\/09\/wave-down-white_.svg\"\/>\n            <h2>A Season of <br \/>Love<\/h2>\n                <h3>Register now for a tour stop near you. <\/h3>\n                <p>Your ticket grants full event access to one, two, or more guests.<\/p>\n                <a href=\"\/ca?page_id=90299#tour-dates\">REGISTER NOW<\/a>\n            <img decoding=\"async\" src=\"https:\/\/monatglobal.com\/wp-content\/uploads\/2024\/09\/resister-for-a-tour-stop-min.jpg\"\/>\n    <\/section>\n    <section id=\"tour-dates\">\n            <img decoding=\"async\" src=\"https:\/\/monatglobal.com\/wp-content\/uploads\/2024\/09\/wave-up-white_.svg\"\/>\n            <img decoding=\"async\" src=\"https:\/\/monatglobal.com\/wp-content\/uploads\/2024\/09\/fall-in-love-with-monations.svg\"\/>\n        <p>Tour Dates:<\/p>\n                 <img decoding=\"async\" src=\"https:\/\/monatglobal.com\/au\/wp-content\/uploads\/sites\/12\/2022\/07\/usa-falg.jpg\" alt=\" Usa flag\"\/>\n                 <p>Saturday, October 19<\/p>\n                 <!--<p>Janet Marrero<\/p>-->\n                 <p>Miami, FL<\/p>\n                 <p> 2:00pm &#8211; 5:00pm EDT<\/p>\n                 <p>Monat Global10000 Northwest 15th Terrace Doral, FL 33172 United States<\/p>\n                 <a data-lbxp-iframe=\"https:\/\/www.eventbrite.com\/e\/fall-in-love-with-monat-miami-fl-tickets-1003024973697?aff=ebdsoporgprofile\">REGISTER NOW<\/a>\n                 <img decoding=\"async\" src=\"https:\/\/monatglobal.com\/wp-content\/uploads\/sites\/6\/2021\/07\/canada-flag.png\" alt=\" Canada flag\"\/>\n                 <p>Sunday, October 20<\/p>\n                 <!--<p>Shannon Rheault<\/p>-->\n                 <p>Langley, BC<\/p>\n                 <p> 9:00am &#8211; 3:00pm MDT<\/p>\n                 <p>Sandman Signature Langley Hotel8828 201 Street Langley Township, BC V2Y 0C8 Canada<\/p>\n                 <a data-lbxp-iframe=\"https:\/\/www.eventbrite.ca\/e\/super-sundayfall-in-love-with-monat-langley-bc-tickets-1009523260247?aff=ebdsshcopyurl&#038;utm-campaign=social&#038;utm-content=attendeeshare&#038;utm-medium=discovery&#038;utm-term=organizer-profile&#038;utm-share-source=organizer-profile\">REGISTER NOW<\/a>\n                 <img decoding=\"async\" src=\"https:\/\/monatglobal.com\/wp-content\/uploads\/sites\/6\/2021\/07\/canada-flag.png\" alt=\" Canada flag\"\/>\n                 <p>Wednesday, October 23<\/p>\n                 <!--<p>Andr\u00e9e Masson<\/p>-->\n                 <p>Orford, QC<\/p>\n                 <p> 6:30am &#8211; 9:00pm EDT<\/p>\n                 <p>H\u00f4tel Ch\u00e9ribourg2603 Chemin du Parc Orford, QC J1X 8C8 Canada<\/p>\n                 <a data-lbxp-iframe=\"https:\/\/www.eventbrite.ca\/e\/copy-of-tombez-en-amour-avec-monat-orford-qc-tickets-1023690946177?aff=oddtdtcreator\">REGISTER NOW<\/a>\n                 <img decoding=\"async\" src=\"https:\/\/monatglobal.com\/wp-content\/uploads\/sites\/6\/2021\/07\/canada-flag.png\" alt=\" Canada flag\"\/>\n                 <p>Monday, October 28<\/p>\n                 <!--<p>Shannon Rheault<\/p>-->\n                 <p>Saskatoon, SK<\/p>\n                 <p> 6:30pm &#8211; 9:00pm CST<\/p>\n                 <p>Studio 301301 1st Avenue North Saskatoon, SK S7K 1X5 Canada<\/p>\n                 <a data-lbxp-iframe=\"https:\/\/www.eventbrite.ca\/e\/fall-in-love-with-monat-saskatoon-sk-tickets-1007657549857?aff=ebdsshcopyurl&#038;utm-campaign=social&#038;utm-content=attendeeshare&#038;utm-medium=discovery&#038;utm-term=organizer-profile&#038;utm-share-source=organizer-profile\">REGISTER NOW<\/a>\n                 <img decoding=\"async\" src=\"https:\/\/monatglobal.com\/wp-content\/uploads\/sites\/6\/2021\/07\/canada-flag.png\" alt=\" Canada flag\"\/>\n                 <p>Thursday, November 7<\/p>\n                 <!--<p>Shannon Rheault<\/p>-->\n                 <p>Edmonton, AB<\/p>\n                 <p> 6:30pm &#8211; 9:00pm MST<\/p> \n                 <p>Brew and Bloom Cafe &#038; Floral Studio10550 115 Street Northwest Edmonton, AB T5H 3K6 Canada<\/p>\n                      <a data-lbxp-iframe=\"https:\/\/www.eventbrite.ca\/e\/fall-in-love-with-monat-edmonton-ab-tickets-1007663507677?aff=ebdsshcopyurl&#038;utm-campaign=social&#038;utm-content=attendeeshare&#038;utm-medium=discovery&#038;utm-term=organizer-profile&#038;utm-share-source=organizer-profile\">REGISTER NOW<\/a>\n                 <img decoding=\"async\" src=\"https:\/\/monatglobal.com\/wp-content\/uploads\/sites\/6\/2021\/07\/canada-flag.png\" alt=\" Canada flag\"\/>\n                 <p>Sunday, November 17<\/p>\n                 <!--<p>Shannon Rheault<\/p>-->\n                 <p>Calgary, AB<\/p>\n                 <p> 1:00p &#8211; 6:00pm MST<\/p>\n                 <p>Waterfront Park5225 101 Street Northwest Calgary, AB T3L 1S4 Canada<\/p>\n                      <a data-lbxp-iframe=\"https:\/\/www.eventbrite.ca\/e\/super-sundayfall-in-love-with-monat-calgary-ab-tickets-1009521795867?aff=ebdsshcopyurl&#038;utm-campaign=social&#038;utm-content=attendeeshare&#038;utm-medium=discovery&#038;utm-term=organizer-profile&#038;utm-share-source=organizer-profile\">REGISTER NOW<\/a>\n                 <img decoding=\"async\" src=\"https:\/\/monatglobal.com\/au\/wp-content\/uploads\/sites\/12\/2022\/07\/usa-falg.jpg\" alt=\" Usa flag\"\/>\n                 <p>Thursday, September 19<\/p>\n                 <!--<p>Jade Smith<\/p>-->\n                 <p>Phoenix , AZ<\/p>\n                 <p> 6:00pm &#8211; 9:00pm MST<\/p>\n                 <p>Mon Cheri Restaurant7014 East 1st Avenue Scottsdale, AZ 85251 United States<\/p>\n                 <a>CLOSED<\/a>\n                 <img decoding=\"async\" src=\"https:\/\/monatglobal.com\/au\/wp-content\/uploads\/sites\/12\/2022\/07\/usa-falg.jpg\" alt=\" Usa flag\"\/>\n                 <p>Friday, September 20<\/p>\n                 <!--<p>Cori Soto<\/p>-->\n                 <p>Oklahoma City, OK<\/p>\n                 <p> 6:30pm &#8211; 9:00pm CDT<\/p>\n                 <p>The Prosper Event Center10433 West Reno Avenue #suite 100 Oklahoma City, OK 73127 United States<\/p>\n                 <a>CLOSED<\/a>\n                 <img decoding=\"async\" src=\"https:\/\/monatglobal.com\/au\/wp-content\/uploads\/sites\/12\/2022\/07\/usa-falg.jpg\" alt=\" Usa flag\"\/>\n                 <p>Thursday, September 26<\/p>\n                 <!--<p>Cori Soto<\/p>-->\n                 <p>Houston, TX<\/p>\n                 <p> 6:30pm &#8211; 9:00pm CDT<\/p>\n                 <p>Pinstripes3300 Kirby Drive #UNIT 3A Houston, TX 77098 United States<\/p>\n                 <a>CLOSED<\/a>\n                 <img decoding=\"async\" src=\"https:\/\/monatglobal.com\/wp-content\/uploads\/sites\/6\/2021\/07\/canada-flag.png\" alt=\" Canada flag\"\/>\n                 <p>Tuesday, October 1<\/p>\n                 <!--<p>Jessie Arsenault<\/p>-->\n                 <p>Quebec City, QC<\/p>\n                 <p> 6:30pm &#8211; 9:00pm EDT<\/p>\n                 <p>H\u00f4tel Ch\u00e2teau Laurier1220 Place George-V Ouest Qu\u00e9bec City, QC G1R 5B8 Canada<\/p>\n                 <a>CLOSED<\/a>\n                 <img decoding=\"async\" src=\"https:\/\/monatglobal.com\/wp-content\/uploads\/sites\/6\/2021\/07\/canada-flag.png\" alt=\" Canada flag\"\/>\n                 <p>Wednesday, October 2<\/p>\n                 <!--<p>Bianco Lono<\/p>-->\n                 <p>Ottawa, ON<\/p>\n                 <p> 6:30am &#8211; 9:00pm EDT<\/p>\n                 <p>Head Office Ottawa430 Hazeldean Road #unit 6 Ottawa, ON K2L 1T9 Canada<\/p>\n                 <a>CLOSED<\/a>\n                 <img decoding=\"async\" src=\"https:\/\/monatglobal.com\/wp-content\/uploads\/sites\/6\/2021\/07\/canada-flag.png\" alt=\" Canada flag\"\/>\n                 <p>Wednesday, October 2<\/p>\n                 <!--<p>Jessie Arsenault<\/p>-->\n                 <p>Rouyn-Noranda, QC<\/p>\n                 <p> 6:30pm &#8211; 9:00pm EDT<\/p>\n                 <p>Scene Paramount15 Rue Gamble Ouest Rouyn-Noranda, QC J9X 3B6 Canada<\/p>\n                 <a>CLOSED<\/a>\n                 <img decoding=\"async\" src=\"https:\/\/monatglobal.com\/wp-content\/uploads\/sites\/6\/2021\/07\/canada-flag.png\" alt=\" Canada flag\"\/>\n                 <p>Saturday, October 5<\/p>\n                 <!--<p>Andr\u00e9e Masson<\/p>-->\n                 <p>Laval, QC<\/p>\n                 <p> 9:00am &#8211; 3:00pm EDT<\/p>\n                 <p>Sheraton Laval Hotel2440 Autoroute des Laurentides Laval, QC H7T 1X5 Canada<\/p>\n                 <a>CLOSED<\/a>\n                 <img decoding=\"async\" src=\"https:\/\/monatglobal.com\/wp-content\/uploads\/sites\/6\/2021\/07\/canada-flag.png\" alt=\" Canada flag\"\/>\n                 <p>Tuesday, October 8<\/p>\n                 <!--<p>Jessie Arsenault<\/p>-->\n                 <p>Mississauga, ON<\/p>\n                 <p> 6:30pm &#8211; 9:00pm EDT<\/p>\n                 <p>Harding Waterfront Estate2700 Lakeshore Road West Mississauga, ON L5J 0B4 Canada<\/p>\n                 <a>CLOSED<\/a>\n                 <img decoding=\"async\" src=\"https:\/\/monatglobal.com\/au\/wp-content\/uploads\/sites\/12\/2022\/07\/usa-falg.jpg\" alt=\" Usa flag\"\/>\n                 <p>Saturday, October 12<\/p>\n                 <!--<p>Jensine Reyes <\/p>-->\n                 <p>Bay Area, CA<\/p>\n                 <p>  12:00 &#8211; 2:00pm PDT<\/p>\n                 <p>TBA<\/p>\n                 <a>CLOSED<\/a>\n                 <img decoding=\"async\" src=\"https:\/\/monatglobal.com\/wp-content\/uploads\/sites\/6\/2021\/07\/canada-flag.png\" alt=\" Canada flag\"\/>\n                 <p>Tuesday, October 15<\/p>\n                 <!--<p>Jessie Arsenault<\/p>-->\n                 <p>Hammonds Plains, NS<\/p>\n                 <p> 6:30pm &#8211; 9:00pm ADT<\/p>\n                 <p>Glen Arbour Golf Course40 Clubhouse Lane Upper Hammonds Plains, NS B4B 1T4 Canada<\/p>\n                 <a>CLOSED<\/a>\n        <p><em>Registration closes the night before each event. Please note space that is limited.<\/em><\/p>\n    <\/section>\n    <section id=\"gridSec\">\n        <img decoding=\"async\" src=\"https:\/\/monatglobal.com\/wp-content\/uploads\/2024\/09\/wave-down-white_.svg\"\/>\n                    <h3>All You <br \/> Need is <br \/> Love<\/h3>\n                    <h3>Let your love open the door and host your own tour stop!<\/h3>\n                    <p>Create a fabulous fall event with the official MONAT Fall in Love Tour digital tools in your Toolbox.<\/p>\n                    <h3>With personalized touches, you can make your event a truly unique experience for your prospects!<\/h3>\n                    <a>TOOLBOX<\/a>\n                <img decoding=\"async\" src=\"https:\/\/monatglobal.com\/wp-content\/uploads\/2024\/09\/uniqe-experience-min.jpg\"\/>\n    <\/section>\n    <!---->\n    <!--    <h2>A Season of <br \/>Love<br \/><br \/><\/h2>-->\n    <!---->\n         <img decoding=\"async\" src=\"https:\/\/monatglobal.com\/wp-content\/uploads\/2024\/09\/curve-up.svg\"\/>\n         <h2>Let Love <br \/>Rule<\/h2>\n    <section id=\"gratitude_sec\"> \n            <img decoding=\"async\" id=\"gratitude-logo\" src=\"https:\/\/monatglobal.com\/wp-content\/uploads\/2024\/05\/gratitude-logo.svg\" alt=\"Gratitude logo\"\/>\n            <p>The MONAT Gratitude Foundation will donate $5&nbsp;CAD from your Market Partner Fall in Love Tour registration to support youth education initiatives.<\/p> \n                <img decoding=\"async\" src=\"https:\/\/monatglobal.com\/wp-content\/uploads\/2024\/05\/gratitude-support-1-min.jpg\" alt=\"\"\/> \n                <img decoding=\"async\" src=\"https:\/\/monatglobal.com\/wp-content\/uploads\/2024\/05\/gratitude-support-2-min.jpg\" alt=\"\"\/>\n                <img decoding=\"async\" src=\"https:\/\/monatglobal.com\/wp-content\/uploads\/2024\/05\/gratitude-support-3-min.jpg\" alt=\"\"\/>\n    <\/section> \n\n","protected":false},"excerpt":{"rendered":"<p>The Power Of Love SEPTEMBER\u2212OCTOBER 2024 REGISTER NOW Join the MONAT Sales Team for a Fall in Love Tour event at a location near you! Invite your guests to hop on the MONAT love train and experience awesome hair and skincare demos, product stations, inspiring Market Partner stories, and so much more. A Season of&hellip;<\/p>\n","protected":false},"author":31,"featured_media":90300,"parent":0,"menu_order":0,"comment_status":"closed","ping_status":"closed","template":"","meta":{"inline_featured_image":false,"om_disable_all_campaigns":false,"_monsterinsights_skip_tracking":false,"_monsterinsights_sitenote_active":false,"_monsterinsights_sitenote_note":"","_monsterinsights_sitenote_category":0,"footnotes":""},"categories":[],"tags":[],"class_list":["post-90299","page","type-page","status-publish","has-post-thumbnail","hentry"],"aioseo_notices":[],"aioseo_head":"\n\t\t<!-- All in One SEO Pro 4.9.6 - aioseo.com -->\n\t<meta name=\"description\" content=\"Register now for a tour stop at a location near you. Experience awesome MONAT hair and skincare demos, product stations, and more.\" \/>\n\t<meta name=\"robots\" content=\"max-image-preview:large\" \/>\n\t<link rel=\"canonical\" href=\"https:\/\/monatglobal.com\/ca\/fall-tour\/\" \/>\n\t<meta name=\"generator\" content=\"All in One SEO Pro (AIOSEO) 4.9.6\" \/>\n\t\t<meta property=\"og:locale\" content=\"en_US\" \/>\n\t\t<meta property=\"og:site_name\" content=\"Monat Canada English - We Are Modern Nature\" \/>\n\t\t<meta property=\"og:type\" content=\"article\" \/>\n\t\t<meta property=\"og:title\" content=\"MONAT Sales Team Fall Tour\" \/>\n\t\t<meta property=\"og:description\" content=\"Register now for a tour stop at a location near you. Experience awesome MONAT hair and skincare demos, product stations, and more.\" \/>\n\t\t<meta property=\"og:url\" content=\"https:\/\/monatglobal.com\/ca\/fall-tour\/\" \/>\n\t\t<meta property=\"article:published_time\" content=\"2024-09-16T14:26:34+00:00\" \/>\n\t\t<meta property=\"article:modified_time\" content=\"2024-10-17T13:31:35+00:00\" \/>\n\t\t<meta name=\"twitter:card\" content=\"summary_large_image\" \/>\n\t\t<meta name=\"twitter:title\" content=\"MONAT Sales Team Fall Tour\" \/>\n\t\t<meta name=\"twitter:description\" content=\"Register now for a tour stop at a location near you. Experience awesome MONAT hair and skincare demos, product stations, and more.\" \/>\n\t\t<script type=\"application\/ld+json\" class=\"aioseo-schema\">\n\t\t\t{\"@context\":\"https:\\\/\\\/schema.org\",\"@graph\":[{\"@type\":\"BreadcrumbList\",\"@id\":\"https:\\\/\\\/monatglobal.com\\\/ca\\\/fall-tour\\\/#breadcrumblist\",\"itemListElement\":[{\"@type\":\"ListItem\",\"@id\":\"https:\\\/\\\/monatglobal.com\\\/ca#listItem\",\"position\":1,\"name\":\"Home\",\"item\":\"https:\\\/\\\/monatglobal.com\\\/ca\",\"nextItem\":{\"@type\":\"ListItem\",\"@id\":\"https:\\\/\\\/monatglobal.com\\\/ca\\\/fall-tour\\\/#listItem\",\"name\":\"MONAT Sales Team Fall Tour\"}},{\"@type\":\"ListItem\",\"@id\":\"https:\\\/\\\/monatglobal.com\\\/ca\\\/fall-tour\\\/#listItem\",\"position\":2,\"name\":\"MONAT Sales Team Fall Tour\",\"previousItem\":{\"@type\":\"ListItem\",\"@id\":\"https:\\\/\\\/monatglobal.com\\\/ca#listItem\",\"name\":\"Home\"}}]},{\"@type\":\"Organization\",\"@id\":\"https:\\\/\\\/monatglobal.com\\\/ca\\\/#organization\",\"name\":\"Monat Canada English\",\"description\":\"We Are Modern Nature\",\"url\":\"https:\\\/\\\/monatglobal.com\\\/ca\\\/\"},{\"@type\":\"WebPage\",\"@id\":\"https:\\\/\\\/monatglobal.com\\\/ca\\\/fall-tour\\\/#webpage\",\"url\":\"https:\\\/\\\/monatglobal.com\\\/ca\\\/fall-tour\\\/\",\"name\":\"MONAT Sales Team Fall Tour\",\"description\":\"Register now for a tour stop at a location near you. Experience awesome MONAT hair and skincare demos, product stations, and more.\",\"inLanguage\":\"en-US\",\"isPartOf\":{\"@id\":\"https:\\\/\\\/monatglobal.com\\\/ca\\\/#website\"},\"breadcrumb\":{\"@id\":\"https:\\\/\\\/monatglobal.com\\\/ca\\\/fall-tour\\\/#breadcrumblist\"},\"image\":{\"@type\":\"ImageObject\",\"url\":\"https:\\\/\\\/monatglobal.com\\\/ca\\\/wp-content\\\/uploads\\\/sites\\\/5\\\/2024\\\/09\\\/fall-in-love-with-MONAT-Tour_.jpg\",\"@id\":\"https:\\\/\\\/monatglobal.com\\\/ca\\\/fall-tour\\\/#mainImage\",\"width\":1000,\"height\":589},\"primaryImageOfPage\":{\"@id\":\"https:\\\/\\\/monatglobal.com\\\/ca\\\/fall-tour\\\/#mainImage\"},\"datePublished\":\"2024-09-16T10:26:34-04:00\",\"dateModified\":\"2024-10-17T09:31:35-04:00\"},{\"@type\":\"WebSite\",\"@id\":\"https:\\\/\\\/monatglobal.com\\\/ca\\\/#website\",\"url\":\"https:\\\/\\\/monatglobal.com\\\/ca\\\/\",\"name\":\"Monat Canada English\",\"description\":\"We Are Modern Nature\",\"inLanguage\":\"en-US\",\"publisher\":{\"@id\":\"https:\\\/\\\/monatglobal.com\\\/ca\\\/#organization\"}}]}\n\t\t<\/script>\n\t\t<!-- All in One SEO Pro -->\r\n\t\t<title>MONAT Sales Team Fall Tour<\/title>\n\n","aioseo_head_json":{"title":"MONAT Sales Team Fall Tour","description":"Register now for a tour stop at a location near you. Experience awesome MONAT hair and skincare demos, product stations, and more.","canonical_url":"https:\/\/monatglobal.com\/ca\/fall-tour\/","robots":"max-image-preview:large","keywords":"","webmasterTools":{"miscellaneous":""},"schema":{"@context":"https:\/\/schema.org","@graph":[{"@type":"BreadcrumbList","@id":"https:\/\/monatglobal.com\/ca\/fall-tour\/#breadcrumblist","itemListElement":[{"@type":"ListItem","@id":"https:\/\/monatglobal.com\/ca#listItem","position":1,"name":"Home","item":"https:\/\/monatglobal.com\/ca","nextItem":{"@type":"ListItem","@id":"https:\/\/monatglobal.com\/ca\/fall-tour\/#listItem","name":"MONAT Sales Team Fall Tour"}},{"@type":"ListItem","@id":"https:\/\/monatglobal.com\/ca\/fall-tour\/#listItem","position":2,"name":"MONAT Sales Team Fall Tour","previousItem":{"@type":"ListItem","@id":"https:\/\/monatglobal.com\/ca#listItem","name":"Home"}}]},{"@type":"Organization","@id":"https:\/\/monatglobal.com\/ca\/#organization","name":"Monat Canada English","description":"We Are Modern Nature","url":"https:\/\/monatglobal.com\/ca\/"},{"@type":"WebPage","@id":"https:\/\/monatglobal.com\/ca\/fall-tour\/#webpage","url":"https:\/\/monatglobal.com\/ca\/fall-tour\/","name":"MONAT Sales Team Fall Tour","description":"Register now for a tour stop at a location near you. Experience awesome MONAT hair and skincare demos, product stations, and more.","inLanguage":"en-US","isPartOf":{"@id":"https:\/\/monatglobal.com\/ca\/#website"},"breadcrumb":{"@id":"https:\/\/monatglobal.com\/ca\/fall-tour\/#breadcrumblist"},"image":{"@type":"ImageObject","url":"https:\/\/monatglobal.com\/ca\/wp-content\/uploads\/sites\/5\/2024\/09\/fall-in-love-with-MONAT-Tour_.jpg","@id":"https:\/\/monatglobal.com\/ca\/fall-tour\/#mainImage","width":1000,"height":589},"primaryImageOfPage":{"@id":"https:\/\/monatglobal.com\/ca\/fall-tour\/#mainImage"},"datePublished":"2024-09-16T10:26:34-04:00","dateModified":"2024-10-17T09:31:35-04:00"},{"@type":"WebSite","@id":"https:\/\/monatglobal.com\/ca\/#website","url":"https:\/\/monatglobal.com\/ca\/","name":"Monat Canada English","description":"We Are Modern Nature","inLanguage":"en-US","publisher":{"@id":"https:\/\/monatglobal.com\/ca\/#organization"}}]},"og:locale":"en_US","og:site_name":"Monat Canada English - We Are Modern Nature","og:type":"article","og:title":"MONAT Sales Team Fall Tour","og:description":"Register now for a tour stop at a location near you. Experience awesome MONAT hair and skincare demos, product stations, and more.","og:url":"https:\/\/monatglobal.com\/ca\/fall-tour\/","article:published_time":"2024-09-16T14:26:34+00:00","article:modified_time":"2024-10-17T13:31:35+00:00","twitter:card":"summary_large_image","twitter:title":"MONAT Sales Team Fall Tour","twitter:description":"Register now for a tour stop at a location near you. Experience awesome MONAT hair and skincare demos, product stations, and more."},"aioseo_meta_data":{"post_id":"90299","title":"MONAT Sales Team Fall Tour","description":"Register now for a tour stop at a location near you. Experience awesome MONAT hair and skincare demos, product stations, and more.","keywords":null,"keyphrases":{"focus":{"keyphrase":"","score":0,"analysis":{"keyphraseInTitle":{"score":0,"maxScore":9,"error":1}}},"additional":[]},"primary_term":null,"canonical_url":null,"og_title":null,"og_description":null,"og_object_type":"default","og_image_type":"default","og_image_url":null,"og_image_width":null,"og_image_height":null,"og_image_custom_url":null,"og_image_custom_fields":null,"og_video":"","og_custom_url":null,"og_article_section":null,"og_article_tags":null,"twitter_use_og":false,"twitter_card":"default","twitter_image_type":"default","twitter_image_url":null,"twitter_image_custom_url":null,"twitter_image_custom_fields":null,"twitter_title":null,"twitter_description":null,"schema":{"blockGraphs":[],"customGraphs":[],"default":{"data":{"Article":[],"Course":[],"Dataset":[],"FAQPage":[],"Movie":[],"Person":[],"Product":[],"ProductReview":[],"Car":[],"Recipe":[],"Service":[],"SoftwareApplication":[],"WebPage":[]},"graphName":"WebPage","isEnabled":true},"graphs":[]},"schema_type":"default","schema_type_options":null,"pillar_content":false,"robots_default":true,"robots_noindex":false,"robots_noarchive":false,"robots_nosnippet":false,"robots_nofollow":false,"robots_noimageindex":false,"robots_noodp":false,"robots_notranslate":false,"robots_max_snippet":"-1","robots_max_videopreview":"-1","robots_max_imagepreview":"large","priority":null,"frequency":"default","local_seo":null,"seo_analyzer_scan_date":"2026-02-10 21:14:58","limit_modified_date":false,"reviewed_by":null,"open_ai":"{\"title\":{\"suggestions\":[],\"usage\":0},\"description\":{\"suggestions\":[],\"usage\":0}}","ai":null,"created":"2024-09-16 14:23:40","updated":"2026-02-10 21:14:58"},"aioseo_breadcrumb":"<div class=\"aioseo-breadcrumbs\"><span class=\"aioseo-breadcrumb\">\n\t<a href=\"https:\/\/monatglobal.com\/ca\" title=\"Home\">Home<\/a>\n<\/span><span class=\"aioseo-breadcrumb-separator\">&raquo;<\/span><span class=\"aioseo-breadcrumb\">\n\tMONAT Sales Team Fall Tour\n<\/span><\/div>","aioseo_breadcrumb_json":[{"label":"Home","link":"https:\/\/monatglobal.com\/ca"},{"label":"MONAT Sales Team Fall Tour","link":"https:\/\/monatglobal.com\/ca\/fall-tour\/"}],"_links":{"self":[{"href":"https:\/\/monatglobal.com\/ca\/wp-json\/wp\/v2\/pages\/90299","targetHints":{"allow":["GET"]}}],"collection":[{"href":"https:\/\/monatglobal.com\/ca\/wp-json\/wp\/v2\/pages"}],"about":[{"href":"https:\/\/monatglobal.com\/ca\/wp-json\/wp\/v2\/types\/page"}],"author":[{"embeddable":true,"href":"https:\/\/monatglobal.com\/ca\/wp-json\/wp\/v2\/users\/31"}],"replies":[{"embeddable":true,"href":"https:\/\/monatglobal.com\/ca\/wp-json\/wp\/v2\/comments?post=90299"}],"version-history":[{"count":19,"href":"https:\/\/monatglobal.com\/ca\/wp-json\/wp\/v2\/pages\/90299\/revisions"}],"predecessor-version":[{"id":90651,"href":"https:\/\/monatglobal.com\/ca\/wp-json\/wp\/v2\/pages\/90299\/revisions\/90651"}],"wp:featuredmedia":[{"embeddable":true,"href":"https:\/\/monatglobal.com\/ca\/wp-json\/wp\/v2\/media\/90300"}],"wp:attachment":[{"href":"https:\/\/monatglobal.com\/ca\/wp-json\/wp\/v2\/media?parent=90299"}],"wp:term":[{"taxonomy":"category","embeddable":true,"href":"https:\/\/monatglobal.com\/ca\/wp-json\/wp\/v2\/categories?post=90299"},{"taxonomy":"post_tag","embeddable":true,"href":"https:\/\/monatglobal.com\/ca\/wp-json\/wp\/v2\/tags?post=90299"}],"curies":[{"name":"wp","href":"https:\/\/api.w.org\/{rel}","templated":true}]}}