{"id":90053,"date":"2024-09-06T16:53:23","date_gmt":"2024-09-06T20:53:23","guid":{"rendered":"https:\/\/monatglobal.com\/ca\/?page_id=90053"},"modified":"2026-01-28T17:48:57","modified_gmt":"2026-01-28T22:48:57","slug":"liquid-highlighter","status":"publish","type":"page","link":"https:\/\/monatglobal.com\/ca\/liquid-highlighter\/?lang=fr","title":{"rendered":"Highlighter liquide | Maquillage MONAT"},"content":{"rendered":"\n\n\t<!--Title: Highlighter liquide | Maquillage MONAT -->\n<!--Meta: Le meilleur illuminateur de teint sur le march\u00e9 pour donner un \u00e9clat instantan\u00e9, il contient de la niacinamide et du squalane, et a \u00e9t\u00e9 con\u00e7u pour illuminer et sublimer l'\u00e9clat de la peau en plus de camoufler les imperfections -->\n<link rel=\"stylesheet\" href=\"https:\/\/monatglobal.com\/wp-content\/creative_css\/product_styles_sheet.css\"\/>\n    <!--==================================================== ECOMM SECTION ====================================================-->\n        <!--==================================================== Ecomm image ====================================================-->\n                    <img decoding=\"async\" alt=\"\" src=\"\" loading=\"lazy\"\/>\n                  <img decoding=\"async\" alt=\"BE CLARIFIED\u2122 Acne-Clearing Moisturizer overlaying a texture shot of the moisturizer.\" src=\"https:\/\/monatglobal.com\/wp-content\/uploads\/2023\/03\/pop-up-ecomm-be-clarified-Acne-Clearing-Moisturizer-texture.jpg\" loading=\"lazy\"\/>\n                  <img decoding=\"async\" alt=\"BE CLARIFIED\u2122 Acne-Clearing Moisturizer overlaying a texture shot of the moisturizer.\" src=\"https:\/\/monatglobal.com\/wp-content\/uploads\/2023\/03\/pop-up-ecomm-be-clarified-Acne-Clearing-Moisturizer-texture.jpg\" loading=\"lazy\"\/>\n                  <img decoding=\"async\" alt=\"A male smiling while holding BE CLARIFIED\u2122 Acne-Clearing Moisturizer.\" src=\"https:\/\/monatglobal.com\/wp-content\/uploads\/2023\/03\/pop-up-ecomm-be-clarified-Acne-Clearing-Moisturizer.jpg\" loading=\"lazy\"\/>\n                        <img decoding=\"async\" alt=\"\" src=\"\" data-lbxp=\"\" loading=\"lazy\"\/>\n                      <img decoding=\"async\" alt=\"BE CLARIFIED\u2122 Acne-Clearing Moisturizer overlaying a texture shot of the moisturizer.\" src=\"https:\/\/monatglobal.com\/wp-content\/uploads\/2023\/03\/pop-up-ecomm-be-clarified-Acne-Clearing-Moisturizer-texture.jpg\" data-lbxp=\"\" loading=\"lazy\"\/>\n                      <img decoding=\"async\" alt=\"BE CLARIFIED\u2122 Acne-Clearing Moisturizer overlaying a texture shot of the moisturizer.\" src=\"https:\/\/monatglobal.com\/wp-content\/uploads\/2023\/03\/pop-up-ecomm-be-clarified-Acne-Clearing-Moisturizer-texture.jpg\" data-lbxp=\"\" loading=\"lazy\"\/>\n                      <img decoding=\"async\" alt=\"A male smiling while holding BE CLARIFIED\u2122 Acne-Clearing Moisturizer.\" src=\"https:\/\/monatglobal.com\/wp-content\/uploads\/2023\/03\/pop-up-ecomm-be-clarified-Acne-Clearing-Moisturizer.jpg\" loading=\"lazy\"\/>\n        <!--==================================================== Ecomm information  ====================================================-->\n            <h1>Highlighter liquide\ufe0f<\/h1>\n            <p>MONAT<\/p>\n            <p>Contient de la niacinamide et du squalane<\/p>\n            <p>Donne un \u00e9clat instantan\u00e9 pour une peau lumineuse.<\/p>\n            <p>10 ml \u212e 0,34 oz liq.<\/p>\n            \n                <label><input type=\"radio\"  name=\"toneLiquidHighlighter\"\/><\/label>\n                <label><input type=\"radio\"  name=\"toneLiquidHighlighter\"\/><\/label>\n            <!--==================================================== pricing box ====================================================-->     \n                    <p>Prix de d\u00e9tail<br \/>00.00 $ CA<\/p>\n                    <p>Prix de client VIP<br \/>00.00 $ CA<\/p>\n            <!--==================================================== pricing box ====================================================-->  \n            <p>Pour en savoir plus sur le Highlighter liquide MONAT\ufe0f, veuillez contacter votre partenaire de march\u00e9 MONAT. <\/p>\n                <a href=\"\" target=\"_blank\" role=\"button\" aria-label=\"\" rel=\"noopener\"><\/a>\n    <!--==================================================== \/ECOMM SECTION  ====================================================-->\n    <!--==================================================== Benefits image ====================================================-->\n    \n        <source id=\"benefitsMobImg\" media=\"(max-width: 700px)\" srcset=\"\"\/>\n        <img decoding=\"async\" id=\"benefitsImg\" src=\"\" alt=\"\" loading=\"lazy\"\/>\n    \n    <!--==================================================== Benefits text ====================================================-->\n            <h2>BIENFAITS<\/h2>\n            <h3>Quelques gouttes de cet illuminateur de teint liquide suffisent pour donner dimension et d\u00e9finition au visage en accentuant les zones d&#8217;ombre et de lumi\u00e8re y compris l&#8217;os de la pommette, l&#8217;arcade sourcili\u00e8re, l&#8217;ar\u00eate du nez et l&#8217;arc de Cupidon.<\/h3>\n            <p>Les ingr\u00e9dients d&#8217;origine naturelle, d&#8217;origine v\u00e9g\u00e9tale et d&#8217;autres ingr\u00e9dients qui dorlotent la peau aident \u00e0 laisser la peau radieuse et lumineuse.<\/p>\n            <!--==================================================== features image slide  ====================================================-->\n                    <img decoding=\"async\" src=\"\" alt=\"\" loading=\"lazy\"\/>\n                    <img decoding=\"async\" src=\"\" alt=\"\" loading=\"lazy\"\/>\n        <!--==================================================== features text ====================================================-->\n                <h3>Caract\u00e9ristiques<\/h3>\n                    <p>\/ Illumine la peau et la laisse plus lumineuse<\/p>\n                    <p>\/ Aide \u00e0 camoufler les imperfections<\/p>\n                    <p>\/ Sa formule l\u00e9g\u00e8re et non grasse permet de superposer les couches pour obtenir la couverture d\u00e9sir\u00e9e<\/p>\n                    <p>\/ Deux teintes universelles : Champagne et Rose Gold (rose&nbsp;dor\u00e9) <\/p>\n                    <p>\/ Convient \u00e0 tous types de peau<\/p>\n                    <br \/>\n                <p>Parfum \/ Non parfum\u00e9<\/p>\n                <p>Texture \/ Liquide soyeux<\/p>\n                <p>*Based on a consumer study with 35 women between ages 20-60 years, current users of loose powder. Tested by an independent laboratory.<\/p>\n    <!--==================================================== composition image mobile ====================================================-->\n    <img decoding=\"async\" src=\"\" alt=\"\" loading=\"lazy\"\/>\n    <!--==================================================== Why it works text ====================================================-->\n        <h2>Pour un \u00e9clat \u00e9tincelant<\/h2>\n        <h3>Cette formule offre des bienfaits pour la peau et contient de la niacinamide, du squalane, de l&#8217;ac\u00e9tate de vitamine E et du REJUVENIQE S\u2122 pour illuminer, aider \u00e0 augmenter l&#8217;\u00e9clat et \u00e0 camoufler les imperfections tout en am\u00e9liorant l&#8217;apparence de la peau au fil du temps.<\/h3>\n        \n<!--==================================================== Composition section ====================================================-->\n        <img decoding=\"async\" src=\"\" alt=\"\" loading=\"lazy\"\/>\n        <img decoding=\"async\" id=\"compImg_2\" src=\"\" alt=\"\" loading=\"lazy\"\/>\n                <!--==================================================== Directions text ====================================================--> \n                    <h3>Mode d&#8217;emploi<\/h3>\n                        <p>\/ Bien agiter.<\/p>\n                        <p>\/ Appliquer sur les zones o\u00f9 vous souhaitez ajouter une touche d&#8217;\u00e9clat.<\/p>\n                        <p>\/ Estomper pour un look rayonnant.<\/p>\n                        <p>\/ Utiliser le produit seul ou ajouter quelques gouttes \u00e0 votre fond de teint favori pour donner un coup d&#8217;\u00e9clat \u00e0 l&#8217;ensemble du visage.<\/p> \n                <!--==================================================== Directions video ====================================================-->\n                    <!---->\n    <!--<p>MONAT Liquid Highlighter\u2122  <br \/>7:21<\/p>-->\n        <a href=\"\" target=\"_blank\" role=\"button\" aria-label=\"\" rel=\"noopener\"><\/a>\n    <!--==================================================== Ingredients section  ====================================================-->\n        <h2>INGR\u00c9DIENTS CL\u00c9S<\/h2>\n          <img decoding=\"async\" src=\"https:\/\/monatglobal.com\/wp-content\/uploads\/2024\/07\/Niacinamide-.svg\" alt=\"icon of Niacinamide \"\/> \n      <p>Niacinamide<\/p>\n              <img decoding=\"async\" src=\"https:\/\/monatglobal.com\/wp-content\/uploads\/2024\/07\/Squalane.svg\" alt=\"icon of Squalane\"\/>\n      <p>Squalane<\/p>\n           <img decoding=\"async\" src=\"https:\/\/monatglobal.com\/wp-content\/uploads\/2024\/07\/Vitamin-E-Acetate-.svg\" alt=\"icon of Vitamin E Acetate\"\/>\n      <p>Ac\u00e9tate de vitamine E<\/p>\n            <img decoding=\"async\" src=\"https:\/\/monatglobal.com\/wp-content\/uploads\/2024\/07\/REJUVENIQE-S-1.svg\" alt=\"icon of  REJUVENIQE S\u2122\"\/> \n      <p>REJUVENIQE S\u2122<\/p>\n        <button id=\"myBtn\" type=\"button\">LISTE D&#8217;INGR\u00c9DIENTS<\/button>\n        <!--==================================================== Modal content  ====================================================-->\n            \u00d7\n            <p>Aqua\/Water\/Eau, Glycerin, Diisostearyl Malate, Mica, Synthetic Fluorphlogopite, Hydroxypropyl Starch, Squalane, Lecithin, Niacinamide, Sclerotium Gum, Pullulan, Tocopheryl Acetate, Pisum Sativum (Pea) Extract, Sodium Phytate, Olea Europaea (Olive) Fruit Oil, Silica, Chenopodium Quinoa Seed Extract, Limnanthes Alba (Meadowfoam) Seed Oil, Xanthan Gum, Crambe Abyssinica Seed Oil, Tocopherol, Cocos Nucifera (Coconut) Oil, Camellia Oleifera Seed Oil, Daucus Carota Sativa (Carrot) Seed Oil, Simmondsia Chinensis (Jojoba) Seed Extract, Sodium Acrylates Copolymer, Capryloyl Glycerin\/Sebacic Acid Copolymer, Solanum Lycopersicum (Tomato) Seed Oil, Adansonia Digitata Oil, Caryocar Brasiliense Fruit Oil, Citrus Aurantifolia (Lime) Oil, Citrus Aurantium Bergamia (Bergamot) Fruit Oil, Citrus Limon (Lemon) Peel Oil, Gardenia Taitensis Flower Extract, Helianthus Annuus (Sunflower) Seed Oil, Mauritia Flexuosa Fruit Oil, Moringa Oleifera Seed Oil, Alcohol, Calcium Aluminum Borosilicate, Tin Oxide, Ethylhexylglycerin, Benzyl Alcohol, Sodium Benzoate, Potassium Sorbate, May Contain (+\/-): Titanium Dioxide (CI 77891), Iron Oxides (CI 77491).<\/p>\n    <!--==================================================== You might also like section ====================================================-->\n        <h2>VOUS POURRIEZ AUSSI AIMER<\/h2>\n        <!--==================================================== Slider YOU MIGHT ALSO LIKE ====================================================-->\n            <!-- If we need navigation buttons -->\n            <!-- If we need paginations -->\n    <a href=\"\" aria-label=\"\"><\/a>\n<!--==================================================== this link has to go last for it to work   ====================================================-->\n\n","protected":false},"excerpt":{"rendered":"<p>Highlighter liquide\ufe0f MONAT Contient de la niacinamide et du squalane Donne un \u00e9clat instantan\u00e9 pour une peau lumineuse. 10 ml \u212e 0,34 oz liq. Prix de d\u00e9tail00.00 $ CA Prix de client VIP00.00 $ CA Pour en savoir plus sur le Highlighter liquide MONAT\ufe0f, veuillez contacter votre partenaire de march\u00e9 MONAT. BIENFAITS Quelques gouttes de&hellip;<\/p>\n","protected":false},"author":31,"featured_media":90042,"parent":0,"menu_order":0,"comment_status":"closed","ping_status":"closed","template":"","meta":{"inline_featured_image":false,"om_disable_all_campaigns":false,"_monsterinsights_skip_tracking":false,"_monsterinsights_sitenote_active":false,"_monsterinsights_sitenote_note":"","_monsterinsights_sitenote_category":0,"footnotes":""},"categories":[3629],"tags":[],"class_list":["post-90053","page","type-page","status-publish","has-post-thumbnail","hentry","category-product-fra"],"aioseo_notices":[],"aioseo_head":"\n\t\t<!-- All in One SEO Pro 4.9.5.2 - aioseo.com -->\n\t<meta name=\"description\" content=\"Le meilleur illuminateur de teint sur le march\u00e9 pour donner un \u00e9clat instantan\u00e9, il contient de la niacinamide et du squalane, et a \u00e9t\u00e9 con\u00e7u pour illuminer et sublimer l\u2019\u00e9clat de la peau en plus de camoufler les imperfections\" \/>\n\t<meta name=\"robots\" content=\"max-image-preview:large\" \/>\n\t<link rel=\"canonical\" href=\"https:\/\/monatglobal.com\/ca\/liquid-highlighter\/?lang=fr\" \/>\n\t<meta name=\"generator\" content=\"All in One SEO Pro (AIOSEO) 4.9.5.2\" \/>\n\t\t<meta property=\"og:locale\" content=\"en_US\" \/>\n\t\t<meta property=\"og:site_name\" content=\"Monat Canada English - We Are Modern Nature\" \/>\n\t\t<meta property=\"og:type\" content=\"article\" \/>\n\t\t<meta property=\"og:title\" content=\"Highlighter liquide | Maquillage MONAT\" \/>\n\t\t<meta property=\"og:description\" content=\"Le meilleur illuminateur de teint sur le march\u00e9 pour donner un \u00e9clat instantan\u00e9, il contient de la niacinamide et du squalane, et a \u00e9t\u00e9 con\u00e7u pour illuminer et sublimer l\u2019\u00e9clat de la peau en plus de camoufler les imperfections\" \/>\n\t\t<meta property=\"og:url\" content=\"https:\/\/monatglobal.com\/ca\/liquid-highlighter\/?lang=fr\" \/>\n\t\t<meta property=\"article:published_time\" content=\"2024-09-06T20:53:23+00:00\" \/>\n\t\t<meta property=\"article:modified_time\" content=\"2026-01-28T22:48:57+00:00\" \/>\n\t\t<meta name=\"twitter:card\" content=\"summary_large_image\" \/>\n\t\t<meta name=\"twitter:title\" content=\"Highlighter liquide | Maquillage MONAT\" \/>\n\t\t<meta name=\"twitter:description\" content=\"Le meilleur illuminateur de teint sur le march\u00e9 pour donner un \u00e9clat instantan\u00e9, il contient de la niacinamide et du squalane, et a \u00e9t\u00e9 con\u00e7u pour illuminer et sublimer l\u2019\u00e9clat de la peau en plus de camoufler les imperfections\" \/>\n\t\t<script type=\"application\/ld+json\" class=\"aioseo-schema\">\n\t\t\t{\"@context\":\"https:\\\/\\\/schema.org\",\"@graph\":[{\"@type\":\"BreadcrumbList\",\"@id\":\"https:\\\/\\\/monatglobal.com\\\/ca\\\/liquid-highlighter\\\/?lang=fr#breadcrumblist\",\"itemListElement\":[{\"@type\":\"ListItem\",\"@id\":\"https:\\\/\\\/monatglobal.com\\\/ca#listItem\",\"position\":1,\"name\":\"Home\",\"item\":\"https:\\\/\\\/monatglobal.com\\\/ca\",\"nextItem\":{\"@type\":\"ListItem\",\"@id\":\"https:\\\/\\\/monatglobal.com\\\/ca\\\/liquid-highlighter\\\/?lang=fr#listItem\",\"name\":\"Highlighter liquide | Maquillage MONAT\"}},{\"@type\":\"ListItem\",\"@id\":\"https:\\\/\\\/monatglobal.com\\\/ca\\\/liquid-highlighter\\\/?lang=fr#listItem\",\"position\":2,\"name\":\"Highlighter liquide | Maquillage MONAT\",\"previousItem\":{\"@type\":\"ListItem\",\"@id\":\"https:\\\/\\\/monatglobal.com\\\/ca#listItem\",\"name\":\"Home\"}}]},{\"@type\":\"Organization\",\"@id\":\"https:\\\/\\\/monatglobal.com\\\/ca\\\/#organization\",\"name\":\"Monat Canada English\",\"description\":\"We Are Modern Nature\",\"url\":\"https:\\\/\\\/monatglobal.com\\\/ca\\\/\"},{\"@type\":\"WebPage\",\"@id\":\"https:\\\/\\\/monatglobal.com\\\/ca\\\/liquid-highlighter\\\/?lang=fr#webpage\",\"url\":\"https:\\\/\\\/monatglobal.com\\\/ca\\\/liquid-highlighter\\\/?lang=fr\",\"name\":\"Highlighter liquide | Maquillage MONAT\",\"description\":\"Le meilleur illuminateur de teint sur le march\\u00e9 pour donner un \\u00e9clat instantan\\u00e9, il contient de la niacinamide et du squalane, et a \\u00e9t\\u00e9 con\\u00e7u pour illuminer et sublimer l\\u2019\\u00e9clat de la peau en plus de camoufler les imperfections\",\"inLanguage\":\"en-US\",\"isPartOf\":{\"@id\":\"https:\\\/\\\/monatglobal.com\\\/ca\\\/#website\"},\"breadcrumb\":{\"@id\":\"https:\\\/\\\/monatglobal.com\\\/ca\\\/liquid-highlighter\\\/?lang=fr#breadcrumblist\"},\"image\":{\"@type\":\"ImageObject\",\"url\":\"https:\\\/\\\/monatglobal.com\\\/ca\\\/wp-content\\\/uploads\\\/sites\\\/5\\\/2024\\\/09\\\/LIQUID-HIGHLIGHTERS-CHAMPAGNE-ECOMM_2024.png\",\"@id\":\"https:\\\/\\\/monatglobal.com\\\/ca\\\/liquid-highlighter\\\/?lang=fr\\\/#mainImage\",\"width\":641,\"height\":800},\"primaryImageOfPage\":{\"@id\":\"https:\\\/\\\/monatglobal.com\\\/ca\\\/liquid-highlighter\\\/?lang=fr#mainImage\"},\"datePublished\":\"2024-09-06T16:53:23-04:00\",\"dateModified\":\"2026-01-28T17:48:57-05:00\"},{\"@type\":\"WebSite\",\"@id\":\"https:\\\/\\\/monatglobal.com\\\/ca\\\/#website\",\"url\":\"https:\\\/\\\/monatglobal.com\\\/ca\\\/\",\"name\":\"Monat Canada English\",\"description\":\"We Are Modern Nature\",\"inLanguage\":\"en-US\",\"publisher\":{\"@id\":\"https:\\\/\\\/monatglobal.com\\\/ca\\\/#organization\"}}]}\n\t\t<\/script>\n\t\t<!-- All in One SEO Pro -->\r\n\t\t<title>Highlighter liquide | Maquillage MONAT<\/title>\n\n","aioseo_head_json":{"title":"Highlighter liquide | Maquillage MONAT","description":"Le meilleur illuminateur de teint sur le march\u00e9 pour donner un \u00e9clat instantan\u00e9, il contient de la niacinamide et du squalane, et a \u00e9t\u00e9 con\u00e7u pour illuminer et sublimer l\u2019\u00e9clat de la peau en plus de camoufler les imperfections","canonical_url":"https:\/\/monatglobal.com\/ca\/liquid-highlighter\/?lang=fr","robots":"max-image-preview:large","keywords":"","webmasterTools":{"miscellaneous":""},"schema":{"@context":"https:\/\/schema.org","@graph":[{"@type":"BreadcrumbList","@id":"https:\/\/monatglobal.com\/ca\/liquid-highlighter\/?lang=fr#breadcrumblist","itemListElement":[{"@type":"ListItem","@id":"https:\/\/monatglobal.com\/ca#listItem","position":1,"name":"Home","item":"https:\/\/monatglobal.com\/ca","nextItem":{"@type":"ListItem","@id":"https:\/\/monatglobal.com\/ca\/liquid-highlighter\/?lang=fr#listItem","name":"Highlighter liquide | Maquillage MONAT"}},{"@type":"ListItem","@id":"https:\/\/monatglobal.com\/ca\/liquid-highlighter\/?lang=fr#listItem","position":2,"name":"Highlighter liquide | Maquillage MONAT","previousItem":{"@type":"ListItem","@id":"https:\/\/monatglobal.com\/ca#listItem","name":"Home"}}]},{"@type":"Organization","@id":"https:\/\/monatglobal.com\/ca\/#organization","name":"Monat Canada English","description":"We Are Modern Nature","url":"https:\/\/monatglobal.com\/ca\/"},{"@type":"WebPage","@id":"https:\/\/monatglobal.com\/ca\/liquid-highlighter\/?lang=fr#webpage","url":"https:\/\/monatglobal.com\/ca\/liquid-highlighter\/?lang=fr","name":"Highlighter liquide | Maquillage MONAT","description":"Le meilleur illuminateur de teint sur le march\u00e9 pour donner un \u00e9clat instantan\u00e9, il contient de la niacinamide et du squalane, et a \u00e9t\u00e9 con\u00e7u pour illuminer et sublimer l\u2019\u00e9clat de la peau en plus de camoufler les imperfections","inLanguage":"en-US","isPartOf":{"@id":"https:\/\/monatglobal.com\/ca\/#website"},"breadcrumb":{"@id":"https:\/\/monatglobal.com\/ca\/liquid-highlighter\/?lang=fr#breadcrumblist"},"image":{"@type":"ImageObject","url":"https:\/\/monatglobal.com\/ca\/wp-content\/uploads\/sites\/5\/2024\/09\/LIQUID-HIGHLIGHTERS-CHAMPAGNE-ECOMM_2024.png","@id":"https:\/\/monatglobal.com\/ca\/liquid-highlighter\/?lang=fr\/#mainImage","width":641,"height":800},"primaryImageOfPage":{"@id":"https:\/\/monatglobal.com\/ca\/liquid-highlighter\/?lang=fr#mainImage"},"datePublished":"2024-09-06T16:53:23-04:00","dateModified":"2026-01-28T17:48:57-05:00"},{"@type":"WebSite","@id":"https:\/\/monatglobal.com\/ca\/#website","url":"https:\/\/monatglobal.com\/ca\/","name":"Monat Canada English","description":"We Are Modern Nature","inLanguage":"en-US","publisher":{"@id":"https:\/\/monatglobal.com\/ca\/#organization"}}]},"og:locale":"en_US","og:site_name":"Monat Canada English - We Are Modern Nature","og:type":"article","og:title":"Highlighter liquide | Maquillage MONAT","og:description":"Le meilleur illuminateur de teint sur le march\u00e9 pour donner un \u00e9clat instantan\u00e9, il contient de la niacinamide et du squalane, et a \u00e9t\u00e9 con\u00e7u pour illuminer et sublimer l\u2019\u00e9clat de la peau en plus de camoufler les imperfections","og:url":"https:\/\/monatglobal.com\/ca\/liquid-highlighter\/?lang=fr","article:published_time":"2024-09-06T20:53:23+00:00","article:modified_time":"2026-01-28T22:48:57+00:00","twitter:card":"summary_large_image","twitter:title":"Highlighter liquide | Maquillage MONAT","twitter:description":"Le meilleur illuminateur de teint sur le march\u00e9 pour donner un \u00e9clat instantan\u00e9, il contient de la niacinamide et du squalane, et a \u00e9t\u00e9 con\u00e7u pour illuminer et sublimer l\u2019\u00e9clat de la peau en plus de camoufler les imperfections"},"aioseo_meta_data":{"post_id":"90053","title":"Highlighter liquide | Maquillage MONAT","description":"Le meilleur illuminateur de teint sur le march\u00e9 pour donner un \u00e9clat instantan\u00e9, il contient de la niacinamide et du squalane, et a \u00e9t\u00e9 con\u00e7u pour illuminer et sublimer l\u2019\u00e9clat de la peau en plus de camoufler les imperfections","keywords":null,"keyphrases":{"focus":{"keyphrase":"","score":0,"analysis":{"keyphraseInTitle":{"score":0,"maxScore":9,"error":1}}},"additional":[]},"primary_term":null,"canonical_url":null,"og_title":null,"og_description":null,"og_object_type":"default","og_image_type":"default","og_image_url":null,"og_image_width":null,"og_image_height":null,"og_image_custom_url":null,"og_image_custom_fields":null,"og_video":"","og_custom_url":null,"og_article_section":null,"og_article_tags":null,"twitter_use_og":false,"twitter_card":"default","twitter_image_type":"default","twitter_image_url":null,"twitter_image_custom_url":null,"twitter_image_custom_fields":null,"twitter_title":null,"twitter_description":null,"schema":{"blockGraphs":[],"customGraphs":[],"default":{"data":{"Article":[],"Course":[],"Dataset":[],"FAQPage":[],"Movie":[],"Person":[],"Product":[],"ProductReview":[],"Car":[],"Recipe":[],"Service":[],"SoftwareApplication":[],"WebPage":[]},"graphName":"WebPage","isEnabled":true},"graphs":[]},"schema_type":"default","schema_type_options":null,"pillar_content":false,"robots_default":true,"robots_noindex":false,"robots_noarchive":false,"robots_nosnippet":false,"robots_nofollow":false,"robots_noimageindex":false,"robots_noodp":false,"robots_notranslate":false,"robots_max_snippet":"-1","robots_max_videopreview":"-1","robots_max_imagepreview":"large","priority":null,"frequency":"default","local_seo":null,"seo_analyzer_scan_date":"2026-02-10 21:13:20","limit_modified_date":false,"reviewed_by":null,"open_ai":"{\"title\":{\"suggestions\":[],\"usage\":0},\"description\":{\"suggestions\":[],\"usage\":0}}","ai":null,"created":"2024-09-04 22:51:30","updated":"2026-02-10 21:13:20"},"aioseo_breadcrumb":"<div class=\"aioseo-breadcrumbs\"><span class=\"aioseo-breadcrumb\">\n\t<a href=\"https:\/\/monatglobal.com\/ca\" title=\"Home\">Home<\/a>\n<\/span><span class=\"aioseo-breadcrumb-separator\">&raquo;<\/span><span class=\"aioseo-breadcrumb\">\n\tHighlighter liquide | Maquillage MONAT\n<\/span><\/div>","aioseo_breadcrumb_json":[{"label":"Home","link":"https:\/\/monatglobal.com\/ca"},{"label":"Highlighter liquide | Maquillage MONAT","link":"https:\/\/monatglobal.com\/ca\/liquid-highlighter\/?lang=fr"}],"_links":{"self":[{"href":"https:\/\/monatglobal.com\/ca\/wp-json\/wp\/v2\/pages\/90053","targetHints":{"allow":["GET"]}}],"collection":[{"href":"https:\/\/monatglobal.com\/ca\/wp-json\/wp\/v2\/pages"}],"about":[{"href":"https:\/\/monatglobal.com\/ca\/wp-json\/wp\/v2\/types\/page"}],"author":[{"embeddable":true,"href":"https:\/\/monatglobal.com\/ca\/wp-json\/wp\/v2\/users\/31"}],"replies":[{"embeddable":true,"href":"https:\/\/monatglobal.com\/ca\/wp-json\/wp\/v2\/comments?post=90053"}],"version-history":[{"count":25,"href":"https:\/\/monatglobal.com\/ca\/wp-json\/wp\/v2\/pages\/90053\/revisions"}],"predecessor-version":[{"id":110209,"href":"https:\/\/monatglobal.com\/ca\/wp-json\/wp\/v2\/pages\/90053\/revisions\/110209"}],"wp:featuredmedia":[{"embeddable":true,"href":"https:\/\/monatglobal.com\/ca\/wp-json\/wp\/v2\/media\/90042"}],"wp:attachment":[{"href":"https:\/\/monatglobal.com\/ca\/wp-json\/wp\/v2\/media?parent=90053"}],"wp:term":[{"taxonomy":"category","embeddable":true,"href":"https:\/\/monatglobal.com\/ca\/wp-json\/wp\/v2\/categories?post=90053"},{"taxonomy":"post_tag","embeddable":true,"href":"https:\/\/monatglobal.com\/ca\/wp-json\/wp\/v2\/tags?post=90053"}],"curies":[{"name":"wp","href":"https:\/\/api.w.org\/{rel}","templated":true}]}}