{"id":90051,"date":"2024-09-06T16:56:39","date_gmt":"2024-09-06T20:56:39","guid":{"rendered":"https:\/\/monatglobal.com\/ca\/?page_id=90051"},"modified":"2026-01-28T17:48:53","modified_gmt":"2026-01-28T22:48:53","slug":"lip-plumb-gloss","status":"publish","type":"page","link":"https:\/\/monatglobal.com\/ca\/lip-plumb-gloss\/?lang=fr","title":{"rendered":"Lip Plumper | Instant hydration and plumping | MONAT Makeup"},"content":{"rendered":"\n\n\t<!--Title: Lip Plumper | Instant hydration and plumping | MONAT Makeup-->\n<!--Our Lip-Plumping Gloss is a glossy formula with natural ingredients that immediately plumps and hydrates your lips and blurs the appearance of lip lines.-->\n<link rel=\"stylesheet\" href=\"https:\/\/monatglobal.com\/wp-content\/creative_css\/product_styles_sheet.css\"\/>\n    <!--==================================================== ECOMM SECTION ====================================================-->\n        <!--==================================================== Ecomm image ====================================================-->\n            <p>MEILLEUR VENDEUR<\/p>\n                    <img decoding=\"async\" alt=\"\" src=\"\" loading=\"lazy\"\/>\n                    <img decoding=\"async\" alt=\"\" src=\"\" loading=\"lazy\"\/> \n                    <img decoding=\"async\" alt=\"\" src=\"\" loading=\"lazy\"\/>\n                  <img decoding=\"async\" alt=\"A male smiling while holding BE CLARIFIED\u2122 Acne-Clearing Moisturizer.\" src=\"https:\/\/monatglobal.com\/wp-content\/uploads\/2023\/03\/pop-up-ecomm-be-clarified-Acne-Clearing-Moisturizer.jpg\" loading=\"lazy\"\/>\n                        <img decoding=\"async\" alt=\"\" src=\"\" data-lbxp=\"\" loading=\"lazy\"\/>\n                        <img decoding=\"async\" alt=\"\" src=\"\" data-lbxp=\"\" loading=\"lazy\"\/>\n                        <img decoding=\"async\" alt=\"\" src=\"\" data-lbxp=\"\" loading=\"lazy\"\/>\n                      <img decoding=\"async\" alt=\"A male smiling while holding BE CLARIFIED\u2122 Acne-Clearing Moisturizer.\" src=\"https:\/\/monatglobal.com\/wp-content\/uploads\/2023\/03\/pop-up-ecomm-be-clarified-Acne-Clearing-Moisturizer.jpg\" loading=\"lazy\"\/>\n        <!--==================================================== Ecomm information  ====================================================-->\n            <p>MEILLEUR VENDEUR<\/p>\n            <p>MONAT<\/p>\n            <h1>Lip-Plumping  <br \/> Gloss\u2122<\/h1>\n            <p>With Vitamin E and Jojoba Esters<\/p>\n            <p>Cette formule riche en antioxydants repulpe et hydrate pour des l\u00e8vres volumineuses et infiniment lustr\u00e9es.<\/p>\n            <p>6 ml e 0,2 oz liq.<\/p>\n            \n                <label><input type=\"radio\" name=\"toneLip\"\/><\/label>\n                <label><input type=\"radio\" name=\"toneLip\"\/><\/label>\n                <label><input type=\"radio\" name=\"toneLip\"\/><\/label>\n                <label><input type=\"radio\" name=\"toneLip\"\/><\/label>\n         <!--==================================================== pricing box ====================================================-->  \n                    <p>Prix de d\u00e9tail<br \/>00.00 $ CA<\/p>\n                    <p>Prix de client VIP<br \/>00.00 $ CA<\/p>\n         <!--==================================================== pricing box ====================================================-->    \n            <p>Pour en savoir plus sur le MONAT Lip-Plumping Gloss\u2122, veuillez contacter votre partenaire de march\u00e9 MONAT. <\/p>\n                <a href=\"\" target=\"_blank\" role=\"button\" aria-label=\"\" rel=\"noopener\"><\/a>\n    <!--==================================================== \/ECOMM SECTION  ====================================================-->\n    <!--==================================================== Benefits image ====================================================-->\n    \n        <source id=\"benefitsMobImg\" media=\"(max-width: 700px)\" srcset=\"\" loading=\"lazy\"\/>\n        <img decoding=\"async\" id=\"benefitsImg\" src=\"\" alt=\"\" loading=\"lazy\"\/>\n    \n    <!--==================================================== Benefits text ====================================================-->\n            <h2>BIENFAITS<\/h2>\n            <h3>MONAT Lip-Plumping Gloss\u2122 procure une hydratation instantan\u00e9e et une sensation rafra\u00eechissante en plus d&#8217;avoir un effet repulpant, pour un fini lustr\u00e9 et volumineux.<\/h3>\n            <p> Ce brillant \u00e0 l\u00e8vres se d\u00e9cline en quatre teintes incontournables qui peuvent \u00eatre port\u00e9es seules pour accentuer les l\u00e8vres naturelles ou appliqu\u00e9es apr\u00e8s votre teinte favorite de Rouge \u00e0 l\u00e8vres liquide MONAT Liquid Lipstick\u2122 pour un look glamour brillant et volumineux.<\/p>\n            <!--==================================================== features image slide  ====================================================-->\n                    <img decoding=\"async\" src=\"\" alt=\"\" loading=\"lazy\"\/>\n                    <img decoding=\"async\" src=\"\" alt=\"\" loading=\"lazy\"\/>\n                    <img decoding=\"async\" src=\"\" alt=\"\" loading=\"lazy\"\/>\n        <!--==================================================== features text ====================================================-->\n                <h3>Caract\u00e9ristiques<\/h3>\n                    <p>\/ Procure une hydratation instantan\u00e9e et \u00e0 long terme<\/p>\n                    <p>\/ Contient un complexe puissant qui aide \u00e0 repulper imm\u00e9diatement les l\u00e8vres pour leur donner une apparence plus ferme et plus volumineuse<\/p>\n                    <p>\/ Disponible en 4 teintes universelles : 2 au fini scintillant et 2 au fini lustr\u00e9 tr\u00e8s brillant<\/p>\n                    <p>\/  Camoufle les plis sur les l\u00e8vres*<\/p>\n                    <p>\/  Les l\u00e8vres sont hydrat\u00e9es, nourries et ont une apparence plus volumineuse* <\/p>\n                  <p>*Bas\u00e9 sur une \u00e9tude de consommateurs de 14 jours men\u00e9e aupr\u00e8s de 31 femmes. Test\u00e9 par un laboratoire ind\u00e9pendant.<\/p><br \/>\n                <p>Parfum \/ Non parfum\u00e9<\/p>\n                <p>Texture \/ Brillant \u00e0 l\u00e8vres liquide<\/p>\n    <!--==================================================== composition image mobile ====================================================-->\n    <img decoding=\"async\" src=\"\" alt=\"\" loading=\"lazy\"\/>\n    <!--==================================================== Why it works text ====================================================-->\n        <h2>Mettez le volume au maximum<\/h2>\n              <h3>D\u00e9couvrez des l\u00e8vres plus charnues tout en leur apportant l&#8217;hydratation dont elles ont besoin!<\/h3>\n        <p> Cette formule repulpante contient de l&#8217;extrait de fleur de grenade, du REJUVENIQE S\u2122 et des huiles v\u00e9g\u00e9tales pour une moue volumineuse et camoufle les plis sur les l\u00e8vres pour un look impeccable.<\/p>\n<!--==================================================== Composition section ====================================================-->\n        <img decoding=\"async\" src=\"\" alt=\"\" loading=\"lazy\"\/>\n        <img decoding=\"async\" id=\"compImg_2\" src=\"\" alt=\"\" loading=\"lazy\"\/>\n                <!--==================================================== Directions text ====================================================--> \n                    <h3>Mode d&#8217;emploi<\/h3><br \/>\n                        <p>\/ Appliquer sur des l\u00e8vres propres et s\u00e8ches.<\/p>\n                <!--==================================================== Directions video ====================================================-->\n                    <!---->\n<!--<p>MONAT Lip-Plumping Gloss\u2122\ufe0f <br \/>7:21<\/p>-->\n        <a href=\"\" target=\"_blank\" role=\"button\" aria-label=\"\" rel=\"noopener\"><\/a>\n    <!--==================================================== Ingredients section  ====================================================-->\n        <h2>INGR\u00c9DIENTS CL\u00c9S<\/h2>\n          <img decoding=\"async\" src=\"https:\/\/monatglobal.com\/wp-content\/uploads\/2024\/08\/MONAT-Lip-Plumping-Complex.svg\" alt=\"icon of MONAT Lip-Plumping Complex\" loading=\"lazy\"\/> \n      <p>Complexe repulpant pour les l\u00e8vres MONAT<\/p>\n              <img decoding=\"async\" src=\"https:\/\/monatglobal.com\/wp-content\/uploads\/2024\/08\/Sodium-Hyaluronate.svg\" alt=\"icon of Sodium Hyaluronate\"\/>\n      <p>Hyaluronate de sodium<\/p>\n           <img decoding=\"async\" src=\"https:\/\/monatglobal.com\/wp-content\/uploads\/2024\/07\/REJUVENIQE-S-1.svg\" alt=\"icon of REJUVENIQE S\u2122\"\/>\n      <p>REJUVENIQE S\u2122<\/p>\n            <img decoding=\"async\" src=\"https:\/\/monatglobal.com\/wp-content\/uploads\/2024\/08\/Blend-of-Botanical-Oils.svg\" alt=\"icon of Blend of Botanical Oils and Polyglycerides\"\/> \n      <p>M\u00e9lange d&#8217;huiles v\u00e9g\u00e9tales et de polyglyc\u00e9rides<\/p>\n        <button id=\"myBtn\" type=\"button\">LISTE D&#8217;INGR\u00c9DIENTS<\/button>\n        <!--==================================================== Modal content  ====================================================-->\n            \u00d7\n            Graceful and Confident:<br \/><br \/>\nRicinus Communis (Castor) Seed Oil, Mango Butter Dimer Dilinoleyl Esters\/Dimer Dilinoleate Copolymer, Oleic\/Linoleic\/Linolenic Polyglycerides, Simmondsia Chinensis (Jojoba) Seed Oil, Copernicia Cerifera (Carnauba) Wax\/Cire de Carnauba, Capryloyl Glycerin\/Sebacic Acid Copolymer, Polyhydroxystearic Acid, Menthoxypropanediol, Sodium Hyaluronate,Hydrogenated Rapeseed Oil, Mentha Piperita (Perppermint) Oil, Daucus Carota Sativa (Carrot) Seed Oil, Simmondsia Chinensis (Jojoba) Seed Extract, Solanum Lycopersicum (Tomato) Seed Oil, Punica Granatum Seed Oil, Punica Granatum Flower Extract, Hydrogenated Castor Oil, Gardenia Taitensis Flower Extract, Helianthus Annuus (Sunflower) Seed Oil, Mauritia Flexuosa Fruit Oil, Sorbitan Oleate, Limnanthes Alba (Meadowfoam) Seed Oil, Crambe Abyssinica Seed Oil, Camellia Oleifera Seed Oil, Adansonia Digitata Oil, Caryocar Brasiliense Fruit Oil, Citrus Aurantifolia (Lime) Oil, Citrus Aurantium Bergamia (Bergamot) Fruit Oil, Citrus Limon (Lemon) Peel Oil, Cocos Nucifera (Coconut) Oil, Moringa Oleifera Seed Oil, Olea Europaea (Olive) Fruit Oil, Caprylyl Glycol, Polyglyceryl-3 Diisostearate, Silica, MAY CONTAIN(+\/-): Titanium Dioxide (CI 77891), Iron Oxides (CI 77491, CI 77499), Red 7 (CI 15850). \n<br \/><br \/>\nClassy and Effortless:<br \/><br \/>\nRicinus Communis (Castor) Seed Oil, Mango Butter Dimer Dilinoleyl Esters\/Dimer Dilinoleate Copolymer, Oleic\/Linoleic\/Linolenic Polyglycerides, Simmondsia Chinensis (Jojoba) Seed Oil, Copernicia Cerifera (Carnauba) Wax\/Cire de Carnauba, Capryloyl Glycerin\/Sebacic Acid Copolymer, Polyhydroxystearic Acid, Calcium Sodium Borosilicate, Menthoxypropanediol, Sodium Hyaluronate,Hydrogenated Rapeseed Oil, Mentha Piperita (Perppermint) Oil, Daucus Carota Sativa (Carrot) Seed Oil, Simmondsia Chinensis (Jojoba) Seed Extract, Solanum Lycopersicum (Tomato) Seed Oil, Punica Granatum Seed Oil, Punica Granatum Flower Extract, Hydrogenated Castor Oil, Gardenia Taitensis Flower Extract, Helianthus Annuus (Sunflower) Seed Oil, Mauritia Flexuosa Fruit Oil, Sorbitan Oleate, Limnanthes Alba (Meadowfoam) Seed Oil, Crambe Abyssinica Seed Oil, Camellia Oleifera Seed Oil, Adansonia Digitata Oil, Caryocar Brasiliense Fruit Oil, Citrus Aurantifolia (Lime) Oil, Citrus Aurantium Bergamia (Bergamot) Fruit Oil, Citrus Limon (Lemon) Peel Oil, Cocos Nucifera (Coconut) Oil, Moringa Oleifera Seed Oil, Olea Europaea (Olive) Fruit Oil, Caprylyl Glycol, Polyglyceryl-3 Diisostearate, Silica, Mica, Tin Oxide MAY CONTAIN(+\/-): Titanium Dioxide (CI 77891), Red 6 Lake (CI 15850), Red 7 (CI 15850) Iron Oxides (CI 77491, CI 77499), Yellow 5 Lake (CI 19140).\t\n    <!--==================================================== You might also like section ====================================================-->\n        <h2>VOUS POURRIEZ AUSSI AIMER<\/h2>\n        <!--==================================================== Slider YOU MIGHT ALSO LIKE ====================================================-->\n            <!-- If we need navigation buttons -->\n            <!-- If we need paginations -->\n    <a href=\"\" aria-label=\"\"><\/a>\n<!--==================================================== this link has to go last for it to work   ====================================================-->\n\n","protected":false},"excerpt":{"rendered":"<p>MEILLEUR VENDEUR MEILLEUR VENDEUR MONAT Lip-Plumping Gloss\u2122 With Vitamin E and Jojoba Esters Cette formule riche en antioxydants repulpe et hydrate pour des l\u00e8vres volumineuses et infiniment lustr\u00e9es. 6 ml e 0,2 oz liq. Prix de d\u00e9tail00.00 $ CA Prix de client VIP00.00 $ CA Pour en savoir plus sur le MONAT Lip-Plumping Gloss\u2122, veuillez&hellip;<\/p>\n","protected":false},"author":31,"featured_media":90044,"parent":0,"menu_order":0,"comment_status":"closed","ping_status":"closed","template":"","meta":{"inline_featured_image":false,"om_disable_all_campaigns":false,"_monsterinsights_skip_tracking":false,"_monsterinsights_sitenote_active":false,"_monsterinsights_sitenote_note":"","_monsterinsights_sitenote_category":0,"footnotes":""},"categories":[3629],"tags":[],"class_list":["post-90051","page","type-page","status-publish","has-post-thumbnail","hentry","category-product-fra"],"aioseo_notices":[],"aioseo_head":"\n\t\t<!-- All in One SEO Pro 4.9.6 - aioseo.com -->\n\t<meta name=\"description\" content=\"Our Lip-Plumping Gloss is a glossy formula with natural ingredients that immediately plumps and hydrates your lips and blurs the appearance of lip lines.\" \/>\n\t<meta name=\"robots\" content=\"max-image-preview:large\" \/>\n\t<link rel=\"canonical\" href=\"https:\/\/monatglobal.com\/ca\/lip-plumb-gloss\/?lang=fr\" \/>\n\t<meta name=\"generator\" content=\"All in One SEO Pro (AIOSEO) 4.9.6\" \/>\n\t\t<meta property=\"og:locale\" content=\"en_US\" \/>\n\t\t<meta property=\"og:site_name\" content=\"Monat Canada English - We Are Modern Nature\" \/>\n\t\t<meta property=\"og:type\" content=\"article\" \/>\n\t\t<meta property=\"og:title\" content=\"Lip Plumper | Instant hydration and plumping | MONAT Makeup\" \/>\n\t\t<meta property=\"og:description\" content=\"Our Lip-Plumping Gloss is a glossy formula with natural ingredients that immediately plumps and hydrates your lips and blurs the appearance of lip lines.\" \/>\n\t\t<meta property=\"og:url\" content=\"https:\/\/monatglobal.com\/ca\/lip-plumb-gloss\/?lang=fr\" \/>\n\t\t<meta property=\"article:published_time\" content=\"2024-09-06T20:56:39+00:00\" \/>\n\t\t<meta property=\"article:modified_time\" content=\"2026-01-28T22:48:53+00:00\" \/>\n\t\t<meta name=\"twitter:card\" content=\"summary_large_image\" \/>\n\t\t<meta name=\"twitter:title\" content=\"Lip Plumper | Instant hydration and plumping | MONAT Makeup\" \/>\n\t\t<meta name=\"twitter:description\" content=\"Our Lip-Plumping Gloss is a glossy formula with natural ingredients that immediately plumps and hydrates your lips and blurs the appearance of lip lines.\" \/>\n\t\t<script type=\"application\/ld+json\" class=\"aioseo-schema\">\n\t\t\t{\"@context\":\"https:\\\/\\\/schema.org\",\"@graph\":[{\"@type\":\"BreadcrumbList\",\"@id\":\"https:\\\/\\\/monatglobal.com\\\/ca\\\/lip-plumb-gloss\\\/?lang=fr#breadcrumblist\",\"itemListElement\":[{\"@type\":\"ListItem\",\"@id\":\"https:\\\/\\\/monatglobal.com\\\/ca#listItem\",\"position\":1,\"name\":\"Home\",\"item\":\"https:\\\/\\\/monatglobal.com\\\/ca\",\"nextItem\":{\"@type\":\"ListItem\",\"@id\":\"https:\\\/\\\/monatglobal.com\\\/ca\\\/lip-plumb-gloss\\\/?lang=fr#listItem\",\"name\":\"Lip Plumper | Instant hydration and plumping | MONAT Makeup\"}},{\"@type\":\"ListItem\",\"@id\":\"https:\\\/\\\/monatglobal.com\\\/ca\\\/lip-plumb-gloss\\\/?lang=fr#listItem\",\"position\":2,\"name\":\"Lip Plumper | Instant hydration and plumping | MONAT Makeup\",\"previousItem\":{\"@type\":\"ListItem\",\"@id\":\"https:\\\/\\\/monatglobal.com\\\/ca#listItem\",\"name\":\"Home\"}}]},{\"@type\":\"Organization\",\"@id\":\"https:\\\/\\\/monatglobal.com\\\/ca\\\/#organization\",\"name\":\"Monat Canada English\",\"description\":\"We Are Modern Nature\",\"url\":\"https:\\\/\\\/monatglobal.com\\\/ca\\\/\"},{\"@type\":\"WebPage\",\"@id\":\"https:\\\/\\\/monatglobal.com\\\/ca\\\/lip-plumb-gloss\\\/?lang=fr#webpage\",\"url\":\"https:\\\/\\\/monatglobal.com\\\/ca\\\/lip-plumb-gloss\\\/?lang=fr\",\"name\":\"Lip Plumper | Instant hydration and plumping | MONAT Makeup\",\"description\":\"Our Lip-Plumping Gloss is a glossy formula with natural ingredients that immediately plumps and hydrates your lips and blurs the appearance of lip lines.\",\"inLanguage\":\"en-US\",\"isPartOf\":{\"@id\":\"https:\\\/\\\/monatglobal.com\\\/ca\\\/#website\"},\"breadcrumb\":{\"@id\":\"https:\\\/\\\/monatglobal.com\\\/ca\\\/lip-plumb-gloss\\\/?lang=fr#breadcrumblist\"},\"image\":{\"@type\":\"ImageObject\",\"url\":\"https:\\\/\\\/monatglobal.com\\\/ca\\\/wp-content\\\/uploads\\\/sites\\\/5\\\/2024\\\/09\\\/LIP-PLUMPING-GLOSS-GRACEFUL-ECOMM_2024-min.png\",\"@id\":\"https:\\\/\\\/monatglobal.com\\\/ca\\\/lip-plumb-gloss\\\/?lang=fr\\\/#mainImage\",\"width\":641,\"height\":800},\"primaryImageOfPage\":{\"@id\":\"https:\\\/\\\/monatglobal.com\\\/ca\\\/lip-plumb-gloss\\\/?lang=fr#mainImage\"},\"datePublished\":\"2024-09-06T16:56:39-04:00\",\"dateModified\":\"2026-01-28T17:48:53-05:00\"},{\"@type\":\"WebSite\",\"@id\":\"https:\\\/\\\/monatglobal.com\\\/ca\\\/#website\",\"url\":\"https:\\\/\\\/monatglobal.com\\\/ca\\\/\",\"name\":\"Monat Canada English\",\"description\":\"We Are Modern Nature\",\"inLanguage\":\"en-US\",\"publisher\":{\"@id\":\"https:\\\/\\\/monatglobal.com\\\/ca\\\/#organization\"}}]}\n\t\t<\/script>\n\t\t<!-- All in One SEO Pro -->\r\n\t\t<title>Lip Plumper | Instant hydration and plumping | MONAT Makeup<\/title>\n\n","aioseo_head_json":{"title":"Lip Plumper | Instant hydration and plumping | MONAT Makeup","description":"Our Lip-Plumping Gloss is a glossy formula with natural ingredients that immediately plumps and hydrates your lips and blurs the appearance of lip lines.","canonical_url":"https:\/\/monatglobal.com\/ca\/lip-plumb-gloss\/?lang=fr","robots":"max-image-preview:large","keywords":"","webmasterTools":{"miscellaneous":""},"schema":{"@context":"https:\/\/schema.org","@graph":[{"@type":"BreadcrumbList","@id":"https:\/\/monatglobal.com\/ca\/lip-plumb-gloss\/?lang=fr#breadcrumblist","itemListElement":[{"@type":"ListItem","@id":"https:\/\/monatglobal.com\/ca#listItem","position":1,"name":"Home","item":"https:\/\/monatglobal.com\/ca","nextItem":{"@type":"ListItem","@id":"https:\/\/monatglobal.com\/ca\/lip-plumb-gloss\/?lang=fr#listItem","name":"Lip Plumper | Instant hydration and plumping | MONAT Makeup"}},{"@type":"ListItem","@id":"https:\/\/monatglobal.com\/ca\/lip-plumb-gloss\/?lang=fr#listItem","position":2,"name":"Lip Plumper | Instant hydration and plumping | MONAT Makeup","previousItem":{"@type":"ListItem","@id":"https:\/\/monatglobal.com\/ca#listItem","name":"Home"}}]},{"@type":"Organization","@id":"https:\/\/monatglobal.com\/ca\/#organization","name":"Monat Canada English","description":"We Are Modern Nature","url":"https:\/\/monatglobal.com\/ca\/"},{"@type":"WebPage","@id":"https:\/\/monatglobal.com\/ca\/lip-plumb-gloss\/?lang=fr#webpage","url":"https:\/\/monatglobal.com\/ca\/lip-plumb-gloss\/?lang=fr","name":"Lip Plumper | Instant hydration and plumping | MONAT Makeup","description":"Our Lip-Plumping Gloss is a glossy formula with natural ingredients that immediately plumps and hydrates your lips and blurs the appearance of lip lines.","inLanguage":"en-US","isPartOf":{"@id":"https:\/\/monatglobal.com\/ca\/#website"},"breadcrumb":{"@id":"https:\/\/monatglobal.com\/ca\/lip-plumb-gloss\/?lang=fr#breadcrumblist"},"image":{"@type":"ImageObject","url":"https:\/\/monatglobal.com\/ca\/wp-content\/uploads\/sites\/5\/2024\/09\/LIP-PLUMPING-GLOSS-GRACEFUL-ECOMM_2024-min.png","@id":"https:\/\/monatglobal.com\/ca\/lip-plumb-gloss\/?lang=fr\/#mainImage","width":641,"height":800},"primaryImageOfPage":{"@id":"https:\/\/monatglobal.com\/ca\/lip-plumb-gloss\/?lang=fr#mainImage"},"datePublished":"2024-09-06T16:56:39-04:00","dateModified":"2026-01-28T17:48:53-05:00"},{"@type":"WebSite","@id":"https:\/\/monatglobal.com\/ca\/#website","url":"https:\/\/monatglobal.com\/ca\/","name":"Monat Canada English","description":"We Are Modern Nature","inLanguage":"en-US","publisher":{"@id":"https:\/\/monatglobal.com\/ca\/#organization"}}]},"og:locale":"en_US","og:site_name":"Monat Canada English - We Are Modern Nature","og:type":"article","og:title":"Lip Plumper | Instant hydration and plumping | MONAT Makeup","og:description":"Our Lip-Plumping Gloss is a glossy formula with natural ingredients that immediately plumps and hydrates your lips and blurs the appearance of lip lines.","og:url":"https:\/\/monatglobal.com\/ca\/lip-plumb-gloss\/?lang=fr","article:published_time":"2024-09-06T20:56:39+00:00","article:modified_time":"2026-01-28T22:48:53+00:00","twitter:card":"summary_large_image","twitter:title":"Lip Plumper | Instant hydration and plumping | MONAT Makeup","twitter:description":"Our Lip-Plumping Gloss is a glossy formula with natural ingredients that immediately plumps and hydrates your lips and blurs the appearance of lip lines."},"aioseo_meta_data":{"post_id":"90051","title":"Lip Plumper | Instant hydration and plumping | MONAT Makeup","description":"Our Lip-Plumping Gloss is a glossy formula with natural ingredients that immediately plumps and hydrates your lips and blurs the appearance of lip lines.","keywords":null,"keyphrases":{"focus":{"keyphrase":"","score":0,"analysis":{"keyphraseInTitle":{"score":0,"maxScore":9,"error":1}}},"additional":[]},"primary_term":null,"canonical_url":null,"og_title":null,"og_description":null,"og_object_type":"default","og_image_type":"default","og_image_url":null,"og_image_width":null,"og_image_height":null,"og_image_custom_url":null,"og_image_custom_fields":null,"og_video":"","og_custom_url":null,"og_article_section":null,"og_article_tags":null,"twitter_use_og":false,"twitter_card":"default","twitter_image_type":"default","twitter_image_url":null,"twitter_image_custom_url":null,"twitter_image_custom_fields":null,"twitter_title":null,"twitter_description":null,"schema":{"blockGraphs":[],"customGraphs":[],"default":{"data":{"Article":[],"Course":[],"Dataset":[],"FAQPage":[],"Movie":[],"Person":[],"Product":[],"ProductReview":[],"Car":[],"Recipe":[],"Service":[],"SoftwareApplication":[],"WebPage":[]},"graphName":"WebPage","isEnabled":true},"graphs":[]},"schema_type":"default","schema_type_options":null,"pillar_content":false,"robots_default":true,"robots_noindex":false,"robots_noarchive":false,"robots_nosnippet":false,"robots_nofollow":false,"robots_noimageindex":false,"robots_noodp":false,"robots_notranslate":false,"robots_max_snippet":"-1","robots_max_videopreview":"-1","robots_max_imagepreview":"large","priority":null,"frequency":"default","local_seo":null,"seo_analyzer_scan_date":"2026-02-10 21:13:27","limit_modified_date":false,"reviewed_by":null,"open_ai":"{\"title\":{\"suggestions\":[],\"usage\":0},\"description\":{\"suggestions\":[],\"usage\":0}}","ai":null,"created":"2024-09-04 22:50:18","updated":"2026-02-10 21:13:27"},"aioseo_breadcrumb":"<div class=\"aioseo-breadcrumbs\"><span class=\"aioseo-breadcrumb\">\n\t<a href=\"https:\/\/monatglobal.com\/ca\" title=\"Home\">Home<\/a>\n<\/span><span class=\"aioseo-breadcrumb-separator\">&raquo;<\/span><span class=\"aioseo-breadcrumb\">\n\tLip Plumper | Instant hydration and plumping | MONAT Makeup\n<\/span><\/div>","aioseo_breadcrumb_json":[{"label":"Home","link":"https:\/\/monatglobal.com\/ca"},{"label":"Lip Plumper | Instant hydration and plumping | MONAT Makeup","link":"https:\/\/monatglobal.com\/ca\/lip-plumb-gloss\/?lang=fr"}],"_links":{"self":[{"href":"https:\/\/monatglobal.com\/ca\/wp-json\/wp\/v2\/pages\/90051","targetHints":{"allow":["GET"]}}],"collection":[{"href":"https:\/\/monatglobal.com\/ca\/wp-json\/wp\/v2\/pages"}],"about":[{"href":"https:\/\/monatglobal.com\/ca\/wp-json\/wp\/v2\/types\/page"}],"author":[{"embeddable":true,"href":"https:\/\/monatglobal.com\/ca\/wp-json\/wp\/v2\/users\/31"}],"replies":[{"embeddable":true,"href":"https:\/\/monatglobal.com\/ca\/wp-json\/wp\/v2\/comments?post=90051"}],"version-history":[{"count":28,"href":"https:\/\/monatglobal.com\/ca\/wp-json\/wp\/v2\/pages\/90051\/revisions"}],"predecessor-version":[{"id":110208,"href":"https:\/\/monatglobal.com\/ca\/wp-json\/wp\/v2\/pages\/90051\/revisions\/110208"}],"wp:featuredmedia":[{"embeddable":true,"href":"https:\/\/monatglobal.com\/ca\/wp-json\/wp\/v2\/media\/90044"}],"wp:attachment":[{"href":"https:\/\/monatglobal.com\/ca\/wp-json\/wp\/v2\/media?parent=90051"}],"wp:term":[{"taxonomy":"category","embeddable":true,"href":"https:\/\/monatglobal.com\/ca\/wp-json\/wp\/v2\/categories?post=90051"},{"taxonomy":"post_tag","embeddable":true,"href":"https:\/\/monatglobal.com\/ca\/wp-json\/wp\/v2\/tags?post=90051"}],"curies":[{"name":"wp","href":"https:\/\/api.w.org\/{rel}","templated":true}]}}