{"id":89444,"date":"2024-07-31T14:47:26","date_gmt":"2024-07-31T18:47:26","guid":{"rendered":"https:\/\/monatglobal.com\/ca\/?page_id=89444"},"modified":"2025-02-24T15:21:45","modified_gmt":"2025-02-24T20:21:45","slug":"passport-2024","status":"publish","type":"page","link":"https:\/\/monatglobal.com\/ca\/passport-2024\/?lang=fr","title":{"rendered":"MONAT Passport 2024 TULUM,\u00a0MEXIQUE"},"content":{"rendered":"\n\n\t<section id=\"bannerSec\">\n            <p>DU 1ER AU 4<br \/> NOVEMBRE 2024<\/p>\n            <p>TULUM, <br \/>MEXIQUE<\/p> \n        <img decoding=\"async\" src=\"https:\/\/monatglobal.com\/wp-content\/uploads\/2024\/01\/passport-2024-logo.svg\"\/>\n            HILTON TULUM RIVIERA MAYA \n                <img decoding=\"async\" src=\"https:\/\/monatglobal.com\/wp-content\/uploads\/2024\/02\/callout-corner-left-ocre.svg\"\/>\n                ALL-INCLUSIVE RESORT\n                <img decoding=\"async\" src=\"https:\/\/monatglobal.com\/wp-content\/uploads\/2024\/02\/callout-corner-right-ocre.svg\"\/>\n            TULUM, MEXIQUE\n<\/section>\n<section id=\"paradiseSec\">\n            <img decoding=\"async\" src=\"https:\/\/monatglobal.com\/wp-content\/uploads\/2024\/01\/tulum-cabins-min.jpg\" alt=\"\" loading=\"lazy\"\/>\n            <img decoding=\"async\" src=\"https:\/\/monatglobal.com\/wp-content\/uploads\/2024\/01\/Soak-in-a-sacred-cenote-min.jpg\" alt=\"\" loading=\"lazy\"\/>\n        <h2>Explorez LE PARADIS de l&#8217;aventure<\/h2>\n        <p>DU 1ER AU 4 NOVEMBRE 2024<\/p>\n            <img decoding=\"async\" src=\"https:\/\/monatglobal.com\/wp-content\/uploads\/2024\/01\/moon-icon.svg\" alt=\"\"\/>\n            <img decoding=\"async\" src=\"https:\/\/monatglobal.com\/wp-content\/uploads\/2024\/01\/palm-frame-min.png\" alt=\"\" loading=\"lazy\"\/>\n<\/section>\n                <img decoding=\"async\" src=\"https:\/\/monatglobal.com\/wp-content\/uploads\/2024\/01\/tulum-beaches-min.jpg\" alt=\"\" loading=\"lazy\"\/>\n            <p>Promenez-vous<br \/> sur les superbes plages.<\/p>  \n            <img decoding=\"async\" src=\"https:\/\/monatglobal.com\/wp-content\/uploads\/2024\/01\/arc-icon.svg\" alt=\"\"\/>\n            <img decoding=\"async\" src=\"https:\/\/monatglobal.com\/wp-content\/uploads\/2024\/01\/mayan-ruins-shore-min.jpg\" alt=\"\" loading=\"lazy\"\/>\n            <p>Explorez le pass\u00e9 lointain en visitant les ruines mystiques des&nbsp;Mayas. <\/p>\n            <img decoding=\"async\" src=\"https:\/\/monatglobal.com\/wp-content\/uploads\/2024\/01\/wave-icon.svg\" alt=\"\"\/>\n            <p>Vivez une aventure dans la jungle luxuriante du Mexique.<\/p>\n            <img decoding=\"async\" src=\"https:\/\/monatglobal.com\/wp-content\/uploads\/2024\/01\/mexican-jungle-min.jpg\" alt=\"\" loading=\"lazy\"\/>\n                <img decoding=\"async\" src=\"https:\/\/monatglobal.com\/wp-content\/uploads\/2024\/01\/Soak-in-a-sacred-cenote-min.jpg\" alt=\"\" loading=\"lazy\"\/>\n                <p>Faites une baignade dans un c\u00e9note sacr\u00e9.<\/p>\n            <p>Magasinez dans le centre-ville fascinant.<\/p>\n            <img decoding=\"async\" src=\"https:\/\/monatglobal.com\/wp-content\/uploads\/2024\/01\/enchanted-city-center-min.jpg\" alt=\"\" loading=\"lazy\"\/>\n            <img decoding=\"async\" src=\"https:\/\/monatglobal.com\/wp-content\/uploads\/2024\/01\/exquisitely-appointed-room-min.jpg\" alt=\"\" loading=\"lazy\"\/>\n            <p>Profitez d&#8217;un sommeil r\u00e9parateur dans le confort de votre chambre superbement d\u00e9cor\u00e9e.<\/p>\n            <img decoding=\"async\" src=\"https:\/\/monatglobal.com\/wp-content\/uploads\/2024\/01\/palm-icon.svg\" alt=\"\"\/>\n<section id=\"amenities\">\n        <p>Les installations<br \/> de qualit\u00e9 et<br \/> l&#8217;h\u00e9bergement de luxe<br \/> vous attendent. <\/p>\n            <img decoding=\"async\" src=\"https:\/\/monatglobal.com\/wp-content\/uploads\/2024\/01\/Premier-amenities-min.jpg\" loading=\"lazy\"\/>\n                Situ\u00e9 le long des plages de sable exquises et d\u00e9gageant une ambiance chic d\u00e9contract\u00e9e, le nouveau Hilton Tulum compte neuf piscines et treize options \n                    <img decoding=\"async\" src=\"https:\/\/monatglobal.com\/wp-content\/uploads\/2024\/02\/callout-corner-right-brown.svg\"\/>\n                    tout-inclus\n                    <img decoding=\"async\" src=\"https:\/\/monatglobal.com\/wp-content\/uploads\/2024\/02\/callout-corner-left-brown.svg\"\/>\n                en mati\u00e8re de restaurants, et \u00e9voque \u00e0 la fois la d\u00e9tente et le raffinement. \n                <img decoding=\"async\" alt=\"\" src=\"https:\/\/monatglobal.com\/wp-content\/uploads\/2024\/01\/luxury-accommodations-min.jpg\" loading=\"lazy\"\/> \n    <p>Pr\u00e9parez-vous \u00e0 vous immerger <br \/>dans l&#8217;ambiance r\u00eaveuse de Tulum,<br \/> \u00e0 faire l&#8217;exp\u00e9rience d&#8217;une d\u00e9tente transcendante et \u00e0 passer des heures de plaisir pendant le voyage Passport&nbsp;2024!<\/p>\n        <p>P\u00c9RIODE DE QUALIFICATION <br \/> DU 1ER F\u00c9VRIER AU<br \/> 31 JUILLET 2024<\/p>\n            EXIGENCES\n            R\u00c9COMPENSE\n                <p>\u00c9CHELON 1<\/p>\n                <ul> \n                    <li>PARRAINAGE PERSONNEL&nbsp;: <br \/> 5 PM, 13 VIP<\/li>\n                    <li>PARRAINAGE DU GROUPE PERSONNEL&nbsp;: <br \/> 10 PM, 30 VIP<\/li>\n                    <li>VOLUME DE GROUPE&nbsp;:  VG de 50 000<\/li>\n                    <li>RANG PAY\u00c9 LE DERNIER MOIS DE LA P\u00c9RIODE DE QUALIFICATION :  Pay\u00e9 \u00e0 titre de BMG ou plus haut en juillet<\/li>\n                <\/ul>\n                Chambre d&#8217;h\u00f4tel pour 1 personne\n<br \/>+<br \/>\nForfait repas tout inclus pour 1 personne\n<br \/>+<br \/>\nBillet d&#8217;avion pour 1 personne\n<br \/>+<br \/> \nTransport terrestre entre l&#8217;a\u00e9roport et le centre de vill\u00e9giature <br \/> (seulement les jours de voyage du programme)\n                <p>\u00c9CHELON 2<\/p>\n                <ul> \n                    <li>PARRAINAGE PERSONNEL&nbsp;:  <br \/>7 PM, 25 VIP<\/li>\n                    <li>PARRAINAGE DU GROUPE PERSONNEL&nbsp;: <br \/> 30 PM, 90 VIP<\/li>\n                    <li>VOLUME DE GROUPE&nbsp;:  VG de 70 000<\/li>\n                    <li>RANG PAY\u00c9 LE DERNIER MOIS DE LA P\u00c9RIODE DE QUALIFICATION&nbsp;:  Pay\u00e9 \u00e0 titre de MMA ou plus haut en juillet<\/li>\n                <\/ul>\n                Chambre d&#8217;h\u00f4tel pour 2 personnes\n<br \/>+<br \/>\nForfait repas tout inclus pour 2 personnes\n<br \/>+<br \/>\nBillet d&#8217;avion pour 1 personne \n<br \/>+<br \/>\nTransport terrestre entre l&#8217;a\u00e9roport et le centre de vill\u00e9giature <br \/> (seulement les jours de voyage du&nbsp;programme)\n                <p>\u00c9CHELON 3<\/p>\n                <ul> \n                    <li>PARRAINAGE PERSONNEL&nbsp;: <br \/> 12 PM, 38 VIP<\/li>\n                    <li>PARRAINAGE DU GROUPE PERSONNEL&nbsp;: <br \/> 45 PM, 140 VIP<\/li>\n                    <li>VOLUME DE GROUPE&nbsp;:  VG de 100 000<\/li>\n                    <li>RANG PAY\u00c9 LE DERNIER MOIS DE LA P\u00c9RIODE DE QUALIFICATION&nbsp;:  Pay\u00e9 \u00e0 titre de MM ou plus haut en juillet<\/li>\n                <\/ul>\n                Chambre d&#8217;h\u00f4tel pour 2 personnes\n<br \/>+<br \/>\nForfait repas tout inclus pour 2 personnes\n<br \/>+<br \/> \nBillet d&#8217;avion pour 2 personnes\n<br \/>+<br \/>\nTransport terrestre entre l&#8217;a\u00e9roport et le centre de vill\u00e9giature<br \/>(seulement les jours de voyage du programme)\n            Les partenaires de march\u00e9 doivent s&#8217;inscrire avec un ensemble de produits.<br \/>\n            Les partenaires de march\u00e9 qui s&#8217;inscrivent sans frais au Canada doivent g\u00e9n\u00e9rer un VP de 200 ou plus au cours de leurs 30 premiers jours et avant la fin de la p\u00e9riode de qualification pour le voyage incitatif Passport (au plus tard le 31 juillet 2024 \u00e0 23 h 59,&nbsp;HE).<br \/>\n            Les VIP inscrits doivent avoir une commande Flexship active jusqu&#8217;au 15e jour du mois suivant leur mois d&#8217;inscription.\n            <p><em>Les r\u00e8glements peuvent varier selon le pays. Tous les partenaires de march\u00e9 devraient consulter la FAQ pour leur pays pour voir les crit\u00e8res de&nbsp;qualification.<\/em> <\/p>\n            <h2>CE QUI<br \/> EST INCLUS&nbsp;:<\/h2>\n            <h2>CE QUI<br \/> EST INCLUS&nbsp;:<\/h2>\n            <ul>\n                <li>3 nuits au Hilton Tulum Riviera Maya, un centre de vill\u00e9giature tout&nbsp;compris<\/li> \n                <li>Un billet d&#8217;avion aller-retour vers l&#8217;a\u00e9roport international de Cancun (CUN) ou l&#8217;a\u00e9roport international de Tulum (TQP) pour une personne*<\/li>\n                <li>Le transport terrestre entre l&#8217;a\u00e9roport et le centre de vill\u00e9giature les jours de voyage du programme<\/li>\n                <li>La reconnaissance exclusive<\/li>\n                <li>Un forfait tout compris comprenant nourriture et boissons pour une personne (et un invit\u00e9 pour les \u00e9chelons 2 et 3) dans plus de 13 restaurants et bars uniques. Les articles sp\u00e9cialis\u00e9s command\u00e9s sont la responsabilit\u00e9 financi\u00e8re des participants<\/li>\n                <li>Musique et divertissement chaque soir<\/li>\n                <li>9 piscines<\/li>\n                <li>Une plage pristine de sable blanc<\/li>\n            <\/ul>\n            <p>Prenez votre passeport et pr\u00e9parez-vous \u00e0 d\u00e9couvrir l&#8217;endroit parfait pour une escapade au bord de la&nbsp;mer!<\/p>\n        <img decoding=\"async\" src=\"https:\/\/monatglobal.com\/wp-content\/uploads\/2024\/01\/passport-getaway-min.jpg\" loading=\"lazy\"\/>\n<\/section>\n<section id=\"shineSec\">\n            <img decoding=\"async\" src=\"https:\/\/monatglobal.com\/wp-content\/uploads\/2018\/05\/01.-Managing-market-partner.png\" loading=\"lazy\"\/>        \n        <h2>C&#8217;est le temps<br \/> de briller<\/h2>\n        <p>Serez-VOUS reconnu pendant Passport 2024?<\/p>\n            <p>Nous honorerons les plus performants dans les cat\u00e9gories suivantes pendant la p\u00e9riode de qualification pour le voyage Passport&nbsp;:<\/p>\n            <ul>\n                <li>Les meilleurs pour les achats des&nbsp;VIP<\/li>\n                <li>Les meilleurs pour le&nbsp;parrainage<\/li>\n                <li>Les meilleurs pour l&#8217;inscription de&nbsp;VIP<\/li>\n                <li>Les meilleurs pour la constance (rang&nbsp;pay\u00e9)<\/li>\n            <\/ul>\n        <p>Restez \u00e0 l&#8217;aff\u00fbt pour<br \/> plus d&#8217;informations!<\/p>\n        <p>Les cat\u00e9gories pour la reconnaissance peuvent changer.<\/p>\n            <a href=\"https:\/\/monatglobal.com\/ca\/wp-content\/uploads\/sites\/5\/2024\/02\/CAN_MONATPassport2024_FAQ_FR.pdf\" target=\"_blank\" rel=\"noopener\">FAQ<\/a>\n            <a href=\"https:\/\/monatglobal.com\/ca\/wp-content\/uploads\/sites\/5\/2024\/02\/CAN_MONATPassport2024_TermsConditions_FR.pdf\" target=\"_blank\" rel=\"noopener\">\n                <p>Conditions g\u00e9n\u00e9rales<\/p>\n            <\/a>\n        #MONATpassport\n<\/section>\n\n","protected":false},"excerpt":{"rendered":"<p>DU 1ER AU 4 NOVEMBRE 2024 TULUM, MEXIQUE HILTON TULUM RIVIERA MAYA ALL-INCLUSIVE RESORT TULUM, MEXIQUE Explorez LE PARADIS de l&#8217;aventure DU 1ER AU 4 NOVEMBRE 2024 Promenez-vous sur les superbes plages. Explorez le pass\u00e9 lointain en visitant les ruines mystiques des&nbsp;Mayas. Vivez une aventure dans la jungle luxuriante du Mexique. Faites une baignade dans&hellip;<\/p>\n","protected":false},"author":33,"featured_media":87717,"parent":0,"menu_order":0,"comment_status":"closed","ping_status":"closed","template":"","meta":{"inline_featured_image":false,"om_disable_all_campaigns":false,"_monsterinsights_skip_tracking":false,"_monsterinsights_sitenote_active":false,"_monsterinsights_sitenote_note":"","_monsterinsights_sitenote_category":0,"footnotes":""},"categories":[],"tags":[],"class_list":["post-89444","page","type-page","status-publish","has-post-thumbnail","hentry"],"aioseo_notices":[],"aioseo_head":"\n\t\t<!-- All in One SEO Pro 4.9.5.2 - aioseo.com -->\n\t<meta name=\"description\" content=\"DU 1ER AU 4 NOVEMBRE 2024 TULUM, MEXIQUE HILTON TULUM RIVIERA MAYA ALL-INCLUSIVE RESORT TULUM, MEXIQUE Explorez LE PARADIS de l&#039;aventure DU 1ER AU 4 NOVEMBRE 2024 Promenez-vous sur les superbes plages. Explorez le pass\u00e9 lointain en visitant les ruines mystiques des Mayas. Vivez une aventure dans la jungle luxuriante du Mexique. Faites une baignade dans\" \/>\n\t<meta name=\"robots\" content=\"max-image-preview:large\" \/>\n\t<link rel=\"canonical\" href=\"https:\/\/monatglobal.com\/ca\/passport-2024\/?lang=fr\" \/>\n\t<meta name=\"generator\" content=\"All in One SEO Pro (AIOSEO) 4.9.5.2\" \/>\n\t\t<meta property=\"og:locale\" content=\"en_US\" \/>\n\t\t<meta property=\"og:site_name\" content=\"Monat Canada English - We Are Modern Nature\" \/>\n\t\t<meta property=\"og:type\" content=\"article\" \/>\n\t\t<meta property=\"og:title\" content=\"MONAT Passport 2024 TULUM, MEXIQUE - Monat Canada English\" \/>\n\t\t<meta property=\"og:description\" content=\"DU 1ER AU 4 NOVEMBRE 2024 TULUM, MEXIQUE HILTON TULUM RIVIERA MAYA ALL-INCLUSIVE RESORT TULUM, MEXIQUE Explorez LE PARADIS de l&#039;aventure DU 1ER AU 4 NOVEMBRE 2024 Promenez-vous sur les superbes plages. Explorez le pass\u00e9 lointain en visitant les ruines mystiques des Mayas. Vivez une aventure dans la jungle luxuriante du Mexique. Faites une baignade dans\" \/>\n\t\t<meta property=\"og:url\" content=\"https:\/\/monatglobal.com\/ca\/passport-2024\/?lang=fr\" \/>\n\t\t<meta property=\"article:published_time\" content=\"2024-07-31T18:47:26+00:00\" \/>\n\t\t<meta property=\"article:modified_time\" content=\"2025-02-24T20:21:45+00:00\" \/>\n\t\t<meta name=\"twitter:card\" content=\"summary_large_image\" \/>\n\t\t<meta name=\"twitter:title\" content=\"MONAT Passport 2024 TULUM, MEXIQUE - Monat Canada English\" \/>\n\t\t<meta name=\"twitter:description\" content=\"DU 1ER AU 4 NOVEMBRE 2024 TULUM, MEXIQUE HILTON TULUM RIVIERA MAYA ALL-INCLUSIVE RESORT TULUM, MEXIQUE Explorez LE PARADIS de l&#039;aventure DU 1ER AU 4 NOVEMBRE 2024 Promenez-vous sur les superbes plages. Explorez le pass\u00e9 lointain en visitant les ruines mystiques des Mayas. Vivez une aventure dans la jungle luxuriante du Mexique. Faites une baignade dans\" \/>\n\t\t<script type=\"application\/ld+json\" class=\"aioseo-schema\">\n\t\t\t{\"@context\":\"https:\\\/\\\/schema.org\",\"@graph\":[{\"@type\":\"BreadcrumbList\",\"@id\":\"https:\\\/\\\/monatglobal.com\\\/ca\\\/passport-2024\\\/?lang=fr#breadcrumblist\",\"itemListElement\":[{\"@type\":\"ListItem\",\"@id\":\"https:\\\/\\\/monatglobal.com\\\/ca#listItem\",\"position\":1,\"name\":\"Home\",\"item\":\"https:\\\/\\\/monatglobal.com\\\/ca\",\"nextItem\":{\"@type\":\"ListItem\",\"@id\":\"https:\\\/\\\/monatglobal.com\\\/ca\\\/passport-2024\\\/?lang=fr#listItem\",\"name\":\"MONAT Passport 2024 TULUM,\\u00a0MEXIQUE\"}},{\"@type\":\"ListItem\",\"@id\":\"https:\\\/\\\/monatglobal.com\\\/ca\\\/passport-2024\\\/?lang=fr#listItem\",\"position\":2,\"name\":\"MONAT Passport 2024 TULUM,\\u00a0MEXIQUE\",\"previousItem\":{\"@type\":\"ListItem\",\"@id\":\"https:\\\/\\\/monatglobal.com\\\/ca#listItem\",\"name\":\"Home\"}}]},{\"@type\":\"Organization\",\"@id\":\"https:\\\/\\\/monatglobal.com\\\/ca\\\/#organization\",\"name\":\"Monat Canada English\",\"description\":\"We Are Modern Nature\",\"url\":\"https:\\\/\\\/monatglobal.com\\\/ca\\\/\"},{\"@type\":\"WebPage\",\"@id\":\"https:\\\/\\\/monatglobal.com\\\/ca\\\/passport-2024\\\/?lang=fr#webpage\",\"url\":\"https:\\\/\\\/monatglobal.com\\\/ca\\\/passport-2024\\\/?lang=fr\",\"name\":\"MONAT Passport 2024 TULUM, MEXIQUE - Monat Canada English\",\"description\":\"DU 1ER AU 4 NOVEMBRE 2024 TULUM, MEXIQUE HILTON TULUM RIVIERA MAYA ALL-INCLUSIVE RESORT TULUM, MEXIQUE Explorez LE PARADIS de l'aventure DU 1ER AU 4 NOVEMBRE 2024 Promenez-vous sur les superbes plages. Explorez le pass\\u00e9 lointain en visitant les ruines mystiques des Mayas. Vivez une aventure dans la jungle luxuriante du Mexique. Faites une baignade dans\",\"inLanguage\":\"en-US\",\"isPartOf\":{\"@id\":\"https:\\\/\\\/monatglobal.com\\\/ca\\\/#website\"},\"breadcrumb\":{\"@id\":\"https:\\\/\\\/monatglobal.com\\\/ca\\\/passport-2024\\\/?lang=fr#breadcrumblist\"},\"image\":{\"@type\":\"ImageObject\",\"url\":\"https:\\\/\\\/monatglobal.com\\\/ca\\\/wp-content\\\/uploads\\\/sites\\\/5\\\/2024\\\/02\\\/monat-passport-2024-Tulum-Mexico-min-1.jpg\",\"@id\":\"https:\\\/\\\/monatglobal.com\\\/ca\\\/passport-2024\\\/?lang=fr\\\/#mainImage\",\"width\":2454,\"height\":1398},\"primaryImageOfPage\":{\"@id\":\"https:\\\/\\\/monatglobal.com\\\/ca\\\/passport-2024\\\/?lang=fr#mainImage\"},\"datePublished\":\"2024-07-31T14:47:26-04:00\",\"dateModified\":\"2025-02-24T15:21:45-05:00\"},{\"@type\":\"WebSite\",\"@id\":\"https:\\\/\\\/monatglobal.com\\\/ca\\\/#website\",\"url\":\"https:\\\/\\\/monatglobal.com\\\/ca\\\/\",\"name\":\"Monat Canada English\",\"description\":\"We Are Modern Nature\",\"inLanguage\":\"en-US\",\"publisher\":{\"@id\":\"https:\\\/\\\/monatglobal.com\\\/ca\\\/#organization\"}}]}\n\t\t<\/script>\n\t\t<!-- All in One SEO Pro -->\r\n\t\t<title>MONAT Passport 2024 TULUM, MEXIQUE - Monat Canada English<\/title>\n\n","aioseo_head_json":{"title":"MONAT Passport 2024 TULUM, MEXIQUE - Monat Canada English","description":"DU 1ER AU 4 NOVEMBRE 2024 TULUM, MEXIQUE HILTON TULUM RIVIERA MAYA ALL-INCLUSIVE RESORT TULUM, MEXIQUE Explorez LE PARADIS de l'aventure DU 1ER AU 4 NOVEMBRE 2024 Promenez-vous sur les superbes plages. Explorez le pass\u00e9 lointain en visitant les ruines mystiques des Mayas. Vivez une aventure dans la jungle luxuriante du Mexique. Faites une baignade dans","canonical_url":"https:\/\/monatglobal.com\/ca\/passport-2024\/?lang=fr","robots":"max-image-preview:large","keywords":"","webmasterTools":{"miscellaneous":""},"schema":{"@context":"https:\/\/schema.org","@graph":[{"@type":"BreadcrumbList","@id":"https:\/\/monatglobal.com\/ca\/passport-2024\/?lang=fr#breadcrumblist","itemListElement":[{"@type":"ListItem","@id":"https:\/\/monatglobal.com\/ca#listItem","position":1,"name":"Home","item":"https:\/\/monatglobal.com\/ca","nextItem":{"@type":"ListItem","@id":"https:\/\/monatglobal.com\/ca\/passport-2024\/?lang=fr#listItem","name":"MONAT Passport 2024 TULUM,\u00a0MEXIQUE"}},{"@type":"ListItem","@id":"https:\/\/monatglobal.com\/ca\/passport-2024\/?lang=fr#listItem","position":2,"name":"MONAT Passport 2024 TULUM,\u00a0MEXIQUE","previousItem":{"@type":"ListItem","@id":"https:\/\/monatglobal.com\/ca#listItem","name":"Home"}}]},{"@type":"Organization","@id":"https:\/\/monatglobal.com\/ca\/#organization","name":"Monat Canada English","description":"We Are Modern Nature","url":"https:\/\/monatglobal.com\/ca\/"},{"@type":"WebPage","@id":"https:\/\/monatglobal.com\/ca\/passport-2024\/?lang=fr#webpage","url":"https:\/\/monatglobal.com\/ca\/passport-2024\/?lang=fr","name":"MONAT Passport 2024 TULUM, MEXIQUE - Monat Canada English","description":"DU 1ER AU 4 NOVEMBRE 2024 TULUM, MEXIQUE HILTON TULUM RIVIERA MAYA ALL-INCLUSIVE RESORT TULUM, MEXIQUE Explorez LE PARADIS de l'aventure DU 1ER AU 4 NOVEMBRE 2024 Promenez-vous sur les superbes plages. Explorez le pass\u00e9 lointain en visitant les ruines mystiques des Mayas. Vivez une aventure dans la jungle luxuriante du Mexique. Faites une baignade dans","inLanguage":"en-US","isPartOf":{"@id":"https:\/\/monatglobal.com\/ca\/#website"},"breadcrumb":{"@id":"https:\/\/monatglobal.com\/ca\/passport-2024\/?lang=fr#breadcrumblist"},"image":{"@type":"ImageObject","url":"https:\/\/monatglobal.com\/ca\/wp-content\/uploads\/sites\/5\/2024\/02\/monat-passport-2024-Tulum-Mexico-min-1.jpg","@id":"https:\/\/monatglobal.com\/ca\/passport-2024\/?lang=fr\/#mainImage","width":2454,"height":1398},"primaryImageOfPage":{"@id":"https:\/\/monatglobal.com\/ca\/passport-2024\/?lang=fr#mainImage"},"datePublished":"2024-07-31T14:47:26-04:00","dateModified":"2025-02-24T15:21:45-05:00"},{"@type":"WebSite","@id":"https:\/\/monatglobal.com\/ca\/#website","url":"https:\/\/monatglobal.com\/ca\/","name":"Monat Canada English","description":"We Are Modern Nature","inLanguage":"en-US","publisher":{"@id":"https:\/\/monatglobal.com\/ca\/#organization"}}]},"og:locale":"en_US","og:site_name":"Monat Canada English - We Are Modern Nature","og:type":"article","og:title":"MONAT Passport 2024 TULUM, MEXIQUE - Monat Canada English","og:description":"DU 1ER AU 4 NOVEMBRE 2024 TULUM, MEXIQUE HILTON TULUM RIVIERA MAYA ALL-INCLUSIVE RESORT TULUM, MEXIQUE Explorez LE PARADIS de l'aventure DU 1ER AU 4 NOVEMBRE 2024 Promenez-vous sur les superbes plages. Explorez le pass\u00e9 lointain en visitant les ruines mystiques des Mayas. Vivez une aventure dans la jungle luxuriante du Mexique. Faites une baignade dans","og:url":"https:\/\/monatglobal.com\/ca\/passport-2024\/?lang=fr","article:published_time":"2024-07-31T18:47:26+00:00","article:modified_time":"2025-02-24T20:21:45+00:00","twitter:card":"summary_large_image","twitter:title":"MONAT Passport 2024 TULUM, MEXIQUE - Monat Canada English","twitter:description":"DU 1ER AU 4 NOVEMBRE 2024 TULUM, MEXIQUE HILTON TULUM RIVIERA MAYA ALL-INCLUSIVE RESORT TULUM, MEXIQUE Explorez LE PARADIS de l'aventure DU 1ER AU 4 NOVEMBRE 2024 Promenez-vous sur les superbes plages. Explorez le pass\u00e9 lointain en visitant les ruines mystiques des Mayas. Vivez une aventure dans la jungle luxuriante du Mexique. Faites une baignade dans"},"aioseo_meta_data":{"post_id":"89444","title":null,"description":null,"keywords":null,"keyphrases":{"focus":{"keyphrase":"","score":0,"analysis":{"keyphraseInTitle":{"score":0,"maxScore":9,"error":1}}},"additional":[]},"primary_term":null,"canonical_url":null,"og_title":null,"og_description":null,"og_object_type":"default","og_image_type":"default","og_image_url":null,"og_image_width":null,"og_image_height":null,"og_image_custom_url":null,"og_image_custom_fields":null,"og_video":"","og_custom_url":null,"og_article_section":null,"og_article_tags":null,"twitter_use_og":false,"twitter_card":"default","twitter_image_type":"default","twitter_image_url":null,"twitter_image_custom_url":null,"twitter_image_custom_fields":null,"twitter_title":null,"twitter_description":null,"schema":{"blockGraphs":[],"customGraphs":[],"default":{"data":{"Article":[],"Course":[],"Dataset":[],"FAQPage":[],"Movie":[],"Person":[],"Product":[],"ProductReview":[],"Car":[],"Recipe":[],"Service":[],"SoftwareApplication":[],"WebPage":[]},"graphName":"WebPage","isEnabled":true},"graphs":[]},"schema_type":"default","schema_type_options":null,"pillar_content":false,"robots_default":true,"robots_noindex":false,"robots_noarchive":false,"robots_nosnippet":false,"robots_nofollow":false,"robots_noimageindex":false,"robots_noodp":false,"robots_notranslate":false,"robots_max_snippet":"-1","robots_max_videopreview":"-1","robots_max_imagepreview":"large","priority":null,"frequency":"default","local_seo":null,"seo_analyzer_scan_date":"2026-02-10 21:07:35","limit_modified_date":false,"reviewed_by":null,"open_ai":"{\"title\":{\"suggestions\":[],\"usage\":0},\"description\":{\"suggestions\":[],\"usage\":0}}","ai":null,"created":"2024-07-31 18:46:49","updated":"2026-02-10 21:07:35"},"aioseo_breadcrumb":"<div class=\"aioseo-breadcrumbs\"><span class=\"aioseo-breadcrumb\">\n\t<a href=\"https:\/\/monatglobal.com\/ca\" title=\"Home\">Home<\/a>\n<\/span><span class=\"aioseo-breadcrumb-separator\">&raquo;<\/span><span class=\"aioseo-breadcrumb\">\n\tMONAT Passport 2024 TULUM, MEXIQUE\n<\/span><\/div>","aioseo_breadcrumb_json":[{"label":"Home","link":"https:\/\/monatglobal.com\/ca"},{"label":"MONAT Passport 2024 TULUM,\u00a0MEXIQUE","link":"https:\/\/monatglobal.com\/ca\/passport-2024\/?lang=fr"}],"_links":{"self":[{"href":"https:\/\/monatglobal.com\/ca\/wp-json\/wp\/v2\/pages\/89444","targetHints":{"allow":["GET"]}}],"collection":[{"href":"https:\/\/monatglobal.com\/ca\/wp-json\/wp\/v2\/pages"}],"about":[{"href":"https:\/\/monatglobal.com\/ca\/wp-json\/wp\/v2\/types\/page"}],"author":[{"embeddable":true,"href":"https:\/\/monatglobal.com\/ca\/wp-json\/wp\/v2\/users\/33"}],"replies":[{"embeddable":true,"href":"https:\/\/monatglobal.com\/ca\/wp-json\/wp\/v2\/comments?post=89444"}],"version-history":[{"count":2,"href":"https:\/\/monatglobal.com\/ca\/wp-json\/wp\/v2\/pages\/89444\/revisions"}],"predecessor-version":[{"id":91873,"href":"https:\/\/monatglobal.com\/ca\/wp-json\/wp\/v2\/pages\/89444\/revisions\/91873"}],"wp:featuredmedia":[{"embeddable":true,"href":"https:\/\/monatglobal.com\/ca\/wp-json\/wp\/v2\/media\/87717"}],"wp:attachment":[{"href":"https:\/\/monatglobal.com\/ca\/wp-json\/wp\/v2\/media?parent=89444"}],"wp:term":[{"taxonomy":"category","embeddable":true,"href":"https:\/\/monatglobal.com\/ca\/wp-json\/wp\/v2\/categories?post=89444"},{"taxonomy":"post_tag","embeddable":true,"href":"https:\/\/monatglobal.com\/ca\/wp-json\/wp\/v2\/tags?post=89444"}],"curies":[{"name":"wp","href":"https:\/\/api.w.org\/{rel}","templated":true}]}}