{"id":88661,"date":"2024-06-03T12:32:57","date_gmt":"2024-06-03T16:32:57","guid":{"rendered":"https:\/\/monatglobal.com\/ca\/?page_id=88661"},"modified":"2026-03-02T10:02:25","modified_gmt":"2026-03-02T15:02:25","slug":"founders-pool","status":"publish","type":"page","link":"https:\/\/monatglobal.com\/ca\/founders-pool\/?lang=fr","title":{"rendered":"Le Fonds commun des visionnaires MONAT est maintenant ouvert"},"content":{"rendered":"\n\n\t<link href=\"https:\/\/fonts.cdnfonts.com\/css\/butler\" rel=\"stylesheet\"\/>\n<link href=\"https:\/\/fonts.cdnfonts.com\/css\/switzerland\" rel=\"stylesheet\"\/>\n    <img decoding=\"async\" src=\"https:\/\/monatglobal.com\/ca\/wp-content\/uploads\/sites\/5\/2024\/06\/founders-pool-fr-1.svg\" alt=\"founders pool logo\"\/>\n<section id=\"future_sec\">\n    <img decoding=\"async\" src=\"https:\/\/monatglobal.com\/wp-content\/uploads\/2024\/06\/MARBLE-strip-min.jpg\" alt=\"marble\"\/>\n    <h1>SAISISSEZ VOTRE <br \/>PART DU  Futur<\/h1>\n        <video src=\"https:\/\/monatglobal.com\/wp-content\/uploads\/2024\/06\/founders-pool-video.mp4\" loop muted autoplay><\/video>\n        <img decoding=\"async\" src=\"https:\/\/monatglobal.com\/ca\/wp-content\/uploads\/sites\/5\/2024\/06\/future-is-yours-FR.svg\"\/>\n        <img decoding=\"async\" data-lbxp-iframe=\"https:\/\/www.youtube-nocookie.com\/embed\/YZm42lIkgTY?cc_load_policy=1&#038;cc_lang_pref=fr\" src=\"https:\/\/monatglobal.com\/wp-content\/uploads\/2016\/04\/play_btn_lines_shadow_1.png\"\/>\n    <img decoding=\"async\" src=\"https:\/\/monatglobal.com\/wp-content\/uploads\/2024\/06\/lines-detail-left.svg\" alt=\"background lines\"\/>\n<\/section>\n<section id=\"skils_sec\">\n    <h3>Chef de file \u00e0 l&#8217;\u00e9chelle mondiale parmi les compagnies de vente directe offrant des soins capillaires haut de&nbsp;gamme.<\/h3>\n    <h3>Une marque d&#8217;une valeur de plusieurs millions de dollars pr\u00e9sente sur trois continents.<\/h3>\n    <h3>Nos produits \u00e0 base naturelle sont prim\u00e9s et aim\u00e9s par des millions de personnes.<\/h3>\n    <h3>Notre culture est ax\u00e9e sur la famille, le service et la gratitude.<\/h3>\n    <h3>Notre plan de r\u00e9mun\u00e9ration est le plus g\u00e9n\u00e9reux.<\/h3>\n<\/section>   \n<sec id=\"become_sec\">\n        <img decoding=\"async\" src=\"https:\/\/monatglobal.com\/wp-content\/uploads\/2024\/06\/MARBLE-strip-min.jpg\" alt=\"marble\"\/>\n        <img decoding=\"async\" src=\"https:\/\/monatglobal.com\/wp-content\/uploads\/2024\/06\/lines-detail-right.svg\" alt=\"lines\"\/>\n            <h2>Maintenant, devenez Fondateur visionnaire afin de vous m\u00e9riter une part du Fonds commun des fondateurs visionnaires!<\/h2> \n                <img decoding=\"async\" src=\"https:\/\/monatglobal.com\/wp-content\/uploads\/2024\/06\/Visionary-Founder-min.jpg\" alt=\"\"\/>\n                <p>En plus du g\u00e9n\u00e9reux plan de r\u00e9mun\u00e9ration de MONAT, le Fonds commun des fondateurs visionnaires vous offre l&#8217;occasion recevoir des versements trimestriels bas\u00e9s sur un pour cent des revenus bruts trimestriels pour l&#8217;Am\u00e9rique du Nord et l&#8217;Am\u00e9rique latine, en plus de vos revenus r\u00e9guliers!*<\/p>\n            <p>Devenez partenaire de march\u00e9 (PM) MONAT d\u00e8s aujourd&#8217;hui et suivez le m\u00eame parcours que des centaines de milliers d&#8217;entrepreneurs en Am\u00e9rique du Nord, en Am\u00e9rique latine, en Europe et en Asie-Pacifique.<\/p>\n            <p>Devenez Fondateur visionnaire et en plus de faire partie de MONAT, vous recevrez une part de nos profits futurs.<\/p>\n            <h2>Pour devenir <br \/> FONDATEUR VISIONNAIRE <\/h2>\n<\/sec>\n<section id=\"newMPS_sec\"> \n                <h2>POUR DEVENIR FONDATEUR VISIONNAIRE :<\/h2>\n                <h3><strong>Aux \u00c9.-U. et au Canada&nbsp;:<\/strong><br \/> Inscriptions entre le 1er juin 2024 et <br \/> le 30 septembre 2025<\/h3>\n                <h3><strong>Au Mexique&nbsp;:<\/strong><br \/>Inscriptions entre le 1er octobre 2025 et <br \/> le 31 octobre 2026<\/h3>\n                <h3><strong>R\u00e9publique Dominicaine et au Panama&nbsp;:<\/strong><br \/>Inscriptions entre le 2 mars 2026 et <br \/> le 31 mars 2027<\/h3>\n                 <img decoding=\"async\" src=\"https:\/\/monatglobal.com\/wp-content\/uploads\/2024\/06\/NEW-MPS-min.jpg\" alt=\"\"\/>\n                 <img decoding=\"async\" src=\"https:\/\/monatglobal.com\/wp-content\/uploads\/2024\/06\/MARBLE-bkgnd-mp-min.jpg\"\/>\n<\/section> \n<section>\n<h2>Partenaires de march\u00e9 <br \/> aux \u00c9-U. et au Canada<\/h2> \n        <h3>CONDITIONS<\/h3>\n        <h3>POUR VOUS M\u00c9RITER 1 PART<\/h3>\n        <p>Inscrivez-vous entre le 1er juin 2024 et <br \/> le 30 septembre 2025<\/p>\n        <p>Devenez MM au cours de votre mois d&#8217;inscription ou des 12 mois civils&nbsp;suivants<\/p>\n<h2>Partenaires de march\u00e9 <br \/> au Mexique<\/h2> \n        <h3>CONDITIONS<\/h3>\n        <h3>POUR VOUS M\u00c9RITER 1 PART<\/h3>\n        <h3>POUR VOUS M\u00c9RITER 2 PARTS<\/h3>\n        <p>Inscriptions entre <br \/> le 1er octobre et le 30 novembre 2025<\/p>\n        \n        <p>Devenez MM d&#8217;ici le 30 novembre 2026<\/p> \n        <p>Inscriptions entre le 1er d\u00e9cembre 2025 et le 31 octobre 2026<\/p>\n        <p>Devenez MM au cours de votre mois d&#8217;inscription ou des 12 mois civils&nbsp;suivants<\/p>\n        \n<h2>Partenaires de march\u00e9 en <br \/> R\u00e9publique Dominicaine et au Panama<\/h2> \n        <h3>CONDITIONS<\/h3>\n        <h3>POUR VOUS M\u00c9RITER 1 PART<\/h3>\n        <h3>POUR VOUS M\u00c9RITER 2 PARTS<\/h3>\n        <p>Inscriptions entre <br \/> le 2 et le 31 mars 2026<\/p> \n        \n        <p>Devenez MM d&#8217;ici le 30 avril 2027<\/p> \n        <p>Inscriptions entre le 1er avril 2026 et le 31 mars 2027<\/p>\n        <p>Devenez MM au cours de votre mois d&#8217;inscription ou des 12 mois civils&nbsp;suivants<\/p>\n        \n<\/section>\n<br \/><br \/>\n<section id=\"plus\">\n    <h2>De plus <br \/> &#8211; Part de parrain &#8211;<\/h2>\n    <p>Vous pouvez vous m\u00e9riter une part du Fonds commun des fondateurs visionnaires Lorsque vous parrainez personnellement un nouveau Fondateur visionnaire au Mexique, en R\u00e9publique dominicaine ou au Panama.<\/p>\n            <ul>\n                <li>Vous devez \u00eatre pay\u00e9 en tant que MM ou plus haut lorsque votre nouveau PM devient MM pour la premi\u00e8re fois. Si le parrain n&#8217;est pas pay\u00e9 en tant que MM ou plus haut ce mois-l\u00e0, il peut \u00eatre pay\u00e9 en tant que MM ou plus haut au cours des 3 mois suivants.<\/li> \n                <li>Vous pouvez vous m\u00e9riter un maximum de 1 part en parrainant un nouveau Fondateur visionnaire, peu importe le nombre de Fondateurs visionnaires que vous avez parrain\u00e9s.<\/li>\n            <\/ul>\n            <ul>\n                <li>Vous pouvez vous m\u00e9riter un maximum de 2 parts du Fonds commun des fondateurs visionnaires. Si vous vous \u00eates d\u00e9j\u00e0 m\u00e9rit\u00e9 2 parts, vous n&#8217;\u00eates pas admissible \u00e0 recevoir la part de parrain.<\/li>\n                <li>La part de parrain est offerte aux partenaires de march\u00e9 dans tous les march\u00e9s qui ont personnellement parrain\u00e9 un nouveau Fondateur visionnaire au Mexique, en R\u00e9publique dominicaine ou au Panama.<\/li>\n            <\/ul>\n      <a href=\"https:\/\/monatglobal.com\/ca\/wp-content\/uploads\/sites\/5\/2026\/02\/CAN_MONATVisionaryFoundersPool2026_FAQ_FR.pdf\" target=\"_blank\" id=\"qualify_sec-faq\">FAQ<\/a>\n      <br \/><br \/>\n<\/section>\n\n","protected":false},"excerpt":{"rendered":"<p>SAISISSEZ VOTRE PART DU Futur Chef de file \u00e0 l&#8217;\u00e9chelle mondiale parmi les compagnies de vente directe offrant des soins capillaires haut de&nbsp;gamme. Une marque d&#8217;une valeur de plusieurs millions de dollars pr\u00e9sente sur trois continents. Nos produits \u00e0 base naturelle sont prim\u00e9s et aim\u00e9s par des millions de personnes. Notre culture est ax\u00e9e sur&hellip;<\/p>\n","protected":false},"author":33,"featured_media":0,"parent":0,"menu_order":0,"comment_status":"closed","ping_status":"closed","template":"","meta":{"inline_featured_image":false,"om_disable_all_campaigns":false,"_monsterinsights_skip_tracking":false,"_monsterinsights_sitenote_active":false,"_monsterinsights_sitenote_note":"","_monsterinsights_sitenote_category":0,"footnotes":""},"categories":[],"tags":[],"class_list":["post-88661","page","type-page","status-publish","hentry"],"aioseo_notices":[],"aioseo_head":"\n\t\t<!-- All in One SEO Pro 4.9.6 - aioseo.com -->\n\t<meta name=\"description\" content=\"SAISISSEZ VOTRE PART DU Futur Chef de file \u00e0 l&#039;\u00e9chelle mondiale parmi les compagnies de vente directe offrant des soins capillaires haut de gamme. Une marque d&#039;une valeur de plusieurs millions de dollars pr\u00e9sente sur trois continents. Nos produits \u00e0 base naturelle sont prim\u00e9s et aim\u00e9s par des millions de personnes. Notre culture est ax\u00e9e sur\" \/>\n\t<meta name=\"robots\" content=\"max-image-preview:large\" \/>\n\t<link rel=\"canonical\" href=\"https:\/\/monatglobal.com\/ca\/founders-pool\/?lang=fr\" \/>\n\t<meta name=\"generator\" content=\"All in One SEO Pro (AIOSEO) 4.9.6\" \/>\n\t\t<meta property=\"og:locale\" content=\"en_US\" \/>\n\t\t<meta property=\"og:site_name\" content=\"Monat Canada English - We Are Modern Nature\" \/>\n\t\t<meta property=\"og:type\" content=\"article\" \/>\n\t\t<meta property=\"og:title\" content=\"Le Fonds commun des visionnaires MONAT est maintenant ouvert - Monat Canada English\" \/>\n\t\t<meta property=\"og:description\" content=\"SAISISSEZ VOTRE PART DU Futur Chef de file \u00e0 l&#039;\u00e9chelle mondiale parmi les compagnies de vente directe offrant des soins capillaires haut de gamme. Une marque d&#039;une valeur de plusieurs millions de dollars pr\u00e9sente sur trois continents. Nos produits \u00e0 base naturelle sont prim\u00e9s et aim\u00e9s par des millions de personnes. Notre culture est ax\u00e9e sur\" \/>\n\t\t<meta property=\"og:url\" content=\"https:\/\/monatglobal.com\/ca\/founders-pool\/?lang=fr\" \/>\n\t\t<meta property=\"article:published_time\" content=\"2024-06-03T16:32:57+00:00\" \/>\n\t\t<meta property=\"article:modified_time\" content=\"2026-03-02T15:02:25+00:00\" \/>\n\t\t<meta name=\"twitter:card\" content=\"summary_large_image\" \/>\n\t\t<meta name=\"twitter:title\" content=\"Le Fonds commun des visionnaires MONAT est maintenant ouvert - Monat Canada English\" \/>\n\t\t<meta name=\"twitter:description\" content=\"SAISISSEZ VOTRE PART DU Futur Chef de file \u00e0 l&#039;\u00e9chelle mondiale parmi les compagnies de vente directe offrant des soins capillaires haut de gamme. Une marque d&#039;une valeur de plusieurs millions de dollars pr\u00e9sente sur trois continents. Nos produits \u00e0 base naturelle sont prim\u00e9s et aim\u00e9s par des millions de personnes. Notre culture est ax\u00e9e sur\" \/>\n\t\t<script type=\"application\/ld+json\" class=\"aioseo-schema\">\n\t\t\t{\"@context\":\"https:\\\/\\\/schema.org\",\"@graph\":[{\"@type\":\"BreadcrumbList\",\"@id\":\"https:\\\/\\\/monatglobal.com\\\/ca\\\/founders-pool\\\/?lang=fr#breadcrumblist\",\"itemListElement\":[{\"@type\":\"ListItem\",\"@id\":\"https:\\\/\\\/monatglobal.com\\\/ca#listItem\",\"position\":1,\"name\":\"Home\",\"item\":\"https:\\\/\\\/monatglobal.com\\\/ca\",\"nextItem\":{\"@type\":\"ListItem\",\"@id\":\"https:\\\/\\\/monatglobal.com\\\/ca\\\/founders-pool\\\/?lang=fr#listItem\",\"name\":\"Le Fonds commun des visionnaires MONAT est maintenant ouvert\"}},{\"@type\":\"ListItem\",\"@id\":\"https:\\\/\\\/monatglobal.com\\\/ca\\\/founders-pool\\\/?lang=fr#listItem\",\"position\":2,\"name\":\"Le Fonds commun des visionnaires MONAT est maintenant ouvert\",\"previousItem\":{\"@type\":\"ListItem\",\"@id\":\"https:\\\/\\\/monatglobal.com\\\/ca#listItem\",\"name\":\"Home\"}}]},{\"@type\":\"Organization\",\"@id\":\"https:\\\/\\\/monatglobal.com\\\/ca\\\/#organization\",\"name\":\"Monat Canada English\",\"description\":\"We Are Modern Nature\",\"url\":\"https:\\\/\\\/monatglobal.com\\\/ca\\\/\"},{\"@type\":\"WebPage\",\"@id\":\"https:\\\/\\\/monatglobal.com\\\/ca\\\/founders-pool\\\/?lang=fr#webpage\",\"url\":\"https:\\\/\\\/monatglobal.com\\\/ca\\\/founders-pool\\\/?lang=fr\",\"name\":\"Le Fonds commun des visionnaires MONAT est maintenant ouvert - Monat Canada English\",\"description\":\"SAISISSEZ VOTRE PART DU Futur Chef de file \\u00e0 l'\\u00e9chelle mondiale parmi les compagnies de vente directe offrant des soins capillaires haut de gamme. Une marque d'une valeur de plusieurs millions de dollars pr\\u00e9sente sur trois continents. Nos produits \\u00e0 base naturelle sont prim\\u00e9s et aim\\u00e9s par des millions de personnes. Notre culture est ax\\u00e9e sur\",\"inLanguage\":\"en-US\",\"isPartOf\":{\"@id\":\"https:\\\/\\\/monatglobal.com\\\/ca\\\/#website\"},\"breadcrumb\":{\"@id\":\"https:\\\/\\\/monatglobal.com\\\/ca\\\/founders-pool\\\/?lang=fr#breadcrumblist\"},\"datePublished\":\"2024-06-03T12:32:57-04:00\",\"dateModified\":\"2026-03-02T10:02:25-05:00\"},{\"@type\":\"WebSite\",\"@id\":\"https:\\\/\\\/monatglobal.com\\\/ca\\\/#website\",\"url\":\"https:\\\/\\\/monatglobal.com\\\/ca\\\/\",\"name\":\"Monat Canada English\",\"description\":\"We Are Modern Nature\",\"inLanguage\":\"en-US\",\"publisher\":{\"@id\":\"https:\\\/\\\/monatglobal.com\\\/ca\\\/#organization\"}}]}\n\t\t<\/script>\n\t\t<!-- All in One SEO Pro -->\r\n\t\t<title>Le Fonds commun des visionnaires MONAT est maintenant ouvert - Monat Canada English<\/title>\n\n","aioseo_head_json":{"title":"Le Fonds commun des visionnaires MONAT est maintenant ouvert - Monat Canada English","description":"SAISISSEZ VOTRE PART DU Futur Chef de file \u00e0 l'\u00e9chelle mondiale parmi les compagnies de vente directe offrant des soins capillaires haut de gamme. Une marque d'une valeur de plusieurs millions de dollars pr\u00e9sente sur trois continents. Nos produits \u00e0 base naturelle sont prim\u00e9s et aim\u00e9s par des millions de personnes. Notre culture est ax\u00e9e sur","canonical_url":"https:\/\/monatglobal.com\/ca\/founders-pool\/?lang=fr","robots":"max-image-preview:large","keywords":"","webmasterTools":{"miscellaneous":""},"schema":{"@context":"https:\/\/schema.org","@graph":[{"@type":"BreadcrumbList","@id":"https:\/\/monatglobal.com\/ca\/founders-pool\/?lang=fr#breadcrumblist","itemListElement":[{"@type":"ListItem","@id":"https:\/\/monatglobal.com\/ca#listItem","position":1,"name":"Home","item":"https:\/\/monatglobal.com\/ca","nextItem":{"@type":"ListItem","@id":"https:\/\/monatglobal.com\/ca\/founders-pool\/?lang=fr#listItem","name":"Le Fonds commun des visionnaires MONAT est maintenant ouvert"}},{"@type":"ListItem","@id":"https:\/\/monatglobal.com\/ca\/founders-pool\/?lang=fr#listItem","position":2,"name":"Le Fonds commun des visionnaires MONAT est maintenant ouvert","previousItem":{"@type":"ListItem","@id":"https:\/\/monatglobal.com\/ca#listItem","name":"Home"}}]},{"@type":"Organization","@id":"https:\/\/monatglobal.com\/ca\/#organization","name":"Monat Canada English","description":"We Are Modern Nature","url":"https:\/\/monatglobal.com\/ca\/"},{"@type":"WebPage","@id":"https:\/\/monatglobal.com\/ca\/founders-pool\/?lang=fr#webpage","url":"https:\/\/monatglobal.com\/ca\/founders-pool\/?lang=fr","name":"Le Fonds commun des visionnaires MONAT est maintenant ouvert - Monat Canada English","description":"SAISISSEZ VOTRE PART DU Futur Chef de file \u00e0 l'\u00e9chelle mondiale parmi les compagnies de vente directe offrant des soins capillaires haut de gamme. Une marque d'une valeur de plusieurs millions de dollars pr\u00e9sente sur trois continents. Nos produits \u00e0 base naturelle sont prim\u00e9s et aim\u00e9s par des millions de personnes. Notre culture est ax\u00e9e sur","inLanguage":"en-US","isPartOf":{"@id":"https:\/\/monatglobal.com\/ca\/#website"},"breadcrumb":{"@id":"https:\/\/monatglobal.com\/ca\/founders-pool\/?lang=fr#breadcrumblist"},"datePublished":"2024-06-03T12:32:57-04:00","dateModified":"2026-03-02T10:02:25-05:00"},{"@type":"WebSite","@id":"https:\/\/monatglobal.com\/ca\/#website","url":"https:\/\/monatglobal.com\/ca\/","name":"Monat Canada English","description":"We Are Modern Nature","inLanguage":"en-US","publisher":{"@id":"https:\/\/monatglobal.com\/ca\/#organization"}}]},"og:locale":"en_US","og:site_name":"Monat Canada English - We Are Modern Nature","og:type":"article","og:title":"Le Fonds commun des visionnaires MONAT est maintenant ouvert - Monat Canada English","og:description":"SAISISSEZ VOTRE PART DU Futur Chef de file \u00e0 l'\u00e9chelle mondiale parmi les compagnies de vente directe offrant des soins capillaires haut de gamme. Une marque d'une valeur de plusieurs millions de dollars pr\u00e9sente sur trois continents. Nos produits \u00e0 base naturelle sont prim\u00e9s et aim\u00e9s par des millions de personnes. Notre culture est ax\u00e9e sur","og:url":"https:\/\/monatglobal.com\/ca\/founders-pool\/?lang=fr","article:published_time":"2024-06-03T16:32:57+00:00","article:modified_time":"2026-03-02T15:02:25+00:00","twitter:card":"summary_large_image","twitter:title":"Le Fonds commun des visionnaires MONAT est maintenant ouvert - Monat Canada English","twitter:description":"SAISISSEZ VOTRE PART DU Futur Chef de file \u00e0 l'\u00e9chelle mondiale parmi les compagnies de vente directe offrant des soins capillaires haut de gamme. Une marque d'une valeur de plusieurs millions de dollars pr\u00e9sente sur trois continents. Nos produits \u00e0 base naturelle sont prim\u00e9s et aim\u00e9s par des millions de personnes. Notre culture est ax\u00e9e sur"},"aioseo_meta_data":{"post_id":"88661","title":null,"description":null,"keywords":null,"keyphrases":{"focus":{"keyphrase":"","score":0,"analysis":{"keyphraseInTitle":{"score":0,"maxScore":9,"error":1}}},"additional":[]},"primary_term":null,"canonical_url":null,"og_title":null,"og_description":null,"og_object_type":"default","og_image_type":"default","og_image_url":null,"og_image_width":null,"og_image_height":null,"og_image_custom_url":null,"og_image_custom_fields":null,"og_video":"","og_custom_url":null,"og_article_section":null,"og_article_tags":null,"twitter_use_og":false,"twitter_card":"default","twitter_image_type":"default","twitter_image_url":null,"twitter_image_custom_url":null,"twitter_image_custom_fields":null,"twitter_title":null,"twitter_description":null,"schema":{"blockGraphs":[],"customGraphs":[],"default":{"data":{"Article":[],"Course":[],"Dataset":[],"FAQPage":[],"Movie":[],"Person":[],"Product":[],"ProductReview":[],"Car":[],"Recipe":[],"Service":[],"SoftwareApplication":[],"WebPage":[]},"graphName":"WebPage","isEnabled":true},"graphs":[]},"schema_type":"default","schema_type_options":null,"pillar_content":false,"robots_default":true,"robots_noindex":false,"robots_noarchive":false,"robots_nosnippet":false,"robots_nofollow":false,"robots_noimageindex":false,"robots_noodp":false,"robots_notranslate":false,"robots_max_snippet":"-1","robots_max_videopreview":"-1","robots_max_imagepreview":"large","priority":null,"frequency":"default","local_seo":null,"seo_analyzer_scan_date":"2026-03-02 15:45:56","limit_modified_date":false,"reviewed_by":null,"open_ai":"{\"title\":{\"suggestions\":[],\"usage\":0},\"description\":{\"suggestions\":[],\"usage\":0}}","ai":null,"created":"2024-06-03 16:24:00","updated":"2026-03-02 15:45:56"},"aioseo_breadcrumb":"<div class=\"aioseo-breadcrumbs\"><span class=\"aioseo-breadcrumb\">\n\t<a href=\"https:\/\/monatglobal.com\/ca\" title=\"Home\">Home<\/a>\n<\/span><span class=\"aioseo-breadcrumb-separator\">&raquo;<\/span><span class=\"aioseo-breadcrumb\">\n\tLe Fonds commun des visionnaires MONAT est maintenant ouvert\n<\/span><\/div>","aioseo_breadcrumb_json":[{"label":"Home","link":"https:\/\/monatglobal.com\/ca"},{"label":"Le Fonds commun des visionnaires MONAT est maintenant ouvert","link":"https:\/\/monatglobal.com\/ca\/founders-pool\/?lang=fr"}],"_links":{"self":[{"href":"https:\/\/monatglobal.com\/ca\/wp-json\/wp\/v2\/pages\/88661","targetHints":{"allow":["GET"]}}],"collection":[{"href":"https:\/\/monatglobal.com\/ca\/wp-json\/wp\/v2\/pages"}],"about":[{"href":"https:\/\/monatglobal.com\/ca\/wp-json\/wp\/v2\/types\/page"}],"author":[{"embeddable":true,"href":"https:\/\/monatglobal.com\/ca\/wp-json\/wp\/v2\/users\/33"}],"replies":[{"embeddable":true,"href":"https:\/\/monatglobal.com\/ca\/wp-json\/wp\/v2\/comments?post=88661"}],"version-history":[{"count":36,"href":"https:\/\/monatglobal.com\/ca\/wp-json\/wp\/v2\/pages\/88661\/revisions"}],"predecessor-version":[{"id":110325,"href":"https:\/\/monatglobal.com\/ca\/wp-json\/wp\/v2\/pages\/88661\/revisions\/110325"}],"wp:attachment":[{"href":"https:\/\/monatglobal.com\/ca\/wp-json\/wp\/v2\/media?parent=88661"}],"wp:term":[{"taxonomy":"category","embeddable":true,"href":"https:\/\/monatglobal.com\/ca\/wp-json\/wp\/v2\/categories?post=88661"},{"taxonomy":"post_tag","embeddable":true,"href":"https:\/\/monatglobal.com\/ca\/wp-json\/wp\/v2\/tags?post=88661"}],"curies":[{"name":"wp","href":"https:\/\/api.w.org\/{rel}","templated":true}]}}