{"id":88585,"date":"2024-06-01T12:36:33","date_gmt":"2024-06-01T16:36:33","guid":{"rendered":"https:\/\/monatglobal.com\/ca\/?page_id=88585"},"modified":"2024-07-17T16:57:06","modified_gmt":"2024-07-17T20:57:06","slug":"summer-tour","status":"publish","type":"page","link":"https:\/\/monatglobal.com\/ca\/summer-tour\/?lang=fr","title":{"rendered":"Assistez \u00e0 une d\u00e9monstration de produits MONAT pour les cheveux et la peau | Tourn\u00e9e d\u2019\u00e9t\u00e9"},"content":{"rendered":"\n<link href=\"https:\/\/fonts.cdnfonts.com\/css\/angel-club\" rel=\"stylesheet\">\n<section id=\"intro_sec\">\n    <img decoding=\"async\" src=\"https:\/\/monatglobal.com\/ca\/wp-content\/uploads\/sites\/5\/2024\/05\/summer-tour-fr-logo.svg\" alt=\"Summer tour 2024 logo\">\n        <h2>Nous allons <br> faire des <br> vagues partout <br>en Am\u00e9rique <br>du Nord<\/h2>\n        <p>Juin \u00e0 ao\u00fbt 2024<\/p>\n<\/section>\n    <section id=\"ray_sec\">\n                <img decoding=\"async\" src=\"https:\/\/monatglobal.com\/wp-content\/uploads\/2024\/05\/sun-and-clouds-icons.svg\" alt=\"Sun and clouds icon\">\n                <h1>Rejoignez l&#8217;\u00e9quipe canadienne des ventes et dans certaines villes, le PDG Ray Urdaneta et sa femme Carolina, pour notre Tourn\u00e9e d&#8217;\u00e9t\u00e9 dans une ville pr\u00e8s de chez&nbsp;vous!<\/h1>\n                <img decoding=\"async\" src=\"https:\/\/monatglobal.com\/wp-content\/uploads\/2024\/05\/Ray-and-Carolina-summer-tour-2024-min.png\" alt=\"Picture of Ray urdaneta smiling\">\n            <img decoding=\"async\" src=\"https:\/\/monatglobal.com\/wp-content\/uploads\/2024\/05\/rainbow-icon.svg \" alt=\"rainbow icon\">\n            <p>Invitez des gens \u00e0 d\u00e9couvrir MONAT gr\u00e2ce aux d\u00e9monstrations de produits pour les cheveux et la peau, aux histoires inspirantes des partenaires de march\u00e9 et beaucoup&nbsp;plus-<\/p>\n            <p><em>y compris une pr\u00e9sentation sur le  <br> Fonds commun des fondateurs visionnaires MONAT <br>   et l&#8217;incroyable incitatif additionnel que nous offrons aux  <br>nouveaux partenaires de march\u00e9 cet \u00e9t\u00e9!<\/em><\/p>\n                <img decoding=\"async\" src=\"https:\/\/monatglobal.com\/wp-content\/uploads\/2024\/06\/founders-pool-model-min.jpg\" alt=\"\">\n                    <img decoding=\"async\" src=\"https:\/\/monatglobal.com\/wp-content\/uploads\/2024\/06\/silk-founders-pool-backround-min.jpg\" alt=\"\">\n                        <img decoding=\"async\" src=\"https:\/\/monatglobal.com\/ca\/wp-content\/uploads\/sites\/5\/2024\/06\/founders-pool-fr-1.svg\" alt=\"\">\n                        <a href=\"\/ca\/?page_id=88657&amp;lang=fr\">EN SAVOIR PLUS<\/a> \n    <\/section> \n    <section id=\"getParty_sec\"> \n            <img decoding=\"async\" src=\"https:\/\/monatglobal.com\/ca\/wp-content\/uploads\/sites\/5\/2024\/05\/Get-the-Party-Started-FR.svg\" alt=\"Get the party started!\">\n                <img decoding=\"async\" src=\"https:\/\/monatglobal.com\/wp-content\/uploads\/2024\/05\/heart-icon.svg\" alt=\"heart icon\">\n                <h2>Inscrivez-vous \u00e0 un \u00e9v\u00e8nement dans une ville pr\u00e8s de chez vous. <\/h2>\n                <p>Votre billet donne aussi l&#8217;acc\u00e8s complet \u00e0 un invit\u00e9, deux ou&nbsp;plus.<\/p>\n            <img decoding=\"async\" src=\"https:\/\/monatglobal.com\/wp-content\/uploads\/2024\/05\/get-the-party-started-beach-min.jpg\" alt=\"\"> \n    <\/section>\n<section id=\"agenda_sec\">\n    <img decoding=\"async\" src=\"https:\/\/monatglobal.com\/ca\/wp-content\/uploads\/sites\/5\/2024\/05\/summer-tour-fr-logo.svg\" alt=\"Summer tour 2024 logo\">\n    <p>Dates de la tourn\u00e9e :<\/p>\n        <!---->\n        <!--    -->\n        <!--        <img decoding=\"async\" src=\"https:\/\/monatglobal.com\/au\/wp-content\/uploads\/sites\/12\/2022\/07\/usa-falg.jpg\" alt=\" Usa flag\"\/>-->\n        <!--        <p>Oklahoma City, OK<\/p>-->\n        <!--        <p>LE 20 JUIN<\/p>-->\n        <!--    -->\n        <!--    -->\n        <!--        <p>19 h<\/p> -->\n        <!--        <p>Century Center Parking Garage, 1 N Broadway Ave, Oklahoma City, OK 73102, Sheraton Oklahoma City Downtown Hotel<\/p>-->\n        <!--      -->\n        <!--    -->\n        <!--        <a href=\"https:\/\/www.eventbrite.com\/e\/summer-tour-houston-tx-tickets-907928086347?aff=ebdsoporgprofile\" target=\"_blank\" rel=\"noopener\">S'INSCRIRE<\/a>-->\n        <!--    -->\n        <!---->\n        <!---->\n        <!--    -->\n        <!--        <img decoding=\"async\" src=\"https:\/\/monatglobal.com\/au\/wp-content\/uploads\/sites\/12\/2022\/07\/usa-falg.jpg\" alt=\" Usa flag\"\/>-->\n        <!--        <p>Orange County, CA<\/p>-->\n        <!--        <p>LE 27 JUIN<\/p>-->\n        <!--    -->\n        <!--    -->\n        <!--        <p>19 h<\/p> -->\n        <!--        <p>Hyatt Regency Huntington Beach Resort And Spa 21500 Pacific Coast Highway, Huntington Beach, CA 92648, USA<\/p>-->\n        <!--      -->\n        <!--    -->\n        <!--        <a href=\"https:\/\/www.eventbrite.com\/e\/summer-tour-ca-tickets-907950573607?aff=ebdsoporgprofile\" target=\"_blank\" rel=\"noopener\">S'INSCRIRE<\/a>-->\n        <!--    -->\n        <!---->\n        <!---->\n        <!--    -->\n        <!--        <img decoding=\"async\" src=\"https:\/\/monatglobal.com\/wp-content\/uploads\/sites\/6\/2021\/07\/canada-flag.png\" alt=\" Canada flag\"\/>-->\n        <!--        <p>Montr\u00e9al, QC, Canada*<\/p>-->\n        <!--        <p>LE 4 JUILLET<\/p>-->\n        <!--    -->\n        <!--    -->\n        <!--        <p>19 h<\/p> -->\n        <!--        <p>Golf Ex\u00e9cutif Montr\u00e9al 999 Boulevard de la For\u00eat Montr\u00e9al, QC H3E 1X9 Canada<\/p>-->\n        <!--      -->\n        <!--    -->\n        <!--        <a href=\"https:\/\/www.eventbrite.com\/e\/916977212527?aff=oddtdtcreator\" target=\"_blank\" rel=\"noopener\">S'INSCRIRE<\/a>-->\n        <!--    -->\n        <!---->\n                <img decoding=\"async\" src=\"https:\/\/monatglobal.com\/au\/wp-content\/uploads\/sites\/12\/2022\/07\/usa-falg.jpg\" alt=\" Usa flag\">\n                <p>Jersey City, NJ<\/p>\n                <p>LE 11 JUILLET<\/p>\n                <p>19 h<\/p> \n                <p>Antique Loft, 33 Newark St., Hoboken, NJ 07030<\/p>\n                <a href=\"https:\/\/www.eventbrite.com\/e\/summer-tour-new-jersey-city-tickets-907951777207?aff=ebdsoporgprofile\" target=\"_blank\" rel=\"noopener\">S&#8217;INSCRIRE<\/a>\n                <img decoding=\"async\" src=\"https:\/\/monatglobal.com\/wp-content\/uploads\/sites\/6\/2021\/07\/canada-flag.png\" alt=\" Canada flag\">\n                <p>Toronto, ON, Canada*<\/p>\n                <p>LE 11 JUILLET<\/p>\n                <p>19 h<\/p> \n                <p>Harding Waterfront Estate 2700 Lakeshore Rd. West Mississauga, ON L5J 0B4<\/p>\n                <a href=\"https:\/\/www.eventbrite.com\/e\/916987754057?aff=oddtdtcreator\" target=\"_blank\" rel=\"noopener\">S&#8217;INSCRIRE<\/a>\n                <img decoding=\"async\" src=\"https:\/\/monatglobal.com\/au\/wp-content\/uploads\/sites\/12\/2022\/07\/usa-falg.jpg\" alt=\" Usa flag\">\n                <p>Miami, FL<\/p>\n                <p>LE 25 JUILLET <\/p>\n                <p>19 h<\/p> \n                <p>10000 NW 15th Terrace, Doral, FL 33172<\/p>\n                <a href=\"https:\/\/www.eventbrite.com\/e\/summer-tour-miami-fl-tickets-907953051017?aff=ebdsoporgprofile\" target=\"_blank\" rel=\"noopener\">S&#8217;INSCRIRE<\/a>\n                <img decoding=\"async\" src=\"https:\/\/monatglobal.com\/wp-content\/uploads\/sites\/6\/2021\/07\/canada-flag.png\" alt=\" Canada flag\">\n                <p>Calgary, AB, Canada<\/p>\n                <p>LE 8 AO\u00dbT<\/p>\n                <p>19 h<\/p> \n                <p>Waterfront Park Venue 5225 101 St NW, Calgary, AB T3L 1S4<\/p>\n                <a href=\"https:\/\/www.eventbrite.com\/e\/916994293617?aff=oddtdtcreator\" target=\"_blank\" rel=\"noopener\">S&#8217;INSCRIRE<\/a>\n    <p>La p\u00e9riode d&#8217;inscription se termine la veille de chaque \u00e9v\u00e8nement. Veuillez noter que le nombre de places est&nbsp;limit\u00e9.<\/p>\n    <p><em>*Veuillez noter que Ray ne pourra pas assister \u00e0 cet \u00e9v\u00e8nement de la Tourn\u00e9e&nbsp;d&#8217;\u00e9t\u00e9.<\/em><\/p>\n<\/section>\n<section id=\"vibe_sec\">\n        <img decoding=\"async\" src=\"https:\/\/monatglobal.com\/ca\/wp-content\/uploads\/sites\/5\/2024\/06\/Its-a-Vibe-FR.svg\" alt=\"It's a vibe\">\n            <img decoding=\"async\" src=\"https:\/\/monatglobal.com\/wp-content\/uploads\/2024\/06\/get-your-groove-min-3-min.jpg\" alt=\"\">\n                <img decoding=\"async\" src=\"https:\/\/monatglobal.com\/wp-content\/uploads\/2024\/05\/100-vibe-icon.svg\" alt=\"100 vibe icon\">\n                <h2>Organisez votre propre \u00e9v\u00e8nement Tourn\u00e9e d&#8217;\u00e9t\u00e9!<\/h2>\n                <p>Planifiez un \u00e9v\u00e8nement r\u00e9ussi en utilisant les outils num\u00e9riques qui se trouvent dans la bo\u00eete \u00e0 outils de la Tourn\u00e9e d&#8217;\u00e9t\u00e9&nbsp;MONAT.<\/p>\n                <img decoding=\"async\" src=\"https:\/\/monatglobal.com\/wp-content\/uploads\/2024\/05\/palm-tree-icon.svg\" alt=\"Palm tree icon\">\n                <h2>Donnez libre cours \u00e0 votre inspiration! <\/h2>\n                <p>Apportez-y vos touches personnelles afin d&#8217;offrir une exp\u00e9rience unique \u00e0 vos&nbsp;prospects!<\/p>\n            <img decoding=\"async\" src=\"https:\/\/monatglobal.com\/wp-content\/uploads\/2024\/05\/alow-inspiration-group-min.jpg\" alt=\"\">\n<\/section>\n<section id=\"gratitude_sec\">\n        <img decoding=\"async\" src=\"https:\/\/monatglobal.com\/ca\/wp-content\/uploads\/sites\/5\/2024\/06\/un-ete-a-aimer.svg\" alt=\"A summer to love\">\n        <img decoding=\"async\" id=\"gratitude-logo\" src=\"https:\/\/monatglobal.com\/wp-content\/uploads\/2024\/05\/gratitude-logo.svg\" alt=\"Gratitude logo\">\n        <p>La Fondation MONAT Gratitude versera 5 $ CA provenant de vos frais d&#8217;inscription pour la Tourn\u00e9e d&#8217;\u00e9t\u00e9 \u00e0 des organismes appuyant des initiatives \u00e9ducatives pour les&nbsp;jeunes.<\/p> \n            <img decoding=\"async\" src=\"https:\/\/monatglobal.com\/wp-content\/uploads\/2024\/05\/gratitude-support-1-min.jpg\" alt=\"\"> \n            <img decoding=\"async\" src=\"https:\/\/monatglobal.com\/wp-content\/uploads\/2024\/05\/gratitude-support-2-min.jpg\" alt=\"\">\n            <img decoding=\"async\" src=\"https:\/\/monatglobal.com\/wp-content\/uploads\/2024\/05\/gratitude-support-3-min.jpg\" alt=\"\">\n<\/section>\n","protected":false},"excerpt":{"rendered":"<p>Nous allons faire des vagues partout en Am\u00e9rique du Nord Juin \u00e0 ao\u00fbt 2024 Rejoignez l&#8217;\u00e9quipe canadienne des ventes et dans certaines villes, le PDG Ray Urdaneta et sa femme Carolina, pour notre Tourn\u00e9e d&#8217;\u00e9t\u00e9 dans une ville pr\u00e8s de chez&nbsp;vous! Invitez des gens \u00e0 d\u00e9couvrir MONAT gr\u00e2ce aux d\u00e9monstrations de produits pour les cheveux&hellip;<\/p>\n","protected":false},"author":47,"featured_media":88616,"parent":0,"menu_order":0,"comment_status":"closed","ping_status":"closed","template":"","meta":{"inline_featured_image":false,"om_disable_all_campaigns":false,"_monsterinsights_skip_tracking":false,"_monsterinsights_sitenote_active":false,"_monsterinsights_sitenote_note":"","_monsterinsights_sitenote_category":0,"footnotes":""},"categories":[],"tags":[],"class_list":["post-88585","page","type-page","status-publish","has-post-thumbnail","hentry"],"aioseo_notices":[],"aioseo_head":"\n\t\t<!-- All in One SEO Pro 4.9.6 - aioseo.com -->\n\t<meta name=\"description\" content=\"D\u00e9couvrez dans quelles villes en Am\u00e9rique du Nord vous pourrez rejoindre l\u2019\u00e9quipe des ventes de MONAT et le PDG cet \u00e9t\u00e9 pour des d\u00e9monstrations de produits pour les cheveux et la peau.\" \/>\n\t<meta name=\"robots\" content=\"max-image-preview:large\" \/>\n\t<link rel=\"canonical\" href=\"https:\/\/monatglobal.com\/ca\/summer-tour\/?lang=fr\" \/>\n\t<meta name=\"generator\" content=\"All in One SEO Pro (AIOSEO) 4.9.6\" \/>\n\t\t<meta property=\"og:locale\" content=\"en_US\" \/>\n\t\t<meta property=\"og:site_name\" content=\"Monat Canada English - We Are Modern Nature\" \/>\n\t\t<meta property=\"og:type\" content=\"article\" \/>\n\t\t<meta property=\"og:title\" content=\"Assistez \u00e0 une d\u00e9monstration de produits MONAT pour les cheveux et la peau | Tourn\u00e9e d\u2019\u00e9t\u00e9\" \/>\n\t\t<meta property=\"og:description\" content=\"D\u00e9couvrez dans quelles villes en Am\u00e9rique du Nord vous pourrez rejoindre l\u2019\u00e9quipe des ventes de MONAT et le PDG cet \u00e9t\u00e9 pour des d\u00e9monstrations de produits pour les cheveux et la peau.\" \/>\n\t\t<meta property=\"og:url\" content=\"https:\/\/monatglobal.com\/ca\/summer-tour\/?lang=fr\" \/>\n\t\t<meta property=\"article:published_time\" content=\"2024-06-01T16:36:33+00:00\" \/>\n\t\t<meta property=\"article:modified_time\" content=\"2024-07-17T20:57:06+00:00\" \/>\n\t\t<meta name=\"twitter:card\" content=\"summary_large_image\" \/>\n\t\t<meta name=\"twitter:title\" content=\"Assistez \u00e0 une d\u00e9monstration de produits MONAT pour les cheveux et la peau | Tourn\u00e9e d\u2019\u00e9t\u00e9\" \/>\n\t\t<meta name=\"twitter:description\" content=\"D\u00e9couvrez dans quelles villes en Am\u00e9rique du Nord vous pourrez rejoindre l\u2019\u00e9quipe des ventes de MONAT et le PDG cet \u00e9t\u00e9 pour des d\u00e9monstrations de produits pour les cheveux et la peau.\" \/>\n\t\t<script type=\"application\/ld+json\" class=\"aioseo-schema\">\n\t\t\t{\"@context\":\"https:\\\/\\\/schema.org\",\"@graph\":[{\"@type\":\"BreadcrumbList\",\"@id\":\"https:\\\/\\\/monatglobal.com\\\/ca\\\/summer-tour\\\/?lang=fr#breadcrumblist\",\"itemListElement\":[{\"@type\":\"ListItem\",\"@id\":\"https:\\\/\\\/monatglobal.com\\\/ca#listItem\",\"position\":1,\"name\":\"Home\",\"item\":\"https:\\\/\\\/monatglobal.com\\\/ca\",\"nextItem\":{\"@type\":\"ListItem\",\"@id\":\"https:\\\/\\\/monatglobal.com\\\/ca\\\/summer-tour\\\/?lang=fr#listItem\",\"name\":\"Assistez \\u00e0 une d\\u00e9monstration de produits MONAT pour les cheveux et la peau | Tourn\\u00e9e d\\u2019\\u00e9t\\u00e9\"}},{\"@type\":\"ListItem\",\"@id\":\"https:\\\/\\\/monatglobal.com\\\/ca\\\/summer-tour\\\/?lang=fr#listItem\",\"position\":2,\"name\":\"Assistez \\u00e0 une d\\u00e9monstration de produits MONAT pour les cheveux et la peau | Tourn\\u00e9e d\\u2019\\u00e9t\\u00e9\",\"previousItem\":{\"@type\":\"ListItem\",\"@id\":\"https:\\\/\\\/monatglobal.com\\\/ca#listItem\",\"name\":\"Home\"}}]},{\"@type\":\"Organization\",\"@id\":\"https:\\\/\\\/monatglobal.com\\\/ca\\\/#organization\",\"name\":\"Monat Canada English\",\"description\":\"We Are Modern Nature\",\"url\":\"https:\\\/\\\/monatglobal.com\\\/ca\\\/\"},{\"@type\":\"WebPage\",\"@id\":\"https:\\\/\\\/monatglobal.com\\\/ca\\\/summer-tour\\\/?lang=fr#webpage\",\"url\":\"https:\\\/\\\/monatglobal.com\\\/ca\\\/summer-tour\\\/?lang=fr\",\"name\":\"Assistez \\u00e0 une d\\u00e9monstration de produits MONAT pour les cheveux et la peau | Tourn\\u00e9e d\\u2019\\u00e9t\\u00e9\",\"description\":\"D\\u00e9couvrez dans quelles villes en Am\\u00e9rique du Nord vous pourrez rejoindre l\\u2019\\u00e9quipe des ventes de MONAT et le PDG cet \\u00e9t\\u00e9 pour des d\\u00e9monstrations de produits pour les cheveux et la peau.\",\"inLanguage\":\"en-US\",\"isPartOf\":{\"@id\":\"https:\\\/\\\/monatglobal.com\\\/ca\\\/#website\"},\"breadcrumb\":{\"@id\":\"https:\\\/\\\/monatglobal.com\\\/ca\\\/summer-tour\\\/?lang=fr#breadcrumblist\"},\"image\":{\"@type\":\"ImageObject\",\"url\":\"https:\\\/\\\/monatglobal.com\\\/ca\\\/wp-content\\\/uploads\\\/sites\\\/5\\\/2024\\\/05\\\/Summer-Tour-2024-min.jpg\",\"@id\":\"https:\\\/\\\/monatglobal.com\\\/ca\\\/summer-tour\\\/?lang=fr\\\/#mainImage\",\"width\":800,\"height\":569},\"primaryImageOfPage\":{\"@id\":\"https:\\\/\\\/monatglobal.com\\\/ca\\\/summer-tour\\\/?lang=fr#mainImage\"},\"datePublished\":\"2024-06-01T12:36:33-04:00\",\"dateModified\":\"2024-07-17T16:57:06-04:00\"},{\"@type\":\"WebSite\",\"@id\":\"https:\\\/\\\/monatglobal.com\\\/ca\\\/#website\",\"url\":\"https:\\\/\\\/monatglobal.com\\\/ca\\\/\",\"name\":\"Monat Canada English\",\"description\":\"We Are Modern Nature\",\"inLanguage\":\"en-US\",\"publisher\":{\"@id\":\"https:\\\/\\\/monatglobal.com\\\/ca\\\/#organization\"}}]}\n\t\t<\/script>\n\t\t<!-- All in One SEO Pro -->\r\n\t\t<title>Assistez \u00e0 une d\u00e9monstration de produits MONAT pour les cheveux et la peau | Tourn\u00e9e d\u2019\u00e9t\u00e9<\/title>\n\n","aioseo_head_json":{"title":"Assistez \u00e0 une d\u00e9monstration de produits MONAT pour les cheveux et la peau | Tourn\u00e9e d\u2019\u00e9t\u00e9","description":"D\u00e9couvrez dans quelles villes en Am\u00e9rique du Nord vous pourrez rejoindre l\u2019\u00e9quipe des ventes de MONAT et le PDG cet \u00e9t\u00e9 pour des d\u00e9monstrations de produits pour les cheveux et la peau.","canonical_url":"https:\/\/monatglobal.com\/ca\/summer-tour\/?lang=fr","robots":"max-image-preview:large","keywords":"","webmasterTools":{"miscellaneous":""},"schema":{"@context":"https:\/\/schema.org","@graph":[{"@type":"BreadcrumbList","@id":"https:\/\/monatglobal.com\/ca\/summer-tour\/?lang=fr#breadcrumblist","itemListElement":[{"@type":"ListItem","@id":"https:\/\/monatglobal.com\/ca#listItem","position":1,"name":"Home","item":"https:\/\/monatglobal.com\/ca","nextItem":{"@type":"ListItem","@id":"https:\/\/monatglobal.com\/ca\/summer-tour\/?lang=fr#listItem","name":"Assistez \u00e0 une d\u00e9monstration de produits MONAT pour les cheveux et la peau | Tourn\u00e9e d\u2019\u00e9t\u00e9"}},{"@type":"ListItem","@id":"https:\/\/monatglobal.com\/ca\/summer-tour\/?lang=fr#listItem","position":2,"name":"Assistez \u00e0 une d\u00e9monstration de produits MONAT pour les cheveux et la peau | Tourn\u00e9e d\u2019\u00e9t\u00e9","previousItem":{"@type":"ListItem","@id":"https:\/\/monatglobal.com\/ca#listItem","name":"Home"}}]},{"@type":"Organization","@id":"https:\/\/monatglobal.com\/ca\/#organization","name":"Monat Canada English","description":"We Are Modern Nature","url":"https:\/\/monatglobal.com\/ca\/"},{"@type":"WebPage","@id":"https:\/\/monatglobal.com\/ca\/summer-tour\/?lang=fr#webpage","url":"https:\/\/monatglobal.com\/ca\/summer-tour\/?lang=fr","name":"Assistez \u00e0 une d\u00e9monstration de produits MONAT pour les cheveux et la peau | Tourn\u00e9e d\u2019\u00e9t\u00e9","description":"D\u00e9couvrez dans quelles villes en Am\u00e9rique du Nord vous pourrez rejoindre l\u2019\u00e9quipe des ventes de MONAT et le PDG cet \u00e9t\u00e9 pour des d\u00e9monstrations de produits pour les cheveux et la peau.","inLanguage":"en-US","isPartOf":{"@id":"https:\/\/monatglobal.com\/ca\/#website"},"breadcrumb":{"@id":"https:\/\/monatglobal.com\/ca\/summer-tour\/?lang=fr#breadcrumblist"},"image":{"@type":"ImageObject","url":"https:\/\/monatglobal.com\/ca\/wp-content\/uploads\/sites\/5\/2024\/05\/Summer-Tour-2024-min.jpg","@id":"https:\/\/monatglobal.com\/ca\/summer-tour\/?lang=fr\/#mainImage","width":800,"height":569},"primaryImageOfPage":{"@id":"https:\/\/monatglobal.com\/ca\/summer-tour\/?lang=fr#mainImage"},"datePublished":"2024-06-01T12:36:33-04:00","dateModified":"2024-07-17T16:57:06-04:00"},{"@type":"WebSite","@id":"https:\/\/monatglobal.com\/ca\/#website","url":"https:\/\/monatglobal.com\/ca\/","name":"Monat Canada English","description":"We Are Modern Nature","inLanguage":"en-US","publisher":{"@id":"https:\/\/monatglobal.com\/ca\/#organization"}}]},"og:locale":"en_US","og:site_name":"Monat Canada English - We Are Modern Nature","og:type":"article","og:title":"Assistez \u00e0 une d\u00e9monstration de produits MONAT pour les cheveux et la peau | Tourn\u00e9e d\u2019\u00e9t\u00e9","og:description":"D\u00e9couvrez dans quelles villes en Am\u00e9rique du Nord vous pourrez rejoindre l\u2019\u00e9quipe des ventes de MONAT et le PDG cet \u00e9t\u00e9 pour des d\u00e9monstrations de produits pour les cheveux et la peau.","og:url":"https:\/\/monatglobal.com\/ca\/summer-tour\/?lang=fr","article:published_time":"2024-06-01T16:36:33+00:00","article:modified_time":"2024-07-17T20:57:06+00:00","twitter:card":"summary_large_image","twitter:title":"Assistez \u00e0 une d\u00e9monstration de produits MONAT pour les cheveux et la peau | Tourn\u00e9e d\u2019\u00e9t\u00e9","twitter:description":"D\u00e9couvrez dans quelles villes en Am\u00e9rique du Nord vous pourrez rejoindre l\u2019\u00e9quipe des ventes de MONAT et le PDG cet \u00e9t\u00e9 pour des d\u00e9monstrations de produits pour les cheveux et la peau."},"aioseo_meta_data":{"post_id":"88585","title":"Assistez \u00e0 une d\u00e9monstration de produits MONAT pour les cheveux et la peau | Tourn\u00e9e d\u2019\u00e9t\u00e9","description":"D\u00e9couvrez dans quelles villes en Am\u00e9rique du Nord vous pourrez rejoindre l\u2019\u00e9quipe des ventes de MONAT et le PDG cet \u00e9t\u00e9 pour des d\u00e9monstrations de produits pour les cheveux et la peau.","keywords":null,"keyphrases":{"focus":{"keyphrase":"","score":0,"analysis":{"keyphraseInTitle":{"score":0,"maxScore":9,"error":1}}},"additional":[]},"primary_term":null,"canonical_url":null,"og_title":null,"og_description":null,"og_object_type":"default","og_image_type":"default","og_image_url":null,"og_image_width":null,"og_image_height":null,"og_image_custom_url":null,"og_image_custom_fields":null,"og_video":"","og_custom_url":null,"og_article_section":null,"og_article_tags":null,"twitter_use_og":false,"twitter_card":"default","twitter_image_type":"default","twitter_image_url":null,"twitter_image_custom_url":null,"twitter_image_custom_fields":null,"twitter_title":null,"twitter_description":null,"schema":{"blockGraphs":[],"customGraphs":[],"default":{"data":{"Article":[],"Course":[],"Dataset":[],"FAQPage":[],"Movie":[],"Person":[],"Product":[],"ProductReview":[],"Car":[],"Recipe":[],"Service":[],"SoftwareApplication":[],"WebPage":[]},"graphName":"WebPage","isEnabled":true},"graphs":[]},"schema_type":"default","schema_type_options":null,"pillar_content":false,"robots_default":true,"robots_noindex":false,"robots_noarchive":false,"robots_nosnippet":false,"robots_nofollow":false,"robots_noimageindex":false,"robots_noodp":false,"robots_notranslate":false,"robots_max_snippet":"-1","robots_max_videopreview":"-1","robots_max_imagepreview":"large","priority":null,"frequency":"default","local_seo":null,"seo_analyzer_scan_date":"2026-02-10 21:05:42","limit_modified_date":false,"reviewed_by":null,"open_ai":"{\"title\":{\"suggestions\":[],\"usage\":0},\"description\":{\"suggestions\":[],\"usage\":0}}","ai":null,"created":"2024-05-30 16:43:49","updated":"2026-02-10 21:05:42"},"aioseo_breadcrumb":"<div class=\"aioseo-breadcrumbs\"><span class=\"aioseo-breadcrumb\">\n\t<a href=\"https:\/\/monatglobal.com\/ca\" title=\"Home\">Home<\/a>\n<\/span><span class=\"aioseo-breadcrumb-separator\">&raquo;<\/span><span class=\"aioseo-breadcrumb\">\n\tAssistez \u00e0 une d\u00e9monstration de produits MONAT pour les cheveux et la peau | Tourn\u00e9e d\u2019\u00e9t\u00e9\n<\/span><\/div>","aioseo_breadcrumb_json":[{"label":"Home","link":"https:\/\/monatglobal.com\/ca"},{"label":"Assistez \u00e0 une d\u00e9monstration de produits MONAT pour les cheveux et la peau | Tourn\u00e9e d\u2019\u00e9t\u00e9","link":"https:\/\/monatglobal.com\/ca\/summer-tour\/?lang=fr"}],"_links":{"self":[{"href":"https:\/\/monatglobal.com\/ca\/wp-json\/wp\/v2\/pages\/88585","targetHints":{"allow":["GET"]}}],"collection":[{"href":"https:\/\/monatglobal.com\/ca\/wp-json\/wp\/v2\/pages"}],"about":[{"href":"https:\/\/monatglobal.com\/ca\/wp-json\/wp\/v2\/types\/page"}],"author":[{"embeddable":true,"href":"https:\/\/monatglobal.com\/ca\/wp-json\/wp\/v2\/users\/47"}],"replies":[{"embeddable":true,"href":"https:\/\/monatglobal.com\/ca\/wp-json\/wp\/v2\/comments?post=88585"}],"version-history":[{"count":21,"href":"https:\/\/monatglobal.com\/ca\/wp-json\/wp\/v2\/pages\/88585\/revisions"}],"predecessor-version":[{"id":89146,"href":"https:\/\/monatglobal.com\/ca\/wp-json\/wp\/v2\/pages\/88585\/revisions\/89146"}],"wp:featuredmedia":[{"embeddable":true,"href":"https:\/\/monatglobal.com\/ca\/wp-json\/wp\/v2\/media\/88616"}],"wp:attachment":[{"href":"https:\/\/monatglobal.com\/ca\/wp-json\/wp\/v2\/media?parent=88585"}],"wp:term":[{"taxonomy":"category","embeddable":true,"href":"https:\/\/monatglobal.com\/ca\/wp-json\/wp\/v2\/categories?post=88585"},{"taxonomy":"post_tag","embeddable":true,"href":"https:\/\/monatglobal.com\/ca\/wp-json\/wp\/v2\/tags?post=88585"}],"curies":[{"name":"wp","href":"https:\/\/api.w.org\/{rel}","templated":true}]}}