{"id":88577,"date":"2024-06-01T12:37:23","date_gmt":"2024-06-01T16:37:23","guid":{"rendered":"https:\/\/monatglobal.com\/ca\/?page_id=88577"},"modified":"2024-07-17T16:04:30","modified_gmt":"2024-07-17T20:04:30","slug":"summer-tour","status":"publish","type":"page","link":"https:\/\/monatglobal.com\/ca\/summer-tour\/","title":{"rendered":"Join MONAT Hair and Skin Demo Meetings | Summer Tour"},"content":{"rendered":"\n<link href=\"https:\/\/fonts.cdnfonts.com\/css\/angel-club\" rel=\"stylesheet\">\n<section id=\"intro_sec\">\n    <img decoding=\"async\" src=\"https:\/\/monatglobal.com\/wp-content\/uploads\/2024\/05\/summer-tour-logo.svg\" alt=\"Summer tour 2024 logo\">\n        <h2>MAKING <br> WAVES <br> ACROSS <br> NORTH <br> AMERICA<\/h2>\n        <p>June\u2212August 2024<\/p>\n<\/section>\n    <section id=\"ray_sec\">\n                <img decoding=\"async\" src=\"https:\/\/monatglobal.com\/wp-content\/uploads\/2024\/05\/sun-and-clouds-icons.svg\" alt=\"Sun and clouds icon\">\n                <h1>Join the MONAT Sales Team, and in some cities, CEO Ray Urdaneta  and his wife Carolina  \nfor a Summer Tour event at a location near you!<\/h1>\n                <img decoding=\"async\" src=\"https:\/\/monatglobal.com\/wp-content\/uploads\/2024\/05\/Ray-and-Carolina-summer-tour-2024-min.png\" alt=\"Picture of Ray urdaneta smiling\">\n            <img decoding=\"async\" src=\"https:\/\/monatglobal.com\/wp-content\/uploads\/2024\/05\/rainbow-icon.svg \" alt=\"rainbow icon\">\n            <p>Invite your guests to catch a wave and discover MONAT through awesome hair and skincare demos, inspiring Market Partner stories, and so much more.<\/p>\n            <p><em>including an introduction to the new <br> MONAT Visionary Founders Pool <br>  and our incredible Summer Start <br> opportunity for new Market Partners!<\/em><\/p>\n                <img decoding=\"async\" src=\"https:\/\/monatglobal.com\/wp-content\/uploads\/2024\/06\/founders-pool-model-min.jpg\" alt=\"\">\n                    <img decoding=\"async\" src=\"https:\/\/monatglobal.com\/wp-content\/uploads\/2024\/06\/silk-founders-pool-backround-min.jpg\" alt=\"\">\n                        <img decoding=\"async\" src=\"https:\/\/monatglobal.com\/wp-content\/uploads\/2024\/06\/monat-visionary-founders-pool-logo.svg\" alt=\"\">\n                        <a href=\"\/ca?page_id=88657\">LEARN MORE<\/a> \n    <\/section> \n    <section id=\"getParty_sec\"> \n            <img decoding=\"async\" src=\"https:\/\/monatglobal.com\/wp-content\/uploads\/2024\/05\/get-the-party-started.svg\" alt=\"Get the party started!\">\n                <img decoding=\"async\" src=\"https:\/\/monatglobal.com\/wp-content\/uploads\/2024\/05\/heart-icon.svg\" alt=\"heart icon\">\n                <h2>Register now for a tour stop near you.<\/h2>\n                <p>Your ticket grants full event access to one, two, or more guests.<\/p>\n            <img decoding=\"async\" src=\"https:\/\/monatglobal.com\/wp-content\/uploads\/2024\/05\/get-the-party-started-beach-min.jpg\" alt=\"\"> \n    <\/section>\n<section id=\"agenda_sec\">\n    <img decoding=\"async\" src=\"https:\/\/monatglobal.com\/wp-content\/uploads\/2024\/05\/summer-tour-logo.svg\" alt=\"Summer tour 2024 logo\">\n    <p>Tour Dates:<\/p>\n        <!---->\n        <!--    -->\n        <!--        <img decoding=\"async\" src=\"https:\/\/monatglobal.com\/au\/wp-content\/uploads\/sites\/12\/2022\/07\/usa-falg.jpg\" alt=\" Usa flag\"\/>-->\n        <!--        <p>Oklahoma City, OK<\/p>-->\n        <!--        <p>JUNE 20<\/p>-->\n        <!--    -->\n        <!--    -->\n        <!--        <p>7:00 P.M.<\/p> -->\n        <!--        <p>Century Center Parking Garage, 1 N Broadway Ave, Oklahoma City, OK 73102, Sheraton Oklahoma City Downtown Hotel<\/p>-->\n        <!--      -->\n        <!--    -->\n        <!--        <a href=\"https:\/\/www.eventbrite.com\/e\/summer-tour-houston-tx-tickets-907928086347?aff=ebdsoporgprofile\" target=\"_blank\" rel=\"noopener\">REGISTER NOW<\/a>-->\n        <!--    -->\n        <!---->\n        <!---->\n        <!--    -->\n        <!--        <img decoding=\"async\" src=\"https:\/\/monatglobal.com\/au\/wp-content\/uploads\/sites\/12\/2022\/07\/usa-falg.jpg\" alt=\" Usa flag\"\/>-->\n        <!--        <p>Orange County, CA<\/p>-->\n        <!--        <p>JUNE 27<\/p>-->\n        <!--    -->\n        <!--    -->\n        <!--        <p>7:00 P.M.<\/p> -->\n        <!--        <p>Hyatt Regency Huntington Beach Resort And Spa 21500 Pacific Coast Highway, Huntington Beach, CA 92648, USA<\/p>-->\n        <!--      -->\n        <!--    -->\n        <!--        <a href=\"https:\/\/www.eventbrite.com\/e\/summer-tour-ca-tickets-907950573607?aff=ebdsoporgprofile\" target=\"_blank\" rel=\"noopener\">REGISTER NOW<\/a>-->\n        <!--    -->\n        <!---->\n        <!---->\n        <!--    -->\n        <!--        <img decoding=\"async\" src=\"https:\/\/monatglobal.com\/wp-content\/uploads\/sites\/6\/2021\/07\/canada-flag.png\" alt=\" Canada flag\"\/>-->\n        <!--        <p>Montreal, QC, Canada*<\/p>-->\n        <!--        <p>JULY 4<\/p>-->\n        <!--    -->\n        <!--    -->\n        <!--        <p>7:00 P.M.<\/p> -->\n        <!--        <p>Golf Ex\u00e9cutif Montr\u00e9al 999 Boulevard de la For\u00eat Montr\u00e9al, QC H3E 1X9 Canada<\/p>-->\n        <!--      -->\n        <!--    -->\n        <!--        <a href=\"https:\/\/www.eventbrite.com\/e\/916977212527?aff=oddtdtcreator\" target=\"_blank\" rel=\"noopener\">REGISTER NOW<\/a>-->\n        <!--     -->\n        <!---->\n                <img decoding=\"async\" src=\"https:\/\/monatglobal.com\/au\/wp-content\/uploads\/sites\/12\/2022\/07\/usa-falg.jpg\" alt=\" Usa flag\">\n                <p>Jersey City, NJ<\/p>\n                <p>JULY 11<\/p>\n                <p>7:00 P.M.<\/p> \n                <p>Antique Loft, 33 Newark St., Hoboken, NJ 07030<\/p>\n                <a href=\"https:\/\/www.eventbrite.com\/e\/summer-tour-new-jersey-city-tickets-907951777207?aff=ebdsoporgprofile\" target=\"_blank\" rel=\"noopener\">REGISTER NOW<\/a>\n                <img decoding=\"async\" src=\"https:\/\/monatglobal.com\/wp-content\/uploads\/sites\/6\/2021\/07\/canada-flag.png\" alt=\" Canada flag\">\n                <p>Toronto, ON, Canada*<\/p>\n                <p>JULY 11<\/p>\n                <p>7:00 P.M.<\/p> \n                <p>Harding Waterfront Estate 2700 Lakeshore Rd. West Mississauga, ON L5J 0B4<\/p>\n                <a href=\"https:\/\/www.eventbrite.com\/e\/916987754057?aff=oddtdtcreator\" target=\"_blank\" rel=\"noopener\">REGISTER NOW<\/a>\n                <img decoding=\"async\" src=\"https:\/\/monatglobal.com\/au\/wp-content\/uploads\/sites\/12\/2022\/07\/usa-falg.jpg\" alt=\" Usa flag\">\n                <p>Miami, FL<\/p>\n                <p>JULY 25<\/p>\n                <p>7:00 P.M.<\/p> \n                <p>10000 NW 15th Terrace, Doral, FL 33172<\/p>\n                <a href=\"https:\/\/www.eventbrite.com\/e\/summer-tour-miami-fl-tickets-907953051017?aff=ebdsoporgprofile\" target=\"_blank\" rel=\"noopener\">REGISTER NOW<\/a>\n                <img decoding=\"async\" src=\"https:\/\/monatglobal.com\/wp-content\/uploads\/sites\/6\/2021\/07\/canada-flag.png\" alt=\" Canada flag\">\n                <p>Calgary, AB, Canada<\/p>\n                <p>AUGUST 8<\/p>\n                <p>7:00 P.M.<\/p> \n                <p>Waterfront Park Venue 5225 101 St NW, Calgary, AB T3L 1S4<\/p>\n                <a href=\"https:\/\/www.eventbrite.com\/e\/916994293617?aff=oddtdtcreator\" target=\"_blank\" rel=\"noopener\">REGISTER NOW<\/a>\n    <p>Registration closes the night before each event. Please note space that is limited.<\/p>\n    <p><em>*Please note that Ray is not able to attend the Summer Tour event in this city.<\/em><\/p>\n<\/section>\n<section id=\"vibe_sec\">\n        <img decoding=\"async\" src=\"https:\/\/monatglobal.com\/wp-content\/uploads\/2024\/05\/its-a-vibe.svg\" alt=\"It's a vibe\">\n            <img decoding=\"async\" src=\"https:\/\/monatglobal.com\/wp-content\/uploads\/2024\/06\/get-your-groove-min-3-min.jpg\" alt=\"\">\n                <img decoding=\"async\" src=\"https:\/\/monatglobal.com\/wp-content\/uploads\/2024\/05\/100-vibe-icon.svg\" alt=\"100 vibe icon\">\n                <h2>Get your groove on and host your own Summer Tour stop!<\/h2>\n                <p>Create a super-fly event with the official MONAT Summer Tour digital tools in your Toolbox.<\/p>\n                <img decoding=\"async\" src=\"https:\/\/monatglobal.com\/wp-content\/uploads\/2024\/05\/palm-tree-icon.svg\" alt=\"Palm tree icon\">\n                <h2>Allow inspiration to be the guide!<\/h2>\n                <p>Add your own unique touches to make your event a truly personalized experience for your prospects!<\/p>\n            <img decoding=\"async\" src=\"https:\/\/monatglobal.com\/wp-content\/uploads\/2024\/05\/alow-inspiration-group-min.jpg\" alt=\"\">\n<\/section>\n<section id=\"gratitude_sec\">\n        <img decoding=\"async\" src=\"https:\/\/monatglobal.com\/wp-content\/uploads\/2024\/05\/a-summer-to-love.svg\" alt=\"A summer to love\">\n        <img decoding=\"async\" id=\"gratitude-logo\" src=\"https:\/\/monatglobal.com\/wp-content\/uploads\/2024\/05\/gratitude-logo.svg\" alt=\"Gratitude logo\">\n        <p>The MONAT Gratitude Foundation will donate $5 CAD from your Market Partner Summer Tour registration to support youth education&nbsp;initiatives.<\/p> \n            <img decoding=\"async\" src=\"https:\/\/monatglobal.com\/wp-content\/uploads\/2024\/05\/gratitude-support-1-min.jpg\" alt=\"\"> \n            <img decoding=\"async\" src=\"https:\/\/monatglobal.com\/wp-content\/uploads\/2024\/05\/gratitude-support-2-min.jpg\" alt=\"\">\n            <img decoding=\"async\" src=\"https:\/\/monatglobal.com\/wp-content\/uploads\/2024\/05\/gratitude-support-3-min.jpg\" alt=\"\">\n<\/section>\n","protected":false},"excerpt":{"rendered":"<p>MAKING WAVES ACROSS NORTH AMERICA June\u2212August 2024 Join the MONAT Sales Team, and in some cities, CEO Ray Urdaneta and his wife Carolina for a Summer Tour event at a location near you! Invite your guests to catch a wave and discover MONAT through awesome hair and skincare demos, inspiring Market Partner stories, and so&hellip;<\/p>\n","protected":false},"author":47,"featured_media":88615,"parent":0,"menu_order":0,"comment_status":"closed","ping_status":"closed","template":"","meta":{"inline_featured_image":false,"om_disable_all_campaigns":false,"_monsterinsights_skip_tracking":false,"_monsterinsights_sitenote_active":false,"_monsterinsights_sitenote_note":"","_monsterinsights_sitenote_category":0,"footnotes":""},"categories":[],"tags":[],"class_list":["post-88577","page","type-page","status-publish","has-post-thumbnail","hentry"],"aioseo_notices":[],"aioseo_head":"\n\t\t<!-- All in One SEO Pro 4.9.6 - aioseo.com -->\n\t<meta name=\"description\" content=\"See where to join the hair and skincare demos in person with MONAT sales team and our CEO, they are happening in different cities in North America.\" \/>\n\t<meta name=\"robots\" content=\"max-image-preview:large\" \/>\n\t<link rel=\"canonical\" href=\"https:\/\/monatglobal.com\/ca\/summer-tour\/\" \/>\n\t<meta name=\"generator\" content=\"All in One SEO Pro (AIOSEO) 4.9.6\" \/>\n\t\t<meta property=\"og:locale\" content=\"en_US\" \/>\n\t\t<meta property=\"og:site_name\" content=\"Monat Canada English - We Are Modern Nature\" \/>\n\t\t<meta property=\"og:type\" content=\"article\" \/>\n\t\t<meta property=\"og:title\" content=\"Join MONAT Hair and Skin Demo Meetings | Summer Tour\" \/>\n\t\t<meta property=\"og:description\" content=\"See where to join the hair and skincare demos in person with MONAT sales team and our CEO, they are happening in different cities in North America.\" \/>\n\t\t<meta property=\"og:url\" content=\"https:\/\/monatglobal.com\/ca\/summer-tour\/\" \/>\n\t\t<meta property=\"article:published_time\" content=\"2024-06-01T16:37:23+00:00\" \/>\n\t\t<meta property=\"article:modified_time\" content=\"2024-07-17T20:04:30+00:00\" \/>\n\t\t<meta name=\"twitter:card\" content=\"summary_large_image\" \/>\n\t\t<meta name=\"twitter:title\" content=\"Join MONAT Hair and Skin Demo Meetings | Summer Tour\" \/>\n\t\t<meta name=\"twitter:description\" content=\"See where to join the hair and skincare demos in person with MONAT sales team and our CEO, they are happening in different cities in North America.\" \/>\n\t\t<script type=\"application\/ld+json\" class=\"aioseo-schema\">\n\t\t\t{\"@context\":\"https:\\\/\\\/schema.org\",\"@graph\":[{\"@type\":\"BreadcrumbList\",\"@id\":\"https:\\\/\\\/monatglobal.com\\\/ca\\\/summer-tour\\\/#breadcrumblist\",\"itemListElement\":[{\"@type\":\"ListItem\",\"@id\":\"https:\\\/\\\/monatglobal.com\\\/ca#listItem\",\"position\":1,\"name\":\"Home\",\"item\":\"https:\\\/\\\/monatglobal.com\\\/ca\",\"nextItem\":{\"@type\":\"ListItem\",\"@id\":\"https:\\\/\\\/monatglobal.com\\\/ca\\\/summer-tour\\\/#listItem\",\"name\":\"Join MONAT Hair and Skin Demo Meetings | Summer Tour\"}},{\"@type\":\"ListItem\",\"@id\":\"https:\\\/\\\/monatglobal.com\\\/ca\\\/summer-tour\\\/#listItem\",\"position\":2,\"name\":\"Join MONAT Hair and Skin Demo Meetings | Summer Tour\",\"previousItem\":{\"@type\":\"ListItem\",\"@id\":\"https:\\\/\\\/monatglobal.com\\\/ca#listItem\",\"name\":\"Home\"}}]},{\"@type\":\"Organization\",\"@id\":\"https:\\\/\\\/monatglobal.com\\\/ca\\\/#organization\",\"name\":\"Monat Canada English\",\"description\":\"We Are Modern Nature\",\"url\":\"https:\\\/\\\/monatglobal.com\\\/ca\\\/\"},{\"@type\":\"WebPage\",\"@id\":\"https:\\\/\\\/monatglobal.com\\\/ca\\\/summer-tour\\\/#webpage\",\"url\":\"https:\\\/\\\/monatglobal.com\\\/ca\\\/summer-tour\\\/\",\"name\":\"Join MONAT Hair and Skin Demo Meetings | Summer Tour\",\"description\":\"See where to join the hair and skincare demos in person with MONAT sales team and our CEO, they are happening in different cities in North America.\",\"inLanguage\":\"en-US\",\"isPartOf\":{\"@id\":\"https:\\\/\\\/monatglobal.com\\\/ca\\\/#website\"},\"breadcrumb\":{\"@id\":\"https:\\\/\\\/monatglobal.com\\\/ca\\\/summer-tour\\\/#breadcrumblist\"},\"image\":{\"@type\":\"ImageObject\",\"url\":\"https:\\\/\\\/monatglobal.com\\\/ca\\\/wp-content\\\/uploads\\\/sites\\\/5\\\/2024\\\/05\\\/Summer-Tour-2024-min.jpg\",\"@id\":\"https:\\\/\\\/monatglobal.com\\\/ca\\\/summer-tour\\\/#mainImage\",\"width\":800,\"height\":569},\"primaryImageOfPage\":{\"@id\":\"https:\\\/\\\/monatglobal.com\\\/ca\\\/summer-tour\\\/#mainImage\"},\"datePublished\":\"2024-06-01T12:37:23-04:00\",\"dateModified\":\"2024-07-17T16:04:30-04:00\"},{\"@type\":\"WebSite\",\"@id\":\"https:\\\/\\\/monatglobal.com\\\/ca\\\/#website\",\"url\":\"https:\\\/\\\/monatglobal.com\\\/ca\\\/\",\"name\":\"Monat Canada English\",\"description\":\"We Are Modern Nature\",\"inLanguage\":\"en-US\",\"publisher\":{\"@id\":\"https:\\\/\\\/monatglobal.com\\\/ca\\\/#organization\"}}]}\n\t\t<\/script>\n\t\t<!-- All in One SEO Pro -->\r\n\t\t<title>Join MONAT Hair and Skin Demo Meetings | Summer Tour<\/title>\n\n","aioseo_head_json":{"title":"Join MONAT Hair and Skin Demo Meetings | Summer Tour","description":"See where to join the hair and skincare demos in person with MONAT sales team and our CEO, they are happening in different cities in North America.","canonical_url":"https:\/\/monatglobal.com\/ca\/summer-tour\/","robots":"max-image-preview:large","keywords":"","webmasterTools":{"miscellaneous":""},"schema":{"@context":"https:\/\/schema.org","@graph":[{"@type":"BreadcrumbList","@id":"https:\/\/monatglobal.com\/ca\/summer-tour\/#breadcrumblist","itemListElement":[{"@type":"ListItem","@id":"https:\/\/monatglobal.com\/ca#listItem","position":1,"name":"Home","item":"https:\/\/monatglobal.com\/ca","nextItem":{"@type":"ListItem","@id":"https:\/\/monatglobal.com\/ca\/summer-tour\/#listItem","name":"Join MONAT Hair and Skin Demo Meetings | Summer Tour"}},{"@type":"ListItem","@id":"https:\/\/monatglobal.com\/ca\/summer-tour\/#listItem","position":2,"name":"Join MONAT Hair and Skin Demo Meetings | Summer Tour","previousItem":{"@type":"ListItem","@id":"https:\/\/monatglobal.com\/ca#listItem","name":"Home"}}]},{"@type":"Organization","@id":"https:\/\/monatglobal.com\/ca\/#organization","name":"Monat Canada English","description":"We Are Modern Nature","url":"https:\/\/monatglobal.com\/ca\/"},{"@type":"WebPage","@id":"https:\/\/monatglobal.com\/ca\/summer-tour\/#webpage","url":"https:\/\/monatglobal.com\/ca\/summer-tour\/","name":"Join MONAT Hair and Skin Demo Meetings | Summer Tour","description":"See where to join the hair and skincare demos in person with MONAT sales team and our CEO, they are happening in different cities in North America.","inLanguage":"en-US","isPartOf":{"@id":"https:\/\/monatglobal.com\/ca\/#website"},"breadcrumb":{"@id":"https:\/\/monatglobal.com\/ca\/summer-tour\/#breadcrumblist"},"image":{"@type":"ImageObject","url":"https:\/\/monatglobal.com\/ca\/wp-content\/uploads\/sites\/5\/2024\/05\/Summer-Tour-2024-min.jpg","@id":"https:\/\/monatglobal.com\/ca\/summer-tour\/#mainImage","width":800,"height":569},"primaryImageOfPage":{"@id":"https:\/\/monatglobal.com\/ca\/summer-tour\/#mainImage"},"datePublished":"2024-06-01T12:37:23-04:00","dateModified":"2024-07-17T16:04:30-04:00"},{"@type":"WebSite","@id":"https:\/\/monatglobal.com\/ca\/#website","url":"https:\/\/monatglobal.com\/ca\/","name":"Monat Canada English","description":"We Are Modern Nature","inLanguage":"en-US","publisher":{"@id":"https:\/\/monatglobal.com\/ca\/#organization"}}]},"og:locale":"en_US","og:site_name":"Monat Canada English - We Are Modern Nature","og:type":"article","og:title":"Join MONAT Hair and Skin Demo Meetings | Summer Tour","og:description":"See where to join the hair and skincare demos in person with MONAT sales team and our CEO, they are happening in different cities in North America.","og:url":"https:\/\/monatglobal.com\/ca\/summer-tour\/","article:published_time":"2024-06-01T16:37:23+00:00","article:modified_time":"2024-07-17T20:04:30+00:00","twitter:card":"summary_large_image","twitter:title":"Join MONAT Hair and Skin Demo Meetings | Summer Tour","twitter:description":"See where to join the hair and skincare demos in person with MONAT sales team and our CEO, they are happening in different cities in North America."},"aioseo_meta_data":{"post_id":"88577","title":"Join MONAT Hair and Skin Demo Meetings | Summer Tour","description":"See where to join the hair and skincare demos in person with MONAT sales team and our CEO, they are happening in different cities in North America.","keywords":null,"keyphrases":{"focus":{"keyphrase":"","score":0,"analysis":{"keyphraseInTitle":{"score":0,"maxScore":9,"error":1}}},"additional":[]},"primary_term":null,"canonical_url":null,"og_title":null,"og_description":null,"og_object_type":"default","og_image_type":"default","og_image_url":null,"og_image_width":null,"og_image_height":null,"og_image_custom_url":null,"og_image_custom_fields":null,"og_video":"","og_custom_url":null,"og_article_section":null,"og_article_tags":null,"twitter_use_og":false,"twitter_card":"default","twitter_image_type":"default","twitter_image_url":null,"twitter_image_custom_url":null,"twitter_image_custom_fields":null,"twitter_title":null,"twitter_description":null,"schema":{"blockGraphs":[],"customGraphs":[],"default":{"data":{"Article":[],"Course":[],"Dataset":[],"FAQPage":[],"Movie":[],"Person":[],"Product":[],"ProductReview":[],"Car":[],"Recipe":[],"Service":[],"SoftwareApplication":[],"WebPage":[]},"graphName":"WebPage","isEnabled":true},"graphs":[]},"schema_type":"default","schema_type_options":null,"pillar_content":false,"robots_default":true,"robots_noindex":false,"robots_noarchive":false,"robots_nosnippet":false,"robots_nofollow":false,"robots_noimageindex":false,"robots_noodp":false,"robots_notranslate":false,"robots_max_snippet":"-1","robots_max_videopreview":"-1","robots_max_imagepreview":"large","priority":null,"frequency":"default","local_seo":null,"seo_analyzer_scan_date":"2026-02-10 21:05:44","limit_modified_date":false,"reviewed_by":null,"open_ai":"{\"title\":{\"suggestions\":[],\"usage\":0},\"description\":{\"suggestions\":[],\"usage\":0}}","ai":null,"created":"2024-05-29 20:46:53","updated":"2026-02-10 21:05:44"},"aioseo_breadcrumb":"<div class=\"aioseo-breadcrumbs\"><span class=\"aioseo-breadcrumb\">\n\t<a href=\"https:\/\/monatglobal.com\/ca\" title=\"Home\">Home<\/a>\n<\/span><span class=\"aioseo-breadcrumb-separator\">&raquo;<\/span><span class=\"aioseo-breadcrumb\">\n\tJoin MONAT Hair and Skin Demo Meetings | Summer Tour\n<\/span><\/div>","aioseo_breadcrumb_json":[{"label":"Home","link":"https:\/\/monatglobal.com\/ca"},{"label":"Join MONAT Hair and Skin Demo Meetings | Summer Tour","link":"https:\/\/monatglobal.com\/ca\/summer-tour\/"}],"_links":{"self":[{"href":"https:\/\/monatglobal.com\/ca\/wp-json\/wp\/v2\/pages\/88577","targetHints":{"allow":["GET"]}}],"collection":[{"href":"https:\/\/monatglobal.com\/ca\/wp-json\/wp\/v2\/pages"}],"about":[{"href":"https:\/\/monatglobal.com\/ca\/wp-json\/wp\/v2\/types\/page"}],"author":[{"embeddable":true,"href":"https:\/\/monatglobal.com\/ca\/wp-json\/wp\/v2\/users\/47"}],"replies":[{"embeddable":true,"href":"https:\/\/monatglobal.com\/ca\/wp-json\/wp\/v2\/comments?post=88577"}],"version-history":[{"count":21,"href":"https:\/\/monatglobal.com\/ca\/wp-json\/wp\/v2\/pages\/88577\/revisions"}],"predecessor-version":[{"id":89142,"href":"https:\/\/monatglobal.com\/ca\/wp-json\/wp\/v2\/pages\/88577\/revisions\/89142"}],"wp:featuredmedia":[{"embeddable":true,"href":"https:\/\/monatglobal.com\/ca\/wp-json\/wp\/v2\/media\/88615"}],"wp:attachment":[{"href":"https:\/\/monatglobal.com\/ca\/wp-json\/wp\/v2\/media?parent=88577"}],"wp:term":[{"taxonomy":"category","embeddable":true,"href":"https:\/\/monatglobal.com\/ca\/wp-json\/wp\/v2\/categories?post=88577"},{"taxonomy":"post_tag","embeddable":true,"href":"https:\/\/monatglobal.com\/ca\/wp-json\/wp\/v2\/tags?post=88577"}],"curies":[{"name":"wp","href":"https:\/\/api.w.org\/{rel}","templated":true}]}}