{"id":88541,"date":"2024-05-29T10:09:51","date_gmt":"2024-05-29T14:09:51","guid":{"rendered":"https:\/\/monatglobal.com\/ca\/?page_id=88541"},"modified":"2025-01-15T12:42:22","modified_gmt":"2025-01-15T17:42:22","slug":"compensation-plan","status":"publish","type":"page","link":"https:\/\/monatglobal.com\/ca\/compensation-plan\/?lang=fr","title":{"rendered":"MONAT Compensation Plan | Ranks, Bonuses, Recognition"},"content":{"rendered":"\n\n    <h1>Le plan de<br \/> r\u00e9mun\u00e9ration MONAT<\/h1> \n    <h2>D\u00e9couvrez comment MONAT vous r\u00e9mun\u00e8re pour vendre des produits, b\u00e2tir une \u00e9quipe, aider les autres \u00e0 grandir et monter en&nbsp;rang.<\/h2>\n    <p>Devenez partenaire de march\u00e9 aujourd&#8217;hui et commencez un parcours excitant et enrichissant avec&nbsp;MONAT!* <\/p>\n    <a href=\"https:\/\/monatglobal.com\/ca\/wp-content\/uploads\/sites\/5\/2024\/12\/CAN_Compensation-Plan_112524_v23_FR-1.pdf\" download=\"CAN_Compensation-Plan_112524_v23_FR-1.pdf\">\n        <button>VOIR LE PLAN<\/button>\n    <\/a>\n    <img decoding=\"async\" src=\"https:\/\/monatglobal.com\/ca\/wp-content\/uploads\/sites\/5\/2024\/12\/compensation-plan-CA-FR-min-scaled.jpg\" alt=\"Compensation plan table\"\/>\n    REMARQUE : En 2022, les revenus mensuels moyens d&#8217;un partenaire de march\u00e9 canadien, tous rangs confondus, (ce qui inclut les partenaires de march\u00e9 actifs et inactifs) \u00e9taient de 84 $ CA.  Pour plus de renseignements sur les revenus typiques, veuillez&nbsp;visiter&nbsp;:  \n    <a href=\"\/ca\/?page_id=61048&#038;lang=fr\" aria-label=\"go to Market Partner enrollment flow\">https:\/\/monatglobal.com\/ca\/income-disclosure-statement\/?lang=fr<\/a>\n        <a target=\"_blank\" href=\"https:\/\/corp.mymonat.com\/?globallanguage=en&#038;globalmarket=us&#038;monat_global_join_now=true&#038;monat_global_profile_type=express\" aria-label=\"go to Market Partner enrollment flow\" rel=\"noopener\">LANCER VOTRE ENTREPRISE D\u00c8S MAINTENANT <\/a>\n\n","protected":false},"excerpt":{"rendered":"<p>Le plan de r\u00e9mun\u00e9ration MONAT D\u00e9couvrez comment MONAT vous r\u00e9mun\u00e8re pour vendre des produits, b\u00e2tir une \u00e9quipe, aider les autres \u00e0 grandir et monter en&nbsp;rang. Devenez partenaire de march\u00e9 aujourd&#8217;hui et commencez un parcours excitant et enrichissant avec&nbsp;MONAT!* VOIR LE PLAN REMARQUE : En 2022, les revenus mensuels moyens d&#8217;un partenaire de march\u00e9 canadien, tous&hellip;<\/p>\n","protected":false},"author":47,"featured_media":0,"parent":0,"menu_order":0,"comment_status":"closed","ping_status":"closed","template":"","meta":{"inline_featured_image":false,"om_disable_all_campaigns":false,"_monsterinsights_skip_tracking":false,"_monsterinsights_sitenote_active":false,"_monsterinsights_sitenote_note":"","_monsterinsights_sitenote_category":0,"footnotes":""},"categories":[],"tags":[],"class_list":["post-88541","page","type-page","status-publish","hentry"],"aioseo_notices":[],"aioseo_head":"\n\t\t<!-- All in One SEO Pro 4.9.6 - aioseo.com -->\n\t<meta name=\"description\" content=\"Commencez un parcours de croissance chez MONAT. D\u00e9couvrez comment MONAT r\u00e9compense les partenaires de march\u00e9 \u00e0 chaque rang.\" \/>\n\t<meta name=\"robots\" content=\"max-image-preview:large\" \/>\n\t<link rel=\"canonical\" href=\"https:\/\/monatglobal.com\/ca\/compensation-plan\/?lang=fr\" \/>\n\t<meta name=\"generator\" content=\"All in One SEO Pro (AIOSEO) 4.9.6\" \/>\n\t\t<meta property=\"og:locale\" content=\"en_US\" \/>\n\t\t<meta property=\"og:site_name\" content=\"Monat Canada English - We Are Modern Nature\" \/>\n\t\t<meta property=\"og:type\" content=\"article\" \/>\n\t\t<meta property=\"og:title\" content=\"Plan de r\u00e9mun\u00e9ration MONAT | Rangs, primes, reconnaissance\" \/>\n\t\t<meta property=\"og:description\" content=\"Commencez un parcours de croissance chez MONAT. D\u00e9couvrez comment MONAT r\u00e9compense les partenaires de march\u00e9 \u00e0 chaque rang.\" \/>\n\t\t<meta property=\"og:url\" content=\"https:\/\/monatglobal.com\/ca\/compensation-plan\/?lang=fr\" \/>\n\t\t<meta property=\"article:published_time\" content=\"2024-05-29T14:09:51+00:00\" \/>\n\t\t<meta property=\"article:modified_time\" content=\"2025-01-15T17:42:22+00:00\" \/>\n\t\t<meta name=\"twitter:card\" content=\"summary_large_image\" \/>\n\t\t<meta name=\"twitter:title\" content=\"Plan de r\u00e9mun\u00e9ration MONAT | Rangs, primes, reconnaissance\" \/>\n\t\t<meta name=\"twitter:description\" content=\"Commencez un parcours de croissance chez MONAT. D\u00e9couvrez comment MONAT r\u00e9compense les partenaires de march\u00e9 \u00e0 chaque rang.\" \/>\n\t\t<script type=\"application\/ld+json\" class=\"aioseo-schema\">\n\t\t\t{\"@context\":\"https:\\\/\\\/schema.org\",\"@graph\":[{\"@type\":\"BreadcrumbList\",\"@id\":\"https:\\\/\\\/monatglobal.com\\\/ca\\\/compensation-plan\\\/?lang=fr#breadcrumblist\",\"itemListElement\":[{\"@type\":\"ListItem\",\"@id\":\"https:\\\/\\\/monatglobal.com\\\/ca#listItem\",\"position\":1,\"name\":\"Home\",\"item\":\"https:\\\/\\\/monatglobal.com\\\/ca\",\"nextItem\":{\"@type\":\"ListItem\",\"@id\":\"https:\\\/\\\/monatglobal.com\\\/ca\\\/compensation-plan\\\/?lang=fr#listItem\",\"name\":\"MONAT Compensation Plan | Ranks, Bonuses, Recognition\"}},{\"@type\":\"ListItem\",\"@id\":\"https:\\\/\\\/monatglobal.com\\\/ca\\\/compensation-plan\\\/?lang=fr#listItem\",\"position\":2,\"name\":\"MONAT Compensation Plan | Ranks, Bonuses, Recognition\",\"previousItem\":{\"@type\":\"ListItem\",\"@id\":\"https:\\\/\\\/monatglobal.com\\\/ca#listItem\",\"name\":\"Home\"}}]},{\"@type\":\"Organization\",\"@id\":\"https:\\\/\\\/monatglobal.com\\\/ca\\\/#organization\",\"name\":\"Monat Canada English\",\"description\":\"We Are Modern Nature\",\"url\":\"https:\\\/\\\/monatglobal.com\\\/ca\\\/\"},{\"@type\":\"WebPage\",\"@id\":\"https:\\\/\\\/monatglobal.com\\\/ca\\\/compensation-plan\\\/?lang=fr#webpage\",\"url\":\"https:\\\/\\\/monatglobal.com\\\/ca\\\/compensation-plan\\\/?lang=fr\",\"name\":\"Plan de r\\u00e9mun\\u00e9ration MONAT | Rangs, primes, reconnaissance\",\"description\":\"Commencez un parcours de croissance chez MONAT. D\\u00e9couvrez comment MONAT r\\u00e9compense les partenaires de march\\u00e9 \\u00e0 chaque rang.\",\"inLanguage\":\"en-US\",\"isPartOf\":{\"@id\":\"https:\\\/\\\/monatglobal.com\\\/ca\\\/#website\"},\"breadcrumb\":{\"@id\":\"https:\\\/\\\/monatglobal.com\\\/ca\\\/compensation-plan\\\/?lang=fr#breadcrumblist\"},\"datePublished\":\"2024-05-29T10:09:51-04:00\",\"dateModified\":\"2025-01-15T12:42:22-05:00\"},{\"@type\":\"WebSite\",\"@id\":\"https:\\\/\\\/monatglobal.com\\\/ca\\\/#website\",\"url\":\"https:\\\/\\\/monatglobal.com\\\/ca\\\/\",\"name\":\"Monat Canada English\",\"description\":\"We Are Modern Nature\",\"inLanguage\":\"en-US\",\"publisher\":{\"@id\":\"https:\\\/\\\/monatglobal.com\\\/ca\\\/#organization\"}}]}\n\t\t<\/script>\n\t\t<!-- All in One SEO Pro -->\r\n\t\t<title>Plan de r\u00e9mun\u00e9ration MONAT | Rangs, primes, reconnaissance<\/title>\n\n","aioseo_head_json":{"title":"Plan de r\u00e9mun\u00e9ration MONAT | Rangs, primes, reconnaissance","description":"Commencez un parcours de croissance chez MONAT. D\u00e9couvrez comment MONAT r\u00e9compense les partenaires de march\u00e9 \u00e0 chaque rang.","canonical_url":"https:\/\/monatglobal.com\/ca\/compensation-plan\/?lang=fr","robots":"max-image-preview:large","keywords":"","webmasterTools":{"miscellaneous":""},"schema":{"@context":"https:\/\/schema.org","@graph":[{"@type":"BreadcrumbList","@id":"https:\/\/monatglobal.com\/ca\/compensation-plan\/?lang=fr#breadcrumblist","itemListElement":[{"@type":"ListItem","@id":"https:\/\/monatglobal.com\/ca#listItem","position":1,"name":"Home","item":"https:\/\/monatglobal.com\/ca","nextItem":{"@type":"ListItem","@id":"https:\/\/monatglobal.com\/ca\/compensation-plan\/?lang=fr#listItem","name":"MONAT Compensation Plan | Ranks, Bonuses, Recognition"}},{"@type":"ListItem","@id":"https:\/\/monatglobal.com\/ca\/compensation-plan\/?lang=fr#listItem","position":2,"name":"MONAT Compensation Plan | Ranks, Bonuses, Recognition","previousItem":{"@type":"ListItem","@id":"https:\/\/monatglobal.com\/ca#listItem","name":"Home"}}]},{"@type":"Organization","@id":"https:\/\/monatglobal.com\/ca\/#organization","name":"Monat Canada English","description":"We Are Modern Nature","url":"https:\/\/monatglobal.com\/ca\/"},{"@type":"WebPage","@id":"https:\/\/monatglobal.com\/ca\/compensation-plan\/?lang=fr#webpage","url":"https:\/\/monatglobal.com\/ca\/compensation-plan\/?lang=fr","name":"Plan de r\u00e9mun\u00e9ration MONAT | Rangs, primes, reconnaissance","description":"Commencez un parcours de croissance chez MONAT. D\u00e9couvrez comment MONAT r\u00e9compense les partenaires de march\u00e9 \u00e0 chaque rang.","inLanguage":"en-US","isPartOf":{"@id":"https:\/\/monatglobal.com\/ca\/#website"},"breadcrumb":{"@id":"https:\/\/monatglobal.com\/ca\/compensation-plan\/?lang=fr#breadcrumblist"},"datePublished":"2024-05-29T10:09:51-04:00","dateModified":"2025-01-15T12:42:22-05:00"},{"@type":"WebSite","@id":"https:\/\/monatglobal.com\/ca\/#website","url":"https:\/\/monatglobal.com\/ca\/","name":"Monat Canada English","description":"We Are Modern Nature","inLanguage":"en-US","publisher":{"@id":"https:\/\/monatglobal.com\/ca\/#organization"}}]},"og:locale":"en_US","og:site_name":"Monat Canada English - We Are Modern Nature","og:type":"article","og:title":"Plan de r\u00e9mun\u00e9ration MONAT | Rangs, primes, reconnaissance","og:description":"Commencez un parcours de croissance chez MONAT. D\u00e9couvrez comment MONAT r\u00e9compense les partenaires de march\u00e9 \u00e0 chaque rang.","og:url":"https:\/\/monatglobal.com\/ca\/compensation-plan\/?lang=fr","article:published_time":"2024-05-29T14:09:51+00:00","article:modified_time":"2025-01-15T17:42:22+00:00","twitter:card":"summary_large_image","twitter:title":"Plan de r\u00e9mun\u00e9ration MONAT | Rangs, primes, reconnaissance","twitter:description":"Commencez un parcours de croissance chez MONAT. D\u00e9couvrez comment MONAT r\u00e9compense les partenaires de march\u00e9 \u00e0 chaque rang."},"aioseo_meta_data":{"post_id":"88541","title":"Plan de r\u00e9mun\u00e9ration MONAT | Rangs, primes, reconnaissance","description":"Commencez un parcours de croissance chez MONAT. D\u00e9couvrez comment MONAT r\u00e9compense les partenaires de march\u00e9 \u00e0 chaque rang.","keywords":null,"keyphrases":{"focus":{"keyphrase":"","score":0,"analysis":{"keyphraseInTitle":{"score":0,"maxScore":9,"error":1}}},"additional":[]},"primary_term":null,"canonical_url":null,"og_title":null,"og_description":null,"og_object_type":"default","og_image_type":"default","og_image_url":null,"og_image_width":null,"og_image_height":null,"og_image_custom_url":null,"og_image_custom_fields":null,"og_video":"","og_custom_url":null,"og_article_section":null,"og_article_tags":null,"twitter_use_og":false,"twitter_card":"default","twitter_image_type":"default","twitter_image_url":null,"twitter_image_custom_url":null,"twitter_image_custom_fields":null,"twitter_title":null,"twitter_description":null,"schema":{"blockGraphs":[],"customGraphs":[],"default":{"data":{"Article":[],"Course":[],"Dataset":[],"FAQPage":[],"Movie":[],"Person":[],"Product":[],"ProductReview":[],"Car":[],"Recipe":[],"Service":[],"SoftwareApplication":[],"WebPage":[]},"graphName":"WebPage","isEnabled":true},"graphs":[]},"schema_type":"default","schema_type_options":null,"pillar_content":false,"robots_default":true,"robots_noindex":false,"robots_noarchive":false,"robots_nosnippet":false,"robots_nofollow":false,"robots_noimageindex":false,"robots_noodp":false,"robots_notranslate":false,"robots_max_snippet":"-1","robots_max_videopreview":"-1","robots_max_imagepreview":"large","priority":null,"frequency":"default","local_seo":null,"seo_analyzer_scan_date":"2026-02-10 21:05:39","limit_modified_date":false,"reviewed_by":null,"open_ai":"{\"title\":{\"suggestions\":[],\"usage\":0},\"description\":{\"suggestions\":[],\"usage\":0}}","ai":null,"created":"2024-05-29 14:02:42","updated":"2026-02-10 21:05:39"},"aioseo_breadcrumb":"<div class=\"aioseo-breadcrumbs\"><span class=\"aioseo-breadcrumb\">\n\t<a href=\"https:\/\/monatglobal.com\/ca\" title=\"Home\">Home<\/a>\n<\/span><span class=\"aioseo-breadcrumb-separator\">&raquo;<\/span><span class=\"aioseo-breadcrumb\">\n\tMONAT Compensation Plan | Ranks, Bonuses, Recognition\n<\/span><\/div>","aioseo_breadcrumb_json":[{"label":"Home","link":"https:\/\/monatglobal.com\/ca"},{"label":"MONAT Compensation Plan | Ranks, Bonuses, Recognition","link":"https:\/\/monatglobal.com\/ca\/compensation-plan\/?lang=fr"}],"_links":{"self":[{"href":"https:\/\/monatglobal.com\/ca\/wp-json\/wp\/v2\/pages\/88541","targetHints":{"allow":["GET"]}}],"collection":[{"href":"https:\/\/monatglobal.com\/ca\/wp-json\/wp\/v2\/pages"}],"about":[{"href":"https:\/\/monatglobal.com\/ca\/wp-json\/wp\/v2\/types\/page"}],"author":[{"embeddable":true,"href":"https:\/\/monatglobal.com\/ca\/wp-json\/wp\/v2\/users\/47"}],"replies":[{"embeddable":true,"href":"https:\/\/monatglobal.com\/ca\/wp-json\/wp\/v2\/comments?post=88541"}],"version-history":[{"count":7,"href":"https:\/\/monatglobal.com\/ca\/wp-json\/wp\/v2\/pages\/88541\/revisions"}],"predecessor-version":[{"id":91634,"href":"https:\/\/monatglobal.com\/ca\/wp-json\/wp\/v2\/pages\/88541\/revisions\/91634"}],"wp:attachment":[{"href":"https:\/\/monatglobal.com\/ca\/wp-json\/wp\/v2\/media?parent=88541"}],"wp:term":[{"taxonomy":"category","embeddable":true,"href":"https:\/\/monatglobal.com\/ca\/wp-json\/wp\/v2\/categories?post=88541"},{"taxonomy":"post_tag","embeddable":true,"href":"https:\/\/monatglobal.com\/ca\/wp-json\/wp\/v2\/tags?post=88541"}],"curies":[{"name":"wp","href":"https:\/\/api.w.org\/{rel}","templated":true}]}}