{"id":88368,"date":"2024-05-02T10:48:44","date_gmt":"2024-05-02T14:48:44","guid":{"rendered":"https:\/\/monatglobal.com\/ca\/?page_id=88368"},"modified":"2026-03-09T13:00:45","modified_gmt":"2026-03-09T17:00:45","slug":"monat-pet-gentle-cleansing-dog-wash","status":"publish","type":"page","link":"https:\/\/monatglobal.com\/ca\/monat-pet-gentle-cleansing-dog-wash\/?lang=fr","title":{"rendered":"Doux shampooing pour chiens MONAT PET\u2122"},"content":{"rendered":"\n\n\t\n\t<img loading=\"lazy\" decoding=\"async\" src=\"https:\/\/monatglobal.com\/ca\/wp-content\/uploads\/sites\/5\/2021\/03\/pet-gentle_cleansing-wash-_-2021.png\" alt=\"Doux shampooing pour chiens MONAT PET\" width=\"350\" height=\"400\" \/>\n<h1>DOUX SHAMPOOING <br \/>POUR CHIENS <br \/><strong>MONAT PET&trade;<\/strong><\/h1>\n<h2><strong>A BREED APART&trade;<\/strong><\/h2>\n<hr \/>\n\t<p><em>Un doux shampooing au pH \u00e9quilibr\u00e9 qui \u00e9limine la salet\u00e9 et les d\u00e9bris pour un chien au pelage propre et sain.<\/em><\/p>\n    363 ml \u212e 12,3 oz liq.\n    <strong>Prix de client VIP<\/strong><br \/>\n    37,00 $ CA\n<br \/>\n    <strong>Prix de d\u00e9tail<\/strong><br \/>\n    44,00 $ CA\n<br \/>\n    <strong>Prix de client VIP<\/strong><br \/>\n    39,00 $ CA\n<br \/>\n    <strong>Prix de d\u00e9tail<\/strong><br \/>\n    46,00 $ CA\n<br \/>\n\t<p>Pour en savoir plus sur le Shampooing doux pour chiens MONAT PET\u2122, veuillez contacter votre partenaire de march\u00e9 MONAT.<\/p>\n\t<a href=\"https:\/\/corp.mymonat.com\/shop\/products\/pet-gentle-cleansing-dog-wash\/?globallanguage=fr&#038;globalmarket=ca\" target=\"_blank\" role=\"button\" aria-label=\"Go to  DOUX SHAMPOOING POUR CHIENS MONAT PET\u2122 shop\" rel=\"noopener\">MAGASINEZ<\/a> \n<h2>\n\t\tPour bien les laver apr\u00e8s les s\u00e9ances de jeu!\n\t<\/h2>\n\t<p>Le Shampooing doux pour chiens MONAT PET\u2122 travaille fort pour enlever doucement la salet\u00e9 et les huiles apr\u00e8s les s\u00e9ances de jeu, tout en adoucissant le pelage, le laissant doux, soyeux et pr\u00eat \u00e0 c\u00e2liner.<\/p>\n<h2>\n\t\tBIENFAITS\n\t<\/h2>\n\t<ul>\n<li><strong>Nettoie tout en douceur<\/strong> &#8211; pour \u00e9liminer la salet\u00e9 et les huiles<\/li>\n<li><strong>Adoucit, lisse et ajoute de la brillance<\/strong> &#8211; pour un pelage soyeux et maniable<\/li>\n<li><strong>Hydrate et apaise<\/strong> &#8211; Pour un pelage d&#8217;aspect sain<\/li>\n<li><strong>Parfum rafra\u00eechissant<\/strong> &#8211; Shampooing au parfum de gard\u00e9nia pour un chien propre et rafra\u00eechi<\/li>\n<li><strong>Formule faite \u00e0 base d&#8217;ingr\u00e9dients naturels, sans sulfates et au pH \u00e9quilibr\u00e9<\/strong> &#8211; Con\u00e7u pour convenir \u00e0 tout chien, peu importe la longueur de ses poils<\/li>\n<\/ul>\n<h2>\n\t\tCONSEILS D&#8217;UTILISATION\n\t<\/h2>\n\t<ul>\n<li>Brosser le pelage<\/li>\n<li>Mouiller abondamment \u00e0 l&#8217;eau ti\u00e8de pour enlever la salet\u00e9 et les d\u00e9bris de surface<\/li>\n<li>Appliquer le shampooing sur le pelage en massant doucement la peau du chien<\/li>\n<li>\u00c9viter le contact entre le shampooing et les oreilles et les yeux du chien<\/li>\n<li>Bien rincer \u00e0 l&#8217;eau ti\u00e8de, s\u00e9cher \u00e0 l&#8217;aide d&#8217;une serviette et brosser<\/li>\n<li>Appr\u00e9cier votre chien propre<\/li>\n<\/ul>\n<h2>\n\t\tINGR\u00c9DIENTS CL\u00c9S\n\t<\/h2>\n\t<p><img loading=\"lazy\" decoding=\"async\" src=\"..\/wp-content\/uploads\/2018\/07\/REJUVENIQE-S.png\" alt=\"\" width=\"183\" height=\"174\" \/><\/p>\n\t<p><strong>Doux nettoyant sans sulfates<\/strong><\/p>\n<p>Travaille fort pour enlever doucement la salet\u00e9 et les huiles, tout en adoucissant le pelage, le laissant soyeux et pr\u00eat \u00e0 c\u00e2liner. <\/p>\n\t<p><strong>REJUVENIQE<sup>\u00ae<\/sup><\/strong><\/p>\n<p>Ce m\u00e9lange d&#8217;huiles v\u00e9g\u00e9tales exclusif \u00e0 MONAT apaise et nourrit, donnant un aspect sain et brillant \u00e0 la peau et au pelage de votre chien.<\/p>\n<h2>\n\t\tLISTE D&#8217;INGR\u00c9DIENTS\n\t<\/h2>\n\t<p>Aqua\/Water\/Eau, Sodium Laurylglucosides Hydroxypropylsulfonate, Sodium Cocoamphoacetate, Sodium Lauroyl Methyl Isethionate, Acrylates Copolymer, Fragrance\/Parfum, Limnanthes Alba (Meadowfoam) Seed Oil, Crambe Abyssinica Seed Oil, Camellia Oleifera Seed Oil, Solanum Lycopersicum (Tomato) Seed Oil, Daucus Carota Sativa (Carrot) Seed Oil, Citrus Limon (Lemon) Peel Oil, Citrus Aurantifolia (Lime) Oil, Citrus Aurantium Bergamia (Bergamot) Fruit Oil, Adansonia Digitata Oil, Mauritia Flexuosa Fruit Oil, Cocos Nucifera (Coconut) Oil, Gardenia Taitensis Flower Extract, Moringa Oleifera Seed Oil, Caryocar Brasiliense Fruit Oil, Helianthus Annuus (Sunflower) Seed Oil, Chamomilla Recutita (Matricaria) Flower Extract, Jasminum Officinale (Jasmine) Flower Extract, Mentha Piperita (Peppermint) Leaf Extract, Lavandula Angustifolia (Lavender) Flower Extract, Rosa Canina Fruit Extract, Rosmarinus Officinalis (Rosemary) Leaf Extract, Hydrolyzed Wheat Protein, Hydroxyethylcellulose, Cetyl Hydroxyethylcellulose, Cocamidopropyl Hydroxysultaine, Arginine, Tetrasodium EDTA, Tocopherol, Benzyl Alcohol, Ethylhexylglycerin, Limonene.<\/p>\n<h2>\n\t\tVOUS POURRIEZ AUSSI AIMER\n\t<\/h2>\n<h3>\n\t\t<a href=\"https:\/\/monatglobal.com\/ca\/products\/?lang=fr&#038;filter=animaux-domestiques\" title=\"TOUS LES PET PRODUITS\" target=\"_self\" rel=\"noopener\">\n\t\tTOUS LES PET PRODUITS\n\t\t<\/a>\n\t<\/h3>\n\n","protected":false},"excerpt":{"rendered":"<p>DOUX SHAMPOOING POUR CHIENS MONAT PET&trade; A BREED APART&trade; Un doux shampooing au pH \u00e9quilibr\u00e9 qui \u00e9limine la salet\u00e9 et les d\u00e9bris pour un chien au pelage propre et sain. 363 ml \u212e 12,3 oz liq. Prix de client VIP 37,00 $ CA Prix de d\u00e9tail 44,00 $ CA Prix de client VIP 39,00 $&hellip;<\/p>\n","protected":false},"author":33,"featured_media":110355,"parent":0,"menu_order":0,"comment_status":"closed","ping_status":"closed","template":"","meta":{"inline_featured_image":false,"om_disable_all_campaigns":false,"_monsterinsights_skip_tracking":false,"_monsterinsights_sitenote_active":false,"_monsterinsights_sitenote_note":"","_monsterinsights_sitenote_category":0,"footnotes":""},"categories":[],"tags":[],"class_list":["post-88368","page","type-page","status-publish","has-post-thumbnail","hentry"],"aioseo_notices":[],"aioseo_head":"\n\t\t<!-- All in One SEO Pro 4.9.6 - aioseo.com -->\n\t<meta name=\"description\" content=\"DOUX SHAMPOOING POUR CHIENS MONAT PET\u2122 A BREED APART\u2122 Un doux shampooing au pH \u00e9quilibr\u00e9 qui \u00e9limine la salet\u00e9 et les d\u00e9bris pour un chien au pelage propre et sain. 363 ml \u212e 12,3 oz liq. Prix de client VIP 37,00 $ CA Prix de d\u00e9tail 44,00 $ CA Prix de client VIP 39,00 $\" \/>\n\t<meta name=\"robots\" content=\"max-image-preview:large\" \/>\n\t<link rel=\"canonical\" href=\"https:\/\/monatglobal.com\/ca\/monat-pet-gentle-cleansing-dog-wash\/?lang=fr\" \/>\n\t<meta name=\"generator\" content=\"All in One SEO Pro (AIOSEO) 4.9.6\" \/>\n\t\t<meta property=\"og:locale\" content=\"en_US\" \/>\n\t\t<meta property=\"og:site_name\" content=\"Monat Canada English - We Are Modern Nature\" \/>\n\t\t<meta property=\"og:type\" content=\"article\" \/>\n\t\t<meta property=\"og:title\" content=\"Doux shampooing pour chiens MONAT PET\u2122 - Monat Canada English\" \/>\n\t\t<meta property=\"og:description\" content=\"DOUX SHAMPOOING POUR CHIENS MONAT PET\u2122 A BREED APART\u2122 Un doux shampooing au pH \u00e9quilibr\u00e9 qui \u00e9limine la salet\u00e9 et les d\u00e9bris pour un chien au pelage propre et sain. 363 ml \u212e 12,3 oz liq. Prix de client VIP 37,00 $ CA Prix de d\u00e9tail 44,00 $ CA Prix de client VIP 39,00 $\" \/>\n\t\t<meta property=\"og:url\" content=\"https:\/\/monatglobal.com\/ca\/monat-pet-gentle-cleansing-dog-wash\/?lang=fr\" \/>\n\t\t<meta property=\"article:published_time\" content=\"2024-05-02T14:48:44+00:00\" \/>\n\t\t<meta property=\"article:modified_time\" content=\"2026-03-09T17:00:45+00:00\" \/>\n\t\t<meta name=\"twitter:card\" content=\"summary_large_image\" \/>\n\t\t<meta name=\"twitter:title\" content=\"Doux shampooing pour chiens MONAT PET\u2122 - Monat Canada English\" \/>\n\t\t<meta name=\"twitter:description\" content=\"DOUX SHAMPOOING POUR CHIENS MONAT PET\u2122 A BREED APART\u2122 Un doux shampooing au pH \u00e9quilibr\u00e9 qui \u00e9limine la salet\u00e9 et les d\u00e9bris pour un chien au pelage propre et sain. 363 ml \u212e 12,3 oz liq. Prix de client VIP 37,00 $ CA Prix de d\u00e9tail 44,00 $ CA Prix de client VIP 39,00 $\" \/>\n\t\t<script type=\"application\/ld+json\" class=\"aioseo-schema\">\n\t\t\t{\"@context\":\"https:\\\/\\\/schema.org\",\"@graph\":[{\"@type\":\"BreadcrumbList\",\"@id\":\"https:\\\/\\\/monatglobal.com\\\/ca\\\/monat-pet-gentle-cleansing-dog-wash\\\/?lang=fr#breadcrumblist\",\"itemListElement\":[{\"@type\":\"ListItem\",\"@id\":\"https:\\\/\\\/monatglobal.com\\\/ca#listItem\",\"position\":1,\"name\":\"Home\",\"item\":\"https:\\\/\\\/monatglobal.com\\\/ca\",\"nextItem\":{\"@type\":\"ListItem\",\"@id\":\"https:\\\/\\\/monatglobal.com\\\/ca\\\/monat-pet-gentle-cleansing-dog-wash\\\/?lang=fr#listItem\",\"name\":\"Doux shampooing pour chiens MONAT PET\\u2122\"}},{\"@type\":\"ListItem\",\"@id\":\"https:\\\/\\\/monatglobal.com\\\/ca\\\/monat-pet-gentle-cleansing-dog-wash\\\/?lang=fr#listItem\",\"position\":2,\"name\":\"Doux shampooing pour chiens MONAT PET\\u2122\",\"previousItem\":{\"@type\":\"ListItem\",\"@id\":\"https:\\\/\\\/monatglobal.com\\\/ca#listItem\",\"name\":\"Home\"}}]},{\"@type\":\"Organization\",\"@id\":\"https:\\\/\\\/monatglobal.com\\\/ca\\\/#organization\",\"name\":\"Monat Canada English\",\"description\":\"We Are Modern Nature\",\"url\":\"https:\\\/\\\/monatglobal.com\\\/ca\\\/\"},{\"@type\":\"WebPage\",\"@id\":\"https:\\\/\\\/monatglobal.com\\\/ca\\\/monat-pet-gentle-cleansing-dog-wash\\\/?lang=fr#webpage\",\"url\":\"https:\\\/\\\/monatglobal.com\\\/ca\\\/monat-pet-gentle-cleansing-dog-wash\\\/?lang=fr\",\"name\":\"Doux shampooing pour chiens MONAT PET\\u2122 - Monat Canada English\",\"description\":\"DOUX SHAMPOOING POUR CHIENS MONAT PET\\u2122 A BREED APART\\u2122 Un doux shampooing au pH \\u00e9quilibr\\u00e9 qui \\u00e9limine la salet\\u00e9 et les d\\u00e9bris pour un chien au pelage propre et sain. 363 ml \\u212e 12,3 oz liq. Prix de client VIP 37,00 $ CA Prix de d\\u00e9tail 44,00 $ CA Prix de client VIP 39,00 $\",\"inLanguage\":\"en-US\",\"isPartOf\":{\"@id\":\"https:\\\/\\\/monatglobal.com\\\/ca\\\/#website\"},\"breadcrumb\":{\"@id\":\"https:\\\/\\\/monatglobal.com\\\/ca\\\/monat-pet-gentle-cleansing-dog-wash\\\/?lang=fr#breadcrumblist\"},\"image\":{\"@type\":\"ImageObject\",\"url\":\"https:\\\/\\\/monatglobal.com\\\/ca\\\/wp-content\\\/uploads\\\/sites\\\/5\\\/2026\\\/03\\\/pet-gentle_cleansing-wash-_-2021.png\",\"@id\":\"https:\\\/\\\/monatglobal.com\\\/ca\\\/monat-pet-gentle-cleansing-dog-wash\\\/?lang=fr\\\/#mainImage\",\"width\":876,\"height\":1000},\"primaryImageOfPage\":{\"@id\":\"https:\\\/\\\/monatglobal.com\\\/ca\\\/monat-pet-gentle-cleansing-dog-wash\\\/?lang=fr#mainImage\"},\"datePublished\":\"2024-05-02T10:48:44-04:00\",\"dateModified\":\"2026-03-09T13:00:45-04:00\"},{\"@type\":\"WebSite\",\"@id\":\"https:\\\/\\\/monatglobal.com\\\/ca\\\/#website\",\"url\":\"https:\\\/\\\/monatglobal.com\\\/ca\\\/\",\"name\":\"Monat Canada English\",\"description\":\"We Are Modern Nature\",\"inLanguage\":\"en-US\",\"publisher\":{\"@id\":\"https:\\\/\\\/monatglobal.com\\\/ca\\\/#organization\"}}]}\n\t\t<\/script>\n\t\t<!-- All in One SEO Pro -->\r\n\t\t<title>Doux shampooing pour chiens MONAT PET\u2122 - Monat Canada English<\/title>\n\n","aioseo_head_json":{"title":"Doux shampooing pour chiens MONAT PET\u2122 - Monat Canada English","description":"DOUX SHAMPOOING POUR CHIENS MONAT PET\u2122 A BREED APART\u2122 Un doux shampooing au pH \u00e9quilibr\u00e9 qui \u00e9limine la salet\u00e9 et les d\u00e9bris pour un chien au pelage propre et sain. 363 ml \u212e 12,3 oz liq. Prix de client VIP 37,00 $ CA Prix de d\u00e9tail 44,00 $ CA Prix de client VIP 39,00 $","canonical_url":"https:\/\/monatglobal.com\/ca\/monat-pet-gentle-cleansing-dog-wash\/?lang=fr","robots":"max-image-preview:large","keywords":"","webmasterTools":{"miscellaneous":""},"schema":{"@context":"https:\/\/schema.org","@graph":[{"@type":"BreadcrumbList","@id":"https:\/\/monatglobal.com\/ca\/monat-pet-gentle-cleansing-dog-wash\/?lang=fr#breadcrumblist","itemListElement":[{"@type":"ListItem","@id":"https:\/\/monatglobal.com\/ca#listItem","position":1,"name":"Home","item":"https:\/\/monatglobal.com\/ca","nextItem":{"@type":"ListItem","@id":"https:\/\/monatglobal.com\/ca\/monat-pet-gentle-cleansing-dog-wash\/?lang=fr#listItem","name":"Doux shampooing pour chiens MONAT PET\u2122"}},{"@type":"ListItem","@id":"https:\/\/monatglobal.com\/ca\/monat-pet-gentle-cleansing-dog-wash\/?lang=fr#listItem","position":2,"name":"Doux shampooing pour chiens MONAT PET\u2122","previousItem":{"@type":"ListItem","@id":"https:\/\/monatglobal.com\/ca#listItem","name":"Home"}}]},{"@type":"Organization","@id":"https:\/\/monatglobal.com\/ca\/#organization","name":"Monat Canada English","description":"We Are Modern Nature","url":"https:\/\/monatglobal.com\/ca\/"},{"@type":"WebPage","@id":"https:\/\/monatglobal.com\/ca\/monat-pet-gentle-cleansing-dog-wash\/?lang=fr#webpage","url":"https:\/\/monatglobal.com\/ca\/monat-pet-gentle-cleansing-dog-wash\/?lang=fr","name":"Doux shampooing pour chiens MONAT PET\u2122 - Monat Canada English","description":"DOUX SHAMPOOING POUR CHIENS MONAT PET\u2122 A BREED APART\u2122 Un doux shampooing au pH \u00e9quilibr\u00e9 qui \u00e9limine la salet\u00e9 et les d\u00e9bris pour un chien au pelage propre et sain. 363 ml \u212e 12,3 oz liq. Prix de client VIP 37,00 $ CA Prix de d\u00e9tail 44,00 $ CA Prix de client VIP 39,00 $","inLanguage":"en-US","isPartOf":{"@id":"https:\/\/monatglobal.com\/ca\/#website"},"breadcrumb":{"@id":"https:\/\/monatglobal.com\/ca\/monat-pet-gentle-cleansing-dog-wash\/?lang=fr#breadcrumblist"},"image":{"@type":"ImageObject","url":"https:\/\/monatglobal.com\/ca\/wp-content\/uploads\/sites\/5\/2026\/03\/pet-gentle_cleansing-wash-_-2021.png","@id":"https:\/\/monatglobal.com\/ca\/monat-pet-gentle-cleansing-dog-wash\/?lang=fr\/#mainImage","width":876,"height":1000},"primaryImageOfPage":{"@id":"https:\/\/monatglobal.com\/ca\/monat-pet-gentle-cleansing-dog-wash\/?lang=fr#mainImage"},"datePublished":"2024-05-02T10:48:44-04:00","dateModified":"2026-03-09T13:00:45-04:00"},{"@type":"WebSite","@id":"https:\/\/monatglobal.com\/ca\/#website","url":"https:\/\/monatglobal.com\/ca\/","name":"Monat Canada English","description":"We Are Modern Nature","inLanguage":"en-US","publisher":{"@id":"https:\/\/monatglobal.com\/ca\/#organization"}}]},"og:locale":"en_US","og:site_name":"Monat Canada English - We Are Modern Nature","og:type":"article","og:title":"Doux shampooing pour chiens MONAT PET\u2122 - Monat Canada English","og:description":"DOUX SHAMPOOING POUR CHIENS MONAT PET\u2122 A BREED APART\u2122 Un doux shampooing au pH \u00e9quilibr\u00e9 qui \u00e9limine la salet\u00e9 et les d\u00e9bris pour un chien au pelage propre et sain. 363 ml \u212e 12,3 oz liq. Prix de client VIP 37,00 $ CA Prix de d\u00e9tail 44,00 $ CA Prix de client VIP 39,00 $","og:url":"https:\/\/monatglobal.com\/ca\/monat-pet-gentle-cleansing-dog-wash\/?lang=fr","article:published_time":"2024-05-02T14:48:44+00:00","article:modified_time":"2026-03-09T17:00:45+00:00","twitter:card":"summary_large_image","twitter:title":"Doux shampooing pour chiens MONAT PET\u2122 - Monat Canada English","twitter:description":"DOUX SHAMPOOING POUR CHIENS MONAT PET\u2122 A BREED APART\u2122 Un doux shampooing au pH \u00e9quilibr\u00e9 qui \u00e9limine la salet\u00e9 et les d\u00e9bris pour un chien au pelage propre et sain. 363 ml \u212e 12,3 oz liq. Prix de client VIP 37,00 $ CA Prix de d\u00e9tail 44,00 $ CA Prix de client VIP 39,00 $"},"aioseo_meta_data":{"post_id":"88368","title":null,"description":null,"keywords":null,"keyphrases":{"focus":{"keyphrase":"","score":0,"analysis":{"keyphraseInTitle":{"score":0,"maxScore":9,"error":1}}},"additional":[]},"primary_term":null,"canonical_url":null,"og_title":null,"og_description":null,"og_object_type":"default","og_image_type":"default","og_image_url":null,"og_image_width":null,"og_image_height":null,"og_image_custom_url":null,"og_image_custom_fields":null,"og_video":"","og_custom_url":null,"og_article_section":null,"og_article_tags":null,"twitter_use_og":false,"twitter_card":"default","twitter_image_type":"default","twitter_image_url":null,"twitter_image_custom_url":null,"twitter_image_custom_fields":null,"twitter_title":null,"twitter_description":null,"schema":{"blockGraphs":[],"customGraphs":[],"default":{"data":{"Article":[],"Course":[],"Dataset":[],"FAQPage":[],"Movie":[],"Person":[],"Product":[],"ProductReview":[],"Car":[],"Recipe":[],"Service":[],"SoftwareApplication":[],"WebPage":[]},"graphName":"WebPage","isEnabled":true},"graphs":[]},"schema_type":"default","schema_type_options":null,"pillar_content":false,"robots_default":true,"robots_noindex":false,"robots_noarchive":false,"robots_nosnippet":false,"robots_nofollow":false,"robots_noimageindex":false,"robots_noodp":false,"robots_notranslate":false,"robots_max_snippet":"-1","robots_max_videopreview":"-1","robots_max_imagepreview":"large","priority":null,"frequency":"default","local_seo":null,"seo_analyzer_scan_date":"2026-03-09 17:22:11","limit_modified_date":false,"reviewed_by":"0","open_ai":"{\"title\":{\"suggestions\":[],\"usage\":0},\"description\":{\"suggestions\":[],\"usage\":0}}","ai":{"faqs":[],"keyPoints":[],"titles":[],"descriptions":[],"socialPosts":{"email":[],"linkedin":[],"twitter":[],"facebook":[],"instagram":[]}},"created":"2024-05-02 14:48:45","updated":"2026-03-09 17:22:12"},"aioseo_breadcrumb":"<div class=\"aioseo-breadcrumbs\"><span class=\"aioseo-breadcrumb\">\n\t<a href=\"https:\/\/monatglobal.com\/ca\" title=\"Home\">Home<\/a>\n<\/span><span class=\"aioseo-breadcrumb-separator\">&raquo;<\/span><span class=\"aioseo-breadcrumb\">\n\tDoux shampooing pour chiens MONAT PET\u2122\n<\/span><\/div>","aioseo_breadcrumb_json":[{"label":"Home","link":"https:\/\/monatglobal.com\/ca"},{"label":"Doux shampooing pour chiens MONAT PET\u2122","link":"https:\/\/monatglobal.com\/ca\/monat-pet-gentle-cleansing-dog-wash\/?lang=fr"}],"_links":{"self":[{"href":"https:\/\/monatglobal.com\/ca\/wp-json\/wp\/v2\/pages\/88368","targetHints":{"allow":["GET"]}}],"collection":[{"href":"https:\/\/monatglobal.com\/ca\/wp-json\/wp\/v2\/pages"}],"about":[{"href":"https:\/\/monatglobal.com\/ca\/wp-json\/wp\/v2\/types\/page"}],"author":[{"embeddable":true,"href":"https:\/\/monatglobal.com\/ca\/wp-json\/wp\/v2\/users\/33"}],"replies":[{"embeddable":true,"href":"https:\/\/monatglobal.com\/ca\/wp-json\/wp\/v2\/comments?post=88368"}],"version-history":[{"count":11,"href":"https:\/\/monatglobal.com\/ca\/wp-json\/wp\/v2\/pages\/88368\/revisions"}],"predecessor-version":[{"id":109092,"href":"https:\/\/monatglobal.com\/ca\/wp-json\/wp\/v2\/pages\/88368\/revisions\/109092"}],"wp:featuredmedia":[{"embeddable":true,"href":"https:\/\/monatglobal.com\/ca\/wp-json\/wp\/v2\/media\/110355"}],"wp:attachment":[{"href":"https:\/\/monatglobal.com\/ca\/wp-json\/wp\/v2\/media?parent=88368"}],"wp:term":[{"taxonomy":"category","embeddable":true,"href":"https:\/\/monatglobal.com\/ca\/wp-json\/wp\/v2\/categories?post=88368"},{"taxonomy":"post_tag","embeddable":true,"href":"https:\/\/monatglobal.com\/ca\/wp-json\/wp\/v2\/tags?post=88368"}],"curies":[{"name":"wp","href":"https:\/\/api.w.org\/{rel}","templated":true}]}}