{"id":87907,"date":"2024-03-12T12:51:42","date_gmt":"2024-03-12T16:51:42","guid":{"rendered":"https:\/\/monatglobal.com\/ca\/?page_id=87907"},"modified":"2024-03-12T14:42:54","modified_gmt":"2024-03-12T18:42:54","slug":"before-and-after-submit","status":"publish","type":"page","link":"https:\/\/monatglobal.com\/ca\/before-and-after-submit\/?lang=fr","title":{"rendered":"Before and After Submit"},"content":{"rendered":"\n\n         <h1>Avant et Apr\u00e8s<\/h1>\n         <h2>PARTAGEZ<br \/>VOS PHOTOS<br \/>AVANT ET APR\u00c8S<\/h2>\n               <p>Avant avoir utilis\u00e9 le <br \/>Soin d\u00e9m\u00ealant<\/p>\n               Apr\u00e8s une utilisation du<br \/> Soin d\u00e9m\u00ealant\n               <h2>Merci d&#8217;avoir partag\u00e9 vos photos Avant et Apr\u00e8s avec nous!<\/h2>\n               Si nous avons d\u00e9j\u00e0 publi\u00e9 vos photos Avant et Apr\u00e8s, \n               veuillez ne pas soumettre les m\u00eames photos de nouveau. Nous aimerions voir du&nbsp;nouveau!\n                       * Veuillez noter : Si vous \u00eates coiffeuse\/coiffeur et vous d\u00e9sirez soumettre plusieurs photos avant et apr\u00e8s, \n                       veuillez les envoyer par courriel \u00e0 <a href=\"mailto:marketing@monatglobal.com\">marketing@monatglobal.com<\/a>.\n            <hr \/>\n         <h3>Des conseils pour des photos&nbsp;r\u00e9ussies&nbsp;:<\/h3>\n         <p>Veuillez suivre les lignes directrices suivantes lorsque vous prenez et soumettez vos photos avant et&nbsp;apr\u00e8s&nbsp;:<\/p>\n               <h2>Sp\u00e9cifications pour les soins capillaires&nbsp;MONAT&nbsp;:<\/h2>\n                    <p>\/ Toutes les soumissions doivent \u00eatre de vraies photos et de vrais&nbsp;r\u00e9sultats.<\/p>\n                    \/ Pour la photo Avant, assurez-vous que vos cheveux ne contiennent pas de produits. \n                    La photo Apr\u00e8s doit contenir et \u00eatre EXCLUSIVEMENT le r\u00e9sultat des produits&nbsp;MONAT.\n                    \/ Indiquez la p\u00e9riode d&#8217;utilisation (Par exemple&nbsp;: La photo Avant devrait \u00eatre \u00e9tiquet\u00e9e \n                    \u00ab&nbsp;Jour 1 d&#8217;utilisation du [nom du produit]&nbsp;\u00bb et la photo Apr\u00e8s devrait \u00eatre \u00e9tiquet\u00e9e \u00ab&nbsp;Jour 30 d&#8217;utilisation du [nom du produit]&nbsp;\u00bb.\n                    <p>\/ Dites-nous \u00e0 quelle fr\u00e9quence et combien longtemps vous avez utilis\u00e9 le produit&nbsp;MONAT.<\/p>\n                    <p>\/ Listez tous les produits MONAT&nbsp;utilis\u00e9s.<\/p>\n                    <a href=\"\/ca\/?page_id=10878&#038;lang=fr\/#form\">T\u00c9L\u00c9CHARGER VOS PHOTOS<\/a>\n               <h2>Sp\u00e9cifications pour les soins de la peau&nbsp;MONAT&nbsp;:<\/h2>\n                    <p>\/ Toutes les soumissions doivent \u00eatre de vraies photos et de vrais&nbsp;r\u00e9sultats.<\/p>\n                    \/ Pour les photos Avant et Apr\u00e8s montrant les r\u00e9sultats des soins de la peau, vous pouvez porter du maquillage pour les yeux, \u00e0 condition qu&#8217;il n&#8217;influence pas l&#8217;impact des r\u00e9sultats. \n                    La photo Apr\u00e8s doit \u00eatre EXCLUSIVEMENT le r\u00e9sultat des produits&nbsp;MONAT.\n                    <p>\/ Les cheveux doivent \u00eatre ramen\u00e9s \u00e0 l&#8217;arri\u00e8re, loin du&nbsp;visage.<\/p>\n                    \/ Indiquez la p\u00e9riode d&#8217;utilisation (Par exemple : La photo Avant devrait \u00eatre \u00e9tiquet\u00e9e \u00ab&nbsp;Jour 1 d&#8217;utilisation du [nom du produit]&nbsp;\u00bb \n                    et la photo Apr\u00e8s devrait \u00eatre \u00e9tiquet\u00e9e \u00ab&nbsp;Jour 30 d&#8217;utilisation du [nom du produit]&nbsp;\u00bb.\n                    <p>\/ Dites-nous \u00e0 quelle fr\u00e9quence et combien longtemps vous avez utilis\u00e9 le produit&nbsp;MONAT.<\/p>\n                    <p>\/ Listez tous les produits MONAT&nbsp;utilis\u00e9s.<\/p>\n                    <a href=\"\/ca\/?page_id=10878&#038;lang=fr\/#form\">T\u00c9L\u00c9CHARGER VOS PHOTOS<\/a>\n         <h3>Autres sp\u00e9cifications&nbsp;requises&nbsp;:<\/h3>\n                <p>\/ Toutes les photos soumises doivent \u00eatre appuy\u00e9es et coh\u00e9rentes avec les affirmations de MONAT sur ses&nbsp;produits.<\/p>\n                <p>\/ Utilisez le m\u00eame \u00e9clairage, le m\u00eame angle (de pr\u00e9f\u00e9rence, faire face vers l&#8217;avant), la m\u00eame position et un fond neutre\/uni dans toutes les&nbsp;photos.<\/p>\n                <p>\/ AUCUN filtre, retouche ou manipulation n&#8217;est&nbsp;permis.<\/p>\n                \/ Vous pouvez porter du maquillage \u00e0 condition qu&#8217;il n&#8217;influence pas l&#8217;impact des r\u00e9sultats. \n                La conception et\/ou la couleur et la texture du maquillage DOIVENT \u00eatre les m\u00eames dans les deux&nbsp;photos.\n                \/ Les photos doivent \u00eatre haute r\u00e9solution (d&#8217;au moins 300 ppp). \n                Utilisez le r\u00e9glage haute d\u00e9finition sur votre appareil-photo\/t\u00e9l\u00e9phone.\n                <p>\/ Les photos doivent \u00eatre de vous et vous devez \u00eatre reconnaissable comme la m\u00eame personne dans chaque&nbsp;photo.<\/p>\n                <p>\/ Indiquez les dates auxquelles les photos ont \u00e9t\u00e9 prises ainsi que le d\u00e9lai entre la photo Avant et&nbsp;Apr\u00e8s.<\/p>\n                \/ Si les photos ont \u00e9t\u00e9 prises par un photographe, assurez-vous d&#8217;obtenir sa permission pour la publication des photos sur les sites Web, \n                les m\u00e9dias sociaux et tout autre mat\u00e9riel promotionnel de&nbsp;MONAT.\n                <p>\/ Gardez des copies sign\u00e9es et dat\u00e9es de vos photos Avant et Apr\u00e8s, vos t\u00e9moignages et vos pi\u00e8ces&nbsp;justificatives.<\/p>\n                <p>\/ Veuillez inclure vos coordonn\u00e9es, y compris votre num\u00e9ro d&#8217;identification de partenaire de march\u00e9 MONAT, votre nom au complet, votre adresse, votre num\u00e9ro de t\u00e9l\u00e9phone et votre adresse&nbsp;courriel.<\/p>\n\t<strong>AVIS DE NON RESPONSABILIT\u00c9 :<\/strong>\nLes r\u00e9sultats varient d&#8217;une personne \u00e0 l&#8217;autre. Les r\u00e9sultats varient en fonction de plusieurs facteurs tels que l&#8217;\u00e2ge, les produits utilis\u00e9s, le sexe, la sant\u00e9, l&#8217;alimentation et le mode de vie. Toutes les photos soumises deviennent la propri\u00e9t\u00e9 de MONAT. MONAT sera libre d&#8217;utiliser ces photos dans son mat\u00e9riel de marketing et tout m\u00e9dia, y compris les m\u00e9dias sociaux. En soumettant vos photos \u00e0 MONAT, vous confirmez que vous avez l&#8217;\u00e2ge l\u00e9gal et que vous accordez \u00e0 MONAT et \u00e0 toute personne autoris\u00e9e par MONAT le droit absolu et irr\u00e9vocable d&#8217;utiliser, de reproduire, de modifier, d&#8217;exposer, de projeter, de montrer, de publier et faire circuler les photos sous toutes leurs formes et sur tous supports pour l&#8217;art, la publicit\u00e9, les expositions publiques, les expositions et\/ou \u00e0 toute autre fin. Vous confirmez \u00e9galement que vous ne serez pas indemnis\u00e9s et ne recevrez pas d&#8217;argent, de prix ou de r\u00e9mun\u00e9ration pour l&#8217;utilisation de vos photos par MONAT. Soumettre une photo ou un t\u00e9moignage ne garantit pas que votre photo ou t\u00e9moignage sera s\u00e9lectionn\u00e9 par MONAT et utilis\u00e9 \u00e0 des fins&nbsp;promotionnelles.\n\n\n","protected":false},"excerpt":{"rendered":"<p>Avant et Apr\u00e8s PARTAGEZVOS PHOTOSAVANT ET APR\u00c8S Avant avoir utilis\u00e9 le Soin d\u00e9m\u00ealant Apr\u00e8s une utilisation du Soin d\u00e9m\u00ealant Merci d&#8217;avoir partag\u00e9 vos photos Avant et Apr\u00e8s avec nous! Si nous avons d\u00e9j\u00e0 publi\u00e9 vos photos Avant et Apr\u00e8s, veuillez ne pas soumettre les m\u00eames photos de nouveau. Nous aimerions voir du&nbsp;nouveau! * Veuillez noter&hellip;<\/p>\n","protected":false},"author":33,"featured_media":87909,"parent":0,"menu_order":0,"comment_status":"closed","ping_status":"closed","template":"","meta":{"inline_featured_image":false,"om_disable_all_campaigns":false,"_monsterinsights_skip_tracking":false,"_monsterinsights_sitenote_active":false,"_monsterinsights_sitenote_note":"","_monsterinsights_sitenote_category":0,"footnotes":""},"categories":[],"tags":[],"class_list":["post-87907","page","type-page","status-publish","has-post-thumbnail","hentry"],"aioseo_notices":[],"aioseo_head":"\n\t\t<!-- All in One SEO Pro 4.9.6 - aioseo.com -->\n\t<meta name=\"description\" content=\"Avant et Apr\u00e8s PARTAGEZVOS PHOTOSAVANT ET APR\u00c8S Avant avoir utilis\u00e9 le Soin d\u00e9m\u00ealant Apr\u00e8s une utilisation du Soin d\u00e9m\u00ealant Merci d&#039;avoir partag\u00e9 vos photos Avant et Apr\u00e8s avec nous! Si nous avons d\u00e9j\u00e0 publi\u00e9 vos photos Avant et Apr\u00e8s, veuillez ne pas soumettre les m\u00eames photos de nouveau. Nous aimerions voir du nouveau! * Veuillez noter\" \/>\n\t<meta name=\"robots\" content=\"max-image-preview:large\" \/>\n\t<link rel=\"canonical\" href=\"https:\/\/monatglobal.com\/ca\/before-and-after-submit\/?lang=fr\" \/>\n\t<meta name=\"generator\" content=\"All in One SEO Pro (AIOSEO) 4.9.6\" \/>\n\t\t<meta property=\"og:locale\" content=\"en_US\" \/>\n\t\t<meta property=\"og:site_name\" content=\"Monat Canada English - We Are Modern Nature\" \/>\n\t\t<meta property=\"og:type\" content=\"article\" \/>\n\t\t<meta property=\"og:title\" content=\"Before and After Submit - Monat Canada English\" \/>\n\t\t<meta property=\"og:description\" content=\"Avant et Apr\u00e8s PARTAGEZVOS PHOTOSAVANT ET APR\u00c8S Avant avoir utilis\u00e9 le Soin d\u00e9m\u00ealant Apr\u00e8s une utilisation du Soin d\u00e9m\u00ealant Merci d&#039;avoir partag\u00e9 vos photos Avant et Apr\u00e8s avec nous! Si nous avons d\u00e9j\u00e0 publi\u00e9 vos photos Avant et Apr\u00e8s, veuillez ne pas soumettre les m\u00eames photos de nouveau. Nous aimerions voir du nouveau! * Veuillez noter\" \/>\n\t\t<meta property=\"og:url\" content=\"https:\/\/monatglobal.com\/ca\/before-and-after-submit\/?lang=fr\" \/>\n\t\t<meta property=\"article:published_time\" content=\"2024-03-12T16:51:42+00:00\" \/>\n\t\t<meta property=\"article:modified_time\" content=\"2024-03-12T18:42:54+00:00\" \/>\n\t\t<meta name=\"twitter:card\" content=\"summary_large_image\" \/>\n\t\t<meta name=\"twitter:title\" content=\"Before and After Submit - Monat Canada English\" \/>\n\t\t<meta name=\"twitter:description\" content=\"Avant et Apr\u00e8s PARTAGEZVOS PHOTOSAVANT ET APR\u00c8S Avant avoir utilis\u00e9 le Soin d\u00e9m\u00ealant Apr\u00e8s une utilisation du Soin d\u00e9m\u00ealant Merci d&#039;avoir partag\u00e9 vos photos Avant et Apr\u00e8s avec nous! Si nous avons d\u00e9j\u00e0 publi\u00e9 vos photos Avant et Apr\u00e8s, veuillez ne pas soumettre les m\u00eames photos de nouveau. Nous aimerions voir du nouveau! * Veuillez noter\" \/>\n\t\t<script type=\"application\/ld+json\" class=\"aioseo-schema\">\n\t\t\t{\"@context\":\"https:\\\/\\\/schema.org\",\"@graph\":[{\"@type\":\"BreadcrumbList\",\"@id\":\"https:\\\/\\\/monatglobal.com\\\/ca\\\/before-and-after-submit\\\/?lang=fr#breadcrumblist\",\"itemListElement\":[{\"@type\":\"ListItem\",\"@id\":\"https:\\\/\\\/monatglobal.com\\\/ca#listItem\",\"position\":1,\"name\":\"Home\",\"item\":\"https:\\\/\\\/monatglobal.com\\\/ca\",\"nextItem\":{\"@type\":\"ListItem\",\"@id\":\"https:\\\/\\\/monatglobal.com\\\/ca\\\/before-and-after-submit\\\/?lang=fr#listItem\",\"name\":\"Before and After Submit\"}},{\"@type\":\"ListItem\",\"@id\":\"https:\\\/\\\/monatglobal.com\\\/ca\\\/before-and-after-submit\\\/?lang=fr#listItem\",\"position\":2,\"name\":\"Before and After Submit\",\"previousItem\":{\"@type\":\"ListItem\",\"@id\":\"https:\\\/\\\/monatglobal.com\\\/ca#listItem\",\"name\":\"Home\"}}]},{\"@type\":\"Organization\",\"@id\":\"https:\\\/\\\/monatglobal.com\\\/ca\\\/#organization\",\"name\":\"Monat Canada English\",\"description\":\"We Are Modern Nature\",\"url\":\"https:\\\/\\\/monatglobal.com\\\/ca\\\/\"},{\"@type\":\"WebPage\",\"@id\":\"https:\\\/\\\/monatglobal.com\\\/ca\\\/before-and-after-submit\\\/?lang=fr#webpage\",\"url\":\"https:\\\/\\\/monatglobal.com\\\/ca\\\/before-and-after-submit\\\/?lang=fr\",\"name\":\"Before and After Submit - Monat Canada English\",\"description\":\"Avant et Apr\\u00e8s PARTAGEZVOS PHOTOSAVANT ET APR\\u00c8S Avant avoir utilis\\u00e9 le Soin d\\u00e9m\\u00ealant Apr\\u00e8s une utilisation du Soin d\\u00e9m\\u00ealant Merci d'avoir partag\\u00e9 vos photos Avant et Apr\\u00e8s avec nous! Si nous avons d\\u00e9j\\u00e0 publi\\u00e9 vos photos Avant et Apr\\u00e8s, veuillez ne pas soumettre les m\\u00eames photos de nouveau. Nous aimerions voir du nouveau! * Veuillez noter\",\"inLanguage\":\"en-US\",\"isPartOf\":{\"@id\":\"https:\\\/\\\/monatglobal.com\\\/ca\\\/#website\"},\"breadcrumb\":{\"@id\":\"https:\\\/\\\/monatglobal.com\\\/ca\\\/before-and-after-submit\\\/?lang=fr#breadcrumblist\"},\"image\":{\"@type\":\"ImageObject\",\"url\":\"https:\\\/\\\/monatglobal.com\\\/ca\\\/wp-content\\\/uploads\\\/sites\\\/5\\\/2024\\\/03\\\/before-and-after.jpg\",\"@id\":\"https:\\\/\\\/monatglobal.com\\\/ca\\\/before-and-after-submit\\\/?lang=fr\\\/#mainImage\",\"width\":1500,\"height\":586},\"primaryImageOfPage\":{\"@id\":\"https:\\\/\\\/monatglobal.com\\\/ca\\\/before-and-after-submit\\\/?lang=fr#mainImage\"},\"datePublished\":\"2024-03-12T12:51:42-04:00\",\"dateModified\":\"2024-03-12T14:42:54-04:00\"},{\"@type\":\"WebSite\",\"@id\":\"https:\\\/\\\/monatglobal.com\\\/ca\\\/#website\",\"url\":\"https:\\\/\\\/monatglobal.com\\\/ca\\\/\",\"name\":\"Monat Canada English\",\"description\":\"We Are Modern Nature\",\"inLanguage\":\"en-US\",\"publisher\":{\"@id\":\"https:\\\/\\\/monatglobal.com\\\/ca\\\/#organization\"}}]}\n\t\t<\/script>\n\t\t<!-- All in One SEO Pro -->\r\n\t\t<title>Before and After Submit - Monat Canada English<\/title>\n\n","aioseo_head_json":{"title":"Before and After Submit - Monat Canada English","description":"Avant et Apr\u00e8s PARTAGEZVOS PHOTOSAVANT ET APR\u00c8S Avant avoir utilis\u00e9 le Soin d\u00e9m\u00ealant Apr\u00e8s une utilisation du Soin d\u00e9m\u00ealant Merci d'avoir partag\u00e9 vos photos Avant et Apr\u00e8s avec nous! Si nous avons d\u00e9j\u00e0 publi\u00e9 vos photos Avant et Apr\u00e8s, veuillez ne pas soumettre les m\u00eames photos de nouveau. Nous aimerions voir du nouveau! * Veuillez noter","canonical_url":"https:\/\/monatglobal.com\/ca\/before-and-after-submit\/?lang=fr","robots":"max-image-preview:large","keywords":"","webmasterTools":{"miscellaneous":""},"schema":{"@context":"https:\/\/schema.org","@graph":[{"@type":"BreadcrumbList","@id":"https:\/\/monatglobal.com\/ca\/before-and-after-submit\/?lang=fr#breadcrumblist","itemListElement":[{"@type":"ListItem","@id":"https:\/\/monatglobal.com\/ca#listItem","position":1,"name":"Home","item":"https:\/\/monatglobal.com\/ca","nextItem":{"@type":"ListItem","@id":"https:\/\/monatglobal.com\/ca\/before-and-after-submit\/?lang=fr#listItem","name":"Before and After Submit"}},{"@type":"ListItem","@id":"https:\/\/monatglobal.com\/ca\/before-and-after-submit\/?lang=fr#listItem","position":2,"name":"Before and After Submit","previousItem":{"@type":"ListItem","@id":"https:\/\/monatglobal.com\/ca#listItem","name":"Home"}}]},{"@type":"Organization","@id":"https:\/\/monatglobal.com\/ca\/#organization","name":"Monat Canada English","description":"We Are Modern Nature","url":"https:\/\/monatglobal.com\/ca\/"},{"@type":"WebPage","@id":"https:\/\/monatglobal.com\/ca\/before-and-after-submit\/?lang=fr#webpage","url":"https:\/\/monatglobal.com\/ca\/before-and-after-submit\/?lang=fr","name":"Before and After Submit - Monat Canada English","description":"Avant et Apr\u00e8s PARTAGEZVOS PHOTOSAVANT ET APR\u00c8S Avant avoir utilis\u00e9 le Soin d\u00e9m\u00ealant Apr\u00e8s une utilisation du Soin d\u00e9m\u00ealant Merci d'avoir partag\u00e9 vos photos Avant et Apr\u00e8s avec nous! Si nous avons d\u00e9j\u00e0 publi\u00e9 vos photos Avant et Apr\u00e8s, veuillez ne pas soumettre les m\u00eames photos de nouveau. Nous aimerions voir du nouveau! * Veuillez noter","inLanguage":"en-US","isPartOf":{"@id":"https:\/\/monatglobal.com\/ca\/#website"},"breadcrumb":{"@id":"https:\/\/monatglobal.com\/ca\/before-and-after-submit\/?lang=fr#breadcrumblist"},"image":{"@type":"ImageObject","url":"https:\/\/monatglobal.com\/ca\/wp-content\/uploads\/sites\/5\/2024\/03\/before-and-after.jpg","@id":"https:\/\/monatglobal.com\/ca\/before-and-after-submit\/?lang=fr\/#mainImage","width":1500,"height":586},"primaryImageOfPage":{"@id":"https:\/\/monatglobal.com\/ca\/before-and-after-submit\/?lang=fr#mainImage"},"datePublished":"2024-03-12T12:51:42-04:00","dateModified":"2024-03-12T14:42:54-04:00"},{"@type":"WebSite","@id":"https:\/\/monatglobal.com\/ca\/#website","url":"https:\/\/monatglobal.com\/ca\/","name":"Monat Canada English","description":"We Are Modern Nature","inLanguage":"en-US","publisher":{"@id":"https:\/\/monatglobal.com\/ca\/#organization"}}]},"og:locale":"en_US","og:site_name":"Monat Canada English - We Are Modern Nature","og:type":"article","og:title":"Before and After Submit - Monat Canada English","og:description":"Avant et Apr\u00e8s PARTAGEZVOS PHOTOSAVANT ET APR\u00c8S Avant avoir utilis\u00e9 le Soin d\u00e9m\u00ealant Apr\u00e8s une utilisation du Soin d\u00e9m\u00ealant Merci d'avoir partag\u00e9 vos photos Avant et Apr\u00e8s avec nous! Si nous avons d\u00e9j\u00e0 publi\u00e9 vos photos Avant et Apr\u00e8s, veuillez ne pas soumettre les m\u00eames photos de nouveau. Nous aimerions voir du nouveau! * Veuillez noter","og:url":"https:\/\/monatglobal.com\/ca\/before-and-after-submit\/?lang=fr","article:published_time":"2024-03-12T16:51:42+00:00","article:modified_time":"2024-03-12T18:42:54+00:00","twitter:card":"summary_large_image","twitter:title":"Before and After Submit - Monat Canada English","twitter:description":"Avant et Apr\u00e8s PARTAGEZVOS PHOTOSAVANT ET APR\u00c8S Avant avoir utilis\u00e9 le Soin d\u00e9m\u00ealant Apr\u00e8s une utilisation du Soin d\u00e9m\u00ealant Merci d'avoir partag\u00e9 vos photos Avant et Apr\u00e8s avec nous! Si nous avons d\u00e9j\u00e0 publi\u00e9 vos photos Avant et Apr\u00e8s, veuillez ne pas soumettre les m\u00eames photos de nouveau. Nous aimerions voir du nouveau! * Veuillez noter"},"aioseo_meta_data":{"post_id":"87907","title":null,"description":null,"keywords":[],"keyphrases":{"focus":{"keyphrase":"","score":0,"analysis":{"keyphraseInTitle":{"score":0,"maxScore":9,"error":1}}},"additional":[]},"primary_term":null,"canonical_url":null,"og_title":null,"og_description":null,"og_object_type":"default","og_image_type":"default","og_image_url":null,"og_image_width":null,"og_image_height":null,"og_image_custom_url":null,"og_image_custom_fields":null,"og_video":"","og_custom_url":null,"og_article_section":null,"og_article_tags":[],"twitter_use_og":false,"twitter_card":"default","twitter_image_type":"default","twitter_image_url":null,"twitter_image_custom_url":null,"twitter_image_custom_fields":null,"twitter_title":null,"twitter_description":null,"schema":{"blockGraphs":[],"customGraphs":[],"default":{"data":{"Article":[],"Course":[],"Dataset":[],"FAQPage":[],"Movie":[],"Person":[],"Product":[],"ProductReview":[],"Car":[],"Recipe":[],"Service":[],"SoftwareApplication":[],"WebPage":[]},"graphName":"WebPage","isEnabled":true},"graphs":[]},"schema_type":"default","schema_type_options":null,"pillar_content":false,"robots_default":true,"robots_noindex":false,"robots_noarchive":false,"robots_nosnippet":false,"robots_nofollow":false,"robots_noimageindex":false,"robots_noodp":false,"robots_notranslate":false,"robots_max_snippet":"-1","robots_max_videopreview":"-1","robots_max_imagepreview":"large","priority":null,"frequency":"default","local_seo":null,"seo_analyzer_scan_date":"2026-02-10 21:01:44","limit_modified_date":false,"reviewed_by":null,"open_ai":"{\"title\":{\"suggestions\":[],\"usage\":0},\"description\":{\"suggestions\":[],\"usage\":0}}","ai":null,"created":"2024-03-12 16:49:49","updated":"2026-02-10 21:01:44"},"aioseo_breadcrumb":"<div class=\"aioseo-breadcrumbs\"><span class=\"aioseo-breadcrumb\">\n\t<a href=\"https:\/\/monatglobal.com\/ca\" title=\"Home\">Home<\/a>\n<\/span><span class=\"aioseo-breadcrumb-separator\">&raquo;<\/span><span class=\"aioseo-breadcrumb\">\n\tBefore and After Submit\n<\/span><\/div>","aioseo_breadcrumb_json":[{"label":"Home","link":"https:\/\/monatglobal.com\/ca"},{"label":"Before and After Submit","link":"https:\/\/monatglobal.com\/ca\/before-and-after-submit\/?lang=fr"}],"_links":{"self":[{"href":"https:\/\/monatglobal.com\/ca\/wp-json\/wp\/v2\/pages\/87907","targetHints":{"allow":["GET"]}}],"collection":[{"href":"https:\/\/monatglobal.com\/ca\/wp-json\/wp\/v2\/pages"}],"about":[{"href":"https:\/\/monatglobal.com\/ca\/wp-json\/wp\/v2\/types\/page"}],"author":[{"embeddable":true,"href":"https:\/\/monatglobal.com\/ca\/wp-json\/wp\/v2\/users\/33"}],"replies":[{"embeddable":true,"href":"https:\/\/monatglobal.com\/ca\/wp-json\/wp\/v2\/comments?post=87907"}],"version-history":[{"count":2,"href":"https:\/\/monatglobal.com\/ca\/wp-json\/wp\/v2\/pages\/87907\/revisions"}],"predecessor-version":[{"id":87913,"href":"https:\/\/monatglobal.com\/ca\/wp-json\/wp\/v2\/pages\/87907\/revisions\/87913"}],"wp:featuredmedia":[{"embeddable":true,"href":"https:\/\/monatglobal.com\/ca\/wp-json\/wp\/v2\/media\/87909"}],"wp:attachment":[{"href":"https:\/\/monatglobal.com\/ca\/wp-json\/wp\/v2\/media?parent=87907"}],"wp:term":[{"taxonomy":"category","embeddable":true,"href":"https:\/\/monatglobal.com\/ca\/wp-json\/wp\/v2\/categories?post=87907"},{"taxonomy":"post_tag","embeddable":true,"href":"https:\/\/monatglobal.com\/ca\/wp-json\/wp\/v2\/tags?post=87907"}],"curies":[{"name":"wp","href":"https:\/\/api.w.org\/{rel}","templated":true}]}}