{"id":87351,"date":"2023-12-18T08:52:16","date_gmt":"2023-12-18T13:52:16","guid":{"rendered":"https:\/\/monatglobal.com\/ca\/?page_id=87351"},"modified":"2026-01-19T14:45:49","modified_gmt":"2026-01-19T19:45:49","slug":"pores-minimizing","status":"publish","type":"page","link":"https:\/\/monatglobal.com\/ca\/pores-minimizing\/?lang=fr","title":{"rendered":"Pore Refiner | Pore-Minimizing Treatment | MONAT Skincare"},"content":{"rendered":"\n\n\t<link rel=\"stylesheet\" href=\"https:\/\/monatglobal.com\/wp-content\/creative_css\/product_styles_sheet.css\" \/>\n   <!--==================================================== ECOMM SECTION ====================================================-->\n      <!--==================================================== Ecomm image ====================================================-->\n         NOUVEAU\n               <img decoding=\"async\"  alt=\"Monat pore refiner product shot\" src=\"https:\/\/monatglobal.com\/wp-content\/uploads\/2023\/12\/pore-refiner-ecomm-2023-min.png\" loading=\"lazy\"\/>\n               <img decoding=\"async\"  alt=\"a close up picture of a blond female's face holding a Monat pore refiner tube next to her chin\" src=\"https:\/\/monatglobal.com\/wp-content\/uploads\/2023\/12\/pore-refiner-ecomm-closeup-min.jpg\" loading=\"lazy\"\/>\n                  <img decoding=\"async\" alt=\"Monat pore refiner product shot\" src=\"https:\/\/monatglobal.com\/wp-content\/uploads\/2023\/12\/pore-refiner-ecomm-2023-min.png\" data-lbxp=\"\" loading=\"lazy\"\/>\n                  <img decoding=\"async\" alt=\"a close up picture of a blond female's face holding a Monat pore refiner tube next to her chin\" src=\"https:\/\/monatglobal.com\/wp-content\/uploads\/2023\/12\/pore-refiner-ecomm-closeup-min.jpg\" loading=\"lazy\"\/>\n      <!--==================================================== Ecomm information  ====================================================-->\n         NOUVEAU\n         <h1>Affineur de pores<\/h1>\n         <p>MONAT <\/p>\n         <p>Traitement minimisant les pores<\/p>\n         <p>R\u00e9duit l&#8217;apparence des pores et la brillance non d\u00e9sir\u00e9e.<\/p>\n         <p>30 ml e 1 oz liq.<\/p>\n     <!--==================================================== pricing box ====================================================-->       \n<p>Retail Price<br \/>$00.00 (USD)<\/p>\n<p>VIP Customer Price<br \/>$00.00 (USD)<\/p>\n     <!--==================================================== pricing box ====================================================-->       \n         <p>Pour en savoir plus sur l&#8217;Affineur de pores MONAT, veuillez contacter votre partenaire de march\u00e9 MONAT.<\/p>\n            <a href=\"\" target=\"_blank\" role=\"button\" aria-label=\"\" rel=\"noopener\"><\/a>\n   <!--==================================================== \/ECOMM SECTION  ====================================================-->\n   <!--==================================================== Benefits image ====================================================-->\n   \n      <source media=\"(max-width: 700px)\" srcset=\"https:\/\/monatglobal.com\/wp-content\/uploads\/2023\/12\/pore-refiner-benefits-mobile-min.jpg\" loading=\"lazy\"\/>\n      <img decoding=\"async\" src=\"https:\/\/monatglobal.com\/wp-content\/uploads\/2023\/12\/pore-refiner-benefits-desktop-min.jpg\" \n         alt=\"a close up picture of a blond female's face holding a Monat pore refiner tube next to her chin\" loading=\"lazy\"\/>\n   \n   <!--==================================================== Benefits text ====================================================-->\n         <h2>BIENFAITS<\/h2>\n         <h3>Id\u00e9al pour la peau grasse ou mixte, l&#8217;Affineur de pores MONAT minimise instantan\u00e9ment l&#8217;apparence des pores et matifie la peau pendant jusqu&#8217;\u00e0 8 heures*, cr\u00e9ant une base lisse pour permettre une application plus uniforme du maquillage.  <\/h3>\n         <!--==================================================== features image  ====================================================-->\n         <img decoding=\"async\" alt=\"a tube of Monat pore refiner sitting on a rock next to a stack of novels books and a flower pot \" src=\"https:\/\/monatglobal.com\/wp-content\/uploads\/2023\/12\/pore-refiner-features-min.jpg\" loading=\"lazy\"\/>\n      <!--==================================================== features text ====================================================-->\n            <h3>Caract\u00e9ristiques<\/h3>\n               <p>\/ R\u00e9duit instantan\u00e9ment l&#8217;apparence des pores*<\/p>\n               <p>\/ Donne instantan\u00e9ment un fini mat d&#8217;aspect naturel* <\/p>\n               <p>\/ Matifie la peau pendant jusqu&#8217;\u00e0 8 heures*<\/p>\n               <p>\/ Les pores paraissent plus petits avec le temps*<\/p>\n               <p>\/ La peau a une apparence plus lisse*<\/p>\n               <br \/>\n            <p>Parfum \/ Non parfum\u00e9<\/p>\n            <p>Texture \/ L\u00e9g\u00e8re cr\u00e8me velout\u00e9e<\/p>\n                <p>*Bas\u00e9 sur une \u00e9tude de consommateurs men\u00e9e aupr\u00e8s de 34 femmes \u00e2g\u00e9es de 18 \u00e0 60 ans, dont 50 % des pan\u00e9listes avaient la peau sensible. Test\u00e9 par un laboratoire ind\u00e9pendant.<\/p>\n   <!--==================================================== composition image mobile ====================================================-->\n   <img decoding=\"async\" alt=\"flat lay picture of multiple tubes of Monat pore refiner on a marble background\" src=\"https:\/\/monatglobal.com\/wp-content\/uploads\/2023\/12\/pore-refiner-standalone-min.jpg\" loading=\"lazy\"\/>\n   <!--==================================================== Why it works text ====================================================-->\n       <h2>Pour des pores impeccables<\/h2>\n      <h3>Dot\u00e9 d&#8217;un complexe de microparticules et d&#8217;une technologie minimisant l&#8217;apparence des pores, ce traitement a un effet matifiant instantan\u00e9 et am\u00e9liore l&#8217;apparence des pores.<\/h3>\n      <p> \u00c0 utiliser seul, avant le maquillage ou apr\u00e8s le maquillage pour contr\u00f4ler l&#8217;huile et faire des retouches.<\/p>\n<!--==================================================== Composition section ====================================================-->\n      <img decoding=\"async\" alt=\"flat lay picture of multiple tubes of Monat pore refiner on a marble background\" src=\"https:\/\/monatglobal.com\/wp-content\/uploads\/2023\/12\/pore-refiner-standalone-min.jpg\" loading=\"lazy\"\/>\n      <img decoding=\"async\" alt=\"a close up picture of a blond female's face\" \n         src=\"https:\/\/monatglobal.com\/wp-content\/uploads\/2023\/12\/pore-refiner-comp1-min.jpg\" loading=\"lazy\"\/>\n            <!--==================================================== Directions text ====================================================--> \n               <h3>Mode d&#8217;emploi<\/h3>\n                  <p>\/ Du bout des doigts, appliquer une mince couche sur le visage, du centre vers l&#8217;ext\u00e9rieur.  <\/p>\n            <!--==================================================== Directions video ====================================================-->\n      <p>Affineur de pores MONAT<br \/>0:00<\/p>\n     <a href=\"\" target=\"_blank\" role=\"button\" aria-label=\"\" rel=\"noopener\"><\/a>\n   <!--==================================================== Ingredients section  ====================================================-->\n      <h2>INGR\u00c9DIENTS CL\u00c9S<\/h2>\n               <img decoding=\"async\" src=\"https:\/\/monatglobal.com\/wp-content\/uploads\/2022\/11\/REJUVENIQES.svg\" alt=\"REJUVENIQE S\u2122\"\/>\n               <p>REJUVENIQE S\u2122<\/p>\n               <img decoding=\"async\" src=\"https:\/\/monatglobal.com\/wp-content\/uploads\/2023\/12\/Botanical-Based-Complex.svg\" alt=\"Botanical-Based Complex\" src=\"\"\/> \n               <p>Complexe v\u00e9g\u00e9tal<\/p>\n               <img decoding=\"async\" src=\"https:\/\/monatglobal.com\/wp-content\/uploads\/2023\/12\/Microparticle-Complex.svg\" alt=\"Microparticle Complex\" src=\"\"\/> \n               <p>Complexe de microparticules<\/p>\n               <img decoding=\"async\" src=\"https:\/\/monatglobal.com\/wp-content\/uploads\/2023\/12\/Pore-Minimizing-Technology.svg\" alt=\"Pore-Minimizing Technology\" src=\"\"\/> \n               <p>Technologie minimisant les pores<\/p>\n      <button id=\"myBtn\" type=\"button\">LISTE D&#8217;INGR\u00c9DIENTS<\/button>\n      <!--==================================================== Modal content  ====================================================-->\n         &times;\n         <p>Aqua\/Water\/Eau, Coconut Alkanes, Heptyl Undecylenate, Propanediol, Aloe Barbadensis Leaf Juice, Glycerin, Polyglyceryl-2 Stearate, Isopentyldiol, Behenyl Alcohol, Tribehenin, Glyceryl Stearate, Stearyl Alcohol, Dimethicone, Mangifera Indica (Mango) Pulp Extract, Saccharum Officinarum (Sugarcane) Extract, Musa Sapientum (Banana) Pulp Extract, Trifolium Pratense (Clover) Flower Extract, Xanthan Gum, Limnanthes Alba (Meadowfoam) Seed Oil, Crambe Abyssinica Seed Oil, Camellia Oleifera Seed Oil, Solanum Lycopersicum (Tomato) Seed Oil, Daucus Carota Sativa (Carrot) Seed Oil, Citrus Limon (Lemon) Peel Oil, Citrus Aurantifolia (Lime) Oil, Citrus Aurantium Bergamia (Bergamot) Fruit Oil, Adansonia Digitata Oil, Cocos Nucifera (Coconut) Oil, Mauritia Flexuosa Fruit Oil, Caryocar Brasiliense Fruit Oil, Gardenia Taitensis Flower Extract, Moringa Oleifera Seed Oil, Helianthus Annuus (Sunflower) Seed Oil, Olea Europaea (Olive) Fruit Oil, Simmondsia Chinensis (Jojoba) Seed Extract, Benzyl Alcohol, Caprylhydroxamic Acid, Glycolic Acid, Capryloyl Glycerin\/Sebacic Acid Copolymer, Castor Oil\/IPDI Copolymer, Hydrated Silica, 1,2-Hexanediol, Lauroyl Lysine, Coco-Caprylate\/Caprate, Dilinoleic Acid\/Butanediol Copolymer, Phospholipids, Saccharomyces Ferment, Polyglyceryl-6 Polyricinoleate, Polyhydroxystearic Acid, Polysorbate 60, Disodium Phosphate, Disodium Stearoyl Glutamate, Silica, Magnesium Aluminum Silicate, Trisodium Ethylenediamine Disuccinate, Sodium Phosphate, Hydroxyethylcellulose, Cellulose, Sodium Benzoate, Potassium Sorbate, Citric Acid, Iron Oxides (CI 77491, CI 77492, CI 77499), Titanium Dioxide (CI 77891).<\/p>\n   <!--==================================================== You might also like section ====================================================-->\n      <h2>VOUS POURRIEZ AUSSI AIMER<\/h2>\n      <!--==================================================== Slider YOU MIGHT ALSO LIKE ====================================================-->\n      <!--  -->\n      <!--   -->\n            <!-- Slides products-->\n            <!---->\n            <!--   <a href=\"https:\/\/monatglobal.com\/ca\/bb-creme\/?lang=fr\" aria-label=\"Go to MONAT BB Cream SPF 40\u2122 page\">-->\n            <!--      <img decoding=\"async\" src=\"https:\/\/monatglobal.com\/wp-content\/uploads\/2022\/08\/bb-cream-porcelain-ecomm.png\" alt=\"MONAT BB Cream SPF 40\u2122\"\/>-->\n            <!--      <p>MONAT BB Cream SPF 40\u2122<\/p>-->\n            <!--   <\/a>-->\n            <!---->\n      <!--      -->\n      <!--         <a href=\"https:\/\/monatglobal.com\/ca\/makeup-loose-powder\/?lang=fr\" aria-label=\"Go to MONAT Perfecting Translucent Loose Powder\u2122 page\">-->\n      <!--            <img decoding=\"async\" src=\"https:\/\/monatglobal.com\/wp-content\/uploads\/2023\/08\/loose_powder_honey_shade-ecomm.png\" alt=\"MONAT Perfecting Translucent Loose Powder\u2122\" loading=\"lazy\"\/>-->\n      <!--            <p>Poudre libre MONAT Perfecting <br \/>Translucent Loose Powder\u2122<\/p>-->\n      <!--         <\/a>-->\n      <!--      -->\n      <!--      -->\n      <!--         <a href=\"https:\/\/monatglobal.com\/ca\/makeup-liquid-lipstick\/?lang=fr\" aria-label=\"Go to MONAT Liquid Lipstick\u2122 page\">-->\n      <!--            <img decoding=\"async\" src=\"https:\/\/monatglobal.com\/wp-content\/uploads\/2023\/08\/liquid_lipstick_goddess-ecomm-1.png\" alt=\"MONAT Liquid Lipstick\u2122\" loading=\"lazy\"\/>-->\n      <!--            <p>Rouge \u00e0 l\u00e8vres liquide MONAT Liquid Lipstick\u2122\ufe0f<\/p>-->\n      <!--         <\/a>-->\n      <!--      -->\n      <!--   -->\n         <!-- If we need navigation buttons -->\n      <!--   -->\n      <!--   -->\n         <!-- If we need paginations -->\n      <!--   -->\n      <!---->\n<!-- If we need navigation buttons -->\n<!-- If we need paginations -->\n<a href=\"\" aria-label=\"\"><\/a>\n\n","protected":false},"excerpt":{"rendered":"<p>NOUVEAU NOUVEAU Affineur de pores MONAT Traitement minimisant les pores R\u00e9duit l&#8217;apparence des pores et la brillance non d\u00e9sir\u00e9e. 30 ml e 1 oz liq. Retail Price$00.00 (USD) VIP Customer Price$00.00 (USD) Pour en savoir plus sur l&#8217;Affineur de pores MONAT, veuillez contacter votre partenaire de march\u00e9 MONAT. BIENFAITS Id\u00e9al pour la peau grasse ou&hellip;<\/p>\n","protected":false},"author":47,"featured_media":87455,"parent":0,"menu_order":0,"comment_status":"closed","ping_status":"closed","template":"","meta":{"inline_featured_image":false,"om_disable_all_campaigns":false,"_monsterinsights_skip_tracking":false,"_monsterinsights_sitenote_active":false,"_monsterinsights_sitenote_note":"","_monsterinsights_sitenote_category":0,"footnotes":""},"categories":[3629],"tags":[],"class_list":["post-87351","page","type-page","status-publish","has-post-thumbnail","hentry","category-product-fra"],"aioseo_notices":[],"aioseo_head":"\n\t\t<!-- All in One SEO Pro 4.9.6 - aioseo.com -->\n\t<meta name=\"description\" content=\"NOUVEAU NOUVEAU Affineur de pores MONAT Traitement minimisant les pores R\u00e9duit l&#039;apparence des pores et la brillance non d\u00e9sir\u00e9e. 30 ml e 1 oz liq. Retail Price$00.00 (USD) VIP Customer Price$00.00 (USD) Pour en savoir plus sur l&#039;Affineur de pores MONAT, veuillez contacter votre partenaire de march\u00e9 MONAT. BIENFAITS Id\u00e9al pour la peau grasse ou\" \/>\n\t<meta name=\"robots\" content=\"max-image-preview:large\" \/>\n\t<link rel=\"canonical\" href=\"https:\/\/monatglobal.com\/ca\/pores-minimizing\/?lang=fr\" \/>\n\t<meta name=\"generator\" content=\"All in One SEO Pro (AIOSEO) 4.9.6\" \/>\n\t\t<meta property=\"og:locale\" content=\"en_US\" \/>\n\t\t<meta property=\"og:site_name\" content=\"Monat Canada English - We Are Modern Nature\" \/>\n\t\t<meta property=\"og:type\" content=\"article\" \/>\n\t\t<meta property=\"og:title\" content=\"Pore Refiner | Pore-Minimizing Treatment | MONAT Skincare - Monat Canada English\" \/>\n\t\t<meta property=\"og:description\" content=\"NOUVEAU NOUVEAU Affineur de pores MONAT Traitement minimisant les pores R\u00e9duit l&#039;apparence des pores et la brillance non d\u00e9sir\u00e9e. 30 ml e 1 oz liq. Retail Price$00.00 (USD) VIP Customer Price$00.00 (USD) Pour en savoir plus sur l&#039;Affineur de pores MONAT, veuillez contacter votre partenaire de march\u00e9 MONAT. BIENFAITS Id\u00e9al pour la peau grasse ou\" \/>\n\t\t<meta property=\"og:url\" content=\"https:\/\/monatglobal.com\/ca\/pores-minimizing\/?lang=fr\" \/>\n\t\t<meta property=\"article:published_time\" content=\"2023-12-18T13:52:16+00:00\" \/>\n\t\t<meta property=\"article:modified_time\" content=\"2026-01-19T19:45:49+00:00\" \/>\n\t\t<meta name=\"twitter:card\" content=\"summary_large_image\" \/>\n\t\t<meta name=\"twitter:title\" content=\"Pore Refiner | Pore-Minimizing Treatment | MONAT Skincare - Monat Canada English\" \/>\n\t\t<meta name=\"twitter:description\" content=\"NOUVEAU NOUVEAU Affineur de pores MONAT Traitement minimisant les pores R\u00e9duit l&#039;apparence des pores et la brillance non d\u00e9sir\u00e9e. 30 ml e 1 oz liq. Retail Price$00.00 (USD) VIP Customer Price$00.00 (USD) Pour en savoir plus sur l&#039;Affineur de pores MONAT, veuillez contacter votre partenaire de march\u00e9 MONAT. BIENFAITS Id\u00e9al pour la peau grasse ou\" \/>\n\t\t<script type=\"application\/ld+json\" class=\"aioseo-schema\">\n\t\t\t{\"@context\":\"https:\\\/\\\/schema.org\",\"@graph\":[{\"@type\":\"BreadcrumbList\",\"@id\":\"https:\\\/\\\/monatglobal.com\\\/ca\\\/pores-minimizing\\\/?lang=fr#breadcrumblist\",\"itemListElement\":[{\"@type\":\"ListItem\",\"@id\":\"https:\\\/\\\/monatglobal.com\\\/ca#listItem\",\"position\":1,\"name\":\"Home\",\"item\":\"https:\\\/\\\/monatglobal.com\\\/ca\",\"nextItem\":{\"@type\":\"ListItem\",\"@id\":\"https:\\\/\\\/monatglobal.com\\\/ca\\\/pores-minimizing\\\/?lang=fr#listItem\",\"name\":\"Pore Refiner | Pore-Minimizing Treatment | MONAT Skincare\"}},{\"@type\":\"ListItem\",\"@id\":\"https:\\\/\\\/monatglobal.com\\\/ca\\\/pores-minimizing\\\/?lang=fr#listItem\",\"position\":2,\"name\":\"Pore Refiner | Pore-Minimizing Treatment | MONAT Skincare\",\"previousItem\":{\"@type\":\"ListItem\",\"@id\":\"https:\\\/\\\/monatglobal.com\\\/ca#listItem\",\"name\":\"Home\"}}]},{\"@type\":\"Organization\",\"@id\":\"https:\\\/\\\/monatglobal.com\\\/ca\\\/#organization\",\"name\":\"Monat Canada English\",\"description\":\"We Are Modern Nature\",\"url\":\"https:\\\/\\\/monatglobal.com\\\/ca\\\/\"},{\"@type\":\"WebPage\",\"@id\":\"https:\\\/\\\/monatglobal.com\\\/ca\\\/pores-minimizing\\\/?lang=fr#webpage\",\"url\":\"https:\\\/\\\/monatglobal.com\\\/ca\\\/pores-minimizing\\\/?lang=fr\",\"name\":\"Pore Refiner | Pore-Minimizing Treatment | MONAT Skincare - Monat Canada English\",\"description\":\"NOUVEAU NOUVEAU Affineur de pores MONAT Traitement minimisant les pores R\\u00e9duit l'apparence des pores et la brillance non d\\u00e9sir\\u00e9e. 30 ml e 1 oz liq. Retail Price$00.00 (USD) VIP Customer Price$00.00 (USD) Pour en savoir plus sur l'Affineur de pores MONAT, veuillez contacter votre partenaire de march\\u00e9 MONAT. BIENFAITS Id\\u00e9al pour la peau grasse ou\",\"inLanguage\":\"en-US\",\"isPartOf\":{\"@id\":\"https:\\\/\\\/monatglobal.com\\\/ca\\\/#website\"},\"breadcrumb\":{\"@id\":\"https:\\\/\\\/monatglobal.com\\\/ca\\\/pores-minimizing\\\/?lang=fr#breadcrumblist\"},\"image\":{\"@type\":\"ImageObject\",\"url\":\"https:\\\/\\\/monatglobal.com\\\/ca\\\/wp-content\\\/uploads\\\/sites\\\/5\\\/2023\\\/12\\\/pore-refiner-ecomm-2023-min.png\",\"@id\":\"https:\\\/\\\/monatglobal.com\\\/ca\\\/pores-minimizing\\\/?lang=fr\\\/#mainImage\",\"width\":641,\"height\":800},\"primaryImageOfPage\":{\"@id\":\"https:\\\/\\\/monatglobal.com\\\/ca\\\/pores-minimizing\\\/?lang=fr#mainImage\"},\"datePublished\":\"2023-12-18T08:52:16-05:00\",\"dateModified\":\"2026-01-19T14:45:49-05:00\"},{\"@type\":\"WebSite\",\"@id\":\"https:\\\/\\\/monatglobal.com\\\/ca\\\/#website\",\"url\":\"https:\\\/\\\/monatglobal.com\\\/ca\\\/\",\"name\":\"Monat Canada English\",\"description\":\"We Are Modern Nature\",\"inLanguage\":\"en-US\",\"publisher\":{\"@id\":\"https:\\\/\\\/monatglobal.com\\\/ca\\\/#organization\"}}]}\n\t\t<\/script>\n\t\t<!-- All in One SEO Pro -->\r\n\t\t<title>Pore Refiner | Pore-Minimizing Treatment | MONAT Skincare - Monat Canada English<\/title>\n\n","aioseo_head_json":{"title":"Pore Refiner | Pore-Minimizing Treatment | MONAT Skincare - Monat Canada English","description":"NOUVEAU NOUVEAU Affineur de pores MONAT Traitement minimisant les pores R\u00e9duit l'apparence des pores et la brillance non d\u00e9sir\u00e9e. 30 ml e 1 oz liq. Retail Price$00.00 (USD) VIP Customer Price$00.00 (USD) Pour en savoir plus sur l'Affineur de pores MONAT, veuillez contacter votre partenaire de march\u00e9 MONAT. BIENFAITS Id\u00e9al pour la peau grasse ou","canonical_url":"https:\/\/monatglobal.com\/ca\/pores-minimizing\/?lang=fr","robots":"max-image-preview:large","keywords":"","webmasterTools":{"miscellaneous":""},"schema":{"@context":"https:\/\/schema.org","@graph":[{"@type":"BreadcrumbList","@id":"https:\/\/monatglobal.com\/ca\/pores-minimizing\/?lang=fr#breadcrumblist","itemListElement":[{"@type":"ListItem","@id":"https:\/\/monatglobal.com\/ca#listItem","position":1,"name":"Home","item":"https:\/\/monatglobal.com\/ca","nextItem":{"@type":"ListItem","@id":"https:\/\/monatglobal.com\/ca\/pores-minimizing\/?lang=fr#listItem","name":"Pore Refiner | Pore-Minimizing Treatment | MONAT Skincare"}},{"@type":"ListItem","@id":"https:\/\/monatglobal.com\/ca\/pores-minimizing\/?lang=fr#listItem","position":2,"name":"Pore Refiner | Pore-Minimizing Treatment | MONAT Skincare","previousItem":{"@type":"ListItem","@id":"https:\/\/monatglobal.com\/ca#listItem","name":"Home"}}]},{"@type":"Organization","@id":"https:\/\/monatglobal.com\/ca\/#organization","name":"Monat Canada English","description":"We Are Modern Nature","url":"https:\/\/monatglobal.com\/ca\/"},{"@type":"WebPage","@id":"https:\/\/monatglobal.com\/ca\/pores-minimizing\/?lang=fr#webpage","url":"https:\/\/monatglobal.com\/ca\/pores-minimizing\/?lang=fr","name":"Pore Refiner | Pore-Minimizing Treatment | MONAT Skincare - Monat Canada English","description":"NOUVEAU NOUVEAU Affineur de pores MONAT Traitement minimisant les pores R\u00e9duit l'apparence des pores et la brillance non d\u00e9sir\u00e9e. 30 ml e 1 oz liq. Retail Price$00.00 (USD) VIP Customer Price$00.00 (USD) Pour en savoir plus sur l'Affineur de pores MONAT, veuillez contacter votre partenaire de march\u00e9 MONAT. BIENFAITS Id\u00e9al pour la peau grasse ou","inLanguage":"en-US","isPartOf":{"@id":"https:\/\/monatglobal.com\/ca\/#website"},"breadcrumb":{"@id":"https:\/\/monatglobal.com\/ca\/pores-minimizing\/?lang=fr#breadcrumblist"},"image":{"@type":"ImageObject","url":"https:\/\/monatglobal.com\/ca\/wp-content\/uploads\/sites\/5\/2023\/12\/pore-refiner-ecomm-2023-min.png","@id":"https:\/\/monatglobal.com\/ca\/pores-minimizing\/?lang=fr\/#mainImage","width":641,"height":800},"primaryImageOfPage":{"@id":"https:\/\/monatglobal.com\/ca\/pores-minimizing\/?lang=fr#mainImage"},"datePublished":"2023-12-18T08:52:16-05:00","dateModified":"2026-01-19T14:45:49-05:00"},{"@type":"WebSite","@id":"https:\/\/monatglobal.com\/ca\/#website","url":"https:\/\/monatglobal.com\/ca\/","name":"Monat Canada English","description":"We Are Modern Nature","inLanguage":"en-US","publisher":{"@id":"https:\/\/monatglobal.com\/ca\/#organization"}}]},"og:locale":"en_US","og:site_name":"Monat Canada English - We Are Modern Nature","og:type":"article","og:title":"Pore Refiner | Pore-Minimizing Treatment | MONAT Skincare - Monat Canada English","og:description":"NOUVEAU NOUVEAU Affineur de pores MONAT Traitement minimisant les pores R\u00e9duit l'apparence des pores et la brillance non d\u00e9sir\u00e9e. 30 ml e 1 oz liq. Retail Price$00.00 (USD) VIP Customer Price$00.00 (USD) Pour en savoir plus sur l'Affineur de pores MONAT, veuillez contacter votre partenaire de march\u00e9 MONAT. BIENFAITS Id\u00e9al pour la peau grasse ou","og:url":"https:\/\/monatglobal.com\/ca\/pores-minimizing\/?lang=fr","article:published_time":"2023-12-18T13:52:16+00:00","article:modified_time":"2026-01-19T19:45:49+00:00","twitter:card":"summary_large_image","twitter:title":"Pore Refiner | Pore-Minimizing Treatment | MONAT Skincare - Monat Canada English","twitter:description":"NOUVEAU NOUVEAU Affineur de pores MONAT Traitement minimisant les pores R\u00e9duit l'apparence des pores et la brillance non d\u00e9sir\u00e9e. 30 ml e 1 oz liq. Retail Price$00.00 (USD) VIP Customer Price$00.00 (USD) Pour en savoir plus sur l'Affineur de pores MONAT, veuillez contacter votre partenaire de march\u00e9 MONAT. BIENFAITS Id\u00e9al pour la peau grasse ou"},"aioseo_meta_data":{"post_id":"87351","title":null,"description":null,"keywords":[],"keyphrases":{"focus":{"keyphrase":"","score":0,"analysis":{"keyphraseInTitle":{"score":0,"maxScore":9,"error":1}}},"additional":[]},"primary_term":null,"canonical_url":null,"og_title":null,"og_description":null,"og_object_type":"default","og_image_type":"default","og_image_url":null,"og_image_width":null,"og_image_height":null,"og_image_custom_url":null,"og_image_custom_fields":null,"og_video":"","og_custom_url":null,"og_article_section":null,"og_article_tags":[],"twitter_use_og":false,"twitter_card":"default","twitter_image_type":"default","twitter_image_url":null,"twitter_image_custom_url":null,"twitter_image_custom_fields":null,"twitter_title":null,"twitter_description":null,"schema":{"blockGraphs":[],"customGraphs":[],"default":{"data":{"Article":[],"Course":[],"Dataset":[],"FAQPage":[],"Movie":[],"Person":[],"Product":[],"ProductReview":[],"Car":[],"Recipe":[],"Service":[],"SoftwareApplication":[],"WebPage":[]},"graphName":"WebPage","isEnabled":true},"graphs":[]},"schema_type":"default","schema_type_options":null,"pillar_content":false,"robots_default":true,"robots_noindex":false,"robots_noarchive":false,"robots_nosnippet":false,"robots_nofollow":false,"robots_noimageindex":false,"robots_noodp":false,"robots_notranslate":false,"robots_max_snippet":"-1","robots_max_videopreview":"-1","robots_max_imagepreview":"large","priority":null,"frequency":"default","local_seo":null,"seo_analyzer_scan_date":"2026-02-10 20:59:57","limit_modified_date":false,"reviewed_by":null,"open_ai":null,"ai":null,"created":"2023-12-11 21:23:25","updated":"2026-02-10 20:59:57"},"aioseo_breadcrumb":"<div class=\"aioseo-breadcrumbs\"><span class=\"aioseo-breadcrumb\">\n\t<a href=\"https:\/\/monatglobal.com\/ca\" title=\"Home\">Home<\/a>\n<\/span><span class=\"aioseo-breadcrumb-separator\">&raquo;<\/span><span class=\"aioseo-breadcrumb\">\n\tPore Refiner | Pore-Minimizing Treatment | MONAT Skincare\n<\/span><\/div>","aioseo_breadcrumb_json":[{"label":"Home","link":"https:\/\/monatglobal.com\/ca"},{"label":"Pore Refiner | Pore-Minimizing Treatment | MONAT Skincare","link":"https:\/\/monatglobal.com\/ca\/pores-minimizing\/?lang=fr"}],"_links":{"self":[{"href":"https:\/\/monatglobal.com\/ca\/wp-json\/wp\/v2\/pages\/87351","targetHints":{"allow":["GET"]}}],"collection":[{"href":"https:\/\/monatglobal.com\/ca\/wp-json\/wp\/v2\/pages"}],"about":[{"href":"https:\/\/monatglobal.com\/ca\/wp-json\/wp\/v2\/types\/page"}],"author":[{"embeddable":true,"href":"https:\/\/monatglobal.com\/ca\/wp-json\/wp\/v2\/users\/47"}],"replies":[{"embeddable":true,"href":"https:\/\/monatglobal.com\/ca\/wp-json\/wp\/v2\/comments?post=87351"}],"version-history":[{"count":27,"href":"https:\/\/monatglobal.com\/ca\/wp-json\/wp\/v2\/pages\/87351\/revisions"}],"predecessor-version":[{"id":110145,"href":"https:\/\/monatglobal.com\/ca\/wp-json\/wp\/v2\/pages\/87351\/revisions\/110145"}],"wp:featuredmedia":[{"embeddable":true,"href":"https:\/\/monatglobal.com\/ca\/wp-json\/wp\/v2\/media\/87455"}],"wp:attachment":[{"href":"https:\/\/monatglobal.com\/ca\/wp-json\/wp\/v2\/media?parent=87351"}],"wp:term":[{"taxonomy":"category","embeddable":true,"href":"https:\/\/monatglobal.com\/ca\/wp-json\/wp\/v2\/categories?post=87351"},{"taxonomy":"post_tag","embeddable":true,"href":"https:\/\/monatglobal.com\/ca\/wp-json\/wp\/v2\/tags?post=87351"}],"curies":[{"name":"wp","href":"https:\/\/api.w.org\/{rel}","templated":true}]}}