{"id":84115,"date":"2023-09-12T16:36:50","date_gmt":"2023-09-12T20:36:50","guid":{"rendered":"https:\/\/monatglobal.com\/ca\/?page_id=84115"},"modified":"2023-10-02T13:10:53","modified_gmt":"2023-10-02T17:10:53","slug":"n-h","status":"publish","type":"page","link":"https:\/\/monatglobal.com\/ca\/n-h\/?lang=fr","title":{"rendered":"n h"},"content":{"rendered":"\n\n\t<!--Banner-->\n        <a href=\"\/ca\/?page_id=73361&#038;lang=fr#color\" aria-label=\"goes to MONAT Skincare Makeup\">\n            \n                <source media=\"(max-width: 700px)\" srcset=\"https:\/\/monatglobal.com\/wp-content\/uploads\/2023\/08\/gel-cream-blush-peach-directions-desktop-mobile-min.jpg\"\/>\n                <img decoding=\"async\" src=\"https:\/\/monatglobal.com\/wp-content\/uploads\/2023\/08\/liquid-gel-cream-blush-shade-berry-benefits-desktop-min.jpg\" alt=\" \"\/>\n            \n            <video src=\"https:\/\/monatglobal.com\/ca\/wp-content\/uploads\/sites\/5\/2023\/08\/monat-makeup-video-banner.mp4\" loop muted autoplay><\/video>\n                    NOUVEAU\n                <h2>Maquillage <br \/> soin<\/h2>\n                   <img decoding=\"async\" src=\"https:\/\/monatglobal.com\/wp-content\/uploads\/2023\/08\/monat-logo-white-1.svg\" alt=\"Monat logo\"\/>\n                <p>L&#8217;avenir du maquillage arrive bient\u00f4t<\/p>\n                <p>L&#8217;AVENIR DU MAQUILLAGE EST ARRIV\u00c9.<\/p>\n        <\/a>\n        <a href=\"\/ca\/?page_id=18445&#038;lang=fr\" aria-label=\"goes to REJUVABEADS\u2122 by MONAT\">\n            \n                <source media=\"(max-width: 700px)\" srcset=\"https:\/\/monatglobal.com\/wp-content\/uploads\/2023\/08\/august-banner-rejuvabeads-mobile.jpg\"\/>\n                <img decoding=\"async\" src=\"https:\/\/monatglobal.com\/wp-content\/uploads\/2023\/08\/august-banner-rejuvabeads-desk.jpg\" alt=\" \"\/>\n            \n                <h2>REJUVABEADS\u2122<br \/>par MONAT<\/h2>\n                <p>Cible et r\u00e9pare les pointes fourchues et les autres surfaces endommag\u00e9es le long de la tige du&nbsp;cheveu.<\/p>\n        <\/a>\n        <a href=\"\/ca\/?page_id=72761&#038;lang=fr#sand\" aria-label=\"Goes to MONAT BB Cream SPF 40 page\">\n            \n                <source media=\"(max-width: 700px)\" srcset=\"https:\/\/monatglobal.com\/wp-content\/uploads\/2023\/08\/august-banner-bbcream-mobile.jpg\"\/>\n                <img decoding=\"async\" src=\"https:\/\/monatglobal.com\/wp-content\/uploads\/2023\/08\/august-banner-bbcream-desk.jpg\" alt=\" \"\/>\n            \n                <h3>MONAT<\/h3>\n                <h2>BB Cream<br \/>SPF 40\u2122<\/h2>\n                <p>Une l\u00e9g\u00e8re cr\u00e8me hydratante teint\u00e9e offrant une couvrance l\u00e9g\u00e8re et une protection solaire en une seule&nbsp;formule!<\/p>\n        <\/a>\n     <!--Progressbar -->\n<!--Banner end-->\n<!-- \/Newest slider -->\n    <h2>Nouveaut\u00e9s<\/h2>\n<!-- Newest slider\/ -->\n<!-- \/Links to product lines -->\n    <a href=\"\/ca\/?page_id=71549&#038;lang=fr\">\n        <p>CHEVEUX<\/p>\n        <img decoding=\"async\" src=\"https:\/\/monatglobal.com\/wp-content\/uploads\/2023\/07\/haircare_home-min.jpg\" alt=\"brunette woman smiling with her hand on her hair\"\/>\n        <img decoding=\"async\" src=\"https:\/\/monatglobal.com\/wp-content\/uploads\/2023\/08\/fw-arrow.svg\" alt=\"Arrow\"\/>\n    <\/a>\n    <a href=\"\/ca\/?page_id=73361&#038;lang=fr\">\n        <p>PEAU<\/p>\n        <img decoding=\"async\" src=\"https:\/\/monatglobal.com\/wp-content\/uploads\/2023\/08\/skincare_homepage-min-1-min.jpg\" alt=\"a woman posing with beared back with and hand on her shoulder\"\/>\n        <img decoding=\"async\" src=\"https:\/\/monatglobal.com\/wp-content\/uploads\/2023\/08\/fw-arrow.svg\" alt=\"Arrow\"\/>\n    <\/a>\n    <a href=\"\/ca\/?page_id=73224&#038;lang=fr\">\n        <p>BIEN-\u00caTRE<\/p>\n        <img decoding=\"async\" src=\"https:\/\/monatglobal.com\/wp-content\/uploads\/2023\/07\/wellness_home-.jpg\" alt=\"woman holding a green smoothie next to a glass and a container of Total Greens \"\/>\n        <img decoding=\"async\" src=\"https:\/\/monatglobal.com\/wp-content\/uploads\/2023\/08\/fw-arrow.svg\" alt=\"Arrow\"\/>\n    <\/a>\n<!-- Links to product lines\/ -->\n<!-- \/Best sellers slider -->\n    <h2>Meilleurs vendeurs<\/h2>\n<!-- Best sellers slider\/ -->\n<!-- \/Discover Monat -->\n            <h2>D\u00e9couvrez <br \/>MONAT<\/h2>\n            <a href=\"https:\/\/mymonat.com\/pyr_core\/v2_enrollments\/select_market?sponsor_id=&#038;enroll_params=profile_form_type%3Dcustomer&#038;market=ca&#038;lang_code=fr\" aria-label=\"go to Retail market Partner enrollment flow page\" target=\"_blank\" rel=\"noopener\"><p>PARTENAIRE DE MARCH\u00c9 <\/p><\/a>\n            <a href=\"https:\/\/mymonat.com\/pyr_core\/v2_enrollments\/select_market?sponsor_id=&#038;enroll_params=profile_form_type%3Dvip_for_life&#038;market=ca&#038;lang_code=fr\" aria-label=\"go to VIP Customer enrollment flow\" target=\"_blank\" rel=\"noopener\"><p>VIP<\/p><\/a>\n            <a href=\"https:\/\/mymonat.com\/pyr_core\/v2_enrollments\/select_market?sponsor_id=&#038;enroll_params=profile_form_type%3Dexpress&#038;market=ca&#038;lang_code=fr\" aria-label=\"go to Retail Customer enrollment flow\" target=\"_blank\" rel=\"noopener\"><p>CLIENT DE D\u00c9TAIL<\/p><\/a> \n<!-- Discover Monat\/ -->\n<!-- \/Monat awards slider -->\n    <h2>Tel que vu dans<\/h2>\n                <img decoding=\"async\" src=\"https:\/\/monatglobal.com\/au\/wp-content\/uploads\/sites\/12\/2021\/09\/Think_Global_Awards_Logo.jpg\" alt=\"logo of Think Global Awards\"\/>\n                <p>Think Global&nbsp;Awards<\/p>\n                <p>&#8211; Prix Brand of the Year<\/p>\n                <img decoding=\"async\" src=\"https:\/\/monatglobal.com\/au\/wp-content\/uploads\/sites\/12\/2021\/09\/G100_GlobeLogo_OneHundred-1.jpg\" alt=\"logo of Direct Selling News Global 100\"\/>\n                <p>Direct Selling News Global 100&nbsp;list<\/p>\n                <p>&#8211; Class\u00e9e au 24e rang<\/p>\n                <img decoding=\"async\" src=\"https:\/\/monatglobal.com\/au\/wp-content\/uploads\/sites\/12\/2021\/09\/business-journal.jpg\" alt=\"logo of South Florida Business Journal\"\/>\n                <p>South Florida Business Journal list of Power Leaders&nbsp;2020<\/p>\n                <p>&#8211; Ray Urdaneta<\/p>\n                <img decoding=\"async\" src=\"https:\/\/monatglobal.com\/au\/wp-content\/uploads\/sites\/12\/2021\/09\/inc5000-blog_award.jpg\" alt=\"logo of Inc. 5000 List of America's Fastest-Growing Private Companies\"\/>\n                <p>Inc. 5000 List of America&#8217;s Fastest-Growing Private&nbsp;Companies<\/p>\n                <p>&#8211; Class\u00e9e au 653e rang<\/p>\n                <img decoding=\"async\" src=\"https:\/\/monatglobal.com\/au\/wp-content\/uploads\/sites\/12\/2021\/09\/stevie-gold.jpg\" alt=\"logo of Gold Stevie Winner\"\/>\n                <p>MONAT Global: Gold Stevie&nbsp;Winner<\/p>\n                <p>Cat\u00e9gorie : <br \/>Entreprise de l&#8217;ann\u00e9e &#8211; D\u00e9tail &#8211; Grande taille<\/p>\n                <img decoding=\"async\" src=\"https:\/\/monatglobal.com\/au\/wp-content\/uploads\/sites\/12\/2021\/09\/stevie-bronze.jpg\" alt=\"logo of Bronze Stevie Winner\"\/>\n                <p>MONAT International Expansion: Bronze Stevie&nbsp;Winner<\/p>\n                <p>Cat\u00e9gorie : <br \/>Prix de r\u00e9alisation pour l&#8217;expansion internationale<\/p>\n        <!-- If we need paginations -->\n<!-- Monat awards slider\/ --> \n\n","protected":false},"excerpt":{"rendered":"<p>NOUVEAU Maquillage soin L&#8217;avenir du maquillage arrive bient\u00f4t L&#8217;AVENIR DU MAQUILLAGE EST ARRIV\u00c9. REJUVABEADS\u2122par MONAT Cible et r\u00e9pare les pointes fourchues et les autres surfaces endommag\u00e9es le long de la tige du&nbsp;cheveu. MONAT BB CreamSPF 40\u2122 Une l\u00e9g\u00e8re cr\u00e8me hydratante teint\u00e9e offrant une couvrance l\u00e9g\u00e8re et une protection solaire en une seule&nbsp;formule! Nouveaut\u00e9s CHEVEUX PEAU&hellip;<\/p>\n","protected":false},"author":47,"featured_media":0,"parent":0,"menu_order":0,"comment_status":"closed","ping_status":"closed","template":"","meta":{"inline_featured_image":false,"om_disable_all_campaigns":false,"_monsterinsights_skip_tracking":false,"_monsterinsights_sitenote_active":false,"_monsterinsights_sitenote_note":"","_monsterinsights_sitenote_category":0,"footnotes":""},"categories":[],"tags":[],"class_list":["post-84115","page","type-page","status-publish","hentry"],"aioseo_notices":[],"aioseo_head":"\n\t\t<!-- All in One SEO Pro 4.9.5.2 - aioseo.com -->\n\t<meta name=\"description\" content=\"NOUVEAU Maquillage soin L&#039;avenir du maquillage arrive bient\u00f4t L&#039;AVENIR DU MAQUILLAGE EST ARRIV\u00c9. REJUVABEADS\u2122par MONAT Cible et r\u00e9pare les pointes fourchues et les autres surfaces endommag\u00e9es le long de la tige du cheveu. MONAT BB CreamSPF 40\u2122 Une l\u00e9g\u00e8re cr\u00e8me hydratante teint\u00e9e offrant une couvrance l\u00e9g\u00e8re et une protection solaire en une seule formule! Nouveaut\u00e9s CHEVEUX PEAU\" \/>\n\t<meta name=\"robots\" content=\"max-image-preview:large\" \/>\n\t<link rel=\"canonical\" href=\"https:\/\/monatglobal.com\/ca\/n-h\/?lang=fr\" \/>\n\t<meta name=\"generator\" content=\"All in One SEO Pro (AIOSEO) 4.9.5.2\" \/>\n\t\t<meta property=\"og:locale\" content=\"en_US\" \/>\n\t\t<meta property=\"og:site_name\" content=\"Monat Canada English - We Are Modern Nature\" \/>\n\t\t<meta property=\"og:type\" content=\"article\" \/>\n\t\t<meta property=\"og:title\" content=\"n h - Monat Canada English\" \/>\n\t\t<meta property=\"og:description\" content=\"NOUVEAU Maquillage soin L&#039;avenir du maquillage arrive bient\u00f4t L&#039;AVENIR DU MAQUILLAGE EST ARRIV\u00c9. REJUVABEADS\u2122par MONAT Cible et r\u00e9pare les pointes fourchues et les autres surfaces endommag\u00e9es le long de la tige du cheveu. MONAT BB CreamSPF 40\u2122 Une l\u00e9g\u00e8re cr\u00e8me hydratante teint\u00e9e offrant une couvrance l\u00e9g\u00e8re et une protection solaire en une seule formule! Nouveaut\u00e9s CHEVEUX PEAU\" \/>\n\t\t<meta property=\"og:url\" content=\"https:\/\/monatglobal.com\/ca\/n-h\/?lang=fr\" \/>\n\t\t<meta property=\"article:published_time\" content=\"2023-09-12T20:36:50+00:00\" \/>\n\t\t<meta property=\"article:modified_time\" content=\"2023-10-02T17:10:53+00:00\" \/>\n\t\t<meta name=\"twitter:card\" content=\"summary_large_image\" \/>\n\t\t<meta name=\"twitter:title\" content=\"n h - Monat Canada English\" \/>\n\t\t<meta name=\"twitter:description\" content=\"NOUVEAU Maquillage soin L&#039;avenir du maquillage arrive bient\u00f4t L&#039;AVENIR DU MAQUILLAGE EST ARRIV\u00c9. REJUVABEADS\u2122par MONAT Cible et r\u00e9pare les pointes fourchues et les autres surfaces endommag\u00e9es le long de la tige du cheveu. MONAT BB CreamSPF 40\u2122 Une l\u00e9g\u00e8re cr\u00e8me hydratante teint\u00e9e offrant une couvrance l\u00e9g\u00e8re et une protection solaire en une seule formule! Nouveaut\u00e9s CHEVEUX PEAU\" \/>\n\t\t<script type=\"application\/ld+json\" class=\"aioseo-schema\">\n\t\t\t{\"@context\":\"https:\\\/\\\/schema.org\",\"@graph\":[{\"@type\":\"BreadcrumbList\",\"@id\":\"https:\\\/\\\/monatglobal.com\\\/ca\\\/n-h\\\/?lang=fr#breadcrumblist\",\"itemListElement\":[{\"@type\":\"ListItem\",\"@id\":\"https:\\\/\\\/monatglobal.com\\\/ca#listItem\",\"position\":1,\"name\":\"Home\",\"item\":\"https:\\\/\\\/monatglobal.com\\\/ca\",\"nextItem\":{\"@type\":\"ListItem\",\"@id\":\"https:\\\/\\\/monatglobal.com\\\/ca\\\/n-h\\\/?lang=fr#listItem\",\"name\":\"n h\"}},{\"@type\":\"ListItem\",\"@id\":\"https:\\\/\\\/monatglobal.com\\\/ca\\\/n-h\\\/?lang=fr#listItem\",\"position\":2,\"name\":\"n h\",\"previousItem\":{\"@type\":\"ListItem\",\"@id\":\"https:\\\/\\\/monatglobal.com\\\/ca#listItem\",\"name\":\"Home\"}}]},{\"@type\":\"Organization\",\"@id\":\"https:\\\/\\\/monatglobal.com\\\/ca\\\/#organization\",\"name\":\"Monat Canada English\",\"description\":\"We Are Modern Nature\",\"url\":\"https:\\\/\\\/monatglobal.com\\\/ca\\\/\"},{\"@type\":\"WebPage\",\"@id\":\"https:\\\/\\\/monatglobal.com\\\/ca\\\/n-h\\\/?lang=fr#webpage\",\"url\":\"https:\\\/\\\/monatglobal.com\\\/ca\\\/n-h\\\/?lang=fr\",\"name\":\"n h - Monat Canada English\",\"description\":\"NOUVEAU Maquillage soin L'avenir du maquillage arrive bient\\u00f4t L'AVENIR DU MAQUILLAGE EST ARRIV\\u00c9. REJUVABEADS\\u2122par MONAT Cible et r\\u00e9pare les pointes fourchues et les autres surfaces endommag\\u00e9es le long de la tige du cheveu. MONAT BB CreamSPF 40\\u2122 Une l\\u00e9g\\u00e8re cr\\u00e8me hydratante teint\\u00e9e offrant une couvrance l\\u00e9g\\u00e8re et une protection solaire en une seule formule! Nouveaut\\u00e9s CHEVEUX PEAU\",\"inLanguage\":\"en-US\",\"isPartOf\":{\"@id\":\"https:\\\/\\\/monatglobal.com\\\/ca\\\/#website\"},\"breadcrumb\":{\"@id\":\"https:\\\/\\\/monatglobal.com\\\/ca\\\/n-h\\\/?lang=fr#breadcrumblist\"},\"datePublished\":\"2023-09-12T16:36:50-04:00\",\"dateModified\":\"2023-10-02T13:10:53-04:00\"},{\"@type\":\"WebSite\",\"@id\":\"https:\\\/\\\/monatglobal.com\\\/ca\\\/#website\",\"url\":\"https:\\\/\\\/monatglobal.com\\\/ca\\\/\",\"name\":\"Monat Canada English\",\"description\":\"We Are Modern Nature\",\"inLanguage\":\"en-US\",\"publisher\":{\"@id\":\"https:\\\/\\\/monatglobal.com\\\/ca\\\/#organization\"}}]}\n\t\t<\/script>\n\t\t<!-- All in One SEO Pro -->\r\n\t\t<title>n h - Monat Canada English<\/title>\n\n","aioseo_head_json":{"title":"n h - Monat Canada English","description":"NOUVEAU Maquillage soin L'avenir du maquillage arrive bient\u00f4t L'AVENIR DU MAQUILLAGE EST ARRIV\u00c9. REJUVABEADS\u2122par MONAT Cible et r\u00e9pare les pointes fourchues et les autres surfaces endommag\u00e9es le long de la tige du cheveu. MONAT BB CreamSPF 40\u2122 Une l\u00e9g\u00e8re cr\u00e8me hydratante teint\u00e9e offrant une couvrance l\u00e9g\u00e8re et une protection solaire en une seule formule! Nouveaut\u00e9s CHEVEUX PEAU","canonical_url":"https:\/\/monatglobal.com\/ca\/n-h\/?lang=fr","robots":"max-image-preview:large","keywords":"","webmasterTools":{"miscellaneous":""},"schema":{"@context":"https:\/\/schema.org","@graph":[{"@type":"BreadcrumbList","@id":"https:\/\/monatglobal.com\/ca\/n-h\/?lang=fr#breadcrumblist","itemListElement":[{"@type":"ListItem","@id":"https:\/\/monatglobal.com\/ca#listItem","position":1,"name":"Home","item":"https:\/\/monatglobal.com\/ca","nextItem":{"@type":"ListItem","@id":"https:\/\/monatglobal.com\/ca\/n-h\/?lang=fr#listItem","name":"n h"}},{"@type":"ListItem","@id":"https:\/\/monatglobal.com\/ca\/n-h\/?lang=fr#listItem","position":2,"name":"n h","previousItem":{"@type":"ListItem","@id":"https:\/\/monatglobal.com\/ca#listItem","name":"Home"}}]},{"@type":"Organization","@id":"https:\/\/monatglobal.com\/ca\/#organization","name":"Monat Canada English","description":"We Are Modern Nature","url":"https:\/\/monatglobal.com\/ca\/"},{"@type":"WebPage","@id":"https:\/\/monatglobal.com\/ca\/n-h\/?lang=fr#webpage","url":"https:\/\/monatglobal.com\/ca\/n-h\/?lang=fr","name":"n h - Monat Canada English","description":"NOUVEAU Maquillage soin L'avenir du maquillage arrive bient\u00f4t L'AVENIR DU MAQUILLAGE EST ARRIV\u00c9. REJUVABEADS\u2122par MONAT Cible et r\u00e9pare les pointes fourchues et les autres surfaces endommag\u00e9es le long de la tige du cheveu. MONAT BB CreamSPF 40\u2122 Une l\u00e9g\u00e8re cr\u00e8me hydratante teint\u00e9e offrant une couvrance l\u00e9g\u00e8re et une protection solaire en une seule formule! Nouveaut\u00e9s CHEVEUX PEAU","inLanguage":"en-US","isPartOf":{"@id":"https:\/\/monatglobal.com\/ca\/#website"},"breadcrumb":{"@id":"https:\/\/monatglobal.com\/ca\/n-h\/?lang=fr#breadcrumblist"},"datePublished":"2023-09-12T16:36:50-04:00","dateModified":"2023-10-02T13:10:53-04:00"},{"@type":"WebSite","@id":"https:\/\/monatglobal.com\/ca\/#website","url":"https:\/\/monatglobal.com\/ca\/","name":"Monat Canada English","description":"We Are Modern Nature","inLanguage":"en-US","publisher":{"@id":"https:\/\/monatglobal.com\/ca\/#organization"}}]},"og:locale":"en_US","og:site_name":"Monat Canada English - We Are Modern Nature","og:type":"article","og:title":"n h - Monat Canada English","og:description":"NOUVEAU Maquillage soin L'avenir du maquillage arrive bient\u00f4t L'AVENIR DU MAQUILLAGE EST ARRIV\u00c9. REJUVABEADS\u2122par MONAT Cible et r\u00e9pare les pointes fourchues et les autres surfaces endommag\u00e9es le long de la tige du cheveu. MONAT BB CreamSPF 40\u2122 Une l\u00e9g\u00e8re cr\u00e8me hydratante teint\u00e9e offrant une couvrance l\u00e9g\u00e8re et une protection solaire en une seule formule! Nouveaut\u00e9s CHEVEUX PEAU","og:url":"https:\/\/monatglobal.com\/ca\/n-h\/?lang=fr","article:published_time":"2023-09-12T20:36:50+00:00","article:modified_time":"2023-10-02T17:10:53+00:00","twitter:card":"summary_large_image","twitter:title":"n h - Monat Canada English","twitter:description":"NOUVEAU Maquillage soin L'avenir du maquillage arrive bient\u00f4t L'AVENIR DU MAQUILLAGE EST ARRIV\u00c9. REJUVABEADS\u2122par MONAT Cible et r\u00e9pare les pointes fourchues et les autres surfaces endommag\u00e9es le long de la tige du cheveu. MONAT BB CreamSPF 40\u2122 Une l\u00e9g\u00e8re cr\u00e8me hydratante teint\u00e9e offrant une couvrance l\u00e9g\u00e8re et une protection solaire en une seule formule! Nouveaut\u00e9s CHEVEUX PEAU"},"aioseo_meta_data":{"post_id":"84115","title":null,"description":null,"keywords":[],"keyphrases":{"focus":{"keyphrase":"","score":0,"analysis":{"keyphraseInTitle":{"score":0,"maxScore":9,"error":1}}},"additional":[]},"primary_term":null,"canonical_url":null,"og_title":null,"og_description":null,"og_object_type":"default","og_image_type":"default","og_image_url":null,"og_image_width":null,"og_image_height":null,"og_image_custom_url":null,"og_image_custom_fields":null,"og_video":"","og_custom_url":null,"og_article_section":null,"og_article_tags":[],"twitter_use_og":false,"twitter_card":"default","twitter_image_type":"default","twitter_image_url":null,"twitter_image_custom_url":null,"twitter_image_custom_fields":null,"twitter_title":null,"twitter_description":null,"schema":{"blockGraphs":[],"customGraphs":[],"default":{"data":{"Article":[],"Course":[],"Dataset":[],"FAQPage":[],"Movie":[],"Person":[],"Product":[],"ProductReview":[],"Car":[],"Recipe":[],"Service":[],"SoftwareApplication":[],"WebPage":[]},"graphName":"WebPage","isEnabled":true},"graphs":[]},"schema_type":"default","schema_type_options":null,"pillar_content":false,"robots_default":true,"robots_noindex":false,"robots_noarchive":false,"robots_nosnippet":false,"robots_nofollow":false,"robots_noimageindex":false,"robots_noodp":false,"robots_notranslate":false,"robots_max_snippet":"-1","robots_max_videopreview":"-1","robots_max_imagepreview":"large","priority":null,"frequency":"default","local_seo":null,"seo_analyzer_scan_date":"2026-02-10 20:55:36","limit_modified_date":false,"reviewed_by":null,"open_ai":null,"ai":null,"created":"2023-09-12 20:18:50","updated":"2026-02-10 20:55:36"},"aioseo_breadcrumb":"<div class=\"aioseo-breadcrumbs\"><span class=\"aioseo-breadcrumb\">\n\t<a href=\"https:\/\/monatglobal.com\/ca\" title=\"Home\">Home<\/a>\n<\/span><span class=\"aioseo-breadcrumb-separator\">&raquo;<\/span><span class=\"aioseo-breadcrumb\">\n\tn h\n<\/span><\/div>","aioseo_breadcrumb_json":[{"label":"Home","link":"https:\/\/monatglobal.com\/ca"},{"label":"n h","link":"https:\/\/monatglobal.com\/ca\/n-h\/?lang=fr"}],"_links":{"self":[{"href":"https:\/\/monatglobal.com\/ca\/wp-json\/wp\/v2\/pages\/84115","targetHints":{"allow":["GET"]}}],"collection":[{"href":"https:\/\/monatglobal.com\/ca\/wp-json\/wp\/v2\/pages"}],"about":[{"href":"https:\/\/monatglobal.com\/ca\/wp-json\/wp\/v2\/types\/page"}],"author":[{"embeddable":true,"href":"https:\/\/monatglobal.com\/ca\/wp-json\/wp\/v2\/users\/47"}],"replies":[{"embeddable":true,"href":"https:\/\/monatglobal.com\/ca\/wp-json\/wp\/v2\/comments?post=84115"}],"version-history":[{"count":12,"href":"https:\/\/monatglobal.com\/ca\/wp-json\/wp\/v2\/pages\/84115\/revisions"}],"predecessor-version":[{"id":84260,"href":"https:\/\/monatglobal.com\/ca\/wp-json\/wp\/v2\/pages\/84115\/revisions\/84260"}],"wp:attachment":[{"href":"https:\/\/monatglobal.com\/ca\/wp-json\/wp\/v2\/media?parent=84115"}],"wp:term":[{"taxonomy":"category","embeddable":true,"href":"https:\/\/monatglobal.com\/ca\/wp-json\/wp\/v2\/categories?post=84115"},{"taxonomy":"post_tag","embeddable":true,"href":"https:\/\/monatglobal.com\/ca\/wp-json\/wp\/v2\/tags?post=84115"}],"curies":[{"name":"wp","href":"https:\/\/api.w.org\/{rel}","templated":true}]}}