{"id":84105,"date":"2023-09-15T08:01:52","date_gmt":"2023-09-15T12:01:52","guid":{"rendered":"https:\/\/monatglobal.com\/ca\/?page_id=84105"},"modified":"2024-01-08T12:53:09","modified_gmt":"2024-01-08T17:53:09","slug":"color-pop-tour","status":"publish","type":"page","link":"https:\/\/monatglobal.com\/ca\/color-pop-tour\/?lang=fr","title":{"rendered":"Color Pop Tour"},"content":{"rendered":"\n\n        <img decoding=\"async\" src=\"https:\/\/monatglobal.com\/wp-content\/uploads\/2023\/09\/colorPopLogo_CAN_FR.gif\" alt=\"Colorpop logo\"\/>\n            <h1>Tombez en amour pendant <\/h1>\n            <h2>un \u00e9v\u00e8nement MONAT Colour Pop!<\/h2>\n                Venez voir, toucher, essayer et tomber en amour avec le maquillage soin MONAT\n                pendant un nouvel \u00e9v\u00e8nement interactif qui aura lieu partout en Am\u00e9rique du Nord cet automne!\n    <!-- end of hero container  --------------------------------------------------->\n      <h2>L&#8217;ultime exp\u00e9rience maquillage pour vous et vos invit\u00e9s.<\/h2>\n      <img decoding=\"async\" src=\"https:\/\/monatglobal.com\/wp-content\/uploads\/2023\/09\/Makeup-Skin-Care_Products.jpg\" alt=\"MONAT Skincare Makeup group\"\/>\n  <!-- end of makeup experience container  --------------------------------------------------->\n            <img decoding=\"async\" src=\"https:\/\/monatglobal.com\/wp-content\/uploads\/2023\/09\/card-1.jpg\" alt=\"discover Skincare Makeup\"\/>\n            <h2>D\u00e9couvrez notre nouvelle gamme innovatrice de maquillage qui dorlote la peau<\/h2>\n            <p>gr\u00e2ce aux d\u00e9monstrations de produits interactives<\/p>\n            <img decoding=\"async\" src=\"https:\/\/monatglobal.com\/wp-content\/uploads\/2023\/09\/5minutes.jpg\" alt=\"discover Skincare Makeup\"\/>\n            <h2>Faites une mise en <br \/>beaut\u00e9 en cinq minutes<\/h2>\n            <p>et cr\u00e9ez votre look id\u00e9al en un rien de temps<\/p>\n            <img decoding=\"async\" src=\"https:\/\/monatglobal.com\/wp-content\/uploads\/2023\/09\/card-3.png\" alt=\"discover Skincare Makeup\"\/>\n            <h2>Les invit\u00e9s repartiront <br \/>avec des \u00e9chantillons<\/h2>\n            <p>de produits MONAT populaires!<\/p>\n  <!-- end of makeup cards container  --------------------------------------------------->\n          <img decoding=\"async\" src=\"https:\/\/monatglobal.com\/wp-content\/uploads\/2023\/09\/city-near-you_CAN_FR-1.svg\" alt=\"Bient\u00f4t dans une ville pr\u00e8s de chez vous.\"\/>\n<h2>D\u00e9couvrez o\u00f9 sera l&#8217;\u00e9quipe du si\u00e8ge social de MONAT,<br \/>invitez TOUT LE MONDE et inscrivez-vous d\u00e8s aujourd&#8217;hui!<\/h2>\n          <img decoding=\"async\" src=\"https:\/\/monatglobal.com\/wp-content\/uploads\/2023\/09\/MONAT-Colour-Pop-Tour_CA_FR.png\" alt=\"ColorPop Tour QR code\"\/>\n                    <a href=\"https:\/\/www.eventbrite.ca\/o\/monat-canada-sales-team-events-9383463652\">S&#8217;INSCRIRE<\/a>\n        <p>Il vous faudra votre no de partenaire de march\u00e9 et votre adresse courriel pour vous connecter.<br \/>La p\u00e9riode d&#8217;inscription se termine la veille de chaque \u00e9v\u00e8nement.<\/p>\n      <!-- end of colorpop events container  --------------------------------------------------->\n          <img decoding=\"async\" src=\"https:\/\/monatglobal.com\/wp-content\/uploads\/2023\/09\/OwnEventUSA.jpg\" alt=\"Tenez votre propre \u00e9v\u00e8nement Colour Pop! \"\/>\n          <img decoding=\"async\" src=\"https:\/\/monatglobal.com\/wp-content\/uploads\/2023\/09\/CreateYourOwn_event_CAN_FR.svg\" alt=\"Tenez votre propre \u00e9v\u00e8nement Colour Pop!\"\/>\n          <p>Ensuite, ce sera \u00e0 votre tour! Le coffre \u00e0 outils Colour Pop contient toutes les ressources num\u00e9riques dont vous aurez besoin pour tenir votre propre \u00e9v\u00e8nement!<\/p>\n            <p>Ajoutez des touches personnelles pour que votre \u00e9v\u00e8nement MONAT soit unique et inoubliable pour vos invit\u00e9s! <\/p>\n              <a href=\"https:\/\/mymonat.com\/crm\/resource_library\/r\/586\">COFFRE \u00c0 OUTILS COLOUR POP<\/a>\n      <!-- end of colorpop own event container  --------------------------------------------------->\n        <h2>\n        Affichez votre<br \/>gratitude!\n        <\/h2>\n        <p>Vous vous sentirez bien en sachant que 5 $ CA provenant des frais d&#8217;inscription pour les partenaires de march\u00e9 et les invit\u00e9s qui participent \u00e0 un \u00e9v\u00e8nement Pop-Up d&#8217;\u00e9t\u00e9 appuieront les programmes \u00e9ducatifs pour les jeunes de la fondation MONAT Gratitude! <\/p>\n          <img decoding=\"async\" src=\"https:\/\/monatglobal.com\/wp-content\/uploads\/2023\/09\/Gratitude_Grants.jpg\" alt=\"Colorpop own event\"\/>\n      <!-- end of gratitude container  ------------------------------------------------- -->\n\n","protected":false},"excerpt":{"rendered":"<p>Tombez en amour pendant un \u00e9v\u00e8nement MONAT Colour Pop! Venez voir, toucher, essayer et tomber en amour avec le maquillage soin MONAT pendant un nouvel \u00e9v\u00e8nement interactif qui aura lieu partout en Am\u00e9rique du Nord cet automne! L&#8217;ultime exp\u00e9rience maquillage pour vous et vos invit\u00e9s. D\u00e9couvrez notre nouvelle gamme innovatrice de maquillage qui dorlote la&hellip;<\/p>\n","protected":false},"author":34,"featured_media":0,"parent":0,"menu_order":0,"comment_status":"closed","ping_status":"closed","template":"","meta":{"inline_featured_image":false,"om_disable_all_campaigns":false,"_monsterinsights_skip_tracking":false,"_monsterinsights_sitenote_active":false,"_monsterinsights_sitenote_note":"","_monsterinsights_sitenote_category":0,"footnotes":""},"categories":[],"tags":[],"class_list":["post-84105","page","type-page","status-publish","hentry"],"aioseo_notices":[],"aioseo_head":"\n\t\t<!-- All in One SEO Pro 4.9.6 - aioseo.com -->\n\t<meta name=\"description\" content=\"Tombez en amour pendant un \u00e9v\u00e8nement MONAT Colour Pop! De septembre \u00e0 octobre 2023 Venez voir, toucher, essayer et tomber en amour avec le maquillage soin MONAT\" \/>\n\t<meta name=\"robots\" content=\"max-image-preview:large\" \/>\n\t<link rel=\"canonical\" href=\"https:\/\/monatglobal.com\/ca\/color-pop-tour\/?lang=fr\" \/>\n\t<meta name=\"generator\" content=\"All in One SEO Pro (AIOSEO) 4.9.6\" \/>\n\t\t<meta property=\"og:locale\" content=\"en_US\" \/>\n\t\t<meta property=\"og:site_name\" content=\"Monat Canada English - We Are Modern Nature\" \/>\n\t\t<meta property=\"og:type\" content=\"article\" \/>\n\t\t<meta property=\"og:title\" content=\"Color Pop Tour - Monat Canada Fran\u00e7ais\" \/>\n\t\t<meta property=\"og:description\" content=\"Tombez en amour pendant un \u00e9v\u00e8nement MONAT Colour Pop! De septembre \u00e0 octobre 2023 Venez voir, toucher, essayer et tomber en amour avec le maquillage soin MONAT\" \/>\n\t\t<meta property=\"og:url\" content=\"https:\/\/monatglobal.com\/ca\/color-pop-tour\/?lang=fr\" \/>\n\t\t<meta property=\"article:published_time\" content=\"2023-09-15T12:01:52+00:00\" \/>\n\t\t<meta property=\"article:modified_time\" content=\"2024-01-08T17:53:09+00:00\" \/>\n\t\t<meta name=\"twitter:card\" content=\"summary_large_image\" \/>\n\t\t<meta name=\"twitter:title\" content=\"Color Pop Tour - Monat Canada Fran\u00e7ais\" \/>\n\t\t<meta name=\"twitter:description\" content=\"Tombez en amour pendant un \u00e9v\u00e8nement MONAT Colour Pop! De septembre \u00e0 octobre 2023 Venez voir, toucher, essayer et tomber en amour avec le maquillage soin MONAT\" \/>\n\t\t<script type=\"application\/ld+json\" class=\"aioseo-schema\">\n\t\t\t{\"@context\":\"https:\\\/\\\/schema.org\",\"@graph\":[{\"@type\":\"BreadcrumbList\",\"@id\":\"https:\\\/\\\/monatglobal.com\\\/ca\\\/color-pop-tour\\\/?lang=fr#breadcrumblist\",\"itemListElement\":[{\"@type\":\"ListItem\",\"@id\":\"https:\\\/\\\/monatglobal.com\\\/ca#listItem\",\"position\":1,\"name\":\"Home\",\"item\":\"https:\\\/\\\/monatglobal.com\\\/ca\",\"nextItem\":{\"@type\":\"ListItem\",\"@id\":\"https:\\\/\\\/monatglobal.com\\\/ca\\\/color-pop-tour\\\/?lang=fr#listItem\",\"name\":\"Color Pop Tour\"}},{\"@type\":\"ListItem\",\"@id\":\"https:\\\/\\\/monatglobal.com\\\/ca\\\/color-pop-tour\\\/?lang=fr#listItem\",\"position\":2,\"name\":\"Color Pop Tour\",\"previousItem\":{\"@type\":\"ListItem\",\"@id\":\"https:\\\/\\\/monatglobal.com\\\/ca#listItem\",\"name\":\"Home\"}}]},{\"@type\":\"Organization\",\"@id\":\"https:\\\/\\\/monatglobal.com\\\/ca\\\/#organization\",\"name\":\"Monat Canada English\",\"description\":\"We Are Modern Nature\",\"url\":\"https:\\\/\\\/monatglobal.com\\\/ca\\\/\"},{\"@type\":\"WebPage\",\"@id\":\"https:\\\/\\\/monatglobal.com\\\/ca\\\/color-pop-tour\\\/?lang=fr#webpage\",\"url\":\"https:\\\/\\\/monatglobal.com\\\/ca\\\/color-pop-tour\\\/?lang=fr\",\"name\":\"Color Pop Tour - Monat Canada Fran\\u00e7ais\",\"description\":\"Tombez en amour pendant un \\u00e9v\\u00e8nement MONAT Colour Pop! De septembre \\u00e0 octobre 2023 Venez voir, toucher, essayer et tomber en amour avec le maquillage soin MONAT\",\"inLanguage\":\"en-US\",\"isPartOf\":{\"@id\":\"https:\\\/\\\/monatglobal.com\\\/ca\\\/#website\"},\"breadcrumb\":{\"@id\":\"https:\\\/\\\/monatglobal.com\\\/ca\\\/color-pop-tour\\\/?lang=fr#breadcrumblist\"},\"datePublished\":\"2023-09-15T08:01:52-04:00\",\"dateModified\":\"2024-01-08T12:53:09-05:00\"},{\"@type\":\"WebSite\",\"@id\":\"https:\\\/\\\/monatglobal.com\\\/ca\\\/#website\",\"url\":\"https:\\\/\\\/monatglobal.com\\\/ca\\\/\",\"name\":\"Monat Canada English\",\"description\":\"We Are Modern Nature\",\"inLanguage\":\"en-US\",\"publisher\":{\"@id\":\"https:\\\/\\\/monatglobal.com\\\/ca\\\/#organization\"}}]}\n\t\t<\/script>\n\t\t<!-- All in One SEO Pro -->\r\n\t\t<title>Color Pop Tour - Monat Canada Fran\u00e7ais<\/title>\n\n","aioseo_head_json":{"title":"Color Pop Tour - Monat Canada Fran\u00e7ais","description":"Tombez en amour pendant un \u00e9v\u00e8nement MONAT Colour Pop! De septembre \u00e0 octobre 2023 Venez voir, toucher, essayer et tomber en amour avec le maquillage soin MONAT","canonical_url":"https:\/\/monatglobal.com\/ca\/color-pop-tour\/?lang=fr","robots":"max-image-preview:large","keywords":"","webmasterTools":{"miscellaneous":""},"schema":{"@context":"https:\/\/schema.org","@graph":[{"@type":"BreadcrumbList","@id":"https:\/\/monatglobal.com\/ca\/color-pop-tour\/?lang=fr#breadcrumblist","itemListElement":[{"@type":"ListItem","@id":"https:\/\/monatglobal.com\/ca#listItem","position":1,"name":"Home","item":"https:\/\/monatglobal.com\/ca","nextItem":{"@type":"ListItem","@id":"https:\/\/monatglobal.com\/ca\/color-pop-tour\/?lang=fr#listItem","name":"Color Pop Tour"}},{"@type":"ListItem","@id":"https:\/\/monatglobal.com\/ca\/color-pop-tour\/?lang=fr#listItem","position":2,"name":"Color Pop Tour","previousItem":{"@type":"ListItem","@id":"https:\/\/monatglobal.com\/ca#listItem","name":"Home"}}]},{"@type":"Organization","@id":"https:\/\/monatglobal.com\/ca\/#organization","name":"Monat Canada English","description":"We Are Modern Nature","url":"https:\/\/monatglobal.com\/ca\/"},{"@type":"WebPage","@id":"https:\/\/monatglobal.com\/ca\/color-pop-tour\/?lang=fr#webpage","url":"https:\/\/monatglobal.com\/ca\/color-pop-tour\/?lang=fr","name":"Color Pop Tour - Monat Canada Fran\u00e7ais","description":"Tombez en amour pendant un \u00e9v\u00e8nement MONAT Colour Pop! De septembre \u00e0 octobre 2023 Venez voir, toucher, essayer et tomber en amour avec le maquillage soin MONAT","inLanguage":"en-US","isPartOf":{"@id":"https:\/\/monatglobal.com\/ca\/#website"},"breadcrumb":{"@id":"https:\/\/monatglobal.com\/ca\/color-pop-tour\/?lang=fr#breadcrumblist"},"datePublished":"2023-09-15T08:01:52-04:00","dateModified":"2024-01-08T12:53:09-05:00"},{"@type":"WebSite","@id":"https:\/\/monatglobal.com\/ca\/#website","url":"https:\/\/monatglobal.com\/ca\/","name":"Monat Canada English","description":"We Are Modern Nature","inLanguage":"en-US","publisher":{"@id":"https:\/\/monatglobal.com\/ca\/#organization"}}]},"og:locale":"en_US","og:site_name":"Monat Canada English - We Are Modern Nature","og:type":"article","og:title":"Color Pop Tour - Monat Canada Fran\u00e7ais","og:description":"Tombez en amour pendant un \u00e9v\u00e8nement MONAT Colour Pop! De septembre \u00e0 octobre 2023 Venez voir, toucher, essayer et tomber en amour avec le maquillage soin MONAT","og:url":"https:\/\/monatglobal.com\/ca\/color-pop-tour\/?lang=fr","article:published_time":"2023-09-15T12:01:52+00:00","article:modified_time":"2024-01-08T17:53:09+00:00","twitter:card":"summary_large_image","twitter:title":"Color Pop Tour - Monat Canada Fran\u00e7ais","twitter:description":"Tombez en amour pendant un \u00e9v\u00e8nement MONAT Colour Pop! De septembre \u00e0 octobre 2023 Venez voir, toucher, essayer et tomber en amour avec le maquillage soin MONAT"},"aioseo_meta_data":{"post_id":"84105","title":"#post_title #separator_sa Monat Canada Fran\u00e7ais","description":"Tombez en amour pendant un \u00e9v\u00e8nement MONAT Colour Pop! De septembre \u00e0 octobre 2023 Venez voir, toucher, essayer et tomber en amour avec le maquillage soin MONAT","keywords":[],"keyphrases":{"focus":{"keyphrase":"","score":0,"analysis":{"keyphraseInTitle":{"score":0,"maxScore":9,"error":1}}},"additional":[]},"primary_term":null,"canonical_url":null,"og_title":null,"og_description":null,"og_object_type":"default","og_image_type":"default","og_image_url":null,"og_image_width":null,"og_image_height":null,"og_image_custom_url":null,"og_image_custom_fields":null,"og_video":"","og_custom_url":null,"og_article_section":null,"og_article_tags":[],"twitter_use_og":false,"twitter_card":"default","twitter_image_type":"default","twitter_image_url":null,"twitter_image_custom_url":null,"twitter_image_custom_fields":null,"twitter_title":null,"twitter_description":null,"schema":{"blockGraphs":[],"customGraphs":[],"default":{"data":{"Article":[],"Course":[],"Dataset":[],"FAQPage":[],"Movie":[],"Person":[],"Product":[],"ProductReview":[],"Car":[],"Recipe":[],"Service":[],"SoftwareApplication":[],"WebPage":[]},"graphName":"WebPage","isEnabled":true},"graphs":[]},"schema_type":"default","schema_type_options":null,"pillar_content":false,"robots_default":true,"robots_noindex":false,"robots_noarchive":false,"robots_nosnippet":false,"robots_nofollow":false,"robots_noimageindex":false,"robots_noodp":false,"robots_notranslate":false,"robots_max_snippet":"-1","robots_max_videopreview":"-1","robots_max_imagepreview":"large","priority":null,"frequency":"default","local_seo":null,"seo_analyzer_scan_date":"2026-02-10 20:55:40","limit_modified_date":false,"reviewed_by":null,"open_ai":null,"ai":null,"created":"2023-09-12 06:37:03","updated":"2026-02-10 20:55:40"},"aioseo_breadcrumb":"<div class=\"aioseo-breadcrumbs\"><span class=\"aioseo-breadcrumb\">\n\t<a href=\"https:\/\/monatglobal.com\/ca\" title=\"Home\">Home<\/a>\n<\/span><span class=\"aioseo-breadcrumb-separator\">&raquo;<\/span><span class=\"aioseo-breadcrumb\">\n\tColor Pop Tour\n<\/span><\/div>","aioseo_breadcrumb_json":[{"label":"Home","link":"https:\/\/monatglobal.com\/ca"},{"label":"Color Pop Tour","link":"https:\/\/monatglobal.com\/ca\/color-pop-tour\/?lang=fr"}],"_links":{"self":[{"href":"https:\/\/monatglobal.com\/ca\/wp-json\/wp\/v2\/pages\/84105","targetHints":{"allow":["GET"]}}],"collection":[{"href":"https:\/\/monatglobal.com\/ca\/wp-json\/wp\/v2\/pages"}],"about":[{"href":"https:\/\/monatglobal.com\/ca\/wp-json\/wp\/v2\/types\/page"}],"author":[{"embeddable":true,"href":"https:\/\/monatglobal.com\/ca\/wp-json\/wp\/v2\/users\/34"}],"replies":[{"embeddable":true,"href":"https:\/\/monatglobal.com\/ca\/wp-json\/wp\/v2\/comments?post=84105"}],"version-history":[{"count":7,"href":"https:\/\/monatglobal.com\/ca\/wp-json\/wp\/v2\/pages\/84105\/revisions"}],"predecessor-version":[{"id":87586,"href":"https:\/\/monatglobal.com\/ca\/wp-json\/wp\/v2\/pages\/84105\/revisions\/87586"}],"wp:attachment":[{"href":"https:\/\/monatglobal.com\/ca\/wp-json\/wp\/v2\/media?parent=84105"}],"wp:term":[{"taxonomy":"category","embeddable":true,"href":"https:\/\/monatglobal.com\/ca\/wp-json\/wp\/v2\/categories?post=84105"},{"taxonomy":"post_tag","embeddable":true,"href":"https:\/\/monatglobal.com\/ca\/wp-json\/wp\/v2\/tags?post=84105"}],"curies":[{"name":"wp","href":"https:\/\/api.w.org\/{rel}","templated":true}]}}