{"id":83761,"date":"2023-09-08T14:45:00","date_gmt":"2023-09-08T18:45:00","guid":{"rendered":"https:\/\/monatglobal.com\/ca\/?page_id=83761"},"modified":"2023-11-02T16:04:04","modified_gmt":"2023-11-02T20:04:04","slug":"directors-circle","status":"publish","type":"page","link":"https:\/\/monatglobal.com\/ca\/directors-circle\/?lang=fr","title":{"rendered":"Director&#8217;s Circle 24"},"content":{"rendered":"\n\n\t<section id=\"bannerSec\">\n        <img decoding=\"async\" src=\"\" alt=\"\"\/>\n        <img decoding=\"async\" id=\"dc_icon\" src=\"https:\/\/monatglobal.com\/wp-content\/uploads\/2023\/08\/directors-circle-logo.svg\" alt=\"\"\/>\n        <h1 id=\"banner_h1\">O\u00d9 LA VISION SE <br \/>TRANSFORME EN ACTION<\/h1>\n        <p>EDEN ROC AND NOBU HOTEL<\/p>\n<\/section>\n<section id=\"sec1\"> \n        <img decoding=\"async\" src=\"https:\/\/monatglobal.com\/wp-content\/uploads\/2023\/08\/circle-purple-directors.svg\" alt=\"\"\/>\n        <p>Miami, Floride <br \/> Du 8 au 11 janvier 2024<\/p>\n            <p>BOUCLEZ LA BOUCLE DE VOTRE PARCOURS DE LEADER&nbsp;MONAT<\/p>\n            <h2>Suivez une formation exclusive offerte par des leaders de haut niveau et des&nbsp;cadres.<\/h2>\n            <p>Obtenez de pr\u00e9cieux conseils pour aligner vos objectifs et maximiser le potentiel de votre entreprise&nbsp;MONAT.<\/p>\n            <p>Le Cercle des directeurs 2024 est un \u00e9v\u00e8nement sur invitation seulement pour les personnes au titre de carri\u00e8re de&nbsp;directeur.<\/p> \n                <h2 id=\"GR_ribbon\">PR\u00c9PAREZ<br \/>-VOUS!<\/h2>\n                <img decoding=\"async\" src=\"https:\/\/monatglobal.com\/wp-content\/uploads\/2023\/08\/directors_circle_photo.png\" alt=\"\"\/>\n                <p>CANALISEZ VOS CONNAISSANCES<\/p>\n                <h2>Discutez des<br \/> principaux sujets en<br \/> plus de d\u00e9tail pendant nos tables&nbsp;rondes.<\/h2>\n                <p>Approfondissez vos connaissances pratiques pendant des sessions portant sur des sujets pr\u00e9cis et renforcez la sant\u00e9 g\u00e9n\u00e9rale de votre&nbsp;entreprise.<\/p>\n<\/section>\n<section id=\"SED_sec\">\n            <h2>Session exclusive <br \/>pour les directeurs<br \/> ex\u00e9cutifs s\u00e9niors.<\/h2>\n            <p>Les directeurs ex\u00e9cutifs s\u00e9niors auront l&#8217;occasion d&#8217;assister \u00e0 un colloque exclusif pour discuter directement avec les cadres et recevoir des informations sp\u00e9cifiques qui les aideront \u00e0 naviguer le changement et \u00e0 mettre en \u0153uvre de nouveaux&nbsp;programmes.<\/p>\n        <img decoding=\"async\" id=\"SED_img_absolute\" src=\"https:\/\/monatglobal.com\/wp-content\/uploads\/2023\/08\/circle-grey-directors.svg\" alt=\"\"\/> \n    <img decoding=\"async\" src=\"https:\/\/monatglobal.com\/wp-content\/uploads\/2023\/08\/EJR05068-scaled.jpg\" alt=\"\"\/>\n<\/section>\n<section id=\"sec3\">\n    <img decoding=\"async\" id=\"seashell\" src=\"https:\/\/monatglobal.com\/wp-content\/uploads\/2023\/08\/seashell-2-directors.svg\" alt=\"\"\/>\n    <img decoding=\"async\" id=\"jellyfish\" src=\"https:\/\/monatglobal.com\/wp-content\/uploads\/2023\/08\/jellyfish-directors.svg\" alt=\"\"\/>\n            <img decoding=\"async\" id=\"qualification_icon\" src=\"https:\/\/monatglobal.com\/wp-content\/uploads\/2023\/08\/fish.svg\" alt=\"\"\/>\n            <h2 id=\"qualification_title\">P\u00c9RIODE DE QUALIFICATION Du 1er septembre au 31 d\u00e9cembre 2023<\/h2>\n            <p>Les personnes au titre de carri\u00e8re de DEA, DE ou DES en date du 1er septembre 2023 et les partenaires de march\u00e9 qui atteignent le rang de DEA ou plus haut d&#8217;ici le 31 d\u00e9cembre 2023 sont&nbsp;admissibles.<\/p>\n            <h2>CRIT\u00c8RES DE QUALIFICATION<\/h2> \n                <p>NIVEAU 1<\/p>\n                <p>(Comprend 3 nuits \u00e0 l&#8217;h\u00f4tel)<\/p>\n                <hr \/>\n                <p>Ceux au titre de carri\u00e8re de directeur en date du 1er septembre 2023 et les partenaires de march\u00e9 qui ont d\u00e9j\u00e0 eu le titre de carri\u00e8re de directeur&nbsp;:<\/p>\n                <p>Vous devez \u00eatre pay\u00e9 en tant que DEA ou plus haut 1 mois sur 4 pendant la p\u00e9riode de qualification et b\u00e2tir un&nbsp;bloc. <\/p>\n                    <p>NIVEAU 2<\/p>\n                    <p>(Comprend 3 nuits \u00e0 l&#8217;h\u00f4tel + billet d&#8217;avion aller-retour)<\/p>\n                    <hr \/>\n                    <p>Ceux au titre de carri\u00e8re de directeur en date du 1er septembre 2023 et les partenaires de march\u00e9 qui ont d\u00e9j\u00e0 eu le titre de carri\u00e8re de directeur&nbsp;:<\/p>\n                    <p>Vous devez \u00eatre pay\u00e9 en tant que DEA ou plus haut 1 mois sur 4 pendant la p\u00e9riode de qualification, b\u00e2tir un bloc ET promouvoir 2 nouveau BMG que vous avez personnellement&nbsp;parrain\u00e9s.<\/p>\n                    <p>Nouveaux directeurs d&#8217;ici le 31 d\u00e9cembre 2023<\/p>\n                    <p>Vous devez \u00eatre un nouveau directeur ou atteindre un rang de directeur pour la premi\u00e8re fois pendant la p\u00e9riode de qualification et b\u00e2tir un&nbsp;bloc.<\/p>\n                <p>*Les VIP inscrits pour former votre bloc doivent avoir une commande Flexship active jusqu&#8217;au 15e jour du mois suivant leur mois&nbsp;d&#8217;inscription.<\/p>\n                <p>**Les partenaires de march\u00e9 inscrits pour former votre bloc doivent s&#8217;inscrire avec un ensemble de produits. S&#8217;ils se sont inscrits au Canada sans frais, ils doivent g\u00e9n\u00e9rer un VP de 200 dans les 30 jours suivant leur inscription et pendant la p\u00e9riode de qualification pour le Cercle des&nbsp;directeurs. <\/p>\n        <img decoding=\"async\" src=\"https:\/\/monatglobal.com\/wp-content\/uploads\/2023\/08\/coral.svg\" alt=\"\"\/>\n        <h2>Qu&#8217;est-ce qui est inclus dans le Cercle des directeurs MONAT&nbsp;2024?<\/h2>\n                <p>NIVEAU 1<\/p>\n                <ul>\n                    <li>Du temps de r\u00e9seautage avec les plus grands <br \/> leaders MONAT.<\/li>\n                    <li>Des prix sp\u00e9ciaux et un \u00e9v\u00e8nement de reconnaissance.<\/li>\n                    <li>Un aper\u00e7u exclusif des plans pour 2024.<\/li>\n                    <li>3 nuits \u00e0 l&#8217;h\u00f4tel.<\/li>  \n                    <li>L&#8217;option d&#8217;amener votre conjoint<br \/> (des co\u00fbts et des conditions s&#8217;appliquent).<\/li>\n                <\/ul>\n                <p>NIVEAU 2<\/p>\n                <ul>\n                    <li>Du temps de r\u00e9seautage avec les plus grands<br \/> leaders MONAT.<\/li>\n                    <li>Des prix sp\u00e9ciaux et un \u00e9v\u00e8nement de reconnaissance.<\/li>\n                    <li>Un aper\u00e7u exclusif des plans pour 2024.<\/li>\n                    <li>3 nuits \u00e0 l&#8217;h\u00f4tel.<\/li> \n                    <li>Un billet d&#8217;avion aller-retour \u00e0 l&#8217;a\u00e9roport international de Miami.<\/li>\n                    <li>L&#8217;option d&#8217;amener votre conjoint<br \/> (des co\u00fbts et des conditions s&#8217;appliquent).<\/li>\n                <\/ul>\n            <a id=\"faq_btn\" href=\"https:\/\/monatglobal.com\/ca\/wp-content\/uploads\/sites\/5\/2023\/09\/CAN_MONATDirectorsCircle2024_FAQ_FR-1.pdf\" target=\"_blank\" rel=\"noopener\">FAQ<\/a>\n            <a id=\"termsAndC\" href=\"https:\/\/monatglobal.com\/ca\/wp-content\/uploads\/sites\/5\/2023\/09\/CAN_MONATDirectorsCircle2024_TermsConditions_FR.pdf\" target=\"_blank\" rel=\"noopener\">\n                <p>Conditions g\u00e9n\u00e9rales<\/p>\n            <\/a>\n        <h2 id=\"hashtag_text\">#monatdirectors<\/h2>\n<\/section>\n\n","protected":false},"excerpt":{"rendered":"<p>O\u00d9 LA VISION SE TRANSFORME EN ACTION EDEN ROC AND NOBU HOTEL Miami, Floride Du 8 au 11 janvier 2024 BOUCLEZ LA BOUCLE DE VOTRE PARCOURS DE LEADER&nbsp;MONAT Suivez une formation exclusive offerte par des leaders de haut niveau et des&nbsp;cadres. Obtenez de pr\u00e9cieux conseils pour aligner vos objectifs et maximiser le potentiel de votre&hellip;<\/p>\n","protected":false},"author":33,"featured_media":83847,"parent":0,"menu_order":0,"comment_status":"closed","ping_status":"closed","template":"","meta":{"inline_featured_image":false,"om_disable_all_campaigns":false,"_monsterinsights_skip_tracking":false,"_monsterinsights_sitenote_active":false,"_monsterinsights_sitenote_note":"","_monsterinsights_sitenote_category":0,"footnotes":""},"categories":[1],"tags":[],"class_list":["post-83761","page","type-page","status-publish","has-post-thumbnail","hentry","category-uncategorized"],"aioseo_notices":[],"aioseo_head":"\n\t\t<!-- All in One SEO Pro 4.9.5.2 - aioseo.com -->\n\t<meta name=\"description\" content=\"O\u00d9 LA VISION SE TRANSFORME EN ACTION EDEN ROC AND NOBU HOTEL Miami, Floride Du 8 au 11 janvier 2024 BOUCLEZ LA BOUCLE DE VOTRE PARCOURS DE LEADER MONAT Suivez une formation exclusive offerte par des leaders de haut niveau et des cadres. Obtenez de pr\u00e9cieux conseils pour aligner vos objectifs et maximiser le potentiel de votre\" \/>\n\t<meta name=\"robots\" content=\"max-image-preview:large\" \/>\n\t<link rel=\"canonical\" href=\"https:\/\/monatglobal.com\/ca\/directors-circle\/?lang=fr\" \/>\n\t<meta name=\"generator\" content=\"All in One SEO Pro (AIOSEO) 4.9.5.2\" \/>\n\t\t<meta property=\"og:locale\" content=\"en_US\" \/>\n\t\t<meta property=\"og:site_name\" content=\"Monat Canada English - We Are Modern Nature\" \/>\n\t\t<meta property=\"og:type\" content=\"article\" \/>\n\t\t<meta property=\"og:title\" content=\"Director\u2019s Circle 24 - Monat Canada English\" \/>\n\t\t<meta property=\"og:description\" content=\"O\u00d9 LA VISION SE TRANSFORME EN ACTION EDEN ROC AND NOBU HOTEL Miami, Floride Du 8 au 11 janvier 2024 BOUCLEZ LA BOUCLE DE VOTRE PARCOURS DE LEADER MONAT Suivez une formation exclusive offerte par des leaders de haut niveau et des cadres. Obtenez de pr\u00e9cieux conseils pour aligner vos objectifs et maximiser le potentiel de votre\" \/>\n\t\t<meta property=\"og:url\" content=\"https:\/\/monatglobal.com\/ca\/directors-circle\/?lang=fr\" \/>\n\t\t<meta property=\"article:published_time\" content=\"2023-09-08T18:45:00+00:00\" \/>\n\t\t<meta property=\"article:modified_time\" content=\"2023-11-02T20:04:04+00:00\" \/>\n\t\t<meta name=\"twitter:card\" content=\"summary_large_image\" \/>\n\t\t<meta name=\"twitter:title\" content=\"Director\u2019s Circle 24 - Monat Canada English\" \/>\n\t\t<meta name=\"twitter:description\" content=\"O\u00d9 LA VISION SE TRANSFORME EN ACTION EDEN ROC AND NOBU HOTEL Miami, Floride Du 8 au 11 janvier 2024 BOUCLEZ LA BOUCLE DE VOTRE PARCOURS DE LEADER MONAT Suivez une formation exclusive offerte par des leaders de haut niveau et des cadres. Obtenez de pr\u00e9cieux conseils pour aligner vos objectifs et maximiser le potentiel de votre\" \/>\n\t\t<script type=\"application\/ld+json\" class=\"aioseo-schema\">\n\t\t\t{\"@context\":\"https:\\\/\\\/schema.org\",\"@graph\":[{\"@type\":\"BreadcrumbList\",\"@id\":\"https:\\\/\\\/monatglobal.com\\\/ca\\\/directors-circle\\\/?lang=fr#breadcrumblist\",\"itemListElement\":[{\"@type\":\"ListItem\",\"@id\":\"https:\\\/\\\/monatglobal.com\\\/ca#listItem\",\"position\":1,\"name\":\"Home\",\"item\":\"https:\\\/\\\/monatglobal.com\\\/ca\",\"nextItem\":{\"@type\":\"ListItem\",\"@id\":\"https:\\\/\\\/monatglobal.com\\\/ca\\\/directors-circle\\\/?lang=fr#listItem\",\"name\":\"Director&#8217;s Circle 24\"}},{\"@type\":\"ListItem\",\"@id\":\"https:\\\/\\\/monatglobal.com\\\/ca\\\/directors-circle\\\/?lang=fr#listItem\",\"position\":2,\"name\":\"Director&#8217;s Circle 24\",\"previousItem\":{\"@type\":\"ListItem\",\"@id\":\"https:\\\/\\\/monatglobal.com\\\/ca#listItem\",\"name\":\"Home\"}}]},{\"@type\":\"Organization\",\"@id\":\"https:\\\/\\\/monatglobal.com\\\/ca\\\/#organization\",\"name\":\"Monat Canada English\",\"description\":\"We Are Modern Nature\",\"url\":\"https:\\\/\\\/monatglobal.com\\\/ca\\\/\"},{\"@type\":\"WebPage\",\"@id\":\"https:\\\/\\\/monatglobal.com\\\/ca\\\/directors-circle\\\/?lang=fr#webpage\",\"url\":\"https:\\\/\\\/monatglobal.com\\\/ca\\\/directors-circle\\\/?lang=fr\",\"name\":\"Director\\u2019s Circle 24 - Monat Canada English\",\"description\":\"O\\u00d9 LA VISION SE TRANSFORME EN ACTION EDEN ROC AND NOBU HOTEL Miami, Floride Du 8 au 11 janvier 2024 BOUCLEZ LA BOUCLE DE VOTRE PARCOURS DE LEADER MONAT Suivez une formation exclusive offerte par des leaders de haut niveau et des cadres. Obtenez de pr\\u00e9cieux conseils pour aligner vos objectifs et maximiser le potentiel de votre\",\"inLanguage\":\"en-US\",\"isPartOf\":{\"@id\":\"https:\\\/\\\/monatglobal.com\\\/ca\\\/#website\"},\"breadcrumb\":{\"@id\":\"https:\\\/\\\/monatglobal.com\\\/ca\\\/directors-circle\\\/?lang=fr#breadcrumblist\"},\"image\":{\"@type\":\"ImageObject\",\"url\":\"https:\\\/\\\/monatglobal.com\\\/ca\\\/wp-content\\\/uploads\\\/sites\\\/5\\\/2023\\\/09\\\/dcircle-thumb.jpg\",\"@id\":\"https:\\\/\\\/monatglobal.com\\\/ca\\\/directors-circle\\\/?lang=fr\\\/#mainImage\",\"width\":600,\"height\":400},\"primaryImageOfPage\":{\"@id\":\"https:\\\/\\\/monatglobal.com\\\/ca\\\/directors-circle\\\/?lang=fr#mainImage\"},\"datePublished\":\"2023-09-08T14:45:00-04:00\",\"dateModified\":\"2023-11-02T16:04:04-04:00\"},{\"@type\":\"WebSite\",\"@id\":\"https:\\\/\\\/monatglobal.com\\\/ca\\\/#website\",\"url\":\"https:\\\/\\\/monatglobal.com\\\/ca\\\/\",\"name\":\"Monat Canada English\",\"description\":\"We Are Modern Nature\",\"inLanguage\":\"en-US\",\"publisher\":{\"@id\":\"https:\\\/\\\/monatglobal.com\\\/ca\\\/#organization\"}}]}\n\t\t<\/script>\n\t\t<!-- All in One SEO Pro -->\r\n\t\t<title>Director\u2019s Circle 24 - Monat Canada English<\/title>\n\n","aioseo_head_json":{"title":"Director\u2019s Circle 24 - Monat Canada English","description":"O\u00d9 LA VISION SE TRANSFORME EN ACTION EDEN ROC AND NOBU HOTEL Miami, Floride Du 8 au 11 janvier 2024 BOUCLEZ LA BOUCLE DE VOTRE PARCOURS DE LEADER MONAT Suivez une formation exclusive offerte par des leaders de haut niveau et des cadres. Obtenez de pr\u00e9cieux conseils pour aligner vos objectifs et maximiser le potentiel de votre","canonical_url":"https:\/\/monatglobal.com\/ca\/directors-circle\/?lang=fr","robots":"max-image-preview:large","keywords":"","webmasterTools":{"miscellaneous":""},"schema":{"@context":"https:\/\/schema.org","@graph":[{"@type":"BreadcrumbList","@id":"https:\/\/monatglobal.com\/ca\/directors-circle\/?lang=fr#breadcrumblist","itemListElement":[{"@type":"ListItem","@id":"https:\/\/monatglobal.com\/ca#listItem","position":1,"name":"Home","item":"https:\/\/monatglobal.com\/ca","nextItem":{"@type":"ListItem","@id":"https:\/\/monatglobal.com\/ca\/directors-circle\/?lang=fr#listItem","name":"Director&#8217;s Circle 24"}},{"@type":"ListItem","@id":"https:\/\/monatglobal.com\/ca\/directors-circle\/?lang=fr#listItem","position":2,"name":"Director&#8217;s Circle 24","previousItem":{"@type":"ListItem","@id":"https:\/\/monatglobal.com\/ca#listItem","name":"Home"}}]},{"@type":"Organization","@id":"https:\/\/monatglobal.com\/ca\/#organization","name":"Monat Canada English","description":"We Are Modern Nature","url":"https:\/\/monatglobal.com\/ca\/"},{"@type":"WebPage","@id":"https:\/\/monatglobal.com\/ca\/directors-circle\/?lang=fr#webpage","url":"https:\/\/monatglobal.com\/ca\/directors-circle\/?lang=fr","name":"Director\u2019s Circle 24 - Monat Canada English","description":"O\u00d9 LA VISION SE TRANSFORME EN ACTION EDEN ROC AND NOBU HOTEL Miami, Floride Du 8 au 11 janvier 2024 BOUCLEZ LA BOUCLE DE VOTRE PARCOURS DE LEADER MONAT Suivez une formation exclusive offerte par des leaders de haut niveau et des cadres. Obtenez de pr\u00e9cieux conseils pour aligner vos objectifs et maximiser le potentiel de votre","inLanguage":"en-US","isPartOf":{"@id":"https:\/\/monatglobal.com\/ca\/#website"},"breadcrumb":{"@id":"https:\/\/monatglobal.com\/ca\/directors-circle\/?lang=fr#breadcrumblist"},"image":{"@type":"ImageObject","url":"https:\/\/monatglobal.com\/ca\/wp-content\/uploads\/sites\/5\/2023\/09\/dcircle-thumb.jpg","@id":"https:\/\/monatglobal.com\/ca\/directors-circle\/?lang=fr\/#mainImage","width":600,"height":400},"primaryImageOfPage":{"@id":"https:\/\/monatglobal.com\/ca\/directors-circle\/?lang=fr#mainImage"},"datePublished":"2023-09-08T14:45:00-04:00","dateModified":"2023-11-02T16:04:04-04:00"},{"@type":"WebSite","@id":"https:\/\/monatglobal.com\/ca\/#website","url":"https:\/\/monatglobal.com\/ca\/","name":"Monat Canada English","description":"We Are Modern Nature","inLanguage":"en-US","publisher":{"@id":"https:\/\/monatglobal.com\/ca\/#organization"}}]},"og:locale":"en_US","og:site_name":"Monat Canada English - We Are Modern Nature","og:type":"article","og:title":"Director\u2019s Circle 24 - Monat Canada English","og:description":"O\u00d9 LA VISION SE TRANSFORME EN ACTION EDEN ROC AND NOBU HOTEL Miami, Floride Du 8 au 11 janvier 2024 BOUCLEZ LA BOUCLE DE VOTRE PARCOURS DE LEADER MONAT Suivez une formation exclusive offerte par des leaders de haut niveau et des cadres. Obtenez de pr\u00e9cieux conseils pour aligner vos objectifs et maximiser le potentiel de votre","og:url":"https:\/\/monatglobal.com\/ca\/directors-circle\/?lang=fr","article:published_time":"2023-09-08T18:45:00+00:00","article:modified_time":"2023-11-02T20:04:04+00:00","twitter:card":"summary_large_image","twitter:title":"Director\u2019s Circle 24 - Monat Canada English","twitter:description":"O\u00d9 LA VISION SE TRANSFORME EN ACTION EDEN ROC AND NOBU HOTEL Miami, Floride Du 8 au 11 janvier 2024 BOUCLEZ LA BOUCLE DE VOTRE PARCOURS DE LEADER MONAT Suivez une formation exclusive offerte par des leaders de haut niveau et des cadres. Obtenez de pr\u00e9cieux conseils pour aligner vos objectifs et maximiser le potentiel de votre"},"aioseo_meta_data":{"post_id":"83761","title":null,"description":null,"keywords":[],"keyphrases":{"focus":{"keyphrase":"","score":0,"analysis":{"keyphraseInTitle":{"score":0,"maxScore":9,"error":1}}},"additional":[]},"primary_term":null,"canonical_url":null,"og_title":null,"og_description":null,"og_object_type":"default","og_image_type":"default","og_image_url":null,"og_image_width":null,"og_image_height":null,"og_image_custom_url":null,"og_image_custom_fields":null,"og_video":"","og_custom_url":null,"og_article_section":null,"og_article_tags":[],"twitter_use_og":false,"twitter_card":"default","twitter_image_type":"default","twitter_image_url":null,"twitter_image_custom_url":null,"twitter_image_custom_fields":null,"twitter_title":null,"twitter_description":null,"schema":{"blockGraphs":[],"customGraphs":[],"default":{"data":{"Article":[],"Course":[],"Dataset":[],"FAQPage":[],"Movie":[],"Person":[],"Product":[],"ProductReview":[],"Car":[],"Recipe":[],"Service":[],"SoftwareApplication":[],"WebPage":[]},"graphName":"WebPage","isEnabled":true},"graphs":[]},"schema_type":"default","schema_type_options":null,"pillar_content":false,"robots_default":true,"robots_noindex":false,"robots_noarchive":false,"robots_nosnippet":false,"robots_nofollow":false,"robots_noimageindex":false,"robots_noodp":false,"robots_notranslate":false,"robots_max_snippet":"-1","robots_max_videopreview":"-1","robots_max_imagepreview":"large","priority":null,"frequency":"default","local_seo":null,"seo_analyzer_scan_date":"2026-02-10 20:53:41","limit_modified_date":false,"reviewed_by":null,"open_ai":null,"ai":null,"created":"2023-09-04 05:26:01","updated":"2026-02-10 20:53:41"},"aioseo_breadcrumb":"<div class=\"aioseo-breadcrumbs\"><span class=\"aioseo-breadcrumb\">\n\t<a href=\"https:\/\/monatglobal.com\/ca\" title=\"Home\">Home<\/a>\n<\/span><span class=\"aioseo-breadcrumb-separator\">&raquo;<\/span><span class=\"aioseo-breadcrumb\">\n\tDirector\u2019s Circle 24\n<\/span><\/div>","aioseo_breadcrumb_json":[{"label":"Home","link":"https:\/\/monatglobal.com\/ca"},{"label":"Director&#8217;s Circle 24","link":"https:\/\/monatglobal.com\/ca\/directors-circle\/?lang=fr"}],"_links":{"self":[{"href":"https:\/\/monatglobal.com\/ca\/wp-json\/wp\/v2\/pages\/83761","targetHints":{"allow":["GET"]}}],"collection":[{"href":"https:\/\/monatglobal.com\/ca\/wp-json\/wp\/v2\/pages"}],"about":[{"href":"https:\/\/monatglobal.com\/ca\/wp-json\/wp\/v2\/types\/page"}],"author":[{"embeddable":true,"href":"https:\/\/monatglobal.com\/ca\/wp-json\/wp\/v2\/users\/33"}],"replies":[{"embeddable":true,"href":"https:\/\/monatglobal.com\/ca\/wp-json\/wp\/v2\/comments?post=83761"}],"version-history":[{"count":10,"href":"https:\/\/monatglobal.com\/ca\/wp-json\/wp\/v2\/pages\/83761\/revisions"}],"predecessor-version":[{"id":84567,"href":"https:\/\/monatglobal.com\/ca\/wp-json\/wp\/v2\/pages\/83761\/revisions\/84567"}],"wp:featuredmedia":[{"embeddable":true,"href":"https:\/\/monatglobal.com\/ca\/wp-json\/wp\/v2\/media\/83847"}],"wp:attachment":[{"href":"https:\/\/monatglobal.com\/ca\/wp-json\/wp\/v2\/media?parent=83761"}],"wp:term":[{"taxonomy":"category","embeddable":true,"href":"https:\/\/monatglobal.com\/ca\/wp-json\/wp\/v2\/categories?post=83761"},{"taxonomy":"post_tag","embeddable":true,"href":"https:\/\/monatglobal.com\/ca\/wp-json\/wp\/v2\/tags?post=83761"}],"curies":[{"name":"wp","href":"https:\/\/api.w.org\/{rel}","templated":true}]}}